{"id":1073,"date":"2017-07-27T09:28:14","date_gmt":"2017-07-27T08:28:14","guid":{"rendered":"http:\/\/annexedutraindevie.com\/?page_id=1073"},"modified":"2017-09-20T11:00:08","modified_gmt":"2017-09-20T10:00:08","slug":"saison-automne-2017","status":"publish","type":"page","link":"https:\/\/annexeromainville.com\/index.php\/saison-automne-2017\/","title":{"rendered":"Saison Automne 2017"},"content":{"rendered":"<div id=\"pl-1073\"  class=\"panel-layout\" ><div id=\"pg-1073-0\"  class=\"panel-grid panel-no-style\" ><div id=\"pgc-1073-0-0\"  class=\"panel-grid-cell\" ><div id=\"panel-1073-0-0-0\" class=\"so-panel widget widget_sow-image panel-first-child panel-last-child\" data-index=\"0\" ><div\n\t\t\t\n\t\t\tclass=\"so-widget-sow-image so-widget-sow-image-default-8b5b6f678277-1073\"\n\t\t\t\n\t\t>\n<div class=\"sow-image-container\">\n\t\t<img \n\tsrc=\"https:\/\/annexeromainville.com\/wp-content\/uploads\/2017\/07\/Saison-automne-2017.jpg\" width=\"1104\" height=\"312\" srcset=\"https:\/\/annexeromainville.com\/wp-content\/uploads\/2017\/07\/Saison-automne-2017.jpg 1104w, https:\/\/annexeromainville.com\/wp-content\/uploads\/2017\/07\/Saison-automne-2017-300x85.jpg 300w, https:\/\/annexeromainville.com\/wp-content\/uploads\/2017\/07\/Saison-automne-2017-768x217.jpg 768w, https:\/\/annexeromainville.com\/wp-content\/uploads\/2017\/07\/Saison-automne-2017-1024x289.jpg 1024w\" sizes=\"(max-width: 1104px) 100vw, 1104px\" title=\"Saison automne 2017\" alt=\"\" loading=\"lazy\" \t\tclass=\"so-widget-image\"\/>\n\t<\/div>\n\n<\/div><\/div><\/div><\/div><div id=\"pg-1073-1\"  class=\"panel-grid panel-no-style\" ><div id=\"pgc-1073-1-0\"  class=\"panel-grid-cell\" ><div id=\"panel-1073-1-0-0\" class=\"so-panel widget widget_sow-image panel-first-child panel-last-child\" data-index=\"1\" ><div\n\t\t\t\n\t\t\tclass=\"so-widget-sow-image so-widget-sow-image-default-c67d20f9f743-1073\"\n\t\t\t\n\t\t>\n<div class=\"sow-image-container\">\n\t\t\t<a href=\"https:\/\/annexeromainville.com\/index.php\/visage-dargentine-volver\/\"\n\t\t\t\t\t>\n\t\t\t<img \n\tsrc=\"https:\/\/annexeromainville.com\/wp-content\/uploads\/2017\/07\/Visage-affiche-265x300.jpg\" width=\"265\" height=\"300\" srcset=\"https:\/\/annexeromainville.com\/wp-content\/uploads\/2017\/07\/Visage-affiche-265x300.jpg 265w, https:\/\/annexeromainville.com\/wp-content\/uploads\/2017\/07\/Visage-affiche-768x869.jpg 768w, https:\/\/annexeromainville.com\/wp-content\/uploads\/2017\/07\/Visage-affiche-905x1024.jpg 905w, https:\/\/annexeromainville.com\/wp-content\/uploads\/2017\/07\/Visage-affiche.jpg 1244w\" sizes=\"(max-width: 265px) 100vw, 265px\" title=\"Visage d&#039;Argentine \/ Volver\" alt=\"\" loading=\"lazy\" \t\tclass=\"so-widget-image\"\/>\n\t\t\t<\/a><\/div>\n\n<\/div><\/div><\/div><div id=\"pgc-1073-1-1\"  class=\"panel-grid-cell\" ><div id=\"panel-1073-1-1-0\" class=\"so-panel widget widget_sow-image panel-first-child panel-last-child\" data-index=\"2\" ><div\n\t\t\t\n\t\t\tclass=\"so-widget-sow-image so-widget-sow-image-default-c67d20f9f743-1073\"\n\t\t\t\n\t\t>\n<div class=\"sow-image-container\">\n\t\t\t<a href=\"https:\/\/annexeromainville.com\/index.php\/les-tribulations-du-chat-moussik-et-de-son-maitre-nicolas\/\"\n\t\t\t\t\t>\n\t\t\t<img \n\tsrc=\"https:\/\/annexeromainville.com\/wp-content\/uploads\/2017\/07\/affichechat-moussik-265x300.jpg\" width=\"265\" height=\"300\" srcset=\"https:\/\/annexeromainville.com\/wp-content\/uploads\/2017\/07\/affichechat-moussik-265x300.jpg 265w, https:\/\/annexeromainville.com\/wp-content\/uploads\/2017\/07\/affichechat-moussik-768x870.jpg 768w, https:\/\/annexeromainville.com\/wp-content\/uploads\/2017\/07\/affichechat-moussik-904x1024.jpg 904w, https:\/\/annexeromainville.com\/wp-content\/uploads\/2017\/07\/affichechat-moussik.jpg 1243w\" sizes=\"(max-width: 265px) 100vw, 265px\" title=\"Les tribulations du chat Moussik et de son maitre Nicolas\" alt=\"\" loading=\"lazy\" \t\tclass=\"so-widget-image\"\/>\n\t\t\t<\/a><\/div>\n\n<\/div><\/div><\/div><div id=\"pgc-1073-1-2\"  class=\"panel-grid-cell\" ><div id=\"panel-1073-1-2-0\" class=\"so-panel widget widget_sow-image panel-first-child panel-last-child\" data-index=\"3\" ><div\n\t\t\t\n\t\t\tclass=\"so-widget-sow-image so-widget-sow-image-default-c67d20f9f743-1073\"\n\t\t\t\n\t\t>\n<div class=\"sow-image-container\">\n\t\t\t<a href=\"https:\/\/annexeromainville.com\/index.php\/diptyque-sur-leurope-sweet-home-europa-goodbye-europa-lost-words\/\"\n\t\t\t\t\t>\n\t\t\t<img \n\tsrc=\"https:\/\/annexeromainville.com\/wp-content\/uploads\/2017\/07\/goodbye-europa-263x300.jpg\" width=\"263\" height=\"300\" srcset=\"https:\/\/annexeromainville.com\/wp-content\/uploads\/2017\/07\/goodbye-europa-263x300.jpg 263w, https:\/\/annexeromainville.com\/wp-content\/uploads\/2017\/07\/goodbye-europa-768x875.jpg 768w, https:\/\/annexeromainville.com\/wp-content\/uploads\/2017\/07\/goodbye-europa-899x1024.jpg 899w, https:\/\/annexeromainville.com\/wp-content\/uploads\/2017\/07\/goodbye-europa.jpg 1241w\" sizes=\"(max-width: 263px) 100vw, 263px\" title=\"Diptyque sur l&#039;Europe : Goodbye Europa, part 1 \/ Lost Words, Part 2\" alt=\"\" loading=\"lazy\" \t\tclass=\"so-widget-image\"\/>\n\t\t\t<\/a><\/div>\n\n<\/div><\/div><\/div><\/div><div id=\"pg-1073-2\"  class=\"panel-grid panel-no-style\" ><div id=\"pgc-1073-2-0\"  class=\"panel-grid-cell\" ><div id=\"panel-1073-2-0-0\" class=\"so-panel widget widget_sow-editor panel-first-child panel-last-child\" data-index=\"4\" ><div\n\t\t\t\n\t\t\tclass=\"so-widget-sow-editor so-widget-sow-editor-base\"\n\t\t\t\n\t\t>\n<div class=\"siteorigin-widget-tinymce textwidget\">\n\t<p style=\"text-align: center;\">Soir\u00e9e Cabaret Argentin<br \/>\nVendredi 29 septembre 2017 \u00e0 20H<br \/>\nSamedi 30 Septembre 2017 \u00e0 20H<\/p>\n<\/div>\n<\/div><\/div><\/div><div id=\"pgc-1073-2-1\"  class=\"panel-grid-cell\" ><div id=\"panel-1073-2-1-0\" class=\"so-panel widget widget_sow-editor panel-first-child panel-last-child\" data-index=\"5\" ><div\n\t\t\t\n\t\t\tclass=\"so-widget-sow-editor so-widget-sow-editor-base\"\n\t\t\t\n\t\t>\n<div class=\"siteorigin-widget-tinymce textwidget\">\n\t<p style=\"text-align: center;\">&nbsp;Spectacle musical pour enfant<br \/> Samedi 14 octobre 2017 \u00e0 20H<br \/> Dimanche 15 octobre 2017 \u00e0 15H30<\/p>\n<\/div>\n<\/div><\/div><\/div><div id=\"pgc-1073-2-2\"  class=\"panel-grid-cell\" ><div id=\"panel-1073-2-2-0\" class=\"so-panel widget widget_sow-editor panel-first-child panel-last-child\" data-index=\"6\" ><div\n\t\t\t\n\t\t\tclass=\"so-widget-sow-editor so-widget-sow-editor-base\"\n\t\t\t\n\t\t>\n<div class=\"siteorigin-widget-tinymce textwidget\">\n\t<p style=\"text-align: center;\">Diptyque sur l'Europe, Lecture de textes in\u00e9dits<br \/>Partie 1 : <em>Sweet Home Europa<\/em>, Vendredi 10 novembre 2017 \u00e0 19H<br \/> Partie 2 : <em>Goodbye Europa Lost Words<\/em>, Vendredi 15 d\u00e9cembre 2017 \u00e0 19H<\/p>\n<\/div>\n<\/div><\/div><\/div><\/div><div id=\"pg-1073-3\"  class=\"panel-grid panel-no-style\" ><div id=\"pgc-1073-3-0\"  class=\"panel-grid-cell\" ><div id=\"panel-1073-3-0-0\" class=\"so-panel widget widget_sow-image panel-first-child panel-last-child\" data-index=\"7\" ><div\n\t\t\t\n\t\t\tclass=\"so-widget-sow-image so-widget-sow-image-default-c67d20f9f743-1073\"\n\t\t\t\n\t\t>\n<div class=\"sow-image-container\">\n\t\t\t<a href=\"\"\n\t\t\t\t\t>\n\t\t\t<img \n\tsrc=\"https:\/\/annexeromainville.com\/wp-content\/uploads\/2017\/07\/Affiche-Guetrude-1-263x300.jpg\" width=\"263\" height=\"300\" srcset=\"https:\/\/annexeromainville.com\/wp-content\/uploads\/2017\/07\/Affiche-Guetrude-1-263x300.jpg 263w, https:\/\/annexeromainville.com\/wp-content\/uploads\/2017\/07\/Affiche-Guetrude-1-768x875.jpg 768w, https:\/\/annexeromainville.com\/wp-content\/uploads\/2017\/07\/Affiche-Guetrude-1-899x1024.jpg 899w, https:\/\/annexeromainville.com\/wp-content\/uploads\/2017\/07\/Affiche-Guetrude-1.jpg 1238w\" sizes=\"(max-width: 263px) 100vw, 263px\" title=\"Guetrude\" alt=\"\" loading=\"lazy\" \t\tclass=\"so-widget-image\"\/>\n\t\t\t<\/a><\/div>\n\n<\/div><\/div><\/div><div id=\"pgc-1073-3-1\"  class=\"panel-grid-cell\" ><div id=\"panel-1073-3-1-0\" class=\"so-panel widget widget_sow-image panel-first-child panel-last-child\" data-index=\"8\" ><div\n\t\t\t\n\t\t\tclass=\"so-widget-sow-image so-widget-sow-image-default-c67d20f9f743-1073\"\n\t\t\t\n\t\t>\n<div class=\"sow-image-container\">\n\t\t\t<a href=\"https:\/\/annexeromainville.com\/index.php\/une-proposition\/\"\n\t\t\t\t\t>\n\t\t\t<img \n\tsrc=\"https:\/\/annexeromainville.com\/wp-content\/uploads\/2017\/07\/affiche-une-proposition-264x300.jpg\" width=\"264\" height=\"300\" srcset=\"https:\/\/annexeromainville.com\/wp-content\/uploads\/2017\/07\/affiche-une-proposition-264x300.jpg 264w, https:\/\/annexeromainville.com\/wp-content\/uploads\/2017\/07\/affiche-une-proposition-768x874.jpg 768w, https:\/\/annexeromainville.com\/wp-content\/uploads\/2017\/07\/affiche-une-proposition-900x1024.jpg 900w, https:\/\/annexeromainville.com\/wp-content\/uploads\/2017\/07\/affiche-une-proposition.jpg 1239w\" sizes=\"(max-width: 264px) 100vw, 264px\" title=\"Une Proposition\" alt=\"\" loading=\"lazy\" \t\tclass=\"so-widget-image\"\/>\n\t\t\t<\/a><\/div>\n\n<\/div><\/div><\/div><\/div><div id=\"pg-1073-4\"  class=\"panel-grid panel-no-style\" ><div id=\"pgc-1073-4-0\"  class=\"panel-grid-cell\" ><div id=\"panel-1073-4-0-0\" class=\"so-panel widget widget_sow-editor panel-first-child panel-last-child\" data-index=\"9\" ><div\n\t\t\t\n\t\t\tclass=\"so-widget-sow-editor so-widget-sow-editor-base\"\n\t\t\t\n\t\t>\n<div class=\"siteorigin-widget-tinymce textwidget\">\n\t<p style=\"text-align: center;\">Chansons Th\u00e9\u00e2tralis\u00e9<br \/> Vendredi 17 et 24 novembre 2017 \u00e0 20H<br \/> Samedi 18 et 25 novembre 2017 \u00e0 20H<\/p>\n<\/div>\n<\/div><\/div><\/div><div id=\"pgc-1073-4-1\"  class=\"panel-grid-cell\" ><div id=\"panel-1073-4-1-0\" class=\"so-panel widget widget_sow-editor panel-first-child panel-last-child\" data-index=\"10\" ><div\n\t\t\t\n\t\t\tclass=\"so-widget-sow-editor so-widget-sow-editor-base\"\n\t\t\t\n\t\t>\n<div class=\"siteorigin-widget-tinymce textwidget\">\n\t<p style=\"text-align: center;\">Th\u00e9\u00e2tre - Adaptation du film \"Le Limier\"<br \/> Vendredi 8 d\u00e9cembre 2017 \u00e0 21H<br \/> Samedi 9 D\u00e9cembre 2017 \u00e0 21H<\/p>\n<\/div>\n<\/div><\/div><\/div><\/div><div id=\"pg-1073-5\"  class=\"panel-grid panel-no-style\" ><div id=\"pgc-1073-5-0\"  class=\"panel-grid-cell\" ><div id=\"panel-1073-5-0-0\" class=\"so-panel widget widget_sow-image panel-first-child panel-last-child\" data-index=\"11\" ><div\n\t\t\t\n\t\t\tclass=\"so-widget-sow-image so-widget-sow-image-default-a258e6bfa2d8-1073\"\n\t\t\t\n\t\t>\n<div class=\"sow-image-container\">\n\t\t\t<a href=\"http:\/\/annexedutraindevie.com\/wp-content\/uploads\/2017\/07\/Brochure-Automne-17-verso.jpg\"\n\t\t\t\t\t>\n\t\t\t<img \n\tsrc=\"https:\/\/annexeromainville.com\/wp-content\/uploads\/2017\/07\/Brochure-Automne-17-verso.jpg\" width=\"3508\" height=\"2481\" srcset=\"https:\/\/annexeromainville.com\/wp-content\/uploads\/2017\/07\/Brochure-Automne-17-verso.jpg 3508w, https:\/\/annexeromainville.com\/wp-content\/uploads\/2017\/07\/Brochure-Automne-17-verso-300x212.jpg 300w, https:\/\/annexeromainville.com\/wp-content\/uploads\/2017\/07\/Brochure-Automne-17-verso-768x543.jpg 768w, https:\/\/annexeromainville.com\/wp-content\/uploads\/2017\/07\/Brochure-Automne-17-verso-1024x724.jpg 1024w\" sizes=\"(max-width: 3508px) 100vw, 3508px\" title=\"Brochure Automne 17 verso\" alt=\"\" loading=\"lazy\" \t\tclass=\"so-widget-image\"\/>\n\t\t\t<\/a><\/div>\n\n<\/div><\/div><\/div><\/div><div id=\"pg-1073-6\"  class=\"panel-grid panel-no-style\" ><div id=\"pgc-1073-6-0\"  class=\"panel-grid-cell\" ><div id=\"panel-1073-6-0-0\" class=\"so-panel widget widget_sow-image panel-first-child panel-last-child\" data-index=\"12\" ><div\n\t\t\t\n\t\t\tclass=\"so-widget-sow-image so-widget-sow-image-default-c67d20f9f743-1073\"\n\t\t\t\n\t\t>\n<div class=\"sow-image-container\">\n\t\t\t<a href=\"http:\/\/annexedutraindevie.com\/wp-content\/uploads\/2017\/07\/Brochure-Automne-17-recto.jpg\"\n\t\t\t\t\t>\n\t\t\t<img \n\tsrc=\"https:\/\/annexeromainville.com\/wp-content\/uploads\/2017\/07\/Brochure-Automne-17-recto.jpg\" width=\"2347\" height=\"2481\" srcset=\"https:\/\/annexeromainville.com\/wp-content\/uploads\/2017\/07\/Brochure-Automne-17-recto.jpg 2347w, https:\/\/annexeromainville.com\/wp-content\/uploads\/2017\/07\/Brochure-Automne-17-recto-284x300.jpg 284w, https:\/\/annexeromainville.com\/wp-content\/uploads\/2017\/07\/Brochure-Automne-17-recto-768x812.jpg 768w, https:\/\/annexeromainville.com\/wp-content\/uploads\/2017\/07\/Brochure-Automne-17-recto-969x1024.jpg 969w\" sizes=\"(max-width: 2347px) 100vw, 2347px\" title=\"Brochure Automne 17 recto\" alt=\"\" loading=\"lazy\" \t\tclass=\"so-widget-image\"\/>\n\t\t\t<\/a><\/div>\n\n<\/div><\/div><\/div><\/div><\/div>","protected":false},"excerpt":{"rendered":"<p>Soir\u00e9e Cabaret Argentin Vendredi 29 septembre 2017 \u00e0 20H Samedi 30 Septembre 2017 \u00e0 20H &nbsp;Spectacle musical pour enfant Samedi 14 octobre 2017 \u00e0 20H Dimanche 15 octobre 2017 \u00e0<span class=\"read-more-wrap\"><a class=\"moretag\" href=\"https:\/\/annexeromainville.com\/index.php\/saison-automne-2017\/\">Lire la suite<span class=\"screen-reader-text\">Saison Automne 2017<\/span><\/a><\/span><\/p>\n","protected":false},"author":2,"featured_media":0,"parent":0,"menu_order":0,"comment_status":"closed","ping_status":"closed","template":"","meta":{"_bbp_topic_count":0,"_bbp_reply_count":0,"_bbp_total_topic_count":0,"_bbp_total_reply_count":0,"_bbp_voice_count":0,"_bbp_anonymous_reply_count":0,"_bbp_topic_count_hidden":0,"_bbp_reply_count_hidden":0,"_bbp_forum_subforum_count":0,"ngg_post_thumbnail":0},"_links":{"self":[{"href":"https:\/\/annexeromainville.com\/index.php\/wp-json\/wp\/v2\/pages\/1073"}],"collection":[{"href":"https:\/\/annexeromainville.com\/index.php\/wp-json\/wp\/v2\/pages"}],"about":[{"href":"https:\/\/annexeromainville.com\/index.php\/wp-json\/wp\/v2\/types\/page"}],"author":[{"embeddable":true,"href":"https:\/\/annexeromainville.com\/index.php\/wp-json\/wp\/v2\/users\/2"}],"replies":[{"embeddable":true,"href":"https:\/\/annexeromainville.com\/index.php\/wp-json\/wp\/v2\/comments?post=1073"}],"version-history":[{"count":53,"href":"https:\/\/annexeromainville.com\/index.php\/wp-json\/wp\/v2\/pages\/1073\/revisions"}],"predecessor-version":[{"id":1293,"href":"https:\/\/annexeromainville.com\/index.php\/wp-json\/wp\/v2\/pages\/1073\/revisions\/1293"}],"wp:attachment":[{"href":"https:\/\/annexeromainville.com\/index.php\/wp-json\/wp\/v2\/media?parent=1073"}],"curies":[{"name":"wp","href":"https:\/\/api.w.org\/{rel}","templated":true}]}}