{"id":11017,"date":"2025-09-17T11:49:45","date_gmt":"2025-09-17T10:49:45","guid":{"rendered":"https:\/\/annexeromainville.com\/?page_id=11017"},"modified":"2026-03-10T10:40:06","modified_gmt":"2026-03-10T09:40:06","slug":"ravissement","status":"publish","type":"page","link":"https:\/\/annexeromainville.com\/index.php\/ravissement\/","title":{"rendered":"RAVISSEMENT"},"content":{"rendered":"<h2 style=\"text-align: center;\">LECTURE<\/h2>\n<p><a href=\"https:\/\/annexeromainville.com\/wp-content\/uploads\/2024\/11\/OIP.X46U02dBEIw3G5k-V9tGbwHaLJ.jpeg\"><img loading=\"lazy\" class=\"size-medium wp-image-10874 aligncenter\" src=\"https:\/\/annexeromainville.com\/wp-content\/uploads\/2024\/11\/OIP.X46U02dBEIw3G5k-V9tGbwHaLJ-200x300.jpeg\" alt=\"\" width=\"200\" height=\"300\" srcset=\"https:\/\/annexeromainville.com\/wp-content\/uploads\/2024\/11\/OIP.X46U02dBEIw3G5k-V9tGbwHaLJ-200x300.jpeg 200w, https:\/\/annexeromainville.com\/wp-content\/uploads\/2024\/11\/OIP.X46U02dBEIw3G5k-V9tGbwHaLJ.jpeg 374w\" sizes=\"(max-width: 200px) 100vw, 200px\" \/><\/a><\/p>\n<p>&nbsp;<\/p>\n<p>A&nbsp; l&#8217;heure des r\u00e9seaux sociaux, des fake news et de l&#8217;\u00e9co-anxi\u00e9t\u00e9, Celeste et Noah, deux jeunes Britanniques, se rencontrent lors d&#8217;un rendez-vous arrang\u00e9 et tombent tr\u00e8s vite amoureux. D\u00e8s qu&#8217;ils emm\u00e9nagent ensemble, la parano\u00efa s&#8217;installe dans leur quotidien.<\/p>\n<p>&nbsp;<\/p>\n<p><i>Compagnie JETZT<\/i><\/p>\n<p><strong>Autrice : <\/strong>Lucie Kirkwood<\/p>\n<p><strong>Mise en sc\u00e8ne : <\/strong>Deborah Banoun<\/p>\n<p><strong>Distribution : <\/strong>Emilie Chertier, Thomas Badinot, Tiphaine Rabaud Fournier<\/p>\n<p><strong>Traduction&nbsp;: <\/strong>Louise Bartlett<\/p>\n<p>&nbsp;<\/p>\n<p><strong>Dates :<\/strong><\/p>\n<p><strong>20 Mars <\/strong>\u00e0 <strong>17H<\/strong><\/p>\n<p><strong>16 Avril <\/strong>\u00e0 <strong>17H<\/strong><\/p>\n<p><strong>Dur\u00e9e :<\/strong> 1H15<\/p>\n<p>Tout public, \u00c0 partir de 12 ans<\/p>\n<p>&nbsp;<\/p>\n<p><strong>&nbsp;<\/strong><\/p>\n<p>&nbsp;<\/p>\n<p><a href=\"https:\/\/annexeromainville.com\/wp-content\/uploads\/2024\/10\/bandeaux6.png\"><img loading=\"lazy\" class=\"size-medium wp-image-10389 aligncenter\" src=\"https:\/\/annexeromainville.com\/wp-content\/uploads\/2024\/10\/bandeaux6-300x39.png\" alt=\"\" width=\"300\" height=\"39\" srcset=\"https:\/\/annexeromainville.com\/wp-content\/uploads\/2024\/10\/bandeaux6-300x39.png 300w, https:\/\/annexeromainville.com\/wp-content\/uploads\/2024\/10\/bandeaux6-1024x133.png 1024w, https:\/\/annexeromainville.com\/wp-content\/uploads\/2024\/10\/bandeaux6-768x100.png 768w, https:\/\/annexeromainville.com\/wp-content\/uploads\/2024\/10\/bandeaux6-1536x200.png 1536w, https:\/\/annexeromainville.com\/wp-content\/uploads\/2024\/10\/bandeaux6.png 1920w\" sizes=\"(max-width: 300px) 100vw, 300px\" \/><\/a><\/p>\n<p><a href=\"https:\/\/www.helloasso.com\/associations\/jetzt\/evenements\/lecture-publique-ravissement-12-decembre-17h\"><img loading=\"lazy\" class=\"aligncenter wp-image-11214 size-medium\" src=\"https:\/\/annexeromainville.com\/wp-content\/uploads\/2025\/11\/Billeteries_horraires_jours-300x75.png\" alt=\"\" width=\"300\" height=\"75\" srcset=\"https:\/\/annexeromainville.com\/wp-content\/uploads\/2025\/11\/Billeteries_horraires_jours-300x75.png 300w, https:\/\/annexeromainville.com\/wp-content\/uploads\/2025\/11\/Billeteries_horraires_jours-1024x256.png 1024w, https:\/\/annexeromainville.com\/wp-content\/uploads\/2025\/11\/Billeteries_horraires_jours-768x192.png 768w, https:\/\/annexeromainville.com\/wp-content\/uploads\/2025\/11\/Billeteries_horraires_jours-1536x384.png 1536w, https:\/\/annexeromainville.com\/wp-content\/uploads\/2025\/11\/Billeteries_horraires_jours.png 1584w\" sizes=\"(max-width: 300px) 100vw, 300px\" \/><\/a><\/p>\n<p><a href=\"https:\/\/www.helloasso.com\/associations\/jetzt\/evenements\/lecture-publique-ravissement-16-avril-17h?_gl=1%2agk10s5%2a_gcl_au%2aMTMzOTk3MjAwLjE3NTMxMTIwNTUuMTg3NTI3MjA0Mi4xNzU2Mjg5MDU2LjE3NTYyODkwNTY.\"><img loading=\"lazy\" class=\"size-medium wp-image-10876 aligncenter\" src=\"https:\/\/annexeromainville.com\/wp-content\/uploads\/2024\/11\/Billeteries_horraires_jours2-300x75.png\" alt=\"\" width=\"300\" height=\"75\" srcset=\"https:\/\/annexeromainville.com\/wp-content\/uploads\/2024\/11\/Billeteries_horraires_jours2-300x75.png 300w, https:\/\/annexeromainville.com\/wp-content\/uploads\/2024\/11\/Billeteries_horraires_jours2-1024x256.png 1024w, https:\/\/annexeromainville.com\/wp-content\/uploads\/2024\/11\/Billeteries_horraires_jours2-768x192.png 768w, https:\/\/annexeromainville.com\/wp-content\/uploads\/2024\/11\/Billeteries_horraires_jours2-1536x384.png 1536w, https:\/\/annexeromainville.com\/wp-content\/uploads\/2024\/11\/Billeteries_horraires_jours2.png 1584w\" sizes=\"(max-width: 300px) 100vw, 300px\" \/><\/a><\/p>\n","protected":false},"excerpt":{"rendered":"<p>LECTURE &nbsp; A&nbsp; l&#8217;heure des r\u00e9seaux sociaux, des fake news et de l&#8217;\u00e9co-anxi\u00e9t\u00e9, Celeste et Noah, deux jeunes Britanniques, se rencontrent lors d&#8217;un rendez-vous arrang\u00e9 et tombent tr\u00e8s vite amoureux.<span class=\"read-more-wrap\"><a class=\"moretag\" href=\"https:\/\/annexeromainville.com\/index.php\/ravissement\/\">Lire la suite<span class=\"screen-reader-text\">RAVISSEMENT<\/span><\/a><\/span><\/p>\n","protected":false},"author":2,"featured_media":0,"parent":0,"menu_order":0,"comment_status":"closed","ping_status":"closed","template":"","meta":{"_bbp_topic_count":0,"_bbp_reply_count":0,"_bbp_total_topic_count":0,"_bbp_total_reply_count":0,"_bbp_voice_count":0,"_bbp_anonymous_reply_count":0,"_bbp_topic_count_hidden":0,"_bbp_reply_count_hidden":0,"_bbp_forum_subforum_count":0,"ngg_post_thumbnail":0},"_links":{"self":[{"href":"https:\/\/annexeromainville.com\/index.php\/wp-json\/wp\/v2\/pages\/11017"}],"collection":[{"href":"https:\/\/annexeromainville.com\/index.php\/wp-json\/wp\/v2\/pages"}],"about":[{"href":"https:\/\/annexeromainville.com\/index.php\/wp-json\/wp\/v2\/types\/page"}],"author":[{"embeddable":true,"href":"https:\/\/annexeromainville.com\/index.php\/wp-json\/wp\/v2\/users\/2"}],"replies":[{"embeddable":true,"href":"https:\/\/annexeromainville.com\/index.php\/wp-json\/wp\/v2\/comments?post=11017"}],"version-history":[{"count":5,"href":"https:\/\/annexeromainville.com\/index.php\/wp-json\/wp\/v2\/pages\/11017\/revisions"}],"predecessor-version":[{"id":11213,"href":"https:\/\/annexeromainville.com\/index.php\/wp-json\/wp\/v2\/pages\/11017\/revisions\/11213"}],"wp:attachment":[{"href":"https:\/\/annexeromainville.com\/index.php\/wp-json\/wp\/v2\/media?parent=11017"}],"curies":[{"name":"wp","href":"https:\/\/api.w.org\/{rel}","templated":true}]}}