{"id":11020,"date":"2025-09-17T11:57:36","date_gmt":"2025-09-17T10:57:36","guid":{"rendered":"https:\/\/annexeromainville.com\/?page_id=11020"},"modified":"2026-01-06T12:49:36","modified_gmt":"2026-01-06T11:49:36","slug":"aimez-moi","status":"publish","type":"page","link":"https:\/\/annexeromainville.com\/index.php\/aimez-moi\/","title":{"rendered":"AIMEZ-MOI !"},"content":{"rendered":"<h2 style=\"text-align: center;\"><strong>\u00c9TAPES DE TRAVAIL, TH\u00c9\u00c2TRE CONTEMPORAIN<\/strong><\/h2>\n<p><a href=\"https:\/\/annexeromainville.com\/wp-content\/uploads\/2024\/11\/20250603_AIMEZMOI_4217.jpg\"><img loading=\"lazy\" class=\"wp-image-10834 size-medium aligncenter\" src=\"https:\/\/annexeromainville.com\/wp-content\/uploads\/2024\/11\/20250603_AIMEZMOI_4217-203x300.jpg\" alt=\"\" width=\"203\" height=\"300\" srcset=\"https:\/\/annexeromainville.com\/wp-content\/uploads\/2024\/11\/20250603_AIMEZMOI_4217-203x300.jpg 203w, https:\/\/annexeromainville.com\/wp-content\/uploads\/2024\/11\/20250603_AIMEZMOI_4217-693x1024.jpg 693w, https:\/\/annexeromainville.com\/wp-content\/uploads\/2024\/11\/20250603_AIMEZMOI_4217-768x1135.jpg 768w, https:\/\/annexeromainville.com\/wp-content\/uploads\/2024\/11\/20250603_AIMEZMOI_4217.jpg 1015w\" sizes=\"(max-width: 203px) 100vw, 203px\" \/><\/a><\/p>\n<p>&nbsp;<\/p>\n<p>Tristan, jeune homosexuel, attend ses r\u00e9sultats de d\u00e9pistage du VIH dans une salle d&#8217;h\u00f4pital. Entre r\u00e9alit\u00e9 et fiction, il revisite souvenirs, fantasmes et rencontres, marqu\u00e9e par le d\u00e9sir et le manque. Entre night-clubs, fumoirs et appartements d\u00e9sert\u00e9s, les corps se fr\u00f4lent et se consument dans une qu\u00eate d&#8217;amour et de reconnaissance.<\/p>\n<p>&nbsp;<\/p>\n<p><em>Port\u00e9 par une ambiance techno, AIMEZ-MOI ! explore un monde o\u00f9 sexe, drogue et solitude s&#8217;entrelacent \u00e0 l&#8217;\u00e8re des nouvelles technologies.<\/em><\/p>\n<p>&nbsp;<\/p>\n<div class=\"CampaignPresentation Card\" data-testid=\"campaign-presentation\">\n<div class=\"GeneratedContentWrapper\">\n<div class=\"'GeneratedContent\">\n<p><i>Compagnie Les Amours Chiennes<\/i><\/p>\n<p><strong>Auteur : <\/strong>Johannes Colin<\/p>\n<p><strong>Metteuse en sc\u00e8ne :<\/strong> Clara Zammit<\/p>\n<p><strong>Avec :<\/strong>Louis Marsala \/ Arman Chartol \/ Or\u00e9ade Gagneux \/ Thomas Pasquet \/ Charles Cadudal \/ Yann Baptis<\/p>\n<p><strong>Cr\u00e9ation Musicale :<\/strong> F\u00e9lix Perez<\/p>\n<p><strong>Cr\u00e9ation Lumi\u00e8re :<\/strong> Sacha Patel<\/p>\n<p><strong>Partenaires :<\/strong> L&#8217;Annexe \/ Mains d&#8217;\u0152uvres \/ le Positif Festival \/ Aides-37 CAARUD \/ le Shakirail \/ Le Cinq (104)<\/p>\n<\/div>\n<\/div>\n<\/div>\n<p>&nbsp;<\/p>\n<p><strong>Dates :<\/strong><\/p>\n<p><strong>9 janvier <\/strong>\u00e0 <strong>15 h et 19h<\/strong><\/p>\n<p><strong>Dur\u00e9e :<\/strong> 45 minutes<\/p>\n<p>Public averti, \u00c0 partir de 16 ans&nbsp;<\/p>\n<p>&nbsp;<\/p>\n<p>&nbsp;<\/p>\n<p>&nbsp;<\/p>\n<p><a href=\"https:\/\/annexeromainville.com\/wp-content\/uploads\/2024\/10\/bandeaux6.png\"><img loading=\"lazy\" class=\"size-medium wp-image-10389 aligncenter\" src=\"https:\/\/annexeromainville.com\/wp-content\/uploads\/2024\/10\/bandeaux6-300x39.png\" alt=\"\" width=\"300\" height=\"39\" srcset=\"https:\/\/annexeromainville.com\/wp-content\/uploads\/2024\/10\/bandeaux6-300x39.png 300w, https:\/\/annexeromainville.com\/wp-content\/uploads\/2024\/10\/bandeaux6-1024x133.png 1024w, https:\/\/annexeromainville.com\/wp-content\/uploads\/2024\/10\/bandeaux6-768x100.png 768w, https:\/\/annexeromainville.com\/wp-content\/uploads\/2024\/10\/bandeaux6-1536x200.png 1536w, https:\/\/annexeromainville.com\/wp-content\/uploads\/2024\/10\/bandeaux6.png 1920w\" sizes=\"(max-width: 300px) 100vw, 300px\" \/><\/a><\/p>\n<p>&nbsp;<\/p>\n<p><a href=\"https:\/\/www.helloasso.com\/associations\/jetzt\/evenements\/spectacle-en-cours-de-creation-aimez-moi-9-janvier-15h?_gl=1%2a13tw2vs%2a_gcl_au%2aMTMzOTk3MjAwLjE3NTMxMTIwNTU.\" target=\"_blank\" rel=\"noopener\"><img loading=\"lazy\" class=\"size-medium wp-image-10835 aligncenter\" src=\"https:\/\/annexeromainville.com\/wp-content\/uploads\/2024\/11\/6-300x75.png\" alt=\"\" width=\"300\" height=\"75\" srcset=\"https:\/\/annexeromainville.com\/wp-content\/uploads\/2024\/11\/6-300x75.png 300w, https:\/\/annexeromainville.com\/wp-content\/uploads\/2024\/11\/6-1024x256.png 1024w, https:\/\/annexeromainville.com\/wp-content\/uploads\/2024\/11\/6-768x192.png 768w, https:\/\/annexeromainville.com\/wp-content\/uploads\/2024\/11\/6-1536x384.png 1536w, https:\/\/annexeromainville.com\/wp-content\/uploads\/2024\/11\/6.png 1584w\" sizes=\"(max-width: 300px) 100vw, 300px\" \/><\/a><\/p>\n<p><a href=\"https:\/\/www.helloasso.com\/associations\/jetzt\/evenements\/spectacle-en-cours-de-creation-aimez-moi-9-janvier-19h?_gl=1%2a1hxr6rj%2a_gcl_au%2aMTMzOTk3MjAwLjE3NTMxMTIwNTU.\" target=\"_blank\" rel=\"noopener\"><img loading=\"lazy\" class=\"size-medium wp-image-10836 aligncenter\" src=\"https:\/\/annexeromainville.com\/wp-content\/uploads\/2024\/11\/7-300x75.png\" alt=\"\" width=\"300\" height=\"75\" srcset=\"https:\/\/annexeromainville.com\/wp-content\/uploads\/2024\/11\/7-300x75.png 300w, https:\/\/annexeromainville.com\/wp-content\/uploads\/2024\/11\/7-1024x256.png 1024w, https:\/\/annexeromainville.com\/wp-content\/uploads\/2024\/11\/7-768x192.png 768w, https:\/\/annexeromainville.com\/wp-content\/uploads\/2024\/11\/7-1536x384.png 1536w, https:\/\/annexeromainville.com\/wp-content\/uploads\/2024\/11\/7.png 1584w\" sizes=\"(max-width: 300px) 100vw, 300px\" \/><\/a><\/p>\n<p>&nbsp;<\/p>\n","protected":false},"excerpt":{"rendered":"<p>\u00c9TAPES DE TRAVAIL, TH\u00c9\u00c2TRE CONTEMPORAIN &nbsp; Tristan, jeune homosexuel, attend ses r\u00e9sultats de d\u00e9pistage du VIH dans une salle d&#8217;h\u00f4pital. Entre r\u00e9alit\u00e9 et fiction, il revisite souvenirs, fantasmes et rencontres,<span class=\"read-more-wrap\"><a class=\"moretag\" href=\"https:\/\/annexeromainville.com\/index.php\/aimez-moi\/\">Lire la suite<span class=\"screen-reader-text\">AIMEZ-MOI !<\/span><\/a><\/span><\/p>\n","protected":false},"author":2,"featured_media":0,"parent":0,"menu_order":0,"comment_status":"closed","ping_status":"closed","template":"","meta":{"_bbp_topic_count":0,"_bbp_reply_count":0,"_bbp_total_topic_count":0,"_bbp_total_reply_count":0,"_bbp_voice_count":0,"_bbp_anonymous_reply_count":0,"_bbp_topic_count_hidden":0,"_bbp_reply_count_hidden":0,"_bbp_forum_subforum_count":0,"ngg_post_thumbnail":0},"_links":{"self":[{"href":"https:\/\/annexeromainville.com\/index.php\/wp-json\/wp\/v2\/pages\/11020"}],"collection":[{"href":"https:\/\/annexeromainville.com\/index.php\/wp-json\/wp\/v2\/pages"}],"about":[{"href":"https:\/\/annexeromainville.com\/index.php\/wp-json\/wp\/v2\/types\/page"}],"author":[{"embeddable":true,"href":"https:\/\/annexeromainville.com\/index.php\/wp-json\/wp\/v2\/users\/2"}],"replies":[{"embeddable":true,"href":"https:\/\/annexeromainville.com\/index.php\/wp-json\/wp\/v2\/comments?post=11020"}],"version-history":[{"count":6,"href":"https:\/\/annexeromainville.com\/index.php\/wp-json\/wp\/v2\/pages\/11020\/revisions"}],"predecessor-version":[{"id":11256,"href":"https:\/\/annexeromainville.com\/index.php\/wp-json\/wp\/v2\/pages\/11020\/revisions\/11256"}],"wp:attachment":[{"href":"https:\/\/annexeromainville.com\/index.php\/wp-json\/wp\/v2\/media?parent=11020"}],"curies":[{"name":"wp","href":"https:\/\/api.w.org\/{rel}","templated":true}]}}