{"id":11031,"date":"2025-09-17T15:32:55","date_gmt":"2025-09-17T14:32:55","guid":{"rendered":"https:\/\/annexeromainville.com\/?page_id=11031"},"modified":"2026-01-20T11:02:19","modified_gmt":"2026-01-20T10:02:19","slug":"masterclass","status":"publish","type":"page","link":"https:\/\/annexeromainville.com\/index.php\/masterclass\/","title":{"rendered":"MASTERCLASS"},"content":{"rendered":"<p style=\"text-align: center;\"><strong>Vous \u00eates b\u00e9n\u00e9ficiaires du RSA et vous souhaitez d\u00e9couvrir les m\u00e9tiers du spectacle ? <\/strong><\/p>\n<p style=\"text-align: center;\"><strong>Vous impliquez concr\u00e8tement dans un projet artistique ?<\/strong><\/p>\n<p>&nbsp;<\/p>\n<p>Notre structure vous propose des masterclass pour explorer les m\u00e9tiers de la culture et du spectacle vivant, tout en participant activement \u00e0 des t\u00e2ches concr\u00e8tes li\u00e9es \u00e0 l&#8217;un de ces domaines :<\/p>\n<ul>\n<li><strong>Relation publiques et Communication<\/strong><\/li>\n<li><strong>Production<\/strong><\/li>\n<li><strong>Administration<\/strong><\/li>\n<li><strong>Technique<\/strong><\/li>\n<\/ul>\n<p><strong>Au programme<\/strong> : <span class=\"a_GcMg font-feature-liga-off font-feature-clig-off font-feature-calt-off text-decoration-none text-strikethrough-none\">d\u00e9codage des fiches de poste, analyse des comp\u00e9tences transversales, rencontres professionnelles et \u00e9tude d\u2019un cas pratique.<\/span><\/p>\n<p>&nbsp;<\/p>\n<p><a href=\"https:\/\/annexeromainville.com\/wp-content\/uploads\/2025\/09\/Visuel_Site_Masterclass_25-266.png\"><img loading=\"lazy\" class=\"size-medium wp-image-11038 alignleft\" src=\"https:\/\/annexeromainville.com\/wp-content\/uploads\/2025\/09\/Visuel_Site_Masterclass_25-266-300x300.png\" alt=\"\" width=\"300\" height=\"300\" srcset=\"https:\/\/annexeromainville.com\/wp-content\/uploads\/2025\/09\/Visuel_Site_Masterclass_25-266-300x300.png 300w, https:\/\/annexeromainville.com\/wp-content\/uploads\/2025\/09\/Visuel_Site_Masterclass_25-266-1024x1024.png 1024w, https:\/\/annexeromainville.com\/wp-content\/uploads\/2025\/09\/Visuel_Site_Masterclass_25-266-150x150.png 150w, https:\/\/annexeromainville.com\/wp-content\/uploads\/2025\/09\/Visuel_Site_Masterclass_25-266-768x768.png 768w, https:\/\/annexeromainville.com\/wp-content\/uploads\/2025\/09\/Visuel_Site_Masterclass_25-266.png 1080w\" sizes=\"(max-width: 300px) 100vw, 300px\" \/><\/a><a href=\"https:\/\/annexeromainville.com\/wp-content\/uploads\/2025\/09\/Visuel_Site_Masterclass_25-267.png\"><img loading=\"lazy\" class=\"alignright size-medium wp-image-11037\" src=\"https:\/\/annexeromainville.com\/wp-content\/uploads\/2025\/09\/Visuel_Site_Masterclass_25-267-300x300.png\" alt=\"\" width=\"300\" height=\"300\" srcset=\"https:\/\/annexeromainville.com\/wp-content\/uploads\/2025\/09\/Visuel_Site_Masterclass_25-267-300x300.png 300w, https:\/\/annexeromainville.com\/wp-content\/uploads\/2025\/09\/Visuel_Site_Masterclass_25-267-1024x1024.png 1024w, https:\/\/annexeromainville.com\/wp-content\/uploads\/2025\/09\/Visuel_Site_Masterclass_25-267-150x150.png 150w, https:\/\/annexeromainville.com\/wp-content\/uploads\/2025\/09\/Visuel_Site_Masterclass_25-267-768x768.png 768w, https:\/\/annexeromainville.com\/wp-content\/uploads\/2025\/09\/Visuel_Site_Masterclass_25-267.png 1080w\" sizes=\"(max-width: 300px) 100vw, 300px\" \/><\/a><\/p>\n<p>&nbsp;<\/p>\n<p>&nbsp;<\/p>\n<p>&nbsp;<\/p>\n<p>&nbsp;<\/p>\n<p>&nbsp;<\/p>\n<p>&nbsp;<\/p>\n<p>&nbsp;<\/p>\n<p>&nbsp;<\/p>\n<p><img loading=\"lazy\" class=\"alignnone wp-image-11065 size-medium\" src=\"https:\/\/annexeromainville.com\/wp-content\/uploads\/2025\/09\/Encarts1-300x75.png\" alt=\"\" width=\"300\" height=\"75\" srcset=\"https:\/\/annexeromainville.com\/wp-content\/uploads\/2025\/09\/Encarts1-300x75.png 300w, https:\/\/annexeromainville.com\/wp-content\/uploads\/2025\/09\/Encarts1-1024x256.png 1024w, https:\/\/annexeromainville.com\/wp-content\/uploads\/2025\/09\/Encarts1-768x192.png 768w, https:\/\/annexeromainville.com\/wp-content\/uploads\/2025\/09\/Encarts1-1536x384.png 1536w, https:\/\/annexeromainville.com\/wp-content\/uploads\/2025\/09\/Encarts1.png 1584w\" sizes=\"(max-width: 300px) 100vw, 300px\" \/><a href=\"https:\/\/www.helloasso.com\/associations\/jetzt\/evenements\/masterclass-production\"><img loading=\"lazy\" class=\"wp-image-11065 size-medium alignright\" src=\"https:\/\/annexeromainville.com\/wp-content\/uploads\/2025\/09\/Encarts1-300x75.png\" alt=\"\" width=\"300\" height=\"75\" srcset=\"https:\/\/annexeromainville.com\/wp-content\/uploads\/2025\/09\/Encarts1-300x75.png 300w, https:\/\/annexeromainville.com\/wp-content\/uploads\/2025\/09\/Encarts1-1024x256.png 1024w, https:\/\/annexeromainville.com\/wp-content\/uploads\/2025\/09\/Encarts1-768x192.png 768w, https:\/\/annexeromainville.com\/wp-content\/uploads\/2025\/09\/Encarts1-1536x384.png 1536w, https:\/\/annexeromainville.com\/wp-content\/uploads\/2025\/09\/Encarts1.png 1584w\" sizes=\"(max-width: 300px) 100vw, 300px\" \/><\/a><\/p>\n<p>&nbsp;<\/p>\n<p>&nbsp;<\/p>\n<p><a href=\"https:\/\/annexeromainville.com\/wp-content\/uploads\/2025\/09\/Visuel_Site_Masterclass_25-268.png\"><img loading=\"lazy\" class=\"size-medium wp-image-11036 alignleft\" src=\"https:\/\/annexeromainville.com\/wp-content\/uploads\/2025\/09\/Visuel_Site_Masterclass_25-268-300x300.png\" alt=\"\" width=\"300\" height=\"300\" srcset=\"https:\/\/annexeromainville.com\/wp-content\/uploads\/2025\/09\/Visuel_Site_Masterclass_25-268-300x300.png 300w, https:\/\/annexeromainville.com\/wp-content\/uploads\/2025\/09\/Visuel_Site_Masterclass_25-268-1024x1024.png 1024w, https:\/\/annexeromainville.com\/wp-content\/uploads\/2025\/09\/Visuel_Site_Masterclass_25-268-150x150.png 150w, https:\/\/annexeromainville.com\/wp-content\/uploads\/2025\/09\/Visuel_Site_Masterclass_25-268-768x768.png 768w, https:\/\/annexeromainville.com\/wp-content\/uploads\/2025\/09\/Visuel_Site_Masterclass_25-268.png 1080w\" sizes=\"(max-width: 300px) 100vw, 300px\" \/><\/a><a href=\"https:\/\/annexeromainville.com\/wp-content\/uploads\/2025\/09\/Visuel_Site_Masterclass_25-26.png\"><img loading=\"lazy\" class=\"alignright size-medium wp-image-11033\" src=\"https:\/\/annexeromainville.com\/wp-content\/uploads\/2025\/09\/Visuel_Site_Masterclass_25-26-300x300.png\" alt=\"\" width=\"300\" height=\"300\" srcset=\"https:\/\/annexeromainville.com\/wp-content\/uploads\/2025\/09\/Visuel_Site_Masterclass_25-26-300x300.png 300w, https:\/\/annexeromainville.com\/wp-content\/uploads\/2025\/09\/Visuel_Site_Masterclass_25-26-1024x1024.png 1024w, https:\/\/annexeromainville.com\/wp-content\/uploads\/2025\/09\/Visuel_Site_Masterclass_25-26-150x150.png 150w, https:\/\/annexeromainville.com\/wp-content\/uploads\/2025\/09\/Visuel_Site_Masterclass_25-26-768x768.png 768w, https:\/\/annexeromainville.com\/wp-content\/uploads\/2025\/09\/Visuel_Site_Masterclass_25-26.png 1080w\" sizes=\"(max-width: 300px) 100vw, 300px\" \/><\/a><\/p>\n<p>&nbsp;<\/p>\n<p>&nbsp;<\/p>\n<p>&nbsp;<\/p>\n<p>&nbsp;<\/p>\n<p>&nbsp;<\/p>\n<p>&nbsp;<\/p>\n<p>&nbsp;<\/p>\n<p>&nbsp;<\/p>\n<p><a href=\"https:\/\/www.helloasso.com\/associations\/jetzt\/evenements\/masterclass-production-2\"><img loading=\"lazy\" class=\"alignnone wp-image-11065 size-medium\" src=\"https:\/\/annexeromainville.com\/wp-content\/uploads\/2025\/09\/Encarts1-300x75.png\" alt=\"\" width=\"300\" height=\"75\" srcset=\"https:\/\/annexeromainville.com\/wp-content\/uploads\/2025\/09\/Encarts1-300x75.png 300w, https:\/\/annexeromainville.com\/wp-content\/uploads\/2025\/09\/Encarts1-1024x256.png 1024w, https:\/\/annexeromainville.com\/wp-content\/uploads\/2025\/09\/Encarts1-768x192.png 768w, https:\/\/annexeromainville.com\/wp-content\/uploads\/2025\/09\/Encarts1-1536x384.png 1536w, https:\/\/annexeromainville.com\/wp-content\/uploads\/2025\/09\/Encarts1.png 1584w\" sizes=\"(max-width: 300px) 100vw, 300px\" \/><\/a><a href=\"https:\/\/www.helloasso.com\/associations\/jetzt\/evenements\/masterclass-administration\"><img loading=\"lazy\" class=\"wp-image-11065 size-medium alignright\" src=\"https:\/\/annexeromainville.com\/wp-content\/uploads\/2025\/09\/Encarts1-300x75.png\" alt=\"\" width=\"300\" height=\"75\" srcset=\"https:\/\/annexeromainville.com\/wp-content\/uploads\/2025\/09\/Encarts1-300x75.png 300w, https:\/\/annexeromainville.com\/wp-content\/uploads\/2025\/09\/Encarts1-1024x256.png 1024w, https:\/\/annexeromainville.com\/wp-content\/uploads\/2025\/09\/Encarts1-768x192.png 768w, https:\/\/annexeromainville.com\/wp-content\/uploads\/2025\/09\/Encarts1-1536x384.png 1536w, https:\/\/annexeromainville.com\/wp-content\/uploads\/2025\/09\/Encarts1.png 1584w\" sizes=\"(max-width: 300px) 100vw, 300px\" \/><\/a><\/p>\n<p>&nbsp;<\/p>\n<p>&nbsp;<\/p>\n<p>&nbsp;<\/p>\n<p><a href=\"https:\/\/annexeromainville.com\/wp-content\/uploads\/2025\/09\/Visuel_Site_Masterclass_25-2610.png\"><img loading=\"lazy\" class=\"size-medium wp-image-11035 alignleft\" src=\"https:\/\/annexeromainville.com\/wp-content\/uploads\/2025\/09\/Visuel_Site_Masterclass_25-2610-300x300.png\" alt=\"\" width=\"300\" height=\"300\" srcset=\"https:\/\/annexeromainville.com\/wp-content\/uploads\/2025\/09\/Visuel_Site_Masterclass_25-2610-300x300.png 300w, https:\/\/annexeromainville.com\/wp-content\/uploads\/2025\/09\/Visuel_Site_Masterclass_25-2610-1024x1024.png 1024w, https:\/\/annexeromainville.com\/wp-content\/uploads\/2025\/09\/Visuel_Site_Masterclass_25-2610-150x150.png 150w, https:\/\/annexeromainville.com\/wp-content\/uploads\/2025\/09\/Visuel_Site_Masterclass_25-2610-768x768.png 768w, https:\/\/annexeromainville.com\/wp-content\/uploads\/2025\/09\/Visuel_Site_Masterclass_25-2610.png 1080w\" sizes=\"(max-width: 300px) 100vw, 300px\" \/><\/a><a href=\"https:\/\/annexeromainville.com\/wp-content\/uploads\/2025\/09\/Visuel_Site_Masterclass_25-2611.png\"><img loading=\"lazy\" class=\"alignright size-medium wp-image-11034\" src=\"https:\/\/annexeromainville.com\/wp-content\/uploads\/2025\/09\/Visuel_Site_Masterclass_25-2611-300x300.png\" alt=\"\" width=\"300\" height=\"300\" srcset=\"https:\/\/annexeromainville.com\/wp-content\/uploads\/2025\/09\/Visuel_Site_Masterclass_25-2611-300x300.png 300w, https:\/\/annexeromainville.com\/wp-content\/uploads\/2025\/09\/Visuel_Site_Masterclass_25-2611-1024x1024.png 1024w, https:\/\/annexeromainville.com\/wp-content\/uploads\/2025\/09\/Visuel_Site_Masterclass_25-2611-150x150.png 150w, https:\/\/annexeromainville.com\/wp-content\/uploads\/2025\/09\/Visuel_Site_Masterclass_25-2611-768x768.png 768w, https:\/\/annexeromainville.com\/wp-content\/uploads\/2025\/09\/Visuel_Site_Masterclass_25-2611.png 1080w\" sizes=\"(max-width: 300px) 100vw, 300px\" \/><\/a><\/p>\n<p>&nbsp;<\/p>\n<p>&nbsp;<\/p>\n<p>&nbsp;<\/p>\n<p>&nbsp;<\/p>\n<p>&nbsp;<\/p>\n<p>&nbsp;<\/p>\n<p>&nbsp;<\/p>\n<p>&nbsp;<\/p>\n<p><a href=\"https:\/\/www.helloasso.com\/associations\/jetzt\/evenements\/masterclass-direction-artistique\"><img loading=\"lazy\" class=\"alignnone wp-image-11065 size-medium\" src=\"https:\/\/annexeromainville.com\/wp-content\/uploads\/2025\/09\/Encarts1-300x75.png\" alt=\"\" width=\"300\" height=\"75\" srcset=\"https:\/\/annexeromainville.com\/wp-content\/uploads\/2025\/09\/Encarts1-300x75.png 300w, https:\/\/annexeromainville.com\/wp-content\/uploads\/2025\/09\/Encarts1-1024x256.png 1024w, https:\/\/annexeromainville.com\/wp-content\/uploads\/2025\/09\/Encarts1-768x192.png 768w, https:\/\/annexeromainville.com\/wp-content\/uploads\/2025\/09\/Encarts1-1536x384.png 1536w, https:\/\/annexeromainville.com\/wp-content\/uploads\/2025\/09\/Encarts1.png 1584w\" sizes=\"(max-width: 300px) 100vw, 300px\" \/><\/a><a href=\"https:\/\/www.helloasso.com\/associations\/jetzt\/evenements\/masterclass-metiers-de-la-technique\"><img loading=\"lazy\" class=\"wp-image-11065 size-medium alignright\" src=\"https:\/\/annexeromainville.com\/wp-content\/uploads\/2025\/09\/Encarts1-300x75.png\" alt=\"\" width=\"300\" height=\"75\" srcset=\"https:\/\/annexeromainville.com\/wp-content\/uploads\/2025\/09\/Encarts1-300x75.png 300w, https:\/\/annexeromainville.com\/wp-content\/uploads\/2025\/09\/Encarts1-1024x256.png 1024w, https:\/\/annexeromainville.com\/wp-content\/uploads\/2025\/09\/Encarts1-768x192.png 768w, https:\/\/annexeromainville.com\/wp-content\/uploads\/2025\/09\/Encarts1-1536x384.png 1536w, https:\/\/annexeromainville.com\/wp-content\/uploads\/2025\/09\/Encarts1.png 1584w\" sizes=\"(max-width: 300px) 100vw, 300px\" \/><\/a><\/p>\n<p><em><strong>Commentaires des participants:<\/strong><\/em><\/p>\n<p><em>Elise Meyer<\/em> : &#8220;Un vrai moment de partage durant cette journ\u00e9e collective et humaine. Le cas pratique, mais aussi le jeu de repr\u00e9sentation \u00e9tait int\u00e9ressant. Bonne compr\u00e9hension du r\u00f4le des com\u00e9diens. Une journ\u00e9e de d\u00e9couverte des m\u00e9tiers de la production mais dans un cadre collectif, participatif et profond\u00e9ment humain. Merci pour cette journ\u00e9e de masterclass ! Tr\u00e8s belles f\u00eates de fin d&#8217;ann\u00e9e.&#8221;<\/p>\n<p><em>Sydney Boucher<\/em> : &#8220;Bonjour. J&#8217;aimerais vous remercier pour cette journ\u00e9e, car je suis venu plut\u00f4t par curiosit\u00e9 et je suis reparti avec des r\u00e9ponses pr\u00e9cises et personnalis\u00e9es, ainsi que des pistes concernant ma situation.&#8221;<\/p>\n<p><em>Jennifer Auger (Professionnelle de l&#8217;Association Neptune)<\/em> : &#8220;J&#8217;ai trouv\u00e9 cette masterclass tr\u00e8s compl\u00e8te. Le contenu est clair et les conseils sont avis\u00e9s et personnalis\u00e9s. Cela rend la formation honn\u00eate et proche de la r\u00e9alit\u00e9 quant \u00e0 l&#8217;employabilit\u00e9 dans le milieu du spectacle vivant. L&#8217;intervenante est \u00e9galement tr\u00e8s bienveillante dans ses r\u00e9ponses.&#8221;<\/p>\n","protected":false},"excerpt":{"rendered":"<p>Vous \u00eates b\u00e9n\u00e9ficiaires du RSA et vous souhaitez d\u00e9couvrir les m\u00e9tiers du spectacle ? Vous impliquez concr\u00e8tement dans un projet artistique ? &nbsp; Notre structure vous propose des masterclass pour<span class=\"read-more-wrap\"><a class=\"moretag\" href=\"https:\/\/annexeromainville.com\/index.php\/masterclass\/\">Lire la suite<span class=\"screen-reader-text\">MASTERCLASS<\/span><\/a><\/span><\/p>\n","protected":false},"author":2,"featured_media":0,"parent":0,"menu_order":0,"comment_status":"closed","ping_status":"closed","template":"","meta":{"_bbp_topic_count":0,"_bbp_reply_count":0,"_bbp_total_topic_count":0,"_bbp_total_reply_count":0,"_bbp_voice_count":0,"_bbp_anonymous_reply_count":0,"_bbp_topic_count_hidden":0,"_bbp_reply_count_hidden":0,"_bbp_forum_subforum_count":0,"ngg_post_thumbnail":0},"_links":{"self":[{"href":"https:\/\/annexeromainville.com\/index.php\/wp-json\/wp\/v2\/pages\/11031"}],"collection":[{"href":"https:\/\/annexeromainville.com\/index.php\/wp-json\/wp\/v2\/pages"}],"about":[{"href":"https:\/\/annexeromainville.com\/index.php\/wp-json\/wp\/v2\/types\/page"}],"author":[{"embeddable":true,"href":"https:\/\/annexeromainville.com\/index.php\/wp-json\/wp\/v2\/users\/2"}],"replies":[{"embeddable":true,"href":"https:\/\/annexeromainville.com\/index.php\/wp-json\/wp\/v2\/comments?post=11031"}],"version-history":[{"count":12,"href":"https:\/\/annexeromainville.com\/index.php\/wp-json\/wp\/v2\/pages\/11031\/revisions"}],"predecessor-version":[{"id":11280,"href":"https:\/\/annexeromainville.com\/index.php\/wp-json\/wp\/v2\/pages\/11031\/revisions\/11280"}],"wp:attachment":[{"href":"https:\/\/annexeromainville.com\/index.php\/wp-json\/wp\/v2\/media?parent=11031"}],"curies":[{"name":"wp","href":"https:\/\/api.w.org\/{rel}","templated":true}]}}