{"id":11368,"date":"2026-03-19T12:53:58","date_gmt":"2026-03-19T11:53:58","guid":{"rendered":"https:\/\/annexeromainville.com\/?page_id=11368"},"modified":"2026-03-23T16:37:20","modified_gmt":"2026-03-23T15:37:20","slug":"formation-civique-et-citoyenne","status":"publish","type":"page","link":"https:\/\/annexeromainville.com\/index.php\/formation-civique-et-citoyenne\/","title":{"rendered":"Formation Civique et Citoyenne"},"content":{"rendered":"<div id=\"pl-11368\"  class=\"panel-layout\" ><div id=\"pg-11368-0\"  class=\"panel-grid panel-no-style\" ><div id=\"pgc-11368-0-0\"  class=\"panel-grid-cell\" ><div id=\"panel-11368-0-0-0\" class=\"so-panel widget widget_media_image panel-first-child\" data-index=\"0\" ><div class=\"so-rounded panel-widget-style panel-widget-style-for-11368-0-0-0\" ><img width=\"300\" height=\"294\" src=\"https:\/\/annexeromainville.com\/wp-content\/uploads\/2026\/03\/visuel-coeur-seul-engage-avec-le-service-civique-2017-15458-300x294.jpg\" class=\"image wp-image-11386 aligncenter attachment-medium size-medium\" alt=\"\" loading=\"lazy\" style=\"max-width: 100%; height: auto;\" srcset=\"https:\/\/annexeromainville.com\/wp-content\/uploads\/2026\/03\/visuel-coeur-seul-engage-avec-le-service-civique-2017-15458-300x294.jpg 300w, https:\/\/annexeromainville.com\/wp-content\/uploads\/2026\/03\/visuel-coeur-seul-engage-avec-le-service-civique-2017-15458.jpg 667w\" sizes=\"(max-width: 300px) 100vw, 300px\" \/><\/div><\/div><div id=\"panel-11368-0-0-1\" class=\"so-panel widget widget_sow-editor panel-last-child\" data-index=\"1\" ><div\n\t\t\t\n\t\t\tclass=\"so-widget-sow-editor so-widget-sow-editor-base\"\n\t\t\t\n\t\t>\n<div class=\"siteorigin-widget-tinymce textwidget\">\n\t<p>&nbsp;<\/p>\n<p>&nbsp;<\/p>\n<p>Depuis 2026, La Cie JETZT propose 2 formations \u00e0 destination des volontaires en Service civique intitul\u00e9e : \u00ab <strong>Se faire entendre \u00bb &amp; \u00ab Art et Culture \u00bb<\/strong><\/p>\n<div class=\"column\">\n<p>Les formations se d\u00e9roulent dans le th\u00e9\u00e2tre de l'Annexe (45 avenue de Verdun \u2013 93230 Romainville) de 10h00 \u00e0 16h30 sur 2 jours.<\/p>\n<p>Vous trouverez les sessions ci-dessous pour chaque formation.<\/p>\n<\/div>\n<p>&nbsp;<\/p>\n<h4 style=\"text-align: center;\">SESSIONS - SE FAIRE ENTENDRE<\/h4>\n<p>Cette formation a pour objectif de permettre aux participants de d\u00e9velopper leur confiance en soi, leur aisance \u00e0 l\u2019oral et leur capacit\u00e9 \u00e0 s\u2019exprimer dans un groupe, \u00e0 travers des pratiques th\u00e9\u00e2trales et des jeux de prise de parole. Elle vise \u00e9galement \u00e0 renforcer la coh\u00e9sion du groupe, \u00e0 stimuler l\u2019\u00e9coute et l\u2019argumentation. \u00c0 donner aux volontaires des outils pour structurer leur expression et \u00e0 participer activement \u00e0 des projets collectifs ou d\u00e9bats dans le cadre de leur mission de Service Civique.<\/p>\n<p>&nbsp;<\/p>\n<p><a href=\"https:\/\/www.helloasso.com\/associations\/jetzt\/evenements\/fcc-se-faire-entendre-11-et-12-mai-2026\"><img loading=\"lazy\" class=\"size-medium wp-image-11369 alignnone aligncenter\" src=\"https:\/\/annexeromainville.com\/wp-content\/uploads\/2026\/03\/18-300x75.png\" alt=\"\" width=\"300\" height=\"75\" srcset=\"https:\/\/annexeromainville.com\/wp-content\/uploads\/2026\/03\/18-300x75.png 300w, https:\/\/annexeromainville.com\/wp-content\/uploads\/2026\/03\/18-1024x256.png 1024w, https:\/\/annexeromainville.com\/wp-content\/uploads\/2026\/03\/18-768x192.png 768w, https:\/\/annexeromainville.com\/wp-content\/uploads\/2026\/03\/18-1536x384.png 1536w, https:\/\/annexeromainville.com\/wp-content\/uploads\/2026\/03\/18.png 1584w\" sizes=\"(max-width: 300px) 100vw, 300px\" \/><\/a><\/p>\n<p style=\"text-align: center;\"><a href=\"https:\/\/www.helloasso.com\/associations\/jetzt\/evenements\/fcc-se-faire-entendre-8-et-9-juin-2026\"><img loading=\"lazy\" class=\"size-medium wp-image-11371 alignnone\" src=\"https:\/\/annexeromainville.com\/wp-content\/uploads\/2026\/03\/20-300x75.png\" alt=\"\" width=\"300\" height=\"75\" srcset=\"https:\/\/annexeromainville.com\/wp-content\/uploads\/2026\/03\/20-300x75.png 300w, https:\/\/annexeromainville.com\/wp-content\/uploads\/2026\/03\/20-1024x256.png 1024w, https:\/\/annexeromainville.com\/wp-content\/uploads\/2026\/03\/20-768x192.png 768w, https:\/\/annexeromainville.com\/wp-content\/uploads\/2026\/03\/20-1536x384.png 1536w, https:\/\/annexeromainville.com\/wp-content\/uploads\/2026\/03\/20.png 1584w\" sizes=\"(max-width: 300px) 100vw, 300px\" \/><\/a><\/p>\n<p style=\"text-align: center;\">&nbsp;<\/p>\n<h4><a href=\"https:\/\/annexeromainville.com\/wp-content\/uploads\/2026\/03\/24.png\"><img loading=\"lazy\" class=\"size-medium wp-image-11375 alignnone aligncenter\" src=\"https:\/\/annexeromainville.com\/wp-content\/uploads\/2026\/03\/24-300x75.png\" alt=\"\" width=\"300\" height=\"75\" srcset=\"https:\/\/annexeromainville.com\/wp-content\/uploads\/2026\/03\/24-300x75.png 300w, https:\/\/annexeromainville.com\/wp-content\/uploads\/2026\/03\/24-1024x256.png 1024w, https:\/\/annexeromainville.com\/wp-content\/uploads\/2026\/03\/24-768x192.png 768w, https:\/\/annexeromainville.com\/wp-content\/uploads\/2026\/03\/24-1536x384.png 1536w, https:\/\/annexeromainville.com\/wp-content\/uploads\/2026\/03\/24.png 1584w\" sizes=\"(max-width: 300px) 100vw, 300px\" \/><\/a><\/h4>\n<h4>&nbsp;<\/h4>\n<h4 style=\"text-align: center;\">SESSIONS - ART ET CULTURE<\/h4>\n<p>Cette formation a pour objectif d\u2019accompagner les participants dans la d\u00e9couverte du secteur culturel local, de leurs structures et de leurs publics, de d\u00e9velopper leurs capacit\u00e9s d\u2019observation et d\u2019analyse, de leur permettre d\u2019exp\u00e9rimenter des pratiques artistiques, notamment le th\u00e9\u00e2tre, et de les outiller pour concevoir et mener un projet d\u2019action culturelle dans le cadre de leur mission de Service Civique.<\/p>\n<p>&nbsp;<\/p>\n<p><a href=\"https:\/\/www.helloasso.com\/associations\/jetzt\/evenements\/fcc-art-et-culture-1er-et-2-juin-2026\"><img loading=\"lazy\" class=\"size-medium wp-image-11370 aligncenter\" src=\"https:\/\/annexeromainville.com\/wp-content\/uploads\/2026\/03\/19-300x75.png\" alt=\"\" width=\"300\" height=\"75\" data-wp-editing=\"1\" srcset=\"https:\/\/annexeromainville.com\/wp-content\/uploads\/2026\/03\/19-300x75.png 300w, https:\/\/annexeromainville.com\/wp-content\/uploads\/2026\/03\/19-1024x256.png 1024w, https:\/\/annexeromainville.com\/wp-content\/uploads\/2026\/03\/19-768x192.png 768w, https:\/\/annexeromainville.com\/wp-content\/uploads\/2026\/03\/19-1536x384.png 1536w, https:\/\/annexeromainville.com\/wp-content\/uploads\/2026\/03\/19.png 1584w\" sizes=\"(max-width: 300px) 100vw, 300px\" \/><\/a><\/p>\n<p><a href=\"https:\/\/www.helloasso.com\/associations\/jetzt\/evenements\/fcc-art-et-culture-20-et-21-juillet\"><img loading=\"lazy\" class=\"size-medium wp-image-11372 aligncenter\" src=\"https:\/\/annexeromainville.com\/wp-content\/uploads\/2026\/03\/21-300x75.png\" alt=\"\" width=\"300\" height=\"75\" srcset=\"https:\/\/annexeromainville.com\/wp-content\/uploads\/2026\/03\/21-300x75.png 300w, https:\/\/annexeromainville.com\/wp-content\/uploads\/2026\/03\/21-1024x256.png 1024w, https:\/\/annexeromainville.com\/wp-content\/uploads\/2026\/03\/21-768x192.png 768w, https:\/\/annexeromainville.com\/wp-content\/uploads\/2026\/03\/21-1536x384.png 1536w, https:\/\/annexeromainville.com\/wp-content\/uploads\/2026\/03\/21.png 1584w\" sizes=\"(max-width: 300px) 100vw, 300px\" \/><\/a><\/p>\n<p><a href=\"https:\/\/www.helloasso.com\/associations\/jetzt\/evenements\/fcc-art-et-culture-8-et-9-octobre-2026\"><img loading=\"lazy\" class=\"size-medium wp-image-11373 aligncenter\" src=\"https:\/\/annexeromainville.com\/wp-content\/uploads\/2026\/03\/22-300x75.png\" alt=\"\" width=\"300\" height=\"75\" srcset=\"https:\/\/annexeromainville.com\/wp-content\/uploads\/2026\/03\/22-300x75.png 300w, https:\/\/annexeromainville.com\/wp-content\/uploads\/2026\/03\/22-1024x256.png 1024w, https:\/\/annexeromainville.com\/wp-content\/uploads\/2026\/03\/22-768x192.png 768w, https:\/\/annexeromainville.com\/wp-content\/uploads\/2026\/03\/22-1536x384.png 1536w, https:\/\/annexeromainville.com\/wp-content\/uploads\/2026\/03\/22.png 1584w\" sizes=\"(max-width: 300px) 100vw, 300px\" \/><\/a><\/p>\n<p><a href=\"https:\/\/www.helloasso.com\/associations\/jetzt\/evenements\/fcc-art-et-culture-10-et-11-decembre-2026\"><img loading=\"lazy\" class=\"size-medium wp-image-11376 aligncenter\" src=\"https:\/\/annexeromainville.com\/wp-content\/uploads\/2026\/03\/25-300x75.png\" alt=\"\" width=\"300\" height=\"75\" srcset=\"https:\/\/annexeromainville.com\/wp-content\/uploads\/2026\/03\/25-300x75.png 300w, https:\/\/annexeromainville.com\/wp-content\/uploads\/2026\/03\/25-1024x256.png 1024w, https:\/\/annexeromainville.com\/wp-content\/uploads\/2026\/03\/25-768x192.png 768w, https:\/\/annexeromainville.com\/wp-content\/uploads\/2026\/03\/25-1536x384.png 1536w, https:\/\/annexeromainville.com\/wp-content\/uploads\/2026\/03\/25.png 1584w\" sizes=\"(max-width: 300px) 100vw, 300px\" \/><\/a><\/p>\n<p>&nbsp;<\/p>\n<\/div>\n<\/div><\/div><\/div><\/div><\/div>","protected":false},"excerpt":{"rendered":"<p>&nbsp; &nbsp; Depuis 2026, La Cie JETZT propose 2 formations \u00e0 destination des volontaires en Service civique intitul\u00e9e : \u00ab Se faire entendre \u00bb &amp; \u00ab Art et Culture \u00bb<span class=\"read-more-wrap\"><a class=\"moretag\" href=\"https:\/\/annexeromainville.com\/index.php\/formation-civique-et-citoyenne\/\">Lire la suite<span class=\"screen-reader-text\">Formation Civique et Citoyenne<\/span><\/a><\/span><\/p>\n","protected":false},"author":2,"featured_media":11385,"parent":0,"menu_order":0,"comment_status":"closed","ping_status":"closed","template":"","meta":{"_bbp_topic_count":0,"_bbp_reply_count":0,"_bbp_total_topic_count":0,"_bbp_total_reply_count":0,"_bbp_voice_count":0,"_bbp_anonymous_reply_count":0,"_bbp_topic_count_hidden":0,"_bbp_reply_count_hidden":0,"_bbp_forum_subforum_count":0,"ngg_post_thumbnail":0},"_links":{"self":[{"href":"https:\/\/annexeromainville.com\/index.php\/wp-json\/wp\/v2\/pages\/11368"}],"collection":[{"href":"https:\/\/annexeromainville.com\/index.php\/wp-json\/wp\/v2\/pages"}],"about":[{"href":"https:\/\/annexeromainville.com\/index.php\/wp-json\/wp\/v2\/types\/page"}],"author":[{"embeddable":true,"href":"https:\/\/annexeromainville.com\/index.php\/wp-json\/wp\/v2\/users\/2"}],"replies":[{"embeddable":true,"href":"https:\/\/annexeromainville.com\/index.php\/wp-json\/wp\/v2\/comments?post=11368"}],"version-history":[{"count":33,"href":"https:\/\/annexeromainville.com\/index.php\/wp-json\/wp\/v2\/pages\/11368\/revisions"}],"predecessor-version":[{"id":11416,"href":"https:\/\/annexeromainville.com\/index.php\/wp-json\/wp\/v2\/pages\/11368\/revisions\/11416"}],"wp:featuredmedia":[{"embeddable":true,"href":"https:\/\/annexeromainville.com\/index.php\/wp-json\/wp\/v2\/media\/11385"}],"wp:attachment":[{"href":"https:\/\/annexeromainville.com\/index.php\/wp-json\/wp\/v2\/media?parent=11368"}],"curies":[{"name":"wp","href":"https:\/\/api.w.org\/{rel}","templated":true}]}}