{"id":1419,"date":"2018-01-31T10:27:12","date_gmt":"2018-01-31T09:27:12","guid":{"rendered":"http:\/\/annexedutraindevie.com\/?page_id=1419"},"modified":"2019-12-16T11:38:28","modified_gmt":"2019-12-16T10:38:28","slug":"saison-hiver-2018","status":"publish","type":"page","link":"https:\/\/annexeromainville.com\/index.php\/saison-hiver-2018\/","title":{"rendered":"Saison Hiver 2018"},"content":{"rendered":"<div id=\"pl-1419\"  class=\"panel-layout\" ><div id=\"pg-1419-0\"  class=\"panel-grid panel-no-style\" ><div id=\"pgc-1419-0-0\"  class=\"panel-grid-cell\" ><div id=\"panel-1419-0-0-0\" class=\"so-panel widget widget_sow-image panel-first-child panel-last-child\" data-index=\"0\" ><div\n\t\t\t\n\t\t\tclass=\"so-widget-sow-image so-widget-sow-image-default-c67d20f9f743-1419\"\n\t\t\t\n\t\t>\n<div class=\"sow-image-container\">\n\t\t<img \n\tsrc=\"https:\/\/annexeromainville.com\/wp-content\/uploads\/2018\/01\/Plaquette-H2018-bandeau-hiver.jpg\" width=\"1168\" height=\"364\" srcset=\"https:\/\/annexeromainville.com\/wp-content\/uploads\/2018\/01\/Plaquette-H2018-bandeau-hiver.jpg 1168w, https:\/\/annexeromainville.com\/wp-content\/uploads\/2018\/01\/Plaquette-H2018-bandeau-hiver-300x93.jpg 300w, https:\/\/annexeromainville.com\/wp-content\/uploads\/2018\/01\/Plaquette-H2018-bandeau-hiver-768x239.jpg 768w, https:\/\/annexeromainville.com\/wp-content\/uploads\/2018\/01\/Plaquette-H2018-bandeau-hiver-1024x319.jpg 1024w\" sizes=\"(max-width: 1168px) 100vw, 1168px\" title=\"Plaquette H2018 bandeau hiver\" alt=\"\" loading=\"lazy\" \t\tclass=\"so-widget-image\"\/>\n\t<\/div>\n\n<\/div><\/div><\/div><\/div><div id=\"pg-1419-1\"  class=\"panel-grid panel-no-style\" ><div id=\"pgc-1419-1-0\"  class=\"panel-grid-cell\" ><div id=\"panel-1419-1-0-0\" class=\"so-panel widget widget_sow-image panel-first-child panel-last-child\" data-index=\"1\" ><div\n\t\t\t\n\t\t\tclass=\"so-widget-sow-image so-widget-sow-image-default-c67d20f9f743-1419\"\n\t\t\t\n\t\t>\n<div class=\"sow-image-container\">\n\t\t\t<a href=\"https:\/\/annexeromainville.com\/index.php\/les-trucs-bizarres\/\"\n\t\t\t\t\t>\n\t\t\t<img \n\tsrc=\"https:\/\/annexeromainville.com\/wp-content\/uploads\/2018\/01\/A3fichierImpressionFlyerCut-page-001-268x300.jpg\" width=\"268\" height=\"300\" srcset=\"https:\/\/annexeromainville.com\/wp-content\/uploads\/2018\/01\/A3fichierImpressionFlyerCut-page-001-268x300.jpg 268w, https:\/\/annexeromainville.com\/wp-content\/uploads\/2018\/01\/A3fichierImpressionFlyerCut-page-001-768x861.jpg 768w, https:\/\/annexeromainville.com\/wp-content\/uploads\/2018\/01\/A3fichierImpressionFlyerCut-page-001-913x1024.jpg 913w\" sizes=\"(max-width: 268px) 100vw, 268px\" alt=\"\" loading=\"lazy\" \t\tclass=\"so-widget-image\"\/>\n\t\t\t<\/a><\/div>\n\n<\/div><\/div><\/div><div id=\"pgc-1419-1-1\"  class=\"panel-grid-cell\" ><div id=\"panel-1419-1-1-0\" class=\"so-panel widget widget_sow-image panel-first-child panel-last-child\" data-index=\"2\" ><div\n\t\t\t\n\t\t\tclass=\"so-widget-sow-image so-widget-sow-image-default-c67d20f9f743-1419\"\n\t\t\t\n\t\t>\n<div class=\"sow-image-container\">\n\t\t\t<a href=\"https:\/\/annexeromainville.com\/index.php\/ctrlx\/\"\n\t\t\t\t\t>\n\t\t\t<img \n\tsrc=\"https:\/\/annexeromainville.com\/wp-content\/uploads\/2018\/01\/A3fichierImpressionFlyerCtrlx-page-001-264x300.jpg\" width=\"264\" height=\"300\" srcset=\"https:\/\/annexeromainville.com\/wp-content\/uploads\/2018\/01\/A3fichierImpressionFlyerCtrlx-page-001-264x300.jpg 264w, https:\/\/annexeromainville.com\/wp-content\/uploads\/2018\/01\/A3fichierImpressionFlyerCtrlx-page-001-768x873.jpg 768w, https:\/\/annexeromainville.com\/wp-content\/uploads\/2018\/01\/A3fichierImpressionFlyerCtrlx-page-001-901x1024.jpg 901w\" sizes=\"(max-width: 264px) 100vw, 264px\" alt=\"\" loading=\"lazy\" \t\tclass=\"so-widget-image\"\/>\n\t\t\t<\/a><\/div>\n\n<\/div><\/div><\/div><div id=\"pgc-1419-1-2\"  class=\"panel-grid-cell\" ><div id=\"panel-1419-1-2-0\" class=\"so-panel widget widget_sow-image panel-first-child panel-last-child\" data-index=\"3\" ><div\n\t\t\t\n\t\t\tclass=\"so-widget-sow-image so-widget-sow-image-default-c67d20f9f743-1419\"\n\t\t\t\n\t\t>\n<div class=\"sow-image-container\">\n\t\t\t<a href=\"https:\/\/annexeromainville.com\/index.php\/d-de-kabal\/\"\n\t\t\t\t\t>\n\t\t\t<img \n\tsrc=\"https:\/\/annexeromainville.com\/wp-content\/uploads\/2018\/01\/A3fichierImpressionFlyerKabal-page-001-267x300.jpg\" width=\"267\" height=\"300\" srcset=\"https:\/\/annexeromainville.com\/wp-content\/uploads\/2018\/01\/A3fichierImpressionFlyerKabal-page-001-267x300.jpg 267w, https:\/\/annexeromainville.com\/wp-content\/uploads\/2018\/01\/A3fichierImpressionFlyerKabal-page-001-768x864.jpg 768w, https:\/\/annexeromainville.com\/wp-content\/uploads\/2018\/01\/A3fichierImpressionFlyerKabal-page-001-910x1024.jpg 910w\" sizes=\"(max-width: 267px) 100vw, 267px\" alt=\"\" loading=\"lazy\" \t\tclass=\"so-widget-image\"\/>\n\t\t\t<\/a><\/div>\n\n<\/div><\/div><\/div><\/div><div id=\"pg-1419-2\"  class=\"panel-grid panel-no-style\" ><div id=\"pgc-1419-2-0\"  class=\"panel-grid-cell\" ><div id=\"panel-1419-2-0-0\" class=\"so-panel widget widget_sow-editor panel-first-child panel-last-child\" data-index=\"4\" ><div\n\t\t\t\n\t\t\tclass=\"so-widget-sow-editor so-widget-sow-editor-base\"\n\t\t\t\n\t\t>\n<div class=\"siteorigin-widget-tinymce textwidget\">\n\t<p style=\"text-align: center;\">Lecture Spectacle<br \/> Vendredi 2 F\u00e9vrier 2018 \u00e0 20h<br \/> Samedi 3 F\u00e9vrier 2018 \u00e0 20h<\/p>\n<\/div>\n<\/div><\/div><\/div><div id=\"pgc-1419-2-1\"  class=\"panel-grid-cell\" ><div id=\"panel-1419-2-1-0\" class=\"so-panel widget widget_sow-editor panel-first-child panel-last-child\" data-index=\"5\" ><div\n\t\t\t\n\t\t\tclass=\"so-widget-sow-editor so-widget-sow-editor-base\"\n\t\t\t\n\t\t>\n<div class=\"siteorigin-widget-tinymce textwidget\">\n\t<p style=\"text-align: center;\">Lecture \u00e9rotique<br \/>Vendredi 9 F\u00e9vrier 2018 \u00e0 20h<br \/>Mercredi 14 F\u00e9vrier 2018 \u00e0 20h<\/p>\n<\/div>\n<\/div><\/div><\/div><div id=\"pgc-1419-2-2\"  class=\"panel-grid-cell\" ><div id=\"panel-1419-2-2-0\" class=\"so-panel widget widget_sow-editor panel-first-child panel-last-child\" data-index=\"6\" ><div\n\t\t\t\n\t\t\tclass=\"so-widget-sow-editor so-widget-sow-editor-base\"\n\t\t\t\n\t\t>\n<div class=\"siteorigin-widget-tinymce textwidget\">\n\t<p style=\"text-align: center;\">Rencontre Performance<br \/>Samedi 10 F\u00e9vrier 2018 \u00e0 20h<\/p>\n<\/div>\n<\/div><\/div><\/div><\/div><div id=\"pg-1419-3\"  class=\"panel-grid panel-no-style\" ><div id=\"pgc-1419-3-0\"  class=\"panel-grid-cell\" ><div id=\"panel-1419-3-0-0\" class=\"so-panel widget widget_sow-image panel-first-child panel-last-child\" data-index=\"7\" ><div\n\t\t\t\n\t\t\tclass=\"so-widget-sow-image so-widget-sow-image-default-c67d20f9f743-1419\"\n\t\t\t\n\t\t>\n<div class=\"sow-image-container\">\n\t\t\t<a href=\"https:\/\/annexeromainville.com\/index.php\/le-cabaret-des-impromises\/\"\n\t\t\t\t\t>\n\t\t\t<img \n\tsrc=\"https:\/\/annexeromainville.com\/wp-content\/uploads\/2018\/01\/A3fichierImpressionFlyerCabaret-page-001-267x300.jpg\" width=\"267\" height=\"300\" srcset=\"https:\/\/annexeromainville.com\/wp-content\/uploads\/2018\/01\/A3fichierImpressionFlyerCabaret-page-001-267x300.jpg 267w, https:\/\/annexeromainville.com\/wp-content\/uploads\/2018\/01\/A3fichierImpressionFlyerCabaret-page-001-768x862.jpg 768w, https:\/\/annexeromainville.com\/wp-content\/uploads\/2018\/01\/A3fichierImpressionFlyerCabaret-page-001-913x1024.jpg 913w\" sizes=\"(max-width: 267px) 100vw, 267px\" alt=\"\" loading=\"lazy\" \t\tclass=\"so-widget-image\"\/>\n\t\t\t<\/a><\/div>\n\n<\/div><\/div><\/div><div id=\"pgc-1419-3-1\"  class=\"panel-grid-cell\" ><div id=\"panel-1419-3-1-0\" class=\"so-panel widget widget_sow-image panel-first-child panel-last-child\" data-index=\"8\" ><div\n\t\t\t\n\t\t\tclass=\"so-widget-sow-image so-widget-sow-image-default-c67d20f9f743-1419\"\n\t\t\t\n\t\t>\n<div class=\"sow-image-container\">\n\t\t\t<a href=\"https:\/\/annexeromainville.com\/index.php\/oh-les-beaux-jours\/\"\n\t\t\t\t\t>\n\t\t\t<img \n\tsrc=\"https:\/\/annexeromainville.com\/wp-content\/uploads\/2018\/01\/A3fichierImpressionFlyerOh-page-001-266x300.jpg\" width=\"266\" height=\"300\" srcset=\"https:\/\/annexeromainville.com\/wp-content\/uploads\/2018\/01\/A3fichierImpressionFlyerOh-page-001-266x300.jpg 266w, https:\/\/annexeromainville.com\/wp-content\/uploads\/2018\/01\/A3fichierImpressionFlyerOh-page-001-768x865.jpg 768w, https:\/\/annexeromainville.com\/wp-content\/uploads\/2018\/01\/A3fichierImpressionFlyerOh-page-001-909x1024.jpg 909w\" sizes=\"(max-width: 266px) 100vw, 266px\" alt=\"\" loading=\"lazy\" \t\tclass=\"so-widget-image\"\/>\n\t\t\t<\/a><\/div>\n\n<\/div><\/div><\/div><\/div><div id=\"pg-1419-4\"  class=\"panel-grid panel-no-style\" ><div id=\"pgc-1419-4-0\"  class=\"panel-grid-cell\" ><div id=\"panel-1419-4-0-0\" class=\"so-panel widget widget_sow-editor panel-first-child panel-last-child\" data-index=\"9\" ><div\n\t\t\t\n\t\t\tclass=\"so-widget-sow-editor so-widget-sow-editor-base\"\n\t\t\t\n\t\t>\n<div class=\"siteorigin-widget-tinymce textwidget\">\n\t<p style=\"text-align: center;\">Soir\u00e9e cabaret d'improvisation<br \/>Vendredi 9 Mars 2018 \u00e0 20h<br \/>Samedi 10 Mars 2018 \u00e0 20h<\/p>\n<\/div>\n<\/div><\/div><\/div><div id=\"pgc-1419-4-1\"  class=\"panel-grid-cell\" ><div id=\"panel-1419-4-1-0\" class=\"so-panel widget widget_sow-editor panel-first-child panel-last-child\" data-index=\"10\" ><div\n\t\t\t\n\t\t\tclass=\"so-widget-sow-editor so-widget-sow-editor-base\"\n\t\t\t\n\t\t>\n<div class=\"siteorigin-widget-tinymce textwidget\">\n\t<p style=\"text-align: center;\">Th\u00e9\u00e2tre<br \/>Samedi 17 Mars 2018 \u00e0 20h<\/p>\n<\/div>\n<\/div><\/div><\/div><\/div><div id=\"pg-1419-5\"  class=\"panel-grid panel-no-style\" ><div id=\"pgc-1419-5-0\"  class=\"panel-grid-cell\" ><div id=\"panel-1419-5-0-0\" class=\"so-panel widget widget_sow-image panel-first-child panel-last-child\" data-index=\"11\" ><div\n\t\t\t\n\t\t\tclass=\"so-widget-sow-image so-widget-sow-image-default-c67d20f9f743-1419\"\n\t\t\t\n\t\t>\n<div class=\"sow-image-container\">\n\t\t\t<a href=\"http:\/\/annexeromainville.com\/index.php\/guertrude-sen-va-au-bal\/\"\n\t\t\t\t\t>\n\t\t\t<img \n\tsrc=\"https:\/\/annexeromainville.com\/wp-content\/uploads\/2018\/01\/A3fichierImpressionFlyerGuertrude-page-001-267x300.jpg\" width=\"267\" height=\"300\" srcset=\"https:\/\/annexeromainville.com\/wp-content\/uploads\/2018\/01\/A3fichierImpressionFlyerGuertrude-page-001-267x300.jpg 267w, https:\/\/annexeromainville.com\/wp-content\/uploads\/2018\/01\/A3fichierImpressionFlyerGuertrude-page-001-768x862.jpg 768w, https:\/\/annexeromainville.com\/wp-content\/uploads\/2018\/01\/A3fichierImpressionFlyerGuertrude-page-001-912x1024.jpg 912w\" sizes=\"(max-width: 267px) 100vw, 267px\" alt=\"\" loading=\"lazy\" \t\tclass=\"so-widget-image\"\/>\n\t\t\t<\/a><\/div>\n\n<\/div><\/div><\/div><div id=\"pgc-1419-5-1\"  class=\"panel-grid-cell\" ><div id=\"panel-1419-5-1-0\" class=\"so-panel widget widget_sow-image panel-first-child panel-last-child\" data-index=\"12\" ><div\n\t\t\t\n\t\t\tclass=\"so-widget-sow-image so-widget-sow-image-default-c67d20f9f743-1419\"\n\t\t\t\n\t\t>\n<div class=\"sow-image-container\">\n\t\t\t<a href=\"https:\/\/annexeromainville.com\/index.php\/tnt-tresors-nationaux-du-theatre\/\"\n\t\t\t\t\t>\n\t\t\t<img \n\tsrc=\"https:\/\/annexeromainville.com\/wp-content\/uploads\/2018\/01\/A3fichierImpressionFlyerTnt-page-001-266x300.jpg\" width=\"266\" height=\"300\" srcset=\"https:\/\/annexeromainville.com\/wp-content\/uploads\/2018\/01\/A3fichierImpressionFlyerTnt-page-001-266x300.jpg 266w, https:\/\/annexeromainville.com\/wp-content\/uploads\/2018\/01\/A3fichierImpressionFlyerTnt-page-001-768x866.jpg 768w, https:\/\/annexeromainville.com\/wp-content\/uploads\/2018\/01\/A3fichierImpressionFlyerTnt-page-001-908x1024.jpg 908w\" sizes=\"(max-width: 266px) 100vw, 266px\" alt=\"\" loading=\"lazy\" \t\tclass=\"so-widget-image\"\/>\n\t\t\t<\/a><\/div>\n\n<\/div><\/div><\/div><\/div><div id=\"pg-1419-6\"  class=\"panel-grid panel-no-style\" ><div id=\"pgc-1419-6-0\"  class=\"panel-grid-cell\" ><div id=\"panel-1419-6-0-0\" class=\"so-panel widget widget_sow-editor panel-first-child panel-last-child\" data-index=\"13\" ><div\n\t\t\t\n\t\t\tclass=\"so-widget-sow-editor so-widget-sow-editor-base\"\n\t\t\t\n\t\t>\n<div class=\"siteorigin-widget-tinymce textwidget\">\n\t<p style=\"text-align: center;\">Soir\u00e9e cabaret chanson<br \/>Vendredi 23 Mars 2018 \u00e0 20h<br \/>Samedi 24 Mars 2018 \u00e0 20h<\/p>\n<\/div>\n<\/div><\/div><\/div><div id=\"pgc-1419-6-1\"  class=\"panel-grid-cell\" ><div id=\"panel-1419-6-1-0\" class=\"so-panel widget widget_sow-editor panel-first-child panel-last-child\" data-index=\"14\" ><div\n\t\t\t\n\t\t\tclass=\"so-widget-sow-editor so-widget-sow-editor-base\"\n\t\t\t\n\t\t>\n<div class=\"siteorigin-widget-tinymce textwidget\">\n\t<p style=\"text-align: center;\">Th\u00e9\u00e2tre<br \/>Vendredi 30 Mars 2018 \u00e0 20h<br \/>Samedi 31 Mars 2018 \u00e0 20h<\/p>\n<\/div>\n<\/div><\/div><\/div><\/div><div id=\"pg-1419-7\"  class=\"panel-grid panel-no-style\" ><div id=\"pgc-1419-7-0\"  class=\"panel-grid-cell\" ><div id=\"panel-1419-7-0-0\" class=\"so-panel widget widget_sow-image panel-first-child panel-last-child\" data-index=\"15\" ><div\n\t\t\t\n\t\t\tclass=\"so-widget-sow-image so-widget-sow-image-default-c67d20f9f743-1419\"\n\t\t\t\n\t\t>\n<div class=\"sow-image-container\">\n\t\t<img \n\tsrc=\"https:\/\/annexeromainville.com\/wp-content\/uploads\/2018\/01\/affiche-A4-Hiver-2018-nouvelle-version-page-001.jpg\" width=\"2480\" height=\"3508\" srcset=\"https:\/\/annexeromainville.com\/wp-content\/uploads\/2018\/01\/affiche-A4-Hiver-2018-nouvelle-version-page-001.jpg 2480w, https:\/\/annexeromainville.com\/wp-content\/uploads\/2018\/01\/affiche-A4-Hiver-2018-nouvelle-version-page-001-212x300.jpg 212w, https:\/\/annexeromainville.com\/wp-content\/uploads\/2018\/01\/affiche-A4-Hiver-2018-nouvelle-version-page-001-768x1086.jpg 768w, https:\/\/annexeromainville.com\/wp-content\/uploads\/2018\/01\/affiche-A4-Hiver-2018-nouvelle-version-page-001-724x1024.jpg 724w\" sizes=\"(max-width: 2480px) 100vw, 2480px\" title=\"affiche A4 Hiver 2018 nouvelle version-page-001\" alt=\"\" loading=\"lazy\" \t\tclass=\"so-widget-image\"\/>\n\t<\/div>\n\n<\/div><\/div><\/div><\/div><\/div>","protected":false},"excerpt":{"rendered":"<p>Lecture Spectacle Vendredi 2 F\u00e9vrier 2018 \u00e0 20h Samedi 3 F\u00e9vrier 2018 \u00e0 20h Lecture \u00e9rotiqueVendredi 9 F\u00e9vrier 2018 \u00e0 20hMercredi 14 F\u00e9vrier 2018 \u00e0 20h Rencontre PerformanceSamedi 10 F\u00e9vrier<span class=\"read-more-wrap\"><a class=\"moretag\" href=\"https:\/\/annexeromainville.com\/index.php\/saison-hiver-2018\/\">Lire la suite<span class=\"screen-reader-text\">Saison Hiver 2018<\/span><\/a><\/span><\/p>\n","protected":false},"author":2,"featured_media":0,"parent":0,"menu_order":0,"comment_status":"closed","ping_status":"closed","template":"","meta":{"_bbp_topic_count":0,"_bbp_reply_count":0,"_bbp_total_topic_count":0,"_bbp_total_reply_count":0,"_bbp_voice_count":0,"_bbp_anonymous_reply_count":0,"_bbp_topic_count_hidden":0,"_bbp_reply_count_hidden":0,"_bbp_forum_subforum_count":0,"ngg_post_thumbnail":0},"_links":{"self":[{"href":"https:\/\/annexeromainville.com\/index.php\/wp-json\/wp\/v2\/pages\/1419"}],"collection":[{"href":"https:\/\/annexeromainville.com\/index.php\/wp-json\/wp\/v2\/pages"}],"about":[{"href":"https:\/\/annexeromainville.com\/index.php\/wp-json\/wp\/v2\/types\/page"}],"author":[{"embeddable":true,"href":"https:\/\/annexeromainville.com\/index.php\/wp-json\/wp\/v2\/users\/2"}],"replies":[{"embeddable":true,"href":"https:\/\/annexeromainville.com\/index.php\/wp-json\/wp\/v2\/comments?post=1419"}],"version-history":[{"count":38,"href":"https:\/\/annexeromainville.com\/index.php\/wp-json\/wp\/v2\/pages\/1419\/revisions"}],"predecessor-version":[{"id":3114,"href":"https:\/\/annexeromainville.com\/index.php\/wp-json\/wp\/v2\/pages\/1419\/revisions\/3114"}],"wp:attachment":[{"href":"https:\/\/annexeromainville.com\/index.php\/wp-json\/wp\/v2\/media?parent=1419"}],"curies":[{"name":"wp","href":"https:\/\/api.w.org\/{rel}","templated":true}]}}