{"id":1476,"date":"2018-01-31T11:35:49","date_gmt":"2018-01-31T10:35:49","guid":{"rendered":"http:\/\/annexedutraindevie.com\/?page_id=1476"},"modified":"2019-01-10T11:26:57","modified_gmt":"2019-01-10T10:26:57","slug":"soirees-cabarets","status":"publish","type":"page","link":"https:\/\/annexeromainville.com\/index.php\/soirees-cabarets\/","title":{"rendered":"Soir\u00e9e Cabaret"},"content":{"rendered":"<div id=\"pl-1476\"  class=\"panel-layout\" ><div id=\"pg-1476-0\"  class=\"panel-grid panel-no-style\" ><div id=\"pgc-1476-0-0\"  class=\"panel-grid-cell\" ><div id=\"panel-1476-0-0-0\" class=\"so-panel widget widget_sow-image panel-first-child panel-last-child\" data-index=\"0\" ><div\n\t\t\t\n\t\t\tclass=\"so-widget-sow-image so-widget-sow-image-default-a258e6bfa2d8-1476\"\n\t\t\t\n\t\t>\n<div class=\"sow-image-container\">\n\t\t<img \n\tsrc=\"https:\/\/annexeromainville.com\/wp-content\/uploads\/2019\/01\/Les-Cabarets.jpg\" width=\"496\" height=\"76\" srcset=\"https:\/\/annexeromainville.com\/wp-content\/uploads\/2019\/01\/Les-Cabarets.jpg 496w, https:\/\/annexeromainville.com\/wp-content\/uploads\/2019\/01\/Les-Cabarets-300x46.jpg 300w\" sizes=\"(max-width: 496px) 100vw, 496px\" title=\"Les Cabarets\" alt=\"\" loading=\"lazy\" \t\tclass=\"so-widget-image\"\/>\n\t<\/div>\n\n<\/div><\/div><\/div><\/div><div id=\"pg-1476-1\"  class=\"panel-grid panel-no-style\" ><div id=\"pgc-1476-1-0\"  class=\"panel-grid-cell\" ><div id=\"panel-1476-1-0-0\" class=\"so-panel widget widget_sow-editor panel-first-child panel-last-child\" data-index=\"1\" ><div\n\t\t\t\n\t\t\tclass=\"so-widget-sow-editor so-widget-sow-editor-base\"\n\t\t\t\n\t\t>\n<div class=\"siteorigin-widget-tinymce textwidget\">\n\t<p style=\"text-align: left;\"><span style=\"color: #000000;\">Les cabarets sont des soir\u00e9es \u00e0 th\u00e8me ponctu\u00e9es de spectacles, agr\u00e9ment\u00e9es d'une assiette et d'une boisson.<\/span><\/p>\n<p><em><strong>Saison 2018\/2019 :<\/strong><\/em><\/p>\n<p>Cabaret Napolitain<\/p>\n<p><span style=\"color: #000000;\"><strong><span style=\"text-decoration: underline;\">Saison 2017\/2018 :<\/span><\/strong><\/span><\/p>\n<p><span style=\"color: #000000;\"><a href=\"http:\/\/annexedutraindevie.com\/index.php\/le-cabaret-des-impromises\/\"><span style=\"color: #ff0000;\"><em>Le Cabaret des Impromises<\/em><\/span><\/a>, Avec Gw\u00e9na\u00eblle Carr\u00e9, Emma Debroise, Tania Dutel, Audrey Faure et Chlo\u00e9 Sirot<\/span><br \/>\n<span style=\"color: #000000;\"><span style=\"color: #ff0000;\"><a href=\"http:\/\/annexedutraindevie.com\/index.php\/visage-dargentine-volver\/\"><em>Un visage d'Argentine<\/em><\/a><\/span>, de et par Corinne Laporte, avec Marie Chabrun et Corinne Laporte<\/span><br \/>\n<span style=\"color: #000000;\"><span style=\"color: #ff0000;\"><a href=\"http:\/\/annexedutraindevie.com\/index.php\/visage-dargentine-volver\/\"><em>Volver<\/em><\/a><\/span>, de Juan Ramos par la Cie Cambalache<\/span><\/p>\n<\/div>\n<\/div><\/div><\/div><\/div><\/div>","protected":false},"excerpt":{"rendered":"<p>Les cabarets sont des soir\u00e9es \u00e0 th\u00e8me ponctu\u00e9es de spectacles, agr\u00e9ment\u00e9es d&#8217;une assiette et d&#8217;une boisson. Saison 2018\/2019 : Cabaret Napolitain Saison 2017\/2018 : Le Cabaret des Impromises, Avec Gw\u00e9na\u00eblle<span class=\"read-more-wrap\"><a class=\"moretag\" href=\"https:\/\/annexeromainville.com\/index.php\/soirees-cabarets\/\">Lire la suite<span class=\"screen-reader-text\">Soir\u00e9e Cabaret<\/span><\/a><\/span><\/p>\n","protected":false},"author":2,"featured_media":0,"parent":0,"menu_order":0,"comment_status":"closed","ping_status":"closed","template":"","meta":{"_bbp_topic_count":0,"_bbp_reply_count":0,"_bbp_total_topic_count":0,"_bbp_total_reply_count":0,"_bbp_voice_count":0,"_bbp_anonymous_reply_count":0,"_bbp_topic_count_hidden":0,"_bbp_reply_count_hidden":0,"_bbp_forum_subforum_count":0,"ngg_post_thumbnail":0},"_links":{"self":[{"href":"https:\/\/annexeromainville.com\/index.php\/wp-json\/wp\/v2\/pages\/1476"}],"collection":[{"href":"https:\/\/annexeromainville.com\/index.php\/wp-json\/wp\/v2\/pages"}],"about":[{"href":"https:\/\/annexeromainville.com\/index.php\/wp-json\/wp\/v2\/types\/page"}],"author":[{"embeddable":true,"href":"https:\/\/annexeromainville.com\/index.php\/wp-json\/wp\/v2\/users\/2"}],"replies":[{"embeddable":true,"href":"https:\/\/annexeromainville.com\/index.php\/wp-json\/wp\/v2\/comments?post=1476"}],"version-history":[{"count":14,"href":"https:\/\/annexeromainville.com\/index.php\/wp-json\/wp\/v2\/pages\/1476\/revisions"}],"predecessor-version":[{"id":2246,"href":"https:\/\/annexeromainville.com\/index.php\/wp-json\/wp\/v2\/pages\/1476\/revisions\/2246"}],"wp:attachment":[{"href":"https:\/\/annexeromainville.com\/index.php\/wp-json\/wp\/v2\/media?parent=1476"}],"curies":[{"name":"wp","href":"https:\/\/api.w.org\/{rel}","templated":true}]}}