{"id":15,"date":"2016-08-18T16:08:12","date_gmt":"2016-08-18T15:08:12","guid":{"rendered":"http:\/\/annexedutraindevie.com\/?page_id=15"},"modified":"2016-10-12T17:00:40","modified_gmt":"2016-10-12T16:00:40","slug":"mentions-legales","status":"publish","type":"page","link":"https:\/\/annexeromainville.com\/index.php\/mentions-legales\/","title":{"rendered":"Mentions L\u00e9gales"},"content":{"rendered":"<h2><span style=\"color: #000000;\">\u00c9diteur du site<\/span><\/h2>\n<p><span style=\"color: #000000;\">Ce site est \u00e9dit\u00e9 par la Compagnie Jetzt.<\/span><br \/>\n<span style=\"color: #000000;\"> Association loi 1901.<\/span><\/p>\n<p><span style=\"color: #000000;\">Si\u00e8ge social : 41 rue Carnot 93230 Romainvile<\/span><\/p>\n<p><span style=\"color: #000000;\">Contact : jetzt.cie@gmail.com<\/span><\/p>\n<p><span style=\"color: #000000;\">Directeur de la publication : Florent Dubrulle<\/span><br \/>\n<span style=\"color: #000000;\"> Contact : administration@annexedutraindevie.com<\/span><\/p>\n<h2>\n<span style=\"color: #000000;\"> H\u00e9bergeur<\/span><\/h2>\n<p><span style=\"color: #000000;\">Ce site est h\u00e9berg\u00e9 par la soci\u00e9t\u00e9 SAS OVH.<\/span><\/p>\n<p><span style=\"color: #000000;\">Contact : SAS OVH<\/span><br \/>\n<span style=\"color: #000000;\"> 2 rue Kellermann<\/span><br \/>\n<span style=\"color: #000000;\"> BP 80157<\/span><br \/>\n<span style=\"color: #000000;\"> 59100 Roubaix<\/span><\/p>\n<p><span style=\"color: #000000;\">www.ovh.com<\/span><\/p>\n<h2>\n<strong><span style=\"color: #000000;\"> Propri\u00e9t\u00e9 Intellectuelle<\/span><\/strong><\/h2>\n<p><span style=\"color: #000000;\">La structure g\u00e9n\u00e9rale, les textes, images anim\u00e9es ou non, les sons, les savoir-faire, les programmes et logiciels ainsi que tout autre \u00e9l\u00e9ment composant ce site sont la propri\u00e9t\u00e9 exclusive de l\u2019\u00c9diteur et sont prot\u00e9g\u00e9s par le droit d\u2019auteur.<\/span><\/p>\n<p><span style=\"color: #000000;\">Toute repr\u00e9sentation totale ou partielle de ce site, par quelque proc\u00e9d\u00e9 que ce soit, sans l\u2019autorisation expresse de l\u2019\u00c9diteur est donc interdite et constituerait une contrefa\u00e7on. Les marques, noms commerciaux et logos figurant sur ce site sont des marques d\u00e9pos\u00e9es par leur propri\u00e9taire respectif. Toute reproduction totale ou partielle des marques ou logos, effectu\u00e9e \u00e0 partir des \u00e9l\u00e9ments du site, sans l\u2019autorisation expresse de leur propri\u00e9taire est donc prohib\u00e9e.<\/span><\/p>\n<h2>\n<span style=\"color: #000000;\"> Donn\u00e9es personnelles<\/span><\/h2>\n<p><span style=\"color: #000000;\">L\u2019utilisateur est inform\u00e9 que ses donn\u00e9es personnelles recueillies dans le cadre de l\u2019inscription sur le site font l\u2019objet d\u2019un traitement automatis\u00e9 par l\u2019\u00e9diteur. La loi 78-11 du 6 janvier 1978 relative \u00e0 l\u2019informatique, aux fichiers et aux libert\u00e9s s\u2019applique \u00e0 ces donn\u00e9es. Elle vous garantit un droit d\u2019acc\u00e8s et de rectification pour les donn\u00e9es vous concernant<\/span><br \/>\n<span style=\"color: #000000;\"> Selon les articles 15 et 16 de la loi 78-17 du 6 janvier 1978 relative \u00e0 l\u2019informatique, aux fichiers et aux libert\u00e9s des informations contenues dans ce site peuvent \u00eatre modifiables par demande \u00e9crite par la personne concern\u00e9e par l\u2019information. Le droit d\u2019acc\u00e8s et de rectification portant sur les donn\u00e9es vous concernant peut \u00eatre exerc\u00e9 par courriel ou courrier aux adresses de contact indiqu\u00e9es ci-dessus.<\/span><\/p>\n<h2>\n<span style=\"color: #000000;\"> Statistiques d\u2019utilisation<\/span><\/h2>\n<p><span style=\"color: #000000;\">Ce site utilise Google Analytics, un service d\u2019analyse de site internet fourni par Google Inc. (\u00ab Google \u00bb). Google Analytics utilise des cookies, qui sont des fichiers texte plac\u00e9s sur votre ordinateur, pour aider le site internet \u00e0 analyser l\u2019utilisation du site par ses utilisateurs.<\/span><\/p>\n<h2>\n<span style=\"color: #000000;\"> Plateforme<\/span><\/h2>\n<p><span style=\"color: #000000;\">Ce site est propuls\u00e9 par WordPress.<\/span><br \/>\n<span style=\"color: #000000;\"> Th\u00e8me ENGRAVE (LITE).<\/span><\/p>\n<h2>\n<span style=\"color: #000000;\"> Images<\/span><\/h2>\n<p><span style=\"color: #000000;\">Les images utilis\u00e9es dans le site sont la propri\u00e9t\u00e9 de leur auteur.<\/span><\/p>\n<h2>\n<strong><span style=\"color: #000000;\"> Litige<\/span><\/strong><\/h2>\n<p><span style=\"color: #000000;\">Tout litige portant sur l\u2019interpr\u00e9tation ou l\u2019ex\u00e9cution des pr\u00e9sentes conditions sera de la comp\u00e9tence exclusive des Tribunaux fran\u00e7ais faisant application de la loi fran\u00e7aise.<\/span><\/p>\n","protected":false},"excerpt":{"rendered":"<p>\u00c9diteur du site Ce site est \u00e9dit\u00e9 par la Compagnie Jetzt. Association loi 1901. Si\u00e8ge social : 41 rue Carnot 93230 Romainvile Contact : jetzt.cie@gmail.com Directeur de la publication :<span class=\"read-more-wrap\"><a class=\"moretag\" href=\"https:\/\/annexeromainville.com\/index.php\/mentions-legales\/\">Lire la suite<span class=\"screen-reader-text\">Mentions L\u00e9gales<\/span><\/a><\/span><\/p>\n","protected":false},"author":2,"featured_media":0,"parent":0,"menu_order":0,"comment_status":"closed","ping_status":"closed","template":"","meta":{"_bbp_topic_count":0,"_bbp_reply_count":0,"_bbp_total_topic_count":0,"_bbp_total_reply_count":0,"_bbp_voice_count":0,"_bbp_anonymous_reply_count":0,"_bbp_topic_count_hidden":0,"_bbp_reply_count_hidden":0,"_bbp_forum_subforum_count":0,"ngg_post_thumbnail":0},"_links":{"self":[{"href":"https:\/\/annexeromainville.com\/index.php\/wp-json\/wp\/v2\/pages\/15"}],"collection":[{"href":"https:\/\/annexeromainville.com\/index.php\/wp-json\/wp\/v2\/pages"}],"about":[{"href":"https:\/\/annexeromainville.com\/index.php\/wp-json\/wp\/v2\/types\/page"}],"author":[{"embeddable":true,"href":"https:\/\/annexeromainville.com\/index.php\/wp-json\/wp\/v2\/users\/2"}],"replies":[{"embeddable":true,"href":"https:\/\/annexeromainville.com\/index.php\/wp-json\/wp\/v2\/comments?post=15"}],"version-history":[{"count":4,"href":"https:\/\/annexeromainville.com\/index.php\/wp-json\/wp\/v2\/pages\/15\/revisions"}],"predecessor-version":[{"id":338,"href":"https:\/\/annexeromainville.com\/index.php\/wp-json\/wp\/v2\/pages\/15\/revisions\/338"}],"wp:attachment":[{"href":"https:\/\/annexeromainville.com\/index.php\/wp-json\/wp\/v2\/media?parent=15"}],"curies":[{"name":"wp","href":"https:\/\/api.w.org\/{rel}","templated":true}]}}