{"id":1525,"date":"2018-02-01T09:52:24","date_gmt":"2018-02-01T08:52:24","guid":{"rendered":"http:\/\/annexedutraindevie.com\/?page_id=1525"},"modified":"2018-03-05T16:13:42","modified_gmt":"2018-03-05T15:13:42","slug":"le-cabaret-des-impromises","status":"publish","type":"page","link":"https:\/\/annexeromainville.com\/index.php\/le-cabaret-des-impromises\/","title":{"rendered":"Le Cabaret des Impromises"},"content":{"rendered":"<div id=\"pl-1525\"  class=\"panel-layout\" ><div id=\"pg-1525-0\"  class=\"panel-grid panel-no-style\" ><div id=\"pgc-1525-0-0\"  class=\"panel-grid-cell\" ><div id=\"panel-1525-0-0-0\" class=\"so-panel widget widget_sow-editor panel-first-child panel-last-child\" data-index=\"0\" ><div\n\t\t\t\n\t\t\tclass=\"so-widget-sow-editor so-widget-sow-editor-base\"\n\t\t\t\n\t\t>\n<div class=\"siteorigin-widget-tinymce textwidget\">\n\t<h2 style=\"text-align: center;\"><span style=\"color: #000000;\">Le Cabaret des Impromises<\/span><\/h2>\n<h4 style=\"text-align: center;\"><span style=\"color: #000000;\">Vendredi 9 Mars 2018 \u00e0 20h<\/span><br \/><span style=\"color: #000000;\">Samedi 10 Mars 2018 \u00e0 20h<\/span><\/h4>\n<p style=\"text-align: center;\"><span style=\"color: #000000;\">Cabaret d'improvisation<\/span><br \/><span style=\"color: #000000;\">A partir de 8 ans<\/span><\/p>\n<\/div>\n<\/div><\/div><\/div><\/div><div id=\"pg-1525-1\"  class=\"panel-grid panel-no-style\" ><div id=\"pgc-1525-1-0\"  class=\"panel-grid-cell\" ><div id=\"panel-1525-1-0-0\" class=\"so-panel widget widget_sow-image panel-first-child panel-last-child\" data-index=\"1\" ><div\n\t\t\t\n\t\t\tclass=\"so-widget-sow-image so-widget-sow-image-default-c67d20f9f743-1525\"\n\t\t\t\n\t\t>\n<div class=\"sow-image-container\">\n\t\t<img \n\tsrc=\"https:\/\/annexeromainville.com\/wp-content\/uploads\/2018\/02\/Impromises_annonceA4_HD_Ok.jpg\" width=\"2480\" height=\"3508\" srcset=\"https:\/\/annexeromainville.com\/wp-content\/uploads\/2018\/02\/Impromises_annonceA4_HD_Ok.jpg 2480w, https:\/\/annexeromainville.com\/wp-content\/uploads\/2018\/02\/Impromises_annonceA4_HD_Ok-212x300.jpg 212w, https:\/\/annexeromainville.com\/wp-content\/uploads\/2018\/02\/Impromises_annonceA4_HD_Ok-768x1086.jpg 768w, https:\/\/annexeromainville.com\/wp-content\/uploads\/2018\/02\/Impromises_annonceA4_HD_Ok-724x1024.jpg 724w\" sizes=\"(max-width: 2480px) 100vw, 2480px\" alt=\"\" loading=\"lazy\" \t\tclass=\"so-widget-image\"\/>\n\t<\/div>\n\n<\/div><\/div><\/div><div id=\"pgc-1525-1-1\"  class=\"panel-grid-cell\" ><div id=\"panel-1525-1-1-0\" class=\"so-panel widget widget_sow-editor panel-first-child\" data-index=\"2\" ><div\n\t\t\t\n\t\t\tclass=\"so-widget-sow-editor so-widget-sow-editor-base\"\n\t\t\t\n\t\t>\n<div class=\"siteorigin-widget-tinymce textwidget\">\n\t<p><span style=\"color: #000000;\">Avec <strong>Gwena\u00eblle Carr\u00e9, Emma Debroise, Audrey Faure, Marine Galland, Jessica Goldman et Chlo\u00e9 Sirot<\/strong><\/span><\/p>\n<p><span style=\"color: #000000;\">Autour des utopies de 68, la troupe des Impromises nous rend visite, attendez vous \u00e0 \u00eatre r\u00e9volutionn\u00e9 !!\u00a0<\/span><\/p>\n<p><span style=\"color: #000000;\">Les Impromises, c'est une troupe f\u00e9minine sans compromis ... Un spectacle d'improvisation unique en son genre qui bouleverse des codes \u00e9tablis.<\/span><\/p>\n<p style=\"text-align: center;\"><span style=\"color: #000000;\">Cr\u00e9\u00e9e en 2013,<\/span><br \/><span style=\"color: #000000;\">la Cie les Impromises a pour<\/span><br \/><span style=\"color: #000000;\">objet de renouveler les codes<\/span><br \/><span style=\"color: #000000;\">de l'improvisation, encore<\/span><br \/><span style=\"color: #000000;\">tr\u00e8s masculine.<\/span><\/p>\n<p style=\"text-align: center;\"><span style=\"color: #000000;\">Une compagnie 100% f\u00e9minine<\/span><br \/><span style=\"color: #000000;\">sans promis ni compromis.<\/span><\/p>\n<\/div>\n<\/div><\/div><div id=\"panel-1525-1-1-1\" class=\"so-panel widget widget_sow-button panel-last-child\" data-index=\"3\" ><div\n\t\t\t\n\t\t\tclass=\"so-widget-sow-button so-widget-sow-button-atom-857739567c6a-1525\"\n\t\t\t\n\t\t><div class=\"ow-button-base ow-button-align-center\"\n>\n\t\t\t<a\n\t\t\t\t\thref=\"http:\/\/annexedutraindevie.com\/index.php\/reservation\/\"\n\t\t\t\t\tclass=\"sowb-button ow-icon-placement-left ow-button-hover\" \t>\n\t\t<span>\n\t\t\t\n\t\t\tR\u00e9server\t\t<\/span>\n\t\t\t<\/a>\n\t<\/div>\n<\/div><\/div><\/div><\/div><\/div>","protected":false},"excerpt":{"rendered":"<p>Le Cabaret des Impromises Vendredi 9 Mars 2018 \u00e0 20hSamedi 10 Mars 2018 \u00e0 20h Cabaret d&#8217;improvisationA partir de 8 ans Avec Gwena\u00eblle Carr\u00e9, Emma Debroise, Audrey Faure, Marine Galland,<span class=\"read-more-wrap\"><a class=\"moretag\" href=\"https:\/\/annexeromainville.com\/index.php\/le-cabaret-des-impromises\/\">Lire la suite<span class=\"screen-reader-text\">Le Cabaret des Impromises<\/span><\/a><\/span><\/p>\n","protected":false},"author":2,"featured_media":0,"parent":0,"menu_order":0,"comment_status":"closed","ping_status":"closed","template":"","meta":{"_bbp_topic_count":0,"_bbp_reply_count":0,"_bbp_total_topic_count":0,"_bbp_total_reply_count":0,"_bbp_voice_count":0,"_bbp_anonymous_reply_count":0,"_bbp_topic_count_hidden":0,"_bbp_reply_count_hidden":0,"_bbp_forum_subforum_count":0,"ngg_post_thumbnail":0},"_links":{"self":[{"href":"https:\/\/annexeromainville.com\/index.php\/wp-json\/wp\/v2\/pages\/1525"}],"collection":[{"href":"https:\/\/annexeromainville.com\/index.php\/wp-json\/wp\/v2\/pages"}],"about":[{"href":"https:\/\/annexeromainville.com\/index.php\/wp-json\/wp\/v2\/types\/page"}],"author":[{"embeddable":true,"href":"https:\/\/annexeromainville.com\/index.php\/wp-json\/wp\/v2\/users\/2"}],"replies":[{"embeddable":true,"href":"https:\/\/annexeromainville.com\/index.php\/wp-json\/wp\/v2\/comments?post=1525"}],"version-history":[{"count":20,"href":"https:\/\/annexeromainville.com\/index.php\/wp-json\/wp\/v2\/pages\/1525\/revisions"}],"predecessor-version":[{"id":1754,"href":"https:\/\/annexeromainville.com\/index.php\/wp-json\/wp\/v2\/pages\/1525\/revisions\/1754"}],"wp:attachment":[{"href":"https:\/\/annexeromainville.com\/index.php\/wp-json\/wp\/v2\/media?parent=1525"}],"curies":[{"name":"wp","href":"https:\/\/api.w.org\/{rel}","templated":true}]}}