{"id":1550,"date":"2018-02-01T10:36:21","date_gmt":"2018-02-01T09:36:21","guid":{"rendered":"http:\/\/annexedutraindevie.com\/?page_id=1550"},"modified":"2018-02-05T11:28:28","modified_gmt":"2018-02-05T10:28:28","slug":"ctrlx","status":"publish","type":"page","link":"https:\/\/annexeromainville.com\/index.php\/ctrlx\/","title":{"rendered":"CtrlX"},"content":{"rendered":"<div id=\"pl-1550\"  class=\"panel-layout\" ><div id=\"pg-1550-0\"  class=\"panel-grid panel-no-style\" ><div id=\"pgc-1550-0-0\"  class=\"panel-grid-cell\" ><div id=\"panel-1550-0-0-0\" class=\"so-panel widget widget_sow-editor panel-first-child panel-last-child\" data-index=\"0\" ><div\n\t\t\t\n\t\t\tclass=\"so-widget-sow-editor so-widget-sow-editor-base\"\n\t\t\t\n\t\t>\n<div class=\"siteorigin-widget-tinymce textwidget\">\n\t<h2 style=\"text-align: center;\"><span style=\"color: #000000;\">CtrlX<\/span><\/h2>\n<h4 style=\"text-align: center;\"><span style=\"color: #000000;\">Vendredi 9 F\u00e9vrier \u00e0 20h<\/span><br \/><span style=\"color: #000000;\">Mercredi 14 F\u00e9vrier \u00e0 20h<\/span><\/h4>\n<p style=\"text-align: center;\"><span style=\"color: #000000;\">Lecture \u00e9rotique<\/span><br \/><span style=\"color: #000000;\">A partir de 18 ans<\/span><\/p>\n<p>\u00a0<\/p>\n<\/div>\n<\/div><\/div><\/div><\/div><div id=\"pg-1550-1\"  class=\"panel-grid panel-no-style\" ><div id=\"pgc-1550-1-0\"  class=\"panel-grid-cell\" ><div id=\"panel-1550-1-0-0\" class=\"so-panel widget widget_sow-image panel-first-child panel-last-child\" data-index=\"1\" ><div\n\t\t\t\n\t\t\tclass=\"so-widget-sow-image so-widget-sow-image-default-c67d20f9f743-1550\"\n\t\t\t\n\t\t>\n<div class=\"sow-image-container\">\n\t\t<img \n\tsrc=\"https:\/\/annexeromainville.com\/wp-content\/uploads\/2018\/01\/ctrlx_ID.jpg\" width=\"400\" height=\"383\" srcset=\"https:\/\/annexeromainville.com\/wp-content\/uploads\/2018\/01\/ctrlx_ID.jpg 400w, https:\/\/annexeromainville.com\/wp-content\/uploads\/2018\/01\/ctrlx_ID-300x287.jpg 300w\" sizes=\"(max-width: 400px) 100vw, 400px\" alt=\"\" loading=\"lazy\" \t\tclass=\"so-widget-image\"\/>\n\t<\/div>\n\n<\/div><\/div><\/div><div id=\"pgc-1550-1-1\"  class=\"panel-grid-cell\" ><div id=\"panel-1550-1-1-0\" class=\"so-panel widget widget_sow-editor panel-first-child\" data-index=\"2\" ><div\n\t\t\t\n\t\t\tclass=\"so-widget-sow-editor so-widget-sow-editor-base\"\n\t\t\t\n\t\t>\n<div class=\"siteorigin-widget-tinymce textwidget\">\n\t<p><span style=\"color: #000000;\">Mis en voix par <strong>St\u00e9phanie Estournet<\/strong><\/span><br \/><span style=\"color: #000000;\">Avec<strong> Juliette Coulon, Renaud Barse et Sally Mara<\/strong><\/span><\/p>\n<p><span style=\"color: #000000;\">Les lectures amoureuses de St\u00e9phanie Estournet sont d\u00e9licieusement impudiques, savamment orchestr\u00e9es, se go\u00fbtent \u00e0 deux en toute libert\u00e9 !<\/span><br \/><span style=\"color: #000000;\">Les com\u00e9diens de CtrlX vous proposent une soir\u00e9e de lectures mise en son joyeuse et lascive. Une occasion in\u00e9dite de (re)d\u00e9couvrir la litt\u00e9rature amoureuse r\u00e9serv\u00e9e aux adultes.<\/span><\/p>\n<\/div>\n<\/div><\/div><div id=\"panel-1550-1-1-1\" class=\"so-panel widget widget_sow-editor\" data-index=\"3\" ><div\n\t\t\t\n\t\t\tclass=\"so-widget-sow-editor so-widget-sow-editor-base\"\n\t\t\t\n\t\t>\n<div class=\"siteorigin-widget-tinymce textwidget\">\n\t<p><span style=\"color: #000000;\">JULIETTE COULON a \u00e9t\u00e9 form\u00e9e \u00e0 l'\u00e9cole sup\u00e9rieure d'art dramatique de Paris (ESAD). Elle joue sous la direction de Philippe Dorin, Quentin Defalt, Jean-Claude Cotillard, ou encore avec Pierre Notte, \u00e0 la com\u00e9die des Champs-Elys\u00e9es.<\/span><\/p>\n<p><span style=\"color: #000000;\">RENAUD BARSE est com\u00e9dien, \u00e9crivain et artiste peintre et plasticien.\u00a0<\/span><\/p>\n<p><span style=\"color: #000000;\">SALLY MARA a l\u2019\u0153il aiguis\u00e9 et le verbe haut. Photographe, com\u00e9dienne et chanteuse, elle met inlassablement en bo\u00eete des images et des sons.\u00a0<\/span><\/p>\n<\/div>\n<\/div><\/div><div id=\"panel-1550-1-1-2\" class=\"so-panel widget widget_sow-button panel-last-child\" data-index=\"4\" ><div\n\t\t\t\n\t\t\tclass=\"so-widget-sow-button so-widget-sow-button-atom-857739567c6a-1550\"\n\t\t\t\n\t\t><div class=\"ow-button-base ow-button-align-center\"\n>\n\t\t\t<a\n\t\t\t\t\thref=\"http:\/\/annexedutraindevie.com\/index.php\/reservation\/\"\n\t\t\t\t\tclass=\"sowb-button ow-icon-placement-left ow-button-hover\" \t>\n\t\t<span>\n\t\t\t\n\t\t\tR\u00e9server\t\t<\/span>\n\t\t\t<\/a>\n\t<\/div>\n<\/div><\/div><\/div><\/div><\/div>","protected":false},"excerpt":{"rendered":"<p>CtrlX Vendredi 9 F\u00e9vrier \u00e0 20hMercredi 14 F\u00e9vrier \u00e0 20h Lecture \u00e9rotiqueA partir de 18 ans \u00a0 Mis en voix par St\u00e9phanie EstournetAvec Juliette Coulon, Renaud Barse et Sally Mara<span class=\"read-more-wrap\"><a class=\"moretag\" href=\"https:\/\/annexeromainville.com\/index.php\/ctrlx\/\">Lire la suite<span class=\"screen-reader-text\">CtrlX<\/span><\/a><\/span><\/p>\n","protected":false},"author":2,"featured_media":0,"parent":0,"menu_order":0,"comment_status":"closed","ping_status":"closed","template":"","meta":{"_bbp_topic_count":0,"_bbp_reply_count":0,"_bbp_total_topic_count":0,"_bbp_total_reply_count":0,"_bbp_voice_count":0,"_bbp_anonymous_reply_count":0,"_bbp_topic_count_hidden":0,"_bbp_reply_count_hidden":0,"_bbp_forum_subforum_count":0,"ngg_post_thumbnail":0},"_links":{"self":[{"href":"https:\/\/annexeromainville.com\/index.php\/wp-json\/wp\/v2\/pages\/1550"}],"collection":[{"href":"https:\/\/annexeromainville.com\/index.php\/wp-json\/wp\/v2\/pages"}],"about":[{"href":"https:\/\/annexeromainville.com\/index.php\/wp-json\/wp\/v2\/types\/page"}],"author":[{"embeddable":true,"href":"https:\/\/annexeromainville.com\/index.php\/wp-json\/wp\/v2\/users\/2"}],"replies":[{"embeddable":true,"href":"https:\/\/annexeromainville.com\/index.php\/wp-json\/wp\/v2\/comments?post=1550"}],"version-history":[{"count":7,"href":"https:\/\/annexeromainville.com\/index.php\/wp-json\/wp\/v2\/pages\/1550\/revisions"}],"predecessor-version":[{"id":1646,"href":"https:\/\/annexeromainville.com\/index.php\/wp-json\/wp\/v2\/pages\/1550\/revisions\/1646"}],"wp:attachment":[{"href":"https:\/\/annexeromainville.com\/index.php\/wp-json\/wp\/v2\/media?parent=1550"}],"curies":[{"name":"wp","href":"https:\/\/api.w.org\/{rel}","templated":true}]}}