{"id":1570,"date":"2018-02-01T11:24:40","date_gmt":"2018-02-01T10:24:40","guid":{"rendered":"http:\/\/annexedutraindevie.com\/?page_id=1570"},"modified":"2018-02-05T11:30:54","modified_gmt":"2018-02-05T10:30:54","slug":"d-de-kabal","status":"publish","type":"page","link":"https:\/\/annexeromainville.com\/index.php\/d-de-kabal\/","title":{"rendered":"D&#8217; de Kabal"},"content":{"rendered":"<div id=\"pl-1570\"  class=\"panel-layout\" ><div id=\"pg-1570-0\"  class=\"panel-grid panel-no-style\" ><div id=\"pgc-1570-0-0\"  class=\"panel-grid-cell\" ><div id=\"panel-1570-0-0-0\" class=\"so-panel widget widget_sow-editor panel-first-child panel-last-child\" data-index=\"0\" ><div\n\t\t\t\n\t\t\tclass=\"so-widget-sow-editor so-widget-sow-editor-base\"\n\t\t\t\n\t\t>\n<div class=\"siteorigin-widget-tinymce textwidget\">\n\t<h2 style=\"text-align: center;\"><span style=\"color: #000000;\">D' de Kabal<\/span><\/h2>\n<h4 style=\"text-align: center;\"><span style=\"color: #000000;\">Samedi 10 F\u00e9vrier 2018 \u00e0 20h<\/span><\/h4>\n<p style=\"text-align: center;\"><span style=\"color: #000000;\">Rencontre - Performance<\/span><br \/><span style=\"color: #000000;\">A partir de 11 ans<\/span><\/p>\n<p>\u00a0<\/p>\n<\/div>\n<\/div><\/div><\/div><\/div><div id=\"pg-1570-1\"  class=\"panel-grid panel-no-style\" ><div id=\"pgc-1570-1-0\"  class=\"panel-grid-cell\" ><div id=\"panel-1570-1-0-0\" class=\"so-panel widget widget_sow-image panel-first-child panel-last-child\" data-index=\"1\" ><div\n\t\t\t\n\t\t\tclass=\"so-widget-sow-image so-widget-sow-image-default-c67d20f9f743-1570\"\n\t\t\t\n\t\t>\n<div class=\"sow-image-container\">\n\t\t<img \n\tsrc=\"https:\/\/annexeromainville.com\/wp-content\/uploads\/2018\/01\/d-de-kabal-credit.jpg\" width=\"334\" height=\"500\" srcset=\"https:\/\/annexeromainville.com\/wp-content\/uploads\/2018\/01\/d-de-kabal-credit.jpg 334w, https:\/\/annexeromainville.com\/wp-content\/uploads\/2018\/01\/d-de-kabal-credit-200x300.jpg 200w\" sizes=\"(max-width: 334px) 100vw, 334px\" alt=\"\" loading=\"lazy\" \t\tclass=\"so-widget-image\"\/>\n\t<\/div>\n\n<\/div><\/div><\/div><div id=\"pgc-1570-1-1\"  class=\"panel-grid-cell\" ><div id=\"panel-1570-1-1-0\" class=\"so-panel widget widget_sow-editor panel-first-child\" data-index=\"2\" ><div\n\t\t\t\n\t\t\tclass=\"so-widget-sow-editor so-widget-sow-editor-base\"\n\t\t\t\n\t\t>\n<div class=\"siteorigin-widget-tinymce textwidget\">\n\t<p><span style=\"color: #000000;\">Rencontre autour de l'Orestie, Op\u00e9ra Hip Hop, programm\u00e9 du 7 au 13 Mars \u00e0 la MC93 de Bobigny, D' de Kabal et son \u00e9quipe artistique viennent nous remplir le coeur et les oreilles en exclusivit\u00e9.\u00a0<\/span><\/p>\n<p><span style=\"color: #000000;\">Avec Orestie, D' de Kabal et Arnaud Churin r\u00e9inventent au travers de la culture Hip Hop l'un des plus anciens mythes antiques grecs pour en faire ressortir toute l'actualit\u00e9 : la place du conflit dans la soci\u00e9t\u00e9 et la naissance d'une justice d\u00e9mocratique.<\/span><\/p>\n<\/div>\n<\/div><\/div><div id=\"panel-1570-1-1-1\" class=\"so-panel widget widget_sow-editor panel-last-child\" data-index=\"3\" ><div\n\t\t\t\n\t\t\tclass=\"so-widget-sow-editor so-widget-sow-editor-base\"\n\t\t\t\n\t\t>\n<div class=\"siteorigin-widget-tinymce textwidget\">\n\t<p style=\"text-align: center;\"><span style=\"color: #000000;\">Po\u00e9sie populaire,<br \/>voix alternative, <br \/>antisociale ou politique, <br \/>le hip hop a depuis longtemps<br \/>avec ses images, ses sons<br \/>et ses propres mythes<br \/>un r\u00f4le de perturbateur<br \/>et de subversion comme l\u2019eut<br \/>\u00e9t\u00e9 la trag\u00e9die grecque en son temps.\u00a0<\/span><\/p>\n<\/div>\n<\/div><\/div><\/div><\/div><div id=\"pg-1570-2\"  class=\"panel-grid panel-no-style\" ><div id=\"pgc-1570-2-0\"  class=\"panel-grid-cell panel-grid-cell-empty\" ><\/div><div id=\"pgc-1570-2-1\"  class=\"panel-grid-cell panel-grid-cell-mobile-last\" ><div id=\"panel-1570-2-1-0\" class=\"so-panel widget widget_sow-image panel-first-child panel-last-child\" data-index=\"4\" ><div\n\t\t\t\n\t\t\tclass=\"so-widget-sow-image so-widget-sow-image-default-c67d20f9f743-1570\"\n\t\t\t\n\t\t>\n<div class=\"sow-image-container\">\n\t\t<img \n\tsrc=\"https:\/\/annexeromainville.com\/wp-content\/uploads\/2018\/02\/logo-mc-150x150.jpg\" width=\"150\" height=\"150\" sizes=\"(max-width: 150px) 100vw, 150px\" alt=\"\" loading=\"lazy\" \t\tclass=\"so-widget-image\"\/>\n\t<\/div>\n\n<\/div><\/div><\/div><div id=\"pgc-1570-2-2\"  class=\"panel-grid-cell panel-grid-cell-empty\" ><\/div><\/div><div id=\"pg-1570-3\"  class=\"panel-grid panel-no-style\" ><div id=\"pgc-1570-3-0\"  class=\"panel-grid-cell\" ><div id=\"panel-1570-3-0-0\" class=\"so-panel widget widget_sow-button panel-first-child panel-last-child\" data-index=\"5\" ><div\n\t\t\t\n\t\t\tclass=\"so-widget-sow-button so-widget-sow-button-atom-857739567c6a-1570\"\n\t\t\t\n\t\t><div class=\"ow-button-base ow-button-align-center\"\n>\n\t\t\t<a\n\t\t\t\t\thref=\"http:\/\/annexedutraindevie.com\/index.php\/reservation\/\"\n\t\t\t\t\tclass=\"sowb-button ow-icon-placement-left ow-button-hover\" \t>\n\t\t<span>\n\t\t\t\n\t\t\tR\u00e9server\t\t<\/span>\n\t\t\t<\/a>\n\t<\/div>\n<\/div><\/div><\/div><\/div><\/div>","protected":false},"excerpt":{"rendered":"<p>D&#8217; de Kabal Samedi 10 F\u00e9vrier 2018 \u00e0 20h Rencontre &#8211; PerformanceA partir de 11 ans \u00a0 Rencontre autour de l&#8217;Orestie, Op\u00e9ra Hip Hop, programm\u00e9 du 7 au 13 Mars<span class=\"read-more-wrap\"><a class=\"moretag\" href=\"https:\/\/annexeromainville.com\/index.php\/d-de-kabal\/\">Lire la suite<span class=\"screen-reader-text\">D&#8217; de Kabal<\/span><\/a><\/span><\/p>\n","protected":false},"author":2,"featured_media":0,"parent":0,"menu_order":0,"comment_status":"closed","ping_status":"closed","template":"","meta":{"_bbp_topic_count":0,"_bbp_reply_count":0,"_bbp_total_topic_count":0,"_bbp_total_reply_count":0,"_bbp_voice_count":0,"_bbp_anonymous_reply_count":0,"_bbp_topic_count_hidden":0,"_bbp_reply_count_hidden":0,"_bbp_forum_subforum_count":0,"ngg_post_thumbnail":0},"_links":{"self":[{"href":"https:\/\/annexeromainville.com\/index.php\/wp-json\/wp\/v2\/pages\/1570"}],"collection":[{"href":"https:\/\/annexeromainville.com\/index.php\/wp-json\/wp\/v2\/pages"}],"about":[{"href":"https:\/\/annexeromainville.com\/index.php\/wp-json\/wp\/v2\/types\/page"}],"author":[{"embeddable":true,"href":"https:\/\/annexeromainville.com\/index.php\/wp-json\/wp\/v2\/users\/2"}],"replies":[{"embeddable":true,"href":"https:\/\/annexeromainville.com\/index.php\/wp-json\/wp\/v2\/comments?post=1570"}],"version-history":[{"count":19,"href":"https:\/\/annexeromainville.com\/index.php\/wp-json\/wp\/v2\/pages\/1570\/revisions"}],"predecessor-version":[{"id":1649,"href":"https:\/\/annexeromainville.com\/index.php\/wp-json\/wp\/v2\/pages\/1570\/revisions\/1649"}],"wp:attachment":[{"href":"https:\/\/annexeromainville.com\/index.php\/wp-json\/wp\/v2\/media?parent=1570"}],"curies":[{"name":"wp","href":"https:\/\/api.w.org\/{rel}","templated":true}]}}