{"id":1603,"date":"2018-02-01T12:05:04","date_gmt":"2018-02-01T11:05:04","guid":{"rendered":"http:\/\/annexedutraindevie.com\/?page_id=1603"},"modified":"2018-02-15T09:42:46","modified_gmt":"2018-02-15T08:42:46","slug":"votez-pour-moi-2","status":"publish","type":"page","link":"https:\/\/annexeromainville.com\/index.php\/votez-pour-moi-2\/","title":{"rendered":"Votez pour moi #2 !"},"content":{"rendered":"<div id=\"pl-1603\"  class=\"panel-layout\" ><div id=\"pg-1603-0\"  class=\"panel-grid panel-no-style\" ><div id=\"pgc-1603-0-0\"  class=\"panel-grid-cell\" ><div id=\"panel-1603-0-0-0\" class=\"so-panel widget widget_sow-image panel-first-child panel-last-child\" data-index=\"0\" ><div\n\t\t\t\n\t\t\tclass=\"so-widget-sow-image so-widget-sow-image-default-c67d20f9f743-1603\"\n\t\t\t\n\t\t>\n<div class=\"sow-image-container\">\n\t\t<img \n\tsrc=\"https:\/\/annexeromainville.com\/wp-content\/uploads\/2018\/02\/spectateurs-300x230.jpg\" width=\"300\" height=\"230\" srcset=\"https:\/\/annexeromainville.com\/wp-content\/uploads\/2018\/02\/spectateurs-300x230.jpg 300w, https:\/\/annexeromainville.com\/wp-content\/uploads\/2018\/02\/spectateurs.jpg 383w\" sizes=\"(max-width: 300px) 100vw, 300px\" alt=\"\" loading=\"lazy\" \t\tclass=\"so-widget-image\"\/>\n\t<\/div>\n\n<\/div><\/div><\/div><div id=\"pgc-1603-0-1\"  class=\"panel-grid-cell\" ><div id=\"panel-1603-0-1-0\" class=\"so-panel widget widget_sow-image panel-first-child panel-last-child\" data-index=\"1\" ><div\n\t\t\t\n\t\t\tclass=\"so-widget-sow-image so-widget-sow-image-default-c67d20f9f743-1603\"\n\t\t\t\n\t\t>\n<div class=\"sow-image-container\">\n\t\t<img \n\tsrc=\"https:\/\/annexeromainville.com\/wp-content\/uploads\/2018\/02\/artistes-300x230.jpg\" width=\"300\" height=\"230\" srcset=\"https:\/\/annexeromainville.com\/wp-content\/uploads\/2018\/02\/artistes-300x230.jpg 300w, https:\/\/annexeromainville.com\/wp-content\/uploads\/2018\/02\/artistes.jpg 383w\" sizes=\"(max-width: 300px) 100vw, 300px\" alt=\"\" loading=\"lazy\" \t\tclass=\"so-widget-image\"\/>\n\t<\/div>\n\n<\/div><\/div><\/div><\/div><div id=\"pg-1603-1\"  class=\"panel-grid panel-no-style\" ><div id=\"pgc-1603-1-0\"  class=\"panel-grid-cell\" ><div id=\"panel-1603-1-0-0\" class=\"so-panel widget widget_sow-editor panel-first-child panel-last-child\" data-index=\"2\" ><div\n\t\t\t\n\t\t\tclass=\"so-widget-sow-editor so-widget-sow-editor-base\"\n\t\t\t\n\t\t>\n<div class=\"siteorigin-widget-tinymce textwidget\">\n\t<h2 style=\"text-align: center;\"><span style=\"color: #000000;\">Votez pour moi !<\/span><\/h2>\n<h4 style=\"text-align: center;\"><span style=\"color: #000000;\">Vendredi 13 Avril 2018 \u00e0 20h<\/span><\/h4>\n<p style=\"text-align: center;\"><span style=\"color: #000000;\">A partir de 7 ans<\/span><\/p>\n<p><span style=\"color: #000000;\">Venez voter pour votre talent pr\u00e9f\u00e9r\u00e9 afin de le voir se produire lors d'une soir\u00e9e \u00e0 l'Annexe !<\/span><\/p>\n<\/div>\n<\/div><\/div><\/div><div id=\"pgc-1603-1-1\"  class=\"panel-grid-cell\" ><div id=\"panel-1603-1-1-0\" class=\"so-panel widget widget_sow-editor panel-first-child panel-last-child\" data-index=\"3\" ><div\n\t\t\t\n\t\t\tclass=\"so-widget-sow-editor so-widget-sow-editor-base\"\n\t\t\t\n\t\t>\n<div class=\"siteorigin-widget-tinymce textwidget\">\n\t<p><span style=\"font-family: Arial, sans-serif; color: #000000; font-size: medium;\">Dispositif annuel propos\u00e9 par l'Annexe, lieu de diffusion et de production culturel et citoyen bas\u00e9 \u00e0 Romainville 93. \u00ab\u00a0Votez pour moi\u00a0\u00bb c'est un concours annuel qui permet au gagnant de b\u00e9n\u00e9ficier d'une r\u00e9sidence d\u2019accompagnement sur 3 ans pour d\u00e9velopper le projet, tant au niveau artistique qu\u2019administratif. Notre objectif est de vous aidez \u00e0 monter votre projet.<\/span><\/p>\n<p><span style=\"font-family: Arial, sans-serif; color: #000000; font-size: medium;\"><u><b>CANDIDATER<\/b><\/u> <br \/><\/span><br \/><span style=\"font-family: Arial, sans-serif; color: #000000; font-size: medium;\">Vous \u00eates un artiste, performeur, danseur, chanteur, auteur, acteur, collectif, compagnie de th\u00e9\u00e2tre ou en devenir, vous avez un projet que vous souhaitez d\u00e9fendre, montrer, exp\u00e9rimenter ? Envoyez-nous votre projet papier, 6 pages maximum, 1 vid\u00e9o maximum.<\/span><\/p>\n<p><span style=\"font-family: Arial, sans-serif; color: #000000; font-size: medium;\">R\u00e9ception des dossiers : Le 10 mars 2018<br \/>Date d\u2019audition : Le 27 mars <br \/>Date de repr\u00e9sentation : le 13 avril <\/span><\/p>\n<p><span style=\"font-family: Arial, sans-serif; color: #000000; font-size: medium;\"><u><b>DOSSIER<\/b><\/u><\/span><\/p>\n<p><span style=\"font-family: Arial, sans-serif; color: #000000; font-size: medium;\">6 pages maxi, indiquer le th\u00e8me, descriptif du projet, intention, besoin technique, dur\u00e9e, photos et vid\u00e9os si possible, CV des artistes, date de production, partenariats\u2026<\/span><\/p>\n<p><span style=\"font-family: Arial, sans-serif; color: #000000; font-size: medium;\"><u><b>CONTACT \/ CANDIDATURES \/ INFORMATIONS<\/b><\/u><\/span><\/p>\n<p><span style=\"font-family: Arial, sans-serif; color: #000000; font-size: medium;\">L'Annexe<br \/>95 avenue du Docteur David Rosenfeld \u2013 93230 Romainville<br \/>09 53 14 50 99<\/span><\/p>\n<p><span style=\"color: #000000; font-size: medium;\"><a href=\"mailto:administration@annexedutraindevie.com\"><span style=\"font-family: Arial, sans-serif;\">administration@annexedutraindevie.com<\/span><\/a><\/span><\/p>\n<\/div>\n<\/div><\/div><\/div><\/div><div id=\"pg-1603-2\"  class=\"panel-grid panel-no-style\" ><div id=\"pgc-1603-2-0\"  class=\"panel-grid-cell\" ><div id=\"panel-1603-2-0-0\" class=\"so-panel widget widget_sow-button panel-first-child panel-last-child\" data-index=\"4\" ><div\n\t\t\t\n\t\t\tclass=\"so-widget-sow-button so-widget-sow-button-atom-857739567c6a-1603\"\n\t\t\t\n\t\t><div class=\"ow-button-base ow-button-align-center\"\n>\n\t\t\t<a\n\t\t\t\t\thref=\"http:\/\/annexedutraindevie.com\/index.php\/reservation\/\"\n\t\t\t\t\tclass=\"sowb-button ow-icon-placement-left ow-button-hover\" \t>\n\t\t<span>\n\t\t\t\n\t\t\tCONTACT ET RESERVATION\t\t<\/span>\n\t\t\t<\/a>\n\t<\/div>\n<\/div><\/div><\/div><\/div><\/div>","protected":false},"excerpt":{"rendered":"<p>Votez pour moi ! Vendredi 13 Avril 2018 \u00e0 20h A partir de 7 ans Venez voter pour votre talent pr\u00e9f\u00e9r\u00e9 afin de le voir se produire lors d&#8217;une soir\u00e9e<span class=\"read-more-wrap\"><a class=\"moretag\" href=\"https:\/\/annexeromainville.com\/index.php\/votez-pour-moi-2\/\">Lire la suite<span class=\"screen-reader-text\">Votez pour moi #2 !<\/span><\/a><\/span><\/p>\n","protected":false},"author":2,"featured_media":0,"parent":0,"menu_order":0,"comment_status":"closed","ping_status":"closed","template":"","meta":{"_bbp_topic_count":0,"_bbp_reply_count":0,"_bbp_total_topic_count":0,"_bbp_total_reply_count":0,"_bbp_voice_count":0,"_bbp_anonymous_reply_count":0,"_bbp_topic_count_hidden":0,"_bbp_reply_count_hidden":0,"_bbp_forum_subforum_count":0,"ngg_post_thumbnail":0},"_links":{"self":[{"href":"https:\/\/annexeromainville.com\/index.php\/wp-json\/wp\/v2\/pages\/1603"}],"collection":[{"href":"https:\/\/annexeromainville.com\/index.php\/wp-json\/wp\/v2\/pages"}],"about":[{"href":"https:\/\/annexeromainville.com\/index.php\/wp-json\/wp\/v2\/types\/page"}],"author":[{"embeddable":true,"href":"https:\/\/annexeromainville.com\/index.php\/wp-json\/wp\/v2\/users\/2"}],"replies":[{"embeddable":true,"href":"https:\/\/annexeromainville.com\/index.php\/wp-json\/wp\/v2\/comments?post=1603"}],"version-history":[{"count":11,"href":"https:\/\/annexeromainville.com\/index.php\/wp-json\/wp\/v2\/pages\/1603\/revisions"}],"predecessor-version":[{"id":2209,"href":"https:\/\/annexeromainville.com\/index.php\/wp-json\/wp\/v2\/pages\/1603\/revisions\/2209"}],"wp:attachment":[{"href":"https:\/\/annexeromainville.com\/index.php\/wp-json\/wp\/v2\/media?parent=1603"}],"curies":[{"name":"wp","href":"https:\/\/api.w.org\/{rel}","templated":true}]}}