{"id":1710,"date":"2018-02-08T11:23:21","date_gmt":"2018-02-08T10:23:21","guid":{"rendered":"http:\/\/annexedutraindevie.com\/?page_id=1710"},"modified":"2018-02-08T11:24:30","modified_gmt":"2018-02-08T10:24:30","slug":"toxic-and-the-avenger","status":"publish","type":"page","link":"https:\/\/annexeromainville.com\/index.php\/toxic-and-the-avenger\/","title":{"rendered":"Haini Wang &#8211; Toxic and the avenger"},"content":{"rendered":"<div id=\"pl-1710\"  class=\"panel-layout\" ><div id=\"pg-1710-0\"  class=\"panel-grid panel-no-style\" ><div id=\"pgc-1710-0-0\"  class=\"panel-grid-cell\" ><div id=\"panel-1710-0-0-0\" class=\"so-panel widget widget_sow-editor panel-first-child panel-last-child\" data-index=\"0\" ><div\n\t\t\t\n\t\t\tclass=\"so-widget-sow-editor so-widget-sow-editor-base\"\n\t\t\t\n\t\t>\n<div class=\"siteorigin-widget-tinymce textwidget\">\n\t<h2 style=\"text-align: center;\"><span style=\"color: #000000;\">Toxic and the Avenger<\/span><\/h2>\n<h4 style=\"text-align: center;\"><span style=\"color: #000000;\">Artistes en r\u00e9sidence<\/span><\/h4>\n<p><span style=\"color: #000000;\">Texte de <strong>Marilyn Mattel<\/strong><\/span><br \/><span style=\"color: #000000;\">Mise en sc\u00e8ne de <strong>Haini Wang<\/strong><\/span><\/p>\n<\/div>\n<\/div><\/div><\/div><\/div><div id=\"pg-1710-1\"  class=\"panel-grid panel-no-style\" ><div id=\"pgc-1710-1-0\"  class=\"panel-grid-cell\" ><div id=\"panel-1710-1-0-0\" class=\"so-panel widget widget_sow-image panel-first-child panel-last-child\" data-index=\"1\" ><div\n\t\t\t\n\t\t\tclass=\"so-widget-sow-image so-widget-sow-image-default-c67d20f9f743-1710\"\n\t\t\t\n\t\t>\n<div class=\"sow-image-container\">\n\t\t<img \n\tsrc=\"https:\/\/annexeromainville.com\/wp-content\/uploads\/2018\/02\/toxic.jpg\" width=\"787\" height=\"484\" srcset=\"https:\/\/annexeromainville.com\/wp-content\/uploads\/2018\/02\/toxic.jpg 787w, https:\/\/annexeromainville.com\/wp-content\/uploads\/2018\/02\/toxic-300x184.jpg 300w, https:\/\/annexeromainville.com\/wp-content\/uploads\/2018\/02\/toxic-768x472.jpg 768w\" sizes=\"(max-width: 787px) 100vw, 787px\" alt=\"\" loading=\"lazy\" \t\tclass=\"so-widget-image\"\/>\n\t<\/div>\n\n<\/div><\/div><\/div><div id=\"pgc-1710-1-1\"  class=\"panel-grid-cell\" ><div id=\"panel-1710-1-1-0\" class=\"so-panel widget widget_sow-editor panel-first-child panel-last-child\" data-index=\"2\" ><div\n\t\t\t\n\t\t\tclass=\"so-widget-sow-editor so-widget-sow-editor-base\"\n\t\t\t\n\t\t>\n<div class=\"siteorigin-widget-tinymce textwidget\">\n\t<p><span style=\"color: #000000;\">\u00ab Toxic and the Avenger \u00bb est une pi\u00e8ce autour de la recherche d\u2019un \u201cmeurtrier\u201d. Elle\u00a0<\/span><span style=\"color: #000000;\">s\u2019articule dans un entrem\u00ealement du pass\u00e9 et du pr\u00e9sent. Elle est d\u00e9velopp\u00e9e en\u00a0<\/span><span style=\"color: #000000;\">quatre saisons enchev\u00eatr\u00e9es qui nous ram\u00e8nent \u00e0 la fluctuation de chacun afin de\u00a0<\/span><span style=\"color: #000000;\">suivre la piste de celui qui a tu\u00e9.<\/span><\/p>\n<\/div>\n<\/div><\/div><\/div><\/div><\/div>","protected":false},"excerpt":{"rendered":"<p>Toxic and the Avenger Artistes en r\u00e9sidence Texte de Marilyn MattelMise en sc\u00e8ne de Haini Wang \u00ab Toxic and the Avenger \u00bb est une pi\u00e8ce autour de la recherche d\u2019un<span class=\"read-more-wrap\"><a class=\"moretag\" href=\"https:\/\/annexeromainville.com\/index.php\/toxic-and-the-avenger\/\">Lire la suite<span class=\"screen-reader-text\">Haini Wang &#8211; Toxic and the avenger<\/span><\/a><\/span><\/p>\n","protected":false},"author":2,"featured_media":0,"parent":0,"menu_order":0,"comment_status":"closed","ping_status":"closed","template":"","meta":{"_bbp_topic_count":0,"_bbp_reply_count":0,"_bbp_total_topic_count":0,"_bbp_total_reply_count":0,"_bbp_voice_count":0,"_bbp_anonymous_reply_count":0,"_bbp_topic_count_hidden":0,"_bbp_reply_count_hidden":0,"_bbp_forum_subforum_count":0,"ngg_post_thumbnail":0},"_links":{"self":[{"href":"https:\/\/annexeromainville.com\/index.php\/wp-json\/wp\/v2\/pages\/1710"}],"collection":[{"href":"https:\/\/annexeromainville.com\/index.php\/wp-json\/wp\/v2\/pages"}],"about":[{"href":"https:\/\/annexeromainville.com\/index.php\/wp-json\/wp\/v2\/types\/page"}],"author":[{"embeddable":true,"href":"https:\/\/annexeromainville.com\/index.php\/wp-json\/wp\/v2\/users\/2"}],"replies":[{"embeddable":true,"href":"https:\/\/annexeromainville.com\/index.php\/wp-json\/wp\/v2\/comments?post=1710"}],"version-history":[{"count":5,"href":"https:\/\/annexeromainville.com\/index.php\/wp-json\/wp\/v2\/pages\/1710\/revisions"}],"predecessor-version":[{"id":1717,"href":"https:\/\/annexeromainville.com\/index.php\/wp-json\/wp\/v2\/pages\/1710\/revisions\/1717"}],"wp:attachment":[{"href":"https:\/\/annexeromainville.com\/index.php\/wp-json\/wp\/v2\/media?parent=1710"}],"curies":[{"name":"wp","href":"https:\/\/api.w.org\/{rel}","templated":true}]}}