{"id":1779,"date":"2018-03-16T11:48:05","date_gmt":"2018-03-16T10:48:05","guid":{"rendered":"http:\/\/annexedutraindevie.com\/?page_id=1779"},"modified":"2019-09-26T11:20:19","modified_gmt":"2019-09-26T10:20:19","slug":"reservation-adherents-pass-culture-illimite","status":"publish","type":"page","link":"https:\/\/annexeromainville.com\/index.php\/reservation-adherents-pass-culture-illimite\/","title":{"rendered":"R\u00e9servation Adh\u00e9rents Pass Culture Illimit\u00e9"},"content":{"rendered":"<p><span style=\"color: #000000;\">Cette page de r\u00e9servation <strong>concerne uniquement<\/strong> les adh\u00e9rents au <a href=\"http:\/\/annexedutraindevie.com\/index.php\/adherer-au-pass-culture\/\">Pass Culture Illimit\u00e9<\/a> et <a href=\"https:\/\/annexeromainville.com\/index.php\/adherer-au-pass-culture\/\">Pass Famille<\/a>.<\/span><br \/>\n<span style=\"color: #000000;\"> Si vous n&#8217;\u00eates pas encore adh\u00e9rents, vous pouvez le devenir et r\u00e9server votre place en <a href=\"http:\/\/annexedutraindevie.com\/index.php\/reservation\/\">cliquant ici<\/a>.<\/span><\/p>\n<p><span style=\"color: #000000;\">N&#8217;oubliez pas de nous communiquer votre Num\u00e9ro d&#8217;Adh\u00e9rent Pass Culture Illimit\u00e9 ou Famile lors de votre r\u00e9servation.<\/span><\/p>\n<div role=\"form\" class=\"wpcf7\" id=\"wpcf7-f331-o1\" lang=\"fr-FR\" dir=\"ltr\">\n<div class=\"screen-reader-response\"><p role=\"status\" aria-live=\"polite\" aria-atomic=\"true\"><\/p> <ul><\/ul><\/div>\n<form action=\"\/index.php\/wp-json\/wp\/v2\/pages\/1779#wpcf7-f331-o1\" method=\"post\" class=\"wpcf7-form init\" novalidate=\"novalidate\" data-status=\"init\">\n<div style=\"display: none;\">\n<input type=\"hidden\" name=\"_wpcf7\" value=\"331\" \/>\n<input type=\"hidden\" name=\"_wpcf7_version\" value=\"5.6.4\" \/>\n<input type=\"hidden\" name=\"_wpcf7_locale\" value=\"fr_FR\" \/>\n<input type=\"hidden\" name=\"_wpcf7_unit_tag\" value=\"wpcf7-f331-o1\" \/>\n<input type=\"hidden\" name=\"_wpcf7_container_post\" value=\"0\" \/>\n<input type=\"hidden\" name=\"_wpcf7_posted_data_hash\" value=\"\" \/>\n<\/div>\n<p><label> Votre nom (obligatoire)<br \/>\n    <span class=\"wpcf7-form-control-wrap\" data-name=\"your-name\"><input type=\"text\" name=\"your-name\" value=\"\" size=\"40\" class=\"wpcf7-form-control wpcf7-text wpcf7-validates-as-required\" aria-required=\"true\" aria-invalid=\"false\" \/><\/span> <\/label><\/p>\n<p><label> Votre e-mail (obligatoire)<br \/>\n    <span class=\"wpcf7-form-control-wrap\" data-name=\"your-email\"><input type=\"email\" name=\"your-email\" value=\"\" size=\"40\" class=\"wpcf7-form-control wpcf7-text wpcf7-email wpcf7-validates-as-required wpcf7-validates-as-email\" aria-required=\"true\" aria-invalid=\"false\" \/><\/span> <\/label><\/p>\n<p><label> Sujet<br \/>\n    <span class=\"wpcf7-form-control-wrap\" data-name=\"your-subject\"><input type=\"text\" name=\"your-subject\" value=\"\" size=\"40\" class=\"wpcf7-form-control wpcf7-text\" aria-invalid=\"false\" \/><\/span> <\/label><\/p>\n<p><label> Votre message<br \/>\n    <span class=\"wpcf7-form-control-wrap\" data-name=\"your-message\"><textarea name=\"your-message\" cols=\"40\" rows=\"10\" class=\"wpcf7-form-control wpcf7-textarea\" aria-invalid=\"false\"><\/textarea><\/span> <\/label><\/p>\n<p><input type=\"submit\" value=\"Envoyer\" class=\"wpcf7-form-control has-spinner wpcf7-submit\" \/><\/p>\n<p style=\"display: none !important;\" class=\"akismet-fields-container\" data-prefix=\"_wpcf7_ak_\"><label>&#916;<textarea name=\"_wpcf7_ak_hp_textarea\" cols=\"45\" rows=\"8\" maxlength=\"100\"><\/textarea><\/label><input type=\"hidden\" id=\"ak_js_1\" name=\"_wpcf7_ak_js\" value=\"145\"\/><script>document.getElementById( \"ak_js_1\" ).setAttribute( \"value\", ( new Date() ).getTime() );<\/script><\/p><div class=\"wpcf7-response-output\" aria-hidden=\"true\"><\/div><\/form><\/div>\n","protected":false},"excerpt":{"rendered":"<p>Cette page de r\u00e9servation concerne uniquement les adh\u00e9rents au Pass Culture Illimit\u00e9 et Pass Famille. Si vous n&#8217;\u00eates pas encore adh\u00e9rents, vous pouvez le devenir et r\u00e9server votre place en<span class=\"read-more-wrap\"><a class=\"moretag\" href=\"https:\/\/annexeromainville.com\/index.php\/reservation-adherents-pass-culture-illimite\/\">Lire la suite<span class=\"screen-reader-text\">R\u00e9servation Adh\u00e9rents Pass Culture Illimit\u00e9<\/span><\/a><\/span><\/p>\n","protected":false},"author":2,"featured_media":0,"parent":0,"menu_order":0,"comment_status":"closed","ping_status":"closed","template":"","meta":{"_bbp_topic_count":0,"_bbp_reply_count":0,"_bbp_total_topic_count":0,"_bbp_total_reply_count":0,"_bbp_voice_count":0,"_bbp_anonymous_reply_count":0,"_bbp_topic_count_hidden":0,"_bbp_reply_count_hidden":0,"_bbp_forum_subforum_count":0,"ngg_post_thumbnail":0},"_links":{"self":[{"href":"https:\/\/annexeromainville.com\/index.php\/wp-json\/wp\/v2\/pages\/1779"}],"collection":[{"href":"https:\/\/annexeromainville.com\/index.php\/wp-json\/wp\/v2\/pages"}],"about":[{"href":"https:\/\/annexeromainville.com\/index.php\/wp-json\/wp\/v2\/types\/page"}],"author":[{"embeddable":true,"href":"https:\/\/annexeromainville.com\/index.php\/wp-json\/wp\/v2\/users\/2"}],"replies":[{"embeddable":true,"href":"https:\/\/annexeromainville.com\/index.php\/wp-json\/wp\/v2\/comments?post=1779"}],"version-history":[{"count":6,"href":"https:\/\/annexeromainville.com\/index.php\/wp-json\/wp\/v2\/pages\/1779\/revisions"}],"predecessor-version":[{"id":3037,"href":"https:\/\/annexeromainville.com\/index.php\/wp-json\/wp\/v2\/pages\/1779\/revisions\/3037"}],"wp:attachment":[{"href":"https:\/\/annexeromainville.com\/index.php\/wp-json\/wp\/v2\/media?parent=1779"}],"curies":[{"name":"wp","href":"https:\/\/api.w.org\/{rel}","templated":true}]}}