{"id":18,"date":"2016-08-19T09:34:22","date_gmt":"2016-08-19T08:34:22","guid":{"rendered":"http:\/\/annexedutraindevie.com\/?page_id=18"},"modified":"2025-09-29T10:59:55","modified_gmt":"2025-09-29T09:59:55","slug":"theatre-enfants","status":"publish","type":"page","link":"https:\/\/annexeromainville.com\/index.php\/theatre-enfants\/","title":{"rendered":"(8-10 ans) TH\u00c9\u00c2TRE ENFANT CREATION"},"content":{"rendered":"<div id=\"pl-18\"  class=\"panel-layout\" ><div id=\"pg-18-0\"  class=\"panel-grid panel-no-style\" ><div id=\"pgc-18-0-0\"  class=\"panel-grid-cell\" ><div id=\"panel-18-0-0-0\" class=\"so-panel widget widget_sow-image panel-first-child\" data-index=\"0\" ><div\n\t\t\t\n\t\t\tclass=\"so-widget-sow-image so-widget-sow-image-default-8b5b6f678277-18\"\n\t\t\t\n\t\t>\n<div class=\"sow-image-container\">\n\t\t<img \n\tsrc=\"https:\/\/annexeromainville.com\/wp-content\/uploads\/2024\/09\/atelier-crea1.jpg\" width=\"1080\" height=\"1080\" srcset=\"https:\/\/annexeromainville.com\/wp-content\/uploads\/2024\/09\/atelier-crea1.jpg 1080w, https:\/\/annexeromainville.com\/wp-content\/uploads\/2024\/09\/atelier-crea1-300x300.jpg 300w, https:\/\/annexeromainville.com\/wp-content\/uploads\/2024\/09\/atelier-crea1-1024x1024.jpg 1024w, https:\/\/annexeromainville.com\/wp-content\/uploads\/2024\/09\/atelier-crea1-150x150.jpg 150w, https:\/\/annexeromainville.com\/wp-content\/uploads\/2024\/09\/atelier-crea1-768x768.jpg 768w\" sizes=\"(max-width: 1080px) 100vw, 1080px\" title=\"atelier th\u00e9\u00e2tre enfant\" alt=\"\" loading=\"lazy\" \t\tclass=\"so-widget-image\"\/>\n\t<\/div>\n\n<\/div><\/div><div id=\"panel-18-0-0-1\" class=\"so-panel widget widget_sow-image\" data-index=\"1\" ><div\n\t\t\t\n\t\t\tclass=\"so-widget-sow-image so-widget-sow-image-default-8b5b6f678277-18\"\n\t\t\t\n\t\t>\n<div class=\"sow-image-container\">\n\t\t<img \n\tsrc=\"https:\/\/annexeromainville.com\/wp-content\/uploads\/2024\/09\/atelier-crea2.jpg\" width=\"1080\" height=\"1080\" srcset=\"https:\/\/annexeromainville.com\/wp-content\/uploads\/2024\/09\/atelier-crea2.jpg 1080w, https:\/\/annexeromainville.com\/wp-content\/uploads\/2024\/09\/atelier-crea2-300x300.jpg 300w, https:\/\/annexeromainville.com\/wp-content\/uploads\/2024\/09\/atelier-crea2-1024x1024.jpg 1024w, https:\/\/annexeromainville.com\/wp-content\/uploads\/2024\/09\/atelier-crea2-150x150.jpg 150w, https:\/\/annexeromainville.com\/wp-content\/uploads\/2024\/09\/atelier-crea2-768x768.jpg 768w\" sizes=\"(max-width: 1080px) 100vw, 1080px\" title=\"atelier th\u00e9\u00e2tre enfant\" alt=\"\" loading=\"lazy\" \t\tclass=\"so-widget-image\"\/>\n\t<\/div>\n\n<\/div><\/div><div id=\"panel-18-0-0-2\" class=\"so-panel widget widget_sow-image panel-last-child\" data-index=\"2\" ><div\n\t\t\t\n\t\t\tclass=\"so-widget-sow-image so-widget-sow-image-default-8b5b6f678277-18\"\n\t\t\t\n\t\t>\n<div class=\"sow-image-container\">\n\t\t\t<a href=\"https:\/\/www.helloasso.com\/associations\/jetzt\/evenements\/atelier-theatre-creation-samedi-11h30-saison-25-26\"\n\t\t\ttarget=\"_blank\" rel=\"noopener noreferrer\" \t\t>\n\t\t\t<img \n\tsrc=\"https:\/\/annexeromainville.com\/wp-content\/uploads\/2022\/08\/inscriptions.jpg\" width=\"1920\" height=\"250\" srcset=\"https:\/\/annexeromainville.com\/wp-content\/uploads\/2022\/08\/inscriptions.jpg 1920w, https:\/\/annexeromainville.com\/wp-content\/uploads\/2022\/08\/inscriptions-300x39.jpg 300w, https:\/\/annexeromainville.com\/wp-content\/uploads\/2022\/08\/inscriptions-1024x133.jpg 1024w, https:\/\/annexeromainville.com\/wp-content\/uploads\/2022\/08\/inscriptions-768x100.jpg 768w, https:\/\/annexeromainville.com\/wp-content\/uploads\/2022\/08\/inscriptions-1536x200.jpg 1536w\" sizes=\"(max-width: 1920px) 100vw, 1920px\" title=\"bouton inscriptions\" alt=\"\" loading=\"lazy\" \t\tclass=\"so-widget-image\"\/>\n\t\t\t<\/a><\/div>\n\n<\/div><\/div><\/div><div id=\"pgc-18-0-1\"  class=\"panel-grid-cell\" ><div id=\"panel-18-0-1-0\" class=\"so-panel widget widget_sow-editor panel-first-child\" data-index=\"3\" ><div\n\t\t\t\n\t\t\tclass=\"so-widget-sow-editor so-widget-sow-editor-base\"\n\t\t\t\n\t\t>\n<div class=\"siteorigin-widget-tinymce textwidget\">\n\t<p><span class=\"JsGRdQ\"><span style=\"color: #800000;\"><strong>Ouvert aux enfants de 8 \u00e0 10 ans<\/strong><\/span><br \/>\n<\/span><\/p>\n<p><span class=\"JsGRdQ\"><strong>Date et Horaire :<\/strong> <\/span><\/p>\n<h3><span class=\"JsGRdQ\">Les samedis de 10h \u00e0 11H<strong> d\u00e9butants [COMPLET]<\/strong><\/span><\/h3>\n<p>du 20 septembre au 28 juin<br \/>\n(hors vacances scolaires et jours f\u00e9ri\u00e9s)<\/p>\n<p><strong>TARIF<\/strong> : 360\u20ac \u00e0 l'ann\u00e9e \/ 36\u20ac&nbsp; mois<\/p>\n<p><strong>POSSIBILIT\u00c9 DE PAIEMENT :<\/strong><\/p>\n<ul>\n<li><strong>En ch\u00e8que<\/strong> :&nbsp; \u00c0 l'ann\u00e9e, au trimestre ou au mois. Nous prendrons la totalit\u00e9 des ch\u00e8ques donc 10 et nous l'encaisserons par mois.<\/li>\n<li><strong>En ligne :<\/strong> Paiement pour toute l'ann\u00e9e.<\/li>\n<\/ul>\n<\/div>\n<\/div><\/div><div id=\"panel-18-0-1-1\" class=\"so-panel widget widget_sow-editor panel-last-child\" data-index=\"4\" ><div\n\t\t\t\n\t\t\tclass=\"so-widget-sow-editor so-widget-sow-editor-base\"\n\t\t\t\n\t\t>\n<div class=\"siteorigin-widget-tinymce textwidget\">\n\t<p><span class=\"JsGRdQ\"><span style=\"color: #800000;\"><strong>Ouvert aux enfants de 8 \u00e0 10 ans<\/strong><\/span><br \/>\n<\/span><\/p>\n<p><span class=\"JsGRdQ\"><strong>Date et Horaire :<\/strong> <\/span><\/p>\n<p><span class=\"JsGRdQ\">Les samedis de 11h30 \u00e0 12<\/span><span class=\"JsGRdQ\">h30 confirm\u00e9s<br \/>\n<\/span><\/p>\n<p>du 20 septembre au 28 juin<br \/>\n(hors vacances scolaires et jours f\u00e9ri\u00e9s)<\/p>\n<p><strong>TARIF<\/strong> : 360\u20ac \u00e0 l'ann\u00e9e \/ 36\u20ac&nbsp; mois<\/p>\n<p><strong>POSSIBILIT\u00c9 DE PAIEMENT :<\/strong><\/p>\n<ul>\n<li><strong>En ch\u00e8que<\/strong> :&nbsp; \u00c0 l'ann\u00e9e, au trimestre ou au mois. Si par mois, nous prendrons la totalit\u00e9 des ch\u00e8ques (donc 10) et nous les encaisserons chaque mois.<\/li>\n<li><strong>En ligne :<\/strong> Paiement pour toute l'ann\u00e9e.<\/li>\n<li style=\"list-style-type: none;\">&nbsp;<\/li>\n<\/ul>\n<\/div>\n<\/div><\/div><\/div><\/div><div id=\"pg-18-1\"  class=\"panel-grid panel-no-style\" ><div id=\"pgc-18-1-0\"  class=\"panel-grid-cell\" ><div id=\"panel-18-1-0-0\" class=\"so-panel widget widget_sow-editor panel-first-child\" data-index=\"5\" ><div\n\t\t\t\n\t\t\tclass=\"so-widget-sow-editor so-widget-sow-editor-base\"\n\t\t\t\n\t\t>\n<div class=\"siteorigin-widget-tinymce textwidget\">\n\t<p class=\"_04xlpA direction-ltr align-justify para-style-body\"><span class=\"JsGRdQ\" style=\"color: #000000;\">L\u2019Atelier Th\u00e9\u00e2tre a pour but d\u2019apporter l\u2019autonomie, que l'enfant devienne \u00ab acteur \u00bb dans son apprentissage.<\/span><\/p>\n<p class=\"_04xlpA direction-ltr align-justify para-style-body\"><span style=\"color: #000000;\"><span class=\"JsGRdQ\">On manipule le th\u00e9\u00e2tre pour le comprendre<\/span><span class=\"JsGRdQ\">. Exercices ludiques pour prendre conscience du temps, de l\u2019espace, du langage mais aussi de son corps tout en s\u2019amusant<br \/>\n<\/span><\/span><\/p>\n<p class=\"_04xlpA direction-ltr align-justify para-style-body\"><span style=\"color: #000000;\"><span class=\"JsGRdQ\">Nous travaillons : le ressenti corporel, intellectuel et le ressenti \u00e9motionnel - <\/span><span class=\"JsGRdQ\">L'objectif de l'apprentissage est de permettre \u00e0 l'\u00e9l\u00e8ve de retransmettre et d'utiliser les notions apprises .<\/span><\/span><\/p>\n<p class=\"_04xlpA direction-ltr align-justify para-style-body\"><span style=\"color: #000000;\"><span class=\"JsGRdQ\">L\u2019\u00e9l\u00e8ve fabrique du th\u00e9\u00e2tre avec les outils du langage th\u00e9\u00e2tral appris en cours. Par exemple, savoir cr\u00e9er une petite sc\u00e8ne, \u00e9crire un dialogue, proposer un exercice au groupe...<\/span><span class=\"JsGRdQ\">Cet atelier se veut \u00e9mancipateur.<\/span><\/span><\/p>\n<\/div>\n<\/div><\/div><div id=\"panel-18-1-0-1\" class=\"so-panel widget widget_sow-editor panel-last-child\" data-index=\"6\" ><div\n\t\t\t\n\t\t\tclass=\"so-widget-sow-editor so-widget-sow-editor-base\"\n\t\t\t\n\t\t><h3 class=\"widget-title\">Le premier atelier est un essai obligatoire. A l'issue de cet atelier, l'inscription est d\u00e9finitive.<\/h3>\n<div class=\"siteorigin-widget-tinymce textwidget\">\n\t<p>Si vous ne souhaitez pas maintenir votre inscription, merci d'en pr\u00e9venir l'\u00e9quipe de L'Annexe.<br \/>\nPour qu'une pr\u00e9-inscription soit prise en compte, le paiement par ch\u00e8que doit-\u00eatre remis en m\u00eame temps que la fiche d'inscription. Le Paiement ne sera encaiss\u00e9 qu'\u00e0 l'issue du cours d'essai.<\/p>\n<\/div>\n<\/div><\/div><\/div><\/div><\/div>","protected":false},"excerpt":{"rendered":"<p>Ouvert aux enfants de 8 \u00e0 10 ans Date et Horaire : Les samedis de 10h \u00e0 11H d\u00e9butants [COMPLET] du 20 septembre au 28 juin (hors vacances scolaires et<span class=\"read-more-wrap\"><a class=\"moretag\" href=\"https:\/\/annexeromainville.com\/index.php\/theatre-enfants\/\">Lire la suite<span class=\"screen-reader-text\">(8-10 ans) TH\u00c9\u00c2TRE ENFANT CREATION<\/span><\/a><\/span><\/p>\n","protected":false},"author":2,"featured_media":0,"parent":0,"menu_order":0,"comment_status":"closed","ping_status":"closed","template":"","meta":{"_bbp_topic_count":0,"_bbp_reply_count":0,"_bbp_total_topic_count":0,"_bbp_total_reply_count":0,"_bbp_voice_count":0,"_bbp_anonymous_reply_count":0,"_bbp_topic_count_hidden":0,"_bbp_reply_count_hidden":0,"_bbp_forum_subforum_count":0,"ngg_post_thumbnail":0},"_links":{"self":[{"href":"https:\/\/annexeromainville.com\/index.php\/wp-json\/wp\/v2\/pages\/18"}],"collection":[{"href":"https:\/\/annexeromainville.com\/index.php\/wp-json\/wp\/v2\/pages"}],"about":[{"href":"https:\/\/annexeromainville.com\/index.php\/wp-json\/wp\/v2\/types\/page"}],"author":[{"embeddable":true,"href":"https:\/\/annexeromainville.com\/index.php\/wp-json\/wp\/v2\/users\/2"}],"replies":[{"embeddable":true,"href":"https:\/\/annexeromainville.com\/index.php\/wp-json\/wp\/v2\/comments?post=18"}],"version-history":[{"count":166,"href":"https:\/\/annexeromainville.com\/index.php\/wp-json\/wp\/v2\/pages\/18\/revisions"}],"predecessor-version":[{"id":11074,"href":"https:\/\/annexeromainville.com\/index.php\/wp-json\/wp\/v2\/pages\/18\/revisions\/11074"}],"wp:attachment":[{"href":"https:\/\/annexeromainville.com\/index.php\/wp-json\/wp\/v2\/media?parent=18"}],"curies":[{"name":"wp","href":"https:\/\/api.w.org\/{rel}","templated":true}]}}