{"id":1892,"date":"2018-04-12T08:54:45","date_gmt":"2018-04-12T07:54:45","guid":{"rendered":"http:\/\/annexedutraindevie.com\/?page_id=1892"},"modified":"2018-04-24T12:17:35","modified_gmt":"2018-04-24T11:17:35","slug":"hradcany","status":"publish","type":"page","link":"https:\/\/annexeromainville.com\/index.php\/hradcany\/","title":{"rendered":"Hrad\u010dany"},"content":{"rendered":"<div id=\"pl-1892\"  class=\"panel-layout\" ><div id=\"pg-1892-0\"  class=\"panel-grid panel-no-style\" ><div id=\"pgc-1892-0-0\"  class=\"panel-grid-cell\" ><div id=\"panel-1892-0-0-0\" class=\"so-panel widget widget_sow-editor panel-first-child panel-last-child\" data-index=\"0\" ><div\n\t\t\t\n\t\t\tclass=\"so-widget-sow-editor so-widget-sow-editor-base\"\n\t\t\t\n\t\t>\n<div class=\"siteorigin-widget-tinymce textwidget\">\n\t<h2 style=\"text-align: center;\"><span style=\"color: #000000;\">Hrad\u010dany<\/span><\/h2>\n<h4 style=\"text-align: center;\"><span style=\"color: #000000;\">Vendredi 1er Juin 2018 \u00e0 20h<br \/>Samedi 2 Juin 2018 \u00e0 20h<\/span><\/h4>\n<p style=\"text-align: center;\"><span style=\"color: #000000;\">Concert<br \/>A partir de 10 ans<\/span><\/p>\n<\/div>\n<\/div><\/div><\/div><\/div><div id=\"pg-1892-1\"  class=\"panel-grid panel-no-style\" ><div id=\"pgc-1892-1-0\"  class=\"panel-grid-cell\" ><div id=\"panel-1892-1-0-0\" class=\"so-panel widget widget_sow-image panel-first-child panel-last-child\" data-index=\"1\" ><div\n\t\t\t\n\t\t\tclass=\"so-widget-sow-image so-widget-sow-image-default-c67d20f9f743-1892\"\n\t\t\t\n\t\t>\n<div class=\"sow-image-container\">\n\t\t<img \n\tsrc=\"https:\/\/annexeromainville.com\/wp-content\/uploads\/2018\/04\/PHOTO_HARDCANY_C_300.jpg\" width=\"2617\" height=\"1126\" srcset=\"https:\/\/annexeromainville.com\/wp-content\/uploads\/2018\/04\/PHOTO_HARDCANY_C_300.jpg 2617w, https:\/\/annexeromainville.com\/wp-content\/uploads\/2018\/04\/PHOTO_HARDCANY_C_300-300x129.jpg 300w, https:\/\/annexeromainville.com\/wp-content\/uploads\/2018\/04\/PHOTO_HARDCANY_C_300-768x330.jpg 768w, https:\/\/annexeromainville.com\/wp-content\/uploads\/2018\/04\/PHOTO_HARDCANY_C_300-1024x441.jpg 1024w\" sizes=\"(max-width: 2617px) 100vw, 2617px\" alt=\"\" loading=\"lazy\" \t\tclass=\"so-widget-image\"\/>\n\t<\/div>\n\n<\/div><\/div><\/div><\/div><div id=\"pg-1892-2\"  class=\"panel-grid panel-no-style\" ><div id=\"pgc-1892-2-0\"  class=\"panel-grid-cell\" ><div id=\"panel-1892-2-0-0\" class=\"so-panel widget widget_sow-editor panel-first-child\" data-index=\"2\" ><div\n\t\t\t\n\t\t\tclass=\"so-widget-sow-editor so-widget-sow-editor-base\"\n\t\t\t\n\t\t>\n<div class=\"siteorigin-widget-tinymce textwidget\">\n\t<p><span style=\"color: #000000;\">Avec <strong>Serge Adam, David Venitucci et Philippe Botta<\/strong><\/span><\/p>\n<p><span style=\"color: #000000;\">\"Serge Adam est de retour ...\" et c'est toujours un bonheur d'entendre sa musique tendre et po\u00e9tique, Hrad\u010dany me rappelle les langoureuses fins de journ\u00e9es sur les terrasses de Ljubljana ... ou d'Ohrid ...\u00a0<\/span><\/p>\n<p><span style=\"color: #000000;\">Depuis 15 ans, Hradcany puise son imaginaire dans les modes de jeu qui caract\u00e9risent les musiques populaires de l\u2019Est m\u00e9diterran\u00e9en. Dans une grande complicit\u00e9, ces trois musiciens proposent un parcours initiatique et festif, transcend\u00e9 par l\u2019apport d\u2019une \u00e9criture d\u2019aujourd\u2019hui, mettant au premier plan l\u2019expression de ces solistes-improvisateurs.<\/span><\/p>\n<\/div>\n<\/div><\/div><div id=\"panel-1892-2-0-1\" class=\"so-panel widget widget_sow-button panel-last-child\" data-index=\"3\" ><div\n\t\t\t\n\t\t\tclass=\"so-widget-sow-button so-widget-sow-button-atom-857739567c6a-1892\"\n\t\t\t\n\t\t><div class=\"ow-button-base ow-button-align-center\"\n>\n\t\t\t<a\n\t\t\t\t\thref=\"http:\/\/annexedutraindevie.com\/index.php\/reservation\/\"\n\t\t\t\t\tclass=\"sowb-button ow-icon-placement-left ow-button-hover\" \t>\n\t\t<span>\n\t\t\t\n\t\t\tR\u00e9server\t\t<\/span>\n\t\t\t<\/a>\n\t<\/div>\n<\/div><\/div><\/div><\/div><\/div>","protected":false},"excerpt":{"rendered":"<p>Hrad\u010dany Vendredi 1er Juin 2018 \u00e0 20hSamedi 2 Juin 2018 \u00e0 20h ConcertA partir de 10 ans<\/p>\n","protected":false},"author":2,"featured_media":0,"parent":0,"menu_order":0,"comment_status":"closed","ping_status":"closed","template":"","meta":{"_bbp_topic_count":0,"_bbp_reply_count":0,"_bbp_total_topic_count":0,"_bbp_total_reply_count":0,"_bbp_voice_count":0,"_bbp_anonymous_reply_count":0,"_bbp_topic_count_hidden":0,"_bbp_reply_count_hidden":0,"_bbp_forum_subforum_count":0,"ngg_post_thumbnail":0},"_links":{"self":[{"href":"https:\/\/annexeromainville.com\/index.php\/wp-json\/wp\/v2\/pages\/1892"}],"collection":[{"href":"https:\/\/annexeromainville.com\/index.php\/wp-json\/wp\/v2\/pages"}],"about":[{"href":"https:\/\/annexeromainville.com\/index.php\/wp-json\/wp\/v2\/types\/page"}],"author":[{"embeddable":true,"href":"https:\/\/annexeromainville.com\/index.php\/wp-json\/wp\/v2\/users\/2"}],"replies":[{"embeddable":true,"href":"https:\/\/annexeromainville.com\/index.php\/wp-json\/wp\/v2\/comments?post=1892"}],"version-history":[{"count":7,"href":"https:\/\/annexeromainville.com\/index.php\/wp-json\/wp\/v2\/pages\/1892\/revisions"}],"predecessor-version":[{"id":1952,"href":"https:\/\/annexeromainville.com\/index.php\/wp-json\/wp\/v2\/pages\/1892\/revisions\/1952"}],"wp:attachment":[{"href":"https:\/\/annexeromainville.com\/index.php\/wp-json\/wp\/v2\/media?parent=1892"}],"curies":[{"name":"wp","href":"https:\/\/api.w.org\/{rel}","templated":true}]}}