{"id":1907,"date":"2018-04-12T09:07:59","date_gmt":"2018-04-12T08:07:59","guid":{"rendered":"http:\/\/annexedutraindevie.com\/?page_id=1907"},"modified":"2018-04-12T09:07:59","modified_gmt":"2018-04-12T08:07:59","slug":"yalla-2","status":"publish","type":"page","link":"https:\/\/annexeromainville.com\/index.php\/yalla-2\/","title":{"rendered":"Yalla !"},"content":{"rendered":"<div id=\"pl-1907\"  class=\"panel-layout\" ><div id=\"pg-1907-0\"  class=\"panel-grid panel-no-style\" ><div id=\"pgc-1907-0-0\"  class=\"panel-grid-cell\" ><div id=\"panel-1907-0-0-0\" class=\"so-panel widget widget_sow-editor panel-first-child panel-last-child\" data-index=\"0\" ><div\n\t\t\t\n\t\t\tclass=\"so-widget-sow-editor so-widget-sow-editor-base\"\n\t\t\t\n\t\t>\n<div class=\"siteorigin-widget-tinymce textwidget\">\n\t<h2 style=\"text-align: center;\"><span style=\"color: #000000;\">Yalla !<\/span><\/h2>\n<h4 style=\"text-align: center;\"><span style=\"color: #000000;\">Vendredi 16 Juin 2018 \u00e0 20h<\/span><\/h4>\n<p style=\"text-align: center;\"><span style=\"color: #000000;\">Ap\u00e9rotexte<br \/>A partir de 12 ans<\/span><\/p>\n<\/div>\n<\/div><\/div><\/div><\/div><div id=\"pg-1907-1\"  class=\"panel-grid panel-no-style\" ><div id=\"pgc-1907-1-0\"  class=\"panel-grid-cell\" ><div id=\"panel-1907-1-0-0\" class=\"so-panel widget widget_sow-image panel-first-child panel-last-child\" data-index=\"1\" ><div\n\t\t\t\n\t\t\tclass=\"so-widget-sow-image so-widget-sow-image-default-c67d20f9f743-1907\"\n\t\t\t\n\t\t>\n<div class=\"sow-image-container\">\n\t\t<img \n\tsrc=\"https:\/\/annexeromainville.com\/wp-content\/uploads\/2018\/04\/Yalla-photo.jpg\" width=\"425\" height=\"424\" srcset=\"https:\/\/annexeromainville.com\/wp-content\/uploads\/2018\/04\/Yalla-photo.jpg 425w, https:\/\/annexeromainville.com\/wp-content\/uploads\/2018\/04\/Yalla-photo-150x150.jpg 150w, https:\/\/annexeromainville.com\/wp-content\/uploads\/2018\/04\/Yalla-photo-300x300.jpg 300w\" sizes=\"(max-width: 425px) 100vw, 425px\" alt=\"\" loading=\"lazy\" \t\tclass=\"so-widget-image\"\/>\n\t<\/div>\n\n<\/div><\/div><\/div><div id=\"pgc-1907-1-1\"  class=\"panel-grid-cell\" ><div id=\"panel-1907-1-1-0\" class=\"so-panel widget widget_sow-editor panel-first-child\" data-index=\"2\" ><div\n\t\t\t\n\t\t\tclass=\"so-widget-sow-editor so-widget-sow-editor-base\"\n\t\t\t\n\t\t>\n<div class=\"siteorigin-widget-tinymce textwidget\">\n\t<p><span style=\"color: #000000;\">De <strong>Sonia Ristic<\/strong><br \/>Par la <strong>Cie Jetzt<\/strong><br \/>Mise en voix de <strong>Deborah Banoun<\/strong><br \/>Avec <strong>Pauline Etienne et Bachir Tlili<\/strong><\/span><\/p>\n<p><span style=\"color: #000000;\"><span style=\"color: #000000;\">Ce texte m'a frapp\u00e9 en plein c\u0153ur, ode \u00e0 la vie au milieu du chaos, il est pour moi une arme de persuasion massive !<\/span><\/span><\/p>\n<p><span style=\"color: #000000;\">Ce texte in\u00e9dit a \u00e9t\u00e9 \u00e9crit en Palestine. Temps suspendu, deux personnages, l'un s'appr\u00eate \u00e0 jeter une pierre, l'autre \u00e0 tirer. Ils se scrutent, s'imaginent ... ne se parleront pas. Pourtant, sans jamais le dire, ils veulent la m\u00eame chose : la paix.<\/span><\/p>\n<\/div>\n<\/div><\/div><div id=\"panel-1907-1-1-1\" class=\"so-panel widget widget_sow-button panel-last-child\" data-index=\"3\" ><div\n\t\t\t\n\t\t\tclass=\"so-widget-sow-button so-widget-sow-button-atom-857739567c6a-1907\"\n\t\t\t\n\t\t><div class=\"ow-button-base ow-button-align-center\"\n>\n\t\t\t<a\n\t\t\t\t\thref=\"http:\/\/annexedutraindevie.com\/index.php\/reservation\/\"\n\t\t\t\t\tclass=\"sowb-button ow-icon-placement-left ow-button-hover\" \t>\n\t\t<span>\n\t\t\t\n\t\t\tR\u00e9server\t\t<\/span>\n\t\t\t<\/a>\n\t<\/div>\n<\/div><\/div><\/div><\/div><\/div>","protected":false},"excerpt":{"rendered":"<p>Yalla ! Vendredi 16 Juin 2018 \u00e0 20h Ap\u00e9rotexteA partir de 12 ans De Sonia RisticPar la Cie JetztMise en voix de Deborah BanounAvec Pauline Etienne et Bachir Tlili Ce<span class=\"read-more-wrap\"><a class=\"moretag\" href=\"https:\/\/annexeromainville.com\/index.php\/yalla-2\/\">Lire la suite<span class=\"screen-reader-text\">Yalla !<\/span><\/a><\/span><\/p>\n","protected":false},"author":2,"featured_media":0,"parent":0,"menu_order":0,"comment_status":"closed","ping_status":"closed","template":"","meta":{"_bbp_topic_count":0,"_bbp_reply_count":0,"_bbp_total_topic_count":0,"_bbp_total_reply_count":0,"_bbp_voice_count":0,"_bbp_anonymous_reply_count":0,"_bbp_topic_count_hidden":0,"_bbp_reply_count_hidden":0,"_bbp_forum_subforum_count":0,"ngg_post_thumbnail":0},"_links":{"self":[{"href":"https:\/\/annexeromainville.com\/index.php\/wp-json\/wp\/v2\/pages\/1907"}],"collection":[{"href":"https:\/\/annexeromainville.com\/index.php\/wp-json\/wp\/v2\/pages"}],"about":[{"href":"https:\/\/annexeromainville.com\/index.php\/wp-json\/wp\/v2\/types\/page"}],"author":[{"embeddable":true,"href":"https:\/\/annexeromainville.com\/index.php\/wp-json\/wp\/v2\/users\/2"}],"replies":[{"embeddable":true,"href":"https:\/\/annexeromainville.com\/index.php\/wp-json\/wp\/v2\/comments?post=1907"}],"version-history":[{"count":3,"href":"https:\/\/annexeromainville.com\/index.php\/wp-json\/wp\/v2\/pages\/1907\/revisions"}],"predecessor-version":[{"id":1911,"href":"https:\/\/annexeromainville.com\/index.php\/wp-json\/wp\/v2\/pages\/1907\/revisions\/1911"}],"wp:attachment":[{"href":"https:\/\/annexeromainville.com\/index.php\/wp-json\/wp\/v2\/media?parent=1907"}],"curies":[{"name":"wp","href":"https:\/\/api.w.org\/{rel}","templated":true}]}}