{"id":2130,"date":"2018-09-11T12:50:32","date_gmt":"2018-09-11T11:50:32","guid":{"rendered":"http:\/\/annexedutraindevie.com\/?page_id=2130"},"modified":"2018-10-17T11:52:11","modified_gmt":"2018-10-17T10:52:11","slug":"lalalangue","status":"publish","type":"page","link":"https:\/\/annexeromainville.com\/index.php\/lalalangue\/","title":{"rendered":"Lalalangue"},"content":{"rendered":"<div id=\"pl-2130\"  class=\"panel-layout\" ><div id=\"pg-2130-0\"  class=\"panel-grid panel-no-style\" ><div id=\"pgc-2130-0-0\"  class=\"panel-grid-cell\" ><div id=\"panel-2130-0-0-0\" class=\"so-panel widget widget_sow-editor panel-first-child panel-last-child\" data-index=\"0\" ><div\n\t\t\t\n\t\t\tclass=\"so-widget-sow-editor so-widget-sow-editor-base\"\n\t\t\t\n\t\t>\n<div class=\"siteorigin-widget-tinymce textwidget\">\n\t<h1 style=\"text-align: center;\"><em><span style=\"color: #000000;\">Lalalangue<\/span><\/em><\/h1>\n<h3 style=\"text-align: center;\"><span style=\"color: #000000;\">Vendredi 19 octobre \u00e0 20h : <\/span><span style=\"color: #ff0000;\">COMPLET<\/span><span style=\"color: #000000;\"><br \/>\n<\/span><\/h3>\n<p style=\"text-align: center;\"><strong><span style=\"color: #000000;\">A partir de 12 ans<\/span><\/strong><\/p>\n<\/div>\n<\/div><\/div><\/div><\/div><div id=\"pg-2130-1\"  class=\"panel-grid panel-no-style\" ><div id=\"pgc-2130-1-0\"  class=\"panel-grid-cell\" ><div id=\"panel-2130-1-0-0\" class=\"so-panel widget widget_sow-image panel-first-child panel-last-child\" data-index=\"1\" ><div\n\t\t\t\n\t\t\tclass=\"so-widget-sow-image so-widget-sow-image-default-8b5b6f678277-2130\"\n\t\t\t\n\t\t>\n<div class=\"sow-image-container\">\n\t\t<img \n\tsrc=\"https:\/\/annexeromainville.com\/wp-content\/uploads\/2018\/10\/Lalalangue-affiche-Complet-2.jpg\" width=\"1240\" height=\"1412\" srcset=\"https:\/\/annexeromainville.com\/wp-content\/uploads\/2018\/10\/Lalalangue-affiche-Complet-2.jpg 1240w, https:\/\/annexeromainville.com\/wp-content\/uploads\/2018\/10\/Lalalangue-affiche-Complet-2-263x300.jpg 263w, https:\/\/annexeromainville.com\/wp-content\/uploads\/2018\/10\/Lalalangue-affiche-Complet-2-768x875.jpg 768w, https:\/\/annexeromainville.com\/wp-content\/uploads\/2018\/10\/Lalalangue-affiche-Complet-2-899x1024.jpg 899w\" sizes=\"(max-width: 1240px) 100vw, 1240px\" title=\"Lalalangue affiche Complet 2\" alt=\"\" loading=\"lazy\" \t\tclass=\"so-widget-image\"\/>\n\t<\/div>\n\n<\/div><\/div><\/div><div id=\"pgc-2130-1-1\"  class=\"panel-grid-cell\" ><div id=\"panel-2130-1-1-0\" class=\"so-panel widget widget_sow-editor panel-first-child panel-last-child\" data-index=\"2\" ><div\n\t\t\t\n\t\t\tclass=\"so-widget-sow-editor so-widget-sow-editor-base\"\n\t\t\t\n\t\t>\n<div class=\"siteorigin-widget-tinymce textwidget\">\n\t<p><strong><span style=\"color: #000000;\">De et par Fr\u00e9d\u00e9rique Voruz<\/span><\/strong><\/p>\n<p style=\"text-align: justify;\"><span style=\"color: #000000;\">\"Il y a toujours quelque chose \u00e0 r\u00e9soudre dans les liens de la famille, comme s'il n'y avait l\u00e0 que quelque chose \u00e0 comprendre.\"<\/span><br \/>\n<span style=\"color: #000000;\">Dans ce texte, il sera question du language, du poids des mots, comme fiction, qui devient r\u00e9alit\u00e9. <em>Lalalangue<\/em> raconte comment une enfant s'est prot\u00e9g\u00e9e de la folie maternelle. L'humour comme arme, la cr\u00e9ation comme solution.<\/span><\/p>\n<\/div>\n<\/div><\/div><\/div><\/div><\/div>","protected":false},"excerpt":{"rendered":"<p>Lalalangue Vendredi 19 octobre \u00e0 20h : COMPLET A partir de 12 ans De et par Fr\u00e9d\u00e9rique Voruz &#8220;Il y a toujours quelque chose \u00e0 r\u00e9soudre dans les liens de<span class=\"read-more-wrap\"><a class=\"moretag\" href=\"https:\/\/annexeromainville.com\/index.php\/lalalangue\/\">Lire la suite<span class=\"screen-reader-text\">Lalalangue<\/span><\/a><\/span><\/p>\n","protected":false},"author":2,"featured_media":0,"parent":0,"menu_order":0,"comment_status":"closed","ping_status":"closed","template":"","meta":{"_bbp_topic_count":0,"_bbp_reply_count":0,"_bbp_total_topic_count":0,"_bbp_total_reply_count":0,"_bbp_voice_count":0,"_bbp_anonymous_reply_count":0,"_bbp_topic_count_hidden":0,"_bbp_reply_count_hidden":0,"_bbp_forum_subforum_count":0,"ngg_post_thumbnail":0},"_links":{"self":[{"href":"https:\/\/annexeromainville.com\/index.php\/wp-json\/wp\/v2\/pages\/2130"}],"collection":[{"href":"https:\/\/annexeromainville.com\/index.php\/wp-json\/wp\/v2\/pages"}],"about":[{"href":"https:\/\/annexeromainville.com\/index.php\/wp-json\/wp\/v2\/types\/page"}],"author":[{"embeddable":true,"href":"https:\/\/annexeromainville.com\/index.php\/wp-json\/wp\/v2\/users\/2"}],"replies":[{"embeddable":true,"href":"https:\/\/annexeromainville.com\/index.php\/wp-json\/wp\/v2\/comments?post=2130"}],"version-history":[{"count":3,"href":"https:\/\/annexeromainville.com\/index.php\/wp-json\/wp\/v2\/pages\/2130\/revisions"}],"predecessor-version":[{"id":2163,"href":"https:\/\/annexeromainville.com\/index.php\/wp-json\/wp\/v2\/pages\/2130\/revisions\/2163"}],"wp:attachment":[{"href":"https:\/\/annexeromainville.com\/index.php\/wp-json\/wp\/v2\/media?parent=2130"}],"curies":[{"name":"wp","href":"https:\/\/api.w.org\/{rel}","templated":true}]}}