{"id":2242,"date":"2019-01-10T11:52:24","date_gmt":"2019-01-10T10:52:24","guid":{"rendered":"http:\/\/annexedutraindevie.com\/?page_id=2242"},"modified":"2019-06-12T12:41:48","modified_gmt":"2019-06-12T11:41:48","slug":"apres-la-fin","status":"publish","type":"page","link":"https:\/\/annexeromainville.com\/index.php\/apres-la-fin\/","title":{"rendered":"Apr\u00e8s la fin"},"content":{"rendered":"<div id=\"pl-2242\"  class=\"panel-layout\" ><div id=\"pg-2242-0\"  class=\"panel-grid panel-no-style\" ><div id=\"pgc-2242-0-0\"  class=\"panel-grid-cell\" ><div id=\"panel-2242-0-0-0\" class=\"so-panel widget widget_sow-editor panel-first-child panel-last-child\" data-index=\"0\" ><div\n\t\t\t\n\t\t\tclass=\"so-widget-sow-editor so-widget-sow-editor-base\"\n\t\t\t\n\t\t>\n<div class=\"siteorigin-widget-tinymce textwidget\">\n\t<h2 style=\"text-align: center;\"><span style=\"color: #000000;\">Apr\u00e8s la fin<\/span><\/h2>\n<h3 style=\"text-align: center;\"><span style=\"color: #000000;\">De Dennis Kelly,<\/span><\/h3>\n<h4 style=\"text-align: center;\"><span style=\"color: #000000;\">Le vendredi 25 janvier 2019 \u00e0 20h.<\/span><br \/>\n<span style=\"color: #000000;\">Ouverture des portes \u00e0 19h45<\/span><br \/>\n<span style=\"color: #000000;\">A partir de 12 ans<\/span><\/h4>\n<\/div>\n<\/div><\/div><\/div><\/div><div id=\"pg-2242-1\"  class=\"panel-grid panel-no-style\" ><div id=\"pgc-2242-1-0\"  class=\"panel-grid-cell\" ><div id=\"panel-2242-1-0-0\" class=\"so-panel widget widget_sow-image panel-first-child panel-last-child\" data-index=\"1\" ><div\n\t\t\t\n\t\t\tclass=\"so-widget-sow-image so-widget-sow-image-default-c67d20f9f743-2242\"\n\t\t\t\n\t\t>\n<div class=\"sow-image-container\">\n\t\t<img \n\tsrc=\"https:\/\/annexeromainville.com\/wp-content\/uploads\/2019\/01\/Affiche-Apr\u00e8s-la-Fin-263x300.png\" width=\"263\" height=\"300\" srcset=\"https:\/\/annexeromainville.com\/wp-content\/uploads\/2019\/01\/Affiche-Apr\u00e8s-la-Fin-263x300.png 263w, https:\/\/annexeromainville.com\/wp-content\/uploads\/2019\/01\/Affiche-Apr\u00e8s-la-Fin-768x876.png 768w, https:\/\/annexeromainville.com\/wp-content\/uploads\/2019\/01\/Affiche-Apr\u00e8s-la-Fin-898x1024.png 898w, https:\/\/annexeromainville.com\/wp-content\/uploads\/2019\/01\/Affiche-Apr\u00e8s-la-Fin.png 1240w\" sizes=\"(max-width: 263px) 100vw, 263px\" title=\"Affiche Apr\u00e8s la Fin\" alt=\"\" loading=\"lazy\" \t\tclass=\"so-widget-image\"\/>\n\t<\/div>\n\n<\/div><\/div><\/div><div id=\"pgc-2242-1-1\"  class=\"panel-grid-cell\" ><div id=\"panel-2242-1-1-0\" class=\"so-panel widget widget_sow-editor panel-first-child panel-last-child\" data-index=\"2\" ><div\n\t\t\t\n\t\t\tclass=\"so-widget-sow-editor so-widget-sow-editor-base\"\n\t\t\t\n\t\t>\n<div class=\"siteorigin-widget-tinymce textwidget\">\n\t<p style=\"text-align: justify;\"><span style=\"color: #000000;\">Qu\u2019est-ce que notre besoin d\u2019amour met en jeu ? Que se passe-t-il lorsque ce besoin d\u2019amour est frustr\u00e9 par la soci\u00e9t\u00e9 normative dans laquelle nous vivons ?<\/span><\/p>\n<p style=\"text-align: justify;\"><span style=\"color: #000000;\">Louise se r\u00e9veille enferm\u00e9e dans un abri antiatomique avec Mark, un jeune homme appartenant \u00e0 son groupe d\u2019amis proches. Ils \u00e9taient dans un bar lorsqu\u2019une attaque nucl\u00e9aire est survenue. Toujours pr\u00eat au pire, Mark avait pourvu au n\u00e9cessaire : des bo\u00eetes de chili, du riz, un jeu de Donjons&amp;Dragons. Mais \u00e0 quatre pieds sous terre, les masques s\u2019effritent, et le fard de la vie en soci\u00e9t\u00e9 semble bien loin lorsque la faim s\u2019invite.<\/span><\/p>\n<\/div>\n<\/div><\/div><\/div><\/div><div id=\"pg-2242-2\"  class=\"panel-grid panel-no-style\" ><div id=\"pgc-2242-2-0\"  class=\"panel-grid-cell\" ><div id=\"panel-2242-2-0-0\" class=\"so-panel widget widget_sow-button panel-first-child panel-last-child\" data-index=\"3\" ><div\n\t\t\t\n\t\t\tclass=\"so-widget-sow-button so-widget-sow-button-atom-857739567c6a-2242\"\n\t\t\t\n\t\t><div class=\"ow-button-base ow-button-align-center\"\n>\n\t\t\t<a\n\t\t\t\t\thref=\"http:\/\/annexedutraindevie.com\/index.php\/reservation\/\"\n\t\t\t\t\tclass=\"sowb-button ow-icon-placement-left ow-button-hover\" \t>\n\t\t<span>\n\t\t\t<span class=\"sow-icon-ionicons\" data-sow-icon=\"&#xf375;\"\n\t\tstyle=\"color: #dd9933\" \n\t\taria-hidden=\"true\"><\/span>\n\t\t\tR\u00e9server\t\t<\/span>\n\t\t\t<\/a>\n\t<\/div>\n<\/div><\/div><\/div><\/div><div id=\"pg-2242-3\"  class=\"panel-grid panel-no-style\" ><div id=\"pgc-2242-3-0\"  class=\"panel-grid-cell\" ><div id=\"panel-2242-3-0-0\" class=\"so-panel widget widget_sow-editor panel-first-child panel-last-child\" data-index=\"4\" ><div\n\t\t\t\n\t\t\tclass=\"so-widget-sow-editor so-widget-sow-editor-base\"\n\t\t\t\n\t\t>\n<div class=\"siteorigin-widget-tinymce textwidget\">\n\t<p style=\"text-align: justify;\"><a href=\"http:\/\/annexedutraindevie.com\/?attachment_id=2247#main\" rel=\"attachment wp-att-2247\"><img loading=\"lazy\" class=\" wp-image-2247 alignleft\" src=\"http:\/\/annexedutraindevie.com\/wp-content\/uploads\/2019\/01\/2019-01-10-2.png\" alt=\"\" width=\"244\" height=\"245\" srcset=\"https:\/\/annexeromainville.com\/wp-content\/uploads\/2019\/01\/2019-01-10-2.png 519w, https:\/\/annexeromainville.com\/wp-content\/uploads\/2019\/01\/2019-01-10-2-150x150.png 150w, https:\/\/annexeromainville.com\/wp-content\/uploads\/2019\/01\/2019-01-10-2-300x300.png 300w\" sizes=\"(max-width: 244px) 100vw, 244px\" \/><\/a><span style=\"color: #000000;\">Tanguy Martini\u00e8re (metteur en sc\u00e8ne et acteur)<\/span><\/p>\n<p style=\"text-align: justify;\">En 2014, il entre au&nbsp;<em>Conservatoire de Lyon<\/em>. Il suit un stage avec les&nbsp;<em>Tr\u00e9teaux de France<\/em>&nbsp;cette m\u00eame ann\u00e9e et s'int\u00e9resse parall\u00e8lement \u00e0 l'improvisation, \u00e0 la com\u00e9die musicale et au cabaret burlesque \u00e0 travers diff\u00e9rents stages et workshops.&nbsp;\u00c0 la rentr\u00e9e 2015, il int\u00e8gre&nbsp;<em>l'\u00c9cole Claude Mathieu<\/em>, au sein de laquelle il joue dans&nbsp;Le Pays Lointain&nbsp;de Jean-Luc Lagarce mis en sc\u00e8ne par Hugo Henner et&nbsp;Gardarem&nbsp;\u00e9crit et mis en sc\u00e8ne par Brunelle Lemonnier. En 2017 il est stagiaire \u00e0 la mise en sc\u00e8ne de Chlo\u00e9 Dabert pour la cr\u00e9ation de&nbsp;<em>L\u2019Abattage Rituel<\/em> de Gorge Mastromas&nbsp;de Dennis Kelly. Du m\u00eame auteur, il monte en 2018&nbsp;<em>Oussama ce h\u00e9ros<\/em>&nbsp;pour sa premi\u00e8re mise en sc\u00e8ne et met en voix&nbsp;<em>Apr\u00e8s la fin<\/em>&nbsp;avec Manon Simier. En 2019 il collabore avec la compagnie lyonnaise&nbsp;<em>Les D\u00e9vorants&nbsp;<\/em>pour laquelle il joue dans&nbsp;<em>Projet XXX<\/em>&nbsp; de Clara Jolfre et&nbsp;<em>Shopping and Fucking<\/em>&nbsp;de Mark Ravenhill dans une mise en sc\u00e8ne de Romain Mas. En 2019 il cr\u00e9e sa propre compagnie :&nbsp;<em>Les Paillettes n\u2019y sont pour rien<\/em>. Il est \u00e9galement transformiste-performeur sous le nom de Lapop Lexomil.<\/p>\n<\/div>\n<\/div><\/div><\/div><div id=\"pgc-2242-3-1\"  class=\"panel-grid-cell\" ><div id=\"panel-2242-3-1-0\" class=\"so-panel widget widget_sow-editor panel-first-child panel-last-child\" data-index=\"5\" ><div\n\t\t\t\n\t\t\tclass=\"so-widget-sow-editor so-widget-sow-editor-base\"\n\t\t\t\n\t\t>\n<div class=\"siteorigin-widget-tinymce textwidget\">\n\t<p style=\"text-align: justify;\"><span style=\"color: #000000;\"><a href=\"http:\/\/annexedutraindevie.com\/?attachment_id=2248#main\" rel=\"attachment wp-att-2248\"><img loading=\"lazy\" class=\" wp-image-2248 alignleft\" src=\"http:\/\/annexedutraindevie.com\/wp-content\/uploads\/2019\/01\/2019-01-10.png\" alt=\"\" width=\"169\" height=\"254\" srcset=\"https:\/\/annexeromainville.com\/wp-content\/uploads\/2019\/01\/2019-01-10.png 472w, https:\/\/annexeromainville.com\/wp-content\/uploads\/2019\/01\/2019-01-10-199x300.png 199w\" sizes=\"(max-width: 169px) 100vw, 169px\" \/><\/a>Manon Simier (actrice)<\/span><br \/>\n<span style=\"color: #000000;\">Manon suit les cours de th\u00e9\u00e2tre de La Cuisine sous la direction de Justine Heynemann et poursuit sa formation aux conservatoires du XVI\u00e8me et du XIII\u00e8 sous les directions respectives d\u2019Eric Jakobiak et de Fran\u00e7ois Clavier avant d\u2019int\u00e9grer en 2014 l\u2019\u00e9cole Claude Mathieu. La m\u00eame ann\u00e9e elle joue dans les deux premi\u00e8res cr\u00e9ations de la compagnie Les Clameurs. En parall\u00e8le, Manon poursuit ses \u00e9tudes en licence d\u2019\u00e9tudes th\u00e9\u00e2trales et en master de lettres modernes \u00e0 Paris III. Elle a tourn\u00e9 sous la direction de Laurent Heynemann et Gilles Bannier. En 2018, elle met en sc\u00e8ne son premier spectacle : <em>Les Aventures de Natalie Nicole Nicole<\/em> de Marion Aubert et joue dans <em>Oussama ce h\u00e9ros<\/em> de Dennis Kelly mis en sc\u00e8ne par Tanguy Martini\u00e8re, ainsi que dans <em>Abeilles, habillez-moi<\/em> de vous de Philippe Dorin mis en sc\u00e8ne par Valentine Monserand. En Septembre 2018, elle co-fonde avec Hugo Tejero la compagnie On n\u2019est pas les meilleurs mais on n\u2019est pas les pires non plus et joue dans <em>Apr\u00e8s la fin<\/em> de Dennis Kelly mis en sc\u00e8ne par Tanguy Martini\u00e8re.<\/span><\/p>\n<\/div>\n<\/div><\/div><\/div><\/div><\/div>","protected":false},"excerpt":{"rendered":"<p>Apr\u00e8s la fin De Dennis Kelly, Le vendredi 25 janvier 2019 \u00e0 20h. Ouverture des portes \u00e0 19h45 A partir de 12 ans Qu\u2019est-ce que notre besoin d\u2019amour met en<span class=\"read-more-wrap\"><a class=\"moretag\" href=\"https:\/\/annexeromainville.com\/index.php\/apres-la-fin\/\">Lire la suite<span class=\"screen-reader-text\">Apr\u00e8s la fin<\/span><\/a><\/span><\/p>\n","protected":false},"author":2,"featured_media":0,"parent":0,"menu_order":0,"comment_status":"closed","ping_status":"closed","template":"","meta":{"_bbp_topic_count":0,"_bbp_reply_count":0,"_bbp_total_topic_count":0,"_bbp_total_reply_count":0,"_bbp_voice_count":0,"_bbp_anonymous_reply_count":0,"_bbp_topic_count_hidden":0,"_bbp_reply_count_hidden":0,"_bbp_forum_subforum_count":0,"ngg_post_thumbnail":0},"_links":{"self":[{"href":"https:\/\/annexeromainville.com\/index.php\/wp-json\/wp\/v2\/pages\/2242"}],"collection":[{"href":"https:\/\/annexeromainville.com\/index.php\/wp-json\/wp\/v2\/pages"}],"about":[{"href":"https:\/\/annexeromainville.com\/index.php\/wp-json\/wp\/v2\/types\/page"}],"author":[{"embeddable":true,"href":"https:\/\/annexeromainville.com\/index.php\/wp-json\/wp\/v2\/users\/2"}],"replies":[{"embeddable":true,"href":"https:\/\/annexeromainville.com\/index.php\/wp-json\/wp\/v2\/comments?post=2242"}],"version-history":[{"count":16,"href":"https:\/\/annexeromainville.com\/index.php\/wp-json\/wp\/v2\/pages\/2242\/revisions"}],"predecessor-version":[{"id":2736,"href":"https:\/\/annexeromainville.com\/index.php\/wp-json\/wp\/v2\/pages\/2242\/revisions\/2736"}],"wp:attachment":[{"href":"https:\/\/annexeromainville.com\/index.php\/wp-json\/wp\/v2\/media?parent=2242"}],"curies":[{"name":"wp","href":"https:\/\/api.w.org\/{rel}","templated":true}]}}