{"id":2265,"date":"2019-01-10T12:41:45","date_gmt":"2019-01-10T11:41:45","guid":{"rendered":"http:\/\/annexedutraindevie.com\/?page_id=2265"},"modified":"2019-01-15T11:39:30","modified_gmt":"2019-01-15T10:39:30","slug":"innocent-e-s","status":"publish","type":"page","link":"https:\/\/annexeromainville.com\/index.php\/innocent-e-s\/","title":{"rendered":"Innocent.e.s"},"content":{"rendered":"<div id=\"pl-2265\"  class=\"panel-layout\" ><div id=\"pg-2265-0\"  class=\"panel-grid panel-no-style\" ><div id=\"pgc-2265-0-0\"  class=\"panel-grid-cell\" ><div id=\"panel-2265-0-0-0\" class=\"so-panel widget widget_sow-editor panel-first-child panel-last-child\" data-index=\"0\" ><div\n\t\t\t\n\t\t\tclass=\"so-widget-sow-editor so-widget-sow-editor-base\"\n\t\t\t\n\t\t>\n<div class=\"siteorigin-widget-tinymce textwidget\">\n\t<h2 style=\"text-align: center;\"><span style=\"color: #000000;\">Innocent.e.s<\/span><\/h2>\n<h3 style=\"text-align: center;\"><span style=\"color: #000000;\">De Guillaume Cayet<\/span><\/h3>\n<h4 style=\"text-align: center;\"><span style=\"color: #000000;\">7, 8 et 9 f\u00e9vrier, 20H<\/span><\/h4>\n<h4 style=\"text-align: center;\"><span style=\"color: #000000;\">Ouverture des Portes 19h45, \u00e0<\/span><span style=\"color: #000000;\"> partir de 12 ans.<\/span><\/h4>\n<\/div>\n<\/div><\/div><\/div><\/div><div id=\"pg-2265-1\"  class=\"panel-grid panel-no-style\" ><div id=\"pgc-2265-1-0\"  class=\"panel-grid-cell\" ><div id=\"panel-2265-1-0-0\" class=\"so-panel widget widget_sow-image panel-first-child panel-last-child\" data-index=\"1\" ><div\n\t\t\t\n\t\t\tclass=\"so-widget-sow-image so-widget-sow-image-default-8b5b6f678277-2265\"\n\t\t\t\n\t\t>\n<div class=\"sow-image-container\">\n\t\t<img \n\tsrc=\"https:\/\/annexeromainville.com\/wp-content\/uploads\/2019\/01\/affiche-Innocentes.png\" width=\"1240\" height=\"1414\" srcset=\"https:\/\/annexeromainville.com\/wp-content\/uploads\/2019\/01\/affiche-Innocentes.png 1240w, https:\/\/annexeromainville.com\/wp-content\/uploads\/2019\/01\/affiche-Innocentes-263x300.png 263w, https:\/\/annexeromainville.com\/wp-content\/uploads\/2019\/01\/affiche-Innocentes-768x876.png 768w, https:\/\/annexeromainville.com\/wp-content\/uploads\/2019\/01\/affiche-Innocentes-898x1024.png 898w\" sizes=\"(max-width: 1240px) 100vw, 1240px\" title=\"affiche Innocentes\" alt=\"\" loading=\"lazy\" \t\tclass=\"so-widget-image\"\/>\n\t<\/div>\n\n<\/div><\/div><\/div><div id=\"pgc-2265-1-1\"  class=\"panel-grid-cell\" ><div id=\"panel-2265-1-1-0\" class=\"so-panel widget widget_sow-editor panel-first-child panel-last-child\" data-index=\"2\" ><div\n\t\t\t\n\t\t\tclass=\"so-widget-sow-editor so-widget-sow-editor-base\"\n\t\t\t\n\t\t>\n<div class=\"siteorigin-widget-tinymce textwidget\">\n\t<p style=\"text-align: justify;\"><span style=\"color: #000000;\">Par la compagnie Le D\u00e9sordre des Choses<\/span><br \/>\n<span style=\"color: #000000;\">Avec Emmanuel Matte et Aur\u00e9lia L\u00fcscher, Mise en sc\u00e8ne par Fleur Sulmont<\/span><\/p>\n<p style=\"text-align: justify;\"><span style=\"color: #000000;\">Un cours d\u2019histoire dans un lyc\u00e9e. Un rendu de Devoir sur Table. Le sujet cette semaine porte sur les anciennes colonies fran\u00e7aises et Louise y a \u00e9crit une sorte de maxime : \u00ab Nous devrions d\u00e9j\u00e0 nous d\u00e9coloniser avant de parler des anciennes colonies. Ne rien dire. Ne rien faire. C\u2019est d\u00e9j\u00e0 un crime. \u00bb<\/span><br \/>\n<span style=\"color: #000000;\">Son professeur, devant l\u2019ensemble de ses autres camarades, lui demande de s\u2019expliquer<\/span><\/p>\n<p style=\"text-align: justify;\"><span style=\"color: #000000;\">Un texte court d\u2019une quarantaine de Minutes, o\u00f9 deux com\u00e9diens font appel \u00e0 Foccart, Mitterrand, Jean Jaur\u00e8s pour tenter de comprendre. O\u00f9 les questions li\u00e9es \u00e0 notre h\u00e9ritage colonial tutoient celles li\u00e9es aux pratiques contemporaines r\u00e9pressives et aux violences polici\u00e8res.<\/span><\/p>\n<p style=\"text-align: justify;\"><span style=\"color: #000000;\">Il semble que la France qui s\u2019ouvre (ou se referme) aujourd\u2019hui soit le fruit de deux histoires. La premi\u00e8re d\u00e9plore la mort de l\u2019Homme Blanc et des bonnes valeurs r\u00e9publicaines et voit dans l\u2019Autre cet ennemi \u00e0 abattre. La deuxi\u00e8me pr\u00f4ne l\u2019av\u00e8nement d\u2019une France multiculturelle, et voit dans l\u2019Autre le rempart \u00e0 son propre isolement. Cette France de l\u2019Ouverture est vraisemblablement celle de demain. Elle est cette Histoire commune qui s\u2019\u00e9crira. C\u2019est \u00e0 cette Histoire (celle de l\u2019Ouverture) que notre fable th\u00e9\u00e2trale tente d\u2019ouvrir la voie ; une histoire transhumante. Repr\u00e9senter des histoires dissidentes est d\u2019ailleurs un des buts de la compagnie. Elle pr\u00f4ne un th\u00e9\u00e2tre de la d\u00e9centralisation, de service public. Un th\u00e9\u00e2tre de tiraillement. Elle ne con\u00e7oit pas la repr\u00e9sentation th\u00e9\u00e2trale comme une messe, mais comme une friction. Le lieu du dissensus entre histoire repr\u00e9sent\u00e9e et l\u2019Histoire officielle.<\/span><\/p>\n<\/div>\n<\/div><\/div><\/div><\/div><div id=\"pg-2265-2\"  class=\"panel-grid panel-no-style\" ><div id=\"pgc-2265-2-0\"  class=\"panel-grid-cell\" ><div id=\"panel-2265-2-0-0\" class=\"so-panel widget widget_sow-button panel-first-child panel-last-child\" data-index=\"3\" ><div\n\t\t\t\n\t\t\tclass=\"so-widget-sow-button so-widget-sow-button-atom-857739567c6a-2265\"\n\t\t\t\n\t\t><div class=\"ow-button-base ow-button-align-center\"\n>\n\t\t\t<a\n\t\t\t\t\thref=\"https:\/\/annexeromainville.com\/index.php\/reservation\/\"\n\t\t\t\t\tclass=\"sowb-button ow-icon-placement-left ow-button-hover\" \t>\n\t\t<span>\n\t\t\t<span class=\"sow-icon-ionicons\" data-sow-icon=\"&#xf375;\"\n\t\tstyle=\"color: #dd9933\" \n\t\taria-hidden=\"true\"><\/span>\n\t\t\tR\u00e9server\t\t<\/span>\n\t\t\t<\/a>\n\t<\/div>\n<\/div><\/div><\/div><\/div><div id=\"pg-2265-3\"  class=\"panel-grid panel-no-style\" ><div id=\"pgc-2265-3-0\"  class=\"panel-grid-cell\" ><div id=\"panel-2265-3-0-0\" class=\"so-panel widget widget_sow-editor panel-first-child panel-last-child\" data-index=\"4\" ><div\n\t\t\t\n\t\t\tclass=\"so-widget-sow-editor so-widget-sow-editor-base\"\n\t\t\t\n\t\t>\n<div class=\"siteorigin-widget-tinymce textwidget\">\n\t<p style=\"text-align: justify;\"><span style=\"color: #000000;\"><a href=\"http:\/\/annexedutraindevie.com\/?attachment_id=2269#main\" rel=\"attachment wp-att-2269\"><img loading=\"lazy\" class=\"size-full wp-image-2269 alignleft\" src=\"http:\/\/annexedutraindevie.com\/wp-content\/uploads\/2019\/01\/cayet.png\" alt=\"\" width=\"100\" height=\"110\" \/><\/a><\/span><\/p>\n<p><span style=\"color: #000000;\">Guillaume Cayet<\/span><\/p>\n<p style=\"text-align: justify;\"><span style=\"color: #000000;\">Il int\u00e8gre le d\u00e9partement \u00e9crivains dramaturges de l\u2019ENSATT sous la direction d\u2019Enzo Cormann et de Mathieu Bertholet. Son texte <em>Les Immobiles<\/em> est laur\u00e9at des Journ\u00e9es des Auteurs de Lyon, coup de c\u0153ur France Culture. L\u2019ann\u00e9e suivante, <em>Proposition de rachat<\/em> est mis en onde par France Culture \u00e0 Th\u00e9\u00e2tre Ouvert, et <em>La nuit hurlera de chiens si les hirondelles ne sifflent pas<\/em> est laur\u00e9at du Prix Jamais Lu (mis en onde \u00e0 <\/span><span style=\"color: #000000;\">Th\u00e9\u00e2tre Ouvert). Apr\u00e8s la publication de son diptyque aux \u00c9ditions Th\u00e9\u00e2trales en janvier 2015, il publiera chez le m\u00eame \u00e9diteur un triptyque \u00e0 l\u2019Automne 2016 comprenant <em>Une commune<\/em> (pi\u00e8ce qui sera cr\u00e9\u00e9 au Th\u00e9\u00e2tre de Vanves l\u2019ann\u00e9e prochaine) et <em>Les Derni\u00e8res Pailles<\/em> (qui sera mis en sc\u00e8ne \u00e0 l\u2019A.C.B de Bar-Le-Duc par Julia Vidit). <em>B.A.B.A.R (le transparent noir)<\/em> est sorti le 30 novembre 2017 aux \u00c9ditions Th\u00e9\u00e2trales.<\/span><\/p>\n<\/div>\n<\/div><\/div><\/div><div id=\"pgc-2265-3-1\"  class=\"panel-grid-cell\" ><div id=\"panel-2265-3-1-0\" class=\"so-panel widget widget_sow-editor panel-first-child panel-last-child\" data-index=\"5\" ><div\n\t\t\t\n\t\t\tclass=\"so-widget-sow-editor so-widget-sow-editor-base\"\n\t\t\t\n\t\t>\n<div class=\"siteorigin-widget-tinymce textwidget\">\n\t<p style=\"text-align: justify;\"><span style=\"color: #000000;\"><a href=\"http:\/\/annexedutraindevie.com\/?attachment_id=2270#main\" rel=\"attachment wp-att-2270\"><img loading=\"lazy\" class=\"size-full wp-image-2270 alignleft\" src=\"http:\/\/annexedutraindevie.com\/wp-content\/uploads\/2019\/01\/l\u00fbcher.png\" alt=\"\" width=\"248\" height=\"163\" \/><\/a>Aur\u00e9lia L\u00fcscher<\/span><\/p>\n<p style=\"text-align: justify;\"><span style=\"color: #000000;\">Elle s\u2019inscrit au Conservatoire de Musique de Gen\u00e8ve en fili\u00e8re art dramatique, sous la direction d\u2019Anne-Marie Delbart. En 2012 elle entre \u00e0 l\u2019\u00e9cole de la Com\u00e9die de Saint-Etienne. Elle cr\u00e9e en 2015 avec Guillaume Cayet la Cie le D\u00e9sordre des Choses et joue dans <em>Les Immobiles<\/em>, <em>B.A.B.A.R (le transparent noir)<\/em>, <em>Innocent.e.s.<\/em> Elle joue avec Christian Duchange, Anne Courel, Marion Guerrero, Cie Superprod, Fleur Sulmont. Elle met en sc\u00e8ne <em>9 mouvement pour une cavale<\/em>, texte de Guillaume Cayet en septembre 2018 avec Fleur Sulmont au Th\u00e9\u00e2tre de la ville de Riom.<\/span><\/p>\n<\/div>\n<\/div><\/div><\/div><\/div><div id=\"pg-2265-4\"  class=\"panel-grid panel-no-style\" ><div id=\"pgc-2265-4-0\"  class=\"panel-grid-cell\" ><div id=\"panel-2265-4-0-0\" class=\"so-panel widget widget_sow-editor panel-first-child panel-last-child\" data-index=\"6\" ><div\n\t\t\t\n\t\t\tclass=\"so-widget-sow-editor so-widget-sow-editor-base\"\n\t\t\t\n\t\t>\n<div class=\"siteorigin-widget-tinymce textwidget\">\n\t<p style=\"text-align: justify;\"><span style=\"color: #000000;\"><a href=\"http:\/\/annexedutraindevie.com\/?attachment_id=2271#main\" rel=\"attachment wp-att-2271\"><img loading=\"lazy\" class=\"size-full wp-image-2271 alignleft\" src=\"http:\/\/annexedutraindevie.com\/wp-content\/uploads\/2019\/01\/matte.png\" alt=\"\" width=\"112\" height=\"168\" \/><\/a>Emmanuel Matte<\/span><\/p>\n<p style=\"text-align: justify;\"><span style=\"color: #000000;\">Il commence son initiation th\u00e9\u00e2trale au Conservatoire National de R\u00e9gion d'Amiens avant d\u2019int\u00e9grer l\u2019\u00c9cole Internationale de Th\u00e9\u00e2tre Jacques Lecoq. Parall\u00e8lement, il se forme au mime dramatique corporel d'Etienne Decroux et la danse contemporaine sous les directions de Marc Lawton et de Jean Gaudin. Sous la direction de Vincent Rafis, avec lequel il fonde la Compagnie Martin Grissen, il Interpr\u00e8te plusieurs r\u00f4les comme par exemple <em>Le lion qui rit et la femme en bo\u00eete<\/em> de Denis Lachaud. Il cr\u00e9e les pi\u00e8ces de Vincent Macaigne, <em>Introduction \u00e0 une journ\u00e9e sans h\u00e9ro\u00efsme<\/em> \u00e0 la Ferme du Buisson; <em>Requiem 3<\/em>; <em>Idiots !<\/em>; <em>Au moins j'aurais laiss\u00e9 un beau cadavre<\/em> tir\u00e9e d'Hamlet, cr\u00e9ation au Festival d'Avignon. Pour France Culture, il collabore avec Alexandre Planck et enregistre divers concert-fiction que ce soit avec Les Moriarty, ou Quentin Sirjacq.<\/span><\/p>\n<\/div>\n<\/div><\/div><\/div><div id=\"pgc-2265-4-1\"  class=\"panel-grid-cell\" ><div id=\"panel-2265-4-1-0\" class=\"so-panel widget widget_sow-editor panel-first-child panel-last-child\" data-index=\"7\" ><div\n\t\t\t\n\t\t\tclass=\"so-widget-sow-editor so-widget-sow-editor-base\"\n\t\t\t\n\t\t>\n<div class=\"siteorigin-widget-tinymce textwidget\">\n\t<p style=\"text-align: justify;\"><span style=\"color: #000000;\"><a href=\"http:\/\/annexedutraindevie.com\/?attachment_id=2272#main\" rel=\"attachment wp-att-2272\"><img loading=\"lazy\" class=\"size-full wp-image-2272 alignleft\" src=\"http:\/\/annexedutraindevie.com\/wp-content\/uploads\/2019\/01\/sulmont.png\" alt=\"\" width=\"100\" height=\"102\" \/><\/a>Fleur Sulmont<\/span><\/p>\n<p style=\"text-align: justify;\"><span style=\"color: #000000;\">Depuis sa sortie du CNSAD en 2001, Fleur Sulmont travaille en tant que com\u00e9dienne dans les spectacles de Fr\u00e9d\u00e9ric Sonntag au sein de la Compagnie AsaNIsiMAsa. En 2016, elle a assist\u00e9e Odile Grosset-Grange dans sa cr\u00e9ation jeune public <em>Le Gar\u00e7on \u00e0 la valise<\/em> (Mike Kenny) et le circassien Sylvain Julien pour sa prochaine cr\u00e9ation. Depuis 2010, Fleur Sulmont dirige \u00e9galement des ateliers de Th\u00e9\u00e2tre et d\u2019Art Plastique avec des enfants issus de Centres Sociaux. Elle travaille \u00e9galement r\u00e9guli\u00e8rement avec des \u00e9l\u00e8ves dans le cadre d\u2019actions culturelles. Elle met en sc\u00e8ne <em>Innocent.e.s<\/em>, texte de Guillaume Cayet avec la Cie le D\u00e9sordre des choses en janvier 2018.<\/span><\/p>\n<\/div>\n<\/div><\/div><\/div><\/div><\/div>","protected":false},"excerpt":{"rendered":"<p>Innocent.e.s De Guillaume Cayet 7, 8 et 9 f\u00e9vrier, 20H Ouverture des Portes 19h45, \u00e0 partir de 12 ans. Par la compagnie Le D\u00e9sordre des Choses Avec Emmanuel Matte et<span class=\"read-more-wrap\"><a class=\"moretag\" href=\"https:\/\/annexeromainville.com\/index.php\/innocent-e-s\/\">Lire la suite<span class=\"screen-reader-text\">Innocent.e.s<\/span><\/a><\/span><\/p>\n","protected":false},"author":2,"featured_media":0,"parent":0,"menu_order":0,"comment_status":"closed","ping_status":"closed","template":"","meta":{"_bbp_topic_count":0,"_bbp_reply_count":0,"_bbp_total_topic_count":0,"_bbp_total_reply_count":0,"_bbp_voice_count":0,"_bbp_anonymous_reply_count":0,"_bbp_topic_count_hidden":0,"_bbp_reply_count_hidden":0,"_bbp_forum_subforum_count":0,"ngg_post_thumbnail":0},"_links":{"self":[{"href":"https:\/\/annexeromainville.com\/index.php\/wp-json\/wp\/v2\/pages\/2265"}],"collection":[{"href":"https:\/\/annexeromainville.com\/index.php\/wp-json\/wp\/v2\/pages"}],"about":[{"href":"https:\/\/annexeromainville.com\/index.php\/wp-json\/wp\/v2\/types\/page"}],"author":[{"embeddable":true,"href":"https:\/\/annexeromainville.com\/index.php\/wp-json\/wp\/v2\/users\/2"}],"replies":[{"embeddable":true,"href":"https:\/\/annexeromainville.com\/index.php\/wp-json\/wp\/v2\/comments?post=2265"}],"version-history":[{"count":14,"href":"https:\/\/annexeromainville.com\/index.php\/wp-json\/wp\/v2\/pages\/2265\/revisions"}],"predecessor-version":[{"id":2300,"href":"https:\/\/annexeromainville.com\/index.php\/wp-json\/wp\/v2\/pages\/2265\/revisions\/2300"}],"wp:attachment":[{"href":"https:\/\/annexeromainville.com\/index.php\/wp-json\/wp\/v2\/media?parent=2265"}],"curies":[{"name":"wp","href":"https:\/\/api.w.org\/{rel}","templated":true}]}}