{"id":2315,"date":"2019-01-18T16:41:59","date_gmt":"2019-01-18T15:41:59","guid":{"rendered":"http:\/\/annexedutraindevie.com\/?page_id=2315"},"modified":"2019-01-18T16:50:24","modified_gmt":"2019-01-18T15:50:24","slug":"cabaret-napolitain","status":"publish","type":"page","link":"https:\/\/annexeromainville.com\/index.php\/cabaret-napolitain\/","title":{"rendered":"Cabaret Napolitain"},"content":{"rendered":"<div id=\"pl-2315\"  class=\"panel-layout\" ><div id=\"pg-2315-0\"  class=\"panel-grid panel-no-style\" ><div id=\"pgc-2315-0-0\"  class=\"panel-grid-cell\" ><div id=\"panel-2315-0-0-0\" class=\"so-panel widget widget_sow-editor panel-first-child panel-last-child\" data-index=\"0\" ><div\n\t\t\t\n\t\t\tclass=\"so-widget-sow-editor so-widget-sow-editor-base\"\n\t\t\t\n\t\t>\n<div class=\"siteorigin-widget-tinymce textwidget\">\n\t<h2 style=\"text-align: center;\"><span style=\"color: #000000;\">Cabaret Napolitain<\/span><\/h2>\n<h4 style=\"text-align: center;\"><span style=\"color: #000000;\">Le vendredi 1er F\u00e9vrier 2019 \u00e0 20h.<\/span><br \/>\n<span style=\"color: #000000;\">Ouverture des portes \u00e0 19h45<\/span><br \/>\n<span style=\"color: #000000;\">A partir de 12 ans<\/span><\/h4>\n<\/div>\n<\/div><\/div><\/div><\/div><div id=\"pg-2315-1\"  class=\"panel-grid panel-no-style\" ><div id=\"pgc-2315-1-0\"  class=\"panel-grid-cell\" ><div id=\"panel-2315-1-0-0\" class=\"so-panel widget widget_sow-image panel-first-child panel-last-child\" data-index=\"1\" ><div\n\t\t\t\n\t\t\tclass=\"so-widget-sow-image so-widget-sow-image-default-8b5b6f678277-2315\"\n\t\t\t\n\t\t>\n<div class=\"sow-image-container\">\n\t\t<img \n\tsrc=\"https:\/\/annexeromainville.com\/wp-content\/uploads\/2019\/01\/Affiche-Cabaret-Napolitain.png\" width=\"1240\" height=\"1414\" srcset=\"https:\/\/annexeromainville.com\/wp-content\/uploads\/2019\/01\/Affiche-Cabaret-Napolitain.png 1240w, https:\/\/annexeromainville.com\/wp-content\/uploads\/2019\/01\/Affiche-Cabaret-Napolitain-263x300.png 263w, https:\/\/annexeromainville.com\/wp-content\/uploads\/2019\/01\/Affiche-Cabaret-Napolitain-768x876.png 768w, https:\/\/annexeromainville.com\/wp-content\/uploads\/2019\/01\/Affiche-Cabaret-Napolitain-898x1024.png 898w\" sizes=\"(max-width: 1240px) 100vw, 1240px\" title=\"Affiche Cabaret Napolitain\" alt=\"\" loading=\"lazy\" \t\tclass=\"so-widget-image\"\/>\n\t<\/div>\n\n<\/div><\/div><\/div><div id=\"pgc-2315-1-1\"  class=\"panel-grid-cell\" ><div id=\"panel-2315-1-1-0\" class=\"so-panel widget widget_sow-editor panel-first-child panel-last-child\" data-index=\"2\" ><div\n\t\t\t\n\t\t\tclass=\"so-widget-sow-editor so-widget-sow-editor-base\"\n\t\t\t\n\t\t>\n<div class=\"siteorigin-widget-tinymce textwidget\">\n\t<h4><span style=\"text-decoration: underline;\"><span style=\"color: #000000; text-decoration: underline;\">Avec Flavio Esposito et Gianluca Campanino<\/span><\/span><\/h4>\n<p style=\"text-align: justify;\"><span style=\"color: #000000;\">L'Annexe vous propose sa premi\u00e8re soir\u00e9e Cabaret de 2019!<\/span><br \/>\n<span style=\"color: #000000;\">Flavio Esposito (Guitare\/Voix), et Gianluca et Campanino, vous feront voyager jusqu'\u00e0 Naples!<\/span><\/p>\n<p style=\"text-align: justify;\"><span style=\"color: #000000;\">Lors de ce cabaret, vous d\u00e9couvrirez le nectar de la chanson Napolitaine. Cette langue singuli\u00e8re est \u00e0 l'image de Naples, foisonnante, tourbillonnante, o\u00f9 la mis\u00e8re n'exclut jamais la joie de vivre.<\/span><br \/>\n<span style=\"color: #000000;\">Un Antipasti Napolitain vous sera propos\u00e9, accompagn\u00e9 d'un verre de vin.<\/span><\/p>\n<p style=\"text-align: justify;\"><span style=\"color: #000000;\"><a href=\"http:\/\/annexedutraindevie.com\/index.php\/adherer-au-pass-culture\/\">Pass Cabaret<\/a>, incluant le spectacle, une assiette et un verre de vin.<\/span><\/p>\n<p><iframe loading=\"lazy\" src=\"https:\/\/www.youtube.com\/embed\/PqV9vh3TzTM\" width=\"560\" height=\"315\" frameborder=\"0\" allowfullscreen=\"allowfullscreen\"><\/iframe><\/p>\n<\/div>\n<\/div><\/div><\/div><\/div><div id=\"pg-2315-2\"  class=\"panel-grid panel-no-style\" ><div id=\"pgc-2315-2-0\"  class=\"panel-grid-cell\" ><div id=\"panel-2315-2-0-0\" class=\"so-panel widget widget_sow-button panel-first-child panel-last-child\" data-index=\"3\" ><div\n\t\t\t\n\t\t\tclass=\"so-widget-sow-button so-widget-sow-button-atom-857739567c6a-2315\"\n\t\t\t\n\t\t><div class=\"ow-button-base ow-button-align-center\"\n>\n\t\t\t<a\n\t\t\t\t\thref=\"http:\/\/annexedutraindevie.com\/index.php\/reservation\/\"\n\t\t\t\t\tclass=\"sowb-button ow-icon-placement-left ow-button-hover\" \t>\n\t\t<span>\n\t\t\t<span class=\"sow-icon-ionicons\" data-sow-icon=\"&#xf375;\"\n\t\tstyle=\"color: #dd9933\" \n\t\taria-hidden=\"true\"><\/span>\n\t\t\tR\u00e9server\t\t<\/span>\n\t\t\t<\/a>\n\t<\/div>\n<\/div><\/div><\/div><\/div><div id=\"pg-2315-3\"  class=\"panel-grid panel-no-style\" ><div id=\"pgc-2315-3-0\"  class=\"panel-grid-cell\" ><div id=\"panel-2315-3-0-0\" class=\"so-panel widget widget_sow-editor panel-first-child panel-last-child\" data-index=\"4\" ><div\n\t\t\t\n\t\t\tclass=\"so-widget-sow-editor so-widget-sow-editor-base\"\n\t\t\t\n\t\t><h3 class=\"widget-title\">Flavio Esposito<\/h3>\n<div class=\"siteorigin-widget-tinymce textwidget\">\n\t<p><a href=\"http:\/\/annexedutraindevie.com\/?attachment_id=2317#main\" rel=\"attachment wp-att-2317\"><img loading=\"lazy\" class=\" wp-image-2317 alignleft\" src=\"http:\/\/annexedutraindevie.com\/wp-content\/uploads\/2019\/01\/211-1.jpg\" alt=\"\" width=\"148\" height=\"192\" \/><\/a><span style=\"color: #000000;\">Flavio Esposito, talentueux chanteur et guitariste originaire de Naples, poursuit son voyage dans le temps parmi les chants populaires de sa ville natale. Des m\u00e9lodies m\u00e9di\u00e9vales aux chansons de Pino Daniele, en passant par des th\u00e8mes immortels, comme \"<em>O Sole Mio<\/em>\", Flavio Esposito nous livre une lecture acoustique tr\u00e8s personnelle de ce r\u00e9pertoire d'une grande richesse po\u00e9tique et musicale. Charme m\u00e9diterran\u00e9en et truculence populaire, vivacit\u00e9 et sentimentalit\u00e9, toutes les facettes de Naples sont ici et laissent parfois para\u00eetre la passion de Flavio pour la musique br\u00e9silienne.<\/span><\/p>\n<p><span style=\"color: #000000;\">\u00ab la musique de Flavio Esposito : une accolade entre Roberto Murolo et Caetano Veloso\u2026 \u00bb (Richard Robert, les Inrockupitbles)<\/span><\/p>\n<\/div>\n<\/div><\/div><\/div><div id=\"pgc-2315-3-1\"  class=\"panel-grid-cell\" ><div id=\"panel-2315-3-1-0\" class=\"so-panel widget widget_sow-editor panel-first-child panel-last-child\" data-index=\"5\" ><div\n\t\t\t\n\t\t\tclass=\"so-widget-sow-editor so-widget-sow-editor-base\"\n\t\t\t\n\t\t><h3 class=\"widget-title\">Gianluca Campanino<\/h3>\n<div class=\"siteorigin-widget-tinymce textwidget\">\n\t<p style=\"text-align: justify;\"><span style=\"color: #000000;\"><a href=\"http:\/\/annexedutraindevie.com\/?attachment_id=2316#main\" rel=\"attachment wp-att-2316\"><img loading=\"lazy\" class=\" wp-image-2316 alignleft\" src=\"http:\/\/annexedutraindevie.com\/wp-content\/uploads\/2019\/01\/gianluca-mando.jpg\" alt=\"\" width=\"164\" height=\"219\" srcset=\"https:\/\/annexeromainville.com\/wp-content\/uploads\/2019\/01\/gianluca-mando.jpg 710w, https:\/\/annexeromainville.com\/wp-content\/uploads\/2019\/01\/gianluca-mando-225x300.jpg 225w\" sizes=\"(max-width: 164px) 100vw, 164px\" \/><\/a>N\u00e9 \u00e0 Naples, il suit les cours de mandolines et instruments \u00e0 plectres anciens au Conservatoire National Niccol\u00f2 Piccinni de Bari dans la classe du ma\u00eetre Mauro Squillante, il obtient son dipl\u00f4me avec la note maximale. Il est \u00e9galement sp\u00e9cialiste des instruments \u00e0 plectres du bassin m\u00e9diterran\u00e9en et notamment le oud.<\/span><\/p>\n<p style=\"text-align: justify;\"><span style=\"color: #000000;\">Gianluca Campanino a enregistr\u00e9 divers disques. En ce qui concerne le milieu mandolinistique, il a particip\u00e9 aux enregistrements de l\u2019orchestre de l\u2019Accademia Mandolinistica Napoletana et r\u00e9cemment aux derniers disques de Danakil et de Pascal Obispo.<\/span><\/p>\n<p style=\"text-align: justify;\"><span style=\"color: #000000;\">En tant que concertiste il a, entre autres, collabor\u00e9 avec Andrea Bocelli, le Vesuvius Ensemble, Spaccanapoli, la Nuova Compagnia di Canto Popolare, Roberto De Simone, l\u2019Arpeggiata.<\/span><\/p>\n<p style=\"text-align: justify;\"><span style=\"color: #000000;\">Actuellement il est professeur de Formation Musicale au conservatoire d\u2019Argenteuil.<\/span><\/p>\n<p style=\"text-align: justify;\"><span style=\"color: #000000;\">Install\u00e9 en France depuis peu, il est pourtant d\u00e9j\u00e0 porteur de nombreux projets dont celui de l\u2019Association PARTH\u00c9NOPE.<\/span><\/p>\n<\/div>\n<\/div><\/div><\/div><\/div><\/div>","protected":false},"excerpt":{"rendered":"<p>Cabaret Napolitain Le vendredi 1er F\u00e9vrier 2019 \u00e0 20h. Ouverture des portes \u00e0 19h45 A partir de 12 ans Avec Flavio Esposito et Gianluca Campanino L&#8217;Annexe vous propose sa premi\u00e8re<span class=\"read-more-wrap\"><a class=\"moretag\" href=\"https:\/\/annexeromainville.com\/index.php\/cabaret-napolitain\/\">Lire la suite<span class=\"screen-reader-text\">Cabaret Napolitain<\/span><\/a><\/span><\/p>\n","protected":false},"author":2,"featured_media":0,"parent":0,"menu_order":0,"comment_status":"closed","ping_status":"closed","template":"","meta":{"_bbp_topic_count":0,"_bbp_reply_count":0,"_bbp_total_topic_count":0,"_bbp_total_reply_count":0,"_bbp_voice_count":0,"_bbp_anonymous_reply_count":0,"_bbp_topic_count_hidden":0,"_bbp_reply_count_hidden":0,"_bbp_forum_subforum_count":0,"ngg_post_thumbnail":0},"_links":{"self":[{"href":"https:\/\/annexeromainville.com\/index.php\/wp-json\/wp\/v2\/pages\/2315"}],"collection":[{"href":"https:\/\/annexeromainville.com\/index.php\/wp-json\/wp\/v2\/pages"}],"about":[{"href":"https:\/\/annexeromainville.com\/index.php\/wp-json\/wp\/v2\/types\/page"}],"author":[{"embeddable":true,"href":"https:\/\/annexeromainville.com\/index.php\/wp-json\/wp\/v2\/users\/2"}],"replies":[{"embeddable":true,"href":"https:\/\/annexeromainville.com\/index.php\/wp-json\/wp\/v2\/comments?post=2315"}],"version-history":[{"count":16,"href":"https:\/\/annexeromainville.com\/index.php\/wp-json\/wp\/v2\/pages\/2315\/revisions"}],"predecessor-version":[{"id":2334,"href":"https:\/\/annexeromainville.com\/index.php\/wp-json\/wp\/v2\/pages\/2315\/revisions\/2334"}],"wp:attachment":[{"href":"https:\/\/annexeromainville.com\/index.php\/wp-json\/wp\/v2\/media?parent=2315"}],"curies":[{"name":"wp","href":"https:\/\/api.w.org\/{rel}","templated":true}]}}