{"id":2449,"date":"2019-04-03T09:42:09","date_gmt":"2019-04-03T08:42:09","guid":{"rendered":"http:\/\/annexedutraindevie.com\/?page_id=2449"},"modified":"2019-04-03T09:48:00","modified_gmt":"2019-04-03T08:48:00","slug":"un-enfant-de-notre-temps","status":"publish","type":"page","link":"https:\/\/annexeromainville.com\/index.php\/un-enfant-de-notre-temps\/","title":{"rendered":"Un Enfant de notre Temps"},"content":{"rendered":"<div id=\"pl-2449\"  class=\"panel-layout\" ><div id=\"pg-2449-0\"  class=\"panel-grid panel-no-style\" ><div id=\"pgc-2449-0-0\"  class=\"panel-grid-cell\" ><div id=\"panel-2449-0-0-0\" class=\"so-panel widget widget_sow-image panel-first-child panel-last-child\" data-index=\"0\" ><div\n\t\t\t\n\t\t\tclass=\"so-widget-sow-image so-widget-sow-image-default-c67d20f9f743-2449\"\n\t\t\t\n\t\t>\n<div class=\"sow-image-container\">\n\t\t<img \n\tsrc=\"https:\/\/annexeromainville.com\/wp-content\/uploads\/2018\/09\/Les-\u00e9mois.png\" width=\"229\" height=\"55\" sizes=\"(max-width: 229px) 100vw, 229px\" title=\"Les \u00e9mois\" alt=\"\" loading=\"lazy\" \t\tclass=\"so-widget-image\"\/>\n\t<\/div>\n\n<\/div><\/div><\/div><\/div><div id=\"pg-2449-1\"  class=\"panel-grid panel-no-style\" ><div id=\"pgc-2449-1-0\"  class=\"panel-grid-cell\" ><div id=\"panel-2449-1-0-0\" class=\"so-panel widget widget_sow-image panel-first-child panel-last-child\" data-index=\"1\" ><div\n\t\t\t\n\t\t\tclass=\"so-widget-sow-image so-widget-sow-image-default-8b5b6f678277-2449\"\n\t\t\t\n\t\t>\n<div class=\"sow-image-container\">\n\t\t<img \n\tsrc=\"https:\/\/annexeromainville.com\/wp-content\/uploads\/2019\/04\/Affiche-Un-enfant-de-notre-temps.png\" width=\"1240\" height=\"1412\" srcset=\"https:\/\/annexeromainville.com\/wp-content\/uploads\/2019\/04\/Affiche-Un-enfant-de-notre-temps.png 1240w, https:\/\/annexeromainville.com\/wp-content\/uploads\/2019\/04\/Affiche-Un-enfant-de-notre-temps-263x300.png 263w, https:\/\/annexeromainville.com\/wp-content\/uploads\/2019\/04\/Affiche-Un-enfant-de-notre-temps-768x875.png 768w, https:\/\/annexeromainville.com\/wp-content\/uploads\/2019\/04\/Affiche-Un-enfant-de-notre-temps-899x1024.png 899w\" sizes=\"(max-width: 1240px) 100vw, 1240px\" title=\"Affiche Un enfant de notre temps\" alt=\"\" loading=\"lazy\" \t\tclass=\"so-widget-image\"\/>\n\t<\/div>\n\n<\/div><\/div><\/div><div id=\"pgc-2449-1-1\"  class=\"panel-grid-cell\" ><div id=\"panel-2449-1-1-0\" class=\"so-panel widget widget_sow-editor panel-first-child panel-last-child\" data-index=\"2\" ><div\n\t\t\t\n\t\t\tclass=\"so-widget-sow-editor so-widget-sow-editor-base\"\n\t\t\t\n\t\t>\n<div class=\"siteorigin-widget-tinymce textwidget\">\n\t<p><span style=\"color: #000000;\">Du 4 au 20 avril 2019, \u00e0 20h. Ouverture des portes \u00e0 19h45.<\/span><\/p>\n<p style=\"text-align: justify;\"><span style=\"color: #000000;\">Par la <strong>Compagnie Enfant Phare<\/strong>.<\/span><br \/>\n<span style=\"color: #000000;\">Avec Rachid Belka\u00efd<\/span><\/p>\n<p style=\"text-align: justify;\"><span style=\"color: #000000;\">Adaptation libre et th\u00e9\u00e2tralis\u00e9e du roman d'Horv\u00e1th, <em>Ein Kind unserer Zeit<\/em>, cette pi\u00e8ce est inspir\u00e9e de notre \u00e9poque, \u00e0 l\u2019heure o\u00f9 en Europe les migrants, les Roms, les Juifs, les Musulmans sont stigmatis\u00e9s. O\u00f9 le nationalisme s\u00e9duit de nouveau tout ce que notre d\u00e9mocratie poss\u00e8de de d\u00e9\u00e7us et de laiss\u00e9s pour compte.<\/span><\/p>\n<p style=\"text-align: justify;\"><span style=\"color: #000000;\">\"<em>C'est s\u00e9rieux! C'est arriv\u00e9 plus vite qu nous ne le r\u00eavions. Il fait encore nuit noire mais la minute solennelle approche. Bient\u00f4t, la danse va commencer. Il y a un petit pays qui va \u00eatre \u00e0 nous<\/em>.\"<\/span><\/p>\n<p style=\"text-align: justify;\"><span style=\"color: #000000;\">Sous la forme d\u2019un monologue, la pi\u00e8ce raconte l\u2019itin\u00e9raire tragique d\u2019un jeune ch\u00f4meur nationaliste et raciste dans la France de notre temps.<\/span><\/p>\n<\/div>\n<\/div><\/div><\/div><\/div><div id=\"pg-2449-2\"  class=\"panel-grid panel-no-style\" ><div id=\"pgc-2449-2-0\"  class=\"panel-grid-cell\" ><div id=\"panel-2449-2-0-0\" class=\"so-panel widget widget_sow-button panel-first-child panel-last-child\" data-index=\"3\" ><div\n\t\t\t\n\t\t\tclass=\"so-widget-sow-button so-widget-sow-button-atom-857739567c6a-2449\"\n\t\t\t\n\t\t><div class=\"ow-button-base ow-button-align-center\"\n>\n\t\t\t<a\n\t\t\t\t\thref=\"http:\/\/annexedutraindevie.com\/index.php\/reservation\/\"\n\t\t\t\t\tclass=\"sowb-button ow-icon-placement-left ow-button-hover\" \t>\n\t\t<span>\n\t\t\t<span class=\"sow-icon-ionicons\" data-sow-icon=\"&#xf373;\"\n\t\tstyle=\"color: #dd9933\" \n\t\taria-hidden=\"true\"><\/span>\n\t\t\tR\u00e9server\t\t<\/span>\n\t\t\t<\/a>\n\t<\/div>\n<\/div><\/div><\/div><\/div><div id=\"pg-2449-3\"  class=\"panel-grid panel-no-style\" ><div id=\"pgc-2449-3-0\"  class=\"panel-grid-cell panel-grid-cell-mobile-last\" ><div id=\"panel-2449-3-0-0\" class=\"so-panel widget widget_sow-editor panel-first-child panel-last-child\" data-index=\"4\" ><div\n\t\t\t\n\t\t\tclass=\"so-widget-sow-editor so-widget-sow-editor-base\"\n\t\t\t\n\t\t><h3 class=\"widget-title\">Rachid Belka\u00efd<\/h3>\n<div class=\"siteorigin-widget-tinymce textwidget\">\n\t<p style=\"text-align: justify;\"><a href=\"http:\/\/annexedutraindevie.com\/?attachment_id=2450#main\" rel=\"attachment wp-att-2450\"><img loading=\"lazy\" class=\" wp-image-2450 alignleft\" src=\"http:\/\/annexedutraindevie.com\/wp-content\/uploads\/2019\/04\/52435_capturedecran2013_02_14a101139.jpg\" alt=\"\" width=\"176\" height=\"235\" srcset=\"https:\/\/annexeromainville.com\/wp-content\/uploads\/2019\/04\/52435_capturedecran2013_02_14a101139.jpg 300w, https:\/\/annexeromainville.com\/wp-content\/uploads\/2019\/04\/52435_capturedecran2013_02_14a101139-225x300.jpg 225w\" sizes=\"(max-width: 176px) 100vw, 176px\" \/><\/a><span style=\"color: #000000;\"><strong>Auteur, metteur en sc\u00e8ne, com\u00e9dien<\/strong><\/span><\/p>\n<p style=\"text-align: justify;\"><span style=\"color: #000000;\">Titulaire d\u2019un master en dramaturgie et mise en sc\u00e8ne, form\u00e9 aupr\u00e8s d'artistes tels que David Lescot, Philippe Adrien ou Thierry Atlan, Rachid Belka\u00efd s\u2019est produit en tant que com\u00e9dien et\/ou chanteur sur les sc\u00e8nes des Ateliers Berthier, du Th\u00e9\u00e2tre Ouvert, de l'Unesco ainsi que de l'Op\u00e9ra Bastille.<\/span><br \/>\n<span style=\"color: #000000;\">En 2016, il a collabor\u00e9 avec le po\u00e8te et dramaturge Armand Gatti pour la mise en sc\u00e8ne de sa pi\u00e8ce \u00ab <em>Les \u00eeles<\/em> \u00bb dans une sc\u00e9nographie de St\u00e9phane Gatti. Le texte \u00ab <em>Un enfant de notre temps<\/em> \u00bb a \u00e9t\u00e9 s\u00e9lectionn\u00e9 au Festival des Auteurs 2016 de Sucy en Brie.<\/span><\/p>\n<\/div>\n<\/div><\/div><\/div><div id=\"pgc-2449-3-1\"  class=\"panel-grid-cell panel-grid-cell-empty\" ><\/div><\/div><\/div>","protected":false},"excerpt":{"rendered":"<p>Du 4 au 20 avril 2019, \u00e0 20h. Ouverture des portes \u00e0 19h45. Par la Compagnie Enfant Phare. Avec Rachid Belka\u00efd Adaptation libre et th\u00e9\u00e2tralis\u00e9e du roman d&#8217;Horv\u00e1th, Ein Kind<span class=\"read-more-wrap\"><a class=\"moretag\" href=\"https:\/\/annexeromainville.com\/index.php\/un-enfant-de-notre-temps\/\">Lire la suite<span class=\"screen-reader-text\">Un Enfant de notre Temps<\/span><\/a><\/span><\/p>\n","protected":false},"author":2,"featured_media":0,"parent":0,"menu_order":0,"comment_status":"closed","ping_status":"closed","template":"","meta":{"_bbp_topic_count":0,"_bbp_reply_count":0,"_bbp_total_topic_count":0,"_bbp_total_reply_count":0,"_bbp_voice_count":0,"_bbp_anonymous_reply_count":0,"_bbp_topic_count_hidden":0,"_bbp_reply_count_hidden":0,"_bbp_forum_subforum_count":0,"ngg_post_thumbnail":0},"_links":{"self":[{"href":"https:\/\/annexeromainville.com\/index.php\/wp-json\/wp\/v2\/pages\/2449"}],"collection":[{"href":"https:\/\/annexeromainville.com\/index.php\/wp-json\/wp\/v2\/pages"}],"about":[{"href":"https:\/\/annexeromainville.com\/index.php\/wp-json\/wp\/v2\/types\/page"}],"author":[{"embeddable":true,"href":"https:\/\/annexeromainville.com\/index.php\/wp-json\/wp\/v2\/users\/2"}],"replies":[{"embeddable":true,"href":"https:\/\/annexeromainville.com\/index.php\/wp-json\/wp\/v2\/comments?post=2449"}],"version-history":[{"count":20,"href":"https:\/\/annexeromainville.com\/index.php\/wp-json\/wp\/v2\/pages\/2449\/revisions"}],"predecessor-version":[{"id":2472,"href":"https:\/\/annexeromainville.com\/index.php\/wp-json\/wp\/v2\/pages\/2449\/revisions\/2472"}],"wp:attachment":[{"href":"https:\/\/annexeromainville.com\/index.php\/wp-json\/wp\/v2\/media?parent=2449"}],"curies":[{"name":"wp","href":"https:\/\/api.w.org\/{rel}","templated":true}]}}