{"id":2507,"date":"2019-04-11T12:58:49","date_gmt":"2019-04-11T11:58:49","guid":{"rendered":"http:\/\/annexedutraindevie.com\/?page_id=2507"},"modified":"2019-05-24T12:54:18","modified_gmt":"2019-05-24T11:54:18","slug":"votez-pour-moi-3","status":"publish","type":"page","link":"https:\/\/annexeromainville.com\/index.php\/votez-pour-moi-3\/","title":{"rendered":"Votez pour Moi! #3"},"content":{"rendered":"<div id=\"pl-2507\"  class=\"panel-layout\" ><div id=\"pg-2507-0\"  class=\"panel-grid panel-no-style\" ><div id=\"pgc-2507-0-0\"  class=\"panel-grid-cell\" ><div id=\"panel-2507-0-0-0\" class=\"so-panel widget widget_sow-image panel-first-child panel-last-child\" data-index=\"0\" ><div\n\t\t\t\n\t\t\tclass=\"so-widget-sow-image so-widget-sow-image-default-8b5b6f678277-2507\"\n\t\t\t\n\t\t>\n<div class=\"sow-image-container\">\n\t\t\t<a href=\"http:\/\/annexedutraindevie.com\/index.php\/le-collectif-citoyen\/\"\n\t\t\t\t\t>\n\t\t\t<img \n\tsrc=\"https:\/\/annexeromainville.com\/wp-content\/uploads\/2018\/04\/spectacle-4.jpg\" width=\"1003\" height=\"79\" srcset=\"https:\/\/annexeromainville.com\/wp-content\/uploads\/2018\/04\/spectacle-4.jpg 1003w, https:\/\/annexeromainville.com\/wp-content\/uploads\/2018\/04\/spectacle-4-300x24.jpg 300w, https:\/\/annexeromainville.com\/wp-content\/uploads\/2018\/04\/spectacle-4-768x60.jpg 768w\" sizes=\"(max-width: 1003px) 100vw, 1003px\" title=\"spectacle (4)\" alt=\"\" loading=\"lazy\" \t\tclass=\"so-widget-image\"\/>\n\t\t\t<\/a><\/div>\n\n<\/div><\/div><\/div><\/div><div id=\"pg-2507-1\"  class=\"panel-grid panel-no-style\" ><div id=\"pgc-2507-1-0\"  class=\"panel-grid-cell\" ><div id=\"panel-2507-1-0-0\" class=\"so-panel widget widget_sow-image panel-first-child panel-last-child\" data-index=\"1\" ><div\n\t\t\t\n\t\t\tclass=\"so-widget-sow-image so-widget-sow-image-default-8b5b6f678277-2507\"\n\t\t\t\n\t\t>\n<div class=\"sow-image-container\">\n\t\t<img \n\tsrc=\"https:\/\/annexeromainville.com\/wp-content\/uploads\/2019\/04\/Affiche-Votez-pour-moi-3-complet.jpg\" width=\"1240\" height=\"1412\" srcset=\"https:\/\/annexeromainville.com\/wp-content\/uploads\/2019\/04\/Affiche-Votez-pour-moi-3-complet.jpg 1240w, https:\/\/annexeromainville.com\/wp-content\/uploads\/2019\/04\/Affiche-Votez-pour-moi-3-complet-263x300.jpg 263w, https:\/\/annexeromainville.com\/wp-content\/uploads\/2019\/04\/Affiche-Votez-pour-moi-3-complet-768x875.jpg 768w, https:\/\/annexeromainville.com\/wp-content\/uploads\/2019\/04\/Affiche-Votez-pour-moi-3-complet-899x1024.jpg 899w\" sizes=\"(max-width: 1240px) 100vw, 1240px\" title=\"Affiche Votez pour moi #3 complet\" alt=\"\" loading=\"lazy\" \t\tclass=\"so-widget-image\"\/>\n\t<\/div>\n\n<\/div><\/div><\/div><div id=\"pgc-2507-1-1\"  class=\"panel-grid-cell\" ><div id=\"panel-2507-1-1-0\" class=\"so-panel widget widget_sow-editor panel-first-child panel-last-child\" data-index=\"2\" ><div\n\t\t\t\n\t\t\tclass=\"so-widget-sow-editor so-widget-sow-editor-base\"\n\t\t\t\n\t\t>\n<div class=\"siteorigin-widget-tinymce textwidget\">\n\t<h3><span style=\"color: #000000;\"><em><strong>Votez pour Moi! #3<\/strong><\/em>,<\/span><\/h3>\n<p><span style=\"color: #000000;\">Samedi <strong>1er Juin<\/strong> 2019, \u00e0 <strong>20h<\/strong><\/span><br \/>\n<span style=\"color: #000000;\">Pour tous, <strong>\u00e0 partir de 8 ans<\/strong>.<\/span><br \/>\n<span style=\"color: #000000;\">Ouverture des portes \u00e0 19h45<\/span><\/p>\n<p style=\"text-align: justify;\"><span style=\"color: #000000;\">Dispositif annuel propos\u00e9 par l'Annexe, <em>Votez pour Moi!<\/em> soutient la cr\u00e9ation originale et innovante en permettant au vainqueur de b\u00e9n\u00e9ficier d'une r\u00e9sidence d\u2019accompagnement de 3 ans pour d\u00e9velopper son projet artistique.<\/span><\/p>\n<p style=\"text-align: justify;\"><span style=\"color: #000000;\">Au c\u0153ur du projet participatif de L'Annexe et port\u00e9 par le Collectif Citoyen, <em>Votez pour Moi!<\/em> c'est la possibilit\u00e9 pour vous, de choisir les artistes qui seront soutenus et accompagn\u00e9s \u00e0 L'Annexe.<\/span><br \/>\n<span style=\"color: #000000;\">Durant cette soir\u00e9e, chaque candidat aura 10 min pour vous convaincre de voter pour lui et ainsi \u00eatre l'heureux \u00e9lu de cette #3\u00e8me \u00e9dition.<\/span><\/p>\n<\/div>\n<\/div><\/div><\/div><\/div><div id=\"pg-2507-2\"  class=\"panel-grid panel-no-style\" ><div id=\"pgc-2507-2-0\"  class=\"panel-grid-cell\" ><div id=\"panel-2507-2-0-0\" class=\"so-panel widget widget_sow-button panel-first-child panel-last-child\" data-index=\"3\" ><div\n\t\t\t\n\t\t\tclass=\"so-widget-sow-button so-widget-sow-button-atom-857739567c6a-2507\"\n\t\t\t\n\t\t><div class=\"ow-button-base ow-button-align-center\"\n>\n\t\t\t<a\n\t\t\t\tclass=\"sowb-button ow-icon-placement-left ow-button-hover\" \t>\n\t\t<span>\n\t\t\t<span class=\"sow-icon-ionicons\" data-sow-icon=\"&#xf375;\"\n\t\tstyle=\"color: #dd9933\" \n\t\taria-hidden=\"true\"><\/span>\n\t\t\tCOMPLET\t\t<\/span>\n\t\t\t<\/a>\n\t<\/div>\n<\/div><\/div><\/div><\/div><div id=\"pg-2507-3\"  class=\"panel-grid panel-no-style\" ><div id=\"pgc-2507-3-0\"  class=\"panel-grid-cell\" ><div id=\"panel-2507-3-0-0\" class=\"so-panel widget widget_sow-editor panel-first-child panel-last-child\" data-index=\"4\" ><div\n\t\t\t\n\t\t\tclass=\"so-widget-sow-editor so-widget-sow-editor-base\"\n\t\t\t\n\t\t>\n<div class=\"siteorigin-widget-tinymce textwidget\">\n\t<hr \/>\n<h3 style=\"text-align: center;\"><span style=\"color: #000000;\">Les Finalistes<\/span><\/h3>\n<hr \/>\n<p>&nbsp;<\/p>\n<\/div>\n<\/div><\/div><\/div><\/div><div id=\"pg-2507-4\"  class=\"panel-grid panel-no-style\" ><div id=\"pgc-2507-4-0\"  class=\"panel-grid-cell\" ><div id=\"panel-2507-4-0-0\" class=\"so-panel widget widget_sow-editor panel-first-child panel-last-child\" data-index=\"5\" ><div\n\t\t\t\n\t\t\tclass=\"so-widget-sow-editor so-widget-sow-editor-base\"\n\t\t\t\n\t\t><h3 class=\"widget-title\">Emilie Fabre<\/h3>\n<div class=\"siteorigin-widget-tinymce textwidget\">\n\t<p style=\"text-align: justify;\"><span style=\"color: #000000;\"><a href=\"http:\/\/annexedutraindevie.com\/index.php\/votez-pour-moi-3\/emily212_0555-6\/\" rel=\"attachment wp-att-2677\"><img loading=\"lazy\" class=\" wp-image-2677 alignleft\" src=\"http:\/\/annexedutraindevie.com\/wp-content\/uploads\/2019\/05\/Emily212_0555-6.jpg\" alt=\"\" width=\"120\" height=\"160\" srcset=\"https:\/\/annexeromainville.com\/wp-content\/uploads\/2019\/05\/Emily212_0555-6.jpg 1200w, https:\/\/annexeromainville.com\/wp-content\/uploads\/2019\/05\/Emily212_0555-6-225x300.jpg 225w, https:\/\/annexeromainville.com\/wp-content\/uploads\/2019\/05\/Emily212_0555-6-768x1024.jpg 768w\" sizes=\"(max-width: 120px) 100vw, 120px\" \/><\/a>Apr\u00e8s une premi\u00e8re vie en tant que trader-chercheur en math\u00e9matiques dans une grande banque fran\u00e7aise, elle d\u00e9cide de tout quitter pour devenir com\u00e9dienne.<\/span><br \/>\n<span style=\"color: #000000;\">Elle commence une formation th\u00e9\u00e2trale chez Alain de Bock en 2012 qu'elle compl\u00e8te par un training de cinq ans au cours Catherine Hirsch, o\u00f9 elle acquiert une solide formation en improvisation et en th\u00e9\u00e2tre classique. En recherche d'autres endroits de jeu, elle suit une formation \u00e0 l'\u00e9cole Auvray-Nauroy en 2018. En parall\u00e8le, elle effectue diff\u00e9rents stages visant \u00e0 d\u00e9velopper son travail sur le mouvement, en particulier avec l'Odin Teatret et la Jan Fabre Troubleyn Compagny.<\/span><br \/>\n<span style=\"color: #000000;\">Elle joue notamment dans <em>Quai Ouest<\/em> de Kolt\u00e8s (Mise en sc\u00e8ne May Abuli), <em>En attendant que la vie passe<\/em>, spectacle performatif inspir\u00e9 de <em>La M\u00e9tamorphose<\/em> de Kafka (Mise en sc\u00e8ne Silvia Circu), <em>Electre<\/em> de Sophocle (Mise en sc\u00e8ne Liza Beauvais) et s'investit en tant qu'auteur, metteur en sc\u00e8ne et com\u00e9dienne au sein de sa premi\u00e8re cr\u00e9ation <em>Son Papillon de Nuit<\/em>.<\/span><br \/>\n<span style=\"color: #000000;\">Elle anime par ailleurs un atelier th\u00e9\u00e2tre pour des cadres d'entreprise et a fait dix ans de danse classique et contemporaine. Aujourd'hui son d\u00e9sir de th\u00e9\u00e2tre la pousse \u00e0 d\u00e9velopper son univers artistique dans l'\u00e9criture, le chant et la mise en sc\u00e8ne.<\/span><\/p>\n<\/div>\n<\/div><\/div><\/div><div id=\"pgc-2507-4-1\"  class=\"panel-grid-cell\" ><div id=\"panel-2507-4-1-0\" class=\"so-panel widget widget_sow-editor panel-first-child panel-last-child\" data-index=\"6\" ><div\n\t\t\t\n\t\t\tclass=\"so-widget-sow-editor so-widget-sow-editor-base\"\n\t\t\t\n\t\t><h3 class=\"widget-title\">Antoine Brunet-Lecomte<\/h3>\n<div class=\"siteorigin-widget-tinymce textwidget\">\n\t<p style=\"text-align: justify;\"><span style=\"color: #000000;\"><a href=\"http:\/\/annexedutraindevie.com\/index.php\/votez-pour-moi-3\/_n9a0558\/\" rel=\"attachment wp-att-2695\"><img loading=\"lazy\" class=\" wp-image-2695 alignleft\" src=\"http:\/\/annexedutraindevie.com\/wp-content\/uploads\/2019\/05\/N9A0558.jpg\" alt=\"\" width=\"119\" height=\"179\" srcset=\"https:\/\/annexeromainville.com\/wp-content\/uploads\/2019\/05\/N9A0558.jpg 3840w, https:\/\/annexeromainville.com\/wp-content\/uploads\/2019\/05\/N9A0558-200x300.jpg 200w, https:\/\/annexeromainville.com\/wp-content\/uploads\/2019\/05\/N9A0558-768x1152.jpg 768w, https:\/\/annexeromainville.com\/wp-content\/uploads\/2019\/05\/N9A0558-683x1024.jpg 683w\" sizes=\"(max-width: 119px) 100vw, 119px\" \/><\/a>Il commence le th\u00e9\u00e2tre \u00e0 Lyon, avec la compagnie de l'Iris alors qu'il est en facult\u00e9 de philosophie. Deux ans plus tard, il termine sa licence et rejoint l'ENSAD, \u00e9cole nationale sup\u00e9rieure d'art dramatique de Montpellier. L\u00e0-bas il rencontre des metteurs en sc\u00e8ne aguerris, qui lui apprennent de nouvelles fa\u00e7ons d\u2019\u00eatre acteur. <\/span><\/p>\n<p style=\"text-align: justify;\"><span style=\"color: #000000;\">Maintenant, sorti de l\u2019ENSAD, et apr\u00e8s avoir exp\u00e9riment\u00e9 l\u2019\u00e9criture de plusieurs pi\u00e8ces depuis cinq ans, il continue \u2013 pour lui et pour les autres \u2013 \u00e0 \u00e9crire, \u00e0 jouer et \u00e0 mettre en sc\u00e8ne. Avec <em>Travail<\/em>, il s\u2019essaye pour la premi\u00e8re fois aux trois, ensembles. Il est accompagn\u00e9 par trois personnes, regards ext\u00e9rieurs sur ce Travail, Mich\u00e8le Colson, Jean-Yann Verton et Romain Debouchaud. <\/span><\/p>\n<p style=\"text-align: justify;\"><span style=\"color: #000000;\">L\u2019histoire de <em>Travail<\/em> - un \u00e9crivain travaille un texte sur le travail. A mesure qu\u2019il travaille sur le travail des personnages naissent pour travailler avec lui et l\u2019aider \u00e0 avancer dans son travail. Jusqu\u2019o\u00f9 ira-t-il ? Et quelle sera la fin de son travail ? <\/span><\/p>\n<\/div>\n<\/div><\/div><\/div><div id=\"pgc-2507-4-2\"  class=\"panel-grid-cell\" ><div id=\"panel-2507-4-2-0\" class=\"so-panel widget widget_sow-editor panel-first-child panel-last-child\" data-index=\"7\" ><div\n\t\t\t\n\t\t\tclass=\"so-widget-sow-editor so-widget-sow-editor-base\"\n\t\t\t\n\t\t><h3 class=\"widget-title\">Lola Guiton<\/h3>\n<div class=\"siteorigin-widget-tinymce textwidget\">\n\t<p style=\"text-align: justify;\"><a href=\"http:\/\/annexedutraindevie.com\/index.php\/votez-pour-moi-3\/lola-guiton\/\" rel=\"attachment wp-att-2688\"><img loading=\"lazy\" class=\"wp-image-2688 alignleft\" src=\"http:\/\/annexedutraindevie.com\/wp-content\/uploads\/2019\/05\/Lola-Guiton.jpg\" alt=\"\" width=\"124\" height=\"93\" srcset=\"https:\/\/annexeromainville.com\/wp-content\/uploads\/2019\/05\/Lola-Guiton.jpg 3670w, https:\/\/annexeromainville.com\/wp-content\/uploads\/2019\/05\/Lola-Guiton-300x225.jpg 300w, https:\/\/annexeromainville.com\/wp-content\/uploads\/2019\/05\/Lola-Guiton-768x577.jpg 768w, https:\/\/annexeromainville.com\/wp-content\/uploads\/2019\/05\/Lola-Guiton-1024x769.jpg 1024w\" sizes=\"(max-width: 124px) 100vw, 124px\" \/><\/a><span style=\"color: #000000;\">Lola a grandi dans le Sud o\u00f9 les histoires s\u2019\u00e9crivent au soleil. Puis elle rejoint Paris et c\u00f4toie l\u2019Universit\u00e9 de Nanterre ainsi que le conservatoire de Pantin. Elle joue pendant plusieurs ann\u00e9es puis s\u2019anime dans l\u2019\u00e9criture et la mise en sc\u00e8ne. Apr\u00e8s avoir cr\u00e9\u00e9 <em>Les nouveaux anciens<\/em> d\u2019apr\u00e8s le texte de Kate Tempest, elle \u00e9crit son nouveau spectacle sur les figures subversives f\u00e9minines : <em>Caleb,<\/em> en qu\u00eate d\u2019identit\u00e9 s\u2019aventure dans un univers \u00e9trange dans lequel les sorci\u00e8res r\u00e8gnent.<\/span><\/p>\n<\/div>\n<\/div><\/div><\/div><div id=\"pgc-2507-4-3\"  class=\"panel-grid-cell\" ><div id=\"panel-2507-4-3-0\" class=\"so-panel widget widget_sow-editor panel-first-child panel-last-child\" data-index=\"8\" ><div\n\t\t\t\n\t\t\tclass=\"so-widget-sow-editor so-widget-sow-editor-base\"\n\t\t\t\n\t\t><h3 class=\"widget-title\">Adri\u00e1n Noguera Incardona<\/h3>\n<div class=\"siteorigin-widget-tinymce textwidget\">\n\t<p style=\"text-align: justify;\"><a href=\"http:\/\/annexedutraindevie.com\/index.php\/votez-pour-moi-3\/adrian-noguera-incardona\/\" rel=\"attachment wp-att-2698\"><img loading=\"lazy\" class=\"wp-image-2698 alignleft\" src=\"http:\/\/annexedutraindevie.com\/wp-content\/uploads\/2019\/05\/Adri\u00e1n-Noguera-Incardona.jpg\" alt=\"\" width=\"107\" height=\"143\" srcset=\"https:\/\/annexeromainville.com\/wp-content\/uploads\/2019\/05\/Adri\u00e1n-Noguera-Incardona.jpg 1170w, https:\/\/annexeromainville.com\/wp-content\/uploads\/2019\/05\/Adri\u00e1n-Noguera-Incardona-225x300.jpg 225w, https:\/\/annexeromainville.com\/wp-content\/uploads\/2019\/05\/Adri\u00e1n-Noguera-Incardona-768x1024.jpg 768w\" sizes=\"(max-width: 107px) 100vw, 107px\" \/><\/a><span style=\"color: #000000;\">Il quitte l\u2019Espagne pour la France, \u00e0 17 ans. Il d\u00e9bute en tant qu\u2019assistant dans des mises en sc\u00e8nes d\u2019Op\u00e9ra dans la r\u00e9gion Rh\u00f4ne-Alpes. Il aime toucher \u00e0 toutes les branches artistiques et techniques de la sc\u00e8ne, pour mieux raconter des histoires. C\u2019est ce qu\u2019il fait, raconter ses histoires. Il r\u00eave du jour o\u00f9 le passeport ne dira pas \u00ab\u2009FRANCE\u2009\u00bb ou \u00ab\u2009ESPA\u00d1A\u2009\u00bb, mais \u00ab\u2009EUROPE\u2009\u00bb.<\/span><\/p>\n<p style=\"text-align: justify;\"><span style=\"color: #000000;\">Son axe de recherche est l\u2019humain et ses limites. Chercher le tragique dans le comique et vice versa, surtout vice versa. Car dans ce monde o\u00f9 tout insiste \u00e0 aller mal&nbsp;: les d\u00e9pressions sont de plus en plus abondantes, les violences augmentent de nouveau (que ce soit des violences racistes, en rapport \u00e0 la sexualit\u00e9, au harc\u00e8lement\u2026)\u2009; il faut surtout rire, car sinon, nous allons droit dans le mur.<\/span><\/p>\n<p style=\"text-align: justify;\"><span style=\"color: #000000;\"><em>BLUE-S-CAT<\/em> de Koffi Kwahul\u00e9 est le fruit d'une de ses premi\u00e8re carte blanche de 5 min pour le Cours Florent, qu'il d\u00e9cide par la suite de monter int\u00e9gralement.<\/span><\/p>\n<\/div>\n<\/div><\/div><\/div><\/div><\/div>","protected":false},"excerpt":{"rendered":"<p>Votez pour Moi! #3, Samedi 1er Juin 2019, \u00e0 20h Pour tous, \u00e0 partir de 8 ans. Ouverture des portes \u00e0 19h45 Dispositif annuel propos\u00e9 par l&#8217;Annexe, Votez pour Moi!<span class=\"read-more-wrap\"><a class=\"moretag\" href=\"https:\/\/annexeromainville.com\/index.php\/votez-pour-moi-3\/\">Lire la suite<span class=\"screen-reader-text\">Votez pour Moi! #3<\/span><\/a><\/span><\/p>\n","protected":false},"author":2,"featured_media":0,"parent":0,"menu_order":0,"comment_status":"closed","ping_status":"closed","template":"","meta":{"_bbp_topic_count":0,"_bbp_reply_count":0,"_bbp_total_topic_count":0,"_bbp_total_reply_count":0,"_bbp_voice_count":0,"_bbp_anonymous_reply_count":0,"_bbp_topic_count_hidden":0,"_bbp_reply_count_hidden":0,"_bbp_forum_subforum_count":0,"ngg_post_thumbnail":0},"_links":{"self":[{"href":"https:\/\/annexeromainville.com\/index.php\/wp-json\/wp\/v2\/pages\/2507"}],"collection":[{"href":"https:\/\/annexeromainville.com\/index.php\/wp-json\/wp\/v2\/pages"}],"about":[{"href":"https:\/\/annexeromainville.com\/index.php\/wp-json\/wp\/v2\/types\/page"}],"author":[{"embeddable":true,"href":"https:\/\/annexeromainville.com\/index.php\/wp-json\/wp\/v2\/users\/2"}],"replies":[{"embeddable":true,"href":"https:\/\/annexeromainville.com\/index.php\/wp-json\/wp\/v2\/comments?post=2507"}],"version-history":[{"count":32,"href":"https:\/\/annexeromainville.com\/index.php\/wp-json\/wp\/v2\/pages\/2507\/revisions"}],"predecessor-version":[{"id":2706,"href":"https:\/\/annexeromainville.com\/index.php\/wp-json\/wp\/v2\/pages\/2507\/revisions\/2706"}],"wp:attachment":[{"href":"https:\/\/annexeromainville.com\/index.php\/wp-json\/wp\/v2\/media?parent=2507"}],"curies":[{"name":"wp","href":"https:\/\/api.w.org\/{rel}","templated":true}]}}