{"id":2634,"date":"2019-04-26T10:46:34","date_gmt":"2019-04-26T09:46:34","guid":{"rendered":"http:\/\/annexedutraindevie.com\/?page_id=2634"},"modified":"2024-02-06T11:56:09","modified_gmt":"2024-02-06T10:56:09","slug":"accompagnement-artistes","status":"publish","type":"page","link":"https:\/\/annexeromainville.com\/index.php\/accompagnement-artistes\/","title":{"rendered":"Appels \u00e0 Projets 2024"},"content":{"rendered":"<div id=\"pl-2634\"  class=\"panel-layout\" ><div id=\"pg-2634-0\"  class=\"panel-grid panel-no-style\" ><div id=\"pgc-2634-0-0\"  class=\"panel-grid-cell\" ><div id=\"panel-2634-0-0-0\" class=\"so-panel widget widget_sow-editor panel-first-child panel-last-child\" data-index=\"0\" ><div\n\t\t\t\n\t\t\tclass=\"so-widget-sow-editor so-widget-sow-editor-base\"\n\t\t\t\n\t\t>\n<div class=\"siteorigin-widget-tinymce textwidget\">\n\t<p><img loading=\"lazy\" class=\"alignnone wp-image-9500 aligncenter\" src=\"https:\/\/annexeromainville.com\/wp-content\/uploads\/2024\/02\/AAP-1-212x300.png\" alt=\"\" width=\"611\" height=\"864\" srcset=\"https:\/\/annexeromainville.com\/wp-content\/uploads\/2024\/02\/AAP-1-212x300.png 212w, https:\/\/annexeromainville.com\/wp-content\/uploads\/2024\/02\/AAP-1-724x1024.png 724w, https:\/\/annexeromainville.com\/wp-content\/uploads\/2024\/02\/AAP-1-768x1086.png 768w, https:\/\/annexeromainville.com\/wp-content\/uploads\/2024\/02\/AAP-1-1086x1536.png 1086w, https:\/\/annexeromainville.com\/wp-content\/uploads\/2024\/02\/AAP-1.png 1414w\" sizes=\"(max-width: 611px) 100vw, 611px\" \/><\/p>\n<\/div>\n<\/div><\/div><\/div><\/div><div id=\"pg-2634-1\"  class=\"panel-grid panel-no-style\" ><div id=\"pgc-2634-1-0\"  class=\"panel-grid-cell\" ><div id=\"panel-2634-1-0-0\" class=\"so-panel widget widget_sow-editor panel-first-child\" data-index=\"1\" ><div\n\t\t\t\n\t\t\tclass=\"so-widget-sow-editor so-widget-sow-editor-base\"\n\t\t\t\n\t\t>\n<div class=\"siteorigin-widget-tinymce textwidget\">\n\t<h2><span style=\"color: #000000;\"><strong>Envoi des dossiers<\/strong><\/span><\/h2>\n<p><span style=\"color: #000000;\"><strong>Par mail&nbsp; :<\/strong> artistique@annexeromainville.com \/ Merci de pr\u00e9ciser dans l'Objet du MAIL [R\u00e9sidence courte OU Accompagnement long - Saison 24\/25]<\/span><br \/>\n<span style=\"color: #000000;\"><strong>Par courrier :<\/strong> L'Annexe, 45 avenue de Verdun, 93230 Romainville.<\/span><br \/>\n<span style=\"color: #000000;\"><strong>Contact :<\/strong> 01 72 40 65 58 \/ Mathilde FRICAN<\/span><\/p>\n<p><span style=\"color: #000000;\"><em>Date de limite de candidature : 1er mars 2024<br \/>\n<\/em><\/span><\/p>\n<\/div>\n<\/div><\/div><div id=\"panel-2634-1-0-1\" class=\"so-panel widget widget_sow-editor\" data-index=\"2\" ><div\n\t\t\t\n\t\t\tclass=\"so-widget-sow-editor so-widget-sow-editor-base\"\n\t\t\t\n\t\t>\n<div class=\"siteorigin-widget-tinymce textwidget\">\n\t<h2><span style=\"color: #000000;\"><strong>Pi\u00e8ces \u00e0 fournir pour le dossier<\/strong><\/span><\/h2>\n<p><span style=\"color: #000000;\">\u2212 Dossier du projet artistique avec distribution<\/span><br \/>\n<span style=\"color: #000000;\">\u2212 Budget de cr\u00e9ation<\/span><br \/>\n<span style=\"color: #000000;\">\u2212 Formulaire de Synth\u00e8se (<a style=\"color: #000000;\" href=\"https:\/\/1drv.ms\/b\/s!AoW0cVm913PFhcQs7QaRibiKj0MPeQ?e=Dljrlw\">t\u00e9l\u00e9chargeable ici<\/a>)<\/span><br \/>\n<span style=\"color: #000000;\">\u2212 Extraits Vid\u00e9os du travail de l'Artiste\/Compagnie\/Collectif.<\/span><br \/>\n<span style=\"color: #000000;\">\u2212 Tout document compl\u00e9mentaire qui vous paraitrait important.<\/span><\/p>\n<\/div>\n<\/div><\/div><div id=\"panel-2634-1-0-2\" class=\"so-panel widget widget_sow-editor panel-last-child\" data-index=\"3\" ><div\n\t\t\t\n\t\t\tclass=\"so-widget-sow-editor so-widget-sow-editor-base\"\n\t\t\t\n\t\t>\n<div class=\"siteorigin-widget-tinymce textwidget\">\n\t<h2><span style=\"color: #000000;\"><strong>Les Conditions :<\/strong><\/span><\/h2>\n<ul>\n<li><span style=\"color: #000000;\">Projet en cours d'\u00e9criture ou jamais jou\u00e9<\/span><\/li>\n<li><span style=\"color: #000000;\">Un dossier artistique et une pr\u00e9sentation de l'\u00e9quipe d\u00e9finitive ou envisag\u00e9e.<\/span><\/li>\n<li><span style=\"color: #000000;\">4 personnes maximum sur le plateau<\/span><\/li>\n<li><span style=\"color: #000000;\">Pas de Limite d'\u00e2ge<\/span><\/li>\n<\/ul>\n<\/div>\n<\/div><\/div><\/div><div id=\"pgc-2634-1-1\"  class=\"panel-grid-cell\" ><div id=\"panel-2634-1-1-0\" class=\"so-panel widget widget_sow-editor panel-first-child panel-last-child\" data-index=\"4\" ><div\n\t\t\t\n\t\t\tclass=\"so-widget-sow-editor so-widget-sow-editor-base\"\n\t\t\t\n\t\t>\n<div class=\"siteorigin-widget-tinymce textwidget\">\n\t<h2><span style=\"color: #000000;\"><strong>Calendrier<\/strong><\/span><\/h2>\n<p><span style=\"color: #000000;\"><strong>Limite de d\u00e9p\u00f4t des dossiers :<\/strong> 1er mars 2024<\/span><br \/>\n<span style=\"color: #000000;\"><strong>Date des r\u00e9ponses :<\/strong> \u00e0 venir ! <\/span><br \/>\n<span style=\"color: #000000;\"><strong>Auditions \/ Rencontres : <\/strong>le 22 et 23 avril 2024 \u00e0 L'Annexe.<\/span><\/p>\n<\/div>\n<\/div><\/div><\/div><\/div><div id=\"pg-2634-2\"  class=\"panel-grid panel-no-style\" ><div id=\"pgc-2634-2-0\"  class=\"panel-grid-cell\" ><div id=\"panel-2634-2-0-0\" class=\"so-panel widget widget_sow-editor panel-first-child panel-last-child\" data-index=\"5\" ><div\n\t\t\t\n\t\t\tclass=\"so-widget-sow-editor so-widget-sow-editor-base\"\n\t\t\t\n\t\t>\n<div class=\"siteorigin-widget-tinymce textwidget\">\n\t<div id=\"pg-2634-2\" class=\"panel-grid panel-no-style\">\n<div id=\"pgc-2634-2-0\" class=\"panel-grid-cell\">\n<div id=\"panel-2634-2-0-0\" class=\"so-panel widget widget_sow-editor panel-first-child panel-last-child\" data-index=\"3\">\n<div class=\"so-widget-sow-editor so-widget-sow-editor-base\">\n<div class=\"siteorigin-widget-tinymce textwidget\">\n<p style=\"text-align: left;\"><span style=\"color: #000000;\"><strong>2 dispositifs en place \u00e0 L'Annexe :<\/strong><br \/>\n<\/span><\/p>\n<h3 style=\"text-align: left;\"><span style=\"color: #000000;\"><span style=\"color: #333333;\"><strong>1\u00b0\/L'Accompagnement d'artistes<\/strong> :<\/span> <\/span><\/h3>\n<p style=\"text-align: left;\"><span style=\"color: #000000;\">r\u00e9pond au souhait de la Cie JETZT et de L'Annexe de soutenir la cr\u00e9ation originale et innovante, le lien entre artistes et territoire, la transmission artistique et culturelle.<\/span><\/p>\n<p style=\"text-align: left;\"><span style=\"color: #000000;\">L'accompagnement permet aux compagnies de b\u00e9n\u00e9ficier d'un soutien dans leur travail : appui technique, suivi administratif, regard artistique.<br \/>\n<\/span><\/p>\n<p style=\"text-align: left;\"><span style=\"color: #000000;\">Le dispositif est accessible via le concours <em>Votez pour Moi!<\/em>, \u00e9v\u00e9nement annuel propos\u00e9 par le Collectif Citoyen de L'Annexe d\u00e9fendant la cr\u00e9ation originale et innovante. Ce sont des r\u00e9sidences de 3 ans o\u00f9 l'\u00e9quipe de L'Annexe accompagne les compagnies \u00e0 monter leur cr\u00e9ation sur les plans artistiques et administratifs.<\/span><\/p>\n<p style=\"text-align: left;\"><span style=\"color: #000000;\">Les \u00e9quipes en r\u00e9sidences d'<span style=\"text-decoration: underline;\">accompagnement long<\/span> b\u00e9n\u00e9ficient de :<\/span><\/p>\n<ul>\n<li style=\"text-align: left;\"><span style=\"color: #000000;\">15 jours de mise \u00e0 disposition de l'Annexe pour leur cr\u00e9ations par an.<\/span><\/li>\n<li style=\"text-align: left;\"><span style=\"color: #000000;\">2 jours d'accompagnement artistique par an.<\/span><\/li>\n<li style=\"text-align: left;\"><span style=\"color: #000000;\">2 jours d'accompagnement administratif par an.<\/span><\/li>\n<li style=\"text-align: left;\"><span style=\"color: #000000;\">1 session d'accompagnement avec un partenaire ext\u00e9rieur.<\/span><\/li>\n<\/ul>\n<\/div>\n<\/div>\n<\/div>\n<\/div>\n<\/div>\n<\/div>\n<\/div><\/div><\/div><\/div><div id=\"pg-2634-3\"  class=\"panel-grid panel-no-style\" ><div id=\"pgc-2634-3-0\"  class=\"panel-grid-cell\" ><div id=\"panel-2634-3-0-0\" class=\"so-panel widget widget_sow-editor panel-first-child panel-last-child\" data-index=\"6\" ><div\n\t\t\t\n\t\t\tclass=\"so-widget-sow-editor so-widget-sow-editor-base\"\n\t\t\t\n\t\t>\n<div class=\"siteorigin-widget-tinymce textwidget\">\n\t<p><span style=\"color: #000000;\">Les \u00e9quipes accueillies sont sollicit\u00e9es par L'Annexe pour effectuer des actions vers les publics uniquement si leurs comp\u00e9tences et leur projet le justifient.<\/span><br \/>\n<span style=\"color: #000000;\">Sous r\u00e9serve de volont\u00e9 mutuelle, l\u2019accompagnement est l\u2019occasion d\u2019un dialogue artistique entre la direction de L'Annexe et l\u2019artiste accueilli.<\/span><\/p>\n<\/div>\n<\/div><\/div><\/div><\/div><div id=\"pg-2634-4\"  class=\"panel-grid panel-no-style\" ><div id=\"pgc-2634-4-0\"  class=\"panel-grid-cell\" ><div id=\"panel-2634-4-0-0\" class=\"so-panel widget widget_sow-editor panel-first-child panel-last-child\" data-index=\"7\" ><div\n\t\t\t\n\t\t\tclass=\"so-widget-sow-editor so-widget-sow-editor-base\"\n\t\t\t\n\t\t>\n<div class=\"siteorigin-widget-tinymce textwidget\">\n\t<h3><span style=\"color: #000000;\"><em><strong>QUI B\u00c9N\u00c9FICIE DE L'ACCOMPAGNEMENT ?<\/strong><\/em><\/span><\/h3>\n<p><span style=\"color: #000000;\">L\u2019accompagnement est destin\u00e9 aux metteurs en sc\u00e8ne, auteurs, musiciens, chanteurs, com\u00e9diens, collectifs et compagnies. Il peut aussi b\u00e9n\u00e9ficier \u00e0 un artiste ou une \u00e9quipe relevant d\u2019un autre champ artistique d\u00e8s lorsque son projet ou sa d\u00e9marche s\u2019inscrit dans une interaction avec L'Annexe.<\/span><\/p>\n<p><span style=\"color: #000000;\">L'Annexe ne r\u00e9serve pas son accompagnement aux compagnies de sa r\u00e9gion d\u2019implantation mais portera une <span style=\"text-decoration: underline;\">attention particuli\u00e8re aux \u00e9quipes artistique du d\u00e9partement de la Seine-Saint-Denis.<\/span> <\/span><\/p>\n<\/div>\n<\/div><\/div><\/div><div id=\"pgc-2634-4-1\"  class=\"panel-grid-cell\" ><div id=\"panel-2634-4-1-0\" class=\"so-panel widget widget_sow-editor panel-first-child panel-last-child\" data-index=\"8\" ><div\n\t\t\t\n\t\t\tclass=\"so-widget-sow-editor so-widget-sow-editor-base\"\n\t\t\t\n\t\t>\n<div class=\"siteorigin-widget-tinymce textwidget\">\n\t<h3><span style=\"color: #000000;\"><strong><em>COMMENT SE D\u00c9CIDE L'ACCOMPAGNEMENT ?<\/em><\/strong><\/span><\/h3>\n<p><span style=\"color: #000000;\">La d\u00e9cision rel\u00e8ve de la direction artistique L'Annexe, et r\u00e9sulte d\u2019une d\u00e9marche propre. Une coll\u00e9gialit\u00e9 de la r\u00e9flexion peut constituer un \u00e9l\u00e9ment dynamique du processus de d\u00e9cision avec le Collectif Citoyen.<\/span><br \/>\n<span style=\"color: #000000;\">Toute compagnie ou artiste sera inform\u00e9.e de l\u2019issue de sa demande.<\/span><br \/>\n<span style=\"color: #000000;\">Si la proximit\u00e9 esth\u00e9tique entre les propositions artistiques L'Annexe dans le cadre de son dispositif et celles des artistes accueillis a un sens, l\u2019objectif de diversit\u00e9 des esth\u00e9tiques n\u2019en reste pas moins indispensable.<\/span><br \/>\n<span style=\"color: #000000;\">Outre l\u2019aspect artistique premier, les choix d\u2019accueil et de soutien d\u2019artistes ou compagnies prennent en compte le mod\u00e8le \u00e9conomique et la viabilit\u00e9 de leurs projets, afin de contribuer \u00e0 la vitalit\u00e9 des \u0153uvres accompagn\u00e9es.<\/span><\/p>\n<p><span style=\"color: #000000;\">L'Accompagnement de projets artistiques et la vie \u00e0 L'Annexe.<\/span><br \/>\n<span style=\"color: #000000;\">Le compte-rendu de l\u2019activit\u00e9 de L'Accompagnement fait partie, chaque ann\u00e9e, du bilan dress\u00e9 par la direction et pr\u00e9sent\u00e9 pour approbation au conseil d\u2019administration et au bureau de la Cie Jetzt.<\/span><\/p>\n<\/div>\n<\/div><\/div><\/div><\/div><div id=\"pg-2634-5\"  class=\"panel-grid panel-no-style\" ><div id=\"pgc-2634-5-0\"  class=\"panel-grid-cell\" ><div id=\"panel-2634-5-0-0\" class=\"so-panel widget widget_sow-editor panel-first-child panel-last-child\" data-index=\"9\" ><div\n\t\t\t\n\t\t\tclass=\"so-widget-sow-editor so-widget-sow-editor-base\"\n\t\t\t\n\t\t>\n<div class=\"siteorigin-widget-tinymce textwidget\">\n\t<p><strong>Tous ces points feront l\u2019objet d\u2019une convention entre L'Annexe et l'\u00e9quipe artistique<\/strong>.<\/p>\n<\/div>\n<\/div><\/div><\/div><\/div><div id=\"pg-2634-6\"  class=\"panel-grid panel-no-style\" ><div id=\"pgc-2634-6-0\"  class=\"panel-grid-cell\" ><div id=\"panel-2634-6-0-0\" class=\"so-panel widget widget_sow-editor panel-first-child\" data-index=\"10\" ><div\n\t\t\t\n\t\t\tclass=\"so-widget-sow-editor so-widget-sow-editor-base\"\n\t\t\t\n\t\t>\n<div class=\"siteorigin-widget-tinymce textwidget\">\n\t<div id=\"pg-2634-2\" class=\"panel-grid panel-no-style\">\n<div id=\"pgc-2634-2-0\" class=\"panel-grid-cell\">\n<div id=\"panel-2634-2-0-0\" class=\"so-panel widget widget_sow-editor panel-first-child panel-last-child\" data-index=\"3\">\n<div class=\"so-widget-sow-editor so-widget-sow-editor-base\">\n<div class=\"siteorigin-widget-tinymce textwidget\">\n<h3 style=\"text-align: left;\"><span style=\"color: #000000;\"><strong>2\u00b0\/R\u00e9sidences Courtes :<\/strong><\/span><\/h3>\n<\/div>\n<p style=\"text-align: left;\"><span style=\"color: #000000;\">L'Annexe d\u00e9finit avec les artistes les conditions de leur accueil en r\u00e9sidence et le programme de collaborations \u00e9ventuelles. Il veille \u00e0 respecter les principes suivants:<\/span><br \/>\n<span style=\"color: #000000;\">L'Annexe recherche avec la compagnie ou l\u2019artiste les meilleures modalit\u00e9s pour que l\u2019accompagnement donne lieu \u00e0 une rencontre avec le public. Celle-ci peut notamment prendre la forme de :<\/span><\/p>\n<ul>\n<li style=\"text-align: left;\"><span style=\"color: #000000;\">Une r\u00e9p\u00e9tition ouverte<\/span><\/li>\n<li style=\"text-align: left;\"><span style=\"color: #000000;\">Une pr\u00e9sentation de travaux en cours, ou bien de la pi\u00e8ce achev\u00e9e, voire d\u2019une autre pi\u00e8ce \u00e0 L'Annexe<\/span><\/li>\n<li style=\"text-align: left;\"><span style=\"color: #000000;\">Une rencontre-d\u00e9bat avec les publics.<\/span><\/li>\n<li style=\"text-align: left;\"><span style=\"color: #000000;\">Des ateliers de sensibilisation et\/ou de transmission artistique en lien avec l'\u00e9quipe et le projet artistique accueilli.<\/span><\/li>\n<li style=\"list-style-type: none;\">&nbsp;<\/li>\n<\/ul>\n<\/div>\n<\/div>\n<\/div>\n<\/div>\n<\/div>\n<\/div><\/div><div id=\"panel-2634-6-0-1\" class=\"so-panel widget widget_sow-editor panel-last-child\" data-index=\"11\" ><div\n\t\t\t\n\t\t\tclass=\"so-widget-sow-editor so-widget-sow-editor-base\"\n\t\t\t\n\t\t>\n<div class=\"siteorigin-widget-tinymce textwidget\">\n\t<h2><span style=\"color: #000000;\"><strong>Autres informations<\/strong><\/span><\/h2>\n<p><span style=\"color: #000000;\">\u2022 Entre 8 et 10 projets retenus sur la saison<\/span><br \/>\n<span style=\"color: #000000;\">\u2022 Une pr\u00e9sence d'une semaine minimum sera demand\u00e9e<\/span><br \/>\n<span style=\"color: #000000;\">\u2022 Les dossiers pour la Saison 2023-2024 seront \u00e9tudi\u00e9s par un coll\u00e8ge compos\u00e9 du bureau, du conseil d'administration, du Collectif Citoyen et les salari\u00e9s de la Cie Jetzt.<\/span><\/p>\n<\/div>\n<\/div><\/div><\/div><\/div><\/div>","protected":false},"excerpt":{"rendered":"<p>Envoi des dossiers Par mail&nbsp; : artistique@annexeromainville.com \/ Merci de pr\u00e9ciser dans l&#8217;Objet du MAIL [R\u00e9sidence courte OU Accompagnement long &#8211; Saison 24\/25] Par courrier : L&#8217;Annexe, 45 avenue de<span class=\"read-more-wrap\"><a class=\"moretag\" href=\"https:\/\/annexeromainville.com\/index.php\/accompagnement-artistes\/\">Lire la suite<span class=\"screen-reader-text\">Appels \u00e0 Projets 2024<\/span><\/a><\/span><\/p>\n","protected":false},"author":2,"featured_media":0,"parent":0,"menu_order":0,"comment_status":"closed","ping_status":"closed","template":"","meta":{"_bbp_topic_count":0,"_bbp_reply_count":0,"_bbp_total_topic_count":0,"_bbp_total_reply_count":0,"_bbp_voice_count":0,"_bbp_anonymous_reply_count":0,"_bbp_topic_count_hidden":0,"_bbp_reply_count_hidden":0,"_bbp_forum_subforum_count":0,"ngg_post_thumbnail":0},"_links":{"self":[{"href":"https:\/\/annexeromainville.com\/index.php\/wp-json\/wp\/v2\/pages\/2634"}],"collection":[{"href":"https:\/\/annexeromainville.com\/index.php\/wp-json\/wp\/v2\/pages"}],"about":[{"href":"https:\/\/annexeromainville.com\/index.php\/wp-json\/wp\/v2\/types\/page"}],"author":[{"embeddable":true,"href":"https:\/\/annexeromainville.com\/index.php\/wp-json\/wp\/v2\/users\/2"}],"replies":[{"embeddable":true,"href":"https:\/\/annexeromainville.com\/index.php\/wp-json\/wp\/v2\/comments?post=2634"}],"version-history":[{"count":62,"href":"https:\/\/annexeromainville.com\/index.php\/wp-json\/wp\/v2\/pages\/2634\/revisions"}],"predecessor-version":[{"id":9530,"href":"https:\/\/annexeromainville.com\/index.php\/wp-json\/wp\/v2\/pages\/2634\/revisions\/9530"}],"wp:attachment":[{"href":"https:\/\/annexeromainville.com\/index.php\/wp-json\/wp\/v2\/media?parent=2634"}],"curies":[{"name":"wp","href":"https:\/\/api.w.org\/{rel}","templated":true}]}}