{"id":2640,"date":"2019-04-26T11:12:50","date_gmt":"2019-04-26T10:12:50","guid":{"rendered":"http:\/\/annexedutraindevie.com\/?page_id=2640"},"modified":"2022-08-19T10:22:50","modified_gmt":"2022-08-19T09:22:50","slug":"accompagnement","status":"publish","type":"page","link":"https:\/\/annexeromainville.com\/index.php\/accompagnement\/","title":{"rendered":"L&#8217;ACCOMPAGNEMENT"},"content":{"rendered":"<div id=\"pl-2640\"  class=\"panel-layout\" ><div id=\"pg-2640-0\"  class=\"panel-grid panel-no-style\" ><div id=\"pgc-2640-0-0\"  class=\"panel-grid-cell\" ><div id=\"panel-2640-0-0-0\" class=\"so-panel widget widget_sow-editor panel-first-child panel-last-child\" data-index=\"0\" ><div\n\t\t\t\n\t\t\tclass=\"so-widget-sow-editor so-widget-sow-editor-base\"\n\t\t\t\n\t\t>\n<div class=\"siteorigin-widget-tinymce textwidget\">\n\t<p style=\"text-align: justify;\"><span style=\"color: #000000;\">Vous \u00eates un artiste, une compagnie, ou un collectif et vous cherchez un lieu pour pouvoir travailler votre prochaine cr\u00e9ation ou tout simplement un espace pour faire \u00e9merger des id\u00e9es? L'Annexe peut vous accueillir !<\/span><\/p>\n<p style=\"text-align: justify;\"><span style=\"color: #000000;\">L'Annexe propose deux types d'accompagnement :<\/span><\/p>\n<\/div>\n<\/div><\/div><\/div><\/div><div id=\"pg-2640-1\"  class=\"panel-grid panel-no-style\" ><div id=\"pgc-2640-1-0\"  class=\"panel-grid-cell\" ><div id=\"panel-2640-1-0-0\" class=\"so-panel widget widget_sow-image panel-first-child\" data-index=\"1\" ><div\n\t\t\t\n\t\t\tclass=\"so-widget-sow-image so-widget-sow-image-default-8b5b6f678277-2640\"\n\t\t\t\n\t\t>\n<div class=\"sow-image-container\">\n\t\t\t<a href=\"https:\/\/annexeromainville.com\/index.php\/accompagnement-artistes\/\"\n\t\t\t\t\t>\n\t\t\t<img \n\tsrc=\"https:\/\/annexeromainville.com\/wp-content\/uploads\/2022\/08\/Re\u0301sidence-courte.jpg\" width=\"1920\" height=\"250\" srcset=\"https:\/\/annexeromainville.com\/wp-content\/uploads\/2022\/08\/Re\u0301sidence-courte.jpg 1920w, https:\/\/annexeromainville.com\/wp-content\/uploads\/2022\/08\/Re\u0301sidence-courte-300x39.jpg 300w, https:\/\/annexeromainville.com\/wp-content\/uploads\/2022\/08\/Re\u0301sidence-courte-1024x133.jpg 1024w, https:\/\/annexeromainville.com\/wp-content\/uploads\/2022\/08\/Re\u0301sidence-courte-768x100.jpg 768w, https:\/\/annexeromainville.com\/wp-content\/uploads\/2022\/08\/Re\u0301sidence-courte-1536x200.jpg 1536w\" sizes=\"(max-width: 1920px) 100vw, 1920px\" title=\"r\u00e9sidence courte\" alt=\"\" loading=\"lazy\" \t\tclass=\"so-widget-image\"\/>\n\t\t\t<\/a><\/div>\n\n<\/div><\/div><div id=\"panel-2640-1-0-1\" class=\"so-panel widget widget_sow-editor panel-last-child\" data-index=\"2\" ><div\n\t\t\t\n\t\t\tclass=\"so-widget-sow-editor so-widget-sow-editor-base\"\n\t\t\t\n\t\t>\n<div class=\"siteorigin-widget-tinymce textwidget\">\n\t<p><span style=\"color: #000000;\"><strong>L'Accompagnement d'Artistes<\/strong> est un dispositif qui permet \u00e0 des artistes, des collectifs, des compagnies de travailler sur leurs cr\u00e9ations. Il est r\u00e9serv\u00e9 \u00e0 des cr\u00e9ations non jou\u00e9s, en cours de production.<\/span><\/p>\n<p><span style=\"color: #000000;\">Nous mettons \u00e0 disposition notre salle et nos \u00e9quipements pendant une semaine minimum. Un suivi artistique et administratif est pr\u00e9vu pendant la saison .<\/span><\/p>\n<\/div>\n<\/div><\/div><\/div><div id=\"pgc-2640-1-1\"  class=\"panel-grid-cell\" ><div id=\"panel-2640-1-1-0\" class=\"so-panel widget widget_sow-image panel-first-child\" data-index=\"3\" ><div\n\t\t\t\n\t\t\tclass=\"so-widget-sow-image so-widget-sow-image-default-8b5b6f678277-2640\"\n\t\t\t\n\t\t>\n<div class=\"sow-image-container\">\n\t\t\t<a href=\"https:\/\/annexeromainville.com\/index.php\/residence-accompagnement\/\"\n\t\t\t\t\t>\n\t\t\t<img \n\tsrc=\"https:\/\/annexeromainville.com\/wp-content\/uploads\/2022\/08\/Re\u0301sidence-longue.jpg\" width=\"1920\" height=\"250\" srcset=\"https:\/\/annexeromainville.com\/wp-content\/uploads\/2022\/08\/Re\u0301sidence-longue.jpg 1920w, https:\/\/annexeromainville.com\/wp-content\/uploads\/2022\/08\/Re\u0301sidence-longue-300x39.jpg 300w, https:\/\/annexeromainville.com\/wp-content\/uploads\/2022\/08\/Re\u0301sidence-longue-1024x133.jpg 1024w, https:\/\/annexeromainville.com\/wp-content\/uploads\/2022\/08\/Re\u0301sidence-longue-768x100.jpg 768w, https:\/\/annexeromainville.com\/wp-content\/uploads\/2022\/08\/Re\u0301sidence-longue-1536x200.jpg 1536w\" sizes=\"(max-width: 1920px) 100vw, 1920px\" title=\"r\u00e9sidence longue\" alt=\"\" loading=\"lazy\" \t\tclass=\"so-widget-image\"\/>\n\t\t\t<\/a><\/div>\n\n<\/div><\/div><div id=\"panel-2640-1-1-1\" class=\"so-panel widget widget_sow-editor panel-last-child\" data-index=\"4\" ><div\n\t\t\t\n\t\t\tclass=\"so-widget-sow-editor so-widget-sow-editor-base\"\n\t\t\t\n\t\t>\n<div class=\"siteorigin-widget-tinymce textwidget\">\n\t<p><span style=\"color: #000000;\"><strong>La r\u00e9sidence d'accompagnement<\/strong> est accessibles via le concours <em>Votez pour Moi!<\/em>, dispositif annuel propos\u00e9 par le Collectif Citoyen de L'Annexe, d\u00e9fendant la cr\u00e9ation originale et innovante.<\/span><\/p>\n<p><span style=\"color: #000000;\">Ces r\u00e9sidences sont de 3 ans. Pendant cette p\u00e9riode, l'Annexe met \u00e0 disposition \u00e0 la fois ses locaux, sa salle et sa technique, mais aussi son \u00e9quipe et son savoir-faire, pour permettre un soutien \u00e0 la cr\u00e9ation sur les plan artistiques et administratif.<\/span><\/p>\n<\/div>\n<\/div><\/div><\/div><\/div><\/div>","protected":false},"excerpt":{"rendered":"<p>Vous \u00eates un artiste, une compagnie, ou un collectif et vous cherchez un lieu pour pouvoir travailler votre prochaine cr\u00e9ation ou tout simplement un espace pour faire \u00e9merger des id\u00e9es?<span class=\"read-more-wrap\"><a class=\"moretag\" href=\"https:\/\/annexeromainville.com\/index.php\/accompagnement\/\">Lire la suite<span class=\"screen-reader-text\">L&#8217;ACCOMPAGNEMENT<\/span><\/a><\/span><\/p>\n","protected":false},"author":2,"featured_media":0,"parent":0,"menu_order":0,"comment_status":"closed","ping_status":"closed","template":"","meta":{"_bbp_topic_count":0,"_bbp_reply_count":0,"_bbp_total_topic_count":0,"_bbp_total_reply_count":0,"_bbp_voice_count":0,"_bbp_anonymous_reply_count":0,"_bbp_topic_count_hidden":0,"_bbp_reply_count_hidden":0,"_bbp_forum_subforum_count":0,"ngg_post_thumbnail":0},"_links":{"self":[{"href":"https:\/\/annexeromainville.com\/index.php\/wp-json\/wp\/v2\/pages\/2640"}],"collection":[{"href":"https:\/\/annexeromainville.com\/index.php\/wp-json\/wp\/v2\/pages"}],"about":[{"href":"https:\/\/annexeromainville.com\/index.php\/wp-json\/wp\/v2\/types\/page"}],"author":[{"embeddable":true,"href":"https:\/\/annexeromainville.com\/index.php\/wp-json\/wp\/v2\/users\/2"}],"replies":[{"embeddable":true,"href":"https:\/\/annexeromainville.com\/index.php\/wp-json\/wp\/v2\/comments?post=2640"}],"version-history":[{"count":16,"href":"https:\/\/annexeromainville.com\/index.php\/wp-json\/wp\/v2\/pages\/2640\/revisions"}],"predecessor-version":[{"id":2651,"href":"https:\/\/annexeromainville.com\/index.php\/wp-json\/wp\/v2\/pages\/2640\/revisions\/2651"}],"wp:attachment":[{"href":"https:\/\/annexeromainville.com\/index.php\/wp-json\/wp\/v2\/media?parent=2640"}],"curies":[{"name":"wp","href":"https:\/\/api.w.org\/{rel}","templated":true}]}}