{"id":2845,"date":"2019-08-29T14:51:30","date_gmt":"2019-08-29T13:51:30","guid":{"rendered":"http:\/\/annexedutraindevie.com\/?page_id=2845"},"modified":"2019-10-07T10:38:52","modified_gmt":"2019-10-07T09:38:52","slug":"yalla-2019","status":"publish","type":"page","link":"https:\/\/annexeromainville.com\/index.php\/yalla-2019\/","title":{"rendered":"Yalla"},"content":{"rendered":"<div id=\"pl-2845\"  class=\"panel-layout\" ><div id=\"pg-2845-0\"  class=\"panel-grid panel-no-style\" ><div id=\"pgc-2845-0-0\"  class=\"panel-grid-cell\" ><div id=\"panel-2845-0-0-0\" class=\"so-panel widget widget_sow-image panel-first-child panel-last-child\" data-index=\"0\" ><div\n\t\t\t\n\t\t\tclass=\"so-widget-sow-image so-widget-sow-image-default-c67d20f9f743-2845\"\n\t\t\t\n\t\t>\n<div class=\"sow-image-container\">\n\t\t<img \n\tsrc=\"https:\/\/annexeromainville.com\/wp-content\/uploads\/2018\/04\/spectacle-2.jpg\" width=\"473\" height=\"78\" srcset=\"https:\/\/annexeromainville.com\/wp-content\/uploads\/2018\/04\/spectacle-2.jpg 473w, https:\/\/annexeromainville.com\/wp-content\/uploads\/2018\/04\/spectacle-2-300x49.jpg 300w\" sizes=\"(max-width: 473px) 100vw, 473px\" title=\"spectacle (2)\" alt=\"\" loading=\"lazy\" \t\tclass=\"so-widget-image\"\/>\n\t<\/div>\n\n<\/div><\/div><\/div><\/div><div id=\"pg-2845-1\"  class=\"panel-grid panel-no-style\" ><div id=\"pgc-2845-1-0\"  class=\"panel-grid-cell\" ><div id=\"panel-2845-1-0-0\" class=\"so-panel widget widget_sow-image panel-first-child panel-last-child\" data-index=\"1\" ><div\n\t\t\t\n\t\t\tclass=\"so-widget-sow-image so-widget-sow-image-default-8b5b6f678277-2845\"\n\t\t\t\n\t\t><\/div><\/div><\/div><div id=\"pgc-2845-1-1\"  class=\"panel-grid-cell\" ><div id=\"panel-2845-1-1-0\" class=\"so-panel widget widget_sow-editor panel-first-child panel-last-child\" data-index=\"2\" ><div\n\t\t\t\n\t\t\tclass=\"so-widget-sow-editor so-widget-sow-editor-base\"\n\t\t\t\n\t\t>\n<div class=\"siteorigin-widget-tinymce textwidget\">\n\t<p><span style=\"color: #000000;\"><strong>Du 7 au 9 novembre 2019, \u00e0 20h.<\/strong><br \/>\nOuverture des portes \u00e0 19h45.<\/span><\/p>\n<p style=\"text-align: justify;\"><span style=\"color: #000000;\">Par la <strong>Compagnie JETZT<\/strong>, Etape de Travail.<\/span><br \/>\n<span style=\"color: #000000;\">De <strong>Sonia Ristic<\/strong><br \/>\nMise en Espace de <strong>D\u00e9borah Banoun<\/strong><br \/>\nAvec <strong>Pauline Etienne<\/strong> &amp; <strong>Bachir Tlili<\/strong><br \/>\nLumi\u00e8re de <strong>Pierre Peyronnet<\/strong><br \/>\nSc\u00e9nographie de <strong>Gala Ognibene<\/strong><br \/>\n<\/span><\/p>\n<p style=\"text-align: justify;\"><span style=\"color: #000000;\"><span style=\"text-decoration: underline;\">DUR\u00c9E<\/span> : 1H <\/span><span style=\"color: #000000;\"><br \/>\n<span style=\"text-decoration: underline;\">\u00c2GE<\/span> : Tout public \u00e0 partir de 12 ans<\/span><\/p>\n<p style=\"text-align: justify;\"><span style=\"color: #000000;\">A la fronti\u00e8re, face \u00e0 face, un adolescent palestinien et une soldate isra\u00e9lienne. L\u2019adolescent a une pierre \u00e0 la main, la soldate le tient en joue. Un instant de temps suspendu, pendant lequel on entend les deux monologues int\u00e9rieurs entrecrois\u00e9s. Cette histoire tragique inspir\u00e9e des \u00e9v\u00e9nements de 2011 dans le cadre du conflit isra\u00e9lo-palestinien est racont\u00e9e avec beaucoup de douceur et de po\u00e9sie. Sans faire de le\u00e7on d\u2019histoire, le texte nous \u00e9claire sur la nature du conflit aux travers de deux visions, deux camps ennemis o\u00f9 chacun revendique sa terre.<\/span><\/p>\n<p><a href=\"http:\/\/annexeromainville.com\/wp-content\/uploads\/2019\/10\/Dossier-presse-YALLA.pdf\">T\u00e9l\u00e9charger le Dossier de Presse<\/a><\/p>\n<\/div>\n<\/div><\/div><\/div><\/div><div id=\"pg-2845-2\"  class=\"panel-grid panel-no-style\" ><div id=\"pgc-2845-2-0\"  class=\"panel-grid-cell\" ><div id=\"panel-2845-2-0-0\" class=\"so-panel widget widget_sow-button panel-first-child panel-last-child\" data-index=\"3\" ><div\n\t\t\t\n\t\t\tclass=\"so-widget-sow-button so-widget-sow-button-atom-857739567c6a-2845\"\n\t\t\t\n\t\t><div class=\"ow-button-base ow-button-align-center\"\n>\n\t\t\t<a\n\t\t\t\t\thref=\"http:\/\/annexedutraindevie.com\/index.php\/reservation\/\"\n\t\t\t\t\tclass=\"sowb-button ow-icon-placement-left ow-button-hover\" \t>\n\t\t<span>\n\t\t\t<span class=\"sow-icon-ionicons\" data-sow-icon=\"&#xf373;\"\n\t\tstyle=\"color: #dd9933\" \n\t\taria-hidden=\"true\"><\/span>\n\t\t\tR\u00e9server\t\t<\/span>\n\t\t\t<\/a>\n\t<\/div>\n<\/div><\/div><\/div><\/div><div id=\"pg-2845-3\"  class=\"panel-grid panel-no-style\" ><div id=\"pgc-2845-3-0\"  class=\"panel-grid-cell\" ><div id=\"panel-2845-3-0-0\" class=\"so-panel widget widget_sow-editor panel-first-child panel-last-child\" data-index=\"4\" ><div\n\t\t\t\n\t\t\tclass=\"so-widget-sow-editor so-widget-sow-editor-base\"\n\t\t\t\n\t\t><h3 class=\"widget-title\">Pauline Etienne<\/h3>\n<div class=\"siteorigin-widget-tinymce textwidget\">\n\t<p style=\"text-align: justify;\"><span style=\"color: #000000;\">Actrice<\/span><br \/>\n<span style=\"color: #000000;\">Pauline \u00c9tienne a grandi \u00e0 Ixelles. Elle se passionne tr\u00e8s t\u00f4t pour le th\u00e9\u00e2tre, la musique et participe d\u00e8s son adolescence \u00e0 un atelier th\u00e9\u00e2tral. C\u2019est \u00e0 18 ans qu\u2019elle fait ses d\u00e9buts au cin\u00e9ma avec un r\u00f4le secondaire dans le film \u00c9l\u00e8ve libre de Joachim Lafosse. La r\u00e9v\u00e9lation vient avec <em>Le Bel \u00c2ge<\/em> o\u00f9 elle tient le r\u00f4le principal avec Michel Piccoli. Ce r\u00f4le lui vaut un prix d\u2019interpr\u00e9tation f\u00e9minine au Festival international des jeunes r\u00e9alisateurs de Saint-Jean-de-Luz. Gr\u00e2ce \u00e0 son interpr\u00e9tation dans <em>Qu\u2019un seul tienne et les autres suivront<\/em> de L\u00e9a Fehner, elle remporte le prix Lumi\u00e8re du meilleur espoir f\u00e9minin puis l\u2019\u00c9toile d\u2019or du cin\u00e9ma fran\u00e7ais dans la cat\u00e9gorie r\u00e9v\u00e9lation f\u00e9minine fran\u00e7aise en 2010. En 2014 elle joue le r\u00f4le d\u2019Am\u00e9lie Nothomb dans <em>Tokyo Fianc\u00e9e<\/em> (adaptation du livre d\u2019Am\u00e9lie Nothomb <em>Ni d\u2019\u00c8ve ni d\u2019Adam<\/em>), film sorti en mars 2015. En 2016 et 2017 elle joue pour la t\u00e9l\u00e9vision dans <em>Le Bureau des L\u00e9gende<\/em> d\u2019Eric Rochant aux cot\u00e9s de Mathieu Kassovitz. En 2018, elle aupr\u00e8s de Kad Merad dans <em>Le gendre de ma vie<\/em>, et de Jean Paul Rouve dans <em>Lola et ses fr\u00e8res<\/em>. En 2019, elle reprend le r\u00f4le de Jessica dans la saison 2 d\u2019<em>Ennemi Public<\/em> \u00e0 la T\u00e9l\u00e9vision.<\/span><\/p>\n<\/div>\n<\/div><\/div><\/div><div id=\"pgc-2845-3-1\"  class=\"panel-grid-cell\" ><div id=\"panel-2845-3-1-0\" class=\"so-panel widget widget_sow-editor panel-first-child panel-last-child\" data-index=\"5\" ><div\n\t\t\t\n\t\t\tclass=\"so-widget-sow-editor so-widget-sow-editor-base\"\n\t\t\t\n\t\t><h3 class=\"widget-title\">Bachir Tlili<\/h3>\n<div class=\"siteorigin-widget-tinymce textwidget\">\n\t<p style=\"text-align: justify;\"><span style=\"color: #000000;\">Acteur<\/span><br \/>\n<span style=\"color: #000000;\">Com\u00e9dien issu du Conservatoire National Sup\u00e9rieur d\u2019Art Dramatique ( promotion 2015) Bachir joue au th\u00e9\u00e2tre sous la direction de Berangere Jannelle, Marie Christine Navarro, Yuval Rozman, la compagnie Biriken. En 2019, il int\u00e8gre temporairement la troupe permanente du CDN de Vire et travaille avec Marcial Di Fonzo Bo, Sylvain Jacques, Dan Artus. Au cin\u00e9ma, il joue sous la direction de Ramzi Ben Sliman, Xavier Durringer, Tommy Weber, Chiraz Chouchane. Il met en espace une lecture de \"<em>la maman et la putain<\/em>\" de Jean Eustache, met en sc\u00e8ne et joue un solo qui s\u2019appelle \u00ab <em>les bergeries<\/em> \u00bb et collabore r\u00e9guli\u00e8rement avec l\u2019artiste Regina Demina. Il r\u00e9alise actuellement en Tunisie un documentaire \"<em>les mains d\u2019or<\/em> \u00bb . Il jouera prochainement dans la nouvelle cr\u00e9ation de Mikael Serre \u00ab <em>les brigands<\/em> \u00bb au printemps prochain.<br \/>\n<\/span><\/p>\n<\/div>\n<\/div><\/div><\/div><\/div><div id=\"pg-2845-4\"  class=\"panel-grid panel-no-style\" ><div id=\"pgc-2845-4-0\"  class=\"panel-grid-cell\" ><div id=\"panel-2845-4-0-0\" class=\"so-panel widget widget_sow-editor panel-first-child panel-last-child\" data-index=\"6\" ><div\n\t\t\t\n\t\t\tclass=\"so-widget-sow-editor so-widget-sow-editor-base\"\n\t\t\t\n\t\t><h3 class=\"widget-title\">Deborah Banoun<\/h3>\n<div class=\"siteorigin-widget-tinymce textwidget\">\n\t<p style=\"text-align: justify;\"><span style=\"color: #000000;\">Metteuse en sc\u00e8ne<\/span><br \/>\n<span style=\"color: #000000;\">Form\u00e9e au cours Simon o\u00f9 elle obtient un 1er prix de com\u00e9die. Riche de cette exp\u00e9rience elle souhaite s\u2019orienter vers la mise en sc\u00e8ne. Afin d\u2019asseoir ses connaissances elle rentre comme stagiaire assistante \u00e0 la Com\u00e9die Fran\u00e7aise. Elle y rencontre Jean Michel Ribes avec qui elle travaille d\u2019abord en tant qu\u2019assistante \u00e0 la mise en sc\u00e8ne de 2000 \u00e0 2001, puis comme collaboratrice artistique de direction au Th\u00e9\u00e2tre du Rond-Point de 2001 \u00e0 2005. Elle y rencontre \u00e9galement de nombreux auteurs et metteurs en sc\u00e8ne avec lesquels elle collabore, dont William Mesguich, Lionel Spycher, Mohamed Rouabhi, Samuel Benche\u2026 En 2005 elle est une des collaboratrices artistiques de la Cie Jetzt. Elle y cr\u00e9e en partenariat avec des metteurs en sc\u00e8ne et des auteurs notamment pour <em>Carnets en Marges<\/em> avec Nicolas Liautard (2005\/06), <em>Fitness<\/em> avec Jacques De Decker, <em>7 pieds sous terre<\/em> avec Lise Martin, cr\u00e9\u00e9 au Th\u00e9\u00e2tre de la Vieille Grille (2007\/08), <em>Kiss db ou l\u2019histoire d\u2019une mort sans fin<\/em> avec Elise Mc Leod et Lise Martin au Th\u00e9\u00e2tre Essa\u00efon (2009\/10). En 2012, elle collabore avec Eric Ruff de la Com\u00e9die fran\u00e7aise sur <em>Peer Gynt<\/em>, qui se jouera au Grand Palais. \u00c9tudiante en Master 2, elle travaille sous la direction de David Lescot, Fran\u00e7ois Rancillac, Daniel Jeannneteau. Elle sortira major de sa promotion en Master mise en sc\u00e8ne et dramaturgie \u00e0 Nanterre. En 2012\/2013, elle monte <em>Scapin Projet<\/em> et <em>Fiction d\u2019Hiver<\/em>, ses premi\u00e8res mises en sc\u00e8ne qu\u2019elle signe seule comme directrice artistique. En 2014, D\u00e9borah Banoun se lance dans une adaptation libre avec Anne Seiller de <em>Quai Ouistreham<\/em> de Florence Aubenas. Elles se lancent alors dans la cr\u00e9ation d\u2019une pi\u00e8ce-s\u00e9rie, comportant 5 \u00e9pisodes. Les deux premiers \u00e9pisodes seront cr\u00e9\u00e9s en 2014 et jou\u00e9s jusqu\u2019en 2016. Elle ouvre en 2016 un lieu culturel et citoyen au c\u0153ur de Romainville, tourn\u00e9 vers les valeurs de l\u2019\u00c9conomie Sociale et Solidaire et la gouvernance participative du citoyen. Depuis, elle travaille sur une adaptation de <em>Yalla !<\/em> de Sonia Ristic et sur l\u2019\u00e9criture puis les r\u00e9p\u00e9titions des 3 derniers \u00e9pisodes de la pi\u00e8ce-s\u00e9rie <em>Le Quai<\/em> programm\u00e9e pour la premi\u00e8re fois en version int\u00e9grale en f\u00e9vrier 2019 au Th\u00e9\u00e2tre 13.<\/span><\/p>\n<\/div>\n<\/div><\/div><\/div><div id=\"pgc-2845-4-1\"  class=\"panel-grid-cell\" ><div id=\"panel-2845-4-1-0\" class=\"so-panel widget widget_sow-editor panel-first-child panel-last-child\" data-index=\"7\" ><div\n\t\t\t\n\t\t\tclass=\"so-widget-sow-editor so-widget-sow-editor-base\"\n\t\t\t\n\t\t><h3 class=\"widget-title\">Pierre Peyronnet<\/h3>\n<div class=\"siteorigin-widget-tinymce textwidget\">\n\t<p style=\"text-align: justify;\"><span style=\"color: #000000;\">Cr\u00e9ation Lumi\u00e8re<\/span><br \/>\n<span style=\"color: #000000;\">\u00c9clairagiste dipl\u00f4m\u00e9 de l\u2019ENSATT (\u00c9cole Nationale Sup\u00e9rieure des Arts et Techniques du Th\u00e9\u00e2tre) en 1985, il r\u00e9alise des cr\u00e9ations pour le th\u00e9\u00e2tre, l\u2019op\u00e9ra ou des expositions plastiques. A Bordeaux, sur des mises en sc\u00e8ne de Daniel Ogier (<em>Don Carlos<\/em>) et Jean-Louis Thamin (<em>Tristan et Iseult<\/em>), \u00e0 Lausanne avec Patrice Caurier, Mosh\u00e9 Leiser (<em>La Fl\u00fbte enchant\u00e9e<\/em>), \u00e0 Nantes avec Nouma Sadoul (<em>La Fl\u00fbte enchant\u00e9e<\/em>) ; il collabore avec Matthew Jocelyn \u00e0 l\u2019Op\u00e9ra du Rhin sur de tr\u00e8s nombreuses cr\u00e9ations (<em>La Cl\u00e9mence d\u2019Api,<\/em> <em>Monsieur Choufleuri<\/em>), de Paolo Montarsolo (<em>Le Barbier de S\u00e9ville<\/em>, <em>L\u2019Elixir d\u2019Amour<\/em>). Il effectue des \u00e9clairages de chacune des mises en sc\u00e8ne d\u2019op\u00e9ra de Claude Montagn\u00e9 dans le cadre du Festival de S\u00e9di\u00e8res depuis 2002. En outre, il travaille r\u00e9guli\u00e8rement avec des \u00e9quipes de th\u00e9\u00e2tre (C\u00e9cile Back\u00e8s, Gilbert Desveaux, Guillaume L\u00e9v\u00eaque, G\u00e9raldine Bourgue, Guy Freixe, Pierre Vial, Ren\u00e9 Loyon, Catherine Anne, Laurence Mayor\u2026). Au centre Beaubourg, il \u00e9claire l\u2019exposition <em>Samuel Becket.<\/em><\/span><\/p>\n<\/div>\n<\/div><\/div><\/div><\/div><\/div>","protected":false},"excerpt":{"rendered":"<p>Du 7 au 9 novembre 2019, \u00e0 20h. Ouverture des portes \u00e0 19h45. Par la Compagnie JETZT, Etape de Travail. De Sonia Ristic Mise en Espace de D\u00e9borah Banoun Avec<span class=\"read-more-wrap\"><a class=\"moretag\" href=\"https:\/\/annexeromainville.com\/index.php\/yalla-2019\/\">Lire la suite<span class=\"screen-reader-text\">Yalla<\/span><\/a><\/span><\/p>\n","protected":false},"author":2,"featured_media":0,"parent":0,"menu_order":0,"comment_status":"closed","ping_status":"closed","template":"","meta":{"_bbp_topic_count":0,"_bbp_reply_count":0,"_bbp_total_topic_count":0,"_bbp_total_reply_count":0,"_bbp_voice_count":0,"_bbp_anonymous_reply_count":0,"_bbp_topic_count_hidden":0,"_bbp_reply_count_hidden":0,"_bbp_forum_subforum_count":0,"ngg_post_thumbnail":0},"_links":{"self":[{"href":"https:\/\/annexeromainville.com\/index.php\/wp-json\/wp\/v2\/pages\/2845"}],"collection":[{"href":"https:\/\/annexeromainville.com\/index.php\/wp-json\/wp\/v2\/pages"}],"about":[{"href":"https:\/\/annexeromainville.com\/index.php\/wp-json\/wp\/v2\/types\/page"}],"author":[{"embeddable":true,"href":"https:\/\/annexeromainville.com\/index.php\/wp-json\/wp\/v2\/users\/2"}],"replies":[{"embeddable":true,"href":"https:\/\/annexeromainville.com\/index.php\/wp-json\/wp\/v2\/comments?post=2845"}],"version-history":[{"count":19,"href":"https:\/\/annexeromainville.com\/index.php\/wp-json\/wp\/v2\/pages\/2845\/revisions"}],"predecessor-version":[{"id":3054,"href":"https:\/\/annexeromainville.com\/index.php\/wp-json\/wp\/v2\/pages\/2845\/revisions\/3054"}],"wp:attachment":[{"href":"https:\/\/annexeromainville.com\/index.php\/wp-json\/wp\/v2\/media?parent=2845"}],"curies":[{"name":"wp","href":"https:\/\/api.w.org\/{rel}","templated":true}]}}