{"id":2859,"date":"2019-08-29T15:21:23","date_gmt":"2019-08-29T14:21:23","guid":{"rendered":"http:\/\/annexedutraindevie.com\/?page_id=2859"},"modified":"2019-10-07T11:10:40","modified_gmt":"2019-10-07T10:10:40","slug":"l1consolable-en-concert","status":"publish","type":"page","link":"https:\/\/annexeromainville.com\/index.php\/l1consolable-en-concert\/","title":{"rendered":"L&#8217;1consolable en Concert"},"content":{"rendered":"<div id=\"pl-2859\"  class=\"panel-layout\" ><div id=\"pg-2859-0\"  class=\"panel-grid panel-no-style\" ><div id=\"pgc-2859-0-0\"  class=\"panel-grid-cell\" ><div id=\"panel-2859-0-0-0\" class=\"so-panel widget widget_sow-image panel-first-child panel-last-child\" data-index=\"0\" ><div\n\t\t\t\n\t\t\tclass=\"so-widget-sow-image so-widget-sow-image-default-c67d20f9f743-2859\"\n\t\t\t\n\t\t>\n<div class=\"sow-image-container\">\n\t\t\t<a href=\"https:\/\/annexeromainville.com\/index.php\/les-improbables\/\"\n\t\t\t\t\t>\n\t\t\t<img \n\tsrc=\"https:\/\/annexeromainville.com\/wp-content\/uploads\/2018\/04\/spectacle-1.jpg\" width=\"613\" height=\"68\" srcset=\"https:\/\/annexeromainville.com\/wp-content\/uploads\/2018\/04\/spectacle-1.jpg 613w, https:\/\/annexeromainville.com\/wp-content\/uploads\/2018\/04\/spectacle-1-300x33.jpg 300w\" sizes=\"(max-width: 613px) 100vw, 613px\" title=\"spectacle (1)\" alt=\"\" loading=\"lazy\" \t\tclass=\"so-widget-image\"\/>\n\t\t\t<\/a><\/div>\n\n<\/div><\/div><\/div><\/div><div id=\"pg-2859-1\"  class=\"panel-grid panel-no-style\" ><div id=\"pgc-2859-1-0\"  class=\"panel-grid-cell\" ><div id=\"panel-2859-1-0-0\" class=\"so-panel widget widget_sow-image panel-first-child panel-last-child\" data-index=\"1\" ><div\n\t\t\t\n\t\t\tclass=\"so-widget-sow-image so-widget-sow-image-default-8b5b6f678277-2859\"\n\t\t\t\n\t\t>\n<div class=\"sow-image-container\">\n\t\t<img \n\tsrc=\"https:\/\/annexeromainville.com\/wp-content\/uploads\/2019\/08\/IMG_0714cse.jpg\" width=\"733\" height=\"1100\" srcset=\"https:\/\/annexeromainville.com\/wp-content\/uploads\/2019\/08\/IMG_0714cse.jpg 733w, https:\/\/annexeromainville.com\/wp-content\/uploads\/2019\/08\/IMG_0714cse-200x300.jpg 200w, https:\/\/annexeromainville.com\/wp-content\/uploads\/2019\/08\/IMG_0714cse-682x1024.jpg 682w\" sizes=\"(max-width: 733px) 100vw, 733px\" alt=\"\" loading=\"lazy\" \t\tclass=\"so-widget-image\"\/>\n\t<\/div>\n\n<\/div><\/div><\/div><div id=\"pgc-2859-1-1\"  class=\"panel-grid-cell\" ><div id=\"panel-2859-1-1-0\" class=\"so-panel widget widget_sow-editor panel-first-child panel-last-child\" data-index=\"2\" ><div\n\t\t\t\n\t\t\tclass=\"so-widget-sow-editor so-widget-sow-editor-base\"\n\t\t\t\n\t\t>\n<div class=\"siteorigin-widget-tinymce textwidget\">\n\t<p><span style=\"color: #000000;\"><strong>Le 15 novembre 2019, \u00e0 20h.<\/strong><br \/>\nOuverture des portes \u00e0 19h45.<\/span><\/p>\n<p style=\"text-align: justify;\"><span style=\"color: #000000;\">Par L'1consolable<\/span><span style=\"color: #000000;\"><br \/>\n<\/span><\/p>\n<p style=\"text-align: justify;\"><span style=\"color: #000000;\"><span style=\"text-decoration: underline;\">DUR\u00c9E<\/span> : 1H <\/span><span style=\"color: #000000;\"><br \/>\n<span style=\"text-decoration: underline;\">\u00c2GE<\/span> : Tout public \u00e0 partir de 12 ans<\/span><\/p>\n<p style=\"text-align: justify;\"><span style=\"color: #000000;\"><em>Loin de se morfondre sur son sort, L\u20191consolable est celui qui refuse de se consoler de ce dont il n\u2019y a pas mati\u00e8re \u00e0 se consoler: le sort r\u00e9serv\u00e9 aux domin\u00e9-e-s par une organisation sociale capitaliste, raciste, sexiste et sp\u00e9ciste, pr\u00eate \u00e0 tout pour se perp\u00e9tuer et conserver ses privil\u00e8ges.<\/em><\/span><br \/>\n<span style=\"color: #000000;\">Le 15 Novembre 2019, un concert-medley vous donnera un aper\u00e7u d\u2019ensemble du rap de L\u20191consolable : de l\u2019album <em>Rap Games <\/em>o\u00f9 chaque chanson est en m\u00eame temps un jeu \u00e0 solutionner par l\u2019auditeur \u00e0 <em>L\u2019Augmentation<\/em>, fable musicale interactive o\u00f9 ce sont les choix de l\u2019auditeur qui, en fin de chaque chanson d\u00e9terminent ce qui se passe ensuite ainsi que la chanson qui va suivre, en passant par les adaptations rapp\u00e9es de Brassens et les chansons\/adjectifs qualificatifs de l\u2019autoportrait musical <em>L\u20191consolable est qualifi\u00e9<\/em>, v\u00e9ritable hommage musical rendu \u00e0 Nina Simone, l\u2019artiste explore des contr\u00e9es musicales vari\u00e9es et luxuriantes o\u00f9 il invite le public \u00e0 le suivre.<\/span><\/p>\n<p><a href=\"http:\/\/annexedutraindevie.com\/wp-content\/uploads\/2019\/08\/Dossier-presse-L1consolable-en-concert.pdf\">T\u00e9l\u00e9charger le Dossier de Presse<\/a><\/p>\n<\/div>\n<\/div><\/div><\/div><\/div><div id=\"pg-2859-2\"  class=\"panel-grid panel-no-style\" ><div id=\"pgc-2859-2-0\"  class=\"panel-grid-cell\" ><div id=\"panel-2859-2-0-0\" class=\"so-panel widget widget_sow-button panel-first-child panel-last-child\" data-index=\"3\" ><div\n\t\t\t\n\t\t\tclass=\"so-widget-sow-button so-widget-sow-button-atom-857739567c6a-2859\"\n\t\t\t\n\t\t><div class=\"ow-button-base ow-button-align-center\"\n>\n\t\t\t<a\n\t\t\t\t\thref=\"http:\/\/annexedutraindevie.com\/index.php\/reservation\/\"\n\t\t\t\t\tclass=\"sowb-button ow-icon-placement-left ow-button-hover\" \t>\n\t\t<span>\n\t\t\t<span class=\"sow-icon-ionicons\" data-sow-icon=\"&#xf373;\"\n\t\tstyle=\"color: #dd9933\" \n\t\taria-hidden=\"true\"><\/span>\n\t\t\tR\u00e9server\t\t<\/span>\n\t\t\t<\/a>\n\t<\/div>\n<\/div><\/div><\/div><\/div><div id=\"pg-2859-3\"  class=\"panel-grid panel-no-style\" ><div id=\"pgc-2859-3-0\"  class=\"panel-grid-cell\" ><div id=\"panel-2859-3-0-0\" class=\"so-panel widget widget_sow-editor panel-first-child panel-last-child\" data-index=\"4\" ><div\n\t\t\t\n\t\t\tclass=\"so-widget-sow-editor so-widget-sow-editor-base\"\n\t\t\t\n\t\t><h3 class=\"widget-title\">L\u20191consolable<\/h3>\n<div class=\"siteorigin-widget-tinymce textwidget\">\n\t<p style=\"text-align: justify;\"><span style=\"color: #000000;\">\u00c9criture &amp; Interpr\u00e9tation<\/span><br \/>\n<span style=\"color: #000000;\">Auteur, compositeur et interpr\u00e8te de ses morceaux, L\u20191consolable rappe, sur des breakbeats teint\u00e9s de jazz, de folk et de musiques du monde, la violence d\u2019une soci\u00e9t\u00e9 qui la pratique au quotidien tout en la pr\u00eatant \u00e0 ceux qui se retournent contre elle. Avec de nombreux concerts chaque ann\u00e9e en France, en Belgique ou encore en Suisse, et des premi\u00e8res parties telles que celles de Roc\u00e9 ou encore d\u2019Oxmo Puccino, L\u20191consolable a toujours consid\u00e9r\u00e9 la sc\u00e8ne comme un lieu de partage privil\u00e9gi\u00e9 de sa musique. C\u00f4t\u00e9 disques, il n\u2019est pas en reste : en 2011 sort <em>L\u20191consolable est pay\u00e9<\/em>, double-album compos\u00e9 de deux volumes, <em>L\u20191consolable est pay\u00e9 \u00e0 rien foutre<\/em> et <em>L\u20191consolable est pay\u00e9 \u00e0 foutre la merde<\/em>, articul\u00e9 autour des th\u00e8mes de la critique de la soci\u00e9t\u00e9 de consommation, des normes sociales qu\u2019elle impose et du travail ali\u00e9nant qu\u2019elle produit et promeut. S\u00e9lectionn\u00e9 dans le cadre du Grand Zebrock et d\u2019Evolu\u2019sons, il perfectionne son jeu de sc\u00e8ne, faisant peu \u00e0 peu \u00e9voluer son set vers une forme de \u00ab satire intimiste \u00bb. En 2014, c\u2019est au tour de <em>L\u20191consolable est pay\u00e9 \u00e0 leur dire d\u2019aller se faire foutre<\/em>, troisi\u00e8me et dernier volet de la trilogie <em>L\u20191consolable est pay\u00e9<\/em>, de voir le jour. La m\u00eame ann\u00e9e, il part \u00e0 la rencontre du public rural et collabore pour un spectacle de rue avec le collectif Random gr\u00e2ce \u00e0 une r\u00e9sidence de territoire avec la DRAC Midi-Pyr\u00e9n\u00e9es (32).<\/span><br \/>\n<span style=\"color: #000000;\">D\u00e9but 2015, L\u20191consolable scande ses chroniques rapp\u00e9es sur l\u2019actualit\u00e9 hebdomadaire au micro de Daniel Mermet dans l\u2019\u00e9mission <em>L\u00e0-bas si j\u2019y suis<\/em>. Au printemps de la m\u00eame ann\u00e9e, il publie 12 r\u00e9\u00e9critures rapp\u00e9es des chansons de Georges Brassens, du <em>Gorille<\/em> \u00e0 <em>La Mauvaise R\u00e9putation<\/em> en passant par <em>H\u00e9catombe<\/em>, opus sobrement intitul\u00e9 <em>L\u20191consolable rappe Brassens<\/em>. En 2016, L\u20191consolable sort sans aucun doute son projet le plus fou : <em>Rap Games<\/em> compte 15 chansons de rap qui sont par ailleurs autant de jeux \u00e0 solutionner par l\u2019auditeur, gr\u00e2ce \u00e0 un magazine illustr\u00e9 o\u00f9 figurent r\u00e8gles et solutions. Entendu dans toutes les sonos lors des manifestations contre la loi travail, L\u20191consolable poursuit sa r\u00e9flexion en musique, livrant en f\u00e9vrier 2018 <em>L\u2019Augmentation<\/em>, un album dont vous \u00eates le h\u00e9ros, fable musicale interactive de 49 titres<\/span><\/p>\n<\/div>\n<\/div><\/div><\/div><div id=\"pgc-2859-3-1\"  class=\"panel-grid-cell\" ><div id=\"panel-2859-3-1-0\" class=\"so-panel widget widget_sow-editor panel-first-child panel-last-child\" data-index=\"5\" ><div\n\t\t\t\n\t\t\tclass=\"so-widget-sow-editor so-widget-sow-editor-base\"\n\t\t\t\n\t\t>\n<div class=\"siteorigin-widget-tinymce textwidget\">\n\t<p><iframe loading=\"lazy\" width=\"560\" height=\"315\" src=\"https:\/\/www.youtube.com\/embed\/mRBd6ANgO-U\" frameborder=\"0\" allow=\"accelerometer; autoplay; encrypted-media; gyroscope; picture-in-picture\" allowfullscreen><\/iframe><br \/>\n<iframe loading=\"lazy\" width=\"560\" height=\"315\" src=\"https:\/\/www.youtube.com\/embed\/jgSIs0lNst4\" frameborder=\"0\" allow=\"accelerometer; autoplay; encrypted-media; gyroscope; picture-in-picture\" allowfullscreen><\/iframe><br \/>\n<iframe loading=\"lazy\" width=\"560\" height=\"315\" src=\"https:\/\/www.youtube.com\/embed\/EpTIBJnaoIQ\" frameborder=\"0\" allow=\"accelerometer; autoplay; encrypted-media; gyroscope; picture-in-picture\" allowfullscreen><\/iframe><\/p>\n<\/div>\n<\/div><\/div><\/div><\/div><\/div>","protected":false},"excerpt":{"rendered":"<p>Le 15 novembre 2019, \u00e0 20h. Ouverture des portes \u00e0 19h45. Par L&#8217;1consolable DUR\u00c9E : 1H \u00c2GE : Tout public \u00e0 partir de 12 ans Loin de se morfondre sur<span class=\"read-more-wrap\"><a class=\"moretag\" href=\"https:\/\/annexeromainville.com\/index.php\/l1consolable-en-concert\/\">Lire la suite<span class=\"screen-reader-text\">L&#8217;1consolable en Concert<\/span><\/a><\/span><\/p>\n","protected":false},"author":2,"featured_media":0,"parent":0,"menu_order":0,"comment_status":"closed","ping_status":"closed","template":"","meta":{"_bbp_topic_count":0,"_bbp_reply_count":0,"_bbp_total_topic_count":0,"_bbp_total_reply_count":0,"_bbp_voice_count":0,"_bbp_anonymous_reply_count":0,"_bbp_topic_count_hidden":0,"_bbp_reply_count_hidden":0,"_bbp_forum_subforum_count":0,"ngg_post_thumbnail":0},"_links":{"self":[{"href":"https:\/\/annexeromainville.com\/index.php\/wp-json\/wp\/v2\/pages\/2859"}],"collection":[{"href":"https:\/\/annexeromainville.com\/index.php\/wp-json\/wp\/v2\/pages"}],"about":[{"href":"https:\/\/annexeromainville.com\/index.php\/wp-json\/wp\/v2\/types\/page"}],"author":[{"embeddable":true,"href":"https:\/\/annexeromainville.com\/index.php\/wp-json\/wp\/v2\/users\/2"}],"replies":[{"embeddable":true,"href":"https:\/\/annexeromainville.com\/index.php\/wp-json\/wp\/v2\/comments?post=2859"}],"version-history":[{"count":6,"href":"https:\/\/annexeromainville.com\/index.php\/wp-json\/wp\/v2\/pages\/2859\/revisions"}],"predecessor-version":[{"id":3059,"href":"https:\/\/annexeromainville.com\/index.php\/wp-json\/wp\/v2\/pages\/2859\/revisions\/3059"}],"wp:attachment":[{"href":"https:\/\/annexeromainville.com\/index.php\/wp-json\/wp\/v2\/media?parent=2859"}],"curies":[{"name":"wp","href":"https:\/\/api.w.org\/{rel}","templated":true}]}}