{"id":2876,"date":"2019-08-30T11:08:23","date_gmt":"2019-08-30T10:08:23","guid":{"rendered":"http:\/\/annexedutraindevie.com\/?page_id=2876"},"modified":"2019-08-30T11:08:24","modified_gmt":"2019-08-30T10:08:24","slug":"christmas-carols-standards-du-great-american-songbook","status":"publish","type":"page","link":"https:\/\/annexeromainville.com\/index.php\/christmas-carols-standards-du-great-american-songbook\/","title":{"rendered":"CHRISTMAS CAROLS &#038; STANDARDS DU GREAT AMERICAN SONGBOOK"},"content":{"rendered":"<div id=\"pl-2876\"  class=\"panel-layout\" ><div id=\"pg-2876-0\"  class=\"panel-grid panel-no-style\" ><div id=\"pgc-2876-0-0\"  class=\"panel-grid-cell\" ><div id=\"panel-2876-0-0-0\" class=\"so-panel widget widget_sow-image panel-first-child panel-last-child\" data-index=\"0\" ><div\n\t\t\t\n\t\t\tclass=\"so-widget-sow-image so-widget-sow-image-default-c67d20f9f743-2876\"\n\t\t\t\n\t\t>\n<div class=\"sow-image-container\">\n\t\t<img \n\tsrc=\"https:\/\/annexeromainville.com\/wp-content\/uploads\/2019\/01\/Les-Cabarets.jpg\" width=\"496\" height=\"76\" srcset=\"https:\/\/annexeromainville.com\/wp-content\/uploads\/2019\/01\/Les-Cabarets.jpg 496w, https:\/\/annexeromainville.com\/wp-content\/uploads\/2019\/01\/Les-Cabarets-300x46.jpg 300w\" sizes=\"(max-width: 496px) 100vw, 496px\" title=\"Les Cabarets\" alt=\"\" loading=\"lazy\" \t\tclass=\"so-widget-image\"\/>\n\t<\/div>\n\n<\/div><\/div><\/div><\/div><div id=\"pg-2876-1\"  class=\"panel-grid panel-no-style\" ><div id=\"pgc-2876-1-0\"  class=\"panel-grid-cell\" ><div id=\"panel-2876-1-0-0\" class=\"so-panel widget widget_sow-image panel-first-child panel-last-child\" data-index=\"1\" ><div\n\t\t\t\n\t\t\tclass=\"so-widget-sow-image so-widget-sow-image-default-8b5b6f678277-2876\"\n\t\t\t\n\t\t>\n<div class=\"sow-image-container\">\n\t\t<img \n\tsrc=\"https:\/\/annexeromainville.com\/wp-content\/uploads\/2019\/08\/9.01-08052018-9-DSC_0023-2.jpg\" width=\"2048\" height=\"1356\" srcset=\"https:\/\/annexeromainville.com\/wp-content\/uploads\/2019\/08\/9.01-08052018-9-DSC_0023-2.jpg 2048w, https:\/\/annexeromainville.com\/wp-content\/uploads\/2019\/08\/9.01-08052018-9-DSC_0023-2-300x199.jpg 300w, https:\/\/annexeromainville.com\/wp-content\/uploads\/2019\/08\/9.01-08052018-9-DSC_0023-2-768x509.jpg 768w, https:\/\/annexeromainville.com\/wp-content\/uploads\/2019\/08\/9.01-08052018-9-DSC_0023-2-1024x678.jpg 1024w\" sizes=\"(max-width: 2048px) 100vw, 2048px\" alt=\"\" loading=\"lazy\" \t\tclass=\"so-widget-image\"\/>\n\t<\/div>\n\n<\/div><\/div><\/div><div id=\"pgc-2876-1-1\"  class=\"panel-grid-cell\" ><div id=\"panel-2876-1-1-0\" class=\"so-panel widget widget_sow-editor panel-first-child panel-last-child\" data-index=\"2\" ><div\n\t\t\t\n\t\t\tclass=\"so-widget-sow-editor so-widget-sow-editor-base\"\n\t\t\t\n\t\t>\n<div class=\"siteorigin-widget-tinymce textwidget\">\n\t<p><span style=\"color: #000000;\"><strong>Le 14 D\u00e9cembre 2019, \u00e0 20h.<\/strong><br \/>\nOuverture des portes \u00e0 19h45.<\/span><\/p>\n<p style=\"text-align: justify;\"><span style=\"color: #000000;\">Avec <strong>Matthieu Bor\u00e9<\/strong>, <strong>Gerard McFadden<\/strong>, <strong>Hanna Zribi<\/strong>, <strong>Annabelle Gouache <\/strong><\/span><span style=\"color: #000000;\"><br \/>\nCompositeur(s) : <strong>Christmas Carols<\/strong> &amp; <strong>Jazz Standards<\/strong><br \/>\n<\/span><\/p>\n<p style=\"text-align: justify;\"><span style=\"color: #000000;\"><span style=\"text-decoration: underline;\">DUR\u00c9E<\/span> : 1H15 <\/span><span style=\"color: #000000;\"><br \/>\n<span style=\"text-decoration: underline;\">\u00c2GE<\/span> : Tout public<br \/>\n<\/span><\/p>\n<p style=\"text-align: justify;\"><span style=\"color: #000000;\">Pour nous accompagner ce 14 d\u00e9cembre, nous accueillerons le plus am\u00e9ricain des french crooners, l\u2019excellent Matthieu Bor\u00e9, qui fera r\u00e9sonner avec son quartet les grands standards de No\u00ebl revisit\u00e9 \u00e0 la sauce Jazzy ! Au programme, un<em> Let It Snow<\/em> tr\u00e8s swingant, un <em>Jingle Bells<\/em> joyeux et tr\u00e9pidant ou encore l\u2019intemporel <em>White Christmas<\/em> \u2026 tous ces succ\u00e8s qui font le charme des crooners des ann\u00e9es 50 jusques \u00e0 nos jours. <\/span><\/p>\n<p><a href=\"http:\/\/annexedutraindevie.com\/wp-content\/uploads\/2019\/08\/Dossier-presse-Cabaret-Matthieu-Bor\u00e9.pdf\">T\u00e9l\u00e9charger le Dossier de Presse<\/a><\/p>\n<\/div>\n<\/div><\/div><\/div><\/div><div id=\"pg-2876-2\"  class=\"panel-grid panel-no-style\" ><div id=\"pgc-2876-2-0\"  class=\"panel-grid-cell\" ><div id=\"panel-2876-2-0-0\" class=\"so-panel widget widget_sow-button panel-first-child panel-last-child\" data-index=\"3\" ><div\n\t\t\t\n\t\t\tclass=\"so-widget-sow-button so-widget-sow-button-atom-857739567c6a-2876\"\n\t\t\t\n\t\t><div class=\"ow-button-base ow-button-align-center\"\n>\n\t\t\t<a\n\t\t\t\t\thref=\"http:\/\/annexedutraindevie.com\/index.php\/reservation\/\"\n\t\t\t\t\tclass=\"sowb-button ow-icon-placement-left ow-button-hover\" \t>\n\t\t<span>\n\t\t\t<span class=\"sow-icon-ionicons\" data-sow-icon=\"&#xf373;\"\n\t\tstyle=\"color: #dd9933\" \n\t\taria-hidden=\"true\"><\/span>\n\t\t\tR\u00e9server\t\t<\/span>\n\t\t\t<\/a>\n\t<\/div>\n<\/div><\/div><\/div><\/div><div id=\"pg-2876-3\"  class=\"panel-grid panel-no-style\" ><div id=\"pgc-2876-3-0\"  class=\"panel-grid-cell\" ><div id=\"panel-2876-3-0-0\" class=\"so-panel widget widget_sow-editor panel-first-child panel-last-child\" data-index=\"4\" ><div\n\t\t\t\n\t\t\tclass=\"so-widget-sow-editor so-widget-sow-editor-base\"\n\t\t\t\n\t\t><h3 class=\"widget-title\">Matthieu Bor\u00e9<\/h3>\n<div class=\"siteorigin-widget-tinymce textwidget\">\n\t<p style=\"text-align: justify;\"><span style=\"color: #000000;\">Chant, Piano<br \/>\nMusicien \u00e9clectique, le pianiste et chanteur Matthieu Bor\u00e9 aborde le rock et le trip-hop avant de trouver son style de crooner jazz dans les albums <em>Sometimes On My Own<\/em> en 2007 et <em>FriZZante !<\/em>! en 2009. N\u00e9 le 29 juin 1971, le Parisien Matthieu Bor\u00e9 apprend les rudiments du piano a l\u2019\u00e2ge de sept ans, et fait ses \u00e9tudes au lyc\u00e9e international de Ferney-Voltaire. Du rock au jazz: Dot\u00e9 de gouts musicaux \u00e9clectiques, il m\u00e8ne successivement les groupes rock Mister Puntila (tirant son nom d\u2019une pi\u00e8ce de Bertolt Brecht) et Shortking avant de se tourner vers le trip-hop avec Arsenal dans les ann\u00e9es 1990. A l\u2019aube de la d\u00e9cennie suivante, il change de r\u00e9pertoire et se produit dans les clubs jazz de la capitale tels que le Bilboquet ou le Caveau de la Huchette. En 2001, Matthieu Bor\u00e9 publie son premier album solo sur le label Night &amp; Day. <em>Fats Domino\u2019s True Spirit<\/em> est consacr\u00e9 aux classiques du pianiste louisianais. Il est suivi deux ans plus tard de l\u2019album <em>Doo-Wop<\/em> (Djaz Records), qui revisite les standards du style des groupes vocaux am\u00e9ricains des ann\u00e9es cinquante. Le jeune pianiste fait alors le tour des festivals, de Juan-les-Pins \u00e0 Marciac. L\u2019album suivant, <em>Sometimes On My Own<\/em> (2007) d\u00e9voile une autre facette du musicien, plus jazzy et intimiste, \u00e0 la fa\u00e7on des chanteurs de l\u2019\u00e8re swing. Il reprend quelques grands classiques du jazz comme <em>Just a Gigolo<\/em>, <em>The Way You Look Tonight<\/em> ou <em>Georgia On My Mind<\/em>, pr\u00e9sents sur diverses compilations. En 2009, <em>FriZZante!!<\/em> (Bonsai Music) capte l\u2019attention avec des reprises et des compositions personnelles. L\u2019album est enregistr\u00e9 en Italie avec le concours de Ferrucio Spinetti (Musica Nuda), Francesco Petreni et le GnuQuartet. Suivent de nombreux concerts (Festival de Montreal, New Morning, Olympia) et un disque <em>Live au Duc des Lombards<\/em>. En 2012 sort <em>Roots<\/em>, un cocktail aussi surprenant que s\u00e9duisant: une solide dose de funk n\u00e9o-orl\u00e9anais dans lequel Matthieu Bor\u00e9 puise sa nonchalance, une pr\u00e9dilection pour les sonorit\u00e9s acoustiques et une pinc\u00e9e de tubes d\u00e9cal\u00e9s. Son dernier album studio, <em>Naked Songs<\/em> (2015), est produit par Leo Sidran. <\/span><\/p>\n<\/div>\n<\/div><\/div><\/div><div id=\"pgc-2876-3-1\"  class=\"panel-grid-cell\" ><div id=\"panel-2876-3-1-0\" class=\"so-panel widget widget_sow-editor panel-first-child panel-last-child\" data-index=\"5\" ><div\n\t\t\t\n\t\t\tclass=\"so-widget-sow-editor so-widget-sow-editor-base\"\n\t\t\t\n\t\t><h3 class=\"widget-title\">Annabelle Gouache<\/h3>\n<div class=\"siteorigin-widget-tinymce textwidget\">\n\t<p style=\"text-align: justify;\"><span style=\"color: #000000;\">Violonccelle<\/span><br \/>\n<span style=\"color: #000000;\">Annabelle Gouache est dipl\u00f4m\u00e9e du Conservatoire National Sup\u00e9rieur de Musique et de Danse de Lyon, o\u00f9 elle \u00e9tudie le violoncelle jusqu\u2019en 2016 aupr\u00e8s d\u2019Anne Gastinel, Emmanuelle Bertrand et Edouard Sapey-Triomphe. Passionn\u00e9e par l\u2019orchestre, elle int\u00e8gre l\u2019Acad\u00e9mie de l\u2019Op\u00e9ra de Paris, pour les saisons 2016-2017 et 2017-2018. Elle y joue r\u00e9guli\u00e8rement sous la direction de chefs renomm\u00e9s tels Philippe Jordan, Gustavo Dudamel, Fabio Luisi, Ricardo Frizza, Mikhail Tatarnikov et Edward Gardner, dans les mythiques salles de l\u2019Op\u00e9ra Bastille et du Palais Garnier. Elle a \u00e9galement jou\u00e9 au sein de l\u2019Orchestre de Chambre de Paris, l\u2019Orchestre National de Lyon, l\u2019Orchestre Dijon Bourgogne, ainsi que dans l\u2019Orchestre Fran\u00e7ais des Jeunes. En plus de sa pratique orchestrale, Annabelle Gouache se produit r\u00e9guli\u00e8rement sur la sc\u00e8ne de l\u2019Amphith\u00e9\u00e2tre de l\u2019Op\u00e9ra Bastille avec ses coll\u00e8gues instrumentistes et chanteurs de l\u2019Acad\u00e9mie de l\u2019Op\u00e9ra de Paris, dans des formations vari\u00e9es : trio avec piano, quatuor avec piano, quatuor \u00e0 cordes, quintette avec piano, quintette \u00e0 cordes...Conjointement, elle s\u2019investit dans divers projets musicaux au sein du Trio Fauve (accord\u00e9on-violon-violoncelle), qu\u2019elle a fond\u00e9 avec deux amis. Dans cette formation, elle collabore r\u00e9guli\u00e8rement avec la chanteuse Ang\u00e8le Chemin. Actuellement, elle enseigne aussi le violoncelle au Conservatoire du XIII\u00e8me arrondissement de Paris.<\/span><\/p>\n<\/div>\n<\/div><\/div><\/div><\/div><div id=\"pg-2876-4\"  class=\"panel-grid panel-no-style\" ><div id=\"pgc-2876-4-0\"  class=\"panel-grid-cell\" ><div id=\"panel-2876-4-0-0\" class=\"so-panel widget widget_sow-editor panel-first-child panel-last-child\" data-index=\"6\" ><div\n\t\t\t\n\t\t\tclass=\"so-widget-sow-editor so-widget-sow-editor-base\"\n\t\t\t\n\t\t><h3 class=\"widget-title\">Hanna ZRIBI<\/h3>\n<div class=\"siteorigin-widget-tinymce textwidget\">\n\t<p style=\"text-align: justify;\"><span style=\"color: #000000;\">Violon<br \/>\nN\u00e9e en 1991, Hanna Zribi d\u00e9bute le violon \u00e0 l\u2019\u00e2ge de sept ans \u00e0 l\u2019\u00e9cole <em>Le Violon d\u2019Ingres <\/em>avec Isabelle Caillard, puis rejoint la classe de Sophie Pradel au Conservatoire municipal du XII\u00e8me arrondissement de Paris o\u00f9 elle obtient en 2009 son D.E.M. en violon et en formation musicale. Re\u00e7ue \u00e0 l\u2019unanimit\u00e9 en 2011 au CNSMD de Lyon o\u00f9 elle \u00e9tudie jusqu\u2019en 2016 dans la classe de Marianne Piketty, Dominique Lonca et Manuel Solans, elle est titulaire du DNSPM, d\u2019une licence de musicologie de l\u2019Universit\u00e9 Lyon 2, ainsi que d\u2019un Master de Violon. Passionn\u00e9e par la musique de chambre, elle est membre fondateur du Quatuor Arethusa avec lequel elle b\u00e9n\u00e9ficie de la formation du Quatuor Debussy au C.R.R. de Lyon de 2014 \u00e0 2016. Elle est depuis septembre 2016 violoniste en r\u00e9sidence \u00e0 l\u2019Acad\u00e9mie de l\u2019Op\u00e9ra National de Paris et assure des remplacements au sein de l\u2019Orchestre National de France.<\/span><\/p>\n<\/div>\n<\/div><\/div><\/div><div id=\"pgc-2876-4-1\"  class=\"panel-grid-cell\" ><div id=\"panel-2876-4-1-0\" class=\"so-panel widget widget_sow-editor panel-first-child panel-last-child\" data-index=\"7\" ><div\n\t\t\t\n\t\t\tclass=\"so-widget-sow-editor so-widget-sow-editor-base\"\n\t\t\t\n\t\t><h3 class=\"widget-title\">Gerard McFadden<\/h3>\n<div class=\"siteorigin-widget-tinymce textwidget\">\n\t<p style=\"text-align: justify;\"><span style=\"color: #000000;\">Contrebasse<\/span><br \/>\n<span style=\"color: #000000;\">N\u00e9 \u00e0 Brisbane, en Australie, Gerard McFadden commence l\u2019\u00e9tude du piano \u00e0 l\u2019\u00e2ge de neuf ans, avant de se tourner vers la contrebasse, six ans plus tard. Il \u00e9tudie avec Joel Gregory et Dusan Walkowicz, membre de la Queensland Symphony Orchestra. Il entre ensuite au Conservatoire du Queensland, dans la classe de Michael Morgan, ancien premier contrebasse du Metropolitan Opera de New York et du Seattle Symphony Orchestra. Au cours de ses \u00e9tudes, il se produit r\u00e9guli\u00e8rement avec l\u2019Orchestre symphonique de Queensland et \u00e9tudie \u00e9galement avec John Fardon, contrebasse solo de l\u2019orchestre. \u00c0 la fin de ses \u00e9tudes, il re\u00e7oit la m\u00e9daille de l\u2019Universit\u00e9 Griffith et la m\u00e9daille du Conservatoire. En 2015, il entre au Conservatoire \u00e0 Rayonnement R\u00e9gional de Saint-Maur et en 2015, il int\u00e8gre, en Master, la classe de Thierry Barb\u00e9 au Conservatoire national sup\u00e9rieur de musique et de danse de Paris. Gerard est \u00e9galement un bassiste de jazz accompli et joue r\u00e9guli\u00e8rement aux c\u00f4t\u00e9s de Gretchen Parlato, Barney McCall, Mike Knock, Mike Moreno, John Betsch, Will Vinson et Jacam Manricks. Pendant la saison 2016 \/ 2017, il est en r\u00e9sidence \u00e0 l\u2019Acad\u00e9mie de l\u2019Op\u00e9ra national de Paris.<\/span><\/p>\n<\/div>\n<\/div><\/div><\/div><\/div><\/div>","protected":false},"excerpt":{"rendered":"<p>Le 14 D\u00e9cembre 2019, \u00e0 20h. Ouverture des portes \u00e0 19h45. Avec Matthieu Bor\u00e9, Gerard McFadden, Hanna Zribi, Annabelle Gouache Compositeur(s) : Christmas Carols &amp; Jazz Standards DUR\u00c9E : 1H15<span class=\"read-more-wrap\"><a class=\"moretag\" href=\"https:\/\/annexeromainville.com\/index.php\/christmas-carols-standards-du-great-american-songbook\/\">Lire la suite<span class=\"screen-reader-text\">CHRISTMAS CAROLS &#038; STANDARDS DU GREAT AMERICAN SONGBOOK<\/span><\/a><\/span><\/p>\n","protected":false},"author":2,"featured_media":0,"parent":0,"menu_order":0,"comment_status":"closed","ping_status":"closed","template":"","meta":{"_bbp_topic_count":0,"_bbp_reply_count":0,"_bbp_total_topic_count":0,"_bbp_total_reply_count":0,"_bbp_voice_count":0,"_bbp_anonymous_reply_count":0,"_bbp_topic_count_hidden":0,"_bbp_reply_count_hidden":0,"_bbp_forum_subforum_count":0,"ngg_post_thumbnail":0},"_links":{"self":[{"href":"https:\/\/annexeromainville.com\/index.php\/wp-json\/wp\/v2\/pages\/2876"}],"collection":[{"href":"https:\/\/annexeromainville.com\/index.php\/wp-json\/wp\/v2\/pages"}],"about":[{"href":"https:\/\/annexeromainville.com\/index.php\/wp-json\/wp\/v2\/types\/page"}],"author":[{"embeddable":true,"href":"https:\/\/annexeromainville.com\/index.php\/wp-json\/wp\/v2\/users\/2"}],"replies":[{"embeddable":true,"href":"https:\/\/annexeromainville.com\/index.php\/wp-json\/wp\/v2\/comments?post=2876"}],"version-history":[{"count":2,"href":"https:\/\/annexeromainville.com\/index.php\/wp-json\/wp\/v2\/pages\/2876\/revisions"}],"predecessor-version":[{"id":2885,"href":"https:\/\/annexeromainville.com\/index.php\/wp-json\/wp\/v2\/pages\/2876\/revisions\/2885"}],"wp:attachment":[{"href":"https:\/\/annexeromainville.com\/index.php\/wp-json\/wp\/v2\/media?parent=2876"}],"curies":[{"name":"wp","href":"https:\/\/api.w.org\/{rel}","templated":true}]}}