{"id":2887,"date":"2019-08-30T12:01:38","date_gmt":"2019-08-30T11:01:38","guid":{"rendered":"http:\/\/annexedutraindevie.com\/?page_id=2887"},"modified":"2020-08-12T11:52:27","modified_gmt":"2020-08-12T10:52:27","slug":"atelier-portraits-etranges","status":"publish","type":"page","link":"https:\/\/annexeromainville.com\/index.php\/atelier-portraits-etranges\/","title":{"rendered":"Atelier Portraits Etranges"},"content":{"rendered":"<div id=\"pl-2887\"  class=\"panel-layout\" ><div id=\"pg-2887-0\"  class=\"panel-grid panel-no-style\" ><div id=\"pgc-2887-0-0\"  class=\"panel-grid-cell\" ><div id=\"panel-2887-0-0-0\" class=\"so-panel widget widget_sow-image panel-first-child panel-last-child\" data-index=\"0\" ><div\n\t\t\t\n\t\t\tclass=\"so-widget-sow-image so-widget-sow-image-default-c67d20f9f743-2887\"\n\t\t\t\n\t\t>\n<div class=\"sow-image-container\">\n\t\t<img \n\tsrc=\"https:\/\/annexeromainville.com\/wp-content\/uploads\/2019\/08\/Bandeau-Portraits-etrange-Automne-2019-768x402.png\" width=\"730\" height=\"382\" srcset=\"https:\/\/annexeromainville.com\/wp-content\/uploads\/2019\/08\/Bandeau-Portraits-etrange-Automne-2019-768x402.png 768w, https:\/\/annexeromainville.com\/wp-content\/uploads\/2019\/08\/Bandeau-Portraits-etrange-Automne-2019-300x157.png 300w, https:\/\/annexeromainville.com\/wp-content\/uploads\/2019\/08\/Bandeau-Portraits-etrange-Automne-2019-1024x536.png 1024w, https:\/\/annexeromainville.com\/wp-content\/uploads\/2019\/08\/Bandeau-Portraits-etrange-Automne-2019.png 1200w\" sizes=\"(max-width: 730px) 100vw, 730px\" title=\"Bandeau Portraits etrange Automne 2019\" alt=\"\" loading=\"lazy\" \t\tclass=\"so-widget-image\"\/>\n\t<\/div>\n\n<\/div><\/div><\/div><\/div><div id=\"pg-2887-1\"  class=\"panel-grid panel-no-style\" ><div id=\"pgc-2887-1-0\"  class=\"panel-grid-cell\" ><div id=\"panel-2887-1-0-0\" class=\"so-panel widget widget_sow-image panel-first-child panel-last-child\" data-index=\"1\" ><div\n\t\t\t\n\t\t\tclass=\"so-widget-sow-image so-widget-sow-image-default-89f16426b92c-2887\"\n\t\t\t\n\t\t>\n<div class=\"sow-image-container\">\n\t\t<img \n\tsrc=\"https:\/\/annexeromainville.com\/wp-content\/uploads\/2019\/08\/virginie_portrait_bis-small480.jpg\" width=\"388\" height=\"480\" srcset=\"https:\/\/annexeromainville.com\/wp-content\/uploads\/2019\/08\/virginie_portrait_bis-small480.jpg 388w, https:\/\/annexeromainville.com\/wp-content\/uploads\/2019\/08\/virginie_portrait_bis-small480-243x300.jpg 243w\" sizes=\"(max-width: 388px) 100vw, 388px\" title=\"Cr\u00e9dit Photo : St\u00e9phane Lavou\u00e9\" alt=\"\" loading=\"lazy\" \t\tclass=\"so-widget-image\"\/>\n\t<\/div>\n\n<\/div><\/div><\/div><div id=\"pgc-2887-1-1\"  class=\"panel-grid-cell\" ><div id=\"panel-2887-1-1-0\" class=\"so-panel widget widget_sow-editor panel-first-child panel-last-child\" data-index=\"2\" ><div\n\t\t\t\n\t\t\tclass=\"so-widget-sow-editor so-widget-sow-editor-base\"\n\t\t\t\n\t\t>\n<div class=\"siteorigin-widget-tinymce textwidget\">\n\t<p style=\"text-align: justify;\"><span style=\"color: #000000;\"><strong>De Septembre 2019 \u00e0 D\u00e9cembre 2020.<\/strong><\/span><\/p>\n<p><span style=\"text-decoration: underline;\">Prochains Ateliers<\/span> :<\/p>\n<div>Les samedis 12,19 septembre de 15h \u00e0 18h et le dimanche 27 septembre de 15h \u00e0 18h.<\/div>\n<div>Le 3 Octobre de&nbsp;15 heures \u00e0 18 heures.<\/div>\n<div>Le samedi 5 d\u00e9cembre de 15h \u00e0 18h.<\/div>\n<div>Le lundi 7 d\u00e9cembre 18h30 \u00e0 21h30.<\/div>\n<div><strong>Restitution le samedi 19 d\u00e9cembre \u00e0 20h<\/strong><\/div>\n<p style=\"text-align: justify;\"><span style=\"color: #000000;\">Dans le cadre d'une r\u00e9sidence d'\u00e9criture \u00e0 L'Annexe, financ\u00e9e par la R\u00e9gion \u00cele-de-France, Virginie Barreteau propose un atelier d'\u00e9criture sur le Portrait Th\u00e9\u00e2trale.<\/span><br \/>\n<span style=\"color: #000000;\">Participez \u00e0 cet atelier et aux recherches de l'autrice, tout en vous initiant \u00e0 l'\u00e9criture.<\/span><\/p>\n<p style=\"text-align: justify;\"><span style=\"color: #000000;\">Cet atelier, doit permettre \u00e0 chacun de s\u2019initier \u00e0 l\u2019\u00e9criture et de vivre une exp\u00e9rience de cr\u00e9ation. Il s\u2019agira de mettre en mots des rencontres que nous organiserons avec des habitants des environs. Chacun choisira un personnage singulier qui l\u2019intrigue mais qui ne lui est pas familier. Par exemple une commer\u00e7ante pr\u00e8s de chez soi, un p\u00e8re de famille d\u00e9bord\u00e9 \u00e0 l\u2019\u00e9cole, une vieille dame taciturne toujours assise sur le m\u00eame banc, un inconnu dans la rue, son voisin de palier \u00e0 qui l\u2019on n\u2019a jamais vraiment parl\u00e9. \u00c0 partir de ces rencontres (deux ou trois s\u00e9quences d\u2019entretiens), chaque participant composera un portrait \u00e9crit destin\u00e9 \u00e0 \u00eatre lu ou mis en sc\u00e8ne. La totalit\u00e9 de ces textes sera pr\u00e9sent\u00e9e au public par une \u00e9quipe de com\u00e9diens au mois de juin. Les r\u00e9flexions engag\u00e9es autour du portrait se prolongeront tout au long de l\u2019ann\u00e9e gr\u00e2ce \u00e0 des rencontres publiques organis\u00e9es avec d\u2019autres artistes (auteurs, photographes, ou peintres).<\/span><\/p>\n<p style=\"text-align: justify;\"><span style=\"color: #000000;\">-10 personnes maximum<\/span><br \/>\n<span style=\"color: #000000;\">- 1 atelier par mois, de 3 heures et 2 stages de 2 jours dans l\u2019ann\u00e9e.<\/span><br \/>\n<span style=\"color: #000000;\">- Ateliers gratuits (sauf adh\u00e9sion Annexe : 20\u20ac pour l\u2019ann\u00e9e) et accessibles \u00e0 tout public adulte<\/span><br \/>\n<span style=\"color: #000000;\">- Les participants s\u2019engagent \u00e0 suivre les ateliers sur l\u2019ensemble de l\u2019ann\u00e9e (d\u2019octobre 2019 \u00e0 d\u00e9cembre 2020)<\/span><br \/>\n<span style=\"color: #000000;\">- Une r\u00e9union a eu lieu le 19 septembre 2019 \u00e0 l\u2019Annexe pour une premi\u00e8re prise de contact (d\u00e9roulement de l\u2019atelier, calendrier, questions diverses, etc).<\/span><\/p>\n<\/div>\n<\/div><\/div><\/div><\/div><div id=\"pg-2887-2\"  class=\"panel-grid panel-no-style\" ><div id=\"pgc-2887-2-0\"  class=\"panel-grid-cell panel-grid-cell-mobile-last\" ><div id=\"panel-2887-2-0-0\" class=\"so-panel widget widget_sow-editor panel-first-child panel-last-child\" data-index=\"3\" ><div\n\t\t\t\n\t\t\tclass=\"so-widget-sow-editor so-widget-sow-editor-base\"\n\t\t\t\n\t\t><h3 class=\"widget-title\">Virginie Barreteau<\/h3>\n<div class=\"siteorigin-widget-tinymce textwidget\">\n\t<p style=\"text-align: justify;\"><span style=\"color: #000000;\">Autrice, metteuse en sc\u00e8ne et com\u00e9dienne.<br \/>\nForm\u00e9e au Conservatoire National de R\u00e9gion de Bordeaux puis \u00e0 l\u2019Atelier Volant au Th\u00e9\u00e2tre National de Toulouse, elle joue sous la direction de Jacques Nichet, J\u00e9r\u00f4me Hankins, Richard Mitou\u2026 Elle travaille r\u00e9guli\u00e8rement en tant que com\u00e9dienne et\/ou collaboratrice \u00e0 la mise en sc\u00e8ne avec la Cie Tire pas la Nappe (Marion Aubert\/ Marion Guerrero), plus r\u00e9cemment avec Scali Delpeyrat, Etienne Pommeret et Charlotte Filou.<br \/>\nElle reprend des \u00e9tudes en 2017 et obtient un master 2 de dramaturgie et mise en sc\u00e8ne \u00e0 Paris X.<br \/>\nEdit\u00e9e chez Quartett, elle \u00e9crit une dizaine de pi\u00e8ces dont \u201c<em>Le Crachoir<\/em>\u201d, \u201c<em>La Geste des Endormis<\/em>\u201d, \u201c<em>La Centrale<\/em>\", \u201c<em>Hinterland<\/em>\u201d, \u201c<em>Plage<\/em>\u201d.<br \/>\nElle met en sc\u00e8ne ses pi\u00e8ces qui se jouent \u00e0 La Loge Th\u00e9\u00e2tre, au Glob Th\u00e9\u00e2tre (Bordeaux) et en r\u00e9gion Aquitaine, et intervient r\u00e9guli\u00e8rement en tant que p\u00e9dagogue pour des ateliers et des stages de th\u00e9\u00e2tre et d\u2019\u00e9criture.<br \/>\n<\/span><\/p>\n<\/div>\n<\/div><\/div><\/div><div id=\"pgc-2887-2-1\"  class=\"panel-grid-cell panel-grid-cell-empty\" ><\/div><\/div><\/div>","protected":false},"excerpt":{"rendered":"<p>De Septembre 2019 \u00e0 D\u00e9cembre 2020. Prochains Ateliers : Les samedis 12,19 septembre de 15h \u00e0 18h et le dimanche 27 septembre de 15h \u00e0 18h. Le 3 Octobre de&nbsp;15<span class=\"read-more-wrap\"><a class=\"moretag\" href=\"https:\/\/annexeromainville.com\/index.php\/atelier-portraits-etranges\/\">Lire la suite<span class=\"screen-reader-text\">Atelier Portraits Etranges<\/span><\/a><\/span><\/p>\n","protected":false},"author":2,"featured_media":0,"parent":0,"menu_order":0,"comment_status":"closed","ping_status":"closed","template":"","meta":{"_bbp_topic_count":0,"_bbp_reply_count":0,"_bbp_total_topic_count":0,"_bbp_total_reply_count":0,"_bbp_voice_count":0,"_bbp_anonymous_reply_count":0,"_bbp_topic_count_hidden":0,"_bbp_reply_count_hidden":0,"_bbp_forum_subforum_count":0,"ngg_post_thumbnail":0},"_links":{"self":[{"href":"https:\/\/annexeromainville.com\/index.php\/wp-json\/wp\/v2\/pages\/2887"}],"collection":[{"href":"https:\/\/annexeromainville.com\/index.php\/wp-json\/wp\/v2\/pages"}],"about":[{"href":"https:\/\/annexeromainville.com\/index.php\/wp-json\/wp\/v2\/types\/page"}],"author":[{"embeddable":true,"href":"https:\/\/annexeromainville.com\/index.php\/wp-json\/wp\/v2\/users\/2"}],"replies":[{"embeddable":true,"href":"https:\/\/annexeromainville.com\/index.php\/wp-json\/wp\/v2\/comments?post=2887"}],"version-history":[{"count":13,"href":"https:\/\/annexeromainville.com\/index.php\/wp-json\/wp\/v2\/pages\/2887\/revisions"}],"predecessor-version":[{"id":3780,"href":"https:\/\/annexeromainville.com\/index.php\/wp-json\/wp\/v2\/pages\/2887\/revisions\/3780"}],"wp:attachment":[{"href":"https:\/\/annexeromainville.com\/index.php\/wp-json\/wp\/v2\/media?parent=2887"}],"curies":[{"name":"wp","href":"https:\/\/api.w.org\/{rel}","templated":true}]}}