{"id":2902,"date":"2019-08-30T13:22:26","date_gmt":"2019-08-30T12:22:26","guid":{"rendered":"http:\/\/annexedutraindevie.com\/?page_id=2902"},"modified":"2020-08-28T15:12:14","modified_gmt":"2020-08-28T14:12:14","slug":"stage-marionnette-sac","status":"publish","type":"page","link":"https:\/\/annexeromainville.com\/index.php\/stage-marionnette-sac\/","title":{"rendered":"Stage Marionnette Sac"},"content":{"rendered":"<div id=\"pl-2902\"  class=\"panel-layout\" ><div id=\"pg-2902-0\"  class=\"panel-grid panel-no-style\" ><div id=\"pgc-2902-0-0\"  class=\"panel-grid-cell\" ><div id=\"panel-2902-0-0-0\" class=\"so-panel widget widget_sow-image panel-first-child panel-last-child\" data-index=\"0\" ><div\n\t\t\t\n\t\t\tclass=\"so-widget-sow-image so-widget-sow-image-default-c67d20f9f743-2902\"\n\t\t\t\n\t\t>\n<div class=\"sow-image-container\">\n\t\t<img \n\tsrc=\"https:\/\/annexeromainville.com\/wp-content\/uploads\/2019\/07\/ateliers-de-lAnnexe-1.jpg\" width=\"1060\" height=\"144\" srcset=\"https:\/\/annexeromainville.com\/wp-content\/uploads\/2019\/07\/ateliers-de-lAnnexe-1.jpg 1060w, https:\/\/annexeromainville.com\/wp-content\/uploads\/2019\/07\/ateliers-de-lAnnexe-1-300x41.jpg 300w, https:\/\/annexeromainville.com\/wp-content\/uploads\/2019\/07\/ateliers-de-lAnnexe-1-768x104.jpg 768w, https:\/\/annexeromainville.com\/wp-content\/uploads\/2019\/07\/ateliers-de-lAnnexe-1-1024x139.jpg 1024w\" sizes=\"(max-width: 1060px) 100vw, 1060px\" title=\"ateliers de l&#8217;Annexe\" alt=\"\" loading=\"lazy\" \t\tclass=\"so-widget-image\"\/>\n\t<\/div>\n\n<\/div><\/div><\/div><\/div><div id=\"pg-2902-1\"  class=\"panel-grid panel-no-style\" ><div id=\"pgc-2902-1-0\"  class=\"panel-grid-cell\" ><div id=\"panel-2902-1-0-0\" class=\"so-panel widget widget_sow-image panel-first-child panel-last-child\" data-index=\"1\" ><div\n\t\t\t\n\t\t\tclass=\"so-widget-sow-image so-widget-sow-image-default-89f16426b92c-2902\"\n\t\t\t\n\t\t>\n<div class=\"sow-image-container\">\n\t\t<img \n\tsrc=\"https:\/\/annexeromainville.com\/wp-content\/uploads\/2019\/08\/visuel-marionnette-sac.jpg\" width=\"1200\" height=\"799\" srcset=\"https:\/\/annexeromainville.com\/wp-content\/uploads\/2019\/08\/visuel-marionnette-sac.jpg 1200w, https:\/\/annexeromainville.com\/wp-content\/uploads\/2019\/08\/visuel-marionnette-sac-300x200.jpg 300w, https:\/\/annexeromainville.com\/wp-content\/uploads\/2019\/08\/visuel-marionnette-sac-768x511.jpg 768w, https:\/\/annexeromainville.com\/wp-content\/uploads\/2019\/08\/visuel-marionnette-sac-1024x682.jpg 1024w, https:\/\/annexeromainville.com\/wp-content\/uploads\/2019\/08\/visuel-marionnette-sac-272x182.jpg 272w\" sizes=\"(max-width: 1200px) 100vw, 1200px\" title=\"visuel marionnette sac\" alt=\"\" loading=\"lazy\" \t\tclass=\"so-widget-image\"\/>\n\t<\/div>\n\n<\/div><\/div><\/div><div id=\"pgc-2902-1-1\"  class=\"panel-grid-cell\" ><div id=\"panel-2902-1-1-0\" class=\"so-panel widget widget_sow-editor panel-first-child panel-last-child\" data-index=\"2\" ><div\n\t\t\t\n\t\t\tclass=\"so-widget-sow-editor so-widget-sow-editor-base\"\n\t\t\t\n\t\t>\n<div class=\"siteorigin-widget-tinymce textwidget\">\n\t<p style=\"text-align: justify;\"><strong><span style=\"color: #000000;\">Du 19 au 23 Octobre 2020, de 10h \u00e0 17h<\/span><\/strong><strong><span style=\"color: #000000;\"><br \/>\n<\/span><\/strong><\/p>\n<p style=\"text-align: justify;\"><span style=\"color: #000000;\">Pour enfants de 7 \u00e0 11 ans<\/span><\/p>\n<p style=\"text-align: justify;\"><span style=\"color: #000000;\">Les Vacances d'Automne seront l'occasion pour votre enfant de d\u00e9couvrir la marionnette sac, lors d'un stage de 5 jours \u00e0 L'Annexe.<\/span><\/p>\n<p style=\"text-align: justify;\"><span style=\"color: #000000;\"><span style=\"text-decoration: underline;\"><strong>Objectifs<\/strong> <\/span>:<\/span><br \/>\n<span style=\"color: #000000;\">\u2022 D\u00e9couverte d\u2019un type particulier de marionnette et de ses possibilit\u00e9s de manipulation.<\/span><br \/>\n<span style=\"color: #000000;\">\u2022 Construction de sa propre marionnette (que l'enfant stagiaire pourra conserver)<\/span><br \/>\n<span style=\"color: #000000;\">\u2022 Et bien s\u00fbr le plaisir de jouer ensemble, \u00e0 travers l\u2019apprentissage et la pratique du th\u00e9\u00e2tre de marionnettes.<\/span><\/p>\n<p style=\"text-align: justify;\"><span style=\"color: #000000;\">Les enfants peuvent manger sur place, en apportant leur repas. Il est possible que L'Annexe pr\u00e9voit le repas pour votre enfant, pour un tarif suppl\u00e9mentaire de 6\u20ac\/repas.<\/span><\/p>\n<p style=\"text-align: justify;\"><span style=\"color: #000000;\"><a href=\"http:\/\/annexeromainville.com\/wp-content\/uploads\/2020\/08\/01.-Fiche-Inscription-Stage-Marionnette-OCTOBRE-2020.pdf\">Dossier d'inscription<\/a> \u00e0 retourner \u00e0 L'Annexe accompagn\u00e9 du paiement.<\/span><\/p>\n<p><span style=\"color: #000000;\">Stage anim\u00e9 par Sylvain Menard<\/span><\/p>\n<\/div>\n<\/div><\/div><\/div><\/div><\/div>","protected":false},"excerpt":{"rendered":"<p>Du 19 au 23 Octobre 2020, de 10h \u00e0 17h Pour enfants de 7 \u00e0 11 ans Les Vacances d&#8217;Automne seront l&#8217;occasion pour votre enfant de d\u00e9couvrir la marionnette sac,<span class=\"read-more-wrap\"><a class=\"moretag\" href=\"https:\/\/annexeromainville.com\/index.php\/stage-marionnette-sac\/\">Lire la suite<span class=\"screen-reader-text\">Stage Marionnette Sac<\/span><\/a><\/span><\/p>\n","protected":false},"author":2,"featured_media":0,"parent":0,"menu_order":0,"comment_status":"closed","ping_status":"closed","template":"","meta":{"_bbp_topic_count":0,"_bbp_reply_count":0,"_bbp_total_topic_count":0,"_bbp_total_reply_count":0,"_bbp_voice_count":0,"_bbp_anonymous_reply_count":0,"_bbp_topic_count_hidden":0,"_bbp_reply_count_hidden":0,"_bbp_forum_subforum_count":0,"ngg_post_thumbnail":0},"_links":{"self":[{"href":"https:\/\/annexeromainville.com\/index.php\/wp-json\/wp\/v2\/pages\/2902"}],"collection":[{"href":"https:\/\/annexeromainville.com\/index.php\/wp-json\/wp\/v2\/pages"}],"about":[{"href":"https:\/\/annexeromainville.com\/index.php\/wp-json\/wp\/v2\/types\/page"}],"author":[{"embeddable":true,"href":"https:\/\/annexeromainville.com\/index.php\/wp-json\/wp\/v2\/users\/2"}],"replies":[{"embeddable":true,"href":"https:\/\/annexeromainville.com\/index.php\/wp-json\/wp\/v2\/comments?post=2902"}],"version-history":[{"count":14,"href":"https:\/\/annexeromainville.com\/index.php\/wp-json\/wp\/v2\/pages\/2902\/revisions"}],"predecessor-version":[{"id":4007,"href":"https:\/\/annexeromainville.com\/index.php\/wp-json\/wp\/v2\/pages\/2902\/revisions\/4007"}],"wp:attachment":[{"href":"https:\/\/annexeromainville.com\/index.php\/wp-json\/wp\/v2\/media?parent=2902"}],"curies":[{"name":"wp","href":"https:\/\/api.w.org\/{rel}","templated":true}]}}