{"id":2923,"date":"2019-09-10T15:16:34","date_gmt":"2019-09-10T14:16:34","guid":{"rendered":"http:\/\/annexedutraindevie.com\/?page_id=2923"},"modified":"2019-09-16T17:02:40","modified_gmt":"2019-09-16T16:02:40","slug":"stefania-carmen-misaila","status":"publish","type":"page","link":"https:\/\/annexeromainville.com\/index.php\/stefania-carmen-misaila\/","title":{"rendered":"Stefania Carmen Misaila"},"content":{"rendered":"<div id=\"pl-2923\"  class=\"panel-layout\" ><div id=\"pg-2923-0\"  class=\"panel-grid panel-no-style\" ><div id=\"pgc-2923-0-0\"  class=\"panel-grid-cell\" ><div id=\"panel-2923-0-0-0\" class=\"so-panel widget widget_sow-editor panel-first-child panel-last-child\" data-index=\"0\" ><div\n\t\t\t\n\t\t\tclass=\"so-widget-sow-editor so-widget-sow-editor-base\"\n\t\t\t\n\t\t>\n<div class=\"siteorigin-widget-tinymce textwidget\">\n\t<p style=\"text-align: justify;\"><span style=\"color: #000000;\"><a href=\"http:\/\/annexedutraindevie.com\/wp-content\/uploads\/2019\/09\/stefania-carmen-misaila.jpg\"><img loading=\"lazy\" class=\"wp-image-2924 alignleft\" src=\"http:\/\/annexedutraindevie.com\/wp-content\/uploads\/2019\/09\/stefania-carmen-misaila.jpg\" alt=\"\" width=\"262\" height=\"175\" srcset=\"https:\/\/annexeromainville.com\/wp-content\/uploads\/2019\/09\/stefania-carmen-misaila.jpg 6016w, https:\/\/annexeromainville.com\/wp-content\/uploads\/2019\/09\/stefania-carmen-misaila-300x200.jpg 300w, https:\/\/annexeromainville.com\/wp-content\/uploads\/2019\/09\/stefania-carmen-misaila-768x513.jpg 768w, https:\/\/annexeromainville.com\/wp-content\/uploads\/2019\/09\/stefania-carmen-misaila-1024x684.jpg 1024w, https:\/\/annexeromainville.com\/wp-content\/uploads\/2019\/09\/stefania-carmen-misaila-272x182.jpg 272w\" sizes=\"(max-width: 262px) 100vw, 262px\" \/><\/a>Com\u00e9dienne \/ Danseuse<\/span><\/p>\n<p style=\"text-align: justify;\"><span style=\"color: #000000;\">Apr\u00e8s des \u00e9tudes sur la culture des \u00c9tats-Unis, elle d\u00e9cide de se consacrer \u00e0 sa passion du th\u00e9\u00e2tre.<\/span><br \/>\n<span style=\"color: #000000;\">Dipl\u00f4m\u00e9e en 2015 d'une licence de Jeu de l'Acteur et Arts du Spectacle a l'Universit\u00e9 Babe\u015f-Bolyai de Cluj-Napoca, elle entre comme com\u00e9dienne dans la troupe du Th\u00e9\u00e2tre Municipal Aureliu Manea de Turda. Elle y joue sous la direction de nombreux metteurs en sc\u00e8ne, notamment Mihai M\u0103niu\u021biu, directeur du Th\u00e9\u00e2tre National Lucian Blaga de Cluj-Napoca.<\/span><\/p>\n<p style=\"text-align: justify;\"><span style=\"color: #000000;\">Cette rencontre lui permet d'\u00eatre engag\u00e9e, en 2015, comme com\u00e9dienne\/danseuse dans le spectacle La Ordin, Fuhrer! avec Maia Morgenstern, mis en sc\u00e8ne par Mihai M\u0103niu\u021biu et chor\u00e9graphi\u00e9 par Andrea Gavriliu.<\/span><\/p>\n<p style=\"text-align: justify;\"><span style=\"color: #000000;\">A la suite de ce spectacle, elle devient une collaboratrice importante des cr\u00e9ations M\u0103niu\u021biu\/Gavriliu et participera a la cr\u00e9ation du spectacle Vertij en 2016 et \u00e0 celle de Rambuku de Jon Fosse, en 2017. Ce dernier sera r\u00e9compens\u00e9 du prix UNITER du Meilleur Spectacle en 2018. Cette r\u00e9compense lui ouvrira les portes des tourn\u00e9es nationales et internationales.<\/span><\/p>\n<p style=\"text-align: justify;\"><span style=\"color: #000000;\">Encourag\u00e9e par la chor\u00e9graphe Andrea Gavriliu, elle est s\u00e9lectionn\u00e9e pour participer \u00e0 Gala HOP, le plus grand concours organis\u00e9e pour les jeunes acteurs et danseurs roumains. Elle s'y distingue dans une performance solo de th\u00e9\u00e2tre-danse sur Hamlet de Shakespeare.<\/span><\/p>\n<p style=\"text-align: justify;\"><span style=\"color: #000000;\">En parall\u00e8le de ses spectacles elle poursuit un master de Jeu de l'Acteur et Arts du Spectacle au cours duquel elle suit de nombreux stages de perfectionnement avec notamment Eugenio Barba (Odin Teatred), Jean-Lemaitre (Th\u00e9\u00e2tre du Soleil), Carolyn Carlson et Stephan Perdekamp.<\/span><\/p>\n<\/div>\n<\/div><\/div><\/div><\/div><div id=\"pg-2923-1\"  class=\"panel-grid panel-no-style\" ><div id=\"pgc-2923-1-0\"  class=\"panel-grid-cell\" ><div id=\"panel-2923-1-0-0\" class=\"so-panel widget widget_sow-editor panel-first-child panel-last-child\" data-index=\"1\" ><div\n\t\t\t\n\t\t\tclass=\"so-widget-sow-editor so-widget-sow-editor-base\"\n\t\t\t\n\t\t>\n<div class=\"siteorigin-widget-tinymce textwidget\">\n\t<hr \/>\n<p style=\"text-align: left;\">&nbsp;<span style=\"color: #000000;\"><span style=\"text-decoration: underline;\">Contact<\/span> : 09 53 14 50 99<br \/>\n<\/span><\/p>\n<hr \/>\n<p style=\"text-align: left;\">&nbsp;<\/p>\n<\/div>\n<\/div><\/div><\/div><\/div><\/div>","protected":false},"excerpt":{"rendered":"<p>Com\u00e9dienne \/ Danseuse Apr\u00e8s des \u00e9tudes sur la culture des \u00c9tats-Unis, elle d\u00e9cide de se consacrer \u00e0 sa passion du th\u00e9\u00e2tre. Dipl\u00f4m\u00e9e en 2015 d&#8217;une licence de Jeu de l&#8217;Acteur<span class=\"read-more-wrap\"><a class=\"moretag\" href=\"https:\/\/annexeromainville.com\/index.php\/stefania-carmen-misaila\/\">Lire la suite<span class=\"screen-reader-text\">Stefania Carmen Misaila<\/span><\/a><\/span><\/p>\n","protected":false},"author":2,"featured_media":0,"parent":0,"menu_order":0,"comment_status":"closed","ping_status":"closed","template":"","meta":{"_bbp_topic_count":0,"_bbp_reply_count":0,"_bbp_total_topic_count":0,"_bbp_total_reply_count":0,"_bbp_voice_count":0,"_bbp_anonymous_reply_count":0,"_bbp_topic_count_hidden":0,"_bbp_reply_count_hidden":0,"_bbp_forum_subforum_count":0,"ngg_post_thumbnail":0},"_links":{"self":[{"href":"https:\/\/annexeromainville.com\/index.php\/wp-json\/wp\/v2\/pages\/2923"}],"collection":[{"href":"https:\/\/annexeromainville.com\/index.php\/wp-json\/wp\/v2\/pages"}],"about":[{"href":"https:\/\/annexeromainville.com\/index.php\/wp-json\/wp\/v2\/types\/page"}],"author":[{"embeddable":true,"href":"https:\/\/annexeromainville.com\/index.php\/wp-json\/wp\/v2\/users\/2"}],"replies":[{"embeddable":true,"href":"https:\/\/annexeromainville.com\/index.php\/wp-json\/wp\/v2\/comments?post=2923"}],"version-history":[{"count":3,"href":"https:\/\/annexeromainville.com\/index.php\/wp-json\/wp\/v2\/pages\/2923\/revisions"}],"predecessor-version":[{"id":2959,"href":"https:\/\/annexeromainville.com\/index.php\/wp-json\/wp\/v2\/pages\/2923\/revisions\/2959"}],"wp:attachment":[{"href":"https:\/\/annexeromainville.com\/index.php\/wp-json\/wp\/v2\/media?parent=2923"}],"curies":[{"name":"wp","href":"https:\/\/api.w.org\/{rel}","templated":true}]}}