{"id":3130,"date":"2020-01-09T15:40:20","date_gmt":"2020-01-09T14:40:20","guid":{"rendered":"http:\/\/annexeromainville.com\/?page_id=3130"},"modified":"2020-02-11T15:38:41","modified_gmt":"2020-02-11T14:38:41","slug":"grand-conte-extraordinaire-pour-enfants-tristes","status":"publish","type":"page","link":"https:\/\/annexeromainville.com\/index.php\/grand-conte-extraordinaire-pour-enfants-tristes\/","title":{"rendered":"Grand Conte Extraordinaire pour Enfants Tristes"},"content":{"rendered":"<div id=\"pl-3130\"  class=\"panel-layout\" ><div id=\"pg-3130-0\"  class=\"panel-grid panel-no-style\" ><div id=\"pgc-3130-0-0\"  class=\"panel-grid-cell\" ><div id=\"panel-3130-0-0-0\" class=\"so-panel widget widget_sow-image panel-first-child panel-last-child\" data-index=\"0\" ><div\n\t\t\t\n\t\t\tclass=\"so-widget-sow-image so-widget-sow-image-default-c67d20f9f743-3130\"\n\t\t\t\n\t\t>\n<div class=\"sow-image-container\">\n\t\t<img \n\tsrc=\"https:\/\/annexeromainville.com\/wp-content\/uploads\/2020\/01\/Les-Pestacles.jpg\" width=\"723\" height=\"98\" srcset=\"https:\/\/annexeromainville.com\/wp-content\/uploads\/2020\/01\/Les-Pestacles.jpg 723w, https:\/\/annexeromainville.com\/wp-content\/uploads\/2020\/01\/Les-Pestacles-300x41.jpg 300w\" sizes=\"(max-width: 723px) 100vw, 723px\" title=\"Les Pestacles\" alt=\"\" loading=\"lazy\" \t\tclass=\"so-widget-image\"\/>\n\t<\/div>\n\n<\/div><\/div><\/div><\/div><div id=\"pg-3130-1\"  class=\"panel-grid panel-no-style\" ><div id=\"pgc-3130-1-0\"  class=\"panel-grid-cell\" ><div id=\"panel-3130-1-0-0\" class=\"so-panel widget widget_sow-image panel-first-child panel-last-child\" data-index=\"1\" ><div\n\t\t\t\n\t\t\tclass=\"so-widget-sow-image so-widget-sow-image-default-8b5b6f678277-3130\"\n\t\t\t\n\t\t>\n<div class=\"sow-image-container\">\n\t\t<img \n\tsrc=\"https:\/\/annexeromainville.com\/wp-content\/uploads\/2020\/01\/photo-couverture-dossier-Copie-scaled.jpg\" width=\"2560\" height=\"1920\" srcset=\"https:\/\/annexeromainville.com\/wp-content\/uploads\/2020\/01\/photo-couverture-dossier-Copie-scaled.jpg 2560w, https:\/\/annexeromainville.com\/wp-content\/uploads\/2020\/01\/photo-couverture-dossier-Copie-300x225.jpg 300w, https:\/\/annexeromainville.com\/wp-content\/uploads\/2020\/01\/photo-couverture-dossier-Copie-1024x768.jpg 1024w, https:\/\/annexeromainville.com\/wp-content\/uploads\/2020\/01\/photo-couverture-dossier-Copie-768x576.jpg 768w, https:\/\/annexeromainville.com\/wp-content\/uploads\/2020\/01\/photo-couverture-dossier-Copie-1536x1152.jpg 1536w, https:\/\/annexeromainville.com\/wp-content\/uploads\/2020\/01\/photo-couverture-dossier-Copie-2048x1536.jpg 2048w\" sizes=\"(max-width: 2560px) 100vw, 2560px\" title=\"photo couverture dossier &#8211; Copie\" alt=\"\" loading=\"lazy\" \t\tclass=\"so-widget-image\"\/>\n\t<\/div>\n\n<\/div><\/div><\/div><div id=\"pgc-3130-1-1\"  class=\"panel-grid-cell\" ><div id=\"panel-3130-1-1-0\" class=\"so-panel widget widget_sow-editor panel-first-child panel-last-child\" data-index=\"2\" ><div\n\t\t\t\n\t\t\tclass=\"so-widget-sow-editor so-widget-sow-editor-base\"\n\t\t\t\n\t\t>\n<div class=\"siteorigin-widget-tinymce textwidget\">\n\t<p><strong>Les 23 et 24 Janvier 2020, 10h et 13h30<\/strong><br \/>\nS\u00e9ances r\u00e9serv\u00e9es aux groupes scolaires<\/p>\n<p><strong>Par la Cie JETZT<\/strong>. Lecture\/Etape de travail.<br \/>\nTexte et mise en espace de D\u00e9borah Banoun.<br \/>\nJeu : L\u00e9o Poulet.<br \/>\nCr\u00e9ation lumi\u00e8res : Pierre Peyronnet.<\/p>\n<p>DUR\u00c9E : 30 minutes<br \/>\n\u00c2GE : \u00e0 partir de 7 ans.<\/p>\n<p>Les enfants Maldelbome perdent leurs parents dans des circonstances tragiques et stupides. Croque-Mort, un personnage sinistre non d\u00e9nu\u00e9 de cupidit\u00e9, va malgr\u00e9 lui les accompagner sur le chemin laborieux du deuil. Ce conte moderne raconte avec ironie et tendresse ce moment de perte que tout vivant traverse.<\/p>\n<p><strong>NOTE D'INTENTION<\/strong><\/p>\n<p>Une l\u00e9gende murmur\u00e9e \u00e0 l'oreille, une histoire qui parcourt le vent, c'est ainsi que naissent les contes. Cette histoire je l'ai \u00e9crite et con\u00e7ue \u00e0 partir de mes souvenirs et de mes lectures d'enfance, elle est le m\u00e9lange de mes peurs et de nos angoisses, pour eux, pour elle, pour lui. Pour soigner les blessures, pour faire rire et pleurer, ceux qui un jour se sont crus tristes \u00e0 jamais.&nbsp; Un spectacle immersif, qui m\u00eale sons, vid\u00e9o, narration qui fera frissonner et rire les enfants et les parents... &nbsp;<\/p>\n<p>Depuis deux ans, je tourne autour de mon sujet sans oser l'aborder. Des sujets tels que la mort, la perte, paraitront de prime abord comme \u00e0 l'oppos\u00e9 des th\u00e9matiques que l\u2019on attend des spectacles destin\u00e9s aux jeunes publics. Pourtant tout adulte qui s'est un peu int\u00e9ress\u00e9 aux enfants sait que ce sujet est essentiel \u00e0 leur construction. Parce que perdre, s'est aller vers la vie, l'autonomie, la conscience de soi et des autres. La cohorte de peurs et d'\u00e9motions qui accompagnent ces grands traumatismes sont des marches, des \u00e9tapes indispensables \u00e0 la construction psychologique des enfants et des adultes. Il y a quelque chose d\u2019irrempla\u00e7able dans cette exp\u00e9rience insoutenable.&nbsp;<\/p>\n<p><b>Grand conte extraordinaire<\/b> <b>pour enfants tristes<\/b>, en plus de son sujet, est aussi et surtout la rencontre avec un sublime acteur que j'avais vu de nombreuses fois sur sc\u00e8ne, avec lequel j'ai imm\u00e9diatement eu envie de travailler et qui n'a pas quitt\u00e9 une seconde mon \u00e9paule pendant tout le processus d'\u00e9criture.&nbsp;&nbsp;&nbsp;&nbsp;&nbsp;&nbsp;&nbsp;&nbsp;&nbsp;&nbsp;&nbsp;&nbsp;&nbsp;&nbsp;&nbsp;&nbsp;&nbsp;&nbsp;&nbsp;&nbsp;&nbsp;&nbsp;&nbsp;&nbsp;&nbsp;&nbsp;&nbsp;&nbsp;&nbsp;&nbsp;&nbsp;&nbsp;&nbsp;&nbsp;&nbsp;&nbsp;&nbsp;&nbsp;&nbsp;&nbsp;&nbsp;&nbsp;&nbsp;&nbsp;&nbsp;&nbsp;&nbsp;&nbsp;&nbsp;&nbsp;&nbsp;&nbsp;&nbsp;&nbsp;&nbsp;&nbsp;&nbsp;&nbsp;&nbsp;&nbsp;&nbsp;&nbsp;&nbsp;&nbsp;&nbsp;&nbsp;&nbsp;&nbsp;&nbsp;&nbsp;&nbsp;&nbsp;&nbsp;&nbsp;&nbsp;&nbsp;&nbsp;&nbsp;&nbsp;&nbsp;&nbsp;&nbsp;&nbsp;&nbsp;&nbsp;&nbsp;<\/p>\n<p><b>D<\/b><b>\u00e9<\/b><b>borah <\/b><b>Banoun<\/b>&nbsp;<\/p>\n<p>&nbsp;<\/p>\n<\/div>\n<\/div><\/div><\/div><\/div><div id=\"pg-3130-2\"  class=\"panel-grid panel-no-style\" ><div id=\"pgc-3130-2-0\"  class=\"panel-grid-cell panel-grid-cell-empty\" ><\/div><\/div><div id=\"pg-3130-3\"  class=\"panel-grid panel-no-style\" ><div id=\"pgc-3130-3-0\"  class=\"panel-grid-cell\" ><div id=\"panel-3130-3-0-0\" class=\"so-panel widget widget_sow-editor panel-first-child\" data-index=\"3\" ><div\n\t\t\t\n\t\t\tclass=\"so-widget-sow-editor so-widget-sow-editor-base\"\n\t\t\t\n\t\t><h3 class=\"widget-title\">DEBORAH BANOUN \/ Ecriture - Mise en Sc\u00e8ne<\/h3>\n<div class=\"siteorigin-widget-tinymce textwidget\">\n\t<div style=\"text-align: justify;\"><span style=\"color: #000000;\">Form\u00e9e au cours Simon o\u00f9 elle obtient un 1er prix de com\u00e9die. Riche de cette exp\u00e9rience elle souhaite s'orienter vers la mise en sc\u00e8ne. Afin d'asseoir ses connaissances, elle rentre comme stagiaire assistante \u00e0 la Com\u00e9die Fran\u00e7aise. Elle y rencontre Jean Michel Ribes avec qui elle travaille d'abord en tant qu'assistante \u00e0 la mise en sc\u00e8ne de 2000 \u00e0 2001, puis comme collaboratrice artistique de direction au Th\u00e9\u00e2tre du Rond-Point de 2001 \u00e0 2005. Elle y rencontre \u00e9galement de nombreux auteurs et metteurs en sc\u00e8ne avec lesquels elle collabore, dont William Mesguich, Lionel Spycher, Mohamed Rouabhi, Samuel Benche\u2026<\/span><\/div>\n<div style=\"text-align: justify;\"><span style=\"color: #000000;\">En 2005 elle est une des collaboratrices artistiques de la Cie Jetzt. Elle y cr\u00e9e en partenariat avec des metteurs en sc\u00e8ne et des auteurs notamment pour <em>Carnets en Marges<\/em> avec Nicolas Liautard (2005\/06), <em>Fitness<\/em> avec Jacques De Decker, <em>7 pieds sous terre<\/em> avec Lise Martin, cr\u00e9\u00e9 au Th\u00e9\u00e2tre de la Vieille Grille (2007\/08), <em>Kiss db ou l\u2019histoire d\u2019une mort sans fin<\/em> avec Elise Mc Leod et Lise Martin au Th\u00e9\u00e2tre Essa\u00efon (2009\/10). En 2012, elle collabore avec Eric Ruff de la Com\u00e9die fran\u00e7aise sur <em>Peer Gynt<\/em>, qui se jouera au Grand Palais. Etudiante en Master 2, elle travaille sous la direction de David Lescot, Fran\u00e7ois Rancillac, Daniel Jeannneteau. Elle sortira major de sa promotion en Master mise en sc\u00e8ne et dramaturgie \u00e0 Nanterre. En 2012-2013, elle monte <em>Scapin Projet<\/em> et <em>Fiction d\u2019Hiver<\/em>, ses premi\u00e8res mises en sc\u00e8ne qu\u2019elle signe seule comme directrice artistique. En 2014, D\u00e9borah Banoun se lance dans une adaptation libre avec Anne Seiller de <em>Quai Ouistreham<\/em> de Florence Aubenas. Elles se lancent alors dans la cr\u00e9ation d\u2019une pi\u00e8ce-s\u00e9rie, comportant 5 \u00e9pisodes. Les deux premiers \u00e9pisodes seront cr\u00e9\u00e9s en 2014 et jou\u00e9s jusqu\u2019en 2016. Elle ouvre en 2016 un lieu culturel et citoyen au c\u0153ur de Romainville, tourn\u00e9 vers les valeurs de l\u2019Economie Sociale et Solidaire et la gouvernance participative du citoyen. En 2017, elle travaille sur une adaptation de <em>Yalla !<\/em> de Sonia Ristic et sur l\u2019\u00e9criture et les r\u00e9p\u00e9titions des 3 derniers \u00e9pisodes du Quai.<\/span><\/div>\n<p style=\"text-align: justify;\"><span style=\"color: #000000;\">&nbsp;<\/span><\/p>\n<p style=\"text-align: justify;\">&nbsp;<\/p>\n<p style=\"text-align: justify;\"><span style=\"color: #000000;\">&nbsp;<\/span><\/p>\n<\/div>\n<\/div><\/div><div id=\"panel-3130-3-0-1\" class=\"so-panel widget widget_sow-editor panel-last-child\" data-index=\"4\" ><div\n\t\t\t\n\t\t\tclass=\"so-widget-sow-editor so-widget-sow-editor-base\"\n\t\t\t\n\t\t><h3 class=\"widget-title\">LEO POULET \/ Com\u00e9dien<\/h3>\n<div class=\"siteorigin-widget-tinymce textwidget\">\n\t<p style=\"text-align: justify;\"><span style=\"color: #000000;\">L\u00e9o Poulet s'engage d'abord une dizaine d'ann\u00e9es dans la pratique du th\u00e9\u00e2tre de l'Opprim\u00e9. Cette aventure, avec un collectif ou tous les postes sont partag\u00e9s (acteurs, metteur en sc\u00e8ne, sc\u00e9nographe, ...) l'am\u00e8ne \u00e0 travailler aux quatre coins du monde. Il rencontre des femmes victimes de violences conjugales, des travailleurs sans papiers, des associations militantes, des syndicats, des jeunes de rue en Guyane, des jeunes en placement judiciaire dans le 93, des troupes indiennes, maliennes, espagnoles, portugaises, croates, martiniquaises...<\/span><br \/>\n<span style=\"color: #000000;\">Puis sa recherche l'am\u00e8ne ailleurs. Vers l'image d'abord. Il joue dans des films pour Kyioshi Kurosawa, Blandine Lenoir, Dominique Rocher, Fabien Gorgeart, Marie Mention Schaar.<\/span><br \/>\n<span style=\"color: #000000;\">Et vers la po\u00e9sie avec le collectif Jackie Pall Theater Group et La Com\u00e8te Film. Il joue dans des clips pour Flavien Berger et POOM, participe \u00e0 une tourn\u00e9e au Chili, et \u00e0 la cr\u00e9ation de deux pi\u00e8ces de th\u00e9\u00e2tre : <em>Pendant que les champs brulent<\/em> et <em>le Bal<\/em>.<\/span><br \/>\n<span style=\"color: #000000;\">Il vient de r\u00e9aliser un court m\u00e9trage chez Elena Films, <em>A ceux qui restent<\/em>.<\/span><\/p>\n<\/div>\n<\/div><\/div><\/div><div id=\"pgc-3130-3-1\"  class=\"panel-grid-cell\" ><div id=\"panel-3130-3-1-0\" class=\"so-panel widget widget_sow-editor panel-first-child\" data-index=\"5\" ><div\n\t\t\t\n\t\t\tclass=\"so-widget-sow-editor so-widget-sow-editor-base\"\n\t\t\t\n\t\t><h3 class=\"widget-title\">PIERRE PEYRONNET \/ Eclairagiste<\/h3>\n<div class=\"siteorigin-widget-tinymce textwidget\">\n\t<p style=\"text-align: justify;\"><span style=\"color: #000000;\">Eclairagiste dipl\u00f4m\u00e9 de l\u2019ENSATT (Ecole Nationale Sup\u00e9rieure des Arts et Techniques du Th\u00e9\u00e2tre) en 1985, il r\u00e9alise des cr\u00e9ations pour le th\u00e9\u00e2tre, l\u2019op\u00e9ra ou des expositions plastiques. A Bordeaux, sur des mises en sc\u00e8ne de Daniel Ogier (<em>Don Carlos<\/em>) et Jean-Louis Thamin (<em>Tristan et Iseult<\/em>), \u00e0 Lausanne avec Patrice Caurier, Mosh\u00e9 Leiser (<em>La Fl\u00fbte enchant\u00e9e<\/em>), \u00e0 Nantes avec Nouma Sadoul (<em>La Fl\u00fbte enchant\u00e9e<\/em>) ; il collabore avec Matthew Jocelyn \u00e0 l\u2019Op\u00e9ra du Rhin sur de tr\u00e8s nombreuses cr\u00e9ations (<em>La Cl\u00e9mence d\u2019Api,<\/em> <em>Monsieur Choufleuri<\/em>), de Paolo Montarsolo (<em>Le Barbier de S\u00e9ville<\/em>, <em>L\u2019Elixir d\u2019Amour<\/em>). Il effectue des \u00e9clairages de chacune des mises en sc\u00e8ne d\u2019op\u00e9ra de Claude Montagn\u00e9 dans le cadre du Festival de S\u00e9di\u00e8res depuis 2002. En outre, il travaille r\u00e9guli\u00e8rement avec des \u00e9quipes de th\u00e9\u00e2tre (C\u00e9cile Back\u00e8s, Gilbert Desveaux, Guillaume L\u00e9v\u00eaque, G\u00e9raldine Bourgue, Guy Freixe, Pierre Vial, Ren\u00e9 Loyon, Catherine Anne, Laurence Mayor\u2026). Au centre Beaubourg, il \u00e9claire l\u2019exposition Samuel Beckett.<\/span><\/p>\n<\/div>\n<\/div><\/div><div id=\"panel-3130-3-1-1\" class=\"so-panel widget widget_sow-editor panel-last-child\" data-index=\"6\" ><div\n\t\t\t\n\t\t\tclass=\"so-widget-sow-editor so-widget-sow-editor-base\"\n\t\t\t\n\t\t><h3 class=\"widget-title\">ANNE LERAY \/ Sc\u00e9nographe<\/h3>\n<div class=\"siteorigin-widget-tinymce textwidget\">\n\t<p style=\"text-align: justify;\"><span style=\"color: #000000;\">Apr\u00e8s un dipl\u00f4me d\u2019\u00e9tat d\u2019ergoth\u00e9rapeute, Anne Leray se dirige vers l\u2019Art-Th\u00e9rapie. Elle se forme aux Beaux-Arts de Paris, puis con\u00e7oit ses premi\u00e8res sculptures et accessoires de th\u00e9\u00e2tres, d\u2019abord \u00e0 l\u2019atelier QUADRA de Pantin (93), o\u00f9 elle rencontre le costumier Jacques Schmidt. Elle y r\u00e9alisera de nombreux travaux pour les mises en sc\u00e8nes de R. Planchon, P. Ch\u00e9reau, F. Arrabal, J. Savary, R. P\u00e9duzzi, B. Sobel. D\u00e8s 1990, elle cr\u00e9e pour le Th\u00e9\u00e2tre national de Bretagne, le Th\u00e9\u00e2tre de Gennevilliers et Bobigny, mais aussi les Th\u00e9\u00e2tres de Zagreb et Wuppertal. Elle cr\u00e9e les luminaires du Th\u00e9\u00e2tre du RondPoint, collabore avec J.M Ribes, et met ses talents au service de cr\u00e9ations \u00e9manant de lieux tels que le Th\u00e9\u00e2tre national de Strasbourg, l\u2019Op\u00e9ra de Nancy (collaboration avec P. Dutertre, pour les mises en sc\u00e8nes de J.L. Martinelli), le Th\u00e9\u00e2tre national de Chaillot, Th\u00e9\u00e2tre de la Colline, CADO Orleans, Th\u00e9\u00e2tre des Abbesses, Th\u00e9\u00e2tre de Toulouse, et Th\u00e9\u00e2tre de l\u2019Aquarium (collaboration avec Mathias Langhoff pour les mises en sc\u00e8nes de <em>Richard III<\/em>, <em>Munequita<\/em>, <em>Lautreamont<\/em>) \u2026 Pendant 10 ans, elle collabore avec la Com\u00e9die Fran\u00e7aise et le th\u00e9\u00e2tre du Vieux-Colombier, o\u00f9 elle rencontre R\u00e9nato Bianchi, chef des ateliers costumes, et D. Schmitt, avec qui elle travaillera \u00e0 la fabrication de masques et accessoires. Pour le Festival d\u2019Avignon et le Th\u00e9\u00e2tre national de Bretagne, elle con\u00e7oit et fabrique des masques aux c\u00f4t\u00e9s de Stanislas Nordey (<em>Par les villages<\/em>), puis des robes peintes (<em>9 Petites filles<\/em>). Pour Emmanuel Demarcy Motta au Th\u00e9\u00e2tre de la Ville, elle fabrique un cheval (<em>Casimir et Caroline<\/em>), des racines g\u00e9antes (<em>Victor ou les enfants au pouvoir<\/em>) et des masques (<em>Alice au pays des merveilles<\/em> et <em>\u00c9tat de si\u00e8ge<\/em>). En m\u00eame temps, elle prend aussi en charge la sc\u00e9nographie pour les compagnies (Th\u00e9\u00e2tre des Lucioles, Cie de jour comme de nuit, Cie Dromesko\u2026). En plus de ses collaborations au th\u00e9\u00e2tre, elle con\u00e7oit et r\u00e9alise aussi de masques pour la danse, des sculpture pour le cin\u00e9ma pour Mus\u00e9e haut- mus\u00e9e bas, film de J.M. Ribes, <em>Au revoir l\u00e0-haut<\/em> d\u2019Albert Dupontel\u2026), ainsi que des sculptures en atelier. <\/span><\/p>\n<\/div>\n<\/div><\/div><\/div><\/div><\/div>","protected":false},"excerpt":{"rendered":"<p>Les 23 et 24 Janvier 2020, 10h et 13h30 S\u00e9ances r\u00e9serv\u00e9es aux groupes scolaires Par la Cie JETZT. Lecture\/Etape de travail. Texte et mise en espace de D\u00e9borah Banoun. Jeu<span class=\"read-more-wrap\"><a class=\"moretag\" href=\"https:\/\/annexeromainville.com\/index.php\/grand-conte-extraordinaire-pour-enfants-tristes\/\">Lire la suite<span class=\"screen-reader-text\">Grand Conte Extraordinaire pour Enfants Tristes<\/span><\/a><\/span><\/p>\n","protected":false},"author":2,"featured_media":0,"parent":0,"menu_order":0,"comment_status":"closed","ping_status":"closed","template":"","meta":{"_bbp_topic_count":0,"_bbp_reply_count":0,"_bbp_total_topic_count":0,"_bbp_total_reply_count":0,"_bbp_voice_count":0,"_bbp_anonymous_reply_count":0,"_bbp_topic_count_hidden":0,"_bbp_reply_count_hidden":0,"_bbp_forum_subforum_count":0,"ngg_post_thumbnail":0},"_links":{"self":[{"href":"https:\/\/annexeromainville.com\/index.php\/wp-json\/wp\/v2\/pages\/3130"}],"collection":[{"href":"https:\/\/annexeromainville.com\/index.php\/wp-json\/wp\/v2\/pages"}],"about":[{"href":"https:\/\/annexeromainville.com\/index.php\/wp-json\/wp\/v2\/types\/page"}],"author":[{"embeddable":true,"href":"https:\/\/annexeromainville.com\/index.php\/wp-json\/wp\/v2\/users\/2"}],"replies":[{"embeddable":true,"href":"https:\/\/annexeromainville.com\/index.php\/wp-json\/wp\/v2\/comments?post=3130"}],"version-history":[{"count":13,"href":"https:\/\/annexeromainville.com\/index.php\/wp-json\/wp\/v2\/pages\/3130\/revisions"}],"predecessor-version":[{"id":3289,"href":"https:\/\/annexeromainville.com\/index.php\/wp-json\/wp\/v2\/pages\/3130\/revisions\/3289"}],"wp:attachment":[{"href":"https:\/\/annexeromainville.com\/index.php\/wp-json\/wp\/v2\/media?parent=3130"}],"curies":[{"name":"wp","href":"https:\/\/api.w.org\/{rel}","templated":true}]}}