{"id":3156,"date":"2020-01-09T15:42:51","date_gmt":"2020-01-09T14:42:51","guid":{"rendered":"http:\/\/annexeromainville.com\/?page_id=3156"},"modified":"2020-02-03T13:54:09","modified_gmt":"2020-02-03T12:54:09","slug":"le-prince-et-le-voleur","status":"publish","type":"page","link":"https:\/\/annexeromainville.com\/index.php\/le-prince-et-le-voleur\/","title":{"rendered":"LE PRINCE ET LE VOLEUR"},"content":{"rendered":"<div id=\"pl-3156\"  class=\"panel-layout\" ><div id=\"pg-3156-0\"  class=\"panel-grid panel-no-style\" ><div id=\"pgc-3156-0-0\"  class=\"panel-grid-cell\" ><div id=\"panel-3156-0-0-0\" class=\"so-panel widget widget_sow-image panel-first-child panel-last-child\" data-index=\"0\" ><div\n\t\t\t\n\t\t\tclass=\"so-widget-sow-image so-widget-sow-image-default-c67d20f9f743-3156\"\n\t\t\t\n\t\t>\n<div class=\"sow-image-container\">\n\t\t<img \n\tsrc=\"https:\/\/annexeromainville.com\/wp-content\/uploads\/2018\/04\/spectacle-1.jpg\" width=\"613\" height=\"68\" srcset=\"https:\/\/annexeromainville.com\/wp-content\/uploads\/2018\/04\/spectacle-1.jpg 613w, https:\/\/annexeromainville.com\/wp-content\/uploads\/2018\/04\/spectacle-1-300x33.jpg 300w\" sizes=\"(max-width: 613px) 100vw, 613px\" title=\"spectacle (1)\" alt=\"\" loading=\"lazy\" \t\tclass=\"so-widget-image\"\/>\n\t<\/div>\n\n<\/div><\/div><\/div><\/div><div id=\"pg-3156-1\"  class=\"panel-grid panel-no-style\" ><div id=\"pgc-3156-1-0\"  class=\"panel-grid-cell\" ><div id=\"panel-3156-1-0-0\" class=\"so-panel widget widget_sow-image panel-first-child panel-last-child\" data-index=\"1\" ><div\n\t\t\t\n\t\t\tclass=\"so-widget-sow-image so-widget-sow-image-default-8b5b6f678277-3156\"\n\t\t\t\n\t\t>\n<div class=\"sow-image-container\">\n\t\t<img \n\tsrc=\"https:\/\/annexeromainville.com\/wp-content\/uploads\/2020\/01\/LE-PRINCE.png\" width=\"1222\" height=\"702\" srcset=\"https:\/\/annexeromainville.com\/wp-content\/uploads\/2020\/01\/LE-PRINCE.png 1222w, https:\/\/annexeromainville.com\/wp-content\/uploads\/2020\/01\/LE-PRINCE-300x172.png 300w, https:\/\/annexeromainville.com\/wp-content\/uploads\/2020\/01\/LE-PRINCE-1024x588.png 1024w, https:\/\/annexeromainville.com\/wp-content\/uploads\/2020\/01\/LE-PRINCE-768x441.png 768w\" sizes=\"(max-width: 1222px) 100vw, 1222px\" title=\"LE PRINCE\" alt=\"\" loading=\"lazy\" \t\tclass=\"so-widget-image\"\/>\n\t<\/div>\n\n<\/div><\/div><\/div><div id=\"pgc-3156-1-1\"  class=\"panel-grid-cell\" ><div id=\"panel-3156-1-1-0\" class=\"so-panel widget widget_sow-editor panel-first-child panel-last-child\" data-index=\"2\" ><div\n\t\t\t\n\t\t\tclass=\"so-widget-sow-editor so-widget-sow-editor-base\"\n\t\t\t\n\t\t>\n<div class=\"siteorigin-widget-tinymce textwidget\">\n\t<p style=\"text-align: justify;\"><span style=\"color: #000000;\"><strong>Du 6 au 8 F\u00e9vrier, \u00e0 20h<\/strong><\/span><br \/>\n<span style=\"color: #000000;\">Ouverture des portes \u00e0 19h45<\/span><\/p>\n<p style=\"text-align: justify;\"><span style=\"color: #000000;\"><strong>Compagnie Bubblegum Parfum D\u00e9sert<\/strong><br \/>\nDe et par Pierre-Vincent Chapus.<br \/>\n<\/span><span style=\"color: #000000;\">Mise en sc\u00e8ne de Louise Blach\u00e8re<br \/>\n<\/span><\/p>\n<p style=\"text-align: justify;\"><span style=\"color: #000000;\">DUR\u00c9E : 1H<\/span><br \/>\n<span style=\"color: #000000;\">\u00c2GE : \u00e0 partir de 16 ans<\/span><\/p>\n<p style=\"text-align: justify;\"><span style=\"color: #000000;\">\"Le Prince et le Voleur prend son origine dans une histoire personnelle et des faits av\u00e9r\u00e9s. Dans mon adolescence, j'ai en effet entretenu une amiti\u00e9 parall\u00e8le avec deux gar\u00e7ons : l\u2019un, h\u00e9ritier d'une des plus grandes fortunes fran\u00e7aises, aujourd'hui devenu PDG du premier groupe mondial de communication, et l'autre, jeune de banlieue t\u00eate br\u00fbl\u00e9e, recrois\u00e9 \u00e7\u00e0 et l\u00e0 depuis, entre histoires louches et jobs foireux, insaisissable et grave tendu, toujours vivant en p\u00e9riph\u00e9rie. A l'origine, je voulais cr\u00e9er un spectacle avec eux. Cette rencontre n'a pu se faire. De cette d\u00e9ception initiale et de leur absence, est n\u00e9e une histoire, un conte qu'on dirait au coucher, un conte qui parlerait d'un enfant et d'un pays troubl\u00e9s, sinon obs\u00e9d\u00e9s, par leur qu\u00eate d'identit\u00e9. La forme de ce monologue na\u00eet de \u00e7a. Voici ce qu'il s'y passera : Dans un salon bourgeois, une ma\u00eetresse de maison s'affaire. La table a \u00e9t\u00e9 dress\u00e9e pour trois, petits plats dans les grands comme on dit. Elle est tr\u00e8s excit\u00e9e. Ce soir, elle re\u00e7oit deux gar\u00e7ons aux yeux clairs : un Prince et un Voleur. En attendant qu'ils arrivent et que la soir\u00e9e d\u00e9colle, elle s'interroge sur les mille et une fa\u00e7ons de r\u00e9ussir(et surtout de rater) cette occasion si particuli\u00e8re. La nuit s'avance. Les spectres \u00e9mergent. Le pays a peur. Elle se sent seule.\"<\/span><\/p>\n<p>&nbsp;<\/p>\n<p><a href=\"http:\/\/annexeromainville.com\/wp-content\/uploads\/2020\/02\/Dossier-presse-Le-prince-et-le-voleur.pdf\">T\u00e9l\u00e9charger le dossier de presse<\/a><\/p>\n<p style=\"text-align: justify;\">&nbsp;<\/p>\n<p style=\"text-align: justify;\">&nbsp;<\/p>\n<\/div>\n<\/div><\/div><\/div><\/div><div id=\"pg-3156-2\"  class=\"panel-grid panel-no-style\" ><div id=\"pgc-3156-2-0\"  class=\"panel-grid-cell\" ><div id=\"panel-3156-2-0-0\" class=\"so-panel widget widget_sow-button panel-first-child panel-last-child\" data-index=\"3\" ><div\n\t\t\t\n\t\t\tclass=\"so-widget-sow-button so-widget-sow-button-atom-857739567c6a-3156\"\n\t\t\t\n\t\t><div class=\"ow-button-base ow-button-align-center\"\n>\n\t\t\t<a\n\t\t\t\t\thref=\"http:\/\/annexedutraindevie.com\/index.php\/reservation\/\"\n\t\t\t\t\tclass=\"sowb-button ow-icon-placement-left ow-button-hover\" \t>\n\t\t<span>\n\t\t\t<span class=\"sow-icon-ionicons\" data-sow-icon=\"&#xf373;\"\n\t\tstyle=\"color: #dd9933\" \n\t\taria-hidden=\"true\"><\/span>\n\t\t\tR\u00e9server\t\t<\/span>\n\t\t\t<\/a>\n\t<\/div>\n<\/div><\/div><\/div><\/div><div id=\"pg-3156-3\"  class=\"panel-grid panel-no-style\" ><div id=\"pgc-3156-3-0\"  class=\"panel-grid-cell\" ><div id=\"panel-3156-3-0-0\" class=\"so-panel widget widget_sow-editor panel-first-child panel-last-child\" data-index=\"4\" ><div\n\t\t\t\n\t\t\tclass=\"so-widget-sow-editor so-widget-sow-editor-base\"\n\t\t\t\n\t\t><h3 class=\"widget-title\">PIERRE-VINCENT CHAPUS<\/h3>\n<div class=\"siteorigin-widget-tinymce textwidget\">\n\t<p style=\"text-align: justify;\"><span style=\"color: #000000;\">Apr\u00e8s un master de criminologie et un enseignement du th\u00e9\u00e2tre au conservatoire Erik Satie, Pierre-Vincent Chapus commence \u00e0 travailler au th\u00e9\u00e2tre sous la direction d'Yves Pignot, Quentin Defalt, Jean-Romain Vesperini, Gabriel Garran, et aussi au cin\u00e9ma o\u00f9 il accompagne les premi\u00e8res r\u00e9alisations de Yann Gonzalez et Pierre-Edouard Dumora. Cette plong\u00e9e dans le m\u00e9tier lui donne assez rapidement l'envie de continuer son parcours autrement et selon ses propres inclinaisons. Aussi, il cr\u00e9e sa premi\u00e8re compagnie (COC, pour cr\u00e9e ou cr\u00e8ve, comme un \u00e9quivalent fran\u00e7ais au&nbsp;<em>Do it yourself<\/em>&nbsp;anglais). Pendant pr\u00e8s de 10 ans, il concr\u00e9tise son d\u00e9sir de repenser son geste aupr\u00e8s de personnes tenues en p\u00e9riph\u00e9rie de la cr\u00e9ation artistique (adolescents en difficult\u00e9, SDF, handicap\u00e9s physiques et mentaux, femmes battues, personnes tr\u00e8s \u00e2g\u00e9es\u2026), tout en \u00e9crivant et cr\u00e9ant ses propres spectacles (<em>CLANDESTINS\/INSECTLANDS, (Je suis) Ripley Bogle, \u2026hic sunt leones, PATCHES<\/em>), dont le point commun est d\u2019impliquer sur le plateau des personnes, professionnelles ou non, rencontr\u00e9es lors d'ateliers pour former une aventure collective de th\u00e9\u00e2tre port\u00e9e par des troupes passionn\u00e9es et singuli\u00e8res. Cherchant toujours \u00e0 faire du th\u00e9\u00e2tre un pr\u00e9texte \u00e0 la Vie, il revendique ce travail sur et dans les marges. Ainsi, un \u00e9quilibre se cr\u00e9e dans ces dialogues constants entre le plateau et ses p\u00e9riph\u00e9ries, g\u00e9n\u00e9rant une discipline \u00e0 la fois radicale et affranchie, souvent accompagn\u00e9e par lieux et institutions franciliennes, dont La Ferme du Bonheur \u00e0 Nanterre et la Boutique solidarit\u00e9 de Gagny avec lesquelles il collabore constamment. En 2016, Pierre-Vincent quitte la compagnie COC, pour commencer une nouvelle aventure plus personnelle avec BUBBLEGUM PARFUM DESERT, structure\/masque qui est \u00e0 la fois une compagnie o\u00f9 il cr\u00e9e spectacles ou performances (<em>My Floorboards, TNT, Le Prince et le Voleur<\/em>), et un projet d\u2019\u00e9dition rudimentaire au long cours (le fanzine B)random).<\/span><\/p>\n<p style=\"text-align: justify;\"><span style=\"color: #000000;\">&nbsp;<\/span><\/p>\n<p style=\"text-align: justify;\"><span style=\"color: #000000;\">&nbsp;<\/span><\/p>\n<\/div>\n<\/div><\/div><\/div><div id=\"pgc-3156-3-1\"  class=\"panel-grid-cell\" ><div id=\"panel-3156-3-1-0\" class=\"so-panel widget widget_sow-editor panel-first-child panel-last-child\" data-index=\"5\" ><div\n\t\t\t\n\t\t\tclass=\"so-widget-sow-editor so-widget-sow-editor-base\"\n\t\t\t\n\t\t>\n<div class=\"siteorigin-widget-tinymce textwidget\">\n\t<p><img loading=\"lazy\" class=\"aligncenter size-full wp-image-3158\" src=\"http:\/\/annexeromainville.com\/wp-content\/uploads\/2020\/01\/cover-rup88.jpg\" alt=\"\" width=\"1339\" height=\"857\" srcset=\"https:\/\/annexeromainville.com\/wp-content\/uploads\/2020\/01\/cover-rup88.jpg 1339w, https:\/\/annexeromainville.com\/wp-content\/uploads\/2020\/01\/cover-rup88-300x192.jpg 300w, https:\/\/annexeromainville.com\/wp-content\/uploads\/2020\/01\/cover-rup88-1024x655.jpg 1024w, https:\/\/annexeromainville.com\/wp-content\/uploads\/2020\/01\/cover-rup88-768x492.jpg 768w\" sizes=\"(max-width: 1339px) 100vw, 1339px\" \/><\/p>\n<\/div>\n<\/div><\/div><\/div><\/div><\/div>","protected":false},"excerpt":{"rendered":"<p>Du 6 au 8 F\u00e9vrier, \u00e0 20h Ouverture des portes \u00e0 19h45 Compagnie Bubblegum Parfum D\u00e9sert De et par Pierre-Vincent Chapus. Mise en sc\u00e8ne de Louise Blach\u00e8re DUR\u00c9E : 1H<span class=\"read-more-wrap\"><a class=\"moretag\" href=\"https:\/\/annexeromainville.com\/index.php\/le-prince-et-le-voleur\/\">Lire la suite<span class=\"screen-reader-text\">LE PRINCE ET LE VOLEUR<\/span><\/a><\/span><\/p>\n","protected":false},"author":2,"featured_media":0,"parent":0,"menu_order":0,"comment_status":"closed","ping_status":"closed","template":"","meta":{"_bbp_topic_count":0,"_bbp_reply_count":0,"_bbp_total_topic_count":0,"_bbp_total_reply_count":0,"_bbp_voice_count":0,"_bbp_anonymous_reply_count":0,"_bbp_topic_count_hidden":0,"_bbp_reply_count_hidden":0,"_bbp_forum_subforum_count":0,"ngg_post_thumbnail":0},"_links":{"self":[{"href":"https:\/\/annexeromainville.com\/index.php\/wp-json\/wp\/v2\/pages\/3156"}],"collection":[{"href":"https:\/\/annexeromainville.com\/index.php\/wp-json\/wp\/v2\/pages"}],"about":[{"href":"https:\/\/annexeromainville.com\/index.php\/wp-json\/wp\/v2\/types\/page"}],"author":[{"embeddable":true,"href":"https:\/\/annexeromainville.com\/index.php\/wp-json\/wp\/v2\/users\/2"}],"replies":[{"embeddable":true,"href":"https:\/\/annexeromainville.com\/index.php\/wp-json\/wp\/v2\/comments?post=3156"}],"version-history":[{"count":10,"href":"https:\/\/annexeromainville.com\/index.php\/wp-json\/wp\/v2\/pages\/3156\/revisions"}],"predecessor-version":[{"id":3257,"href":"https:\/\/annexeromainville.com\/index.php\/wp-json\/wp\/v2\/pages\/3156\/revisions\/3257"}],"wp:attachment":[{"href":"https:\/\/annexeromainville.com\/index.php\/wp-json\/wp\/v2\/media?parent=3156"}],"curies":[{"name":"wp","href":"https:\/\/api.w.org\/{rel}","templated":true}]}}