{"id":3174,"date":"2020-01-09T15:43:13","date_gmt":"2020-01-09T14:43:13","guid":{"rendered":"http:\/\/annexeromainville.com\/?page_id=3174"},"modified":"2020-02-11T18:05:54","modified_gmt":"2020-02-11T17:05:54","slug":"cest-vous-qui-le-dites","status":"publish","type":"page","link":"https:\/\/annexeromainville.com\/index.php\/cest-vous-qui-le-dites\/","title":{"rendered":"C&#8217;EST VOUS QUI LE DITES !"},"content":{"rendered":"<div id=\"pl-3174\"  class=\"panel-layout\" ><div id=\"pg-3174-0\"  class=\"panel-grid panel-no-style\" ><div id=\"pgc-3174-0-0\"  class=\"panel-grid-cell\" ><div id=\"panel-3174-0-0-0\" class=\"so-panel widget widget_sow-image panel-first-child panel-last-child\" data-index=\"0\" ><div\n\t\t\t\n\t\t\tclass=\"so-widget-sow-image so-widget-sow-image-default-c67d20f9f743-3174\"\n\t\t\t\n\t\t>\n<div class=\"sow-image-container\">\n\t\t<img \n\tsrc=\"https:\/\/annexeromainville.com\/wp-content\/uploads\/2018\/04\/spectacle-1.jpg\" width=\"613\" height=\"68\" srcset=\"https:\/\/annexeromainville.com\/wp-content\/uploads\/2018\/04\/spectacle-1.jpg 613w, https:\/\/annexeromainville.com\/wp-content\/uploads\/2018\/04\/spectacle-1-300x33.jpg 300w\" sizes=\"(max-width: 613px) 100vw, 613px\" title=\"spectacle (1)\" alt=\"\" loading=\"lazy\" \t\tclass=\"so-widget-image\"\/>\n\t<\/div>\n\n<\/div><\/div><\/div><\/div><div id=\"pg-3174-1\"  class=\"panel-grid panel-no-style\" ><div id=\"pgc-3174-1-0\"  class=\"panel-grid-cell\" ><div id=\"panel-3174-1-0-0\" class=\"so-panel widget widget_sow-image panel-first-child panel-last-child\" data-index=\"1\" ><div\n\t\t\t\n\t\t\tclass=\"so-widget-sow-image so-widget-sow-image-default-8b5b6f678277-3174\"\n\t\t\t\n\t\t>\n<div class=\"sow-image-container\">\n\t\t<img \n\tsrc=\"https:\/\/annexeromainville.com\/wp-content\/uploads\/2020\/01\/IMG_5756178-scaled.jpg\" width=\"2560\" height=\"1920\" srcset=\"https:\/\/annexeromainville.com\/wp-content\/uploads\/2020\/01\/IMG_5756178-scaled.jpg 2560w, https:\/\/annexeromainville.com\/wp-content\/uploads\/2020\/01\/IMG_5756178-300x225.jpg 300w, https:\/\/annexeromainville.com\/wp-content\/uploads\/2020\/01\/IMG_5756178-1024x768.jpg 1024w, https:\/\/annexeromainville.com\/wp-content\/uploads\/2020\/01\/IMG_5756178-768x576.jpg 768w, https:\/\/annexeromainville.com\/wp-content\/uploads\/2020\/01\/IMG_5756178-1536x1152.jpg 1536w, https:\/\/annexeromainville.com\/wp-content\/uploads\/2020\/01\/IMG_5756178-2048x1536.jpg 2048w\" sizes=\"(max-width: 2560px) 100vw, 2560px\" title=\"IMG_5756[178]\" alt=\"\" loading=\"lazy\" \t\tclass=\"so-widget-image\"\/>\n\t<\/div>\n\n<\/div><\/div><\/div><div id=\"pgc-3174-1-1\"  class=\"panel-grid-cell\" ><div id=\"panel-3174-1-1-0\" class=\"so-panel widget widget_sow-editor panel-first-child panel-last-child\" data-index=\"2\" ><div\n\t\t\t\n\t\t\tclass=\"so-widget-sow-editor so-widget-sow-editor-base\"\n\t\t\t\n\t\t>\n<div class=\"siteorigin-widget-tinymce textwidget\">\n\t<p><span style=\"color: #000000;\"><strong>Du 13 au 14 Mars, \u00e0 20h<\/strong><\/span><br \/>\n<span style=\"color: #000000;\">Ouverture des portes \u00e0 19h45<\/span><\/p>\n<p><span style=\"color: #000000;\">Compagnie Diva d'un Bar.<br \/>\nDe et par David Braun.<br \/>\nMise en sc\u00e8ne Marine Benech.<br \/>\n<\/span><\/p>\n<p><span style=\"color: #000000;\">DUR\u00c9E : 1H10<\/span><br \/>\n<span style=\"color: #000000;\">\u00c2GE : Tout public \u00e0 partir de 10 ans<\/span><\/p>\n<p><span style=\"color: #000000;\"><em>C\u2019est vous qui le dites&nbsp;!&nbsp;<\/em>est une fable clownesque n\u00e9e d\u2019une exp\u00e9rience aussi courante qu\u2019horripilante&nbsp;: appeler la hot line pour un probl\u00e8me de t\u00e9l\u00e9phone. \u00c7a n\u2019a l\u2019air de rien d\u2019appeler une hot line. C\u2019est pourtant p\u00e9n\u00e9trer dans un monde inqui\u00e9tant, qui est peut-\u00eatre d\u00e9j\u00e0 le n\u00f4tre. Un monde o\u00f9 la parole est strictement utilitaire et o\u00f9 les humains ne valent gu\u00e8re mieux que des machines. Tout \u00e7a pour vendre des t\u00e9l\u00e9phones et soi-disant faciliter la communication\u2026<\/span><\/p>\n<p><span style=\"color: #000000;\">Communiquer, Monsieur <strong>Z<\/strong>este ne demande que \u00e7a. Surtout avec l\u2019homme charmant qui lui a vaguement promis de le rappeler. Seul, dans son pyjama, Monsieur <strong>Z<\/strong>este n\u2019en peut plus d\u2019attendre son appel qui ne vient pas. Pour lui c\u2019est un probl\u00e8me technique que son op\u00e9rateur doit imp\u00e9rativement r\u00e9soudre.<\/span><\/p>\n<p><span style=\"color: #000000;\">Irascible, g\u00e9n\u00e9reux, indign\u00e9 par l\u2019injustice, Monsieur <strong>Z<\/strong>este va parvenir par son bagout \u00e0 nouer des \u00e9changes personnels avec les t\u00e9l\u00e9op\u00e9rateurs. Il va insuffler de l\u2019\u00e9motion et de l\u2019impr\u00e9vu dans l\u2019univers robotis\u00e9 de la t\u00e9l\u00e9phonie. Et provoquer des catastrophes en cha\u00eene.<\/span><\/p>\n<p>&nbsp;<\/p>\n<p><a href=\"http:\/\/annexeromainville.com\/wp-content\/uploads\/2020\/02\/Dossier-presse-cest-vous-qui-le-dites-.pdf\">Dossier de Presse<\/a> \/ <a href=\"http:\/\/annexeromainville.com\/wp-content\/uploads\/2020\/02\/Dossier-Cest-vous-qui-le-dites-\u00e0-jour.pdf\">Dossier Artistique<\/a><\/p>\n<p>&nbsp;<\/p>\n<p style=\"text-align: justify;\">&nbsp;<\/p>\n<\/div>\n<\/div><\/div><\/div><\/div><div id=\"pg-3174-2\"  class=\"panel-grid panel-no-style\" ><div id=\"pgc-3174-2-0\"  class=\"panel-grid-cell\" ><div id=\"panel-3174-2-0-0\" class=\"so-panel widget widget_sow-button panel-first-child panel-last-child\" data-index=\"3\" ><div\n\t\t\t\n\t\t\tclass=\"so-widget-sow-button so-widget-sow-button-atom-857739567c6a-3174\"\n\t\t\t\n\t\t><div class=\"ow-button-base ow-button-align-center\"\n>\n\t\t\t<a\n\t\t\t\t\thref=\"http:\/\/annexedutraindevie.com\/index.php\/reservation\/\"\n\t\t\t\t\tclass=\"sowb-button ow-icon-placement-left ow-button-hover\" \t>\n\t\t<span>\n\t\t\t<span class=\"sow-icon-ionicons\" data-sow-icon=\"&#xf373;\"\n\t\tstyle=\"color: #dd9933\" \n\t\taria-hidden=\"true\"><\/span>\n\t\t\tR\u00e9server\t\t<\/span>\n\t\t\t<\/a>\n\t<\/div>\n<\/div><\/div><\/div><\/div><div id=\"pg-3174-3\"  class=\"panel-grid panel-no-style\" ><div id=\"pgc-3174-3-0\"  class=\"panel-grid-cell\" ><div id=\"panel-3174-3-0-0\" class=\"so-panel widget widget_sow-editor panel-first-child panel-last-child\" data-index=\"4\" ><div\n\t\t\t\n\t\t\tclass=\"so-widget-sow-editor so-widget-sow-editor-base\"\n\t\t\t\n\t\t><h3 class=\"widget-title\">DAVID BRAUN<\/h3>\n<div class=\"siteorigin-widget-tinymce textwidget\">\n\t<p style=\"text-align: justify;\"><span style=\"color: #000000;\">David Braun est auteur et com\u00e9dien. Pour le th\u00e9\u00e2tre il est notamment l\u2019auteur de <em>Bulles<\/em>, une pi\u00e8ce soutenue par l\u2019association Beaumarchais, laur\u00e9ate de l'Appel \u00e0 Textes des EAT, et dont le texte est \u00e0 para\u00eetre \u00e0 l\u2019Avant-Sc\u00e8ne. Pour le cin\u00e9ma, il a entre autres \u00e9crit et r\u00e9alis\u00e9 <em>Polichinelle<\/em>, coproduit par France 2 et dont le sc\u00e9nario est laur\u00e9at du Label 1 de la Maison du Film Court.<\/span><br \/>\n<span style=\"color: #000000;\">Com\u00e9dien, il affectionne la com\u00e9die (<em>Les Sept Jours de Simon Labrosse<\/em>), le cabaret (<em>Les Beaux Parleurs<\/em>), le clown (<em>Quoi de nouveau sous le Soleil ?<\/em>) et les spectacles jeune public (<em>Maxence ou le Conte du M\u00e9tro<\/em>, <em>Le Journal Intime de la Maman des Petits Cochons<\/em>). Il a suivi une formation litt\u00e9raire (ENS, agr\u00e9gation de lettres modernes) dramaturgique (dipl\u00f4m\u00e9 en sc\u00e9nario \u00e0 la FEMIS) et clownesque (le Samovar).<\/span><\/p>\n<p>&nbsp;<\/p>\n<p style=\"text-align: justify;\"><span style=\"color: #000000;\">&nbsp;<\/span><\/p>\n<\/div>\n<\/div><\/div><\/div><div id=\"pgc-3174-3-1\"  class=\"panel-grid-cell\" ><div id=\"panel-3174-3-1-0\" class=\"so-panel widget widget_sow-image panel-first-child\" data-index=\"5\" ><div\n\t\t\t\n\t\t\tclass=\"so-widget-sow-image so-widget-sow-image-default-8b5b6f678277-3174\"\n\t\t\t\n\t\t>\n<div class=\"sow-image-container\">\n\t\t<img \n\tsrc=\"https:\/\/annexeromainville.com\/wp-content\/uploads\/2020\/01\/David_Braun-1375179-scaled.jpg\" width=\"2560\" height=\"1707\" srcset=\"https:\/\/annexeromainville.com\/wp-content\/uploads\/2020\/01\/David_Braun-1375179-scaled.jpg 2560w, https:\/\/annexeromainville.com\/wp-content\/uploads\/2020\/01\/David_Braun-1375179-300x200.jpg 300w, https:\/\/annexeromainville.com\/wp-content\/uploads\/2020\/01\/David_Braun-1375179-1024x683.jpg 1024w, https:\/\/annexeromainville.com\/wp-content\/uploads\/2020\/01\/David_Braun-1375179-768x512.jpg 768w, https:\/\/annexeromainville.com\/wp-content\/uploads\/2020\/01\/David_Braun-1375179-1536x1024.jpg 1536w, https:\/\/annexeromainville.com\/wp-content\/uploads\/2020\/01\/David_Braun-1375179-2048x1365.jpg 2048w, https:\/\/annexeromainville.com\/wp-content\/uploads\/2020\/01\/David_Braun-1375179-272x182.jpg 272w\" sizes=\"(max-width: 2560px) 100vw, 2560px\" title=\"David_Braun-1375[179]\" alt=\"\" loading=\"lazy\" \t\tclass=\"so-widget-image\"\/>\n\t<\/div>\n\n<\/div><\/div><div id=\"panel-3174-3-1-1\" class=\"so-panel widget widget_sow-image\" data-index=\"6\" ><div\n\t\t\t\n\t\t\tclass=\"so-widget-sow-image so-widget-sow-image-default-8b5b6f678277-3174\"\n\t\t\t\n\t\t>\n<div class=\"sow-image-container\">\n\t\t<img \n\tsrc=\"https:\/\/annexeromainville.com\/wp-content\/uploads\/2020\/02\/0001-1-scaled.jpg\" width=\"1811\" height=\"2560\" srcset=\"https:\/\/annexeromainville.com\/wp-content\/uploads\/2020\/02\/0001-1-scaled.jpg 1811w, https:\/\/annexeromainville.com\/wp-content\/uploads\/2020\/02\/0001-1-212x300.jpg 212w, https:\/\/annexeromainville.com\/wp-content\/uploads\/2020\/02\/0001-1-724x1024.jpg 724w, https:\/\/annexeromainville.com\/wp-content\/uploads\/2020\/02\/0001-1-768x1086.jpg 768w, https:\/\/annexeromainville.com\/wp-content\/uploads\/2020\/02\/0001-1-1086x1536.jpg 1086w, https:\/\/annexeromainville.com\/wp-content\/uploads\/2020\/02\/0001-1-1448x2048.jpg 1448w\" sizes=\"(max-width: 1811px) 100vw, 1811px\" title=\"0001 (1)\" alt=\"\" loading=\"lazy\" \t\tclass=\"so-widget-image\"\/>\n\t<\/div>\n\n<\/div><\/div><div id=\"panel-3174-3-1-2\" class=\"so-panel widget widget_sow-image panel-last-child\" data-index=\"7\" ><div\n\t\t\t\n\t\t\tclass=\"so-widget-sow-image so-widget-sow-image-default-8b5b6f678277-3174\"\n\t\t\t\n\t\t>\n<div class=\"sow-image-container\">\n\t\t<img \n\tsrc=\"https:\/\/annexeromainville.com\/wp-content\/uploads\/2020\/02\/david-def-cest-vous-qui-scaled.jpg\" width=\"1810\" height=\"2560\" srcset=\"https:\/\/annexeromainville.com\/wp-content\/uploads\/2020\/02\/david-def-cest-vous-qui-scaled.jpg 1810w, https:\/\/annexeromainville.com\/wp-content\/uploads\/2020\/02\/david-def-cest-vous-qui-212x300.jpg 212w, https:\/\/annexeromainville.com\/wp-content\/uploads\/2020\/02\/david-def-cest-vous-qui-724x1024.jpg 724w, https:\/\/annexeromainville.com\/wp-content\/uploads\/2020\/02\/david-def-cest-vous-qui-768x1086.jpg 768w, https:\/\/annexeromainville.com\/wp-content\/uploads\/2020\/02\/david-def-cest-vous-qui-1086x1536.jpg 1086w, https:\/\/annexeromainville.com\/wp-content\/uploads\/2020\/02\/david-def-cest-vous-qui-1448x2048.jpg 1448w\" sizes=\"(max-width: 1810px) 100vw, 1810px\" title=\"david def c&#8217;est vous qui\" alt=\"\" loading=\"lazy\" \t\tclass=\"so-widget-image\"\/>\n\t<\/div>\n\n<\/div><\/div><\/div><div id=\"pgc-3174-3-2\"  class=\"panel-grid-cell\" ><div id=\"panel-3174-3-2-0\" class=\"so-panel widget widget_sow-editor panel-first-child panel-last-child\" data-index=\"8\" ><div\n\t\t\t\n\t\t\tclass=\"so-widget-sow-editor so-widget-sow-editor-base\"\n\t\t\t\n\t\t><h3 class=\"widget-title\">MARINE BENECH<\/h3>\n<div class=\"siteorigin-widget-tinymce textwidget\">\n\t<p>Form\u00e9e \u00e0 l'Ecole Jacques Lecoq, Marine Benech a notamment travaill\u00e9 pour le Th\u00e9\u00e2tre de la Jacquerie, le Th\u00e9\u00e2tre du Fr\u00eane et la compagnie Hoipolloi en Angleterre. Elle est \u00e9galement com\u00e9dienne et clown pour le Rire M\u00e9decin.&nbsp;<\/p>\n<\/div>\n<\/div><\/div><\/div><\/div><\/div>","protected":false},"excerpt":{"rendered":"<p>Du 13 au 14 Mars, \u00e0 20h Ouverture des portes \u00e0 19h45 Compagnie Diva d&#8217;un Bar. De et par David Braun. Mise en sc\u00e8ne Marine Benech. DUR\u00c9E : 1H10 \u00c2GE<span class=\"read-more-wrap\"><a class=\"moretag\" href=\"https:\/\/annexeromainville.com\/index.php\/cest-vous-qui-le-dites\/\">Lire la suite<span class=\"screen-reader-text\">C&#8217;EST VOUS QUI LE DITES !<\/span><\/a><\/span><\/p>\n","protected":false},"author":2,"featured_media":0,"parent":0,"menu_order":0,"comment_status":"closed","ping_status":"closed","template":"","meta":{"_bbp_topic_count":0,"_bbp_reply_count":0,"_bbp_total_topic_count":0,"_bbp_total_reply_count":0,"_bbp_voice_count":0,"_bbp_anonymous_reply_count":0,"_bbp_topic_count_hidden":0,"_bbp_reply_count_hidden":0,"_bbp_forum_subforum_count":0,"ngg_post_thumbnail":0},"_links":{"self":[{"href":"https:\/\/annexeromainville.com\/index.php\/wp-json\/wp\/v2\/pages\/3174"}],"collection":[{"href":"https:\/\/annexeromainville.com\/index.php\/wp-json\/wp\/v2\/pages"}],"about":[{"href":"https:\/\/annexeromainville.com\/index.php\/wp-json\/wp\/v2\/types\/page"}],"author":[{"embeddable":true,"href":"https:\/\/annexeromainville.com\/index.php\/wp-json\/wp\/v2\/users\/2"}],"replies":[{"embeddable":true,"href":"https:\/\/annexeromainville.com\/index.php\/wp-json\/wp\/v2\/comments?post=3174"}],"version-history":[{"count":17,"href":"https:\/\/annexeromainville.com\/index.php\/wp-json\/wp\/v2\/pages\/3174\/revisions"}],"predecessor-version":[{"id":3250,"href":"https:\/\/annexeromainville.com\/index.php\/wp-json\/wp\/v2\/pages\/3174\/revisions\/3250"}],"wp:attachment":[{"href":"https:\/\/annexeromainville.com\/index.php\/wp-json\/wp\/v2\/media?parent=3174"}],"curies":[{"name":"wp","href":"https:\/\/api.w.org\/{rel}","templated":true}]}}