{"id":3300,"date":"2020-02-23T17:07:44","date_gmt":"2020-02-23T16:07:44","guid":{"rendered":"http:\/\/annexeromainville.com\/?page_id=3300"},"modified":"2020-02-23T17:10:11","modified_gmt":"2020-02-23T16:10:11","slug":"soutenez-lannexe","status":"publish","type":"page","link":"https:\/\/annexeromainville.com\/index.php\/soutenez-lannexe\/","title":{"rendered":"Soutenez L&#8217;Annexe!"},"content":{"rendered":"<div id=\"pl-3300\"  class=\"panel-layout\" ><div id=\"pg-3300-0\"  class=\"panel-grid panel-no-style\" ><div id=\"pgc-3300-0-0\"  class=\"panel-grid-cell\" ><div id=\"panel-3300-0-0-0\" class=\"so-panel widget widget_sow-editor panel-first-child panel-last-child\" data-index=\"0\" ><div\n\t\t\t\n\t\t\tclass=\"so-widget-sow-editor so-widget-sow-editor-base\"\n\t\t\t\n\t\t>\n<div class=\"siteorigin-widget-tinymce textwidget\">\n\t<div>&nbsp;<\/div>\n<div style=\"text-align: justify;\"><span style=\"color: #000000;\">L'Annexe est lieu culturel et citoyen ind\u00e9pendant. Fabrique de culture et de spectacles, nous accompagnons toute l'ann\u00e9e des artistes, collectifs dans leur processus de cr\u00e9ation. <\/span><\/div>\n<div style=\"text-align: justify;\">&nbsp;<\/div>\n<div style=\"text-align: justify;\"><span style=\"color: #000000;\">L'Annexe est n\u00e9e d'une utopie, celle que chacune et chacun puisse prendre part au d\u00e9veloppement et \u00e0 la vie d'un lieu culturel. Cette utopie nous m\u00e8ne \u00e0 garder notre caract\u00e8re ind\u00e9pendant des institutions. <\/span><\/div>\n<div style=\"text-align: justify;\">&nbsp;<\/div>\n<div style=\"text-align: justify;\"><span style=\"color: #000000;\">C'est pourquoi chaque don permet de soutenir L'Annexe dans son action, de vivre, d'ouvrir ses portes \u00e0 chaque citoyen qui auraient envie de venir voir un spectacle, participer \u00e0 un atelier, ou tout simplement int\u00e9grer le Collectif Citoyen de L'Annexe.<\/span><\/div>\n<div style=\"text-align: justify;\">&nbsp;<\/div>\n<div style=\"text-align: justify;\"><span style=\"color: #000000;\">&nbsp;L'Annexe, c'est un espace de cr\u00e9ation artistique participatif. R\u00e9unis par des valeurs communes, artistes, publics et adh\u00e9rents \u00e9laborent et participent de mani\u00e8re innovante \u00e0 son activit\u00e9 et \u00e0 son d\u00e9veloppement. Nous avons l\u2019ambition de red\u00e9finir avec les citoyens et&nbsp;&nbsp;&nbsp; les artistes qui composent le paysage de notre territoire, les lieux de productions et de diffusions culturelles. D\u2019offrir un temps de r\u00e9flexion autour des modalit\u00e9s de nos activit\u00e9s, qu\u2019elles soient artistiques ou p\u00e9dagogiques.&nbsp;&nbsp;&nbsp; <\/span><\/div>\n<div style=\"text-align: justify;\">&nbsp;<\/div>\n<div style=\"text-align: justify;\"><span style=\"color: #000000;\">L\u2019Annexe se d\u00e9finit comme un lieu culturel et citoyen, pour d\u2019autres il sera un lieu de fabrique, un tiers lieu, un lieu d\u2019innovation, tous ces labels ou d\u00e9finitions nous conviennent.&nbsp;&nbsp;&nbsp; Elles nous rappellent sans cesse notre mobilit\u00e9 prot\u00e9iforme, notre insatiable envie d\u2019apprendre et d\u2019\u00e9voluer, notre besoin de nous confronter aux autres. <\/span><\/div>\n<div style=\"text-align: justify;\">&nbsp;<\/div>\n<div style=\"text-align: justify;\"><span style=\"color: #000000;\">Derri\u00e8re ces mots il y a des actions : <\/span><\/div>\n<div style=\"text-align: justify;\"><span style=\"color: #000000;\">-&nbsp; Une gouvernance partag\u00e9e et une gestion innovante des projets culturels avec le Collectif&nbsp;&nbsp;&nbsp; Citoyen qui participe et r\u00e9fl\u00e9chit au d\u00e9veloppement de la structure et de ses actions.&nbsp; <\/span><\/div>\n<div style=\"text-align: justify;\"><span style=\"color: #000000;\">- Une adh\u00e9sion tr\u00e8s attractive - 20\u20ac pour le Pass Culture illimit\u00e9 annuel - qui permet de voir tous les spectacles.&nbsp; <\/span><\/div>\n<div style=\"text-align: justify;\"><span style=\"color: #000000;\">- Ici pas de billetterie, mais un droit d\u2019entr\u00e9e associatif et une contribution libre, int\u00e9gralement remise aux artistes. Nous pr\u00e9figurons un espace culturel o\u00f9 le spectateur n\u2019est plus un spectateur-consommateur mais un acteur. <\/span><\/div>\n<div style=\"text-align: justify;\"><span style=\"color: #000000;\">- L\u2019Emploi et la Formation que nous proposons est \u00e0 \u00e9chelle humaine, dans une volont\u00e9 de transmission et d\u2019autonomisation. <\/span><\/div>\n<div style=\"text-align: justify;\">&nbsp;<\/div>\n<div style=\"text-align: justify;\"><span style=\"color: #000000;\">L\u2019Annexe, c\u2019est un lieu de spectacles : th\u00e9\u00e2tre, musique, cabaret, lecture, danse. Un lieu de transmission autour des pratiques artistiques et culturelles : th\u00e9\u00e2tre, conte, chorale, marionnette\u2026 \u00e0 destination des adultes, enfants et parents-enfants.<\/span><br \/>\n<span style=\"color: #000000;\">&nbsp;<\/span><\/div>\n<div>&nbsp;<\/div>\n<p><iframe id=\"haWidget\" style=\"width: 100%; height: 750px; border: none;\" src=\"https:\/\/www.helloasso.com\/associations\/jetzt\/formulaires\/1\/widget\" scrolling=\"auto\"><\/iframe><\/p>\n<\/div>\n<\/div><\/div><\/div><\/div><\/div>","protected":false},"excerpt":{"rendered":"<p>&nbsp; L&#8217;Annexe est lieu culturel et citoyen ind\u00e9pendant. Fabrique de culture et de spectacles, nous accompagnons toute l&#8217;ann\u00e9e des artistes, collectifs dans leur processus de cr\u00e9ation. &nbsp; L&#8217;Annexe est n\u00e9e<span class=\"read-more-wrap\"><a class=\"moretag\" href=\"https:\/\/annexeromainville.com\/index.php\/soutenez-lannexe\/\">Lire la suite<span class=\"screen-reader-text\">Soutenez L&#8217;Annexe!<\/span><\/a><\/span><\/p>\n","protected":false},"author":2,"featured_media":0,"parent":0,"menu_order":0,"comment_status":"closed","ping_status":"closed","template":"","meta":{"_bbp_topic_count":0,"_bbp_reply_count":0,"_bbp_total_topic_count":0,"_bbp_total_reply_count":0,"_bbp_voice_count":0,"_bbp_anonymous_reply_count":0,"_bbp_topic_count_hidden":0,"_bbp_reply_count_hidden":0,"_bbp_forum_subforum_count":0,"ngg_post_thumbnail":0},"_links":{"self":[{"href":"https:\/\/annexeromainville.com\/index.php\/wp-json\/wp\/v2\/pages\/3300"}],"collection":[{"href":"https:\/\/annexeromainville.com\/index.php\/wp-json\/wp\/v2\/pages"}],"about":[{"href":"https:\/\/annexeromainville.com\/index.php\/wp-json\/wp\/v2\/types\/page"}],"author":[{"embeddable":true,"href":"https:\/\/annexeromainville.com\/index.php\/wp-json\/wp\/v2\/users\/2"}],"replies":[{"embeddable":true,"href":"https:\/\/annexeromainville.com\/index.php\/wp-json\/wp\/v2\/comments?post=3300"}],"version-history":[{"count":3,"href":"https:\/\/annexeromainville.com\/index.php\/wp-json\/wp\/v2\/pages\/3300\/revisions"}],"predecessor-version":[{"id":3305,"href":"https:\/\/annexeromainville.com\/index.php\/wp-json\/wp\/v2\/pages\/3300\/revisions\/3305"}],"wp:attachment":[{"href":"https:\/\/annexeromainville.com\/index.php\/wp-json\/wp\/v2\/media?parent=3300"}],"curies":[{"name":"wp","href":"https:\/\/api.w.org\/{rel}","templated":true}]}}