{"id":3689,"date":"2020-07-27T15:03:05","date_gmt":"2020-07-27T14:03:05","guid":{"rendered":"http:\/\/annexeromainville.com\/?page_id=3689"},"modified":"2020-08-18T16:14:26","modified_gmt":"2020-08-18T15:14:26","slug":"recettes-immorales-et-cetera","status":"publish","type":"page","link":"https:\/\/annexeromainville.com\/index.php\/recettes-immorales-et-cetera\/","title":{"rendered":"Recettes Immorales et Cetera&#8230;"},"content":{"rendered":"<div id=\"pl-3689\"  class=\"panel-layout\" ><div id=\"pg-3689-0\"  class=\"panel-grid panel-no-style\" ><div id=\"pgc-3689-0-0\"  class=\"panel-grid-cell\" ><div id=\"panel-3689-0-0-0\" class=\"so-panel widget widget_sow-image panel-first-child panel-last-child\" data-index=\"0\" ><div\n\t\t\t\n\t\t\tclass=\"so-widget-sow-image so-widget-sow-image-default-8b5b6f678277-3689\"\n\t\t\t\n\t\t>\n<div class=\"sow-image-container\">\n\t\t<img \n\tsrc=\"https:\/\/annexeromainville.com\/wp-content\/uploads\/2020\/08\/Affiche-RECETTES-IMMORALES-AUTUMN-2020-Sans-FOOTER.png\" width=\"1240\" height=\"1614\" srcset=\"https:\/\/annexeromainville.com\/wp-content\/uploads\/2020\/08\/Affiche-RECETTES-IMMORALES-AUTUMN-2020-Sans-FOOTER.png 1240w, https:\/\/annexeromainville.com\/wp-content\/uploads\/2020\/08\/Affiche-RECETTES-IMMORALES-AUTUMN-2020-Sans-FOOTER-230x300.png 230w, https:\/\/annexeromainville.com\/wp-content\/uploads\/2020\/08\/Affiche-RECETTES-IMMORALES-AUTUMN-2020-Sans-FOOTER-787x1024.png 787w, https:\/\/annexeromainville.com\/wp-content\/uploads\/2020\/08\/Affiche-RECETTES-IMMORALES-AUTUMN-2020-Sans-FOOTER-768x1000.png 768w, https:\/\/annexeromainville.com\/wp-content\/uploads\/2020\/08\/Affiche-RECETTES-IMMORALES-AUTUMN-2020-Sans-FOOTER-1180x1536.png 1180w\" sizes=\"(max-width: 1240px) 100vw, 1240px\" title=\"Affiche RECETTES IMMORALES AUTUMN 2020 Sans FOOTER\" alt=\"\" loading=\"lazy\" \t\tclass=\"so-widget-image\"\/>\n\t<\/div>\n\n<\/div><\/div><\/div><div id=\"pgc-3689-0-1\"  class=\"panel-grid-cell\" ><div id=\"panel-3689-0-1-0\" class=\"so-panel widget widget_sow-editor panel-first-child panel-last-child\" data-index=\"1\" ><div\n\t\t\t\n\t\t\tclass=\"so-widget-sow-editor so-widget-sow-editor-base\"\n\t\t\t\n\t\t>\n<div class=\"siteorigin-widget-tinymce textwidget\">\n\t<p><span style=\"color: #000000;\"><strong>Les 25 &amp; 26 Septembre 2020, 20H<\/strong><\/span><br \/>\n<span style=\"color: #000000;\">Ouverture des portes \u00e0 19h45<\/span><\/p>\n<p><span style=\"color: #000000;\">Par <strong>La Compagnie La Girandole<\/strong><br \/>\nTextes de <strong>Charles LEE<\/strong><br \/>\nMise en Sc\u00e8ne de <strong>Charles LEE<\/strong><br \/>\nAvec <strong>F\u00e9licie Fabre<\/strong>, <strong>Luciano Travaglino<\/strong><br \/>\nCr\u00e9ation Lumi\u00e8re de <strong>Karl Big<\/strong><br \/>\n<\/span><\/p>\n<p><span style=\"color: #000000;\"><span style=\"text-decoration: underline;\">DUR\u00c9E<\/span> : 1H<\/span><br \/>\n<span style=\"color: #000000;\"><span style=\"text-decoration: underline;\">\u00c2GE<\/span> : \u00e0 partir de 10 ans<\/span><\/p>\n<p><em><span style=\"color: #000000;\">Recettes Immorales et cetera\u2026 est un spectacle construit comme une recette de cuisine.<\/span><\/em><br \/>\n<em><span style=\"color: #000000;\">Autour d\u2019une table, et pourquoi pas, d\u2019un lit nuptiale imaginaire, on partage, non pas le pain et le vin mais les mets somptueux qui nourrissent l\u2019\u00e2me et l\u2019esprit. Dans un tourbillon d\u2019aliments et de mots F\u00e9licie, la chef de cuisine, nous concocte un menu savoureux. Entre conseils \u00e9clair\u00e9s pour la conduite \u00e0 tenir autour d\u2019une table et les petites astuces qui vous permettront d\u2019\u00eatre l\u2019h\u00f4te parfait, F\u00e9licie, nous am\u00e8ne dans les secrets intimes des recettes. Le public savoure avec gourmandise la nourriture de ce repas irr\u00e9el.<\/span><\/em><\/p>\n<p>Dossier Artistique \/ Dossier de Presse<\/p>\n<\/div>\n<\/div><\/div><\/div><\/div><div id=\"pg-3689-1\"  class=\"panel-grid panel-no-style\" ><div id=\"pgc-3689-1-0\"  class=\"panel-grid-cell panel-grid-cell-empty\" ><\/div><div id=\"pgc-3689-1-1\"  class=\"panel-grid-cell\" ><div id=\"panel-3689-1-1-0\" class=\"so-panel widget widget_sow-button panel-first-child\" data-index=\"2\" ><div\n\t\t\t\n\t\t\tclass=\"so-widget-sow-button so-widget-sow-button-wire-e7929c76966e-3689\"\n\t\t\t\n\t\t><div class=\"ow-button-base ow-button-align-center\"\n>\n\t\t\t<a\n\t\t\t\t\thref=\"http:\/\/annexeromainville.com\/index.php\/reservation\/\"\n\t\t\t\t\tclass=\"sowb-button ow-icon-placement-left ow-button-hover\" target=\"_blank\" rel=\"noopener noreferrer\" \t>\n\t\t<span>\n\t\t\t<span class=\"sow-icon-ionicons\" data-sow-icon=\"&#xf373;\"\n\t\tstyle=\"color: #dd9933\" \n\t\taria-hidden=\"true\"><\/span>\n\t\t\tR\u00e9server\t\t<\/span>\n\t\t\t<\/a>\n\t<\/div>\n<\/div><\/div><div id=\"panel-3689-1-1-1\" class=\"so-panel widget widget_sow-image\" data-index=\"3\" ><div\n\t\t\t\n\t\t\tclass=\"so-widget-sow-image so-widget-sow-image-default-c67d20f9f743-3689\"\n\t\t\t\n\t\t>\n<div class=\"sow-image-container\">\n\t\t\t<a href=\"https:\/\/www.girandole.fr\/\"\n\t\t\ttarget=\"_blank\" rel=\"noopener noreferrer\" \t\t>\n\t\t\t<img \n\tsrc=\"https:\/\/annexeromainville.com\/wp-content\/uploads\/2020\/08\/Logo-Site-Web-50x56-1.jpg\" width=\"56\" height=\"50\" sizes=\"(max-width: 56px) 100vw, 56px\" title=\"Logo Site Web 50&#215;56\" alt=\"\" loading=\"lazy\" \t\tclass=\"so-widget-image\"\/>\n\t\t\t<\/a><\/div>\n\n<\/div><\/div><div id=\"panel-3689-1-1-2\" class=\"so-panel widget widget_sow-image\" data-index=\"4\" ><div\n\t\t\t\n\t\t\tclass=\"so-widget-sow-image so-widget-sow-image-default-c67d20f9f743-3689\"\n\t\t\t\n\t\t>\n<div class=\"sow-image-container\">\n\t\t\t<a href=\"https:\/\/www.facebook.com\/TheatreLaGirandole\/\"\n\t\t\ttarget=\"_blank\" rel=\"noopener noreferrer\" \t\t>\n\t\t\t<img \n\tsrc=\"https:\/\/annexeromainville.com\/wp-content\/uploads\/2020\/08\/Logo-Facebook-50x50-1.png\" width=\"50\" height=\"50\" sizes=\"(max-width: 50px) 100vw, 50px\" title=\"Logo Facebook 50&#215;50\" alt=\"\" loading=\"lazy\" \t\tclass=\"so-widget-image\"\/>\n\t\t\t<\/a><\/div>\n\n<\/div><\/div><div id=\"panel-3689-1-1-3\" class=\"so-panel widget widget_sow-image panel-last-child\" data-index=\"5\" ><div\n\t\t\t\n\t\t\tclass=\"so-widget-sow-image so-widget-sow-image-default-c67d20f9f743-3689\"\n\t\t\t\n\t\t>\n<div class=\"sow-image-container\">\n\t\t\t<a href=\"https:\/\/www.instagram.com\/theatredelagirandole\/\"\n\t\t\ttarget=\"_blank\" rel=\"noopener noreferrer\" \t\t>\n\t\t\t<img \n\tsrc=\"https:\/\/annexeromainville.com\/wp-content\/uploads\/2020\/08\/Logo-Instagram-50x50-1.png\" width=\"50\" height=\"50\" sizes=\"(max-width: 50px) 100vw, 50px\" title=\"Logo Instagram 50&#215;50\" alt=\"\" loading=\"lazy\" \t\tclass=\"so-widget-image\"\/>\n\t\t\t<\/a><\/div>\n\n<\/div><\/div><\/div><div id=\"pgc-3689-1-2\"  class=\"panel-grid-cell panel-grid-cell-empty\" ><\/div><div id=\"pgc-3689-1-3\"  class=\"panel-grid-cell panel-grid-cell-empty\" ><\/div><div id=\"pgc-3689-1-4\"  class=\"panel-grid-cell panel-grid-cell-mobile-last\" ><div id=\"panel-3689-1-4-0\" class=\"so-panel widget widget_sow-image panel-first-child panel-last-child\" data-index=\"6\" ><div\n\t\t\t\n\t\t\tclass=\"so-widget-sow-image so-widget-sow-image-default-c67d20f9f743-3689\"\n\t\t\t\n\t\t>\n<div class=\"sow-image-container\">\n\t\t<img \n\tsrc=\"https:\/\/annexeromainville.com\/wp-content\/uploads\/2020\/08\/Copertina_cmyk\u00a9FedericaRaverta-.jpg\" width=\"1270\" height=\"1530\" srcset=\"https:\/\/annexeromainville.com\/wp-content\/uploads\/2020\/08\/Copertina_cmyk\u00a9FedericaRaverta-.jpg 1270w, https:\/\/annexeromainville.com\/wp-content\/uploads\/2020\/08\/Copertina_cmyk\u00a9FedericaRaverta--249x300.jpg 249w, https:\/\/annexeromainville.com\/wp-content\/uploads\/2020\/08\/Copertina_cmyk\u00a9FedericaRaverta--850x1024.jpg 850w, https:\/\/annexeromainville.com\/wp-content\/uploads\/2020\/08\/Copertina_cmyk\u00a9FedericaRaverta--768x925.jpg 768w\" sizes=\"(max-width: 1270px) 100vw, 1270px\" title=\"Stampa\" alt=\"\" loading=\"lazy\" \t\tclass=\"so-widget-image\"\/>\n\t<\/div>\n\n<\/div><\/div><\/div><div id=\"pgc-3689-1-5\"  class=\"panel-grid-cell panel-grid-cell-empty\" ><\/div><\/div><div id=\"pg-3689-2\"  class=\"panel-grid panel-no-style\" ><div id=\"pgc-3689-2-0\"  class=\"panel-grid-cell\" ><div id=\"panel-3689-2-0-0\" class=\"so-panel widget widget_sow-editor panel-first-child panel-last-child\" data-index=\"7\" ><div\n\t\t\t\n\t\t\tclass=\"so-widget-sow-editor so-widget-sow-editor-base\"\n\t\t\t\n\t\t><h3 class=\"widget-title\">Compagnie La Girandole<\/h3>\n<div class=\"siteorigin-widget-tinymce textwidget\">\n\t<p style=\"text-align: justify;\"><img loading=\"lazy\" class=\" wp-image-3790 alignleft\" src=\"http:\/\/annexeromainville.com\/wp-content\/uploads\/2020\/08\/logo_girandole-300x280.png\" alt=\"\" width=\"150\" height=\"140\" srcset=\"https:\/\/annexeromainville.com\/wp-content\/uploads\/2020\/08\/logo_girandole-300x280.png 300w, https:\/\/annexeromainville.com\/wp-content\/uploads\/2020\/08\/logo_girandole.png 651w\" sizes=\"(max-width: 150px) 100vw, 150px\" \/><span style=\"color: #000000;\">Depuis la cr\u00e9ation de la Compagnie en 1980, sa ligne artistique n'a pas d\u00e9vi\u00e9. Elle monte et r\u00e9alise des spectacles d'auteurs tels que Pier Paolo Pasolini, J.L. Lagarce, Ruzzante, Georges Feydeau, Victor Hugo, Federico Fellini, Luigi Pirandello, Mat\u00e9i Visniek, Jean-Pierre Leonardini, Dario Fo et Franca Rame, Eduardo de Filippo, Ascanio Celestini et Fabrizio de Andre. Ses cr\u00e9ations marient notre \u00e9poque et les traditions populaires, pour faire rena\u00eetre la part de r\u00eave, de po\u00e9sie et de fantaisie qui est en chacun de nous.<\/span><\/p>\n<p style=\"text-align: justify;\"><span style=\"color: #000000;\">Des milliers de spectateurs ont ainsi pu d\u00e9couvrir un large r\u00e9pertoire, aussi bien dans les th\u00e9\u00e2tres que dans des lieux non conventionnels. La compagnie intervient dans les entreprises, en milieu scolaire ou extra-scolaire et organise des \u00e9v\u00e9nements.<\/span><\/p>\n<\/div>\n<\/div><\/div><\/div><div id=\"pgc-3689-2-1\"  class=\"panel-grid-cell\" ><div id=\"panel-3689-2-1-0\" class=\"so-panel widget widget_sow-editor panel-first-child panel-last-child\" data-index=\"8\" ><div\n\t\t\t\n\t\t\tclass=\"so-widget-sow-editor so-widget-sow-editor-base\"\n\t\t\t\n\t\t><h3 class=\"widget-title\">Charles LEE<\/h3>\n<div class=\"siteorigin-widget-tinymce textwidget\">\n\t<p style=\"text-align: justify;\"><img loading=\"lazy\" class=\"wp-image-3801  alignleft\" src=\"http:\/\/annexeromainville.com\/wp-content\/uploads\/2020\/08\/Charles-Lee-300x300.jpg\" alt=\"\" width=\"151\" height=\"151\" srcset=\"https:\/\/annexeromainville.com\/wp-content\/uploads\/2020\/08\/Charles-Lee.jpg 300w, https:\/\/annexeromainville.com\/wp-content\/uploads\/2020\/08\/Charles-Lee-150x150.jpg 150w\" sizes=\"(max-width: 151px) 100vw, 151px\" \/><\/p>\n<p style=\"text-align: justify;\"><span style=\"color: #000000;\">Metteur en sc\u00e8ne de nationalit\u00e9 britannique, il est co-responsable artistique de <strong>Correspondances<\/strong>. Enthousiaste de Beckett, il met en sc\u00e8ne <em>un<\/em> <em>triptyque<\/em>&nbsp;qui tourne depuis 2006&nbsp;. Charles Lee s'impr\u00e8gne des grands classiques tels que Shakespeare, Mirabeau ou Ibsen pour adapter des auteurs plus contemporains comme Pinter, Ionesco ou Dyer.<\/span><\/p>\n<p style=\"text-align: justify;\"><span style=\"color: #000000;\">On compte parmi ses derni\u00e8res cr\u00e9ations <em>Sans<\/em> <em>Ailes<\/em> <em>de<\/em> <em>Marion<\/em> <em>Bonneau<\/em> (2008), <em>La<\/em> <em>Petite<\/em> <em>Danube <\/em>de Jean-Pierre Canet (2009)<em>, <\/em><em>Music-Hall<\/em><em>&nbsp; <\/em>de Jean-Luc Lagarce (2010), <em>Le droit \u00e0 la paresse <\/em>de Paul Lafargue (2015) (pr\u00e9sent\u00e9s au Th\u00e9\u00e2tre de La Girandole) et<em> Alice face au miroir <\/em>de Lewis Carroll<em>.<\/em><\/span><\/p>\n<p style=\"text-align: justify;\">&nbsp;<\/p>\n<p style=\"text-align: justify;\"><span style=\"color: #000000;\">&nbsp;<\/span><\/p>\n<\/div>\n<\/div><\/div><\/div><\/div><div id=\"pg-3689-3\"  class=\"panel-grid panel-no-style\" ><div id=\"pgc-3689-3-0\"  class=\"panel-grid-cell\" ><div id=\"panel-3689-3-0-0\" class=\"so-panel widget widget_sow-editor panel-first-child panel-last-child\" data-index=\"9\" ><div\n\t\t\t\n\t\t\tclass=\"so-widget-sow-editor so-widget-sow-editor-base\"\n\t\t\t\n\t\t><h3 class=\"widget-title\">F\u00e9licie FABRE<\/h3>\n<div class=\"siteorigin-widget-tinymce textwidget\">\n\t<p style=\"text-align: justify;\"><span style=\"color: #000000;\"><img loading=\"lazy\" class=\" wp-image-3802 alignleft\" src=\"http:\/\/annexeromainville.com\/wp-content\/uploads\/2020\/08\/Felicie-Fabre-230x300.png\" alt=\"\" width=\"150\" height=\"196\" srcset=\"https:\/\/annexeromainville.com\/wp-content\/uploads\/2020\/08\/Felicie-Fabre-230x300.png 230w, https:\/\/annexeromainville.com\/wp-content\/uploads\/2020\/08\/Felicie-Fabre.png 336w\" sizes=\"(max-width: 150px) 100vw, 150px\" \/>Apr\u00e8s un DEUG de Lettres Modernes, elle suit l\u2019\u00c9cole de Cirque Annie Fratellini puis devient l\u2019\u00e9l\u00e8ve de Jacques Lecoq.<\/span><\/p>\n<p style=\"text-align: justify;\"><span style=\"color: #000000;\">Depuis 1980, tour \u00e0 tour com\u00e9dienne, auteur ou adaptatrice, elle participe \u00e0 de nombreux spectacles, mis en sc\u00e8ne par L. Travaglino, C. Lee\u2026 : <em>Les Gueux<\/em> de Victor Hugo, <em>Un peu de sexe ? Merci juste pour vous \u00eatre agr\u00e9able<\/em> de D. Fo et F. Rame, <em>Le droit \u00e0 la paresse<\/em> de P. Lafargue, <em>Elena Ceausescu, Carnets Secrets<\/em> de P. Rambaud et F. Szpiner, <em>Le Paquebot<\/em> de M. Visniec, <em>Music Hall<\/em> de J-L Lagarce, <em>L\u2019escalier au bord de la mer<\/em> et <em>L\u2019Autorisation<\/em> de Serge Valletti et <em>Rouge Rouges<\/em> de G\u00e9rard Astor.<\/span><\/p>\n<\/div>\n<\/div><\/div><\/div><div id=\"pgc-3689-3-1\"  class=\"panel-grid-cell\" ><div id=\"panel-3689-3-1-0\" class=\"so-panel widget widget_sow-editor panel-first-child panel-last-child\" data-index=\"10\" ><div\n\t\t\t\n\t\t\tclass=\"so-widget-sow-editor so-widget-sow-editor-base\"\n\t\t\t\n\t\t><h3 class=\"widget-title\">Luciano TRAVAGLINO<\/h3>\n<div class=\"siteorigin-widget-tinymce textwidget\">\n\t<p style=\"text-align: justify;\"><span style=\"color: #000000;\"><img loading=\"lazy\" class=\" wp-image-3800 alignleft\" src=\"http:\/\/annexeromainville.com\/wp-content\/uploads\/2020\/08\/Luciano-Travaglino-221x300.png\" alt=\"\" width=\"150\" height=\"204\" srcset=\"https:\/\/annexeromainville.com\/wp-content\/uploads\/2020\/08\/Luciano-Travaglino-221x300.png 221w, https:\/\/annexeromainville.com\/wp-content\/uploads\/2020\/08\/Luciano-Travaglino.png 440w\" sizes=\"(max-width: 150px) 100vw, 150px\" \/>Auteur, metteur en sc\u00e8ne, com\u00e9dien, chanteur, il fait ses premi\u00e8res exp\u00e9riences th\u00e9\u00e2trales en Italie dans la troupe de son village avec des spectacles en dialecte lombardo-pi\u00e9montais. Dipl\u00f4m\u00e9 de <strong>L\u2019Accademia dei Filodrammatici<\/strong> de Milan, il participe \u00e0 des cr\u00e9ations de spectacles au <strong>Teatro Stabile di Torino<\/strong>, au <strong>Teatro la Contrada di Trieste<\/strong> et au <strong>Teatro Belli di Roma<\/strong>.<\/span><\/p>\n<p style=\"text-align: justify;\"><span style=\"color: #000000;\">A Paris apr\u00e8s avoir \u00e9t\u00e9 l\u2019\u00e9l\u00e8ve de Jacques Lecoq, il fr\u00e9quente le Conservatoire Libre du Cin\u00e9ma Fran\u00e7ais avant de fonder sa propre compagnie : <em><strong>La Girandole<\/strong><\/em>. Il met en sc\u00e8ne une vingtaine de spectacles et interpr\u00e8te de nombreux r\u00f4les, en italien et en fran\u00e7ais, au th\u00e9\u00e2tre et \u00e0 la t\u00e9l\u00e9vision.<\/span><\/p>\n<p style=\"text-align: justify;\"><span style=\"color: #000000;\">&nbsp;<\/span><\/p>\n<\/div>\n<\/div><\/div><\/div><\/div><\/div>","protected":false},"excerpt":{"rendered":"<p>Les 25 &amp; 26 Septembre 2020, 20H Ouverture des portes \u00e0 19h45 Par La Compagnie La Girandole Textes de Charles LEE Mise en Sc\u00e8ne de Charles LEE Avec F\u00e9licie Fabre,<span class=\"read-more-wrap\"><a class=\"moretag\" href=\"https:\/\/annexeromainville.com\/index.php\/recettes-immorales-et-cetera\/\">Lire la suite<span class=\"screen-reader-text\">Recettes Immorales et Cetera&#8230;<\/span><\/a><\/span><\/p>\n","protected":false},"author":2,"featured_media":0,"parent":0,"menu_order":0,"comment_status":"closed","ping_status":"closed","template":"","meta":{"_bbp_topic_count":0,"_bbp_reply_count":0,"_bbp_total_topic_count":0,"_bbp_total_reply_count":0,"_bbp_voice_count":0,"_bbp_anonymous_reply_count":0,"_bbp_topic_count_hidden":0,"_bbp_reply_count_hidden":0,"_bbp_forum_subforum_count":0,"ngg_post_thumbnail":0},"_links":{"self":[{"href":"https:\/\/annexeromainville.com\/index.php\/wp-json\/wp\/v2\/pages\/3689"}],"collection":[{"href":"https:\/\/annexeromainville.com\/index.php\/wp-json\/wp\/v2\/pages"}],"about":[{"href":"https:\/\/annexeromainville.com\/index.php\/wp-json\/wp\/v2\/types\/page"}],"author":[{"embeddable":true,"href":"https:\/\/annexeromainville.com\/index.php\/wp-json\/wp\/v2\/users\/2"}],"replies":[{"embeddable":true,"href":"https:\/\/annexeromainville.com\/index.php\/wp-json\/wp\/v2\/comments?post=3689"}],"version-history":[{"count":68,"href":"https:\/\/annexeromainville.com\/index.php\/wp-json\/wp\/v2\/pages\/3689\/revisions"}],"predecessor-version":[{"id":3866,"href":"https:\/\/annexeromainville.com\/index.php\/wp-json\/wp\/v2\/pages\/3689\/revisions\/3866"}],"wp:attachment":[{"href":"https:\/\/annexeromainville.com\/index.php\/wp-json\/wp\/v2\/media?parent=3689"}],"curies":[{"name":"wp","href":"https:\/\/api.w.org\/{rel}","templated":true}]}}