{"id":3695,"date":"2020-07-27T15:04:37","date_gmt":"2020-07-27T14:04:37","guid":{"rendered":"http:\/\/annexeromainville.com\/?page_id=3695"},"modified":"2020-11-12T20:17:41","modified_gmt":"2020-11-12T19:17:41","slug":"a-lest-du-soleil-a-louest-de-la-lune","status":"publish","type":"page","link":"https:\/\/annexeromainville.com\/index.php\/a-lest-du-soleil-a-louest-de-la-lune\/","title":{"rendered":"A L&#8217;est du soleil, \u00e0 l&#8217;ouest de la Lune"},"content":{"rendered":"<div id=\"pl-3695\"  class=\"panel-layout\" ><div id=\"pg-3695-0\"  class=\"panel-grid panel-no-style\" ><div id=\"pgc-3695-0-0\"  class=\"panel-grid-cell\" ><div id=\"panel-3695-0-0-0\" class=\"so-panel widget widget_sow-image panel-first-child panel-last-child\" data-index=\"0\" ><div\n\t\t\t\n\t\t\tclass=\"so-widget-sow-image so-widget-sow-image-default-8b5b6f678277-3695\"\n\t\t\t\n\t\t>\n<div class=\"sow-image-container\">\n\t\t<img \n\tsrc=\"https:\/\/annexeromainville.com\/wp-content\/uploads\/2020\/11\/Affiche-BOITE-A-CONTE-HIVER-2021-RESIZE.png\" width=\"1240\" height=\"1603\" srcset=\"https:\/\/annexeromainville.com\/wp-content\/uploads\/2020\/11\/Affiche-BOITE-A-CONTE-HIVER-2021-RESIZE.png 1240w, https:\/\/annexeromainville.com\/wp-content\/uploads\/2020\/11\/Affiche-BOITE-A-CONTE-HIVER-2021-RESIZE-232x300.png 232w, https:\/\/annexeromainville.com\/wp-content\/uploads\/2020\/11\/Affiche-BOITE-A-CONTE-HIVER-2021-RESIZE-792x1024.png 792w, https:\/\/annexeromainville.com\/wp-content\/uploads\/2020\/11\/Affiche-BOITE-A-CONTE-HIVER-2021-RESIZE-768x993.png 768w, https:\/\/annexeromainville.com\/wp-content\/uploads\/2020\/11\/Affiche-BOITE-A-CONTE-HIVER-2021-RESIZE-1188x1536.png 1188w\" sizes=\"(max-width: 1240px) 100vw, 1240px\" title=\"Affiche BOITE A CONTE HIVER 2021 RESIZE\" alt=\"\" loading=\"lazy\" \t\tclass=\"so-widget-image\"\/>\n\t<\/div>\n\n<\/div><\/div><\/div><div id=\"pgc-3695-0-1\"  class=\"panel-grid-cell\" ><div id=\"panel-3695-0-1-0\" class=\"so-panel widget widget_sow-editor panel-first-child panel-last-child\" data-index=\"1\" ><div\n\t\t\t\n\t\t\tclass=\"so-widget-sow-editor so-widget-sow-editor-base\"\n\t\t\t\n\t\t>\n<div class=\"siteorigin-widget-tinymce textwidget\">\n\t<h1><span style=\"color: #000000;\">La Boite \u00e0 Contes : A l'Est du Soleil, \u00e0 l'Ouest de la Lune<br \/>\n<\/span><\/h1>\n<p><span style=\"color: #000000;\"><strong>Le 17 Octobre 2020, 17<\/strong><\/span><span style=\"color: #000000;\"><strong>H<\/strong><\/span><br \/>\n<span style=\"color: #000000;\"><strong>Les 30 &amp; 31 Janvier 2021<\/strong><\/span><span style=\"color: #000000;\"><strong>, 17H<\/strong><\/span><br \/>\n<span style=\"color: #000000;\">Ouverture des portes \u00e0 16h40<\/span><\/p>\n<p><span style=\"color: #000000;\">Par <strong>La Compagnie JETZT<\/strong><br \/>\nTexte <strong>Norv\u00e9gien inspir\u00e9 de Peter Christen Asbj\u00f8rnsen<\/strong><br \/>\nAdaptation de <strong>Pierre Chochoy-Jarret<\/strong><br \/>\nMise en Sc\u00e8ne de <strong> D\u00e9borah <\/strong><strong>BANOUN<\/strong><br \/>\nAvec <strong>Stefania Carmen Misaila<br \/>\n<\/strong><\/span><\/p>\n<p><span style=\"color: #000000;\"><span style=\"text-decoration: underline;\">DUR\u00c9E<\/span> : 1h<\/span><br \/>\n<span style=\"color: #000000;\"><span style=\"text-decoration: underline;\">\u00c2GE<\/span> : \u00e0 partir de 7 ans<\/span><\/p>\n<p><span style=\"color: #000000;\"><em>La boite \u00e0 Contes, propos\u00e9e par la Cie JETZT, compose une variation dramatique-humoristique-po\u00e9tique-farfelue des contes traditionnels.<\/em><\/span><br \/>\n<span style=\"color: #000000;\"><em>Un exercice de style, hommage aux conteurs, aux acteurs, aux funambules des mots, aux acrobates du style, aux th\u00e9\u00e2tre d\u2019objets. Aux artistes de la paroles et du mouvement.<\/em><\/span><\/p>\n<p><span style=\"color: #000000;\"><em><span style=\"font-family: Trebuchet MS, sans-serif;\"><span style=\"font-size: medium;\">\u00ab&nbsp;Une jeune femme joue dans la neige. Un soir de temp\u00eate, elle se retrouve face \u00e0 un grand&nbsp;ours blanc&nbsp;qui lui demande poliment sa main... L'amour, aussi puissant soit-il, peut \u00eatre une bataille sans r\u00e9pit. Un parcours initiatique port\u00e9 par le souffle subtil et puissant d'une com\u00e9dienne intense qui r\u00e9veille les h\u00e9ros qui sommeillent en nous et qui nous rappelle que le bonheur, \u00e7a s'apprend !&nbsp;\u00bb<\/span><\/span><\/em><\/span><\/p>\n<p><a href=\"http:\/\/annexeromainville.com\/wp-content\/uploads\/2020\/10\/La-Boite-a-Contes-ses-ateliers-Cie-JETZT-2020.pdf\">Dossier Artistique<\/a> \/ Dossier de Presse<\/p>\n<\/div>\n<\/div><\/div><\/div><\/div><div id=\"pg-3695-1\"  class=\"panel-grid panel-no-style\" ><div id=\"pgc-3695-1-0\"  class=\"panel-grid-cell panel-grid-cell-empty\" ><\/div><div id=\"pgc-3695-1-1\"  class=\"panel-grid-cell\" ><div id=\"panel-3695-1-1-0\" class=\"so-panel widget widget_sow-button panel-first-child\" data-index=\"2\" ><div\n\t\t\t\n\t\t\tclass=\"so-widget-sow-button so-widget-sow-button-wire-e7929c76966e-3695\"\n\t\t\t\n\t\t><div class=\"ow-button-base ow-button-align-center\"\n>\n\t\t\t<a\n\t\t\t\t\thref=\"http:\/\/annexeromainville.com\/index.php\/reservation\/\"\n\t\t\t\t\tclass=\"sowb-button ow-icon-placement-left ow-button-hover\" target=\"_blank\" rel=\"noopener noreferrer\" \t>\n\t\t<span>\n\t\t\t<span class=\"sow-icon-ionicons\" data-sow-icon=\"&#xf373;\"\n\t\tstyle=\"color: #dd9933\" \n\t\taria-hidden=\"true\"><\/span>\n\t\t\tR\u00e9server\t\t<\/span>\n\t\t\t<\/a>\n\t<\/div>\n<\/div><\/div><div id=\"panel-3695-1-1-1\" class=\"so-panel widget widget_sow-image\" data-index=\"3\" ><div\n\t\t\t\n\t\t\tclass=\"so-widget-sow-image so-widget-sow-image-default-c67d20f9f743-3695\"\n\t\t\t\n\t\t>\n<div class=\"sow-image-container\">\n\t\t\t<a href=\"http:\/\/ciejetzt.blogspot.com\/\"\n\t\t\ttarget=\"_blank\" rel=\"noopener noreferrer\" \t\t>\n\t\t\t<img \n\tsrc=\"https:\/\/annexeromainville.com\/wp-content\/uploads\/2020\/08\/Logo-Site-Web-50x56-1.jpg\" width=\"56\" height=\"50\" sizes=\"(max-width: 56px) 100vw, 56px\" title=\"Logo Site Web 50&#215;56\" alt=\"\" loading=\"lazy\" \t\tclass=\"so-widget-image\"\/>\n\t\t\t<\/a><\/div>\n\n<\/div><\/div><div id=\"panel-3695-1-1-2\" class=\"so-panel widget widget_sow-image\" data-index=\"4\" ><div\n\t\t\t\n\t\t\tclass=\"so-widget-sow-image so-widget-sow-image-default-c67d20f9f743-3695\"\n\t\t\t\n\t\t>\n<div class=\"sow-image-container\">\n\t\t\t<a href=\"https:\/\/www.facebook.com\/laciejetzt\/\"\n\t\t\ttarget=\"_blank\" rel=\"noopener noreferrer\" \t\t>\n\t\t\t<img \n\tsrc=\"https:\/\/annexeromainville.com\/wp-content\/uploads\/2020\/08\/Logo-Facebook-50x50-1.png\" width=\"50\" height=\"50\" sizes=\"(max-width: 50px) 100vw, 50px\" title=\"Logo Facebook 50&#215;50\" alt=\"\" loading=\"lazy\" \t\tclass=\"so-widget-image\"\/>\n\t\t\t<\/a><\/div>\n\n<\/div><\/div><div id=\"panel-3695-1-1-3\" class=\"so-panel widget widget_sow-image panel-last-child\" data-index=\"5\" ><div\n\t\t\t\n\t\t\tclass=\"so-widget-sow-image so-widget-sow-image-default-c67d20f9f743-3695\"\n\t\t\t\n\t\t>\n<div class=\"sow-image-container\">\n\t\t\t<a href=\"https:\/\/www.instagram.com\/annexeromainville\/\"\n\t\t\ttarget=\"_blank\" rel=\"noopener noreferrer\" \t\t>\n\t\t\t<img \n\tsrc=\"https:\/\/annexeromainville.com\/wp-content\/uploads\/2020\/08\/Logo-Instagram-50x50-1.png\" width=\"50\" height=\"50\" sizes=\"(max-width: 50px) 100vw, 50px\" title=\"Logo Instagram 50&#215;50\" alt=\"\" loading=\"lazy\" \t\tclass=\"so-widget-image\"\/>\n\t\t\t<\/a><\/div>\n\n<\/div><\/div><\/div><div id=\"pgc-3695-1-2\"  class=\"panel-grid-cell panel-grid-cell-empty\" ><\/div><div id=\"pgc-3695-1-3\"  class=\"panel-grid-cell panel-grid-cell-empty\" ><\/div><div id=\"pgc-3695-1-4\"  class=\"panel-grid-cell panel-grid-cell-mobile-last\" ><div id=\"panel-3695-1-4-0\" class=\"so-panel widget widget_sow-image panel-first-child\" data-index=\"6\" ><div\n\t\t\t\n\t\t\tclass=\"so-widget-sow-image so-widget-sow-image-default-c67d20f9f743-3695\"\n\t\t\t\n\t\t>\n<div class=\"sow-image-container\">\n\t\t<img \n\tsrc=\"https:\/\/annexeromainville.com\/wp-content\/uploads\/2020\/08\/a_l_est_du_soleil_image_de_kay_nielsen_coupe.jpg\" width=\"990\" height=\"555\" srcset=\"https:\/\/annexeromainville.com\/wp-content\/uploads\/2020\/08\/a_l_est_du_soleil_image_de_kay_nielsen_coupe.jpg 990w, https:\/\/annexeromainville.com\/wp-content\/uploads\/2020\/08\/a_l_est_du_soleil_image_de_kay_nielsen_coupe-300x168.jpg 300w, https:\/\/annexeromainville.com\/wp-content\/uploads\/2020\/08\/a_l_est_du_soleil_image_de_kay_nielsen_coupe-768x431.jpg 768w\" sizes=\"(max-width: 990px) 100vw, 990px\" alt=\"\" loading=\"lazy\" \t\tclass=\"so-widget-image\"\/>\n\t<\/div>\n\n<\/div><\/div><div id=\"panel-3695-1-4-1\" class=\"so-panel widget widget_sow-editor panel-last-child\" data-index=\"7\" ><div\n\t\t\t\n\t\t\tclass=\"so-widget-sow-editor so-widget-sow-editor-base\"\n\t\t\t\n\t\t>\n<div class=\"siteorigin-widget-tinymce textwidget\">\n\t<p style=\"text-align: right;\"><em><span style=\"color: #000000;\">Cr\u00e9dit photo : Kay Niels<br \/>\n<\/span><\/em><\/p>\n<\/div>\n<\/div><\/div><\/div><div id=\"pgc-3695-1-5\"  class=\"panel-grid-cell panel-grid-cell-empty\" ><\/div><\/div><div id=\"pg-3695-2\"  class=\"panel-grid panel-no-style\" ><div id=\"pgc-3695-2-0\"  class=\"panel-grid-cell\" ><div id=\"panel-3695-2-0-0\" class=\"so-panel widget widget_sow-editor panel-first-child\" data-index=\"8\" ><div\n\t\t\t\n\t\t\tclass=\"so-widget-sow-editor so-widget-sow-editor-base\"\n\t\t\t\n\t\t><h3 class=\"widget-title\">Compagnie JETZT<\/h3>\n<div class=\"siteorigin-widget-tinymce textwidget\">\n\t<p style=\"text-align: justify;\"><span style=\"color: #000000;\"><img loading=\"lazy\" class=\"size-medium wp-image-2541 alignleft\" src=\"http:\/\/annexeromainville.com\/wp-content\/uploads\/2019\/04\/03final-logo-cie-jetzt-300x59.jpg\" alt=\"\" width=\"300\" height=\"59\" srcset=\"https:\/\/annexeromainville.com\/wp-content\/uploads\/2019\/04\/03final-logo-cie-jetzt-300x59.jpg 300w, https:\/\/annexeromainville.com\/wp-content\/uploads\/2019\/04\/03final-logo-cie-jetzt-768x150.jpg 768w, https:\/\/annexeromainville.com\/wp-content\/uploads\/2019\/04\/03final-logo-cie-jetzt.jpg 792w\" sizes=\"(max-width: 300px) 100vw, 300px\" \/><\/span><\/p>\n<p style=\"text-align: justify;\"><span style=\"color: #000000;\">Cr\u00e9\u00e9e en 1998, JETZT est une troupe d\u2019acteurs pluridisciplinaire. Implant\u00e9e sur le territoire de la Seine Saint Denis depuis Ao\u00fbt 2007, la direction artistique est assur\u00e9e depuis 2010 par D\u00e9borah Banoun.<\/span><\/p>\n<p style=\"text-align: justify;\"><span style=\"color: #000000;\">Les objectifs de la compagnie sont :<\/span><br \/>\n<span style=\"color: #000000;\">\u00b7 Proposer des spectacles ou l\u2019acteur est au centre et la sc\u00e9nographie au service du projet dramaturgique.<\/span><br \/>\n<span style=\"color: #000000;\">\u00b7 Privil\u00e9gier les auteurs contemporains,<\/span><br \/>\n<span style=\"color: #000000;\">\u00b7 D\u00e9fendre un th\u00e9\u00e2tre intelligent, provocateur, d\u00e9cal\u00e9, populaire. <\/span><br \/>\n<span style=\"color: #000000;\">\u00b7 Fabriquer des projets In Situ.<\/span><br \/>\n<span style=\"color: #000000;\">Depuis 2007, JETZT d\u00e9veloppe des actions p\u00e9dagogiques sur le territoire du 93, notamment sur les coll\u00e8ges et lyc\u00e9e de Romainville en partenariat avec la ville. JETZT, collabore avec Arcadi et Raviv (R\u00e9seau des Arts Vivants affili\u00e9 \u00e0 la Maison des R\u00e9seaux) sur les projets de mutualisation de comp\u00e9tences en Ile-de-France. Elle a b\u00e9n\u00e9fici\u00e9 en 2017 d\u2019un DLA avec la F.O.L 93. Elle est membre du r\u00e9seaux ACTES-IF depuis 2017 dans le cadre de son activit\u00e9 avec son lieu interm\u00e9diaire L\u2019ANNEXE.<\/span><\/p>\n<p style=\"text-align: justify;\"><span style=\"color: #000000;\">En septembre 2016, JETZT continue son implantation territoriale en ouvrant son lieu culturel et citoyen. Bas\u00e9 sur le principe de l\u2019\u00c9conomie Sociale et Solidaire et autour de la gouvernance participative, l\u2019Annexe est un lieu intimiste d\u2019exp\u00e9rimentation et de fabrique avec une programmation culturelle toute l\u2019ann\u00e9e, ainsi que des ateliers \u00e0 destination des adultes et des enfants.<\/span><\/p>\n<\/div>\n<\/div><\/div><div id=\"panel-3695-2-0-1\" class=\"so-panel widget widget_sow-editor panel-last-child\" data-index=\"9\" ><div\n\t\t\t\n\t\t\tclass=\"so-widget-sow-editor so-widget-sow-editor-base\"\n\t\t\t\n\t\t><h3 class=\"widget-title\">Stefania Carmen MISAILA<\/h3>\n<div class=\"siteorigin-widget-tinymce textwidget\">\n\t<p style=\"text-align: justify;\"><span style=\"color: #000000;\"><img loading=\"lazy\" class=\" wp-image-2924 alignleft\" src=\"http:\/\/annexeromainville.com\/wp-content\/uploads\/2019\/09\/stefania-carmen-misaila-300x200.jpg\" alt=\"\" width=\"222\" height=\"148\" srcset=\"https:\/\/annexeromainville.com\/wp-content\/uploads\/2019\/09\/stefania-carmen-misaila-300x200.jpg 300w, https:\/\/annexeromainville.com\/wp-content\/uploads\/2019\/09\/stefania-carmen-misaila-768x513.jpg 768w, https:\/\/annexeromainville.com\/wp-content\/uploads\/2019\/09\/stefania-carmen-misaila-1024x684.jpg 1024w, https:\/\/annexeromainville.com\/wp-content\/uploads\/2019\/09\/stefania-carmen-misaila-272x182.jpg 272w\" sizes=\"(max-width: 222px) 100vw, 222px\" \/><\/span><\/p>\n<p style=\"text-align: justify;\"><span style=\"color: #000000;\">Apr\u00e8s des \u00e9tudes sur la culture des \u00c9tats-Unis, elle d\u00e9cide de se consacrer \u00e0 sa passion du th\u00e9\u00e2tre. Dipl\u00f4m\u00e9e en 2015 d\u2019une licence de Jeu de l\u2019Acteur et Arts du Spectacle a l\u2019Universit\u00e9 Babe\u015f-Bolyai de Cluj-Napoca, elle entre comme com\u00e9dienne dans la troupe du Th\u00e9\u00e2tre Municipal Aureliu Manea de Turda. Elle y joue sous la direction de nombreux metteurs en sc\u00e8ne, notamment Mihai M\u0103niu\u021biu, directeur du Th\u00e9\u00e2tre National Lucian Blaga de Cluj-Napoca. Cette rencontre lui permet d\u2019\u00eatre engag\u00e9e, en 2015, comme com\u00e9dienne\/danseuse dans le spectacle <em>La Ordin, Fuhrer!<\/em> avec Maia Morgenstern, mis en sc\u00e8ne par Mihai M\u0103niu\u021biu et chor\u00e9graphi\u00e9 par Andrea Gavriliu. A la suite de ce spectacle, elle devient une collaboratrice importante des cr\u00e9ations M\u0103niu\u021biu \/ Gavriliu et participera a la cr\u00e9ation du spectacle <em>Vertij<\/em> en 2016 et \u00e0 celle de <em>Rambuku<\/em> de Jon Fosse, en 2017. Ce dernier sera r\u00e9compens\u00e9 du prix IUNITER du Meilleur Spectacle.<\/span><\/p>\n<p style=\"text-align: justify;\"><span style=\"color: #000000;\">Cette r\u00e9compense lui ouvrira les portes des tourn\u00e9es nationales et internationales. Encourag\u00e9e par la chor\u00e9graphe Andrea Gavriliu, elle est s\u00e9lectionn\u00e9e pour participer \u00e0 Gala HOP, le plus grand concours organis\u00e9e pour les jeunes acteurs et danseurs roumains. Elle s\u2019y distingue dans une performance solo de th\u00e9\u00e2tre-danse sur <em>Hamlet<\/em> de Shakespeare.<\/span><br \/>\n<span style=\"color: #000000;\">En parall\u00e8le de ses spectacles elle poursuit un master de Jeu de l\u2019Acteur et Arts du Spectacle au cours duquel elle suit de nombreux stages de perfectionnement avec notamment Eugenio Barba (Odin Teatred), Jean-Lemaitre (Th\u00e9\u00e2tre du Soleil), Carolyn Carlson et Stephan Perdekamp.<\/span><\/p>\n<p style=\"text-align: justify;\"><span style=\"color: #000000;\">&nbsp;<\/span><\/p>\n<\/div>\n<\/div><\/div><\/div><div id=\"pgc-3695-2-1\"  class=\"panel-grid-cell\" ><div id=\"panel-3695-2-1-0\" class=\"so-panel widget widget_sow-editor panel-first-child panel-last-child\" data-index=\"10\" ><div\n\t\t\t\n\t\t\tclass=\"so-widget-sow-editor so-widget-sow-editor-base\"\n\t\t\t\n\t\t><h3 class=\"widget-title\">D\u00e9borah BANOUN<\/h3>\n<div class=\"siteorigin-widget-tinymce textwidget\">\n\t<p style=\"text-align: justify;\"><span style=\"color: #000000;\"><img loading=\"lazy\" class=\" wp-image-459 alignleft\" src=\"http:\/\/annexeromainville.com\/wp-content\/uploads\/2016\/10\/M-DEBORAH-BANOUN-225x300.jpg\" alt=\"\" width=\"113\" height=\"151\" srcset=\"https:\/\/annexeromainville.com\/wp-content\/uploads\/2016\/10\/M-DEBORAH-BANOUN-225x300.jpg 225w, https:\/\/annexeromainville.com\/wp-content\/uploads\/2016\/10\/M-DEBORAH-BANOUN.jpg 300w\" sizes=\"(max-width: 113px) 100vw, 113px\" \/>D\u00e9borah Banoun a une double formation. Elle se forme au cours Simon o\u00f9 elle obtient un 1er prix de com\u00e9die. Elle est aussi plasticienne form\u00e9e \u00e0 L\u2019\u00c9cole Nationale Sup\u00e9rieur des Beaux-Arts de Paris ou elle obtient son dipl\u00f4me de 1er cycle en tant que peintre. Riche de ces exp\u00e9riences elle souhaite s\u2019orienter vers la mise en sc\u00e8ne. Afin d\u2019asseoir ses connaissances, elle rentre comme stagiaire assistante \u00e0 la Com\u00e9die Fran\u00e7aise. Elle y rencontre Jean Michel Ribes avec qui elle travaille d\u2019abord en tant qu\u2019assistante \u00e0 la mise en sc\u00e8ne de 2000 \u00e0 2001, puis comme collaboratrice artistique de direction au Th\u00e9\u00e2tre du Rond-Point de 2001 \u00e0 2005. Elle y rencontre \u00e9galement de nombreux auteurs et metteurs en sc\u00e8ne avec lesquels elle collabore, dont William Mesguich, Lionel Spycher, Mohamed Rouabhi, Samuel Benchettrit\u2026<\/span><br \/>\n<span style=\"color: #000000;\">En 2005 elle est l\u2019une des collaboratrices artistiques de la Cie JETZT. Elle y cr\u00e9e en partenariat avec des metteurs en sc\u00e8ne et des auteurs notamment pour <em>Carnets en Marges<\/em> avec Nicolas Liautard (2005\/06), <em>Fitness<\/em> avec Jacques De Decker, <em>7 pieds sous terre<\/em> avec Lise Martin, cr\u00e9\u00e9 au Th\u00e9\u00e2tre de la Vieille Grille (2007\/08), <em>Kiss db ou l\u2019histoire d\u2019une mort sans fin<\/em> avec Elise Mc Leod et Lise Martin au Th\u00e9\u00e2tre Essa\u00efon (2009\/10). En 2012, elle collabore avec Eric Ruff de la Com\u00e9die fran\u00e7aise sur <em>Peer Gynt<\/em> , qui se jouera au Grand Palais. Etudiante en Master 2 de mise en sc\u00e8ne et dramaturgie \u00e0 Nanterre, elle travaille sous la direction de David Lescot, Fran\u00e7ois Rancillac, Daniel Jeannneteau, avant de sortir major de sa promotion. En 2012-2013, elle monte <em>Scapin Projet<\/em>, libre adaptation <em>Des fourberies de Scapin<\/em> de Moli\u00e8re et une maquette de <em>Fiction d\u2019Hiver<\/em> de No\u00eblle Renaude, ses premi\u00e8res mises en sc\u00e8ne qu\u2019elle signe seule comme directrice artistique. En 2014, D\u00e9borah Banoun se lance dans l\u2019\u00e9criture d\u2019une s\u00e9rie th\u00e9\u00e2trale, avec Anne Seiller, librement inspir\u00e9 du <em>Quai de Ouistreham<\/em> de Florence Aubenas. <em>Le Quai<\/em> , comportera 5 \u00e9pisodes de 45 minutes. Les deux premiers \u00e9pisodes seront cr\u00e9\u00e9s en 2014 au Th\u00e9\u00e2tre de Belleville et \u00e0 Gare au Th\u00e9\u00e2tre et jou\u00e9s jusqu\u2019en 2019 en int\u00e9gralit\u00e9 au Th\u00e9\u00e2tre 13 jardin.<\/span><\/p>\n<p style=\"text-align: justify;\"><span style=\"color: #000000;\">En 2016 elle ouvre L\u2019Annexe, fabrique culturelle \u00e0 la gouvernance participative, \u00e0 Romainville, en Seine Saint-Denis. Depuis, elle travaille \u00e0 la cr\u00e9ation de deux nouvelles cr\u00e9ations ; <em>Yalla !<\/em> de Sonia Ristic (cr\u00e9ation 2021), et <em>Grand conte pour enfants tristes<\/em> (cr\u00e9ation 2022), un jeune public m\u00ealant th\u00e9\u00e2tre, illustrations et multim\u00e9dia, dont est l\u2019autrice. Anim\u00e9e par l\u2019envie de relever des d\u00e9fis d\u2019\u00e9criture, elle monte aussi en 2020 des projets de contes pour enfant et d\u2019Ap\u00e9ro-Textes autour d\u2019\u0153uvres d\u2019auteurs \u00e9mergents contemporain.<\/span><\/p>\n<\/div>\n<\/div><\/div><\/div><\/div><\/div>","protected":false},"excerpt":{"rendered":"<p>La Boite \u00e0 Contes : A l&#8217;Est du Soleil, \u00e0 l&#8217;Ouest de la Lune Le 17 Octobre 2020, 17H Les 30 &amp; 31 Janvier 2021, 17H Ouverture des portes \u00e0<span class=\"read-more-wrap\"><a class=\"moretag\" href=\"https:\/\/annexeromainville.com\/index.php\/a-lest-du-soleil-a-louest-de-la-lune\/\">Lire la suite<span class=\"screen-reader-text\">A L&#8217;est du soleil, \u00e0 l&#8217;ouest de la Lune<\/span><\/a><\/span><\/p>\n","protected":false},"author":2,"featured_media":0,"parent":0,"menu_order":0,"comment_status":"closed","ping_status":"closed","template":"","meta":{"_bbp_topic_count":0,"_bbp_reply_count":0,"_bbp_total_topic_count":0,"_bbp_total_reply_count":0,"_bbp_voice_count":0,"_bbp_anonymous_reply_count":0,"_bbp_topic_count_hidden":0,"_bbp_reply_count_hidden":0,"_bbp_forum_subforum_count":0,"ngg_post_thumbnail":0},"_links":{"self":[{"href":"https:\/\/annexeromainville.com\/index.php\/wp-json\/wp\/v2\/pages\/3695"}],"collection":[{"href":"https:\/\/annexeromainville.com\/index.php\/wp-json\/wp\/v2\/pages"}],"about":[{"href":"https:\/\/annexeromainville.com\/index.php\/wp-json\/wp\/v2\/types\/page"}],"author":[{"embeddable":true,"href":"https:\/\/annexeromainville.com\/index.php\/wp-json\/wp\/v2\/users\/2"}],"replies":[{"embeddable":true,"href":"https:\/\/annexeromainville.com\/index.php\/wp-json\/wp\/v2\/comments?post=3695"}],"version-history":[{"count":21,"href":"https:\/\/annexeromainville.com\/index.php\/wp-json\/wp\/v2\/pages\/3695\/revisions"}],"predecessor-version":[{"id":4248,"href":"https:\/\/annexeromainville.com\/index.php\/wp-json\/wp\/v2\/pages\/3695\/revisions\/4248"}],"wp:attachment":[{"href":"https:\/\/annexeromainville.com\/index.php\/wp-json\/wp\/v2\/media?parent=3695"}],"curies":[{"name":"wp","href":"https:\/\/api.w.org\/{rel}","templated":true}]}}