{"id":3701,"date":"2020-07-27T15:06:14","date_gmt":"2020-07-27T14:06:14","guid":{"rendered":"http:\/\/annexeromainville.com\/?page_id=3701"},"modified":"2020-08-19T10:24:13","modified_gmt":"2020-08-19T09:24:13","slug":"le-prince-et-le-voleur-novembre-2020","status":"publish","type":"page","link":"https:\/\/annexeromainville.com\/index.php\/le-prince-et-le-voleur-novembre-2020\/","title":{"rendered":"Le Prince et le Voleur"},"content":{"rendered":"<div id=\"pl-3701\"  class=\"panel-layout\" ><div id=\"pg-3701-0\"  class=\"panel-grid panel-no-style\" ><div id=\"pgc-3701-0-0\"  class=\"panel-grid-cell\" ><div id=\"panel-3701-0-0-0\" class=\"so-panel widget widget_sow-image panel-first-child panel-last-child\" data-index=\"0\" ><div\n\t\t\t\n\t\t\tclass=\"so-widget-sow-image so-widget-sow-image-default-8b5b6f678277-3701\"\n\t\t\t\n\t\t>\n<div class=\"sow-image-container\">\n\t\t<img \n\tsrc=\"https:\/\/annexeromainville.com\/wp-content\/uploads\/2020\/08\/Affiche-PRINCE-ET-VOLEUR-AUTUMN-2020-Sans-FOOTER.png\" width=\"1240\" height=\"1624\" srcset=\"https:\/\/annexeromainville.com\/wp-content\/uploads\/2020\/08\/Affiche-PRINCE-ET-VOLEUR-AUTUMN-2020-Sans-FOOTER.png 1240w, https:\/\/annexeromainville.com\/wp-content\/uploads\/2020\/08\/Affiche-PRINCE-ET-VOLEUR-AUTUMN-2020-Sans-FOOTER-229x300.png 229w, https:\/\/annexeromainville.com\/wp-content\/uploads\/2020\/08\/Affiche-PRINCE-ET-VOLEUR-AUTUMN-2020-Sans-FOOTER-782x1024.png 782w, https:\/\/annexeromainville.com\/wp-content\/uploads\/2020\/08\/Affiche-PRINCE-ET-VOLEUR-AUTUMN-2020-Sans-FOOTER-768x1006.png 768w, https:\/\/annexeromainville.com\/wp-content\/uploads\/2020\/08\/Affiche-PRINCE-ET-VOLEUR-AUTUMN-2020-Sans-FOOTER-1173x1536.png 1173w\" sizes=\"(max-width: 1240px) 100vw, 1240px\" title=\"Affiche PRINCE ET VOLEUR AUTUMN 2020 Sans FOOTER\" alt=\"\" loading=\"lazy\" \t\tclass=\"so-widget-image\"\/>\n\t<\/div>\n\n<\/div><\/div><\/div><div id=\"pgc-3701-0-1\"  class=\"panel-grid-cell\" ><div id=\"panel-3701-0-1-0\" class=\"so-panel widget widget_sow-editor panel-first-child panel-last-child\" data-index=\"1\" ><div\n\t\t\t\n\t\t\tclass=\"so-widget-sow-editor so-widget-sow-editor-base\"\n\t\t\t\n\t\t>\n<div class=\"siteorigin-widget-tinymce textwidget\">\n\t<p><span style=\"color: #000000;\"><strong>Les 27 &amp; 28<\/strong><\/span><span style=\"color: #000000;\"><strong> Novembre 2020, 20H<\/strong><\/span><br \/>\n<span style=\"color: #000000;\">Ouverture des portes \u00e0 19h45<\/span><\/p>\n<p><span style=\"color: #000000;\">Par <strong>La Compagnie Bubblegum Parfum Desert<\/strong><br \/>\nTexte de <strong>Pierre-Vincent Chapus<\/strong><br \/>\nMise en Sc\u00e8ne de <strong>Pierre-Vincent Chapus<\/strong><br \/>\nAvec <strong>Pierre-Vincent Chapus<\/strong>,<strong> Danielle Ajoret <\/strong>(Voix Off)<br \/>\nCr\u00e9ation Lumi\u00e8re de <strong>Elsa PERROT<\/strong><br \/>\nCr\u00e9ation Musicale de <strong>J\u00e9r\u00f4me BAILLET<\/strong><br \/>\nChor\u00e9graphie de Sophie <strong>LAMBERT<\/strong><br \/>\nRegard Ext\u00e9rieur par <strong>Louise BLACHERE<\/strong> et <strong>Fleur SULMONT<\/strong><br \/>\n<\/span><\/p>\n<p><span style=\"color: #000000;\"><span style=\"text-decoration: underline;\">DUR\u00c9E<\/span> : 1H<\/span><br \/>\n<span style=\"color: #000000;\"><span style=\"text-decoration: underline;\">\u00c2GE<\/span> : \u00e0 partir de 16 ans<\/span><\/p>\n<p style=\"text-align: justify;\"><span style=\"color: #000000;\"><em>Dans mon adolescence, j'ai entretenu une amiti\u00e9 parall\u00e8le avec deux gar\u00e7ons: l\u2019un, h\u00e9ritier d'une des plus grandes fortunes fran\u00e7aises, aujourd'hui devenu PDG du premier groupe mondial de communication, et l'autre, jeune de banlieue t\u00eate br\u00fbl\u00e9e, recrois\u00e9 \u00e7\u00e0 et l\u00e0 depuis, entre histoires louches et jobs foireux, insaisissable et grave tendu, toujours vivant en p\u00e9riph\u00e9rie.<\/em><\/span><\/p>\n<p style=\"text-align: justify;\"><span style=\"color: #000000;\"><em>A l'origine, je voulais cr\u00e9er un spectacle avec eux (mon go\u00fbt pour les \"non-acteurs\" sur un plateau dit de Th\u00e9\u00e2tre). Cette rencontre n'a pu se faire. De cette d\u00e9ception initiale et de leur absence, est n\u00e9e une histoire, un conte qu'on dirait au coucher; un conte qui parlerait d'un enfant et d'un pays troubl\u00e9s, obs\u00e9d\u00e9s par leur qu\u00eate d'identit\u00e9.<\/em><\/span><\/p>\n<p style=\"text-align: justify;\"><span style=\"color: #000000;\"><em>Cela commence donc comme un conte, avant de basculer dans la r\u00e9alit\u00e9 d'un salon o\u00f9 une ma\u00eetresse de maison s'affaire. La table a \u00e9t\u00e9 dress\u00e9e pour trois, petits plats dans les grands, comme on dit. Elle est tr\u00e8s excit\u00e9e. Ce soir, elle re\u00e7oit deux gar\u00e7ons aux yeux clairs : un Prince et un Voleur. En attendant qu'ils arrivent et que la soir\u00e9e d\u00e9colle, elle s'interroge sur les mille et une fa\u00e7ons de r\u00e9ussir (et surtout de rater) cette occasion si particuli\u00e8re. La nuit s'avance. Les spectres \u00e9mergent. La France a peur. Elle se sent seule.<\/em><\/span><\/p>\n<p><span style=\"color: #000000;\">LA FERME DU BONHEUR \/ LA BOUTIQUE SOLIDARIT\u00c9 DE GAGNY \/ FONDATION ABB\u00c9 PIERRE \/ ANIS GRAS - LE LIEU DE L'AUTRE<\/span><\/p>\n<p>Dossier Artistique \/ Dossier de Presse<\/p>\n<\/div>\n<\/div><\/div><\/div><\/div><div id=\"pg-3701-1\"  class=\"panel-grid panel-no-style\" ><div id=\"pgc-3701-1-0\"  class=\"panel-grid-cell panel-grid-cell-empty\" ><\/div><div id=\"pgc-3701-1-1\"  class=\"panel-grid-cell\" ><div id=\"panel-3701-1-1-0\" class=\"so-panel widget widget_sow-button panel-first-child\" data-index=\"2\" ><div\n\t\t\t\n\t\t\tclass=\"so-widget-sow-button so-widget-sow-button-wire-e7929c76966e-3701\"\n\t\t\t\n\t\t><div class=\"ow-button-base ow-button-align-center\"\n>\n\t\t\t<a\n\t\t\t\t\thref=\"http:\/\/annexeromainville.com\/index.php\/reservation\/\"\n\t\t\t\t\tclass=\"sowb-button ow-icon-placement-left ow-button-hover\" target=\"_blank\" rel=\"noopener noreferrer\" \t>\n\t\t<span>\n\t\t\t<span class=\"sow-icon-ionicons\" data-sow-icon=\"&#xf373;\"\n\t\tstyle=\"color: #dd9933\" \n\t\taria-hidden=\"true\"><\/span>\n\t\t\tR\u00e9server\t\t<\/span>\n\t\t\t<\/a>\n\t<\/div>\n<\/div><\/div><div id=\"panel-3701-1-1-1\" class=\"so-panel widget widget_sow-image\" data-index=\"3\" ><div\n\t\t\t\n\t\t\tclass=\"so-widget-sow-image so-widget-sow-image-default-c67d20f9f743-3701\"\n\t\t\t\n\t\t>\n<div class=\"sow-image-container\">\n\t\t<img \n\tsrc=\"https:\/\/annexeromainville.com\/wp-content\/uploads\/2020\/08\/Logo-Site-Web-50x56-1.jpg\" width=\"56\" height=\"50\" sizes=\"(max-width: 56px) 100vw, 56px\" title=\"Logo Site Web 50&#215;56\" alt=\"\" loading=\"lazy\" \t\tclass=\"so-widget-image\"\/>\n\t<\/div>\n\n<\/div><\/div><div id=\"panel-3701-1-1-2\" class=\"so-panel widget widget_sow-image\" data-index=\"4\" ><div\n\t\t\t\n\t\t\tclass=\"so-widget-sow-image so-widget-sow-image-default-c67d20f9f743-3701\"\n\t\t\t\n\t\t>\n<div class=\"sow-image-container\">\n\t\t\t<a href=\"https:\/\/www.facebook.com\/exeodemdiabolisanguine\/\"\n\t\t\ttarget=\"_blank\" rel=\"noopener noreferrer\" \t\t>\n\t\t\t<img \n\tsrc=\"https:\/\/annexeromainville.com\/wp-content\/uploads\/2020\/08\/Logo-Facebook-50x50-1.png\" width=\"50\" height=\"50\" sizes=\"(max-width: 50px) 100vw, 50px\" title=\"Logo Facebook 50&#215;50\" alt=\"\" loading=\"lazy\" \t\tclass=\"so-widget-image\"\/>\n\t\t\t<\/a><\/div>\n\n<\/div><\/div><div id=\"panel-3701-1-1-3\" class=\"so-panel widget widget_sow-image panel-last-child\" data-index=\"5\" ><div\n\t\t\t\n\t\t\tclass=\"so-widget-sow-image so-widget-sow-image-default-3a2476c0e107-3701\"\n\t\t\t\n\t\t>\n<div class=\"sow-image-container\">\n\t\t<img \n\tsrc=\"https:\/\/annexeromainville.com\/wp-content\/uploads\/2020\/08\/Logo-Instagram-50x50-1.png\" width=\"50\" height=\"50\" sizes=\"(max-width: 50px) 100vw, 50px\" title=\"Logo Instagram 50&#215;50\" alt=\"\" loading=\"lazy\" \t\tclass=\"so-widget-image\"\/>\n\t<\/div>\n\n<\/div><\/div><\/div><div id=\"pgc-3701-1-2\"  class=\"panel-grid-cell panel-grid-cell-empty\" ><\/div><div id=\"pgc-3701-1-3\"  class=\"panel-grid-cell panel-grid-cell-empty\" ><\/div><div id=\"pgc-3701-1-4\"  class=\"panel-grid-cell panel-grid-cell-mobile-last\" ><div id=\"panel-3701-1-4-0\" class=\"so-panel widget widget_sow-image panel-first-child panel-last-child\" data-index=\"6\" ><div\n\t\t\t\n\t\t\tclass=\"so-widget-sow-image so-widget-sow-image-default-c67d20f9f743-3701\"\n\t\t\t\n\t\t>\n<div class=\"sow-image-container\">\n\t\t<img \n\tsrc=\"https:\/\/annexeromainville.com\/wp-content\/uploads\/2020\/08\/HG_30112019_0126-scaled.jpg\" width=\"1709\" height=\"2560\" srcset=\"https:\/\/annexeromainville.com\/wp-content\/uploads\/2020\/08\/HG_30112019_0126-scaled.jpg 1709w, https:\/\/annexeromainville.com\/wp-content\/uploads\/2020\/08\/HG_30112019_0126-200x300.jpg 200w, https:\/\/annexeromainville.com\/wp-content\/uploads\/2020\/08\/HG_30112019_0126-684x1024.jpg 684w, https:\/\/annexeromainville.com\/wp-content\/uploads\/2020\/08\/HG_30112019_0126-768x1150.jpg 768w, https:\/\/annexeromainville.com\/wp-content\/uploads\/2020\/08\/HG_30112019_0126-1026x1536.jpg 1026w, https:\/\/annexeromainville.com\/wp-content\/uploads\/2020\/08\/HG_30112019_0126-1367x2048.jpg 1367w\" sizes=\"(max-width: 1709px) 100vw, 1709px\" title=\"HG_30112019_0126\" alt=\"Cr\u00e9dit Photo : Serge\" loading=\"lazy\" \t\tclass=\"so-widget-image\"\/>\n\t<\/div>\n\n<\/div><\/div><\/div><div id=\"pgc-3701-1-5\"  class=\"panel-grid-cell panel-grid-cell-empty\" ><\/div><\/div><div id=\"pg-3701-2\"  class=\"panel-grid panel-no-style\" ><div id=\"pgc-3701-2-0\"  class=\"panel-grid-cell\" ><div id=\"panel-3701-2-0-0\" class=\"so-panel widget widget_sow-editor panel-first-child panel-last-child\" data-index=\"7\" ><div\n\t\t\t\n\t\t\tclass=\"so-widget-sow-editor so-widget-sow-editor-base\"\n\t\t\t\n\t\t><h3 class=\"widget-title\">Compagnie Bubblegum Parfum Desert<\/h3>\n<div class=\"siteorigin-widget-tinymce textwidget\">\n\t<p style=\"text-align: justify;\"><span style=\"color: #000000;\"><img loading=\"lazy\" class=\" wp-image-3887 alignleft\" src=\"http:\/\/annexeromainville.com\/wp-content\/uploads\/2020\/08\/Logo-Bubblegum.jpg\" alt=\"\" width=\"150\" height=\"150\" srcset=\"https:\/\/annexeromainville.com\/wp-content\/uploads\/2020\/08\/Logo-Bubblegum.jpg 225w, https:\/\/annexeromainville.com\/wp-content\/uploads\/2020\/08\/Logo-Bubblegum-150x150.jpg 150w\" sizes=\"(max-width: 150px) 100vw, 150px\" \/><\/span><\/p>\n<p style=\"text-align: justify;\"><span style=\"color: #000000;\">La compagnie Bubblegum Parfum D\u00e9sert a \u00e9t\u00e9 fond\u00e9e en 2017 par Pierre-Vincent Chapus, apr\u00e8s son d\u00e9part de la Compagnie C.O.C. qu\u2019il co-dirigeait avec Andreas Westphalen. Cette jeune structure reprend la continuit\u00e9 des activit\u00e9s de transmission et de cr\u00e9ation men\u00e9es par Pierre-Vincent, notamment avec la Boutique Solidarit\u00e9 de Gagny. Pierre-Vincent a pour principe de r\u00e9mun\u00e9rer sur les productions tout le personnel artistique \u00e0 \u00e9galit\u00e9, et ce, depuis plus de 10 ans.<\/span><\/p>\n<p><span style=\"color: #000000;\"><span style=\"text-decoration: underline;\"><strong>Spectacles cr\u00e9\u00e9s avec la troupe<\/strong><\/span> :<\/span><\/p>\n<p><span style=\"color: #000000;\"><em>(Je suis) Ripley Bogle<\/em>, d\u2019apr\u00e8s Robert McLiam Wilson - 2010 (compagnie C.O.C)<\/span><\/p>\n<p><span style=\"color: #000000;\"><em>...hic sunt leones<\/em> - 2013 (compagnie C.O.C.)<\/span><\/p>\n<p><span style=\"color: #000000;\"><em>Patches<\/em> - 2016 (Compagnie C.O.C.)<\/span><\/p>\n<p><span style=\"color: #000000;\"><em>MON PLANCHER\/MY FLOORBOARDS<\/em> - 2017 (Bubblegum Parfum D\u00e9sert)<\/span><\/p>\n<p><span style=\"color: #000000;\"><em>t.n.t. (tr\u00e9sors nationaux du th\u00e9\u00e2tre)<\/em> - 2018 (Bubblegum Parfum D\u00e9sert)<\/span><\/p>\n<p><span style=\"color: #000000;\"><em>Babel Bordello<\/em> - 2018 (Bubblegum Parfum D\u00e9sert)<\/span><\/p>\n<p><span style=\"color: #000000;\"><em>Le Prince et Le Voleur<\/em> - 2019 (Bubblegum Parfum D\u00e9sert)<\/span><\/p>\n<\/div>\n<\/div><\/div><\/div><div id=\"pgc-3701-2-1\"  class=\"panel-grid-cell\" ><div id=\"panel-3701-2-1-0\" class=\"so-panel widget widget_sow-editor panel-first-child panel-last-child\" data-index=\"8\" ><div\n\t\t\t\n\t\t\tclass=\"so-widget-sow-editor so-widget-sow-editor-base\"\n\t\t\t\n\t\t><h3 class=\"widget-title\">Pierre-Vincent CHAPUS<\/h3>\n<div class=\"siteorigin-widget-tinymce textwidget\">\n\t<p style=\"text-align: justify;\"><span style=\"color: #000000;\">Apr\u00e8s un master de criminologie et un enseignement du th\u00e9\u00e2tre au conservatoire Erik Satie, Pierre-Vincent Chapus commence \u00e0 travailler au th\u00e9\u00e2tre sous la direction d'Yves Pignot, Quentin Defalt, Jean-Romain Vesperini, Gabriel Garran, et aussi au cin\u00e9ma o\u00f9 il accompagne les premi\u00e8res r\u00e9alisations de Yann Gonzalez et Pierre-Edouard Dumora. Cette plong\u00e9e dans le m\u00e9tier lui donne assez rapidement l'envie de continuer son parcours autrement et selon ses propres inclinaisons. Aussi, il cr\u00e9e sa premi\u00e8re compagnie (COC, pour cr\u00e9e ou cr\u00e8ve, comme un \u00e9quivalent fran\u00e7ais au&nbsp;<em>Do it yourself<\/em>&nbsp;anglais). Pendant pr\u00e8s de 10 ans, il concr\u00e9tise son d\u00e9sir de repenser son geste aupr\u00e8s de personnes tenues en p\u00e9riph\u00e9rie de la cr\u00e9ation artistique (adolescents en difficult\u00e9, SDF, handicap\u00e9s physiques et mentaux, femmes battues, personnes tr\u00e8s \u00e2g\u00e9es\u2026), tout en \u00e9crivant et cr\u00e9ant ses propres spectacles (<em>CLANDESTINS\/INSECTLANDS, (Je suis) Ripley Bogle, \u2026hic sunt leones, PATCHES<\/em>), dont le point commun est d\u2019impliquer sur le plateau des personnes, professionnelles ou non, rencontr\u00e9es lors d'ateliers pour former une aventure collective de th\u00e9\u00e2tre port\u00e9e par des troupes passionn\u00e9es et singuli\u00e8res. Cherchant toujours \u00e0 faire du th\u00e9\u00e2tre un pr\u00e9texte \u00e0 la Vie, il revendique ce travail sur et dans les marges. Ainsi, un \u00e9quilibre se cr\u00e9e dans ces dialogues constants entre le plateau et ses p\u00e9riph\u00e9ries, g\u00e9n\u00e9rant une discipline \u00e0 la fois radicale et affranchie, souvent accompagn\u00e9e par lieux et institutions franciliennes, dont La Ferme du Bonheur \u00e0 Nanterre et la Boutique solidarit\u00e9 de Gagny avec lesquelles il collabore constamment. En 2016, Pierre-Vincent quitte la compagnie COC, pour commencer une nouvelle aventure plus personnelle avec BUBBLEGUM PARFUM DESERT, structure\/masque qui est \u00e0 la fois une compagnie o\u00f9 il cr\u00e9e spectacles ou performances (<em>My Floorboards, TNT, Le Prince et le Voleur<\/em>), et un projet d\u2019\u00e9dition rudimentaire au long cours (le fanzine B)random).<\/span><\/p>\n<\/div>\n<\/div><\/div><\/div><\/div><\/div>","protected":false},"excerpt":{"rendered":"<p>Les 27 &amp; 28 Novembre 2020, 20H Ouverture des portes \u00e0 19h45 Par La Compagnie Bubblegum Parfum Desert Texte de Pierre-Vincent Chapus Mise en Sc\u00e8ne de Pierre-Vincent Chapus Avec Pierre-Vincent<span class=\"read-more-wrap\"><a class=\"moretag\" href=\"https:\/\/annexeromainville.com\/index.php\/le-prince-et-le-voleur-novembre-2020\/\">Lire la suite<span class=\"screen-reader-text\">Le Prince et le Voleur<\/span><\/a><\/span><\/p>\n","protected":false},"author":2,"featured_media":0,"parent":0,"menu_order":0,"comment_status":"closed","ping_status":"closed","template":"","meta":{"_bbp_topic_count":0,"_bbp_reply_count":0,"_bbp_total_topic_count":0,"_bbp_total_reply_count":0,"_bbp_voice_count":0,"_bbp_anonymous_reply_count":0,"_bbp_topic_count_hidden":0,"_bbp_reply_count_hidden":0,"_bbp_forum_subforum_count":0,"ngg_post_thumbnail":0},"_links":{"self":[{"href":"https:\/\/annexeromainville.com\/index.php\/wp-json\/wp\/v2\/pages\/3701"}],"collection":[{"href":"https:\/\/annexeromainville.com\/index.php\/wp-json\/wp\/v2\/pages"}],"about":[{"href":"https:\/\/annexeromainville.com\/index.php\/wp-json\/wp\/v2\/types\/page"}],"author":[{"embeddable":true,"href":"https:\/\/annexeromainville.com\/index.php\/wp-json\/wp\/v2\/users\/2"}],"replies":[{"embeddable":true,"href":"https:\/\/annexeromainville.com\/index.php\/wp-json\/wp\/v2\/comments?post=3701"}],"version-history":[{"count":9,"href":"https:\/\/annexeromainville.com\/index.php\/wp-json\/wp\/v2\/pages\/3701\/revisions"}],"predecessor-version":[{"id":3895,"href":"https:\/\/annexeromainville.com\/index.php\/wp-json\/wp\/v2\/pages\/3701\/revisions\/3895"}],"wp:attachment":[{"href":"https:\/\/annexeromainville.com\/index.php\/wp-json\/wp\/v2\/media?parent=3701"}],"curies":[{"name":"wp","href":"https:\/\/api.w.org\/{rel}","templated":true}]}}