{"id":3945,"date":"2020-08-24T11:00:42","date_gmt":"2020-08-24T10:00:42","guid":{"rendered":"http:\/\/annexeromainville.com\/?page_id=3945"},"modified":"2022-03-18T12:14:41","modified_gmt":"2022-03-18T11:14:41","slug":"votez-pour-moi-4","status":"publish","type":"page","link":"https:\/\/annexeromainville.com\/index.php\/votez-pour-moi-4\/","title":{"rendered":"Votez pour Moi ! #4"},"content":{"rendered":"<div id=\"pl-3945\"  class=\"panel-layout\" ><div id=\"pg-3945-0\"  class=\"panel-grid panel-no-style\" ><div id=\"pgc-3945-0-0\"  class=\"panel-grid-cell panel-grid-cell-empty\" ><\/div><\/div><div id=\"pg-3945-1\"  class=\"panel-grid panel-no-style\" ><div id=\"pgc-3945-1-0\"  class=\"panel-grid-cell\" ><div id=\"panel-3945-1-0-0\" class=\"so-panel widget widget_sow-image panel-first-child panel-last-child\" data-index=\"0\" ><div\n\t\t\t\n\t\t\tclass=\"so-widget-sow-image so-widget-sow-image-default-8b5b6f678277-3945\"\n\t\t\t\n\t\t>\n<div class=\"sow-image-container\">\n\t\t<img \n\tsrc=\"https:\/\/annexeromainville.com\/wp-content\/uploads\/2020\/08\/Carre-Logo-votez-pour-moi-4-bis.png\" width=\"888\" height=\"888\" srcset=\"https:\/\/annexeromainville.com\/wp-content\/uploads\/2020\/08\/Carre-Logo-votez-pour-moi-4-bis.png 888w, https:\/\/annexeromainville.com\/wp-content\/uploads\/2020\/08\/Carre-Logo-votez-pour-moi-4-bis-300x300.png 300w, https:\/\/annexeromainville.com\/wp-content\/uploads\/2020\/08\/Carre-Logo-votez-pour-moi-4-bis-150x150.png 150w, https:\/\/annexeromainville.com\/wp-content\/uploads\/2020\/08\/Carre-Logo-votez-pour-moi-4-bis-768x768.png 768w\" sizes=\"(max-width: 888px) 100vw, 888px\" title=\"Carr\u00e9 Logo votez pour moi 4 bis\" alt=\"\" loading=\"lazy\" \t\tclass=\"so-widget-image\"\/>\n\t<\/div>\n\n<\/div><\/div><\/div><div id=\"pgc-3945-1-1\"  class=\"panel-grid-cell\" ><div id=\"panel-3945-1-1-0\" class=\"so-panel widget widget_sow-editor panel-first-child panel-last-child\" data-index=\"1\" ><div\n\t\t\t\n\t\t\tclass=\"so-widget-sow-editor so-widget-sow-editor-base\"\n\t\t\t\n\t\t>\n<div class=\"siteorigin-widget-tinymce textwidget\">\n\t<h3><span style=\"color: #000000;\"><em><strong>Votez pour Moi! #4<\/strong><\/em>,<\/span><\/h3>\n<p><span style=\"color: #000000;\">Vendredi <strong>28 Aout<\/strong> 2020, \u00e0 <strong>20h<\/strong><\/span><br \/>\n<span style=\"color: #000000;\">Pour tous, <strong>\u00e0 partir de 8 ans<\/strong>.<\/span><br \/>\n<span style=\"color: #000000;\">Ouverture des portes \u00e0 19h45<\/span><\/p>\n<p style=\"text-align: justify;\"><span style=\"color: #000000;\">Dispositif annuel propos\u00e9 par l'Annexe, <em>Votez pour Moi!<\/em> soutient la cr\u00e9ation originale et innovante en permettant au vainqueur de b\u00e9n\u00e9ficier d'une r\u00e9sidence d\u2019accompagnement de 3 ans pour d\u00e9velopper son projet artistique.<\/span><\/p>\n<p style=\"text-align: justify;\"><span style=\"color: #000000;\">Au c\u0153ur du projet participatif de L'Annexe et port\u00e9 par le Collectif Citoyen, <em>Votez pour Moi!<\/em> c'est la possibilit\u00e9 pour vous, de choisir les artistes qui seront soutenus et accompagn\u00e9s \u00e0 L'Annexe.<\/span><br \/>\n<span style=\"color: #000000;\">Durant cette soir\u00e9e, chaque candidat aura 10 min pour vous convaincre de voter pour lui et ainsi \u00eatre l'heureux \u00e9lu de cette #4\u00e8me \u00e9dition.<\/span><\/p>\n<\/div>\n<\/div><\/div><\/div><\/div><div id=\"pg-3945-2\"  class=\"panel-grid panel-no-style\" ><div id=\"pgc-3945-2-0\"  class=\"panel-grid-cell panel-grid-cell-empty\" ><\/div><\/div><div id=\"pg-3945-3\"  class=\"panel-grid panel-no-style\" ><div id=\"pgc-3945-3-0\"  class=\"panel-grid-cell\" ><div id=\"panel-3945-3-0-0\" class=\"so-panel widget widget_sow-editor panel-first-child panel-last-child\" data-index=\"2\" ><div\n\t\t\t\n\t\t\tclass=\"so-widget-sow-editor so-widget-sow-editor-base\"\n\t\t\t\n\t\t>\n<div class=\"siteorigin-widget-tinymce textwidget\">\n\t<hr \/>\n<p style=\"text-align: center;\"><strong>Les Finalistes<\/strong><\/p>\n<hr \/>\n<p style=\"text-align: center;\">&nbsp;<\/p>\n<\/div>\n<\/div><\/div><\/div><\/div><div id=\"pg-3945-4\"  class=\"panel-grid panel-no-style\" ><div id=\"pgc-3945-4-0\"  class=\"panel-grid-cell\" ><div id=\"panel-3945-4-0-0\" class=\"so-panel widget widget_sow-editor panel-first-child\" data-index=\"3\" ><div\n\t\t\t\n\t\t\tclass=\"so-widget-sow-editor so-widget-sow-editor-base\"\n\t\t\t\n\t\t><h3 class=\"widget-title\">Compagnie Requin-Baleine, La Petite dans la F\u00f4ret.<\/h3>\n<div class=\"siteorigin-widget-tinymce textwidget\">\n\t<p><span style=\"color: #000000;\">\u00c9crite par : <strong>Phillipe Minyana<\/strong><\/span><br \/>\n<span style=\"color: #000000;\">Mise en sc\u00e8ne par : <strong>Alexandre Horr\u00e9ard<\/strong><\/span><br \/>\n<span style=\"color: #000000;\">Distribtion : <strong>Cl\u00e9mence Josseau<\/strong>, <strong>Louise Ferriau<\/strong><\/span><\/p>\n<p style=\"text-align: justify;\"><span style=\"text-decoration: underline;\"><span style=\"color: #000000; text-decoration: underline;\">Le synopsis ?<\/span><\/span><br \/>\n<span style=\"color: #000000;\">L\u2019Histoire, tout le monde la conna\u00eet. Le roi de Thrace enl\u00e8ve la s\u0153ur de son \u00e9pouse, la s\u00e9questre, la viole, la mutile. Il lui coupe la langue. L\u2019\u00e9pouse venge l\u2019honneur de sa s\u0153ur, tue son enfant, fils du roi de Thrace, et le donne \u00e0 manger \u00e0 l\u2019ignoble violeur. Apr\u00e8s la trag\u00e9die, la reine devient hirondelle, le roi, huppe et la petite s\u0153ur rossignol. Dans ces po\u00e8mes didactiques, Ovide a invent\u00e9 la gen\u00e8se de l\u2019humanit\u00e9. Notre th\u00e9\u00e2tre s\u2019attache \u00e0 mettre en verbe et en sc\u00e8ne les \u00ab fondamentaux \u00bb de ces l\u00e9gendes inou\u00efes : for\u00eats obscures, f\u00eates pa\u00efennes, sacrifices sanglants, surgissements merveilleux, c\u2019est-\u00e0-dire une fresque baroque et archa\u00efque, un po\u00e8me simple, familier et \u00e9vident.<\/span><\/p>\n<\/div>\n<\/div><\/div><div id=\"panel-3945-4-0-1\" class=\"so-panel widget widget_sow-editor\" data-index=\"4\" ><div\n\t\t\t\n\t\t\tclass=\"so-widget-sow-editor so-widget-sow-editor-base\"\n\t\t\t\n\t\t>\n<div class=\"siteorigin-widget-tinymce textwidget\">\n\t<p style=\"text-align: justify;\"><span style=\"text-decoration: underline; color: #000000;\">Le projet ?<\/span><\/p>\n<p style=\"text-align: justify;\"><span style=\"color: #000000;\">Le d\u00e9sir incontr\u00f4lable est une id\u00e9e bien ancr\u00e9e dans notre culture. Entra\u00een\u00e9 par sa passion, un homme ne pourrait plus se contr\u00f4ler, et la violence ne serait que la cons\u00e9quence mineure de ce d\u00e9sir fou. Mais de plus en plus on commence \u00e0 reconnaitre que les d\u00e9bordements du d\u00e9sir (le plus souvent masculin) ne sont pas de l\u2019amour mais bien de la violence. On commence \u00e0 clamer haut et fort qu\u2019un d\u00e9sir qui menace et blesse n\u2019est qu\u2019un d\u00e9sir de possession \u00e9go\u00efste et destructeur et non une preuve de passion romantique. Cette affirmation n\u2019est pourtant pas si neuve et se retrouve dans des textes anciens. C\u2019est le cas notamment dans Les M\u00e9tamorphoses d\u2019Ovide et en particulier dans celle que Minyana a choisi d\u2019adapter : Procn\u00e9 et Philom\u00e8le.<\/span><\/p>\n<p style=\"text-align: justify;\">\n<span style=\"color: #000000;\">Voil\u00e0 comment est pr\u00e9sent\u00e9 Ter\u00e9e chez Ovide (traduction Marie Cosnay) :<\/span><br \/>\n<span style=\"color: #000000;\">\u201cLe visage de la fille le vaut bien. Un d\u00e9sir cru<\/span><br \/>\n<span style=\"color: #000000;\">Excite T\u00e9r\u00e9e ; dans les r\u00e9gions d\u2019o\u00f9 il vient, on est enclin<\/span><br \/>\n<span style=\"color: #000000;\">\u00c0 V\u00e9nus. Il br\u00fble, c\u2019est son vice, c\u2019est celui de son peuple.\u201d<\/span><\/p>\n<p style=\"text-align: justify;\">\n<span style=\"color: #000000;\">D\u00e9sir br\u00fblant qui finira de la plus abjecte des fa\u00e7ons, le r\u00e9cit tournant \u00e0 l\u2019horreur compl\u00e8te. T\u00e9r\u00e9e viole Philom\u00e8le puis lui coupe la langue.<\/span><br \/>\n<span style=\"color: #000000;\">Ce d\u00e9sir si fort qu\u2019il rend l\u2019homme incontr\u00f4lable, qu\u2019il le transforme en b\u00eate, est une question contemporaine tr\u00e8s forte. Le consentement, et donc le contr\u00f4le de tous les partis, devient un th\u00e8me essentiel de la sexualit\u00e9 aujourd\u2019hui. Les changements sont longs et \u00e9prouvants \u2014 on peut \u00e9videmment entendre encore aujourd\u2019hui des hommes excusant les comportements violents, et le viol conjugal n\u2019est pas encore accept\u00e9 comme une r\u00e9alit\u00e9 \u2014 mais la soci\u00e9t\u00e9 est en train de basculer. Le d\u00e9sir souverain, la passion d\u00e9vorante ne sont plus des excuses valables<\/span><\/p>\n<\/div>\n<\/div><\/div><div id=\"panel-3945-4-0-2\" class=\"so-panel widget widget_sow-editor panel-last-child\" data-index=\"5\" ><div\n\t\t\t\n\t\t\tclass=\"so-widget-sow-editor so-widget-sow-editor-base\"\n\t\t\t\n\t\t>\n<div class=\"siteorigin-widget-tinymce textwidget\">\n\t<p style=\"text-align: justify;\"><span style=\"text-decoration: underline;\"><span style=\"color: #000000; text-decoration: underline;\">La compagnie ?<\/span><\/span><\/p>\n<p style=\"text-align: justify;\"><span style=\"color: #000000;\">La compagnie Requin-baleine est cr\u00e9\u00e9e par Alexandre Horr\u00e9ard et Cl\u00e9mence Josseau en 2019. Elle a pour ambition de cr\u00e9er des \u0153uvres de th\u00e9\u00e2tre contemporaines s\u2019aventurant vers l\u2019onirisme, l\u2019\u00e9trange, le burlesque, le grin\u00e7ant.<\/span><br \/>\n<span style=\"color: #000000;\">Les souvenirs, les fant\u00f4mes, les monstres, les gens, les cahiers noircis, les aquarelles, les photos, les mots, les mots surtout, les mythes anciens et nouveaux, le beaujolais ancien, les histoires, les obsessions, les r\u00eaves, bons, mauvais, r\u00e9currents, lucides, le orange, le bleu, la mer, la for\u00eat, le b\u00e9ton, une baignoire, des sacs de voyages, des v\u00eatements secs, sont autant de choses qui constituent l\u2019estomac de notre placide g\u00e9ant des mers.<\/span><br \/>\n<span style=\"color: #000000;\">Jacques Tati, Thomas Mann, Samuel Beckett, Georges Perec, Phillipe Minyana, Alfred Hitchcock, John Cassavetes, Edward Hopper, Kate Bush, Pina Bausch, Raymond Carver, Tim Walker, Philipe Quesnes, Michel Gondry, Terry Gilliam et bien d\u2019autres, sont autant d\u2019inspirations qui nous guident sur un chemin qui ne fait que commencer.<\/span><\/p>\n<\/div>\n<\/div><\/div><\/div><div id=\"pgc-3945-4-1\"  class=\"panel-grid-cell\" ><div id=\"panel-3945-4-1-0\" class=\"so-panel widget widget_sow-editor panel-first-child\" data-index=\"6\" ><div\n\t\t\t\n\t\t\tclass=\"so-widget-sow-editor so-widget-sow-editor-base\"\n\t\t\t\n\t\t><h3 class=\"widget-title\">Compagnie Bacchus +5, Le spectacle commence comme \u00e7a<\/h3>\n<div class=\"siteorigin-widget-tinymce textwidget\">\n\t<p><span style=\"color: #000000;\">\u00c9crite par <strong>Nicolas Quelquejay<\/strong><\/span><br \/>\n<strong><span style=\"color: #000000;\">Mise en sc\u00e8ne collective<\/span><\/strong><br \/>\n<span style=\"color: #000000;\">Distribution par : <strong>Nicolas Quelquejay<\/strong>, <strong>Emilie Moreau<\/strong>, <strong>Marine Lansman<\/strong>, <strong>Samuel Labrousse<\/strong><\/span><\/p>\n<p><span style=\"text-decoration: underline;\"><span style=\"color: #000000; text-decoration: underline;\">Le synopsis ?<\/span><\/span><\/p>\n<p style=\"text-align: justify;\"><span style=\"color: #000000;\">Ce qui s'est rapidement d\u00e9gag\u00e9 des id\u00e9es de chacun et du travail au plateau a \u00e9t\u00e9 un regard port\u00e9 sur le quotidien.<\/span><br \/>\n<span style=\"color: #000000;\">La trame s'est ax\u00e9e sur la journ\u00e9e type d'une jeune femme. Journ\u00e9e a priori banale mais qui, ins\u00e9r\u00e9e dans ce nouvel univers, se teinte d'absurde, de burlesque, de cruaut\u00e9. Un monde o\u00f9 les discussions politiques avec des araign\u00e9es r\u00e9volutionnaires sont courantes, o\u00f9 l'on voyage \u00e0 dos de chim\u00e8re et o\u00f9, parfois, le spectacle semble conscient d'\u00eatre un spectacle. Mais rapidement une machine infernale s'emballe en la personne d'un myst\u00e9rieux docteur et dope n'importe quel instant de vie et de th\u00e9\u00e2tre pour le dynamiser et le transcender absolument, de plus en plus, jusqu'\u00e0 l'implosion.<\/span><br \/>\n<span style=\"color: #000000;\">Sans verser dans le jugement moral, nous voulons explorer jusqu'o\u00f9 peut mener cette logique d'arracher \u00e0 tout prix de la vie une exaltation forcen\u00e9e. Jusqu'au tournant du spectacle qu'elle finira par induire, in\u00e9luctablement. Car le d\u00e9sir de la mainmise sur le bon d\u00e9roulement d'une vie r\u00e9v\u00e8le progressivement sa dimension coercitive et mortif\u00e8re.<\/span><\/p>\n<\/div>\n<\/div><\/div><div id=\"panel-3945-4-1-1\" class=\"so-panel widget widget_sow-editor\" data-index=\"7\" ><div\n\t\t\t\n\t\t\tclass=\"so-widget-sow-editor so-widget-sow-editor-base\"\n\t\t\t\n\t\t>\n<div class=\"siteorigin-widget-tinymce textwidget\">\n\t<p style=\"text-align: justify;\"><span style=\"text-decoration: underline;\">Le projet ?<\/span><\/p>\n<p style=\"text-align: justify;\"><span style=\"color: #000000;\">Le titre du projet renvoie \u00e0 son id\u00e9e fondatrice ; l'envie de cr\u00e9er un spectacle \u00e0 partir de nos d\u00e9sirs th\u00e9\u00e2traux et de nos convictions, en tant que jeunes com\u00e9diens sortis d'\u00e9cole. Apr\u00e8s plusieurs r\u00e9unions pour en envisager la nature, nous avons commenc\u00e9 \u00e0 \u00e9crire et \u00e0 improviser pour faire na\u00eetre un univers singulier, avec ses propres codes. Le cadre o\u00f9 composer notre r\u00e9cit.<\/span><br \/>\n<span style=\"color: #000000;\">Priorit\u00e9 a \u00e9t\u00e9 donn\u00e9e \u00e0 la dimension ludique, sans pour autant perdre de vue la pertinence et la coh\u00e9rence du spectacle, \u00e0 savoir celle du monde que nous nous proposons de cr\u00e9er.<\/span><\/p>\n<\/div>\n<\/div><\/div><div id=\"panel-3945-4-1-2\" class=\"so-panel widget widget_sow-editor panel-last-child\" data-index=\"8\" ><div\n\t\t\t\n\t\t\tclass=\"so-widget-sow-editor so-widget-sow-editor-base\"\n\t\t\t\n\t\t>\n<div class=\"siteorigin-widget-tinymce textwidget\">\n\t<p style=\"text-align: justify;\"><span style=\"text-decoration: underline;\"><span style=\"color: #000000; text-decoration: underline;\">La compagnie ?<\/span><\/span><\/p>\n<p style=\"text-align: justify;\"><span style=\"color: #000000;\">Cr\u00e9\u00e9e en f\u00e9vrier 2018 par Nicolas Quelquejay, la compagnie rassemble essentiellement des camarades de promotion dipl\u00f4m\u00e9s du conservatoire Fr\u00e9d\u00e9ric Chopin. Elle r\u00e9pond au d\u00e9sir de ses membres de porter professionnellement les<\/span><br \/>\n<span style=\"color: #000000;\">projets qu'ils souhaitent cr\u00e9er. Bacchus+5 a pour vocation de travailler sur des probl\u00e9matiques \u00e9thiques actuelles, \u00e0 travers la mise en sc\u00e8ne de textes contemporains ou de cr\u00e9ations originales. D'o\u00f9 l'association fac\u00e9tieuse dans son nom m\u00eame de la divinit\u00e9 festive et th\u00e9\u00e2trale et du \"bac+5\", synonyme de rigueur et jalon social d\u00e9terminant dans un monde du travail aujourd'hui secou\u00e9 de questionnements.<\/span><br \/>\n<span style=\"color: #000000;\">Son premier spectacle, Faire l'Amour est une Maladie Mentale qui Gaspille du Temps et de l'Energie, de Fabrice Melquiot, jou\u00e9 avec l'accord de l'Arche \u00c9diteur pour une dizaine de dates entre Paris, Poitiers et Ch\u00e2tellerault, a ainsi trait\u00e9 de la violence institutionnelle a travers le quotidien de trois policiers. Le spectacle \u00e9tait jou\u00e9 \u00e0 domicile, afin de pouvoir davantage \u00e9changer et d\u00e9battre avec les spectateurs apr\u00e8s les repr\u00e9sentations.<\/span><\/p>\n<\/div>\n<\/div><\/div><\/div><\/div><\/div>","protected":false},"excerpt":{"rendered":"<p>Votez pour Moi! #4, Vendredi 28 Aout 2020, \u00e0 20h Pour tous, \u00e0 partir de 8 ans. Ouverture des portes \u00e0 19h45 Dispositif annuel propos\u00e9 par l&#8217;Annexe, Votez pour Moi!<span class=\"read-more-wrap\"><a class=\"moretag\" href=\"https:\/\/annexeromainville.com\/index.php\/votez-pour-moi-4\/\">Lire la suite<span class=\"screen-reader-text\">Votez pour Moi ! #4<\/span><\/a><\/span><\/p>\n","protected":false},"author":2,"featured_media":0,"parent":0,"menu_order":0,"comment_status":"closed","ping_status":"closed","template":"","meta":{"_bbp_topic_count":0,"_bbp_reply_count":0,"_bbp_total_topic_count":0,"_bbp_total_reply_count":0,"_bbp_voice_count":0,"_bbp_anonymous_reply_count":0,"_bbp_topic_count_hidden":0,"_bbp_reply_count_hidden":0,"_bbp_forum_subforum_count":0,"ngg_post_thumbnail":0},"_links":{"self":[{"href":"https:\/\/annexeromainville.com\/index.php\/wp-json\/wp\/v2\/pages\/3945"}],"collection":[{"href":"https:\/\/annexeromainville.com\/index.php\/wp-json\/wp\/v2\/pages"}],"about":[{"href":"https:\/\/annexeromainville.com\/index.php\/wp-json\/wp\/v2\/types\/page"}],"author":[{"embeddable":true,"href":"https:\/\/annexeromainville.com\/index.php\/wp-json\/wp\/v2\/users\/2"}],"replies":[{"embeddable":true,"href":"https:\/\/annexeromainville.com\/index.php\/wp-json\/wp\/v2\/comments?post=3945"}],"version-history":[{"count":17,"href":"https:\/\/annexeromainville.com\/index.php\/wp-json\/wp\/v2\/pages\/3945\/revisions"}],"predecessor-version":[{"id":6668,"href":"https:\/\/annexeromainville.com\/index.php\/wp-json\/wp\/v2\/pages\/3945\/revisions\/6668"}],"wp:attachment":[{"href":"https:\/\/annexeromainville.com\/index.php\/wp-json\/wp\/v2\/media?parent=3945"}],"curies":[{"name":"wp","href":"https:\/\/api.w.org\/{rel}","templated":true}]}}