{"id":4107,"date":"2020-11-04T15:56:44","date_gmt":"2020-11-04T14:56:44","guid":{"rendered":"http:\/\/annexeromainville.com\/?page_id=4107"},"modified":"2020-12-01T11:15:35","modified_gmt":"2020-12-01T10:15:35","slug":"papiers","status":"publish","type":"page","link":"https:\/\/annexeromainville.com\/index.php\/papiers\/","title":{"rendered":"Papiers"},"content":{"rendered":"<div id=\"pl-4107\"  class=\"panel-layout\" ><div id=\"pg-4107-0\"  class=\"panel-grid panel-no-style\" ><div id=\"pgc-4107-0-0\"  class=\"panel-grid-cell\" ><div id=\"panel-4107-0-0-0\" class=\"so-panel widget widget_sow-image panel-first-child panel-last-child\" data-index=\"0\" ><div\n\t\t\t\n\t\t\tclass=\"so-widget-sow-image so-widget-sow-image-default-8b5b6f678277-4107\"\n\t\t\t\n\t\t>\n<div class=\"sow-image-container\">\n\t\t<img \n\tsrc=\"https:\/\/annexeromainville.com\/wp-content\/uploads\/2020\/11\/Affiche-PAPIERS-HIVER-2021-RESIZE.png\" width=\"1229\" height=\"1547\" srcset=\"https:\/\/annexeromainville.com\/wp-content\/uploads\/2020\/11\/Affiche-PAPIERS-HIVER-2021-RESIZE.png 1229w, https:\/\/annexeromainville.com\/wp-content\/uploads\/2020\/11\/Affiche-PAPIERS-HIVER-2021-RESIZE-238x300.png 238w, https:\/\/annexeromainville.com\/wp-content\/uploads\/2020\/11\/Affiche-PAPIERS-HIVER-2021-RESIZE-814x1024.png 814w, https:\/\/annexeromainville.com\/wp-content\/uploads\/2020\/11\/Affiche-PAPIERS-HIVER-2021-RESIZE-768x967.png 768w, https:\/\/annexeromainville.com\/wp-content\/uploads\/2020\/11\/Affiche-PAPIERS-HIVER-2021-RESIZE-1220x1536.png 1220w\" sizes=\"(max-width: 1229px) 100vw, 1229px\" title=\"Affiche PAPIERS HIVER 2021 RESIZE\" alt=\"\" loading=\"lazy\" \t\tclass=\"so-widget-image\"\/>\n\t<\/div>\n\n<\/div><\/div><\/div><div id=\"pgc-4107-0-1\"  class=\"panel-grid-cell\" ><div id=\"panel-4107-0-1-0\" class=\"so-panel widget widget_sow-editor panel-first-child panel-last-child\" data-index=\"1\" ><div\n\t\t\t\n\t\t\tclass=\"so-widget-sow-editor so-widget-sow-editor-base\"\n\t\t\t\n\t\t>\n<div class=\"siteorigin-widget-tinymce textwidget\">\n\t<p><span style=\"color: #000000;\"><strong>Le 22 Janvier 2021<\/strong><\/span><span style=\"color: #000000;\"><strong>, 20H<\/strong><\/span><br \/>\n<span style=\"color: #000000;\">Ouverture des portes \u00e0 19h40<\/span><\/p>\n<p><span style=\"color: #000000;\">Par <strong>La Compagnie \u00c7a S'peut Pas<\/strong><br \/>\nTexte de <strong>M\u00c9LANIE CELLIER<\/strong><br \/>\nMise en Sc\u00e8ne de<br \/>\nAvec <strong>M\u00c9LANIE CELLIER &amp; TIBOR RADVANYI<\/strong><br \/>\nLumi\u00e8re de <strong>STANISLAS MORELLE<\/strong><br \/>\nCr\u00e9ation Sonore de <strong>PYGMY JOHNSON<\/strong><br \/>\nMarionnettes de <strong>WILLY MANCEL<\/strong><br \/>\nSc\u00e9noragphie de <strong>MARION THELMA<\/strong><br \/>\n<\/span><\/p>\n<p><span style=\"color: #000000;\"><span style=\"text-decoration: underline;\">DUR\u00c9E<\/span> : 50 min<\/span><br \/>\n<span style=\"color: #000000;\"><span style=\"text-decoration: underline;\">\u00c2GE<\/span> : \u00e0 partir de 4 ans<\/span><\/p>\n<p style=\"text-align: justify;\"><span style=\"color: #000000;\">2 com\u00e9diens jouent avec le papier sous toutes ses formes, inventant en direct des univers, des histoires, des personnages pour porter un regard plein de tendresse, de po\u00e9sie et aussi d\u2019humour, sur une vie de papier. <em>PAPIERS<\/em> aborde la d\u00e9forestation, l\u2019usage que l\u2019on a du papier, les cons\u00e9quences sur la nature, les animaux et les hommes. De la lettre d\u2019amour au tract politique, de l\u2019\u0153uvre d\u2019art au papier glac\u00e9 publicitaire. D\u2019un mot \u00e0 l\u2019autre, d\u2019un continent \u00e0 l\u2019autre. <\/span><\/p>\n<p style=\"text-align: justify;\"><span style=\"color: #000000;\">Accompagn\u00e9 par le violoncelle du com\u00e9dien pour rythmer, encourager, improviser ou ponctuer cette histoire sans parole ! Th\u00e9\u00e2tre d\u2019ombres, Kamishibai (th\u00e9\u00e2tre de papier japonais),&nbsp; marionnettes fabriqu\u00e9es en papier et th\u00e9\u00e2tre d\u2019objets s\u2019invitent dans ce spectacle autour du papier sous toutes ces formes.<\/span><\/p>\n<p style=\"text-align: justify;\"><span style=\"color: #000000;\"><u>L<\/u>e papier se plie, se froisse, se d\u00e9chire, se recycle\u2026 t\u00e9moin privil\u00e9gi\u00e9 de l\u2019histoire, victime de la d\u00e9forestation, compagnon de route\u2026 Venez d\u00e9couvrir une vie de papier si vaste et si vari\u00e9 !<\/span><\/p>\n<p style=\"text-align: justify;\"><span style=\"color: #000000;\">&nbsp;<\/span><\/p>\n<p><a href=\"http:\/\/annexeromainville.com\/wp-content\/uploads\/2020\/12\/PAPIERS-dossier-de-presentation.pdf\">Dossier Artistique<\/a> \/ Dossier de Presse<\/p>\n<\/div>\n<\/div><\/div><\/div><\/div><div id=\"pg-4107-1\"  class=\"panel-grid panel-no-style\" ><div id=\"pgc-4107-1-0\"  class=\"panel-grid-cell panel-grid-cell-empty\" ><\/div><div id=\"pgc-4107-1-1\"  class=\"panel-grid-cell\" ><div id=\"panel-4107-1-1-0\" class=\"so-panel widget widget_sow-button panel-first-child\" data-index=\"2\" ><div\n\t\t\t\n\t\t\tclass=\"so-widget-sow-button so-widget-sow-button-wire-e7929c76966e-4107\"\n\t\t\t\n\t\t><div class=\"ow-button-base ow-button-align-center\"\n>\n\t\t\t<a\n\t\t\t\t\thref=\"http:\/\/annexeromainville.com\/index.php\/reservation\/\"\n\t\t\t\t\tclass=\"sowb-button ow-icon-placement-left ow-button-hover\" target=\"_blank\" rel=\"noopener noreferrer\" \t>\n\t\t<span>\n\t\t\t<span class=\"sow-icon-ionicons\" data-sow-icon=\"&#xf373;\"\n\t\tstyle=\"color: #dd9933\" \n\t\taria-hidden=\"true\"><\/span>\n\t\t\tR\u00e9server\t\t<\/span>\n\t\t\t<\/a>\n\t<\/div>\n<\/div><\/div><div id=\"panel-4107-1-1-1\" class=\"so-panel widget widget_sow-image\" data-index=\"3\" ><div\n\t\t\t\n\t\t\tclass=\"so-widget-sow-image so-widget-sow-image-default-c67d20f9f743-4107\"\n\t\t\t\n\t\t>\n<div class=\"sow-image-container\">\n\t\t\t<a href=\"https:\/\/www.caspeutpas.com\/\"\n\t\t\ttarget=\"_blank\" rel=\"noopener noreferrer\" \t\t>\n\t\t\t<img \n\tsrc=\"https:\/\/annexeromainville.com\/wp-content\/uploads\/2020\/08\/Logo-Site-Web-50x56-1.jpg\" width=\"56\" height=\"50\" sizes=\"(max-width: 56px) 100vw, 56px\" title=\"Logo Site Web 50&#215;56\" alt=\"\" loading=\"lazy\" \t\tclass=\"so-widget-image\"\/>\n\t\t\t<\/a><\/div>\n\n<\/div><\/div><div id=\"panel-4107-1-1-2\" class=\"so-panel widget widget_sow-image\" data-index=\"4\" ><div\n\t\t\t\n\t\t\tclass=\"so-widget-sow-image so-widget-sow-image-default-c67d20f9f743-4107\"\n\t\t\t\n\t\t>\n<div class=\"sow-image-container\">\n\t\t\t<a href=\"https:\/\/www.facebook.com\/compagnie.caspeutpas\"\n\t\t\ttarget=\"_blank\" rel=\"noopener noreferrer\" \t\t>\n\t\t\t<img \n\tsrc=\"https:\/\/annexeromainville.com\/wp-content\/uploads\/2020\/08\/Logo-Facebook-50x50-1.png\" width=\"50\" height=\"50\" sizes=\"(max-width: 50px) 100vw, 50px\" title=\"Logo Facebook 50&#215;50\" alt=\"\" loading=\"lazy\" \t\tclass=\"so-widget-image\"\/>\n\t\t\t<\/a><\/div>\n\n<\/div><\/div><div id=\"panel-4107-1-1-3\" class=\"so-panel widget widget_sow-image panel-last-child\" data-index=\"5\" ><div\n\t\t\t\n\t\t\tclass=\"so-widget-sow-image so-widget-sow-image-default-3a2476c0e107-4107\"\n\t\t\t\n\t\t>\n<div class=\"sow-image-container\">\n\t\t<img \n\tsrc=\"https:\/\/annexeromainville.com\/wp-content\/uploads\/2020\/08\/Logo-Instagram-50x50-1.png\" width=\"50\" height=\"50\" sizes=\"(max-width: 50px) 100vw, 50px\" title=\"Logo Instagram 50&#215;50\" alt=\"\" loading=\"lazy\" \t\tclass=\"so-widget-image\"\/>\n\t<\/div>\n\n<\/div><\/div><\/div><div id=\"pgc-4107-1-2\"  class=\"panel-grid-cell panel-grid-cell-empty\" ><\/div><div id=\"pgc-4107-1-3\"  class=\"panel-grid-cell panel-grid-cell-empty\" ><\/div><div id=\"pgc-4107-1-4\"  class=\"panel-grid-cell panel-grid-cell-mobile-last\" ><div id=\"panel-4107-1-4-0\" class=\"so-panel widget widget_sow-image panel-first-child panel-last-child\" data-index=\"6\" ><div\n\t\t\t\n\t\t\tclass=\"so-widget-sow-image so-widget-sow-image-default-c67d20f9f743-4107\"\n\t\t\t\n\t\t>\n<div class=\"sow-image-container\">\n\t\t<img \n\tsrc=\"https:\/\/annexeromainville.com\/wp-content\/uploads\/2020\/11\/Papiers-Illustration-253x300.png\" width=\"253\" height=\"300\" srcset=\"https:\/\/annexeromainville.com\/wp-content\/uploads\/2020\/11\/Papiers-Illustration-253x300.png 253w, https:\/\/annexeromainville.com\/wp-content\/uploads\/2020\/11\/Papiers-Illustration.png 623w\" sizes=\"(max-width: 253px) 100vw, 253px\" title=\"Papiers Illustration\" alt=\"\" loading=\"lazy\" \t\tclass=\"so-widget-image\"\/>\n\t<\/div>\n\n<\/div><\/div><\/div><div id=\"pgc-4107-1-5\"  class=\"panel-grid-cell panel-grid-cell-empty\" ><\/div><\/div><div id=\"pg-4107-2\"  class=\"panel-grid panel-no-style\" ><div id=\"pgc-4107-2-0\"  class=\"panel-grid-cell\" ><div id=\"panel-4107-2-0-0\" class=\"so-panel widget widget_sow-editor panel-first-child\" data-index=\"7\" ><div\n\t\t\t\n\t\t\tclass=\"so-widget-sow-editor so-widget-sow-editor-base\"\n\t\t\t\n\t\t><h3 class=\"widget-title\">Compagnie Ca S'peut Pas<\/h3>\n<div class=\"siteorigin-widget-tinymce textwidget\">\n\t<p style=\"text-align: justify;\"><span style=\"color: #000000;\">Fond\u00e9e en 2004, la \u2018\u2019Compagnie \u00e7a s\u2019peut pas\u2018\u2019 est une compagnie professionnelle qui regroupe une vingtaine d\u2019artistes et techniciens intermittents du spectacle. Notre d\u00e9marche artistique se concentre sur les cr\u00e9ations pour le jeune public abordant des th\u00e9matiques soci\u00e9tales ou environnementales.<\/span><br \/>\n<span style=\"color: #000000;\">Nos spectacles sont des fables \u00e9cologiques o\u00f9 l\u2019\u00e9ducation \u00e0 l\u2019environnement et le d\u00e9veloppement durable sont trait\u00e9s avec po\u00e9sie et humour. Des cr\u00e9ations ludiques et p\u00e9dagogiques m\u00ealant art et \u00e9cologie pour prendre conscience et donner l\u2019envie de s\u2019impliquer tout en s\u2019amusant. Apr\u00e8s la cr\u00e9ation de la pi\u00e8ce <em>364<\/em> dans le cadre du projet \"<em>Th\u00e9\u00e2tre au F\u00e9minin<\/em>\" men\u00e9 avec des adolescentes dans les quartiers sensibles de Seine Saint Denis, nous avons con\u00e7u et mis en place plusieurs \u00ab <em>Ateliers Th\u00e9\u00e2tre Participatif<\/em> \u00bb que nous proposons depuis 15 ans en marge de nos repr\u00e9sentations.<\/span><br \/>\n<span style=\"color: #000000;\">En 2007, nous travaillons sur le th\u00e8me de l\u2019eau avec le spectacle <em>Eaudyss\u00e9e<\/em>. Cette pi\u00e8ce a \u00e9t\u00e9 jou\u00e9e plus de 300 fois dans toute la France, notamment au Festival d\u2019Avignon en 2008. Fort de ce succ\u00e8s, l\u2019Association de Surveillance de la Qualit\u00e9 de l\u2019Air (ATMO) nous sollicite la m\u00eame ann\u00e9e pour la cr\u00e9ation d\u2019un spectacle \u00e0 destination des enfants de 7 \u00e0 12 ans afin de les sensibiliser \u00e0 la pollution et \u00e0 la qualit\u00e9 de l\u2019air : <em>Les Exp\u2019air<\/em>.<\/span><br \/>\n<span style=\"color: #000000;\">En 2010, nous travaillons avec le Syndicat Mixte d\u2019\u00c9limination des D\u00e9chets de l\u2019Arrondissement de Rouen (SMEDAR) pour la r\u00e9alisation d\u2019un spectacle de Th\u00e9\u00e2tre Forum. La m\u00eame ann\u00e9e, la compagnie cr\u00e9\u00e9 un spectacle musical <em>Garbage Land<\/em> avec pour th\u00e8me la pr\u00e9vention des d\u00e9chets et le recyclage. En 2013, afin de poursuivre notre d\u00e9marche de th\u00e9\u00e2tre de proximit\u00e9, nous cr\u00e9ons <em>POLKA<\/em>, un th\u00e9\u00e2tre rural itin\u00e9rant sous une yourte qui a pour objectifs de sensibiliser la population \u00e0 l\u2019environnement (rencontres, d\u00e9bats,\u2026) et d\u2019offrir un meilleur acc\u00e8s \u00e0 la culture (spectacles, concerts, ateliers). Ce chapiteau nous permet de mener des projets d'actions culturelles sur notre territoire, notamment \"<em>Mots pour Maux<\/em>\" autour de l'illettrisme.<\/span><br \/>\n<span style=\"color: #000000;\">En 2015, notre nouvelle pi\u00e8ce de th\u00e9\u00e2tre forum <em>Chaud Devant !<\/em>, sur le d\u00e9r\u00e8glement climatique et l'impact de l'environnement sur la sant\u00e9, est invit\u00e9e au Grand Palais dans le cadre de la COP 21. Notre nouvelle cr\u00e9ation <em>Ratatouille Rhapsody<\/em> en 2017 aborde le gaspillage alimentaire, les circuits courts et la consommation d'aliments de saison. Pour la premi\u00e8re fois, ce spectacle th\u00e9\u00e2tral et musical peut se jouer en ext\u00e9rieur !<\/span><br \/>\n<span style=\"color: #000000;\">La compagnie se balade donc entre les parkings de banlieues et les sentiers de campagnes dans un esprit de rencontres et d\u2019\u00e9changes avec un th\u00e9\u00e2tre qui refl\u00e8te les pr\u00e9occupations actuelles. Install\u00e9s dans le Pays de Bray en Seine-Maritime, nous travaillons sur l\u2019ensemble de la France. Autonomes techniquement, nous pouvons jouer dans tous les types de lieux, favorisant ainsi l\u2019acc\u00e8s au spectacle pour tous.<\/span><\/p>\n<\/div>\n<\/div><\/div><div id=\"panel-4107-2-0-1\" class=\"so-panel widget widget_sow-editor panel-last-child\" data-index=\"8\" ><div\n\t\t\t\n\t\t\tclass=\"so-widget-sow-editor so-widget-sow-editor-base\"\n\t\t\t\n\t\t><h3 class=\"widget-title\">TIBOR RADVANYI<\/h3>\n<div class=\"siteorigin-widget-tinymce textwidget\">\n\t<p style=\"text-align: justify;\"><span style=\"color: #000000;\"><img loading=\"lazy\" class=\"size-medium wp-image-4119 alignleft\" src=\"http:\/\/annexeromainville.com\/wp-content\/uploads\/2020\/11\/TIBOR-PAPIERS-CA-SPEUT-PAS-1-199x300.png\" alt=\"\" width=\"199\" height=\"300\" srcset=\"https:\/\/annexeromainville.com\/wp-content\/uploads\/2020\/11\/TIBOR-PAPIERS-CA-SPEUT-PAS-1-199x300.png 199w, https:\/\/annexeromainville.com\/wp-content\/uploads\/2020\/11\/TIBOR-PAPIERS-CA-SPEUT-PAS-1.png 553w\" sizes=\"(max-width: 199px) 100vw, 199px\" \/><\/span><span style=\"color: #000000;\">Tibor est com\u00e9dien, circassien et Violoncelliste. Son cursus musical, il \u00e9tudie le violoncelle au conservatoire du X\u00e8me arrondissement de Paris, jusqu\u2019au niveau fin d\u2019\u00e9tude. En parall\u00e8le, il fait des stages d\u2019orchestre et de musique de chambre avec la Juliard School of Music ainsi qu\u2019au Luserne Music Center, dans l\u2019\u00e9tat de New York, stages dispens\u00e9s par les musiciens de l\u2019orchestre de Philadelphie. Il se forme en parall\u00e8le au th\u00e9\u00e2tre d\u2019un point de vue universitaire avec une Licence de th\u00e9\u00e2tre \u00e0 l\u2019universit\u00e9 Paris Sorbonne Nouvelle, et au jeu d\u2019acteur : au texte gr\u00e2ce au Conservatoire du IX\u00e8me et au corps au sein de l\u2019\u00c9cole Internationale Jacques Lecoq. Il pratique aussi l'acrobatie, la danse contemporaine et les claquettes. Il se professionnalise d\u00e8s 2001, et continue \u00e0 se former lors de stages, \u00e0 l'Od\u00e9on avec Nikola\u00ef Kolyada, ou au th\u00e9\u00e2tre de la Coline avec Galin Stoiev. Il est \u00e9galement<\/span><br \/>\n<span style=\"color: #000000;\">co-cr\u00e9ateur de la compagnie Z machine en 2009, plateforme pour artistes m\u00ealant cirque, danse et vid\u00e9o. En 2016, il cr\u00e9e et co-dirige le collectif de th\u00e9\u00e2tre gestuel \u00ab 2222 \u00bb, bas\u00e9 dans le Calvados, et au sein duquel il a cr\u00e9\u00e9 deux spectacles de rue dont <em>Traverser la rivi\u00e8re sous la pluie<\/em> jou\u00e9 au Festival d\u2019Avignon en 2019.<\/span><br \/>\n<span style=\"color: #000000;\">Il collabore avec la \u2018\u2019Compagnie \u00e7a s\u2019peut pas\u2019\u2019 depuis 2013, et participe \u00e0 plusieurs spectacles, tel que <em>Garbage Land<\/em> et<em> One Two TRI<\/em>.<\/span><\/p>\n<\/div>\n<\/div><\/div><\/div><div id=\"pgc-4107-2-1\"  class=\"panel-grid-cell\" ><div id=\"panel-4107-2-1-0\" class=\"so-panel widget widget_sow-editor panel-first-child\" data-index=\"9\" ><div\n\t\t\t\n\t\t\tclass=\"so-widget-sow-editor so-widget-sow-editor-base\"\n\t\t\t\n\t\t><h3 class=\"widget-title\">MELANIE CELLIER<\/h3>\n<div class=\"siteorigin-widget-tinymce textwidget\">\n\t<p style=\"text-align: justify;\"><span style=\"color: #000000;\"><img loading=\"lazy\" class=\"size-medium wp-image-4115 alignleft\" src=\"http:\/\/annexeromainville.com\/wp-content\/uploads\/2020\/11\/Melanie-Cellier-Papier-Ca-speut-pas-199x300.png\" alt=\"\" width=\"199\" height=\"300\" srcset=\"https:\/\/annexeromainville.com\/wp-content\/uploads\/2020\/11\/Melanie-Cellier-Papier-Ca-speut-pas-199x300.png 199w, https:\/\/annexeromainville.com\/wp-content\/uploads\/2020\/11\/Melanie-Cellier-Papier-Ca-speut-pas.png 569w\" sizes=\"(max-width: 199px) 100vw, 199px\" \/><\/span><span style=\"color: #000000;\">Apr\u00e8s un Bac Th\u00e9\u00e2tre au Lyc\u00e9e Jeanne d'Arc de Rouen avec le th\u00e9\u00e2tre des 2 rives, elle poursuit ses \u00e9tudes th\u00e9\u00e2trales \u00e0 la Sorbonne Nouvelle o\u00f9 elle obtient une Ma\u00eetrise \u00ab Arts du Spectacle \u00bb. Elle compl\u00e8te saf ormation au jeu d\u2019acteurs au Conservatoire du XV\u00e8me<\/span><br \/>\n<span style=\"color: #000000;\">arrondissement de Paris et \u00e0 l\u2019Ecole d\u2019Art Dramatique P\u00e9rimony.<\/span><br \/>\n<span style=\"color: #000000;\">Elle fonde la \u2018\u2019Compagnie \u00e7a s\u2019peut pas\u2019\u2019 en 2004 et en assure la directrice artistique et administrative. Ses convictions personnelles de protection de l\u2019environnement influencent son travail et son \u00e9criture. Elle cr\u00e9\u00e9 plusieurs spectacles autour de l\u2019\u00e9cologie : <em>Eaudyss\u00e9e<\/em>, <em>Garbage Land<\/em> et <em>Ratatouille Rhapsody<\/em> (dont elle \u00e9crit \u00e9galement les textes des chansons) et co\u00e9crit <em>Les Exp\u2019Air<\/em> et <em>1, 2, 3\u2026 Soleil !<\/em> Elle joue dans tous les spectacles de la compagnie.<\/span><br \/>\n<span style=\"color: #000000;\">Anim\u00e9e par une conception d\u2019un th\u00e9\u00e2tre de proximit\u00e9, militant, ouvert sur le monde, elle m\u00e8ne depuis plus de 15 ans, plusieurs projets socioculturels et encadre de nombreux ateliers th\u00e9\u00e2tre aupr\u00e8s de divers publics.<\/span><br \/>\n<span style=\"color: #000000;\">Elle se passionne pour le th\u00e9\u00e2tre d\u2019objets apr\u00e8s plusieurs stages avec Agn\u00e8s Limbos, Katy Deville ou Doroth\u00e9e Saysombat. En 2019, elle d\u00e9cide d\u2019orienter son travail vers un th\u00e9\u00e2tre plus visuel que verbal tout en continuant d\u2019explorer le m\u00e9lange des formes artistiques. Elle travaille \u00e9galement avec plusieurs compagnies de th\u00e9\u00e2tre forum et dans le domaine de la voix.<\/span><\/p>\n<\/div>\n<\/div><\/div><div id=\"panel-4107-2-1-1\" class=\"so-panel widget widget_sow-editor\" data-index=\"10\" ><div\n\t\t\t\n\t\t\tclass=\"so-widget-sow-editor so-widget-sow-editor-base\"\n\t\t\t\n\t\t><h3 class=\"widget-title\">STANISLAS MORELLE<\/h3>\n<div class=\"siteorigin-widget-tinymce textwidget\">\n\t<\/div>\n<\/div><\/div><div id=\"panel-4107-2-1-2\" class=\"so-panel widget widget_sow-editor\" data-index=\"11\" ><div\n\t\t\t\n\t\t\tclass=\"so-widget-sow-editor so-widget-sow-editor-base\"\n\t\t\t\n\t\t><h3 class=\"widget-title\">WILLY MANCEL<\/h3>\n<div class=\"siteorigin-widget-tinymce textwidget\">\n\t<p style=\"text-align: justify;\"><span style=\"color: #000000;\">Install\u00e9 pr\u00e8s de Nantes avec la Compagnie \u00e0 Main Lev\u00e9e, Willy donne naissance \u00e0 des marionnettes et des maques en papiers m\u00e2ch\u00e9s. Il a notamment fabriqu\u00e9 les marionnettes du spectacle <em>Eaudyss\u00e9e<\/em> et <em>1.2.3\u2026Soleil !<\/em><\/span><br \/>\n<span style=\"color: #000000;\">Il \u00e9tait naturel de solliciter \u00e0 nouveau son talent pour cette nouvelle cr\u00e9ation.<\/span><\/p>\n<\/div>\n<\/div><\/div><div id=\"panel-4107-2-1-3\" class=\"so-panel widget widget_sow-editor\" data-index=\"12\" ><div\n\t\t\t\n\t\t\tclass=\"so-widget-sow-editor so-widget-sow-editor-base\"\n\t\t\t\n\t\t><h3 class=\"widget-title\">MARION THELMA<\/h3>\n<div class=\"siteorigin-widget-tinymce textwidget\">\n\t<p style=\"text-align: justify;\"><span style=\"color: #000000;\">D'un cursus classique en Arts Appliqu\u00e9s, puis en Arts Plastiques \u00e0 l'universit\u00e9 Paris 8, elle exp\u00e9rimente la mati\u00e8re et l'espace, la forme et le verbe, ce qui ouvre ses domaines d'intervention.<\/span><br \/>\n<span style=\"color: #000000;\">Elle est sc\u00e9nographe au sein de diff\u00e9rentes compagnies de th\u00e9\u00e2tre. Au fils de ses collaborations et rencontres, elle enrichie son exp\u00e9rience, en tant que d\u00e9coratrice, accessoiriste, directrice artistique en fiction, vid\u00e9os clips, publicit\u00e9s, programmes TV et<\/span><br \/>\n<span style=\"color: #000000;\">concerts. Touche \u00e0 tout, elle \u00e9tend depuis plusieurs ann\u00e9es son domaine de comp\u00e9tence au graphisme, \u00e0 la conception d'objet, \u00e0 la transmission de ce savoir. Elle est r\u00e9guli\u00e8rement charg\u00e9e d'ateliers d'arts plastiques en direction d'adolescents et<\/span><br \/>\n<span style=\"color: #000000;\">d'enfants en milieu d\u00e9favoris\u00e9.<\/span><br \/>\n<span style=\"color: #000000;\">Marion a sign\u00e9 toutes les sc\u00e9nographies de la \u2018\u2019Compagnie \u00e7a s\u2019peut pas\u2019\u2019.<\/span><\/p>\n<\/div>\n<\/div><\/div><div id=\"panel-4107-2-1-4\" class=\"so-panel widget widget_sow-editor panel-last-child\" data-index=\"13\" ><div\n\t\t\t\n\t\t\tclass=\"so-widget-sow-editor so-widget-sow-editor-base\"\n\t\t\t\n\t\t><h3 class=\"widget-title\">PYGMY JOHNSON<\/h3>\n<div class=\"siteorigin-widget-tinymce textwidget\">\n\t<p style=\"text-align: justify;\"><span style=\"color: #000000;\"><img loading=\"lazy\" class=\" wp-image-4123 alignleft\" src=\"http:\/\/annexeromainville.com\/wp-content\/uploads\/2020\/11\/pygmy-johnson-papiers-300x300.jpg\" alt=\"\" width=\"209\" height=\"209\" srcset=\"https:\/\/annexeromainville.com\/wp-content\/uploads\/2020\/11\/pygmy-johnson-papiers-300x300.jpg 300w, https:\/\/annexeromainville.com\/wp-content\/uploads\/2020\/11\/pygmy-johnson-papiers-150x150.jpg 150w, https:\/\/annexeromainville.com\/wp-content\/uploads\/2020\/11\/pygmy-johnson-papiers-768x769.jpg 768w, https:\/\/annexeromainville.com\/wp-content\/uploads\/2020\/11\/pygmy-johnson-papiers.jpg 999w\" sizes=\"(max-width: 209px) 100vw, 209px\" \/>Il s'installe \u00e0 Paris en 2008 et enregistre ses premi\u00e8res chansons, assemblage grin\u00e7ant et \u00e9mouvant de rock, de bluegrass, de folk, d'\u00e9lectronica ou de coldwave, sur lesquels il pose sa voix de crooner insolite. Sur sc\u00e8ne (\u00e0 la Bellevilloise, au Palais de Tokyo, \u00e0 l'International...), ses influences se t\u00e9lescopent en un show \u00e9trange et troublant, o\u00f9 la m\u00e9lancolie se m\u00eale \u00e0 l'ironie, port\u00e9 par son fantasmagorique backing band \"The Dead Deers\".<\/span><\/p>\n<p style=\"text-align: justify;\"><span style=\"color: #000000;\">Parall\u00e8lement \u00e0 son projet personnel, il multiplie les collaborations (composition, musique sur sc\u00e8ne) dans le domaine th\u00e9\u00e2tral.<\/span><\/p>\n<p style=\"text-align: justify;\"><span style=\"color: #000000;\">En 2010, il compose notamment pour <em>Kalldeway<\/em> de Botho-Strauss, mise en sc\u00e8ne d\u2019Anne-Katerine Normant et Elodie S\u00e9gui au Palais de Tokyo et au Point Eph\u00e9m\u00e8re, <em>Emma<\/em> de Pierre Vignes mise en sc\u00e8ne de C. Pawlotsky au Th\u00e9\u00e2tre de l'Ep\u00e9e de Bois, <em>Interview<\/em> d'apr\u00e8s Th\u00e9o Van Gogh, <em>Une Famille Ordinaire<\/em> de Jos\u00e9 Pliya mises en sc\u00e8ne par Hans Peter Cloos, au Studio des Champs-Elys\u00e9es et au Th\u00e9\u00e2tre de l\u2019Est Parisien.<\/span><\/p>\n<p style=\"text-align: justify;\"><span style=\"color: #000000;\">Il collabore depuis 2006 avec la Compagnie \u00e7a s\u2019peut pas&nbsp; en composant toutes les musiques des spectacles : <em>Eaudyss\u00e9e<\/em>, <em>Les Exp\u2019Air<\/em>, <em>Garbage land<\/em>,<em> 1.2.3\u2026Soleil !<\/em> et <em>Ratatouille Rhapsody<\/em>.<\/span><\/p>\n<\/div>\n<\/div><\/div><\/div><\/div><\/div>","protected":false},"excerpt":{"rendered":"<p>Le 22 Janvier 2021, 20H Ouverture des portes \u00e0 19h40 Par La Compagnie \u00c7a S&#8217;peut Pas Texte de M\u00c9LANIE CELLIER Mise en Sc\u00e8ne de Avec M\u00c9LANIE CELLIER &amp; TIBOR RADVANYI<span class=\"read-more-wrap\"><a class=\"moretag\" href=\"https:\/\/annexeromainville.com\/index.php\/papiers\/\">Lire la suite<span class=\"screen-reader-text\">Papiers<\/span><\/a><\/span><\/p>\n","protected":false},"author":2,"featured_media":0,"parent":0,"menu_order":0,"comment_status":"closed","ping_status":"closed","template":"","meta":{"_bbp_topic_count":0,"_bbp_reply_count":0,"_bbp_total_topic_count":0,"_bbp_total_reply_count":0,"_bbp_voice_count":0,"_bbp_anonymous_reply_count":0,"_bbp_topic_count_hidden":0,"_bbp_reply_count_hidden":0,"_bbp_forum_subforum_count":0,"ngg_post_thumbnail":0},"_links":{"self":[{"href":"https:\/\/annexeromainville.com\/index.php\/wp-json\/wp\/v2\/pages\/4107"}],"collection":[{"href":"https:\/\/annexeromainville.com\/index.php\/wp-json\/wp\/v2\/pages"}],"about":[{"href":"https:\/\/annexeromainville.com\/index.php\/wp-json\/wp\/v2\/types\/page"}],"author":[{"embeddable":true,"href":"https:\/\/annexeromainville.com\/index.php\/wp-json\/wp\/v2\/users\/2"}],"replies":[{"embeddable":true,"href":"https:\/\/annexeromainville.com\/index.php\/wp-json\/wp\/v2\/comments?post=4107"}],"version-history":[{"count":15,"href":"https:\/\/annexeromainville.com\/index.php\/wp-json\/wp\/v2\/pages\/4107\/revisions"}],"predecessor-version":[{"id":4313,"href":"https:\/\/annexeromainville.com\/index.php\/wp-json\/wp\/v2\/pages\/4107\/revisions\/4313"}],"wp:attachment":[{"href":"https:\/\/annexeromainville.com\/index.php\/wp-json\/wp\/v2\/media?parent=4107"}],"curies":[{"name":"wp","href":"https:\/\/api.w.org\/{rel}","templated":true}]}}