{"id":4128,"date":"2020-11-05T12:33:52","date_gmt":"2020-11-05T11:33:52","guid":{"rendered":"http:\/\/annexeromainville.com\/?page_id=4128"},"modified":"2020-11-05T13:03:36","modified_gmt":"2020-11-05T12:03:36","slug":"travail","status":"publish","type":"page","link":"https:\/\/annexeromainville.com\/index.php\/travail\/","title":{"rendered":"TRAVAIL"},"content":{"rendered":"<div id=\"pl-4128\"  class=\"panel-layout\" ><div id=\"pg-4128-0\"  class=\"panel-grid panel-no-style\" ><div id=\"pgc-4128-0-0\"  class=\"panel-grid-cell\" ><div id=\"panel-4128-0-0-0\" class=\"so-panel widget widget_sow-image panel-first-child panel-last-child\" data-index=\"0\" ><div\n\t\t\t\n\t\t\tclass=\"so-widget-sow-image so-widget-sow-image-default-8b5b6f678277-4128\"\n\t\t\t\n\t\t>\n<div class=\"sow-image-container\">\n\t\t<img \n\tsrc=\"https:\/\/annexeromainville.com\/wp-content\/uploads\/2020\/11\/Affiche-TRAVAIL-HIVER-2021-RESIZE.png\" width=\"1231\" height=\"1532\" srcset=\"https:\/\/annexeromainville.com\/wp-content\/uploads\/2020\/11\/Affiche-TRAVAIL-HIVER-2021-RESIZE.png 1231w, https:\/\/annexeromainville.com\/wp-content\/uploads\/2020\/11\/Affiche-TRAVAIL-HIVER-2021-RESIZE-241x300.png 241w, https:\/\/annexeromainville.com\/wp-content\/uploads\/2020\/11\/Affiche-TRAVAIL-HIVER-2021-RESIZE-823x1024.png 823w, https:\/\/annexeromainville.com\/wp-content\/uploads\/2020\/11\/Affiche-TRAVAIL-HIVER-2021-RESIZE-768x956.png 768w\" sizes=\"(max-width: 1231px) 100vw, 1231px\" title=\"Affiche TRAVAIL HIVER 2021 RESIZE\" alt=\"\" loading=\"lazy\" \t\tclass=\"so-widget-image\"\/>\n\t<\/div>\n\n<\/div><\/div><\/div><div id=\"pgc-4128-0-1\"  class=\"panel-grid-cell\" ><div id=\"panel-4128-0-1-0\" class=\"so-panel widget widget_sow-editor panel-first-child panel-last-child\" data-index=\"1\" ><div\n\t\t\t\n\t\t\tclass=\"so-widget-sow-editor so-widget-sow-editor-base\"\n\t\t\t\n\t\t>\n<div class=\"siteorigin-widget-tinymce textwidget\">\n\t<p><span style=\"color: #000000;\"><strong>Les 12 &amp; 13 F\u00e9vrier 2021<\/strong><\/span><span style=\"color: #000000;\"><strong>, 20H<\/strong><\/span><br \/>\n<span style=\"color: #000000;\">Ouverture des portes \u00e0 19h40<\/span><\/p>\n<p style=\"text-align: justify;\"><span style=\"color: #000000;\">Par <strong>La Compagnie La Nouvelle Terre<\/strong><br \/>\nTexte d'<strong>Antoine Brunet-Leconte<\/strong><br \/>\nMise en Sc\u00e8ne d'<strong>Antoine Brunet-Lecomte<\/strong><br \/>\nAvec <strong>Antoine Brunet-Lecomte, Jean-Yann Verton<\/strong><br \/>\nLumi\u00e8re, en cours de distribution<br \/>\nCr\u00e9ation Sonore d<strong>'Antoine Brunet-Lecomte<\/strong><br \/>\nSc\u00e9noragphie, en cours de distribution<br \/>\nRegards ext\u00e9rieurs par <strong>Romain Debouchaud<\/strong>, <strong>Mich\u00e8le Colson<\/strong>, <strong>Christophe Pichard<\/strong><br \/>\n<\/span><\/p>\n<p><span style=\"color: #000000;\"><span style=\"text-decoration: underline;\">DUR\u00c9E<\/span> : 1H10<\/span><br \/>\n<span style=\"color: #000000;\"><span style=\"text-decoration: underline;\">\u00c2GE<\/span> : \u00e0 partir de 7 ans<\/span><\/p>\n<p><span style=\"color: #000000;\">Un jeune auteur aper\u00e7oit \u00e0 sa fen\u00eatre un groupe de gens qui disent ensemble \u00ab je veux du travail \u00bb.<\/span><br \/>\n<span style=\"color: #000000;\">C\u2019est un probl\u00e8me, des gens n\u2019ont pas quelque chose qu\u2019ils veulent et semblent ne pas pouvoir l\u2019avoir. Qu\u2019est-ce que ce travail qu\u2019ils veulent ? Pour quoi ? Et comment l\u2019avoir ? C\u2019est sur ces questions qu\u2019il se jette, confront\u00e9 aussi \u00e0 la difficult\u00e9 et aux manques de son propre travail.<\/span><\/p>\n<p style=\"text-align: justify;\"><span style=\"color: #000000;\"><em>Travail<\/em>, c\u2019est l\u2019histoire d\u2019un texte en travail, en cours de construction, sur le travail, et la tentative de r\u00e9soudre en profondeur une question : pourquoi on travaille ?<\/span><\/p>\n<p style=\"text-align: justify;\"><span style=\"color: #000000;\"><em>Travail<\/em>, c\u2019est aussi l\u2019histoire du spectacle en travail d\u2019un texte en travail sur le travail, et qui n\u2019est donc pas termin\u00e9.<\/span><\/p>\n<p style=\"text-align: justify;\"><span style=\"color: #000000;\">Rien n\u2019est vraiment termin\u00e9 et c\u2019est tout l\u2019int\u00e9r\u00eat : continuer \u00e0 travailler.<\/span><\/p>\n<p style=\"text-align: justify;\"><span style=\"color: #000000;\">Il faut seulement savoir que par \u00ab travail \u00bb, l\u2019auteur entend tout ce qui est un effort. Donc tout.<\/span><br \/>\n<span style=\"color: #000000;\">Puisque m\u00eame quand il ne fait rien il respire encore, et cette respiration ne peut absolument pas \u00eatre exclue du travail. Car quand on ne respire plus on est mort. Et quand on est mort, il est selon lui quasiment certain que l\u00e0 on ne peut plus faire d\u2019effort.<\/span><\/p>\n<p style=\"text-align: justify;\"><span style=\"color: #000000;\">Ce qui compte peut-\u00eatre dans tout \u00e7a, c\u2019est de trouver le sens de l\u2019effort.<\/span><\/p>\n<p><span style=\"color: #000000;\">&nbsp;<\/span><\/p>\n<p><span style=\"color: #000000;\"><span style=\"text-decoration: underline;\">Cr\u00e9ation Soutenue par<\/span> : <strong>Le Th\u00e9\u00e2tre du Hangar<\/strong> et l'<strong>ENSAD Montpellier<\/strong>.<\/span><\/p>\n<p><a href=\"http:\/\/annexeromainville.com\/wp-content\/uploads\/2020\/11\/Travail-dossier-version-courte.pdf\">Dossier Artistique<\/a> \/ Dossier de Presse<\/p>\n<\/div>\n<\/div><\/div><\/div><\/div><div id=\"pg-4128-1\"  class=\"panel-grid panel-no-style\" ><div id=\"pgc-4128-1-0\"  class=\"panel-grid-cell panel-grid-cell-empty\" ><\/div><div id=\"pgc-4128-1-1\"  class=\"panel-grid-cell\" ><div id=\"panel-4128-1-1-0\" class=\"so-panel widget widget_sow-button panel-first-child\" data-index=\"2\" ><div\n\t\t\t\n\t\t\tclass=\"so-widget-sow-button so-widget-sow-button-wire-e7929c76966e-4128\"\n\t\t\t\n\t\t><div class=\"ow-button-base ow-button-align-center\"\n>\n\t\t\t<a\n\t\t\t\t\thref=\"http:\/\/annexeromainville.com\/index.php\/reservation\/\"\n\t\t\t\t\tclass=\"sowb-button ow-icon-placement-left ow-button-hover\" target=\"_blank\" rel=\"noopener noreferrer\" \t>\n\t\t<span>\n\t\t\t<span class=\"sow-icon-ionicons\" data-sow-icon=\"&#xf373;\"\n\t\tstyle=\"color: #dd9933\" \n\t\taria-hidden=\"true\"><\/span>\n\t\t\tR\u00e9server\t\t<\/span>\n\t\t\t<\/a>\n\t<\/div>\n<\/div><\/div><div id=\"panel-4128-1-1-1\" class=\"so-panel widget widget_sow-image\" data-index=\"3\" ><div\n\t\t\t\n\t\t\tclass=\"so-widget-sow-image so-widget-sow-image-default-c67d20f9f743-4128\"\n\t\t\t\n\t\t>\n<div class=\"sow-image-container\">\n\t\t<img \n\tsrc=\"https:\/\/annexeromainville.com\/wp-content\/uploads\/2020\/08\/Logo-Site-Web-50x56-1.jpg\" width=\"56\" height=\"50\" sizes=\"(max-width: 56px) 100vw, 56px\" title=\"Logo Site Web 50&#215;56\" alt=\"\" loading=\"lazy\" \t\tclass=\"so-widget-image\"\/>\n\t<\/div>\n\n<\/div><\/div><div id=\"panel-4128-1-1-2\" class=\"so-panel widget widget_sow-image\" data-index=\"4\" ><div\n\t\t\t\n\t\t\tclass=\"so-widget-sow-image so-widget-sow-image-default-c67d20f9f743-4128\"\n\t\t\t\n\t\t>\n<div class=\"sow-image-container\">\n\t\t<img \n\tsrc=\"https:\/\/annexeromainville.com\/wp-content\/uploads\/2020\/08\/Logo-Facebook-50x50-1.png\" width=\"50\" height=\"50\" sizes=\"(max-width: 50px) 100vw, 50px\" title=\"Logo Facebook 50&#215;50\" alt=\"\" loading=\"lazy\" \t\tclass=\"so-widget-image\"\/>\n\t<\/div>\n\n<\/div><\/div><div id=\"panel-4128-1-1-3\" class=\"so-panel widget widget_sow-image panel-last-child\" data-index=\"5\" ><div\n\t\t\t\n\t\t\tclass=\"so-widget-sow-image so-widget-sow-image-default-3a2476c0e107-4128\"\n\t\t\t\n\t\t>\n<div class=\"sow-image-container\">\n\t\t<img \n\tsrc=\"https:\/\/annexeromainville.com\/wp-content\/uploads\/2020\/08\/Logo-Instagram-50x50-1.png\" width=\"50\" height=\"50\" sizes=\"(max-width: 50px) 100vw, 50px\" title=\"Logo Instagram 50&#215;50\" alt=\"\" loading=\"lazy\" \t\tclass=\"so-widget-image\"\/>\n\t<\/div>\n\n<\/div><\/div><\/div><div id=\"pgc-4128-1-2\"  class=\"panel-grid-cell panel-grid-cell-empty\" ><\/div><div id=\"pgc-4128-1-3\"  class=\"panel-grid-cell panel-grid-cell-empty\" ><\/div><div id=\"pgc-4128-1-4\"  class=\"panel-grid-cell panel-grid-cell-mobile-last\" ><div id=\"panel-4128-1-4-0\" class=\"so-panel widget widget_sow-image panel-first-child\" data-index=\"6\" ><div\n\t\t\t\n\t\t\tclass=\"so-widget-sow-image so-widget-sow-image-default-c67d20f9f743-4128\"\n\t\t\t\n\t\t>\n<div class=\"sow-image-container\">\n\t\t<img \n\tsrc=\"https:\/\/annexeromainville.com\/wp-content\/uploads\/2020\/11\/TRAVAIL-Image-texte-copyright-Marine-Pironneau-300x212.png\" width=\"300\" height=\"212\" srcset=\"https:\/\/annexeromainville.com\/wp-content\/uploads\/2020\/11\/TRAVAIL-Image-texte-copyright-Marine-Pironneau-300x212.png 300w, https:\/\/annexeromainville.com\/wp-content\/uploads\/2020\/11\/TRAVAIL-Image-texte-copyright-Marine-Pironneau-1024x724.png 1024w, https:\/\/annexeromainville.com\/wp-content\/uploads\/2020\/11\/TRAVAIL-Image-texte-copyright-Marine-Pironneau-768x543.png 768w, https:\/\/annexeromainville.com\/wp-content\/uploads\/2020\/11\/TRAVAIL-Image-texte-copyright-Marine-Pironneau-1536x1086.png 1536w, https:\/\/annexeromainville.com\/wp-content\/uploads\/2020\/11\/TRAVAIL-Image-texte-copyright-Marine-Pironneau-2048x1448.png 2048w\" sizes=\"(max-width: 300px) 100vw, 300px\" title=\"TRAVAIL Image texte &#8211; copyright Marine Pironneau\" alt=\"\" loading=\"lazy\" \t\tclass=\"so-widget-image\"\/>\n\t<\/div>\n\n<\/div><\/div><div id=\"panel-4128-1-4-1\" class=\"so-panel widget widget_sow-editor panel-last-child\" data-index=\"7\" ><div\n\t\t\t\n\t\t\tclass=\"so-widget-sow-editor so-widget-sow-editor-base\"\n\t\t\t\n\t\t>\n<div class=\"siteorigin-widget-tinymce textwidget\">\n\t<p style=\"text-align: center;\"><span style=\"color: #000000;\">Cr\u00e9dit photo : Marine Pironneau<\/span><\/p>\n<\/div>\n<\/div><\/div><\/div><div id=\"pgc-4128-1-5\"  class=\"panel-grid-cell panel-grid-cell-empty\" ><\/div><\/div><div id=\"pg-4128-2\"  class=\"panel-grid panel-no-style\" ><div id=\"pgc-4128-2-0\"  class=\"panel-grid-cell\" ><div id=\"panel-4128-2-0-0\" class=\"so-panel widget widget_sow-editor panel-first-child\" data-index=\"8\" ><div\n\t\t\t\n\t\t\tclass=\"so-widget-sow-editor so-widget-sow-editor-base\"\n\t\t\t\n\t\t><h3 class=\"widget-title\">ANTOINE BRUNET-LECOMTE<\/h3>\n<div class=\"siteorigin-widget-tinymce textwidget\">\n\t<p><span style=\"color: #000000;\"><img loading=\"lazy\" class=\"size-full wp-image-4136 alignleft\" src=\"http:\/\/annexeromainville.com\/wp-content\/uploads\/2020\/11\/Antoine-Brunet-Lecomtejpg.jpg\" alt=\"\" width=\"129\" height=\"131\"\/><\/span><\/p>\n<p style=\"text-align: justify;\"><span style=\"color: #000000;\">N\u00e9 \u00e0 Lyon, il commence le th\u00e9\u00e2tre \u00e0 l\u2019Iris alors qu\u2019il est en deuxi\u00e8me ann\u00e9e de facult\u00e9 de philosophie \u00e0 Lyon III. Une formation qui lui permettra de d\u00e9couvrir \u00e0 la fois le plaisir du jeu et d\u2019approcher son exigence. Il rencontre \u00e0 cette \u00e9poque, entre autres, Caroline Boisson et Didier Vidal, le danseur Marcelo Sepulveda, au contact duquel il d\u00e9couvre l\u2019incroyable n\u00e9cessaire pr\u00e9cision d\u2019une chor\u00e9graphie et le souffle dans le mouvement du danseur, et Etienne Bimbenet, ph\u00e9nom\u00e9nologue, qui lui transmet une approche historique et po\u00e9tique de la philosophie. En 2015 il rejoint l\u2019ENSAD de Montpellier, pour trois ans. Il rencontre et travaille entre autres avec Pascal Kirsh, Pierre Meunier et Marguerite Bordas, et Marion Guerrero. Il termine l\u2019ENSAD en 2018 avec <em>4x10<\/em>, mis en sc\u00e8ne par Am\u00e9lie Enon, Fran\u00e7ois-Xavier Rouyer, Stuart Seide et Gildas Milin. Il \u00e9crit r\u00e9guli\u00e8rement, et a mis en lecture et en espace plusieurs textes (<em>Trois lettres, Si, La punaise)<\/em>, et mis en sc\u00e8ne un texte (<em>Rose perdue<\/em>) dans le cadre d\u2019une carte blanche \u00e0 l\u2019ENSAD. Il est actuellement com\u00e9dien sur des projets d\u2019anciens camarades de promotion <em>(Le trou <\/em>et <em>Dan tan lontan) <\/em>et travaille en Italie avec Maurizio Azzurro.<\/span><\/p>\n<p style=\"text-align: justify;\"><span style=\"color: #000000;\"><strong>En tant que com\u00e9dien<\/strong>, auteur ou metteur en sc\u00e8ne, sa pr\u00e9occupation principale a toujours \u00e9t\u00e9 de trouver le bon \u00e9quilibre entre l\u2019exigence, le plaisir de faire, et la n\u00e9cessit\u00e9 de transmettre. Plus r\u00e9cemment ces questions ont \u00e9t\u00e9 rebattues lorsqu\u2019il s\u2019est rendu compte qu\u2019\u00e9crire pouvait constituer un infini r\u00e9servoir \u00e0 jeu pour le com\u00e9dien qu\u2019il est, notamment par le biais l\u2019improvisation.<\/span><\/p>\n<p style=\"text-align: justify;\"><span style=\"color: #000000;\"><strong>Dans l\u2019\u00e9criture<\/strong>, sachant l\u2019importance de sa formation en philosophie, il cherche autour de la place de la pens\u00e9e dans le r\u00e9cit, de l\u2019effectivit\u00e9 de cette pens\u00e9e, et du rapport pour l\u2019instant incompr\u00e9hensible entre la n\u00e9cessaire unit\u00e9 de notre esp\u00e8ce et sa tout aussi n\u00e9cessaire intouchable individualit\u00e9.<\/span><\/p>\n<p style=\"text-align: justify;\"><span style=\"color: #000000;\">En dehors de \u00e7a, il aime \u00e9galement beaucoup la feinte, la surprise, le jeu et la mise en abyme.<\/span><\/p>\n<p style=\"text-align: justify;\"><span style=\"color: #000000;\">&nbsp;<\/span><\/p>\n<\/div>\n<\/div><\/div><div id=\"panel-4128-2-0-1\" class=\"so-panel widget widget_sow-editor panel-last-child\" data-index=\"9\" ><div\n\t\t\t\n\t\t\tclass=\"so-widget-sow-editor so-widget-sow-editor-base\"\n\t\t\t\n\t\t><h3 class=\"widget-title\">ROMAIN DEBOUCHAUD<\/h3>\n<div class=\"siteorigin-widget-tinymce textwidget\">\n\t<p style=\"text-align: justify;\"><span style=\"color: #000000;\"><img loading=\"lazy\" class=\" wp-image-4138 alignleft\" src=\"http:\/\/annexeromainville.com\/wp-content\/uploads\/2020\/11\/Romain-Debouchaud-300x300.jpg\" alt=\"\" width=\"159\" height=\"159\" srcset=\"https:\/\/annexeromainville.com\/wp-content\/uploads\/2020\/11\/Romain-Debouchaud-300x300.jpg 300w, https:\/\/annexeromainville.com\/wp-content\/uploads\/2020\/11\/Romain-Debouchaud-150x150.jpg 150w, https:\/\/annexeromainville.com\/wp-content\/uploads\/2020\/11\/Romain-Debouchaud.jpg 310w\" sizes=\"(max-width: 159px) 100vw, 159px\" \/><\/span><span style=\"color: #000000;\">Apr\u00e8s avoir men\u00e9 des \u00e9tudes d'acteur au Conservatoire R\u00e9gional de Poitiers, Romain int\u00e8gre en 2015 l'Ecole Nationale Sup\u00e9rieure d'Art Dramatique de Montpellier sous la direction de Gildas Milin. Il a travaill\u00e9 avec Jean Pierre Berthomier, Anne Th\u00e9ron, Olga Jirouskova, Etienne Pommeret, Jean-Marie Vill\u00e9gier, Mathieu Roy, Laurent Ziserman, Isabelle Ronayette, Marion Guerrero, Richard Sammut. Photographe, r\u00e9alisateur (fictions et documentaires) et metteur en sc\u00e8ne, il est aussi fan et solide amateur de tennis depuis sa tendre enfance.<\/span><\/p>\n<p style=\"text-align: justify;\"><span style=\"color: #000000;\">\u00ab&nbsp;C\u2019est par amour de ce que je connais et de ce que je ne connais pas que je fais ce m\u00e9tier, et aussi pour tout ce qu\u2019il y a entre les deux. Tout ce qui n\u2019a pas encore de voix, tout ce qui ne sonne pas, tout ce qui est irr\u00e9gulier, tout ce qui n\u2019a pas de gueule, c\u2019est s\u00fbrement l\u00e0 que r\u00e9side la beaut\u00e9 et le sens, en l\u2019ailleurs et en l\u2019autre&nbsp;\u00bb<\/span><\/p>\n<p style=\"text-align: justify;\"><span style=\"color: #000000;\">Romain a rejoint <em>Travail<\/em> six mois apr\u00e8s avoir assist\u00e9 au premier essai, quelques mois apr\u00e8s Jean-Yann, bien qu\u2019il ait \u00e9t\u00e9 pr\u00e9sent quasiment d\u00e8s le d\u00e9but, via notamment quelques discussions et conseils autour d\u2019une bi\u00e8re. Antoine lui a propos\u00e9 de rejoindre le projet pour son exp\u00e9rience de la mise en sc\u00e8ne, ses qualit\u00e9s \u00e9videntes dans la direction d\u2019acteur, sa g\u00e9n\u00e9rosit\u00e9 et, comme Jean-Yann, son calme, sa distance et sa douceur. Auparavant, ils avaient pass\u00e9 trois ans ensemble \u00e0 l\u2019ENSAD, l\u2019enjeu \u00e9tait aussi de d\u00e9couvrir et de creuser un nouveau rapport de travail.<\/span><\/p>\n<p style=\"text-align: justify;\"><span style=\"color: #000000;\">\u00ab&nbsp;Avec Antoine on explore une nouvelle th\u00e9\u00e2tralit\u00e9, que je ne connais pas du tout, qu\u2019il semble d\u00e9couvrir lui aussi mais qui pourtant lui ressemble beaucoup. J\u2019essaye de le guider du mieux que je peux dans ce chemin, sur lequel je me d\u00e9couvre \u00e9galement et qui m\u2019int\u00e9resse au plus haut point.&nbsp;\u00bb<\/span><\/p>\n<\/div>\n<\/div><\/div><\/div><div id=\"pgc-4128-2-1\"  class=\"panel-grid-cell\" ><div id=\"panel-4128-2-1-0\" class=\"so-panel widget widget_sow-editor panel-first-child panel-last-child\" data-index=\"10\" ><div\n\t\t\t\n\t\t\tclass=\"so-widget-sow-editor so-widget-sow-editor-base\"\n\t\t\t\n\t\t><h3 class=\"widget-title\">JEAN-YANN VERTON<\/h3>\n<div class=\"siteorigin-widget-tinymce textwidget\">\n\t<p style=\"text-align: justify;\"><img loading=\"lazy\" class=\"size-full wp-image-4137 alignleft\" src=\"http:\/\/annexeromainville.com\/wp-content\/uploads\/2020\/11\/Jean-Yann-Verton.jpg\" alt=\"\" width=\"141\" height=\"136\"\/><span style=\"color: #000000;\">Jean-Yann arrive \u00e0 Montpellier en 2009. Jusqu\u2019en 2011 il suit un double cursus, une licence de th\u00e9\u00e2tre de l'universit\u00e9 Montpellier III et les cours de pratique r\u00e9gulier de l\u2019ENSAD de Montpellier, en section initiation. A la suite de son d\u00e9sir croissant de formation au plateau, il int\u00e8gre la promotion 2012 de l\u2019EPSAD. En 2017, il termine un Master d'\u00e9tude th\u00e9\u00e2trale \u00e0 Montpellier III Paul Val\u00e9ry, o\u00f9 il a pu effectuer une recherche th\u00e9orique et pratique, avec de la mise en sc\u00e8ne et de la direction d'acteur, en questionnant l'identit\u00e9 et la technicit\u00e9 du jeu. Il donne et s'exerce \u00e0 divers ateliers autour de la cr\u00e9ation collective et de l'\u00e9criture de plateau, et participe r\u00e9guli\u00e8rement \u00e0 des lectures, des s\u00e9ances de th\u00e9\u00e2tre forum et des performances.<\/span><\/p>\n<p style=\"text-align: justify;\"><span style=\"color: #000000;\">\u00ab&nbsp;Le jeu est un espace dans lequel arrive une connexion plus v\u00e9ritable. Ici ont lieu des travers\u00e9es qui cherchent \u00e0 enlever les masques, \u00e0 en changer ou \u00e0 les voir diff\u00e9remment. Et toujours la question&nbsp;: Pourquoi&nbsp;? (\u2026) Tendre vers une inaccessible libert\u00e9&nbsp;? \u00bb<\/span><\/p>\n<p style=\"text-align: justify;\"><span style=\"color: #000000;\">Jean-Yann a rejoint l\u2019\u00e9quipe quelques mois apr\u00e8s avoir assist\u00e9 au premier essai de <em>Travail<\/em>, dont le titre \u00e9tait alors \u00ab&nbsp;Le travail rend libre&nbsp;\u00bb. Antoine lui a propos\u00e9 de l\u2019accompagner pour sa compr\u00e9hension imm\u00e9diate et intuitive du projet, son calme, sa distance et sa douceur dans ses rapports, et \u00e0 d\u00e9couvert plus tard sa rigueur dans le jeu, son attrait pour la th\u00e9orie comme source d\u2019inspiration pratique, et son c\u00f4t\u00e9 \u00ab&nbsp;\u00e9l\u00e9phant&nbsp;\u00bb, une m\u00e9moire impressionnante de tout ce qui a \u00e9t\u00e9 dit \u2013 m\u00eame s\u2019il para\u00eet que les dauphins, les babouins, les abeilles et les orques sont aussi excellent.<\/span><\/p>\n<p style=\"text-align: justify;\"><span style=\"color: #000000;\">\u00ab&nbsp;Une veine de pens\u00e9e r\u00e9ciproque me tient \u00e0 ce travail&nbsp;: la simplicit\u00e9 recherch\u00e9e, l\u2019\u00e9quilibre propos\u00e9 pour cr\u00e9er un partage lors des travers\u00e9es et le cadre, dans les volont\u00e9s m\u00e9thodologiques de la recherche. Quand je l\u2019ai d\u00e9couvert la premi\u00e8re fois la forme et le fond m\u2019ont happ\u00e9. Il y avait cette franche mani\u00e8re de cherche un \u00ab&nbsp;essentiel&nbsp;\u00bb et un \u00ab&nbsp;pourquoi&nbsp;\u00bb f\u00e9roce tenant la volont\u00e9 de faire ce travail en particulier.&nbsp;\u00bb<\/span><\/p>\n<p style=\"text-align: justify;\"><span style=\"color: #000000;\">&nbsp;<\/span><\/p>\n<\/div>\n<\/div><\/div><\/div><\/div><\/div>","protected":false},"excerpt":{"rendered":"<p>Les 12 &amp; 13 F\u00e9vrier 2021, 20H Ouverture des portes \u00e0 19h40 Par La Compagnie La Nouvelle Terre Texte d&#8217;Antoine Brunet-Leconte Mise en Sc\u00e8ne d&#8217;Antoine Brunet-Lecomte Avec Antoine Brunet-Lecomte, Jean-Yann<span class=\"read-more-wrap\"><a class=\"moretag\" href=\"https:\/\/annexeromainville.com\/index.php\/travail\/\">Lire la suite<span class=\"screen-reader-text\">TRAVAIL<\/span><\/a><\/span><\/p>\n","protected":false},"author":2,"featured_media":0,"parent":0,"menu_order":0,"comment_status":"closed","ping_status":"closed","template":"","meta":{"_bbp_topic_count":0,"_bbp_reply_count":0,"_bbp_total_topic_count":0,"_bbp_total_reply_count":0,"_bbp_voice_count":0,"_bbp_anonymous_reply_count":0,"_bbp_topic_count_hidden":0,"_bbp_reply_count_hidden":0,"_bbp_forum_subforum_count":0,"ngg_post_thumbnail":0},"_links":{"self":[{"href":"https:\/\/annexeromainville.com\/index.php\/wp-json\/wp\/v2\/pages\/4128"}],"collection":[{"href":"https:\/\/annexeromainville.com\/index.php\/wp-json\/wp\/v2\/pages"}],"about":[{"href":"https:\/\/annexeromainville.com\/index.php\/wp-json\/wp\/v2\/types\/page"}],"author":[{"embeddable":true,"href":"https:\/\/annexeromainville.com\/index.php\/wp-json\/wp\/v2\/users\/2"}],"replies":[{"embeddable":true,"href":"https:\/\/annexeromainville.com\/index.php\/wp-json\/wp\/v2\/comments?post=4128"}],"version-history":[{"count":7,"href":"https:\/\/annexeromainville.com\/index.php\/wp-json\/wp\/v2\/pages\/4128\/revisions"}],"predecessor-version":[{"id":4143,"href":"https:\/\/annexeromainville.com\/index.php\/wp-json\/wp\/v2\/pages\/4128\/revisions\/4143"}],"wp:attachment":[{"href":"https:\/\/annexeromainville.com\/index.php\/wp-json\/wp\/v2\/media?parent=4128"}],"curies":[{"name":"wp","href":"https:\/\/api.w.org\/{rel}","templated":true}]}}