{"id":4146,"date":"2020-11-05T14:19:49","date_gmt":"2020-11-05T13:19:49","guid":{"rendered":"http:\/\/annexeromainville.com\/?page_id=4146"},"modified":"2020-11-05T14:28:04","modified_gmt":"2020-11-05T13:28:04","slug":"anatomie-dune-playlist-2021","status":"publish","type":"page","link":"https:\/\/annexeromainville.com\/index.php\/anatomie-dune-playlist-2021\/","title":{"rendered":"Anatomie  d&#8217;une Playlist"},"content":{"rendered":"<div id=\"pl-4146\"  class=\"panel-layout\" ><div id=\"pg-4146-0\"  class=\"panel-grid panel-no-style\" ><div id=\"pgc-4146-0-0\"  class=\"panel-grid-cell\" ><div id=\"panel-4146-0-0-0\" class=\"so-panel widget widget_sow-image panel-first-child panel-last-child\" data-index=\"0\" ><div\n\t\t\t\n\t\t\tclass=\"so-widget-sow-image so-widget-sow-image-default-8b5b6f678277-4146\"\n\t\t\t\n\t\t>\n<div class=\"sow-image-container\">\n\t\t<img \n\tsrc=\"https:\/\/annexeromainville.com\/wp-content\/uploads\/2020\/11\/Affiche-PLAYLIST-HIVER-2021-RESIZE.png\" width=\"1230\" height=\"1528\" srcset=\"https:\/\/annexeromainville.com\/wp-content\/uploads\/2020\/11\/Affiche-PLAYLIST-HIVER-2021-RESIZE.png 1230w, https:\/\/annexeromainville.com\/wp-content\/uploads\/2020\/11\/Affiche-PLAYLIST-HIVER-2021-RESIZE-241x300.png 241w, https:\/\/annexeromainville.com\/wp-content\/uploads\/2020\/11\/Affiche-PLAYLIST-HIVER-2021-RESIZE-824x1024.png 824w, https:\/\/annexeromainville.com\/wp-content\/uploads\/2020\/11\/Affiche-PLAYLIST-HIVER-2021-RESIZE-768x954.png 768w\" sizes=\"(max-width: 1230px) 100vw, 1230px\" title=\"Affiche PLAYLIST HIVER 2021 RESIZE\" alt=\"\" loading=\"lazy\" \t\tclass=\"so-widget-image\"\/>\n\t<\/div>\n\n<\/div><\/div><\/div><div id=\"pgc-4146-0-1\"  class=\"panel-grid-cell\" ><div id=\"panel-4146-0-1-0\" class=\"so-panel widget widget_sow-editor panel-first-child panel-last-child\" data-index=\"1\" ><div\n\t\t\t\n\t\t\tclass=\"so-widget-sow-editor so-widget-sow-editor-base\"\n\t\t\t\n\t\t>\n<div class=\"siteorigin-widget-tinymce textwidget\">\n\t<p><span style=\"color: #000000;\"><strong>Les 5 &amp; 6 Mars 2021<\/strong><\/span><span style=\"color: #000000;\"><strong>, 20H<\/strong><\/span><br \/>\n<span style=\"color: #000000;\">Ouverture des portes \u00e0 19h40<\/span><\/p>\n<p style=\"text-align: justify;\"><span style=\"color: #000000;\">Par <strong>Le Collectif La Grosse Plateforme<\/strong><br \/>\nTexte : \u00c9criture Collective<br \/>\nMise en Sc\u00e8ne de<strong> Charlotte Arnaud<\/strong><br \/>\nAvec <strong>Thomas Bleton <\/strong>&amp;<strong> Maryse Rousseau<\/strong><br \/>\nLumi\u00e8re de <strong>Juliette Romens<\/strong> et <strong>Quentin Rumaux<\/strong><br \/>\nSc\u00e9noragphie de <strong>Charlotte Arnaud<\/strong><br \/>\nRegards ext\u00e9rieurs par <strong>Joseph Elbaz<\/strong><br \/>\n<\/span><\/p>\n<p><span style=\"color: #000000;\"><span style=\"text-decoration: underline;\">DUR\u00c9E<\/span> : 1H20<\/span><br \/>\n<span style=\"color: #000000;\"><span style=\"text-decoration: underline;\">\u00c2GE<\/span> : \u00e0 partir de 10 ans<\/span><\/p>\n<p style=\"text-align: justify;\"><span style=\"color: #000000;\">\u00ab On a finalement coup\u00e9 la sc\u00e8ne o\u00f9 l\u2019\u00e9quipe de France de football montait sur le plateau avec nous, pour chanter Vegedream, Ramenez la coupe \u00e0 la maison. On s\u2019est dit qu\u2019ici, il valait mieux privil\u00e9gier une ambiance intimiste.\u00bb<\/span><\/p>\n<p style=\"text-align: justify;\"><span style=\"color: #000000;\">Anatomie d\u2019une playlist diss\u00e8que la relation que nous entretenons avec notre MP3, notre lecteur K7, notre compte Deezer, les concerts au Z\u00e9nith et nos mixs Youtube. Les playlists que nous constituons au quotidien entrent en contact les unes les autres, se r\u00e9pondent, se compl\u00e8tent, et dessinent une histoire. Elles racontent notre groupe, notre milieu social, notre g\u00e9n\u00e9ration -avec ses conflits, son rapport au pass\u00e9, ses d\u00e9chirures et ses rassemblements.<\/span><br \/>\n<span style=\"color: #000000;\">De Jean-Jacques Goldman \u00e0 Rihanna, sans transition ou presque, la musique parle de nous. Les chansons dans lesquelles nous nous reconnaissons nous d\u00e9finissent et nous illustrent. Elles sont la bande originale de nos vies quotidiennes, li\u00e9es \u00e0 notre intimit\u00e9 par l\u2019affection que nous leur portons et l\u2019\u00e9motion qu\u2019elles nous transmettent. Et au del\u00e0 de nos \u00e9couteurs personnels, elles deviennent le lieu o\u00f9 nous nous retrouvons et nous rassemblons.<\/span><\/p>\n<p><span style=\"color: #000000;\">&nbsp;<\/span><\/p>\n<p><span style=\"color: #000000;\"><span style=\"text-decoration: underline;\">Cr\u00e9ation Soutenue par<\/span> : <strong>La Grosse Plateforme, Le Nid de Poule, La Mue - Karine Saporta, Le service Culturel de l'universit\u00e9 d'Arras, la ville de Billom.<br \/>\n<\/strong><\/span><\/p>\n<p><a href=\"http:\/\/annexeromainville.com\/wp-content\/uploads\/2020\/11\/Travail-dossier-version-courte.pdf\">Dossier Artistique<\/a> \/ Dossier de Presse<\/p>\n<\/div>\n<\/div><\/div><\/div><\/div><div id=\"pg-4146-1\"  class=\"panel-grid panel-no-style\" ><div id=\"pgc-4146-1-0\"  class=\"panel-grid-cell panel-grid-cell-empty\" ><\/div><div id=\"pgc-4146-1-1\"  class=\"panel-grid-cell\" ><div id=\"panel-4146-1-1-0\" class=\"so-panel widget widget_sow-button panel-first-child\" data-index=\"2\" ><div\n\t\t\t\n\t\t\tclass=\"so-widget-sow-button so-widget-sow-button-wire-e7929c76966e-4146\"\n\t\t\t\n\t\t><div class=\"ow-button-base ow-button-align-center\"\n>\n\t\t\t<a\n\t\t\t\t\thref=\"http:\/\/annexeromainville.com\/index.php\/reservation\/\"\n\t\t\t\t\tclass=\"sowb-button ow-icon-placement-left ow-button-hover\" target=\"_blank\" rel=\"noopener noreferrer\" \t>\n\t\t<span>\n\t\t\t<span class=\"sow-icon-ionicons\" data-sow-icon=\"&#xf373;\"\n\t\tstyle=\"color: #dd9933\" \n\t\taria-hidden=\"true\"><\/span>\n\t\t\tR\u00e9server\t\t<\/span>\n\t\t\t<\/a>\n\t<\/div>\n<\/div><\/div><div id=\"panel-4146-1-1-1\" class=\"so-panel widget widget_sow-image\" data-index=\"3\" ><div\n\t\t\t\n\t\t\tclass=\"so-widget-sow-image so-widget-sow-image-default-c67d20f9f743-4146\"\n\t\t\t\n\t\t>\n<div class=\"sow-image-container\">\n\t\t\t<a href=\"http:\/\/lagrosseplateforme.com\/\"\n\t\t\ttarget=\"_blank\" rel=\"noopener noreferrer\" \t\t>\n\t\t\t<img \n\tsrc=\"https:\/\/annexeromainville.com\/wp-content\/uploads\/2020\/08\/Logo-Site-Web-50x56-1.jpg\" width=\"56\" height=\"50\" sizes=\"(max-width: 56px) 100vw, 56px\" title=\"Logo Site Web 50&#215;56\" alt=\"\" loading=\"lazy\" \t\tclass=\"so-widget-image\"\/>\n\t\t\t<\/a><\/div>\n\n<\/div><\/div><div id=\"panel-4146-1-1-2\" class=\"so-panel widget widget_sow-image\" data-index=\"4\" ><div\n\t\t\t\n\t\t\tclass=\"so-widget-sow-image so-widget-sow-image-default-c67d20f9f743-4146\"\n\t\t\t\n\t\t>\n<div class=\"sow-image-container\">\n\t\t\t<a href=\"https:\/\/www.facebook.com\/LaGrossePlateforme\/\"\n\t\t\ttarget=\"_blank\" rel=\"noopener noreferrer\" \t\t>\n\t\t\t<img \n\tsrc=\"https:\/\/annexeromainville.com\/wp-content\/uploads\/2020\/08\/Logo-Facebook-50x50-1.png\" width=\"50\" height=\"50\" sizes=\"(max-width: 50px) 100vw, 50px\" title=\"Logo Facebook 50&#215;50\" alt=\"\" loading=\"lazy\" \t\tclass=\"so-widget-image\"\/>\n\t\t\t<\/a><\/div>\n\n<\/div><\/div><div id=\"panel-4146-1-1-3\" class=\"so-panel widget widget_sow-image panel-last-child\" data-index=\"5\" ><div\n\t\t\t\n\t\t\tclass=\"so-widget-sow-image so-widget-sow-image-default-c67d20f9f743-4146\"\n\t\t\t\n\t\t>\n<div class=\"sow-image-container\">\n\t\t\t<a href=\"https:\/\/www.instagram.com\/la_grosse_plateforme\/\"\n\t\t\ttarget=\"_blank\" rel=\"noopener noreferrer\" \t\t>\n\t\t\t<img \n\tsrc=\"https:\/\/annexeromainville.com\/wp-content\/uploads\/2020\/08\/Logo-Instagram-50x50-1.png\" width=\"50\" height=\"50\" sizes=\"(max-width: 50px) 100vw, 50px\" title=\"Logo Instagram 50&#215;50\" alt=\"\" loading=\"lazy\" \t\tclass=\"so-widget-image\"\/>\n\t\t\t<\/a><\/div>\n\n<\/div><\/div><\/div><div id=\"pgc-4146-1-2\"  class=\"panel-grid-cell panel-grid-cell-empty\" ><\/div><div id=\"pgc-4146-1-3\"  class=\"panel-grid-cell panel-grid-cell-empty\" ><\/div><div id=\"pgc-4146-1-4\"  class=\"panel-grid-cell panel-grid-cell-mobile-last\" ><div id=\"panel-4146-1-4-0\" class=\"so-panel widget widget_sow-image panel-first-child\" data-index=\"6\" ><div\n\t\t\t\n\t\t\tclass=\"so-widget-sow-image so-widget-sow-image-default-c67d20f9f743-4146\"\n\t\t\t\n\t\t>\n<div class=\"sow-image-container\">\n\t\t<img \n\tsrc=\"https:\/\/annexeromainville.com\/wp-content\/uploads\/2020\/11\/200107_visuel_anatomie_COPYRIGHT_christophe_offret-236x300.jpg\" width=\"236\" height=\"300\" srcset=\"https:\/\/annexeromainville.com\/wp-content\/uploads\/2020\/11\/200107_visuel_anatomie_COPYRIGHT_christophe_offret-236x300.jpg 236w, https:\/\/annexeromainville.com\/wp-content\/uploads\/2020\/11\/200107_visuel_anatomie_COPYRIGHT_christophe_offret-805x1024.jpg 805w, https:\/\/annexeromainville.com\/wp-content\/uploads\/2020\/11\/200107_visuel_anatomie_COPYRIGHT_christophe_offret-768x977.jpg 768w, https:\/\/annexeromainville.com\/wp-content\/uploads\/2020\/11\/200107_visuel_anatomie_COPYRIGHT_christophe_offret-1207x1536.jpg 1207w, https:\/\/annexeromainville.com\/wp-content\/uploads\/2020\/11\/200107_visuel_anatomie_COPYRIGHT_christophe_offret-1609x2048.jpg 1609w, https:\/\/annexeromainville.com\/wp-content\/uploads\/2020\/11\/200107_visuel_anatomie_COPYRIGHT_christophe_offret.jpg 1949w\" sizes=\"(max-width: 236px) 100vw, 236px\" alt=\"\" loading=\"lazy\" \t\tclass=\"so-widget-image\"\/>\n\t<\/div>\n\n<\/div><\/div><div id=\"panel-4146-1-4-1\" class=\"so-panel widget widget_sow-editor panel-last-child\" data-index=\"7\" ><div\n\t\t\t\n\t\t\tclass=\"so-widget-sow-editor so-widget-sow-editor-base\"\n\t\t\t\n\t\t>\n<div class=\"siteorigin-widget-tinymce textwidget\">\n\t<p style=\"text-align: center;\"><span style=\"color: #000000;\">Cr\u00e9dit photo : Christophe Offret<br \/>\n<\/span><\/p>\n<\/div>\n<\/div><\/div><\/div><div id=\"pgc-4146-1-5\"  class=\"panel-grid-cell panel-grid-cell-empty\" ><\/div><\/div><div id=\"pg-4146-2\"  class=\"panel-grid panel-no-style\" ><div id=\"pgc-4146-2-0\"  class=\"panel-grid-cell\" ><div id=\"panel-4146-2-0-0\" class=\"so-panel widget widget_sow-editor panel-first-child\" data-index=\"8\" ><div\n\t\t\t\n\t\t\tclass=\"so-widget-sow-editor so-widget-sow-editor-base\"\n\t\t\t\n\t\t><h3 class=\"widget-title\">LA GROSSE PLATEFORME<\/h3>\n<div class=\"siteorigin-widget-tinymce textwidget\">\n\t<p style=\"text-align: justify;\"><span style=\"color: #000000;\"><img loading=\"lazy\" class=\"wp-image-4160 alignleft\" src=\"http:\/\/annexeromainville.com\/wp-content\/uploads\/2020\/11\/LOGO_LAGP_FINAL-black-300x273.jpg\" alt=\"\" width=\"144\" height=\"131\" srcset=\"https:\/\/annexeromainville.com\/wp-content\/uploads\/2020\/11\/LOGO_LAGP_FINAL-black-300x273.jpg 300w, https:\/\/annexeromainville.com\/wp-content\/uploads\/2020\/11\/LOGO_LAGP_FINAL-black-1024x932.jpg 1024w, https:\/\/annexeromainville.com\/wp-content\/uploads\/2020\/11\/LOGO_LAGP_FINAL-black-768x699.jpg 768w, https:\/\/annexeromainville.com\/wp-content\/uploads\/2020\/11\/LOGO_LAGP_FINAL-black-1536x1399.jpg 1536w, https:\/\/annexeromainville.com\/wp-content\/uploads\/2020\/11\/LOGO_LAGP_FINAL-black-2048x1865.jpg 2048w\" sizes=\"(max-width: 144px) 100vw, 144px\" \/>La Grosse Plateforme est un collectif d\u2019artistes du spectacle vivant. N\u00e9e en 2017 du regroupement des trois compagnies Les Occiputs, La Faim du Soir Tard et La Ville en Feu, elle rassemble aujourd\u2019hui 17 artistes com\u00e9dien.e.s, danseur.ses, administratrices, sc\u00e9nographes, chanteur.euses et p\u00e9dagogues, qui s\u2019associent sur diff\u00e9rentes cr\u00e9ations pluridisciplinaires. Ensemble il.les cr\u00e9ent \u00e0 la fois des spectacles, m\u00e8nent des actions artistiques et p\u00e9dagogique avec des publics, et organisent des \u00e9v\u00e8nements entre programmation et festivit\u00e9s.<\/span><\/p>\n<\/div>\n<\/div><\/div><div id=\"panel-4146-2-0-1\" class=\"so-panel widget widget_sow-editor panel-last-child\" data-index=\"9\" ><div\n\t\t\t\n\t\t\tclass=\"so-widget-sow-editor so-widget-sow-editor-base\"\n\t\t\t\n\t\t><h3 class=\"widget-title\">THOMAS BLETON<\/h3>\n<div class=\"siteorigin-widget-tinymce textwidget\">\n\t<p style=\"text-align: justify;\"><span style=\"color: #000000;\"><img loading=\"lazy\" class=\"wp-image-4149 alignleft\" src=\"http:\/\/annexeromainville.com\/wp-content\/uploads\/2020\/11\/thomas-bleton-visuel-liste-1200x803-q80-300x201.jpg\" alt=\"\" width=\"182\" height=\"122\" srcset=\"https:\/\/annexeromainville.com\/wp-content\/uploads\/2020\/11\/thomas-bleton-visuel-liste-1200x803-q80-300x201.jpg 300w, https:\/\/annexeromainville.com\/wp-content\/uploads\/2020\/11\/thomas-bleton-visuel-liste-1200x803-q80-1024x685.jpg 1024w, https:\/\/annexeromainville.com\/wp-content\/uploads\/2020\/11\/thomas-bleton-visuel-liste-1200x803-q80-768x514.jpg 768w, https:\/\/annexeromainville.com\/wp-content\/uploads\/2020\/11\/thomas-bleton-visuel-liste-1200x803-q80-272x182.jpg 272w, https:\/\/annexeromainville.com\/wp-content\/uploads\/2020\/11\/thomas-bleton-visuel-liste-1200x803-q80.jpg 1200w\" sizes=\"(max-width: 182px) 100vw, 182px\" \/><\/span><span style=\"color: #000000;\">Suite \u00e0 une formation de paysagiste concepteur, Thomas int\u00e8gre le conservatoire municipale du 11\u00e8me arrondissement de la Ville de Paris. Il y \u00e9tudie l\u2019art dramatique aux c\u00f4t\u00e9s de Carole Bergen, ainsi que la danse et la po\u00e9sie sonore aux c\u00f4t\u00e9s de Nadia Vadori Gauthier, le chant Classique avec Florence Godefroy. Il effectue en parall\u00e8le de nombreux stages avec, entre autre Fran\u00e7ois Rancillac et Christine Gu\u00e9non, Thierry Thie\u00fb Niang, les danseurs de Dave st Pierre, ou encore Arno Schuitemaker.<\/span><\/p>\n<\/div>\n<\/div><\/div><\/div><div id=\"pgc-4146-2-1\"  class=\"panel-grid-cell\" ><div id=\"panel-4146-2-1-0\" class=\"so-panel widget widget_sow-editor panel-first-child\" data-index=\"10\" ><div\n\t\t\t\n\t\t\tclass=\"so-widget-sow-editor so-widget-sow-editor-base\"\n\t\t\t\n\t\t><h3 class=\"widget-title\">CHARLOTTE  ARNAUD <\/h3>\n<div class=\"siteorigin-widget-tinymce textwidget\">\n\t<p style=\"text-align: justify;\"><span style=\"color: #000000;\"><img loading=\"lazy\" class=\" wp-image-4151 alignleft\" src=\"http:\/\/annexeromainville.com\/wp-content\/uploads\/2020\/11\/photo_charlotte_ld-984x1457-q80-203x300.jpg\" alt=\"\" width=\"120\" height=\"177\" srcset=\"https:\/\/annexeromainville.com\/wp-content\/uploads\/2020\/11\/photo_charlotte_ld-984x1457-q80-203x300.jpg 203w, https:\/\/annexeromainville.com\/wp-content\/uploads\/2020\/11\/photo_charlotte_ld-984x1457-q80-692x1024.jpg 692w, https:\/\/annexeromainville.com\/wp-content\/uploads\/2020\/11\/photo_charlotte_ld-984x1457-q80-768x1137.jpg 768w, https:\/\/annexeromainville.com\/wp-content\/uploads\/2020\/11\/photo_charlotte_ld-984x1457-q80.jpg 984w\" sizes=\"(max-width: 120px) 100vw, 120px\" \/>Apr\u00e8s des \u00e9tudes de design \u00e0 l\u2019\u00e9cole Boulle, Charlotte se forme \u00e0 l\u2019ENSATT o\u00f9 elle se sp\u00e9cialise dans la sc\u00e9nographie th\u00e9\u00e2trale. Elle y travaille avec Gwena\u00ebl Morin, S\u00e9verine Chavrier et Anne-Laure Li\u00e9geois, avant d\u2019\u00e9crire une m\u00e9moire sur l\u2019id\u00e9e d\u2019un th\u00e9\u00e2tre vernaculaire. Elle poursuivra cette recherche en travaillant avec l\u2019architecte constructeur Nicolas Henninger (collectif EXYZT) \u00e0 Londres, puis avec le groupe d\u2019artistes et de chercheurs GONGLE, qu\u2019elle accompagne sur les projets <em>Le Terrain des N\u00e9gociations<\/em> et <em>Le terrain, le joueur et le consultant<\/em>. Elle collabore \u00e9galement avec la compagnie La communaut\u00e9 inavouable, ainsi que Fictions Collectives sur la cr\u00e9ation de plusieurs spectacles documentaires, et co-fonde avec plusieurs com\u00e9diens-danseurs le collectif la Grosse Plateforme.<\/span><\/p>\n<\/div>\n<\/div><\/div><div id=\"panel-4146-2-1-1\" class=\"so-panel widget widget_sow-editor panel-last-child\" data-index=\"11\" ><div\n\t\t\t\n\t\t\tclass=\"so-widget-sow-editor so-widget-sow-editor-base\"\n\t\t\t\n\t\t><h3 class=\"widget-title\">MARYSE ROUSSEAU <\/h3>\n<div class=\"siteorigin-widget-tinymce textwidget\">\n\t<p style=\"text-align: justify;\"><span style=\"color: #000000;\"><img loading=\"lazy\" class=\" wp-image-4150 alignleft\" src=\"http:\/\/annexeromainville.com\/wp-content\/uploads\/2020\/11\/maryse-rousseau-225x300.jpg\" alt=\"\" width=\"135\" height=\"180\" srcset=\"https:\/\/annexeromainville.com\/wp-content\/uploads\/2020\/11\/maryse-rousseau-225x300.jpg 225w, https:\/\/annexeromainville.com\/wp-content\/uploads\/2020\/11\/maryse-rousseau.jpg 600w\" sizes=\"(max-width: 135px) 100vw, 135px\" \/><\/span><span style=\"color: #000000;\">Maryse Rousseau se forme en tant que com\u00e9dienne dans les conservatoire des 8\u00e8me et 18\u00e8me arrondissements de Paris aupr\u00e8s de Jean-Luc Galmiche, Marc Ernotte. Elle a suivi parall\u00e8lement les enseignements de Nadia Vadori-Gauthier, avec qui elle explore la danse contemporaine, l\u2019\u00e9criture chor\u00e9graphique et la pratique somatique du BMC. Elle obtient en juin 2017 son Certificat d\u2019Etudes Th\u00e9\u00e2trale en jouant et co-mettant en sc\u00e8ne une adaptation des <em>Vagues<\/em> de Virginia Woolf. Sa formation continue depuis avec les master classes d\u2019acrobatie et de pr\u00e9sence de l\u2019acteur d\u2019Alexandre del Peruggia, et les stages de buto de Yumi Fujitani. Elle est interpr\u00e8te pour les cr\u00e9ations de Sayuri Nakamura, artiste japonaise m\u00ealant th\u00e9\u00e2tre traditionnel et cr\u00e9ations contemporaines. Elle joue <em>Omotenashi 5 et 6<\/em> au th\u00e9\u00e2tre universitaire de Nancy, au centre Mandapa, et \u00e0 la Cartoucherie de Vincennes.<\/span><\/p>\n<\/div>\n<\/div><\/div><\/div><\/div><\/div>","protected":false},"excerpt":{"rendered":"<p>Les 5 &amp; 6 Mars 2021, 20H Ouverture des portes \u00e0 19h40 Par Le Collectif La Grosse Plateforme Texte : \u00c9criture Collective Mise en Sc\u00e8ne de Charlotte Arnaud Avec Thomas<span class=\"read-more-wrap\"><a class=\"moretag\" href=\"https:\/\/annexeromainville.com\/index.php\/anatomie-dune-playlist-2021\/\">Lire la suite<span class=\"screen-reader-text\">Anatomie  d&#8217;une Playlist<\/span><\/a><\/span><\/p>\n","protected":false},"author":2,"featured_media":0,"parent":0,"menu_order":0,"comment_status":"closed","ping_status":"closed","template":"","meta":{"_bbp_topic_count":0,"_bbp_reply_count":0,"_bbp_total_topic_count":0,"_bbp_total_reply_count":0,"_bbp_voice_count":0,"_bbp_anonymous_reply_count":0,"_bbp_topic_count_hidden":0,"_bbp_reply_count_hidden":0,"_bbp_forum_subforum_count":0,"ngg_post_thumbnail":0},"_links":{"self":[{"href":"https:\/\/annexeromainville.com\/index.php\/wp-json\/wp\/v2\/pages\/4146"}],"collection":[{"href":"https:\/\/annexeromainville.com\/index.php\/wp-json\/wp\/v2\/pages"}],"about":[{"href":"https:\/\/annexeromainville.com\/index.php\/wp-json\/wp\/v2\/types\/page"}],"author":[{"embeddable":true,"href":"https:\/\/annexeromainville.com\/index.php\/wp-json\/wp\/v2\/users\/2"}],"replies":[{"embeddable":true,"href":"https:\/\/annexeromainville.com\/index.php\/wp-json\/wp\/v2\/comments?post=4146"}],"version-history":[{"count":7,"href":"https:\/\/annexeromainville.com\/index.php\/wp-json\/wp\/v2\/pages\/4146\/revisions"}],"predecessor-version":[{"id":4163,"href":"https:\/\/annexeromainville.com\/index.php\/wp-json\/wp\/v2\/pages\/4146\/revisions\/4163"}],"wp:attachment":[{"href":"https:\/\/annexeromainville.com\/index.php\/wp-json\/wp\/v2\/media?parent=4146"}],"curies":[{"name":"wp","href":"https:\/\/api.w.org\/{rel}","templated":true}]}}