{"id":4184,"date":"2020-11-06T17:58:56","date_gmt":"2020-11-06T16:58:56","guid":{"rendered":"http:\/\/annexeromainville.com\/?page_id=4184"},"modified":"2020-11-06T17:58:56","modified_gmt":"2020-11-06T16:58:56","slug":"tomber-dans-les-arbres","status":"publish","type":"page","link":"https:\/\/annexeromainville.com\/index.php\/tomber-dans-les-arbres\/","title":{"rendered":"Tomber dans les arbres"},"content":{"rendered":"<div id=\"pl-4184\"  class=\"panel-layout\" ><div id=\"pg-4184-0\"  class=\"panel-grid panel-no-style\" ><div id=\"pgc-4184-0-0\"  class=\"panel-grid-cell\" ><div id=\"panel-4184-0-0-0\" class=\"so-panel widget widget_sow-image panel-first-child panel-last-child\" data-index=\"0\" ><div\n\t\t\t\n\t\t\tclass=\"so-widget-sow-image so-widget-sow-image-default-8b5b6f678277-4184\"\n\t\t\t\n\t\t>\n<div class=\"sow-image-container\">\n\t\t<img \n\tsrc=\"https:\/\/annexeromainville.com\/wp-content\/uploads\/2020\/11\/Affiche-TOMBER-DANS-LES-ARBRES-HIVER-2021-RESIZE.png\" width=\"1231\" height=\"1526\" srcset=\"https:\/\/annexeromainville.com\/wp-content\/uploads\/2020\/11\/Affiche-TOMBER-DANS-LES-ARBRES-HIVER-2021-RESIZE.png 1231w, https:\/\/annexeromainville.com\/wp-content\/uploads\/2020\/11\/Affiche-TOMBER-DANS-LES-ARBRES-HIVER-2021-RESIZE-242x300.png 242w, https:\/\/annexeromainville.com\/wp-content\/uploads\/2020\/11\/Affiche-TOMBER-DANS-LES-ARBRES-HIVER-2021-RESIZE-826x1024.png 826w, https:\/\/annexeromainville.com\/wp-content\/uploads\/2020\/11\/Affiche-TOMBER-DANS-LES-ARBRES-HIVER-2021-RESIZE-768x952.png 768w\" sizes=\"(max-width: 1231px) 100vw, 1231px\" title=\"Affiche TOMBER DANS LES ARBRES HIVER 2021 RESIZE\" alt=\"\" loading=\"lazy\" \t\tclass=\"so-widget-image\"\/>\n\t<\/div>\n\n<\/div><\/div><\/div><div id=\"pgc-4184-0-1\"  class=\"panel-grid-cell\" ><div id=\"panel-4184-0-1-0\" class=\"so-panel widget widget_sow-editor panel-first-child panel-last-child\" data-index=\"1\" ><div\n\t\t\t\n\t\t\tclass=\"so-widget-sow-editor so-widget-sow-editor-base\"\n\t\t\t\n\t\t>\n<div class=\"siteorigin-widget-tinymce textwidget\">\n\t<p><span style=\"color: #000000;\"><strong>Les 9 &amp; 10 Avril 2021<\/strong><\/span><span style=\"color: #000000;\"><strong>, 20H<\/strong><\/span><br \/>\n<span style=\"color: #000000;\">Ouverture des portes \u00e0 19h40<\/span><\/p>\n<p style=\"text-align: justify;\"><span style=\"color: #000000;\">Par <strong>La Hutte Compagnie<\/strong><br \/>\nTexte de <strong>Camille Plocki<\/strong> &amp; <strong>Asja Nadjar<\/strong><br \/>\nMise en Sc\u00e8ne de : Camille Plocki<br \/>\nAvec <strong>Asja Nadjar, Camille Plocki et S\u00e9lim Zahrani<\/strong><\/span><br \/>\n<span style=\"color: #000000;\">Musique de : <strong>Joachim Machado<\/strong><\/span><br \/>\n<span style=\"color: #000000;\">Cr\u00e9ation Son de : <strong>F\u00e9lix Philippe<\/strong><\/span><br \/>\n<span style=\"color: #000000;\">Cr\u00e9ation Lumi\u00e8re de : <strong>F\u00e9lix Philippe<\/strong><\/span><\/p>\n<p><span style=\"color: #000000;\"><span style=\"text-decoration: underline;\">DUR\u00c9E<\/span> : 1H<\/span><br \/>\n<span style=\"color: #000000;\"><span style=\"text-decoration: underline;\">\u00c2GE<\/span> : \u00e0 partir de 10 ans<\/span><\/p>\n<p style=\"text-align: justify;\"><span style=\"color: #000000;\">\u00c9crite \u00e0 partir de confidences, <em>Tomber dans les arbres<\/em> est une histoire de bruissement int\u00e9rieur. Une histoire des ascendants et descendants r\u00e9els et imaginaires que chacun porte en lui. Cette histoire s\u2019\u00e9crit en 2020, \u00e0 Romainville, avec des enfants et des personnes \u00e2g\u00e9es. Elle est racont\u00e9e par des artistes de presque 30 ans qui se posent des questions sur l\u2019\u00e9volution de la ville et les destins crois\u00e9s des gens qui l\u2019habitent. La trajectoire de notre spectacle s\u2019oriente selon le socle de questions suivantes : Sommes-nous enti\u00e8rement d\u00e9termin\u00e9.e.s par nos origines et l\u2019empreinte familiale ? Pouvons-nous \u00e9chapper \u00e0 notre histoire ? Les enfants portent-ils l\u2019histoire familiale ? Portons-nous nos anc\u00eatres en nous ? Comment appr\u00e9hende-t-on son histoire ? Qu\u2019en reste-t-il ? Quelle place pour la m\u00e9moire collective dans la g\u00e9n\u00e9alogie d\u2019une famille ? Nous voulons invoquer la multiplicit\u00e9 d\u2019identit\u00e9s que chacun porte en lui, mais aussi les anc\u00eatres qui l\u2019accompagnent, ses fantasmes, ses traumatismes ; rendre visible ce qui se trame malgr\u00e9 nous et que nous portons sans le savoir. De l\u00e0 \u00e9mergent des figures devenues purement th\u00e9\u00e2trales. Les citations pr\u00e9cises de lieux et d\u2019\u00e9poques, tr\u00e8s pr\u00e9sentes dans les t\u00e9moignages que nous collectons, sont transfigur\u00e9es au profit d\u2019un \u00ab il \u00e9tait une fois \u00bb d\u00e9signant toutes les \u00e9poques et tous les lieux \u00e0 la fois, et faisant de Romainville une commune sans nom, cousine par essence d\u2019une foule de villes de banlieue m\u00e9tamorphos\u00e9es par l\u2019expansion urbaine.<\/span><\/p>\n<p><span style=\"color: #000000;\"><strong>Projet soutenu par<\/strong> : Le Pavilllon (Romainville), Le Jeune Th\u00e9\u00e2tre Nationale, Les Ateliers M\u00e9dicis, L'EHPAD Leopold Bellan, Le Centre National du Patrimoine de la Chanson.<\/span><\/p>\n<p>Dossier Artistique \/ Dossier de Presse<\/p>\n<\/div>\n<\/div><\/div><\/div><\/div><div id=\"pg-4184-1\"  class=\"panel-grid panel-no-style\" ><div id=\"pgc-4184-1-0\"  class=\"panel-grid-cell panel-grid-cell-empty\" ><\/div><div id=\"pgc-4184-1-1\"  class=\"panel-grid-cell\" ><div id=\"panel-4184-1-1-0\" class=\"so-panel widget widget_sow-button panel-first-child\" data-index=\"2\" ><div\n\t\t\t\n\t\t\tclass=\"so-widget-sow-button so-widget-sow-button-wire-e7929c76966e-4184\"\n\t\t\t\n\t\t><div class=\"ow-button-base ow-button-align-center\"\n>\n\t\t\t<a\n\t\t\t\t\thref=\"http:\/\/annexeromainville.com\/index.php\/reservation\/\"\n\t\t\t\t\tclass=\"sowb-button ow-icon-placement-left ow-button-hover\" target=\"_blank\" rel=\"noopener noreferrer\" \t>\n\t\t<span>\n\t\t\t<span class=\"sow-icon-ionicons\" data-sow-icon=\"&#xf373;\"\n\t\tstyle=\"color: #dd9933\" \n\t\taria-hidden=\"true\"><\/span>\n\t\t\tR\u00e9server\t\t<\/span>\n\t\t\t<\/a>\n\t<\/div>\n<\/div><\/div><div id=\"panel-4184-1-1-1\" class=\"so-panel widget widget_sow-image\" data-index=\"3\" ><div\n\t\t\t\n\t\t\tclass=\"so-widget-sow-image so-widget-sow-image-default-c67d20f9f743-4184\"\n\t\t\t\n\t\t>\n<div class=\"sow-image-container\">\n\t\t<img \n\tsrc=\"https:\/\/annexeromainville.com\/wp-content\/uploads\/2020\/08\/Logo-Site-Web-50x56-1.jpg\" width=\"56\" height=\"50\" sizes=\"(max-width: 56px) 100vw, 56px\" title=\"Logo Site Web 50&#215;56\" alt=\"\" loading=\"lazy\" \t\tclass=\"so-widget-image\"\/>\n\t<\/div>\n\n<\/div><\/div><div id=\"panel-4184-1-1-2\" class=\"so-panel widget widget_sow-image\" data-index=\"4\" ><div\n\t\t\t\n\t\t\tclass=\"so-widget-sow-image so-widget-sow-image-default-c67d20f9f743-4184\"\n\t\t\t\n\t\t>\n<div class=\"sow-image-container\">\n\t\t\t<a href=\"https:\/\/www.facebook.com\/compagnielahutte\/\"\n\t\t\ttarget=\"_blank\" rel=\"noopener noreferrer\" \t\t>\n\t\t\t<img \n\tsrc=\"https:\/\/annexeromainville.com\/wp-content\/uploads\/2020\/08\/Logo-Facebook-50x50-1.png\" width=\"50\" height=\"50\" sizes=\"(max-width: 50px) 100vw, 50px\" title=\"Logo Facebook 50&#215;50\" alt=\"\" loading=\"lazy\" \t\tclass=\"so-widget-image\"\/>\n\t\t\t<\/a><\/div>\n\n<\/div><\/div><div id=\"panel-4184-1-1-3\" class=\"so-panel widget widget_sow-image panel-last-child\" data-index=\"5\" ><div\n\t\t\t\n\t\t\tclass=\"so-widget-sow-image so-widget-sow-image-default-3a2476c0e107-4184\"\n\t\t\t\n\t\t>\n<div class=\"sow-image-container\">\n\t\t<img \n\tsrc=\"https:\/\/annexeromainville.com\/wp-content\/uploads\/2020\/08\/Logo-Instagram-50x50-1.png\" width=\"50\" height=\"50\" sizes=\"(max-width: 50px) 100vw, 50px\" title=\"Logo Instagram 50&#215;50\" alt=\"\" loading=\"lazy\" \t\tclass=\"so-widget-image\"\/>\n\t<\/div>\n\n<\/div><\/div><\/div><div id=\"pgc-4184-1-2\"  class=\"panel-grid-cell panel-grid-cell-empty\" ><\/div><div id=\"pgc-4184-1-3\"  class=\"panel-grid-cell panel-grid-cell-empty\" ><\/div><div id=\"pgc-4184-1-4\"  class=\"panel-grid-cell panel-grid-cell-mobile-last\" ><div id=\"panel-4184-1-4-0\" class=\"so-panel widget widget_sow-image panel-first-child\" data-index=\"6\" ><div\n\t\t\t\n\t\t\tclass=\"so-widget-sow-image so-widget-sow-image-default-c67d20f9f743-4184\"\n\t\t\t\n\t\t>\n<div class=\"sow-image-container\">\n\t\t<img \n\tsrc=\"https:\/\/annexeromainville.com\/wp-content\/uploads\/2020\/11\/Copyr.-Backwoods-Oracle-Ralph-Eugene-Meatyard-3-300x289.jpg\" width=\"300\" height=\"289\" srcset=\"https:\/\/annexeromainville.com\/wp-content\/uploads\/2020\/11\/Copyr.-Backwoods-Oracle-Ralph-Eugene-Meatyard-3-300x289.jpg 300w, https:\/\/annexeromainville.com\/wp-content\/uploads\/2020\/11\/Copyr.-Backwoods-Oracle-Ralph-Eugene-Meatyard-3.jpg 640w\" sizes=\"(max-width: 300px) 100vw, 300px\" title=\"Copyr. + Backwoods Oracle &#8211; Ralph Eugene Meatyard (3)\" alt=\"\" loading=\"lazy\" \t\tclass=\"so-widget-image\"\/>\n\t<\/div>\n\n<\/div><\/div><div id=\"panel-4184-1-4-1\" class=\"so-panel widget widget_sow-editor panel-last-child\" data-index=\"7\" ><div\n\t\t\t\n\t\t\tclass=\"so-widget-sow-editor so-widget-sow-editor-base\"\n\t\t\t\n\t\t>\n<div class=\"siteorigin-widget-tinymce textwidget\">\n\t<p style=\"text-align: center;\"><span style=\"color: #000000;\">Copyright : Backwoods Oracle - Ralph Eugene Meatyard<br \/>\n<\/span><\/p>\n<\/div>\n<\/div><\/div><\/div><div id=\"pgc-4184-1-5\"  class=\"panel-grid-cell panel-grid-cell-empty\" ><\/div><\/div><div id=\"pg-4184-2\"  class=\"panel-grid panel-no-style\" ><div id=\"pgc-4184-2-0\"  class=\"panel-grid-cell\" ><div id=\"panel-4184-2-0-0\" class=\"so-panel widget widget_sow-editor panel-first-child\" data-index=\"8\" ><div\n\t\t\t\n\t\t\tclass=\"so-widget-sow-editor so-widget-sow-editor-base\"\n\t\t\t\n\t\t><h3 class=\"widget-title\">La Hutte Compagnie<\/h3>\n<div class=\"siteorigin-widget-tinymce textwidget\">\n\t<p style=\"text-align: justify;\"><span style=\"color: #000000;\">Asja Nadjar et Camille Plocki se rencontrent lors de leur formation au Conservatoire national sup\u00e9rieur d'art dramatique de Paris. En 2016 elles cr\u00e9ent un atelier th\u00e9\u00e2tre pour des r\u00e9fugi\u00e9.e.s en lien avec le BAAM (Bureau d'Accueil et d'Accompagnement des Migrants). Leur d\u00e9cision de travailler ensemble na\u00eet de cette exp\u00e9rience. Elles s\u2019int\u00e9ressent particuli\u00e8rement aux manifestations du r\u00e9el sur le plateau, au th\u00e9\u00e2tre documentaire. En 2018, elles entament une collecte de t\u00e9moignages aupr\u00e8s des r\u00e9sident.e.s de <\/span><span style=\"color: #000000;\">l'EHPAD de la Mar\u00e9chalerie dans les Yvelines, en partenariat avec le Lieu (espace de cr\u00e9ation artistique \u00e0 Gambais). <\/span><\/p>\n<p style=\"text-align: justify;\"><span style=\"color: #000000;\">Deux spectacles \u00e9closent de ces entretiens : Anouk, seul en sc\u00e8ne d\u2019Asja qui incarne une vieille dame en proie \u00e0 la solitude de son appartement, et Pour en finir o\u00f9 l\u2019on suit en musique le p\u00e9riple d\u2019une femme atteinte de la maladie d\u2019Alzheimer. Avec ce deuxi\u00e8me projet, elles sont laur\u00e9ates de l\u2019\u00e9dition 2019 de Cr\u00e9ation en cours, dispositif national de soutien \u00e0 l\u2019\u00e9mergence artistique mis en place par les Ateliers M\u00e9dicis. Pendant six semaines, elles m\u00e8nent des ateliers autour de la vieillesse et de la transmission de(s) m\u00e9moire(s) avec 50 \u00e9l\u00e8ves de 8 \u00e0 11 ans dans le village du Vignau (Landes). Ces \u00e9changes sont ensuite mis en sc\u00e8ne dans un spectacle que les \u00e9l\u00e8ves jouent devant les r\u00e9sidents de l\u2019EHPAD de la ville voisine. Suite \u00e0 cette aventure, leur qu\u00eate de t\u00e9moignages aupr\u00e8s de personnes \u00e2g\u00e9es se double d\u2019une d\u00e9marche en miroir aupr\u00e8s d\u2019enfants. Fin 2019, elles fondent la compagnie La Hutte \u00e0 Romainville, dans le d\u00e9partement de la Seine Saint-Denis o\u00f9 elles r\u00e9sident toutes deux. Elles travaillent actuellement \u00e0 mettre en lien les maisons de retraites et \u00e9coles de leur quartier pour mettre en place des temps de rencontres inter- g\u00e9n\u00e9rationnelles et continuer leur recherche aupr\u00e8s des habitant.e.s du territoire.<\/span><\/p>\n<\/div>\n<\/div><\/div><div id=\"panel-4184-2-0-1\" class=\"so-panel widget widget_sow-editor\" data-index=\"9\" ><div\n\t\t\t\n\t\t\tclass=\"so-widget-sow-editor so-widget-sow-editor-base\"\n\t\t\t\n\t\t><h3 class=\"widget-title\">CAMILLE PLOCKI<\/h3>\n<div class=\"siteorigin-widget-tinymce textwidget\">\n\t<p style=\"text-align: justify;\"><span style=\"color: #000000;\"><img loading=\"lazy\" class=\"size-medium wp-image-4189 alignleft\" src=\"http:\/\/annexeromainville.com\/wp-content\/uploads\/2020\/11\/Camille-Plocki-300x282.jpg\" alt=\"\" width=\"300\" height=\"282\" srcset=\"https:\/\/annexeromainville.com\/wp-content\/uploads\/2020\/11\/Camille-Plocki-300x282.jpg 300w, https:\/\/annexeromainville.com\/wp-content\/uploads\/2020\/11\/Camille-Plocki-768x723.jpg 768w, https:\/\/annexeromainville.com\/wp-content\/uploads\/2020\/11\/Camille-Plocki.jpg 1014w\" sizes=\"(max-width: 300px) 100vw, 300px\" \/>Camille Plocki est com\u00e9dienne et chanteuse. Apr\u00e8s avoir \u00e9t\u00e9 form\u00e9e par Valentina Fago, puis \u00e0 l'\u00e9cole du Jeu par Delphine Eliet, elle int\u00e8gre la promotion 2016 du Conservatoire National Sup\u00e9rieur d'Art Dramatique. Elle y suit l'enseignement de metteurs en sc\u00e8ne tels que Georges Lavaudant, Matthias Langhoff, Thomas Ostermeier. En 2015, elle joue dans <em>Paris nous appartient<\/em> d'Olivier Coulon-Jablonka, ainsi que dans <em>Projet R\u00e9el<\/em> d'Elise Chatauret, \u00e0 la Commune CDN d\u2019Aubervilliers. En 2017, elle joue dans <em>Lourdes,<\/em> pi\u00e8ce \u00e9crite et mise en sc\u00e8ne par son camarade de promotion Paul Toucang, au th\u00e9\u00e2tre national de la Colline. La m\u00eame ann\u00e9e, elle interpr\u00e8te le r\u00f4le d'<em>Antigone<\/em> de Sophocle, dans une mise en sc\u00e8ne de Christine Berg. Elle travaille depuis 2018 avec Fanny Gayard&nbsp; sur le spectacle <em>Descendre du cheval pour cueillir des fleurs<\/em>, projet d\u2019\u00e9criture collective autour de la m\u00e9moire ouvri\u00e8re, qui tourne en r\u00e9gion parisienne entre 2018 et 2020. Actuellement, elle joue dans la compagnie d\u2019Elise Chatauret qui a fait appel \u00e0 elle pour une reprise de r\u00f4le dans deux de ses spectacles : <em>Ce qui demeure<\/em> et <em>Saint-F\u00e9lix<\/em>. Camille se forme au chant lyrique aupr\u00e8s de diff\u00e9rents professeurs. En outre, en tant que chanteuse, elle a collabor\u00e9 avec les collectifs <em>Catastrophe<\/em> et<em> 29 Octobre<\/em>. Depuis 2013, elle chante r\u00e9guli\u00e8rement au Hall de la chanson, Centre National du Patrimoine de la Chanson. C\u2019est pour ce th\u00e9\u00e2tre qu\u2019en juillet 2017 elle initie et con\u00e7oit le spectacle <em>Quand les chansons se souviennent de la Shoah<\/em>, en duo avec le guitariste Joachim Machado.<\/span><\/p>\n<\/div>\n<\/div><\/div><div id=\"panel-4184-2-0-2\" class=\"so-panel widget widget_sow-editor panel-last-child\" data-index=\"10\" ><div\n\t\t\t\n\t\t\tclass=\"so-widget-sow-editor so-widget-sow-editor-base\"\n\t\t\t\n\t\t><h3 class=\"widget-title\">FELIX PHILIPPE<\/h3>\n<div class=\"siteorigin-widget-tinymce textwidget\">\n\t<p style=\"text-align: justify;\"><span style=\"color: #000000;\"><img loading=\"lazy\" class=\"size-medium wp-image-4190 alignleft\" src=\"http:\/\/annexeromainville.com\/wp-content\/uploads\/2020\/11\/Felix-Philippe-274x300.jpg\" alt=\"\" width=\"274\" height=\"300\" srcset=\"https:\/\/annexeromainville.com\/wp-content\/uploads\/2020\/11\/Felix-Philippe-274x300.jpg 274w, https:\/\/annexeromainville.com\/wp-content\/uploads\/2020\/11\/Felix-Philippe.jpg 683w\" sizes=\"(max-width: 274px) 100vw, 274px\" \/>Form\u00e9 au DMA R\u00e9gie de Spectacle de Nantes en option son o\u00f9 il rencontre Aur\u00e9lien Bory, l'Amicale de Production, S\u00e9bastien Roux et DD Dorvilliers, il poursuit avec un service civique centr\u00e9 autour de la r\u00e9gie, des pratiques artistiques libres, de la recherche multim\u00e9dia et de l'interactivit\u00e9 au sein de l'association d'art num\u00e9rique et sonore APO-3 (Nantes). Il collabore en tant que r\u00e9gisseur et cr\u00e9ateur son avec la cie Banquet d'Avril, R\u00e9my H\u00e9ritier, la cie Frasques, la cie Kekosa, Laurent Cebe, C\u00e9dric Cherdel. Il assiste S\u00e9bastien Roux dans la r\u00e9alisation de divers projets (radio, musique, art contemporain \u2026). Il int\u00e8gre ensuite la section R\u00e9gie Cr\u00e9ation du Th\u00e9\u00e2tre National de Strasbourg o\u00f9 il pr\u00e9cise sa recherche en tant que cr\u00e9ateur son pour les spectacles de Simon Elie Galibert, Simon Restino ainsi que Mathilde Delahaye. Il y collabore en tant que stagiaire avec Camille Dagen (Animal Architecte), Nina Santes, Claire-Ingrid Cottanceau et Olivier Mellano. Ses diff\u00e9rentes recherches l\u2019am\u00e8nent \u00e0 travailler autour de la question du geste dans la synth\u00e8se sonore, des relations temps \u2013 espace induites dans la nature du son, du d\u00e9placement et de la sculpture de la mati\u00e8re sonore, des syst\u00e8mes g\u00e9n\u00e9ratifs ainsi que de l\u2019\u00e9criture de la voix sonoris\u00e9e. Il pratique la musique exp\u00e9rimentale \/ noise, des sets principalement bas\u00e9s sur les ph\u00e9nom\u00e8nes de battements et de hasard.<\/span><\/p>\n<\/div>\n<\/div><\/div><\/div><div id=\"pgc-4184-2-1\"  class=\"panel-grid-cell\" ><div id=\"panel-4184-2-1-0\" class=\"so-panel widget widget_sow-editor panel-first-child\" data-index=\"11\" ><div\n\t\t\t\n\t\t\tclass=\"so-widget-sow-editor so-widget-sow-editor-base\"\n\t\t\t\n\t\t><h3 class=\"widget-title\">ASJA NADJAR<\/h3>\n<div class=\"siteorigin-widget-tinymce textwidget\">\n\t<p style=\"text-align: justify;\"><span style=\"color: #000000;\"><img loading=\"lazy\" class=\"size-medium wp-image-4188 alignleft\" src=\"http:\/\/annexeromainville.com\/wp-content\/uploads\/2020\/11\/ASJA-NADJAR-274x300.jpg\" alt=\"\" width=\"274\" height=\"300\" srcset=\"https:\/\/annexeromainville.com\/wp-content\/uploads\/2020\/11\/ASJA-NADJAR-274x300.jpg 274w, https:\/\/annexeromainville.com\/wp-content\/uploads\/2020\/11\/ASJA-NADJAR-937x1024.jpg 937w, https:\/\/annexeromainville.com\/wp-content\/uploads\/2020\/11\/ASJA-NADJAR-768x840.jpg 768w, https:\/\/annexeromainville.com\/wp-content\/uploads\/2020\/11\/ASJA-NADJAR-1405x1536.jpg 1405w, https:\/\/annexeromainville.com\/wp-content\/uploads\/2020\/11\/ASJA-NADJAR-1873x2048.jpg 1873w\" sizes=\"(max-width: 274px) 100vw, 274px\" \/><\/span><span style=\"color: #000000;\">Asja Nadjar se forme au CRR de Lyon puis rejoint la troupe de Gwena\u00ebl Morin o\u00f9 elle joue quatre pi\u00e8ces de Moli\u00e8re au Th\u00e9\u00e2tre du Point du jour. Elle int\u00e8gre ensuite la promotion 2017 du CNSAD o\u00f9 elle travaille entre autres sous la direction de Nada Strancar et d\u00e9couvre le clown avec Yvo Mentens. L\u2019ann\u00e9e de sa sortie, elle joue dans <em>Impromptu 1663<\/em> mis en sc\u00e8ne par Cl\u00e9ment Hervieu L\u00e9ger. Elle participe \u00e9galement au feuilleton th\u00e9\u00e2tral <em>On aura tout<\/em> par Christiane Taubira et mis en sc\u00e8ne par Anne - Laure Li\u00e9geois au festival d\u2019Avignon. La m\u00eame ann\u00e9e elle joue au Th\u00e9\u00e2tre Dejazet avec sa promotion du Conservatoire dans <em>Surtout ne vous inqui\u00e9tez pas<\/em>, spectacle de clown mis en sc\u00e8ne par Yvo Mentens ainsi que dans <em>Les Bacchantes<\/em> d\u2019Euripide sous la direction de Bernard Sobel au Th\u00e9\u00e2tre de l\u2019\u00c9p\u00e9e de Bois. Elle re\u00e7oit deux ann\u00e9es cons\u00e9cutives le prix d\u2019\u00e9tude et d\u2019encouragement du Pour-cent culturel Migros Suisse. En 2018, elle rejoint la troupe de Christelle Harbonn pour le spectacle <em>\u00c9pouse-moi,<\/em> trag\u00e9dies enfantines qui se joue \u00e0 la Cri\u00e9e en f\u00e9vrier 2019 et tourne dans le film <em>Les Intranquilles<\/em> de Marie Vermillard et Gentiane d'Anne Ciss\u00e9. Asja Nadjar cr\u00e9\u00e9 son seul en sc\u00e8ne&nbsp; qu'elle joue \u00e0 Paris et \u00e0 Villerville. Elle le jouera \u00e9galement au festival d\u2019Avignon 2021.<br \/>\nEn 2020 Asja int\u00e8gre la formation du Centre National du Patrimoine de la Chanson, \u00e9cole qui forme de jeunes com\u00e9dien.ne.s \u00e0 la pratique de l\u2019interpr\u00e9tation de chanson. Parall\u00e8lement, elle suit un stage sur les techniques du th\u00e9\u00e2tre traditionnel chinois avec Ding Yteng qui lui propose de la mettre en sc\u00e8ne dans un solo. Ce projet verra le jour \u00e0 l\u2019horizon 2022.<\/span><span style=\"color: #000000;\"><br \/>\n<\/span><\/p>\n<\/div>\n<\/div><\/div><div id=\"panel-4184-2-1-1\" class=\"so-panel widget widget_sow-editor\" data-index=\"12\" ><div\n\t\t\t\n\t\t\tclass=\"so-widget-sow-editor so-widget-sow-editor-base\"\n\t\t\t\n\t\t><h3 class=\"widget-title\">SELIM ZAHRANI<\/h3>\n<div class=\"siteorigin-widget-tinymce textwidget\">\n\t<p style=\"text-align: justify;\"><span style=\"color: #000000;\"><img loading=\"lazy\" class=\"size-medium wp-image-4187 alignleft\" src=\"http:\/\/annexeromainville.com\/wp-content\/uploads\/2020\/11\/Selim-Zahrani-300x300.jpg\" alt=\"\" width=\"300\" height=\"300\" srcset=\"https:\/\/annexeromainville.com\/wp-content\/uploads\/2020\/11\/Selim-Zahrani-300x300.jpg 300w, https:\/\/annexeromainville.com\/wp-content\/uploads\/2020\/11\/Selim-Zahrani-1024x1024.jpg 1024w, https:\/\/annexeromainville.com\/wp-content\/uploads\/2020\/11\/Selim-Zahrani-150x150.jpg 150w, https:\/\/annexeromainville.com\/wp-content\/uploads\/2020\/11\/Selim-Zahrani-768x768.jpg 768w, https:\/\/annexeromainville.com\/wp-content\/uploads\/2020\/11\/Selim-Zahrani.jpg 1169w\" sizes=\"(max-width: 300px) 100vw, 300px\" \/>S\u00e9lim commence le th\u00e9\u00e2tre enfant puis suit des cours \u00e0 la Maison du Th\u00e9\u00e2tre et de la Danse \u00e0 Epinay sur Seine. Alors qu'il est encore au lyc\u00e9e, il rejoint la compagnie Tournesol D, dirig\u00e9e par Guillaume S\u00e9gouin, avec laquelle il participe \u00e0 de nombreux festivals. En 2008, il int\u00e8gre Sciences Po et la compagnie \u00e9tudiante Rhinoc\u00e9ros avec laquelle il joue dans <em>Blessure au visage<\/em> de Howard Barker et <em>Othello<\/em> de Shakespeare. Apr\u00e8s un passage \u00e0 la Theater and Film School de UCLA, il entre au conservatoire Mozart en 2012 puis au conservatoire \u00e0 rayonnement r\u00e9gional de Paris en 2013. Dipl\u00f4m\u00e9 du Conservatoire National Sup\u00e9rieur d'Art Dramatique de Paris en 2017, il y a jou\u00e9 dans des mises en sc\u00e8ne de Yann Jo\u00ebl Collin, Sandy Ouvirer, Caroline Marcadet et Fran\u00e7ois Cervant\u00e8s. A sa sortie il joue dans la pi\u00e8ce <em>Jamais seul<\/em> \u00e9crite par Mohamed Rouabhi et mise en sc\u00e8ne par Patrick Pineau \u00e0 la MC93. Au cin\u00e9ma, on a pu le voir \u00e0 l'affiche de <em>La Belle \u00c9poque<\/em> de Albert Tudiesh et de <em>Marvin<\/em> de Anne Fontaine.<\/span><\/p>\n<\/div>\n<\/div><\/div><div id=\"panel-4184-2-1-2\" class=\"so-panel widget widget_sow-editor panel-last-child\" data-index=\"13\" ><div\n\t\t\t\n\t\t\tclass=\"so-widget-sow-editor so-widget-sow-editor-base\"\n\t\t\t\n\t\t><h3 class=\"widget-title\">JOACHIM MACHADO<\/h3>\n<div class=\"siteorigin-widget-tinymce textwidget\">\n\t<p style=\"text-align: justify;\"><span style=\"color: #000000;\"><img loading=\"lazy\" class=\"size-medium wp-image-4191 alignleft\" src=\"http:\/\/annexeromainville.com\/wp-content\/uploads\/2020\/11\/Joachim-Machado-300x300.jpg\" alt=\"\" width=\"300\" height=\"300\" srcset=\"https:\/\/annexeromainville.com\/wp-content\/uploads\/2020\/11\/Joachim-Machado.jpg 300w, https:\/\/annexeromainville.com\/wp-content\/uploads\/2020\/11\/Joachim-Machado-150x150.jpg 150w\" sizes=\"(max-width: 300px) 100vw, 300px\" \/>Il s\u2019est form\u00e9 \u00e0 la guitare \u00e9lectrique au Conservatoire \u00e0 Rayonnement R\u00e9gional de la ville de Paris, d\u2019o\u00f9 il sort dipl\u00f4m\u00e9 en 2016. Artiste en r\u00e9sidence entre 2016 et 2019 au Baiser Sal\u00e9, il \u00e9crit et joue sa musique au sein du groupe Ornicar. C'est avec cette formation qu'il cr\u00e9e en d\u00e9cembre 2018 un cin\u00e9-concert autour de quatre courts-m\u00e9trages d\u2019animation \u00e9tudiants et d'un moyen-m\u00e9trage de Buster Keaton, qui sera jou\u00e9 pendant une semaine au Th\u00e9\u00e2tre Andr\u00e9 Malraux de Chevilly-Larue.<br \/>\nUne exp\u00e9rience que le groupe renouvelle en novembre 2019 en cr\u00e9ant un nouveau cin\u00e9-concert autour de <em>La Symphonie nuptiale<\/em> d'Eric Von Stroheim \u00e0 la Cit\u00e9 de l'architecture de Paris. En janvier 2020, il sort avec Ornicar l'album <em>Maelstr\u00f6m<\/em> qui re\u00e7oit un tr\u00e8s bon accueil du public et de la presse (r\u00e9v\u00e9lation Jazz Magazine, T\u00e9l\u00e9rama Sortir, s\u00e9l\u00e9ction club Jazz \u00e0 Fip, France Musique, etc). Il collabore r\u00e9guli\u00e8rement avec le Hall de la Chanson en tant que guitariste\/arrangeur depuis 2017, et de mani\u00e8re plus ponctuelle avec d'autres compagnies comme Op\u00e9ra 3.<\/span><\/p>\n<\/div>\n<\/div><\/div><\/div><\/div><\/div>","protected":false},"excerpt":{"rendered":"<p>Les 9 &amp; 10 Avril 2021, 20H Ouverture des portes \u00e0 19h40 Par La Hutte Compagnie Texte de Camille Plocki &amp; Asja Nadjar Mise en Sc\u00e8ne de : Camille Plocki<span class=\"read-more-wrap\"><a class=\"moretag\" href=\"https:\/\/annexeromainville.com\/index.php\/tomber-dans-les-arbres\/\">Lire la suite<span class=\"screen-reader-text\">Tomber dans les arbres<\/span><\/a><\/span><\/p>\n","protected":false},"author":2,"featured_media":0,"parent":0,"menu_order":0,"comment_status":"closed","ping_status":"closed","template":"","meta":{"_bbp_topic_count":0,"_bbp_reply_count":0,"_bbp_total_topic_count":0,"_bbp_total_reply_count":0,"_bbp_voice_count":0,"_bbp_anonymous_reply_count":0,"_bbp_topic_count_hidden":0,"_bbp_reply_count_hidden":0,"_bbp_forum_subforum_count":0,"ngg_post_thumbnail":0},"_links":{"self":[{"href":"https:\/\/annexeromainville.com\/index.php\/wp-json\/wp\/v2\/pages\/4184"}],"collection":[{"href":"https:\/\/annexeromainville.com\/index.php\/wp-json\/wp\/v2\/pages"}],"about":[{"href":"https:\/\/annexeromainville.com\/index.php\/wp-json\/wp\/v2\/types\/page"}],"author":[{"embeddable":true,"href":"https:\/\/annexeromainville.com\/index.php\/wp-json\/wp\/v2\/users\/2"}],"replies":[{"embeddable":true,"href":"https:\/\/annexeromainville.com\/index.php\/wp-json\/wp\/v2\/comments?post=4184"}],"version-history":[{"count":2,"href":"https:\/\/annexeromainville.com\/index.php\/wp-json\/wp\/v2\/pages\/4184\/revisions"}],"predecessor-version":[{"id":4193,"href":"https:\/\/annexeromainville.com\/index.php\/wp-json\/wp\/v2\/pages\/4184\/revisions\/4193"}],"wp:attachment":[{"href":"https:\/\/annexeromainville.com\/index.php\/wp-json\/wp\/v2\/media?parent=4184"}],"curies":[{"name":"wp","href":"https:\/\/api.w.org\/{rel}","templated":true}]}}