{"id":42,"date":"2016-08-23T13:42:05","date_gmt":"2016-08-23T12:42:05","guid":{"rendered":"http:\/\/annexedutraindevie.com\/?page_id=42"},"modified":"2022-09-08T11:54:51","modified_gmt":"2022-09-08T10:54:51","slug":"lannexe","status":"publish","type":"page","link":"https:\/\/annexeromainville.com\/index.php\/lannexe\/","title":{"rendered":"L&#8217;annexe"},"content":{"rendered":"<div id=\"pl-42\"  class=\"panel-layout\" ><div id=\"pg-42-0\"  class=\"panel-grid panel-no-style\" ><div id=\"pgc-42-0-0\"  class=\"panel-grid-cell\" ><div id=\"panel-42-0-0-0\" class=\"so-panel widget widget_sow-editor panel-first-child panel-last-child\" data-index=\"0\" ><div\n\t\t\t\n\t\t\tclass=\"so-widget-sow-editor so-widget-sow-editor-base\"\n\t\t\t\n\t\t>\n<div class=\"siteorigin-widget-tinymce textwidget\">\n\t<p>&nbsp;<\/p>\n<p style=\"text-align: justify;\"><span style=\"color: #000000;\">\u00ab <em>Dans les ann\u00e9es soixante, nous avons fait du dieu argent notre valeur supr\u00eame et nous n'avons jamais vraiment d\u00e9cid\u00e9, de quoi d'autre la culture devait \u00eatre faite<\/em>.\u00bb Art Garfunkel.<\/span><\/p>\n<p><span style=\"color: #000000;\">Dans une soci\u00e9t\u00e9 en crise, l'humain a parfois du mal \u00e0 s'affirmer, \u00e0 avoir son identit\u00e9 propre. A L'Annexe, nous pensons que l'un des premiers r\u00f4les de la culture et de l'\u00e9ducation est de donner \u00e0 l'humanit\u00e9 la ma\u00eetrise de son d\u00e9veloppement.<\/span><\/p>\n<p align=\"JUSTIFY\"><span style=\"color: #000000;\">La culture v\u00e9hicule des valeurs fondamentales telles que le partage, la coh\u00e9sion et la diversit\u00e9. Il nous semble donc primordial d'ouvrir la culture et de permettre \u00e0 tous les citoyens d'y acc\u00e9der et d'en \u00eatre acteur.<\/span><\/p>\n<p style=\"text-align: justify;\"><span style=\"color: #000000;\"><strong>L\u2019Annexe, dirig\u00e9e par la Compagnie Jetzt,<\/strong> est une Fabrique Th\u00e9\u00e2tre, proposant une gouvernance partag\u00e9e et une gestion innovante des projets culturels avec le Collectif Citoyen.<\/span><\/p>\n<p style=\"text-align: justify;\"><span style=\"color: #000000;\">L\u2019Annexe est un lieu intimiste, \u00e0 hauteur d'homme, qui soutient la cr\u00e9ation innovante et originale destin\u00e9e \u00e0 tous les publics. <\/span><\/p>\n<p style=\"text-align: justify;\"><span style=\"color: #000000;\">C'est aussi un espace de transmission culturelle pour tous.<\/span><br \/>\n<span style=\"color: #000000;\">Ici pas de billetterie, mais un droit d'entr\u00e9e associatif et une contribution libre, int\u00e9gralement remise aux artistes. Ici nous pr\u00e9figurons un espace culturel o\u00f9 le spectateur n\u2019est plus un spectateur-consommateur mais un acteur.<\/span><\/p>\n<p><span style=\"color: #000000;\">L'Annexe, c'est \u00e9galement une fabrique de culture qui accueil et accompagne des artistes dans leurs cr\u00e9ations. L'accompagnement d'artistes est la caract\u00e9ristique de L'Annexe.<\/span><br \/>\n<span style=\"color: #000000;\">Ici nous souhaitons donner du temps \u00e0 des artistes, collectifs, compagnies, pour cr\u00e9er, rechercher, s'inspirer, sur des p\u00e9riodes allant d'une semaine \u00e0 3 ans.<\/span><\/p>\n<\/div>\n<\/div><\/div><\/div><\/div><div id=\"pg-42-1\"  class=\"panel-grid panel-no-style\" ><div id=\"pgc-42-1-0\"  class=\"panel-grid-cell panel-grid-cell-empty\" ><\/div><div id=\"pgc-42-1-1\"  class=\"panel-grid-cell panel-grid-cell-mobile-last\" ><div id=\"panel-42-1-1-0\" class=\"so-panel widget widget_sow-image panel-first-child panel-last-child\" data-index=\"1\" ><div\n\t\t\t\n\t\t\tclass=\"so-widget-sow-image so-widget-sow-image-default-8b5b6f678277-42\"\n\t\t\t\n\t\t>\n<div class=\"sow-image-container\">\n\t\t\t<a href=\"https:\/\/annexeromainville.com\/index.php\/presentation-du-projet\/\"\n\t\t\ttarget=\"_blank\" rel=\"noopener noreferrer\" \t\t>\n\t\t\t<img \n\tsrc=\"https:\/\/annexeromainville.com\/wp-content\/uploads\/2022\/08\/Le-Projet.jpg\" width=\"1920\" height=\"250\" srcset=\"https:\/\/annexeromainville.com\/wp-content\/uploads\/2022\/08\/Le-Projet.jpg 1920w, https:\/\/annexeromainville.com\/wp-content\/uploads\/2022\/08\/Le-Projet-300x39.jpg 300w, https:\/\/annexeromainville.com\/wp-content\/uploads\/2022\/08\/Le-Projet-1024x133.jpg 1024w, https:\/\/annexeromainville.com\/wp-content\/uploads\/2022\/08\/Le-Projet-768x100.jpg 768w, https:\/\/annexeromainville.com\/wp-content\/uploads\/2022\/08\/Le-Projet-1536x200.jpg 1536w\" sizes=\"(max-width: 1920px) 100vw, 1920px\" title=\"le projet\" alt=\"\" loading=\"lazy\" \t\tclass=\"so-widget-image\"\/>\n\t\t\t<\/a><\/div>\n\n<\/div><\/div><\/div><div id=\"pgc-42-1-2\"  class=\"panel-grid-cell panel-grid-cell-empty\" ><\/div><\/div><div id=\"pg-42-2\"  class=\"panel-grid panel-no-style\" ><div id=\"pgc-42-2-0\"  class=\"panel-grid-cell\" ><div id=\"panel-42-2-0-0\" class=\"so-panel widget widget_sow-image panel-first-child panel-last-child\" data-index=\"2\" ><div\n\t\t\t\n\t\t\tclass=\"so-widget-sow-image so-widget-sow-image-default-8b5b6f678277-42\"\n\t\t\t\n\t\t>\n<div class=\"sow-image-container\">\n\t\t\t<a href=\"https:\/\/annexeromainville.com\/index.php\/la-compagnie-jetzt\/\"\n\t\t\ttarget=\"_blank\" rel=\"noopener noreferrer\" \t\t>\n\t\t\t<img \n\tsrc=\"https:\/\/annexeromainville.com\/wp-content\/uploads\/2022\/08\/Cie-Jetzt.jpg\" width=\"1920\" height=\"250\" srcset=\"https:\/\/annexeromainville.com\/wp-content\/uploads\/2022\/08\/Cie-Jetzt.jpg 1920w, https:\/\/annexeromainville.com\/wp-content\/uploads\/2022\/08\/Cie-Jetzt-300x39.jpg 300w, https:\/\/annexeromainville.com\/wp-content\/uploads\/2022\/08\/Cie-Jetzt-1024x133.jpg 1024w, https:\/\/annexeromainville.com\/wp-content\/uploads\/2022\/08\/Cie-Jetzt-768x100.jpg 768w, https:\/\/annexeromainville.com\/wp-content\/uploads\/2022\/08\/Cie-Jetzt-1536x200.jpg 1536w\" sizes=\"(max-width: 1920px) 100vw, 1920px\" title=\"jetzt\" alt=\"\" loading=\"lazy\" \t\tclass=\"so-widget-image\"\/>\n\t\t\t<\/a><\/div>\n\n<\/div><\/div><\/div><div id=\"pgc-42-2-1\"  class=\"panel-grid-cell\" ><div id=\"panel-42-2-1-0\" class=\"so-panel widget widget_sow-image panel-first-child panel-last-child\" data-index=\"3\" ><div\n\t\t\t\n\t\t\tclass=\"so-widget-sow-image so-widget-sow-image-default-8b5b6f678277-42\"\n\t\t\t\n\t\t>\n<div class=\"sow-image-container\">\n\t\t\t<a href=\"https:\/\/annexeromainville.com\/index.php\/le-collectif-citoyen\/\"\n\t\t\ttarget=\"_blank\" rel=\"noopener noreferrer\" \t\t>\n\t\t\t<img \n\tsrc=\"https:\/\/annexeromainville.com\/wp-content\/uploads\/2022\/08\/Collectif-Citoyen.jpg\" width=\"1920\" height=\"250\" srcset=\"https:\/\/annexeromainville.com\/wp-content\/uploads\/2022\/08\/Collectif-Citoyen.jpg 1920w, https:\/\/annexeromainville.com\/wp-content\/uploads\/2022\/08\/Collectif-Citoyen-300x39.jpg 300w, https:\/\/annexeromainville.com\/wp-content\/uploads\/2022\/08\/Collectif-Citoyen-1024x133.jpg 1024w, https:\/\/annexeromainville.com\/wp-content\/uploads\/2022\/08\/Collectif-Citoyen-768x100.jpg 768w, https:\/\/annexeromainville.com\/wp-content\/uploads\/2022\/08\/Collectif-Citoyen-1536x200.jpg 1536w\" sizes=\"(max-width: 1920px) 100vw, 1920px\" title=\"collectif citoyen\" alt=\"\" loading=\"lazy\" \t\tclass=\"so-widget-image\"\/>\n\t\t\t<\/a><\/div>\n\n<\/div><\/div><\/div><\/div><div id=\"pg-42-3\"  class=\"panel-grid panel-no-style\" ><div id=\"pgc-42-3-0\"  class=\"panel-grid-cell\" ><div id=\"panel-42-3-0-0\" class=\"so-panel widget widget_sow-image panel-first-child panel-last-child\" data-index=\"4\" ><div\n\t\t\t\n\t\t\tclass=\"so-widget-sow-image so-widget-sow-image-default-8b5b6f678277-42\"\n\t\t\t\n\t\t>\n<div class=\"sow-image-container\">\n\t\t\t<a href=\"https:\/\/annexeromainville.com\/index.php\/accompagnement\/\"\n\t\t\ttarget=\"_blank\" rel=\"noopener noreferrer\" \t\t>\n\t\t\t<img \n\tsrc=\"https:\/\/annexeromainville.com\/wp-content\/uploads\/2022\/08\/Accueil-dartistes.jpg\" width=\"1920\" height=\"250\" srcset=\"https:\/\/annexeromainville.com\/wp-content\/uploads\/2022\/08\/Accueil-dartistes.jpg 1920w, https:\/\/annexeromainville.com\/wp-content\/uploads\/2022\/08\/Accueil-dartistes-300x39.jpg 300w, https:\/\/annexeromainville.com\/wp-content\/uploads\/2022\/08\/Accueil-dartistes-1024x133.jpg 1024w, https:\/\/annexeromainville.com\/wp-content\/uploads\/2022\/08\/Accueil-dartistes-768x100.jpg 768w, https:\/\/annexeromainville.com\/wp-content\/uploads\/2022\/08\/Accueil-dartistes-1536x200.jpg 1536w\" sizes=\"(max-width: 1920px) 100vw, 1920px\" title=\"accueil d&#039;artistes\" alt=\"\" loading=\"lazy\" \t\tclass=\"so-widget-image\"\/>\n\t\t\t<\/a><\/div>\n\n<\/div><\/div><\/div><div id=\"pgc-42-3-1\"  class=\"panel-grid-cell\" ><div id=\"panel-42-3-1-0\" class=\"so-panel widget widget_sow-image panel-first-child panel-last-child\" data-index=\"5\" ><div\n\t\t\t\n\t\t\tclass=\"so-widget-sow-image so-widget-sow-image-default-8b5b6f678277-42\"\n\t\t\t\n\t\t>\n<div class=\"sow-image-container\">\n\t\t\t<a href=\"https:\/\/annexeromainville.com\/index.php\/saison-2022-2023\/\"\n\t\t\ttarget=\"_blank\" rel=\"noopener noreferrer\" \t\t>\n\t\t\t<img \n\tsrc=\"https:\/\/annexeromainville.com\/wp-content\/uploads\/2022\/08\/Programmation.jpg\" width=\"1920\" height=\"250\" srcset=\"https:\/\/annexeromainville.com\/wp-content\/uploads\/2022\/08\/Programmation.jpg 1920w, https:\/\/annexeromainville.com\/wp-content\/uploads\/2022\/08\/Programmation-300x39.jpg 300w, https:\/\/annexeromainville.com\/wp-content\/uploads\/2022\/08\/Programmation-1024x133.jpg 1024w, https:\/\/annexeromainville.com\/wp-content\/uploads\/2022\/08\/Programmation-768x100.jpg 768w, https:\/\/annexeromainville.com\/wp-content\/uploads\/2022\/08\/Programmation-1536x200.jpg 1536w\" sizes=\"(max-width: 1920px) 100vw, 1920px\" title=\"programmation\" alt=\"\" loading=\"lazy\" \t\tclass=\"so-widget-image\"\/>\n\t\t\t<\/a><\/div>\n\n<\/div><\/div><\/div><\/div><div id=\"pg-42-4\"  class=\"panel-grid panel-no-style\" ><div id=\"pgc-42-4-0\"  class=\"panel-grid-cell\" ><div id=\"panel-42-4-0-0\" class=\"so-panel widget widget_sow-image panel-first-child panel-last-child\" data-index=\"6\" ><div\n\t\t\t\n\t\t\tclass=\"so-widget-sow-image so-widget-sow-image-default-8b5b6f678277-42\"\n\t\t\t\n\t\t>\n<div class=\"sow-image-container\">\n\t\t\t<a href=\"https:\/\/annexeromainville.com\/index.php\/les-stages-ateliers-22-23\/\"\n\t\t\ttarget=\"_blank\" rel=\"noopener noreferrer\" \t\t>\n\t\t\t<img \n\tsrc=\"https:\/\/annexeromainville.com\/wp-content\/uploads\/2022\/08\/Pe\u0301dagogie.jpg\" width=\"1920\" height=\"250\" srcset=\"https:\/\/annexeromainville.com\/wp-content\/uploads\/2022\/08\/Pe\u0301dagogie.jpg 1920w, https:\/\/annexeromainville.com\/wp-content\/uploads\/2022\/08\/Pe\u0301dagogie-300x39.jpg 300w, https:\/\/annexeromainville.com\/wp-content\/uploads\/2022\/08\/Pe\u0301dagogie-1024x133.jpg 1024w, https:\/\/annexeromainville.com\/wp-content\/uploads\/2022\/08\/Pe\u0301dagogie-768x100.jpg 768w, https:\/\/annexeromainville.com\/wp-content\/uploads\/2022\/08\/Pe\u0301dagogie-1536x200.jpg 1536w\" sizes=\"(max-width: 1920px) 100vw, 1920px\" title=\"P\u00e9dagogie\" alt=\"\" loading=\"lazy\" \t\tclass=\"so-widget-image\"\/>\n\t\t\t<\/a><\/div>\n\n<\/div><\/div><\/div><div id=\"pgc-42-4-1\"  class=\"panel-grid-cell\" ><div id=\"panel-42-4-1-0\" class=\"so-panel widget widget_sow-image panel-first-child panel-last-child\" data-index=\"7\" ><div\n\t\t\t\n\t\t\tclass=\"so-widget-sow-image so-widget-sow-image-default-8b5b6f678277-42\"\n\t\t\t\n\t\t>\n<div class=\"sow-image-container\">\n\t\t\t<a href=\"https:\/\/annexeromainville.com\/index.php\/adherer-au-pass-culture\/\"\n\t\t\ttarget=\"_blank\" rel=\"noopener noreferrer\" \t\t>\n\t\t\t<img \n\tsrc=\"https:\/\/annexeromainville.com\/wp-content\/uploads\/2022\/08\/Pass-Culture.jpg\" width=\"1920\" height=\"250\" srcset=\"https:\/\/annexeromainville.com\/wp-content\/uploads\/2022\/08\/Pass-Culture.jpg 1920w, https:\/\/annexeromainville.com\/wp-content\/uploads\/2022\/08\/Pass-Culture-300x39.jpg 300w, https:\/\/annexeromainville.com\/wp-content\/uploads\/2022\/08\/Pass-Culture-1024x133.jpg 1024w, https:\/\/annexeromainville.com\/wp-content\/uploads\/2022\/08\/Pass-Culture-768x100.jpg 768w, https:\/\/annexeromainville.com\/wp-content\/uploads\/2022\/08\/Pass-Culture-1536x200.jpg 1536w\" sizes=\"(max-width: 1920px) 100vw, 1920px\" title=\"pass culture\" alt=\"\" loading=\"lazy\" \t\tclass=\"so-widget-image\"\/>\n\t\t\t<\/a><\/div>\n\n<\/div><\/div><\/div><\/div><\/div>","protected":false},"excerpt":{"rendered":"<p>&nbsp; \u00ab Dans les ann\u00e9es soixante, nous avons fait du dieu argent notre valeur supr\u00eame et nous n&#8217;avons jamais vraiment d\u00e9cid\u00e9, de quoi d&#8217;autre la culture devait \u00eatre faite.\u00bb Art<span class=\"read-more-wrap\"><a class=\"moretag\" href=\"https:\/\/annexeromainville.com\/index.php\/lannexe\/\">Lire la suite<span class=\"screen-reader-text\">L&#8217;annexe<\/span><\/a><\/span><\/p>\n","protected":false},"author":2,"featured_media":0,"parent":0,"menu_order":0,"comment_status":"closed","ping_status":"closed","template":"","meta":{"_bbp_topic_count":0,"_bbp_reply_count":0,"_bbp_total_topic_count":0,"_bbp_total_reply_count":0,"_bbp_voice_count":0,"_bbp_anonymous_reply_count":0,"_bbp_topic_count_hidden":0,"_bbp_reply_count_hidden":0,"_bbp_forum_subforum_count":0,"ngg_post_thumbnail":0},"_links":{"self":[{"href":"https:\/\/annexeromainville.com\/index.php\/wp-json\/wp\/v2\/pages\/42"}],"collection":[{"href":"https:\/\/annexeromainville.com\/index.php\/wp-json\/wp\/v2\/pages"}],"about":[{"href":"https:\/\/annexeromainville.com\/index.php\/wp-json\/wp\/v2\/types\/page"}],"author":[{"embeddable":true,"href":"https:\/\/annexeromainville.com\/index.php\/wp-json\/wp\/v2\/users\/2"}],"replies":[{"embeddable":true,"href":"https:\/\/annexeromainville.com\/index.php\/wp-json\/wp\/v2\/comments?post=42"}],"version-history":[{"count":33,"href":"https:\/\/annexeromainville.com\/index.php\/wp-json\/wp\/v2\/pages\/42\/revisions"}],"predecessor-version":[{"id":7967,"href":"https:\/\/annexeromainville.com\/index.php\/wp-json\/wp\/v2\/pages\/42\/revisions\/7967"}],"wp:attachment":[{"href":"https:\/\/annexeromainville.com\/index.php\/wp-json\/wp\/v2\/media?parent=42"}],"curies":[{"name":"wp","href":"https:\/\/api.w.org\/{rel}","templated":true}]}}