{"id":4631,"date":"2021-02-23T11:02:09","date_gmt":"2021-02-23T10:02:09","guid":{"rendered":"http:\/\/annexeromainville.com\/?page_id=4631"},"modified":"2021-03-12T14:41:06","modified_gmt":"2021-03-12T13:41:06","slug":"4631-2","status":"publish","type":"page","link":"https:\/\/annexeromainville.com\/index.php\/4631-2\/","title":{"rendered":"<font size=\"+7\"><font color=\"black\"><font face=\"arial\">FAQ<\/font>"},"content":{"rendered":"<div id=\"pl-4631\"  class=\"panel-layout\" ><div id=\"pg-4631-0\"  class=\"panel-grid panel-no-style\" ><div id=\"pgc-4631-0-0\"  class=\"panel-grid-cell\" ><div id=\"panel-4631-0-0-0\" class=\"so-panel widget widget_sow-editor panel-first-child panel-last-child\" data-index=\"0\" ><div\n\t\t\t\n\t\t\tclass=\"so-widget-sow-editor so-widget-sow-editor-base\"\n\t\t\t\n\t\t>\n<div class=\"siteorigin-widget-tinymce textwidget\">\n\t<p><span style=\"color: #000000;\">Une question \u00e0 propos de notre Espace Membres ? Voici nos r\u00e9ponses !<\/span><\/p>\n<\/div>\n<\/div><\/div><\/div><\/div><div id=\"pg-4631-1\"  class=\"panel-grid panel-no-style\" ><div id=\"pgc-4631-1-0\"  class=\"panel-grid-cell\" ><div id=\"panel-4631-1-0-0\" class=\"so-panel widget widget_sow-editor panel-first-child\" data-index=\"1\" ><div class=\"panel-widget-style panel-widget-style-for-4631-1-0-0\" ><div\n\t\t\t\n\t\t\tclass=\"so-widget-sow-editor so-widget-sow-editor-base\"\n\t\t\t\n\t\t><h3 class=\"widget-title\"><font size=\"+1\"><\/font><font color=\"ffcc00\"><\/font><font face=\"arial\"><i>Qu'est ce que l'Espace Membres ?<\/i><\/font><\/h3>\n<div class=\"siteorigin-widget-tinymce textwidget\">\n\t<p style=\"text-align: justify;\"><span style=\"color: #000000;\">L\u2019Espace Membres de l\u2019Annexe est un lieu d\u2019\u00e9change et de convivialit\u00e9. Nous souhaitons partager avec vous des \u00e9l\u00e9ments artistiques, p\u00e9dagogiques et culturels, tout en vous permettant de pouvoir r\u00e9agir \u00e0 ce contenu, notamment via le forum.<\/span><\/p>\n<\/div>\n<\/div><\/div><\/div><div id=\"panel-4631-1-0-1\" class=\"so-panel widget widget_sow-editor\" data-index=\"2\" ><div\n\t\t\t\n\t\t\tclass=\"so-widget-sow-editor so-widget-sow-editor-base\"\n\t\t\t\n\t\t><h3 class=\"widget-title\"><font size=\"+1\"><\/font><font color=\"ffcc00\"><\/font><font face=\"arial\"><i>Que propose l'Espace Membres ?<\/i><\/font><\/h3>\n<div class=\"siteorigin-widget-tinymce textwidget\">\n\t<p style=\"text-align: justify;\"><span style=\"color: #000000;\">Notre Espace Membres permet l\u2019acc\u00e8s \u00e0 de nombreux avantages ! <\/span><span style=\"color: #000000;\">Vous trouverez dans l\u2019onglet \"Contenu P\u00e9dagogique\" des tutos et vid\u00e9os qui vous permettront de compl\u00e9ter les stages et ateliers de l\u2019Annexe depuis chez vous. L\u2019onglet \"Contenu Artistique\" permet quant \u00e0 lui d\u2019acc\u00e9der \u00e0 du contenu in\u00e9dit autour des spectacles et artistes pass\u00e9s \u00e0 l\u2019Annexe. <\/span><\/p>\n<p style=\"text-align: justify;\"><span style=\"color: #000000;\">L\u2019Espace Membres est aussi un lieu d\u2019\u00e9change et de partage entre nos membres : vous pourrez communiquez avec nous comme avec les autres membres via le forum. <\/span><\/p>\n<p style=\"text-align: justify;\"><span style=\"color: #000000;\">La page du Collectif Citoyen vous permettra quant \u00e0 elle de participer aux votes du prochain \"Votez pour moi\", et de pouvoir jeter un coup d\u2019\u0153il sur toutes ses actualit\u00e9s.<\/span><\/p>\n<p style=\"text-align: justify;\"><span style=\"color: #000000;\">Vous trouverez \u00e9galement dans l'onglet \"Nous Aimons\" les derniers coups de c\u0153ur culturels de l'Annexe que nous tenions \u00e0 partager avec vous.<\/span><\/p>\n<p style=\"text-align: justify;\"><span style=\"color: #000000;\">Enfin, pour suivre les derni\u00e8res actualit\u00e9s de notre Espace Membres, rendez-vous dans l\u2019onglet \u00ab Actualit\u00e9 \u00bb.<br \/>\n<\/span><\/p>\n<\/div>\n<\/div><\/div><div id=\"panel-4631-1-0-2\" class=\"so-panel widget widget_sow-editor\" data-index=\"3\" ><div\n\t\t\t\n\t\t\tclass=\"so-widget-sow-editor so-widget-sow-editor-base\"\n\t\t\t\n\t\t><h3 class=\"widget-title\"><font size=\"+1\"><\/font><font color=\"ffcc00\"><\/font><font face=\"arial\"><i>Comment g\u00e9rer mon compte ?<\/i><\/font><\/h3>\n<div class=\"siteorigin-widget-tinymce textwidget\">\n\t<p style=\"text-align: justify;\"><span style=\"color: #000000;\">Pour acc\u00e9der \u00e0 votre compte, rien de plus simple ! Glissez votre souris sur l\u2019inscription Espace Membres dans le menu principal puis cliquez sur \u00ab Mon compte \u00bb, qui apparait dans le menu d\u00e9roul\u00e9 qui vous sera propos\u00e9. Vous y retrouverez toutes vos informations de compte ! Si vous souhaitez renouveler votre adh\u00e9sion \u00e0 l\u2019espace membre, cliquez qui l'inscription Espace Membres dans le menu principal et vous trouverez en bas de page le bouton \u00ab renouveler l\u2019adh\u00e9sion \u00bb.<\/span><\/p>\n<\/div>\n<\/div><\/div><div id=\"panel-4631-1-0-3\" class=\"so-panel widget widget_sow-editor panel-last-child\" data-index=\"4\" ><div\n\t\t\t\n\t\t\tclass=\"so-widget-sow-editor so-widget-sow-editor-base\"\n\t\t\t\n\t\t><h3 class=\"widget-title\"><font size=\"+1\"><\/font><font color=\"ffcc00\"><\/font><font face=\"arial\"><i>Comment devenir membre ?<\/i><\/font><\/h3>\n<div class=\"siteorigin-widget-tinymce textwidget\">\n\t<p><span style=\"color: #000000;\">Pour devenir membre, contactez-nous !<\/span><\/p>\n<\/div>\n<\/div><\/div><\/div><\/div><\/div>","protected":false},"excerpt":{"rendered":"<p>Une question \u00e0 propos de notre Espace Membres ? Voici nos r\u00e9ponses ! L\u2019Espace Membres de l\u2019Annexe est un lieu d\u2019\u00e9change et de convivialit\u00e9. Nous souhaitons partager avec vous des<span class=\"read-more-wrap\"><a class=\"moretag\" href=\"https:\/\/annexeromainville.com\/index.php\/4631-2\/\">Lire la suite<span class=\"screen-reader-text\">&lt;font size=&quot;+7&quot;&gt;&lt;font color=&quot;black&quot;&gt;&lt;font face=&quot;arial&quot;&gt;FAQ&lt;\/font&gt;<\/span><\/a><\/span><\/p>\n","protected":false},"author":2,"featured_media":4721,"parent":0,"menu_order":0,"comment_status":"closed","ping_status":"closed","template":"","meta":{"_bbp_topic_count":0,"_bbp_reply_count":0,"_bbp_total_topic_count":0,"_bbp_total_reply_count":0,"_bbp_voice_count":0,"_bbp_anonymous_reply_count":0,"_bbp_topic_count_hidden":0,"_bbp_reply_count_hidden":0,"_bbp_forum_subforum_count":0,"ngg_post_thumbnail":0},"_links":{"self":[{"href":"https:\/\/annexeromainville.com\/index.php\/wp-json\/wp\/v2\/pages\/4631"}],"collection":[{"href":"https:\/\/annexeromainville.com\/index.php\/wp-json\/wp\/v2\/pages"}],"about":[{"href":"https:\/\/annexeromainville.com\/index.php\/wp-json\/wp\/v2\/types\/page"}],"author":[{"embeddable":true,"href":"https:\/\/annexeromainville.com\/index.php\/wp-json\/wp\/v2\/users\/2"}],"replies":[{"embeddable":true,"href":"https:\/\/annexeromainville.com\/index.php\/wp-json\/wp\/v2\/comments?post=4631"}],"version-history":[{"count":39,"href":"https:\/\/annexeromainville.com\/index.php\/wp-json\/wp\/v2\/pages\/4631\/revisions"}],"predecessor-version":[{"id":4821,"href":"https:\/\/annexeromainville.com\/index.php\/wp-json\/wp\/v2\/pages\/4631\/revisions\/4821"}],"wp:featuredmedia":[{"embeddable":true,"href":"https:\/\/annexeromainville.com\/index.php\/wp-json\/wp\/v2\/media\/4721"}],"wp:attachment":[{"href":"https:\/\/annexeromainville.com\/index.php\/wp-json\/wp\/v2\/media?parent=4631"}],"curies":[{"name":"wp","href":"https:\/\/api.w.org\/{rel}","templated":true}]}}