{"id":510,"date":"2016-11-10T11:06:06","date_gmt":"2016-11-10T10:06:06","guid":{"rendered":"http:\/\/annexedutraindevie.com\/?page_id=510"},"modified":"2024-01-25T15:09:00","modified_gmt":"2024-01-25T14:09:00","slug":"votez-pour-moi","status":"publish","type":"page","link":"https:\/\/annexeromainville.com\/index.php\/votez-pour-moi\/","title":{"rendered":"Votez pour Moi"},"content":{"rendered":"<div id=\"pl-510\"  class=\"panel-layout\" ><div id=\"pg-510-0\"  class=\"panel-grid panel-no-style\" ><div id=\"pgc-510-0-0\"  class=\"panel-grid-cell\" ><div id=\"panel-510-0-0-0\" class=\"so-panel widget widget_sow-image panel-first-child\" data-index=\"0\" ><div\n\t\t\t\n\t\t\tclass=\"so-widget-sow-image so-widget-sow-image-default-8b5b6f678277-510\"\n\t\t\t\n\t\t>\n<div class=\"sow-image-container\">\n\t\t<img \n\tsrc=\"https:\/\/annexeromainville.com\/wp-content\/uploads\/2024\/01\/Carres-Programmation-2023-2024.png\" width=\"1080\" height=\"1080\" srcset=\"https:\/\/annexeromainville.com\/wp-content\/uploads\/2024\/01\/Carres-Programmation-2023-2024.png 1080w, https:\/\/annexeromainville.com\/wp-content\/uploads\/2024\/01\/Carres-Programmation-2023-2024-300x300.png 300w, https:\/\/annexeromainville.com\/wp-content\/uploads\/2024\/01\/Carres-Programmation-2023-2024-1024x1024.png 1024w, https:\/\/annexeromainville.com\/wp-content\/uploads\/2024\/01\/Carres-Programmation-2023-2024-150x150.png 150w, https:\/\/annexeromainville.com\/wp-content\/uploads\/2024\/01\/Carres-Programmation-2023-2024-768x768.png 768w\" sizes=\"(max-width: 1080px) 100vw, 1080px\" title=\"Votez pour moi 8 \u00e9dition\" alt=\"\" loading=\"lazy\" \t\tclass=\"so-widget-image\"\/>\n\t<\/div>\n\n<\/div><\/div><div id=\"panel-510-0-0-1\" class=\"so-panel widget widget_sow-image panel-last-child\" data-index=\"1\" ><div\n\t\t\t\n\t\t\tclass=\"so-widget-sow-image so-widget-sow-image-default-8b5b6f678277-510\"\n\t\t\t\n\t\t>\n<div class=\"sow-image-container\">\n\t\t\t<a href=\"https:\/\/www.helloasso.com\/associations\/jetzt\/evenements\/concours-votez-pour-moi-8-saison-23-24\"\n\t\t\t\t\t>\n\t\t\t<img \n\tsrc=\"https:\/\/annexeromainville.com\/wp-content\/uploads\/2023\/05\/billetterie.jpg\" width=\"1920\" height=\"250\" srcset=\"https:\/\/annexeromainville.com\/wp-content\/uploads\/2023\/05\/billetterie.jpg 1920w, https:\/\/annexeromainville.com\/wp-content\/uploads\/2023\/05\/billetterie-300x39.jpg 300w, https:\/\/annexeromainville.com\/wp-content\/uploads\/2023\/05\/billetterie-1024x133.jpg 1024w, https:\/\/annexeromainville.com\/wp-content\/uploads\/2023\/05\/billetterie-768x100.jpg 768w, https:\/\/annexeromainville.com\/wp-content\/uploads\/2023\/05\/billetterie-1536x200.jpg 1536w\" sizes=\"(max-width: 1920px) 100vw, 1920px\" alt=\"\" loading=\"lazy\" \t\tclass=\"so-widget-image\"\/>\n\t\t\t<\/a><\/div>\n\n<\/div><\/div><\/div><div id=\"pgc-510-0-1\"  class=\"panel-grid-cell\" ><div id=\"panel-510-0-1-0\" class=\"so-panel widget widget_sow-editor panel-first-child panel-last-child\" data-index=\"2\" ><div\n\t\t\t\n\t\t\tclass=\"so-widget-sow-editor so-widget-sow-editor-base\"\n\t\t\t\n\t\t>\n<div class=\"siteorigin-widget-tinymce textwidget\">\n\t<p><span style=\"color: #000000;\">Dispositif annuel propos\u00e9 par L'Annexe et port\u00e9 par notre Collectif Citoyen<em>. Votez pour Moi!<\/em> a pour but de soutenir la cr\u00e9ation originale et innovante. De quelle mani\u00e8re ? En permettant au vainqueur de b\u00e9n\u00e9ficier d'une r\u00e9sidence d'accompagnement de 3 ans pour d\u00e9velopper son projet artistique. <\/span><\/p>\n<p><span style=\"color: #000000;\">L'une des principales missions de l'Annexe, c'est l'accompagnement artistique. <\/span><span style=\"color: #000000;\">Tout au long de chaque saison, nous accueillons des compagnies en r\u00e9sidences d'une ou deux semaines.&nbsp;<\/span><\/p>\n<p><span style=\"color: #000000;\">La huiti\u00e8me \u00e9dition de <em>Votez Pour<\/em> <em>moi !<\/em> aura lieu <strong><span style=\"color: #ff0000;\">le vendredi<\/span><span style=\"color: #ff0000;\"> 7 juin 2024 \u00e0 20h<\/span> ; <\/strong>les r\u00e9servations se font uniquement en ligne. <\/span><\/p>\n<p><span style=\"color: #000080;\"><strong>D\u00e9roulement du concours : <\/strong><\/span><span style=\"color: #000000;\">Trois compagnies soigneusement s\u00e9lectionn\u00e9es seront auditionn\u00e9es chacune dix minutes pour pr\u00e9senter leur cr\u00e9ation en cours.<\/span><\/p>\n<div class=\"siteorigin-widget-tinymce textwidget\">\n<p><span style=\"color: #000000;\">Ces auditions sont suivies d'un vote par un jury compos\u00e9 : des professionnels et du public. La cr\u00e9ation gagnante est annonc\u00e9e en fin de soir\u00e9e !<\/span><\/p>\n<\/div>\n<p>&nbsp;<\/p>\n<\/div>\n<\/div><\/div><\/div><\/div><div id=\"pg-510-1\"  class=\"panel-grid panel-no-style\" ><div id=\"pgc-510-1-0\"  class=\"panel-grid-cell panel-grid-cell-empty panel-grid-cell-mobile-last\" ><\/div><div id=\"pgc-510-1-1\"  class=\"panel-grid-cell panel-grid-cell-empty\" ><\/div><\/div><div id=\"pg-510-2\"  class=\"panel-grid panel-no-style\" ><div id=\"pgc-510-2-0\"  class=\"panel-grid-cell panel-grid-cell-empty\" ><\/div><\/div><\/div>","protected":false},"excerpt":{"rendered":"<p>Dispositif annuel propos\u00e9 par L&#8217;Annexe et port\u00e9 par notre Collectif Citoyen. Votez pour Moi! a pour but de soutenir la cr\u00e9ation originale et innovante. De quelle mani\u00e8re ? En permettant<span class=\"read-more-wrap\"><a class=\"moretag\" href=\"https:\/\/annexeromainville.com\/index.php\/votez-pour-moi\/\">Lire la suite<span class=\"screen-reader-text\">Votez pour Moi<\/span><\/a><\/span><\/p>\n","protected":false},"author":2,"featured_media":0,"parent":0,"menu_order":0,"comment_status":"closed","ping_status":"closed","template":"","meta":{"_bbp_topic_count":0,"_bbp_reply_count":0,"_bbp_total_topic_count":0,"_bbp_total_reply_count":0,"_bbp_voice_count":0,"_bbp_anonymous_reply_count":0,"_bbp_topic_count_hidden":0,"_bbp_reply_count_hidden":0,"_bbp_forum_subforum_count":0,"ngg_post_thumbnail":0},"_links":{"self":[{"href":"https:\/\/annexeromainville.com\/index.php\/wp-json\/wp\/v2\/pages\/510"}],"collection":[{"href":"https:\/\/annexeromainville.com\/index.php\/wp-json\/wp\/v2\/pages"}],"about":[{"href":"https:\/\/annexeromainville.com\/index.php\/wp-json\/wp\/v2\/types\/page"}],"author":[{"embeddable":true,"href":"https:\/\/annexeromainville.com\/index.php\/wp-json\/wp\/v2\/users\/2"}],"replies":[{"embeddable":true,"href":"https:\/\/annexeromainville.com\/index.php\/wp-json\/wp\/v2\/comments?post=510"}],"version-history":[{"count":47,"href":"https:\/\/annexeromainville.com\/index.php\/wp-json\/wp\/v2\/pages\/510\/revisions"}],"predecessor-version":[{"id":9485,"href":"https:\/\/annexeromainville.com\/index.php\/wp-json\/wp\/v2\/pages\/510\/revisions\/9485"}],"wp:attachment":[{"href":"https:\/\/annexeromainville.com\/index.php\/wp-json\/wp\/v2\/media?parent=510"}],"curies":[{"name":"wp","href":"https:\/\/api.w.org\/{rel}","templated":true}]}}