{"id":5298,"date":"2021-08-20T21:09:07","date_gmt":"2021-08-20T20:09:07","guid":{"rendered":"http:\/\/annexeromainville.com\/?page_id=5298"},"modified":"2021-11-03T15:30:20","modified_gmt":"2021-11-03T14:30:20","slug":"la-beaute-sauvera-le-monde","status":"publish","type":"page","link":"https:\/\/annexeromainville.com\/index.php\/la-beaute-sauvera-le-monde\/","title":{"rendered":"LA BEAUTE SAUVERA LE MONDE"},"content":{"rendered":"<div id=\"pl-5298\"  class=\"panel-layout\" ><div id=\"pg-5298-0\"  class=\"panel-grid panel-no-style\" ><div id=\"pgc-5298-0-0\"  class=\"panel-grid-cell\" ><div id=\"panel-5298-0-0-0\" class=\"so-panel widget widget_sow-image panel-first-child panel-last-child\" data-index=\"0\" ><div\n\t\t\t\n\t\t\tclass=\"so-widget-sow-image so-widget-sow-image-default-113ccd71f3e6-5298\"\n\t\t\t\n\t\t>\n<div class=\"sow-image-container\">\n\t\t<img \n\tsrc=\"https:\/\/annexeromainville.com\/wp-content\/uploads\/2021\/09\/AFFICHE-A1-BIG-CAT-COMPANY.png\" width=\"1684\" height=\"2384\" srcset=\"https:\/\/annexeromainville.com\/wp-content\/uploads\/2021\/09\/AFFICHE-A1-BIG-CAT-COMPANY.png 1684w, https:\/\/annexeromainville.com\/wp-content\/uploads\/2021\/09\/AFFICHE-A1-BIG-CAT-COMPANY-212x300.png 212w, https:\/\/annexeromainville.com\/wp-content\/uploads\/2021\/09\/AFFICHE-A1-BIG-CAT-COMPANY-723x1024.png 723w, https:\/\/annexeromainville.com\/wp-content\/uploads\/2021\/09\/AFFICHE-A1-BIG-CAT-COMPANY-768x1087.png 768w, https:\/\/annexeromainville.com\/wp-content\/uploads\/2021\/09\/AFFICHE-A1-BIG-CAT-COMPANY-1085x1536.png 1085w, https:\/\/annexeromainville.com\/wp-content\/uploads\/2021\/09\/AFFICHE-A1-BIG-CAT-COMPANY-1447x2048.png 1447w\" sizes=\"(max-width: 1684px) 100vw, 1684px\" title=\"AFFICHE A1 BIG CAT COMPANY\" alt=\"\" loading=\"lazy\" \t\tclass=\"so-widget-image\"\/>\n\t<\/div>\n\n<\/div><\/div><\/div><div id=\"pgc-5298-0-1\"  class=\"panel-grid-cell\" ><div id=\"panel-5298-0-1-0\" class=\"so-panel widget widget_sow-editor panel-first-child\" data-index=\"1\" ><div\n\t\t\t\n\t\t\tclass=\"so-widget-sow-editor so-widget-sow-editor-base\"\n\t\t\t\n\t\t>\n<div class=\"siteorigin-widget-tinymce textwidget\">\n\t<div class=\"page\" title=\"Page 8\">\n<div class=\"layoutArea\">\n<div class=\"column\"><span style=\"color: #000000;\"><strong>The Big Cat Company \/ Th\u00e9\u00e2tre Contemporain<\/strong><\/span><\/div>\n<div>&nbsp;<\/div>\n<div class=\"column\"><span style=\"color: #000000;\">Texte :<strong> Barbara Castin<\/strong><br \/>\nDistribution : <strong>Barbara Castin<\/strong><\/span><br \/>\n<span style=\"color: #000000;\">Mise en sc\u00e8ne : <strong>Pierre Boucard<\/strong><\/span><\/div>\n<div class=\"column\"><span style=\"color: #000000;\">Cr\u00e9ation Sc\u00e9nique : <strong>Violette Graveline<\/strong><\/span><\/div>\n<div>&nbsp;<\/div>\n<div class=\"column\"><span style=\"color: #000000;\"><strong>Le 3 d\u00e9cembre 2021 \u00e0 15H<\/strong><\/span><\/div>\n<div class=\"column\"><span style=\"color: #000000;\">ouverture des portes \u00e0 14H30<\/span><\/div>\n<div>&nbsp;<\/div>\n<div class=\"column\"><span style=\"color: #000000;\">DUR\u00c9E : 1H05<\/span><\/div>\n<div>&nbsp;<\/div>\n<div class=\"column\"><span style=\"color: #000000;\">\u00c2GE :<strong> TOUT PUBLIC \u00c0 PARTIR DE 10 ANS<\/strong><\/span><\/div>\n<\/div>\n<\/div>\n<\/div>\n<\/div><\/div><div id=\"panel-5298-0-1-1\" class=\"so-panel widget widget_sow-editor\" data-index=\"2\" ><div\n\t\t\t\n\t\t\tclass=\"so-widget-sow-editor so-widget-sow-editor-base\"\n\t\t\t\n\t\t><h3 class=\"widget-title\">R\u00e9sum\u00e9<\/h3>\n<div class=\"siteorigin-widget-tinymce textwidget\">\n\t<p>Meth berce son fils doucement, mais rien \u00e0 faire : il ne veut pas dormir. Alors, elle d\u00e9cide de lui raconter une histoire : l\u2019histoire de la Terre \u00ab avant \u00bb. Avant quoi ? On ne l\u2019apprend pas exactement mais on comprend que d\u2019importants bouleversements ont modifi\u00e9 le visage de notre plan\u00e8te pour la rendre moins hospitali\u00e8re.<\/p>\n<p><em>Raconter la Terre. L\u2019entreprise est os\u00e9e ; le r\u00e9cit est dense. Meth en appelle donc \u00e0 d\u2019au- tres voix que la sienne : celles de Jean Giono, de Guy de Maupassant, de Karen Blixen... L\u2019histoire entam\u00e9e la m\u00e8ne \u00e0 la red\u00e9couverte de la beaut\u00e9 de la nature quand elle est chant\u00e9e par les po\u00e8tes mais elle la met aussi face \u00e0 son propre pass\u00e9. Apparaissent alors en contrepoint les combats et les errements d\u2019une militante \u00e9cologiste...<\/em><\/p>\n<\/div>\n<\/div><\/div><div id=\"panel-5298-0-1-2\" class=\"so-panel widget widget_sow-button panel-last-child\" data-index=\"3\" ><div\n\t\t\t\n\t\t\tclass=\"so-widget-sow-button so-widget-sow-button-wire-e7929c76966e-5298\"\n\t\t\t\n\t\t><div class=\"ow-button-base ow-button-align-center\"\n>\n\t\t\t<a\n\t\t\t\t\thref=\"https:\/\/annexeromainville.com\/index.php\/reservation\/\"\n\t\t\t\t\tclass=\"sowb-button ow-icon-placement-left ow-button-hover\" target=\"_blank\" rel=\"noopener noreferrer\" \t>\n\t\t<span>\n\t\t\t<span class=\"sow-icon-ionicons\" data-sow-icon=\"&#xf373;\"\n\t\tstyle=\"color: #dd9933\" \n\t\taria-hidden=\"true\"><\/span>\n\t\t\tR\u00e9server\t\t<\/span>\n\t\t\t<\/a>\n\t<\/div>\n<\/div><\/div><\/div><\/div><div id=\"pg-5298-1\"  class=\"panel-grid panel-no-style\" ><div id=\"pgc-5298-1-0\"  class=\"panel-grid-cell\" ><div id=\"panel-5298-1-0-0\" class=\"so-panel widget widget_sow-image panel-first-child\" data-index=\"4\" ><div\n\t\t\t\n\t\t\tclass=\"so-widget-sow-image so-widget-sow-image-default-113ccd71f3e6-5298\"\n\t\t\t\n\t\t>\n<div class=\"sow-image-container\">\n\t\t<img \n\tsrc=\"https:\/\/annexeromainville.com\/wp-content\/uploads\/2021\/06\/La-Beaute-sauvera-le-monde_1-300x230.png\" width=\"300\" height=\"230\" srcset=\"https:\/\/annexeromainville.com\/wp-content\/uploads\/2021\/06\/La-Beaute-sauvera-le-monde_1-300x230.png 300w, https:\/\/annexeromainville.com\/wp-content\/uploads\/2021\/06\/La-Beaute-sauvera-le-monde_1-1024x785.png 1024w, https:\/\/annexeromainville.com\/wp-content\/uploads\/2021\/06\/La-Beaute-sauvera-le-monde_1-768x589.png 768w, https:\/\/annexeromainville.com\/wp-content\/uploads\/2021\/06\/La-Beaute-sauvera-le-monde_1.png 1383w\" sizes=\"(max-width: 300px) 100vw, 300px\" title=\"La Beaut\u00e9 sauvera le monde_1\" alt=\"\" loading=\"lazy\" \t\tclass=\"so-widget-image\"\/>\n\t<\/div>\n\n<\/div><\/div><div id=\"panel-5298-1-0-1\" class=\"so-panel widget widget_sow-editor panel-last-child\" data-index=\"5\" ><div\n\t\t\t\n\t\t\tclass=\"so-widget-sow-editor so-widget-sow-editor-base\"\n\t\t\t\n\t\t><h3 class=\"widget-title\">THE BIG CAT COMPANY<\/h3>\n<div class=\"siteorigin-widget-tinymce textwidget\">\n\t<div class=\"page\" title=\"Page 2\">\n<div class=\"layoutArea\">\n<div class=\"column\">\n<p><strong>THE BIG CAT COMPANY<\/strong> a \u00e9t\u00e9 cr\u00e9\u00e9e en 2013. Sa devise est la phrase de Pirandello dans Henri IV : <em>\u00ab Tout doit \u00eatre comme si c\u2019\u00e9tait vrai ! C\u2019est \u00e0 cette seule condition que la v\u00e9rit\u00e9 n\u2019est pas une plaisanterie. \u00bb<\/em><br \/>\nPour le moment, tous les spectacles de la compagnie ont \u00e9t\u00e9 auto-produits.<\/p>\n<div class=\"page\" title=\"Page 1\">\n<div class=\"layoutArea\">\n<div class=\"column\">\n<p>Pour cette cr\u00e9ation en cours de production, une date doit \u00eatre programm\u00e9e \u00e0 l\u2019Int\u00e9gral de Belley qui nous a accueillis en r\u00e9sidence.<\/p>\n<div class=\"page\" title=\"Page 2\">\n<div class=\"layoutArea\">\n<div class=\"column\">\n<p><strong>Historique de la Compagnie : <\/strong><\/p>\n<p>1er projet (2013 \u2013 2017) : Le Paquebot Tenacity de Charles Vildrac cr\u00e9e \u00e0 Paris \u00e0 l\u2019Auguste Th\u00e9\u00e2tre puis au Th\u00e9\u00e2tre Essa\u00efon. Le premier projet de la compagnie fut la red\u00e9couverte de ce succ\u00e8s oubli\u00e9 du th\u00e9\u00e2tre fran\u00e7ais. Apr\u00e8s deux Festivals d\u2019Avignon 2014 et 2015 couronn\u00e9s de succ\u00e8s, la pi\u00e8ce a f\u00eat\u00e9 sa centi\u00e8me repr\u00e9sentation en tourn\u00e9e en 2017.<\/p>\n<p>[Apport en coproduction : Canal 33]<\/p>\n<p>2\u00e8me projet (2018-2019): Les Nuits de la Col\u00e8re d'Armand Salacrou cr\u00e9\u00e9 en 2018 au Th\u00e9\u00e2tre du Roi Ren\u00e9 lors du Festival d\u2019Avignon. Forte du tr\u00e8s favorable accueil que ce spectacle avait alors rencontr\u00e9, il devait \u00eatre \u00e0 nouveau pr\u00e9sent\u00e9 lors du festival 2020, malheureusement annul\u00e9. [Apport en coproduction : DSCP]<\/p>\n<p>3\u00e8me projet (en cr\u00e9ation \u2013 2021) : Danton, les derniers jours du Lion d\u2019Etienne Menard. Cr\u00e9ation contemporaine sur les derniers mois de Danton. La pi\u00e8ce est en cr\u00e9ation. Ce projet b\u00e9n\u00e9ficie du soutien logistique et financier de la ville d\u2019Arcis sur Aube, et du d\u00e9partement de l\u2019Aube.<\/p>\n<p>4\u00e8me projet (en cr\u00e9ation \u2013 2021) : La Beaut\u00e9 sauvera le monde de Barbara Castin. Premi\u00e8re pi\u00e8ce avec une esth\u00e9tique contemporaine et li\u00e9 \u00e0 un sujet ancr\u00e9 dans l\u2019actualit\u00e9.<\/p>\n<\/div>\n<\/div>\n<\/div>\n<\/div>\n<\/div>\n<\/div>\n<\/div>\n<\/div>\n<\/div>\n<\/div>\n<\/div><\/div><\/div><div id=\"pgc-5298-1-1\"  class=\"panel-grid-cell\" ><div id=\"panel-5298-1-1-0\" class=\"so-panel widget widget_sow-editor panel-first-child\" data-index=\"6\" ><div\n\t\t\t\n\t\t\tclass=\"so-widget-sow-editor so-widget-sow-editor-base\"\n\t\t\t\n\t\t><h3 class=\"widget-title\">Pierre Boucard - Metteur en sc\u00e8ne<\/h3>\n<div class=\"siteorigin-widget-tinymce textwidget\">\n\t<p><img loading=\"lazy\" class=\"size-medium wp-image-5533 alignleft\" src=\"http:\/\/annexeromainville.com\/wp-content\/uploads\/2021\/06\/pierre-boucard-225x300.jpg\" alt=\"\" width=\"225\" height=\"300\" srcset=\"https:\/\/annexeromainville.com\/wp-content\/uploads\/2021\/06\/pierre-boucard-225x300.jpg 225w, https:\/\/annexeromainville.com\/wp-content\/uploads\/2021\/06\/pierre-boucard-768x1025.jpg 768w, https:\/\/annexeromainville.com\/wp-content\/uploads\/2021\/06\/pierre-boucard-1151x1536.jpg 1151w, https:\/\/annexeromainville.com\/wp-content\/uploads\/2021\/06\/pierre-boucard.jpg 1200w\" sizes=\"(max-width: 225px) 100vw, 225px\" \/>Pierre Boucard - Metteur en sc\u00e8ne,<\/p>\n<div class=\"page\" title=\"Page 9\">\n<div class=\"layoutArea\">\n<div class=\"column\">\n<p>Form\u00e9 au Cours Cochet, Pierre Boucard suit les stages de Damien Acoca et du Th\u00e9\u00e2tre du Mouvement. Il travaille avec Jean-Laurent Cochet sur la pi\u00e8ce Tu m\u2019as sauv\u00e9 la vie de S. Guitry.<\/p>\n<p>En 2012, Pierre cr\u00e9e sa compagnie \u00ab The Big Cat Company \u00bb qui depuis, a mont\u00e9 la pi\u00e8ce de Charles Vildrac, Le Paquebot Tenacity, puis la pi\u00e8ce d\u2019Armand Salacrou, Les Nuits de la col- \u00e8re. Depuis 2016, il est professeur au Cours Cochet-Delav\u00e8ne<\/p>\n<\/div>\n<\/div>\n<\/div>\n<p>&nbsp;<\/p>\n<p>&nbsp;<\/p>\n<p>&nbsp;<\/p>\n<\/div>\n<\/div><\/div><div id=\"panel-5298-1-1-1\" class=\"so-panel widget widget_sow-editor panel-last-child\" data-index=\"7\" ><div\n\t\t\t\n\t\t\tclass=\"so-widget-sow-editor so-widget-sow-editor-base\"\n\t\t\t\n\t\t><h3 class=\"widget-title\">Barbara Castin - Autrice &amp; Actrice<\/h3>\n<div class=\"siteorigin-widget-tinymce textwidget\">\n\t<p><img loading=\"lazy\" class=\"size-medium wp-image-5534 alignleft\" src=\"http:\/\/annexeromainville.com\/wp-content\/uploads\/2021\/06\/barbara-castin-225x300.jpg\" alt=\"\" width=\"225\" height=\"300\" srcset=\"https:\/\/annexeromainville.com\/wp-content\/uploads\/2021\/06\/barbara-castin-225x300.jpg 225w, https:\/\/annexeromainville.com\/wp-content\/uploads\/2021\/06\/barbara-castin.jpg 601w\" sizes=\"(max-width: 225px) 100vw, 225px\" \/><\/p>\n<div class=\"page\" title=\"Page 9\">\n<div class=\"layoutArea\">\n<div class=\"column\">\n<p>Barbara Castin - Autrice et Actrice.&nbsp;Apr\u00e8s des d\u00e9buts \u00e0 Lyon aupr\u00e8s d\u2019A. Tedde, E. Mass\u00e9, P. Mange- not et S. Tcheumlekdjian, Barbara Castin int\u00e8gre le cours Cochet. En 2019, elle fait sa premi\u00e8re mise en sc\u00e8ne \u00e0 Avignon Off avec On ne badine pas de M. Solv\u00e8s et C. Pourchet.<\/p>\n<\/div>\n<\/div>\n<\/div>\n<div class=\"page\" title=\"Page 9\">\n<div class=\"layoutArea\">\n<div class=\"column\">\n<p>&nbsp;<\/p>\n<\/div>\n<\/div>\n<\/div>\n<\/div>\n<\/div><\/div><\/div><\/div><div id=\"pg-5298-2\"  class=\"panel-grid panel-no-style\" ><div id=\"pgc-5298-2-0\"  class=\"panel-grid-cell\" ><div id=\"panel-5298-2-0-0\" class=\"so-panel widget widget_media_video panel-first-child panel-last-child\" data-index=\"8\" ><\/div><\/div><\/div><\/div>","protected":false},"excerpt":{"rendered":"<p>The Big Cat Company \/ Th\u00e9\u00e2tre Contemporain &nbsp; Texte : Barbara Castin Distribution : Barbara Castin Mise en sc\u00e8ne : Pierre Boucard Cr\u00e9ation Sc\u00e9nique : Violette Graveline &nbsp; Le 3<span class=\"read-more-wrap\"><a class=\"moretag\" href=\"https:\/\/annexeromainville.com\/index.php\/la-beaute-sauvera-le-monde\/\">Lire la suite<span class=\"screen-reader-text\">LA BEAUTE SAUVERA LE MONDE<\/span><\/a><\/span><\/p>\n","protected":false},"author":2,"featured_media":0,"parent":0,"menu_order":0,"comment_status":"closed","ping_status":"closed","template":"","meta":{"_bbp_topic_count":0,"_bbp_reply_count":0,"_bbp_total_topic_count":0,"_bbp_total_reply_count":0,"_bbp_voice_count":0,"_bbp_anonymous_reply_count":0,"_bbp_topic_count_hidden":0,"_bbp_reply_count_hidden":0,"_bbp_forum_subforum_count":0,"ngg_post_thumbnail":0},"_links":{"self":[{"href":"https:\/\/annexeromainville.com\/index.php\/wp-json\/wp\/v2\/pages\/5298"}],"collection":[{"href":"https:\/\/annexeromainville.com\/index.php\/wp-json\/wp\/v2\/pages"}],"about":[{"href":"https:\/\/annexeromainville.com\/index.php\/wp-json\/wp\/v2\/types\/page"}],"author":[{"embeddable":true,"href":"https:\/\/annexeromainville.com\/index.php\/wp-json\/wp\/v2\/users\/2"}],"replies":[{"embeddable":true,"href":"https:\/\/annexeromainville.com\/index.php\/wp-json\/wp\/v2\/comments?post=5298"}],"version-history":[{"count":41,"href":"https:\/\/annexeromainville.com\/index.php\/wp-json\/wp\/v2\/pages\/5298\/revisions"}],"predecessor-version":[{"id":6368,"href":"https:\/\/annexeromainville.com\/index.php\/wp-json\/wp\/v2\/pages\/5298\/revisions\/6368"}],"wp:attachment":[{"href":"https:\/\/annexeromainville.com\/index.php\/wp-json\/wp\/v2\/media?parent=5298"}],"curies":[{"name":"wp","href":"https:\/\/api.w.org\/{rel}","templated":true}]}}