{"id":5301,"date":"2021-05-28T15:44:44","date_gmt":"2021-05-28T14:44:44","guid":{"rendered":"http:\/\/annexeromainville.com\/?page_id=5301"},"modified":"2021-06-22T15:50:00","modified_gmt":"2021-06-22T14:50:00","slug":"culture-sur-rue-2021","status":"publish","type":"page","link":"https:\/\/annexeromainville.com\/index.php\/culture-sur-rue-2021\/","title":{"rendered":"Culture sur Rue 2021"},"content":{"rendered":"<div id=\"pl-5301\"  class=\"panel-layout\" ><div id=\"pg-5301-0\"  class=\"panel-grid panel-no-style\" ><div id=\"pgc-5301-0-0\"  class=\"panel-grid-cell\" ><div id=\"panel-5301-0-0-0\" class=\"so-panel widget widget_sow-image panel-first-child panel-last-child\" data-index=\"0\" ><div\n\t\t\t\n\t\t\tclass=\"so-widget-sow-image so-widget-sow-image-default-8b5b6f678277-5301\"\n\t\t\t\n\t\t>\n<div class=\"sow-image-container\">\n\t\t<img \n\tsrc=\"https:\/\/annexeromainville.com\/wp-content\/uploads\/2021\/05\/Carre-Logo-Culture-sur-rue-2021.png\" width=\"888\" height=\"888\" srcset=\"https:\/\/annexeromainville.com\/wp-content\/uploads\/2021\/05\/Carre-Logo-Culture-sur-rue-2021.png 888w, https:\/\/annexeromainville.com\/wp-content\/uploads\/2021\/05\/Carre-Logo-Culture-sur-rue-2021-300x300.png 300w, https:\/\/annexeromainville.com\/wp-content\/uploads\/2021\/05\/Carre-Logo-Culture-sur-rue-2021-150x150.png 150w, https:\/\/annexeromainville.com\/wp-content\/uploads\/2021\/05\/Carre-Logo-Culture-sur-rue-2021-768x768.png 768w\" sizes=\"(max-width: 888px) 100vw, 888px\" title=\"Carr\u00e9 Logo Culture sur rue 2021\" alt=\"\" loading=\"lazy\" \t\tclass=\"so-widget-image\"\/>\n\t<\/div>\n\n<\/div><\/div><\/div><div id=\"pgc-5301-0-1\"  class=\"panel-grid-cell\" ><div id=\"panel-5301-0-1-0\" class=\"so-panel widget widget_sow-editor panel-first-child panel-last-child\" data-index=\"1\" ><div\n\t\t\t\n\t\t\tclass=\"so-widget-sow-editor so-widget-sow-editor-base\"\n\t\t\t\n\t\t>\n<div class=\"siteorigin-widget-tinymce textwidget\">\n\t<h3><span style=\"color: #000000;\"><em><strong>Culture sur Rue<\/strong><\/em>,<\/span><\/h3>\n<p><span style=\"color: #000000;\">Dimanche <strong>27 Juin 2021<\/strong>, <strong>10h \u00e0 19<\/strong><strong>h<\/strong><\/span><br \/>\n<span style=\"color: #000000;\">Pour tous,<strong> Spectacles, ateliers, concerts et initiations.<\/strong> <\/span><\/p>\n<div class=\"gl3lb2sf\">&nbsp;<\/div>\n<div class=\"dati1w0a hv4rvrfc\">\n<div class=\"kvgmc6g5 cxmmr5t8 oygrvhab hcukyx3x c1et5uql\" style=\"text-align: justify;\"><span style=\"color: #000000;\">Festival annuel de l'Annexe, Culture sur Rue m\u00eale concerts, danse, chant, spectacles, marionnettes, photographie, ateliers d'\u00e9criture et plus encore ! Situ\u00e9 au c\u0153ur de l'Esplanade Cachin \u00e0 Romainville, le festival s'accompagne \u00e9galement d'un vide-greniers ! <\/span><br \/>\n<span style=\"color: #000000;\">Toutes les activit\u00e9s sont gratuites et enfants comme adultes pourront y trouver leur bonheur. Venez nombreux !<\/span><\/div>\n<\/div>\n<p>&nbsp;<\/p>\n<\/div>\n<\/div><\/div><\/div><\/div><div id=\"pg-5301-1\"  class=\"panel-grid panel-no-style\" ><div id=\"pgc-5301-1-0\"  class=\"panel-grid-cell\" ><div id=\"panel-5301-1-0-0\" class=\"so-panel widget widget_sow-button panel-first-child panel-last-child\" data-index=\"2\" ><div\n\t\t\t\n\t\t\tclass=\"so-widget-sow-button so-widget-sow-button-atom-857739567c6a-5301\"\n\t\t\t\n\t\t><div class=\"ow-button-base ow-button-align-center\"\n>\n\t\t\t<a\n\t\t\t\tclass=\"sowb-button ow-icon-placement-left ow-button-hover\" \t>\n\t\t<span>\n\t\t\t<span class=\"sow-icon-ionicons\" data-sow-icon=\"&#xf375;\"\n\t\tstyle=\"color: #dd9933\" \n\t\taria-hidden=\"true\"><\/span>\n\t\t\tGratuit pour Tous\t\t<\/span>\n\t\t\t<\/a>\n\t<\/div>\n<\/div><\/div><\/div><\/div><div id=\"pg-5301-2\"  class=\"panel-grid panel-no-style\" ><div id=\"pgc-5301-2-0\"  class=\"panel-grid-cell\" ><div id=\"panel-5301-2-0-0\" class=\"so-panel widget widget_sow-image panel-first-child panel-last-child\" data-index=\"3\" ><div\n\t\t\t\n\t\t\tclass=\"so-widget-sow-image so-widget-sow-image-default-8b5b6f678277-5301\"\n\t\t\t\n\t\t>\n<div class=\"sow-image-container\">\n\t\t<img \n\tsrc=\"https:\/\/annexeromainville.com\/wp-content\/uploads\/2021\/06\/plaquette-w-marionnette-verso-scaled.jpg\" width=\"2560\" height=\"1365\" srcset=\"https:\/\/annexeromainville.com\/wp-content\/uploads\/2021\/06\/plaquette-w-marionnette-verso-scaled.jpg 2560w, https:\/\/annexeromainville.com\/wp-content\/uploads\/2021\/06\/plaquette-w-marionnette-verso-300x160.jpg 300w, https:\/\/annexeromainville.com\/wp-content\/uploads\/2021\/06\/plaquette-w-marionnette-verso-1024x546.jpg 1024w, https:\/\/annexeromainville.com\/wp-content\/uploads\/2021\/06\/plaquette-w-marionnette-verso-768x409.jpg 768w, https:\/\/annexeromainville.com\/wp-content\/uploads\/2021\/06\/plaquette-w-marionnette-verso-1536x819.jpg 1536w, https:\/\/annexeromainville.com\/wp-content\/uploads\/2021\/06\/plaquette-w-marionnette-verso-2048x1092.jpg 2048w\" sizes=\"(max-width: 2560px) 100vw, 2560px\" title=\"plaquette w marionnette verso\" alt=\"\" loading=\"lazy\" \t\tclass=\"so-widget-image\"\/>\n\t<\/div>\n\n<\/div><\/div><\/div><\/div><div id=\"pg-5301-3\"  class=\"panel-grid panel-no-style\" ><div id=\"pgc-5301-3-0\"  class=\"panel-grid-cell\" ><div id=\"panel-5301-3-0-0\" class=\"so-panel widget widget_sow-image panel-first-child panel-last-child\" data-index=\"4\" ><div\n\t\t\t\n\t\t\tclass=\"so-widget-sow-image so-widget-sow-image-default-8b5b6f678277-5301\"\n\t\t\t\n\t\t>\n<div class=\"sow-image-container\">\n\t\t<img \n\tsrc=\"https:\/\/annexeromainville.com\/wp-content\/uploads\/2021\/06\/DMPC-scaled.jpg\" width=\"2560\" height=\"2560\" srcset=\"https:\/\/annexeromainville.com\/wp-content\/uploads\/2021\/06\/DMPC-scaled.jpg 2560w, https:\/\/annexeromainville.com\/wp-content\/uploads\/2021\/06\/DMPC-300x300.jpg 300w, https:\/\/annexeromainville.com\/wp-content\/uploads\/2021\/06\/DMPC-1024x1024.jpg 1024w, https:\/\/annexeromainville.com\/wp-content\/uploads\/2021\/06\/DMPC-150x150.jpg 150w, https:\/\/annexeromainville.com\/wp-content\/uploads\/2021\/06\/DMPC-768x768.jpg 768w, https:\/\/annexeromainville.com\/wp-content\/uploads\/2021\/06\/DMPC-1536x1536.jpg 1536w, https:\/\/annexeromainville.com\/wp-content\/uploads\/2021\/06\/DMPC-2048x2048.jpg 2048w\" sizes=\"(max-width: 2560px) 100vw, 2560px\" title=\"DMPC\" alt=\"\" loading=\"lazy\" \t\tclass=\"so-widget-image\"\/>\n\t<\/div>\n\n<\/div><\/div><\/div><div id=\"pgc-5301-3-1\"  class=\"panel-grid-cell\" ><div id=\"panel-5301-3-1-0\" class=\"so-panel widget widget_sow-editor panel-first-child panel-last-child\" data-index=\"5\" ><div\n\t\t\t\n\t\t\tclass=\"so-widget-sow-editor so-widget-sow-editor-base\"\n\t\t\t\n\t\t>\n<div class=\"siteorigin-widget-tinymce textwidget\">\n\t<div class=\"dati1w0a hv4rvrfc\">\n<div class=\"kvgmc6g5 cxmmr5t8 oygrvhab hcukyx3x c1et5uql\" style=\"text-align: justify;\"><span style=\"color: #000000;\">Inscrivez-vous \u00e9galement \u00e0 l'atelier \"Crufiture\" ! De 15h \u00e0 16h et de 16h \u00e0 17h,<br \/>\n<\/span><\/div>\n<div>Pour se faire,<\/div>\n<div>&nbsp;<\/div>\n<div class=\"kvgmc6g5 cxmmr5t8 oygrvhab hcukyx3x c1et5uql\" style=\"text-align: justify;\">\n<p>Je reviens vers vous suite \u00e0 notre \u00e9change de ce matin pour vous transmettre le devis et la feuille de route de l\u2019atelier \u00ab&nbsp;Crufiture&nbsp;\u00bb.<\/p>\n<p>&nbsp;<\/p>\n<p>Bao-Anh a pu faire le point avec C\u00e9cile \u2013 notre incub\u00e9e en charge de l\u2019animation \u2013 qui est d\u2019accord pour adapter le contenu comme suit&nbsp;:<\/p>\n<p>A partir de 15h00, 2 x 60 minutes d\u2019atelier pour 2 x 5 participant.e.s (tout public) \u2013 id\u00e9alement avec inscription \u00e0 l\u2019avance via votre association.<\/p>\n<\/div>\n<\/div>\n<p>&nbsp;<\/p>\n<\/div>\n<\/div><\/div><\/div><\/div><\/div>","protected":false},"excerpt":{"rendered":"<p>Culture sur Rue, Dimanche 27 Juin 2021, 10h \u00e0 19h Pour tous, Spectacles, ateliers, concerts et initiations. &nbsp; Festival annuel de l&#8217;Annexe, Culture sur Rue m\u00eale concerts, danse, chant, spectacles,<span class=\"read-more-wrap\"><a class=\"moretag\" href=\"https:\/\/annexeromainville.com\/index.php\/culture-sur-rue-2021\/\">Lire la suite<span class=\"screen-reader-text\">Culture sur Rue 2021<\/span><\/a><\/span><\/p>\n","protected":false},"author":2,"featured_media":0,"parent":0,"menu_order":0,"comment_status":"closed","ping_status":"closed","template":"","meta":{"_bbp_topic_count":0,"_bbp_reply_count":0,"_bbp_total_topic_count":0,"_bbp_total_reply_count":0,"_bbp_voice_count":0,"_bbp_anonymous_reply_count":0,"_bbp_topic_count_hidden":0,"_bbp_reply_count_hidden":0,"_bbp_forum_subforum_count":0,"ngg_post_thumbnail":0},"_links":{"self":[{"href":"https:\/\/annexeromainville.com\/index.php\/wp-json\/wp\/v2\/pages\/5301"}],"collection":[{"href":"https:\/\/annexeromainville.com\/index.php\/wp-json\/wp\/v2\/pages"}],"about":[{"href":"https:\/\/annexeromainville.com\/index.php\/wp-json\/wp\/v2\/types\/page"}],"author":[{"embeddable":true,"href":"https:\/\/annexeromainville.com\/index.php\/wp-json\/wp\/v2\/users\/2"}],"replies":[{"embeddable":true,"href":"https:\/\/annexeromainville.com\/index.php\/wp-json\/wp\/v2\/comments?post=5301"}],"version-history":[{"count":16,"href":"https:\/\/annexeromainville.com\/index.php\/wp-json\/wp\/v2\/pages\/5301\/revisions"}],"predecessor-version":[{"id":5319,"href":"https:\/\/annexeromainville.com\/index.php\/wp-json\/wp\/v2\/pages\/5301\/revisions\/5319"}],"wp:attachment":[{"href":"https:\/\/annexeromainville.com\/index.php\/wp-json\/wp\/v2\/media?parent=5301"}],"curies":[{"name":"wp","href":"https:\/\/api.w.org\/{rel}","templated":true}]}}