{"id":5488,"date":"2021-08-20T17:09:19","date_gmt":"2021-08-20T16:09:19","guid":{"rendered":"http:\/\/annexeromainville.com\/?page_id=5488"},"modified":"2022-05-05T15:21:51","modified_gmt":"2022-05-05T14:21:51","slug":"revanche-2","status":"publish","type":"page","link":"https:\/\/annexeromainville.com\/index.php\/revanche-2\/","title":{"rendered":"REVANCHE"},"content":{"rendered":"<div id=\"pl-5488\"  class=\"panel-layout\" ><div id=\"pg-5488-0\"  class=\"panel-grid panel-no-style\" ><div id=\"pgc-5488-0-0\"  class=\"panel-grid-cell\" ><div id=\"panel-5488-0-0-0\" class=\"so-panel widget widget_sow-image panel-first-child panel-last-child\" data-index=\"0\" ><div\n\t\t\t\n\t\t\tclass=\"so-widget-sow-image so-widget-sow-image-default-8b5b6f678277-5488\"\n\t\t\t\n\t\t>\n<div class=\"sow-image-container\">\n\t\t<img \n\tsrc=\"https:\/\/annexeromainville.com\/wp-content\/uploads\/2021\/09\/AFFICHE-A1-JETZT-REVANCHE.png\" width=\"1684\" height=\"2384\" srcset=\"https:\/\/annexeromainville.com\/wp-content\/uploads\/2021\/09\/AFFICHE-A1-JETZT-REVANCHE.png 1684w, https:\/\/annexeromainville.com\/wp-content\/uploads\/2021\/09\/AFFICHE-A1-JETZT-REVANCHE-212x300.png 212w, https:\/\/annexeromainville.com\/wp-content\/uploads\/2021\/09\/AFFICHE-A1-JETZT-REVANCHE-723x1024.png 723w, https:\/\/annexeromainville.com\/wp-content\/uploads\/2021\/09\/AFFICHE-A1-JETZT-REVANCHE-768x1087.png 768w, https:\/\/annexeromainville.com\/wp-content\/uploads\/2021\/09\/AFFICHE-A1-JETZT-REVANCHE-1085x1536.png 1085w, https:\/\/annexeromainville.com\/wp-content\/uploads\/2021\/09\/AFFICHE-A1-JETZT-REVANCHE-1447x2048.png 1447w\" sizes=\"(max-width: 1684px) 100vw, 1684px\" title=\"AFFICHE A1 JETZT REVANCHE\" alt=\"\" loading=\"lazy\" \t\tclass=\"so-widget-image\"\/>\n\t<\/div>\n\n<\/div><\/div><\/div><div id=\"pgc-5488-0-1\"  class=\"panel-grid-cell\" ><div id=\"panel-5488-0-1-0\" class=\"so-panel widget widget_sow-editor panel-first-child panel-last-child\" data-index=\"1\" ><div\n\t\t\t\n\t\t\tclass=\"so-widget-sow-editor so-widget-sow-editor-base\"\n\t\t\t\n\t\t>\n<div class=\"siteorigin-widget-tinymce textwidget\">\n\t<p style=\"text-align: justify;\"><span style=\"color: #000000;\"><strong>Le 8 Avril 2022<\/strong><\/span><span style=\"color: #000000;\"><strong>, 20H<\/strong><\/span><br \/>\n<span style=\"color: #000000;\">Ouverture des portes \u00e0 19h40<\/span><span style=\"color: #000000;\"> &nbsp;&nbsp;&nbsp;&nbsp;&nbsp;&nbsp;&nbsp;&nbsp;&nbsp;&nbsp;&nbsp;&nbsp;&nbsp;&nbsp;&nbsp;&nbsp;&nbsp;&nbsp;&nbsp;&nbsp;&nbsp;&nbsp;&nbsp;&nbsp;&nbsp;&nbsp;&nbsp;&nbsp;&nbsp;&nbsp;&nbsp;&nbsp;&nbsp;&nbsp;&nbsp;&nbsp;&nbsp;&nbsp;&nbsp;&nbsp; <\/span><\/p>\n<p><span style=\"color: #000000;\">Production : <strong>La Compagnie JETZT<\/strong><\/span><br \/>\n<span style=\"color: #000000;\">Texte de <b>Marjorie fabre<\/b><\/span><br \/>\n<span style=\"color: #000000;\">Mise en Espace de <strong>D\u00e9borah Banoun<\/strong><\/span><br \/>\n<span style=\"color: #000000;\">Avec<strong> Thomas Badinot, Theresa Berger, Maxime Bout\u00e9raon, Stefania Carmen Misaila<\/strong><\/span><\/p>\n<p style=\"text-align: justify;\"><span style=\"color: #000000;\"><span style=\"text-decoration: underline;\">DUR\u00c9E<\/span> : 1h15<\/span><br \/>\n<span style=\"color: #000000;\"><span style=\"text-decoration: underline;\">\u00c2GE<\/span> : \u00e0 partir de 11 ans<\/span><\/p>\n<p style=\"text-align: justify;\"><em><span style=\"color: #000000;\">Tom ne supporte plus que des \u00e9l\u00e8ves au coll\u00e8ge imposent leur loi. Avec ses amis, il d\u00e9cide de s\u2019unir \u00e0 tous les malmen\u00e9s, les mis de c\u00f4t\u00e9, les boucs \u00e9missaires pour que plus personne n\u2019ait \u00e0 subir. Le groupe Revanche est cr\u00e9\u00e9. Leurs actions, sign\u00e9es du R rouge, inqui\u00e8tent ceux qui avant les tyrannisaient et installent progressivement le calme au coll\u00e8ge. Mais tr\u00e8s vite les jalousies, les jeux de pouvoir d\u00e9stabilisent le groupe jusqu\u2019\u00e0 entra\u00eener une scission, les anciens alli\u00e9s deviennent des ennemis, tandis que les ennemis de toujours cherchent \u00e0 se venger.<\/span><\/em><\/p>\n<p style=\"text-align: justify;\"><em><span style=\"color: #000000;\">Revanche, c\u2019est pour toutes les fois au coll\u00e8ge o\u00f9 on s\u2019est senti exclu, rejet\u00e9, o\u00f9 on n\u2019a pas voulu de nous dans le groupe, parce qu\u2019on n\u2019\u00e9tait \u00ab pas assez ci \u00bb ou \u00ab trop \u00e7a \u00bb.<br \/>\n<\/span><\/em><\/p>\n<p style=\"text-align: justify;\"><em><span style=\"color: #000000;\">Revanche, pi\u00e8ce jeunesse, a \u00e9t\u00e9 mise en voix dans le cadre de l\u2019\u00e9dition <\/span><span style=\"color: #000000;\">2018 du festival L\u2019\u00c9t\u00e9 en automne et de l\u2019op\u00e9ration Th\u00e9\u00e2tre en REP. Elle <\/span><span style=\"color: #000000;\">est publi\u00e9e aux \u00e9ditions Koin\u00e8 en janvier 2019 et fait partie des Tops et <\/span><span style=\"color: #000000;\">Bonnes Lectures du comit\u00e9 du Salon jeunesse de Montreuil.<\/span><\/em><\/p>\n<p style=\"text-align: justify;\"><em><span style=\"color: #000000;\">Le texte obtient en 2019 l\u2019 Aide \u00e0 la cr\u00e9ation de texte dramatique d\u2019Artcena.<\/span><\/em><\/p>\n<p style=\"text-align: justify;\">&nbsp;<\/p>\n<p style=\"text-align: justify;\"><span style=\"color: #000000;\">&nbsp;<\/span><\/p>\n<p style=\"text-align: justify;\"><span style=\"color: #000000;\"><a href=\"http:\/\/annexeromainville.com\/wp-content\/uploads\/2020\/12\/Dossier-artistique-REPERTOIRE-Cie-Jetzt.pdf\">Dossier Artistique<\/a> \/ Dossier de Presse<\/span><\/p>\n<\/div>\n<\/div><\/div><\/div><\/div><div id=\"pg-5488-1\"  class=\"panel-grid panel-no-style\" ><div id=\"pgc-5488-1-0\"  class=\"panel-grid-cell panel-grid-cell-empty\" ><\/div><div id=\"pgc-5488-1-1\"  class=\"panel-grid-cell\" ><div id=\"panel-5488-1-1-0\" class=\"so-panel widget widget_sow-button panel-first-child\" data-index=\"2\" ><div\n\t\t\t\n\t\t\tclass=\"so-widget-sow-button so-widget-sow-button-wire-e7929c76966e-5488\"\n\t\t\t\n\t\t><div class=\"ow-button-base ow-button-align-center\"\n>\n\t\t\t<a\n\t\t\t\t\thref=\"http:\/\/annexeromainville.com\/index.php\/reservation\/\"\n\t\t\t\t\tclass=\"sowb-button ow-icon-placement-left ow-button-hover\" target=\"_blank\" rel=\"noopener noreferrer\" \t>\n\t\t<span>\n\t\t\t<span class=\"sow-icon-ionicons\" data-sow-icon=\"&#xf373;\"\n\t\tstyle=\"color: #dd9933\" \n\t\taria-hidden=\"true\"><\/span>\n\t\t\tR\u00e9server\t\t<\/span>\n\t\t\t<\/a>\n\t<\/div>\n<\/div><\/div><div id=\"panel-5488-1-1-1\" class=\"so-panel widget widget_sow-image\" data-index=\"3\" ><div\n\t\t\t\n\t\t\tclass=\"so-widget-sow-image so-widget-sow-image-default-c67d20f9f743-5488\"\n\t\t\t\n\t\t>\n<div class=\"sow-image-container\">\n\t\t\t<a href=\"http:\/\/ciejetzt.blogspot.com\/\"\n\t\t\ttarget=\"_blank\" rel=\"noopener noreferrer\" \t\t>\n\t\t\t<img \n\tsrc=\"https:\/\/annexeromainville.com\/wp-content\/uploads\/2020\/08\/Logo-Site-Web-50x56-1.jpg\" width=\"56\" height=\"50\" sizes=\"(max-width: 56px) 100vw, 56px\" title=\"Logo Site Web 50&#215;56\" alt=\"\" loading=\"lazy\" \t\tclass=\"so-widget-image\"\/>\n\t\t\t<\/a><\/div>\n\n<\/div><\/div><div id=\"panel-5488-1-1-2\" class=\"so-panel widget widget_sow-image\" data-index=\"4\" ><div\n\t\t\t\n\t\t\tclass=\"so-widget-sow-image so-widget-sow-image-default-c67d20f9f743-5488\"\n\t\t\t\n\t\t>\n<div class=\"sow-image-container\">\n\t\t\t<a href=\"https:\/\/www.facebook.com\/laciejetzt\"\n\t\t\ttarget=\"_blank\" rel=\"noopener noreferrer\" \t\t>\n\t\t\t<img \n\tsrc=\"https:\/\/annexeromainville.com\/wp-content\/uploads\/2020\/08\/Logo-Facebook-50x50-1.png\" width=\"50\" height=\"50\" sizes=\"(max-width: 50px) 100vw, 50px\" title=\"Logo Facebook 50&#215;50\" alt=\"\" loading=\"lazy\" \t\tclass=\"so-widget-image\"\/>\n\t\t\t<\/a><\/div>\n\n<\/div><\/div><div id=\"panel-5488-1-1-3\" class=\"so-panel widget widget_sow-image panel-last-child\" data-index=\"5\" ><div\n\t\t\t\n\t\t\tclass=\"so-widget-sow-image so-widget-sow-image-default-3a2476c0e107-5488\"\n\t\t\t\n\t\t>\n<div class=\"sow-image-container\">\n\t\t\t<a href=\"https:\/\/www.instagram.com\/annexeromainville\/?hl=fr\"\n\t\t\ttarget=\"_blank\" rel=\"noopener noreferrer\" \t\t>\n\t\t\t<img \n\tsrc=\"https:\/\/annexeromainville.com\/wp-content\/uploads\/2020\/08\/Logo-Instagram-50x50-1.png\" width=\"50\" height=\"50\" sizes=\"(max-width: 50px) 100vw, 50px\" title=\"Logo Instagram 50&#215;50\" alt=\"\" loading=\"lazy\" \t\tclass=\"so-widget-image\"\/>\n\t\t\t<\/a><\/div>\n\n<\/div><\/div><\/div><div id=\"pgc-5488-1-2\"  class=\"panel-grid-cell panel-grid-cell-empty\" ><\/div><div id=\"pgc-5488-1-3\"  class=\"panel-grid-cell panel-grid-cell-empty\" ><\/div><div id=\"pgc-5488-1-4\"  class=\"panel-grid-cell panel-grid-cell-mobile-last\" ><div id=\"panel-5488-1-4-0\" class=\"so-panel widget widget_sow-image panel-first-child\" data-index=\"6\" ><div\n\t\t\t\n\t\t\tclass=\"so-widget-sow-image so-widget-sow-image-default-c67d20f9f743-5488\"\n\t\t\t\n\t\t>\n<div class=\"sow-image-container\">\n\t\t<img \n\tsrc=\"https:\/\/annexeromainville.com\/wp-content\/uploads\/2021\/01\/Capture-decran-2020-12-08-153711-189x300.png\" width=\"189\" height=\"300\" srcset=\"https:\/\/annexeromainville.com\/wp-content\/uploads\/2021\/01\/Capture-decran-2020-12-08-153711-189x300.png 189w, https:\/\/annexeromainville.com\/wp-content\/uploads\/2021\/01\/Capture-decran-2020-12-08-153711.png 198w\" sizes=\"(max-width: 189px) 100vw, 189px\" title=\"Capture d\u2019\u00e9cran 2020-12-08 153711\" alt=\"\" loading=\"lazy\" \t\tclass=\"so-widget-image\"\/>\n\t<\/div>\n\n<\/div><\/div><div id=\"panel-5488-1-4-1\" class=\"so-panel widget widget_sow-editor panel-last-child\" data-index=\"7\" ><div\n\t\t\t\n\t\t\tclass=\"so-widget-sow-editor so-widget-sow-editor-base\"\n\t\t\t\n\t\t>\n<div class=\"siteorigin-widget-tinymce textwidget\">\n\t<p style=\"text-align: center;\"><span style=\"color: #000000;\">&nbsp;<\/span><\/p>\n<\/div>\n<\/div><\/div><\/div><div id=\"pgc-5488-1-5\"  class=\"panel-grid-cell panel-grid-cell-empty\" ><\/div><\/div><div id=\"pg-5488-2\"  class=\"panel-grid panel-no-style\" ><div id=\"pgc-5488-2-0\"  class=\"panel-grid-cell\" ><div id=\"panel-5488-2-0-0\" class=\"so-panel widget widget_sow-editor panel-first-child\" data-index=\"8\" ><div\n\t\t\t\n\t\t\tclass=\"so-widget-sow-editor so-widget-sow-editor-base\"\n\t\t\t\n\t\t><h3 class=\"widget-title\">La Compagnie JETZT <\/h3>\n<div class=\"siteorigin-widget-tinymce textwidget\">\n\t<p><img loading=\"lazy\" class=\"alignnone size-medium wp-image-4065\" src=\"http:\/\/annexeromainville.com\/wp-content\/uploads\/2020\/10\/Logo-JETZT-Transparant-300x59.png\" alt=\"\" width=\"300\" height=\"59\" srcset=\"https:\/\/annexeromainville.com\/wp-content\/uploads\/2020\/10\/Logo-JETZT-Transparant-300x59.png 300w, https:\/\/annexeromainville.com\/wp-content\/uploads\/2020\/10\/Logo-JETZT-Transparant-768x150.png 768w, https:\/\/annexeromainville.com\/wp-content\/uploads\/2020\/10\/Logo-JETZT-Transparant.png 792w\" sizes=\"(max-width: 300px) 100vw, 300px\" \/><\/p>\n<p style=\"text-align: justify;\"><span style=\"color: #000000;\">Cr\u00e9\u00e9e en 1998, JETZT est une troupe d\u2019acteurs pluridisciplinaire. Implant\u00e9e sur le territoire de la Seine Saint Denis depuis Ao\u00fbt 2007, la direction artistique est assur\u00e9e depuis 2010 par D\u00e9borah Banoun.<\/span><\/p>\n<p style=\"text-align: justify;\"><span style=\"color: #000000;\">Les objectifs de la compagnie sont :<\/span><br \/>\n<span style=\"color: #000000;\">\u00b7 Proposer des spectacles ou l\u2019acteur est au centre et la sc\u00e9nographie au service du projet dramaturgique.<\/span><br \/>\n<span style=\"color: #000000;\">\u00b7 Privil\u00e9gier les auteurs contemporains,<\/span><br \/>\n<span style=\"color: #000000;\">\u00b7 D\u00e9fendre un th\u00e9\u00e2tre intelligent, provocateur, d\u00e9cal\u00e9, populaire.<\/span><br \/>\n<span style=\"color: #000000;\">\u00b7 Fabriquer des projets In Situ.<\/span><br \/>\n<span style=\"color: #000000;\">Depuis 2007, JETZT d\u00e9veloppe des actions p\u00e9dagogiques sur le territoire du 93, notamment sur les coll\u00e8ges et lyc\u00e9e de Romainville en partenariat avec la ville. JETZT, collabore avec Arcadi et Raviv (R\u00e9seau des Arts Vivants affili\u00e9 \u00e0 la Maison des R\u00e9seaux) sur les projets de mutualisation de comp\u00e9tences en Ile-de-France. Elle a b\u00e9n\u00e9fici\u00e9 en 2017 d\u2019un DLA avec la F.O.L 93. Elle est membre du r\u00e9seaux ACTES-IF depuis 2017 dans le cadre de son activit\u00e9 avec son lieu interm\u00e9diaire L\u2019ANNEXE.<\/span><\/p>\n<p style=\"text-align: justify;\"><span style=\"color: #000000;\">En septembre 2016, JETZT continue son implantation territoriale en ouvrant son lieu culturel et citoyen. Bas\u00e9 sur le principe de l\u2019\u00c9conomie Sociale et Solidaire et autour de la gouvernance participative, l\u2019Annexe est un lieu intimiste d\u2019exp\u00e9rimentation et de fabrique avec une programmation culturelle toute l\u2019ann\u00e9e, ainsi que des ateliers \u00e0 destination des adultes et des enfants.<\/span><\/p>\n<\/div>\n<\/div><\/div><div id=\"panel-5488-2-0-1\" class=\"so-panel widget widget_sow-editor panel-last-child\" data-index=\"9\" ><div\n\t\t\t\n\t\t\tclass=\"so-widget-sow-editor so-widget-sow-editor-base\"\n\t\t\t\n\t\t><h3 class=\"widget-title\">D\u00e9borah BANOUN<\/h3>\n<div class=\"siteorigin-widget-tinymce textwidget\">\n\t<p style=\"text-align: justify;\"><span style=\"color: #000000;\"><img loading=\"lazy\" class=\"alignnone size-medium wp-image-459\" src=\"http:\/\/annexeromainville.com\/wp-content\/uploads\/2016\/10\/M-DEBORAH-BANOUN-225x300.jpg\" alt=\"\" width=\"225\" height=\"300\" srcset=\"https:\/\/annexeromainville.com\/wp-content\/uploads\/2016\/10\/M-DEBORAH-BANOUN-225x300.jpg 225w, https:\/\/annexeromainville.com\/wp-content\/uploads\/2016\/10\/M-DEBORAH-BANOUN.jpg 300w\" sizes=\"(max-width: 225px) 100vw, 225px\" \/><\/span><\/p>\n<p style=\"text-align: justify;\"><span style=\"color: #000000;\">D\u00e9borah Banoun a une double formation. Elle se forme au cours Simon o\u00f9 elle obtient un 1er prix de com\u00e9die. Elle est aussi plasticienne form\u00e9e \u00e0 L\u2019\u00c9cole Nationale Sup\u00e9rieur des Beaux-Arts de Paris ou elle obtient son dipl\u00f4me de 1er cycle en tant que peintre. Riche de ces exp\u00e9riences elle souhaite s\u2019orienter vers la mise en sc\u00e8ne. Afin d\u2019asseoir ses connaissances, elle rentre comme stagiaire assistante \u00e0 la Com\u00e9die Fran\u00e7aise. Elle y rencontre Jean Michel Ribes avec qui elle travaille d\u2019abord en tant qu\u2019assistante \u00e0 la mise en sc\u00e8ne de 2000 \u00e0 2001, puis comme collaboratrice artistique de direction au Th\u00e9\u00e2tre du Rond-Point de 2001 \u00e0 2005. Elle y rencontre \u00e9galement de nombreux auteurs et metteurs en sc\u00e8ne avec lesquels elle collabore, dont William Mesguich, Lionel Spycher, Mohamed Rouabhi, Samuel Benchettrit\u2026<\/span><br \/>\n<span style=\"color: #000000;\">En 2005 elle est l\u2019une des collaboratrices artistiques de la Cie JETZT. Elle y cr\u00e9e en partenariat avec des metteurs en sc\u00e8ne et des auteurs notamment pour <em>Carnets en Marges<\/em> avec Nicolas Liautard (2005\/06), <em>Fitness<\/em> avec Jacques De Decker, <em>7 pieds sous terre<\/em> avec Lise Martin, cr\u00e9\u00e9 au Th\u00e9\u00e2tre de la Vieille Grille (2007\/08), <em>Kiss db ou l\u2019histoire d\u2019une mort sans fin<\/em> avec Elise Mc Leod et Lise Martin au Th\u00e9\u00e2tre Essa\u00efon (2009\/10). En 2012, elle collabore avec Eric Ruff de la Com\u00e9die fran\u00e7aise sur <em>Peer Gynt<\/em> , qui se jouera au Grand Palais. Etudiante en Master 2 de mise en sc\u00e8ne et dramaturgie \u00e0 Nanterre, elle travaille sous la direction de David Lescot, Fran\u00e7ois Rancillac, Daniel Jeannneteau, avant de sortir major de sa promotion. En 2012-2013, elle monte <em>Scapin Projet<\/em>, libre adaptation <em>Des fourberies de Scapin<\/em> de Moli\u00e8re et une maquette de <em>Fiction d\u2019Hiver<\/em> de No\u00eblle Renaude, ses premi\u00e8res mises en sc\u00e8ne qu\u2019elle signe seule comme directrice artistique. En 2014, D\u00e9borah Banoun se lance dans l\u2019\u00e9criture d\u2019une s\u00e9rie th\u00e9\u00e2trale, avec Anne Seiller, librement inspir\u00e9 du <em>Quai de Ouistreham<\/em> de Florence Aubenas. <em>Le Quai<\/em> , comportera 5 \u00e9pisodes de 45 minutes. Les deux premiers \u00e9pisodes seront cr\u00e9\u00e9s en 2014 au Th\u00e9\u00e2tre de Belleville et \u00e0 Gare au Th\u00e9\u00e2tre et jou\u00e9s jusqu\u2019en 2019 en int\u00e9gralit\u00e9 au Th\u00e9\u00e2tre 13 jardin.<\/span><\/p>\n<p style=\"text-align: justify;\"><span style=\"color: #000000;\">En 2016 elle ouvre L\u2019Annexe, fabrique culturelle \u00e0 la gouvernance participative, \u00e0 Romainville, en Seine Saint-Denis. Depuis, elle travaille \u00e0 la cr\u00e9ation de deux nouvelles cr\u00e9ations ; <em>Yalla !<\/em> de Sonia Ristic (cr\u00e9ation 2021), et <em>Grand conte pour enfants tristes<\/em> (cr\u00e9ation 2022), un jeune public m\u00ealant th\u00e9\u00e2tre, illustrations et multim\u00e9dia, dont est l\u2019autrice. Anim\u00e9e par l\u2019envie de relever des d\u00e9fis d\u2019\u00e9criture, elle monte aussi en 2020 des projets de contes pour enfant et d\u2019Ap\u00e9ro-Textes autour d\u2019\u0153uvres d\u2019auteurs \u00e9mergents contemporain.<\/span><\/p>\n<\/div>\n<\/div><\/div><\/div><div id=\"pgc-5488-2-1\"  class=\"panel-grid-cell\" ><div id=\"panel-5488-2-1-0\" class=\"so-panel widget widget_sow-editor panel-first-child\" data-index=\"10\" ><div\n\t\t\t\n\t\t\tclass=\"so-widget-sow-editor so-widget-sow-editor-base\"\n\t\t\t\n\t\t><h3 class=\"widget-title\">Thomas BADINOT<\/h3>\n<div class=\"siteorigin-widget-tinymce textwidget\">\n\t<p style=\"text-align: justify;\"><span style=\"color: #000000;\"><img loading=\"lazy\" class=\"alignnone size-full wp-image-4419\" src=\"http:\/\/annexeromainville.com\/wp-content\/uploads\/2021\/01\/thomas-badinot.jpg\" alt=\"\" width=\"120\" height=\"177\"\/>&nbsp;<\/span><\/p>\n<p style=\"text-align: justify;\"><span style=\"color: #000000;\">Il joue le r\u00f4le d\u2019un jeune sportif survolt\u00e9, d\u2019un alcoolique notoire puis d\u2019un p\u00e8re de famille amoral respectivement pour le collectif Klimax, Les Anges de la Jonqui\u00e8re, \u00e0 l\u2019espace Michel Simon ou encore au th\u00e9\u00e2tre du Marais. Depuis 2011, il est auteur, metteur en sc\u00e8ne et com\u00e9dien pour la compagnie A <\/span><span style=\"color: #000000;\">Cor et \u00e0 Cri avec laquelle il monte <em>L\u2019Odyss\u00e9e de Pierre<\/em>.<\/span><\/p>\n<\/div>\n<\/div><\/div><div id=\"panel-5488-2-1-1\" class=\"so-panel widget widget_sow-editor\" data-index=\"11\" ><div\n\t\t\t\n\t\t\tclass=\"so-widget-sow-editor so-widget-sow-editor-base\"\n\t\t\t\n\t\t><h3 class=\"widget-title\">Th\u00e9r\u00e9sa BERGER<\/h3>\n<div class=\"siteorigin-widget-tinymce textwidget\">\n\t<p style=\"text-align: justify;\"><span style=\"color: #000000;\">&nbsp;<\/span><span style=\"color: #000000;\"><img loading=\"lazy\" class=\"alignnone wp-image-4354 size-medium\" src=\"http:\/\/annexeromainville.com\/wp-content\/uploads\/2021\/01\/Theresa-Berger-226x300.jpg\" alt=\"\" width=\"226\" height=\"300\" srcset=\"https:\/\/annexeromainville.com\/wp-content\/uploads\/2021\/01\/Theresa-Berger-226x300.jpg 226w, https:\/\/annexeromainville.com\/wp-content\/uploads\/2021\/01\/Theresa-Berger.jpg 602w\" sizes=\"(max-width: 226px) 100vw, 226px\" \/><\/span><\/p>\n<div class=\"page\" title=\"Page 11\">\n<div class=\"layoutArea\">\n<div class=\"column\">\n<p>Th\u00e9r\u00e9sa Berger, se forme \u00e0 La Compagnie Maritime et l\u2019Ecole Charles Dullin. En 2010-2011, elle int\u00e8gre l\u2019Atelier Volant du Th\u00e9\u00e2tre National de Toulouse sous la direction de Laurent Pelly et rencontre notamment Jean Bellorini, Philippe Adrien, S\u00e9bastien Bournac, B\u00e9rang\u00e8re Vantusso, Thierry Roisin.<\/p>\n<p>Elle fut interpr\u00e8te pour Laurent Pelly, Aur\u00e9lien Bory, Sharon Fridman, La com- pagnie Juste i\u00e7i, Selma Muzet Herstr\u00f6m, l\u2019Association Amuon. Pour la Cie Dz\u2019onot, elle met en sc\u00e8ne et joue dans Il y a ceux qui d\u2019apr\u00e8s T\u00e9moins \u00e0 Charges et Sermons Joyeux de Jean-Pierre Sim\u00e9on et cr\u00e9e la performance Les Trois Gr\u00e2ces pour une interpr\u00e8te danseuse. Elle joue actuellement dans Le Quai mise en sc\u00e8ne par Debo-rah Banoun.<\/p>\n<p>En danse, elle a pu se former avec des intervenants tels que Nina Dipla, Be van Vark, La cie Rootlessroot, Raffaella Giordano, la Cie Maguy Marin.<br \/>\nEn 2013, elle fonde la Compagnie S\u2019en Revient avec Selin Alt\u0131parmak dans laquelle elle met en sc\u00e8ne, joue et con\u00e7oit le travail corporel. Pour leur pro- chaine cr\u00e9ation Borderline(s), elle re\u00e7oit la bourse du dispositif FORTE de la r\u00e9gion Ile de France.<\/p>\n<p>Elle dirige \u00e9galement pour diverses structures des ateliers en Th\u00e9\u00e2tre et Danse.<\/p>\n<\/div>\n<\/div>\n<\/div>\n<\/div>\n<\/div><\/div><div id=\"panel-5488-2-1-2\" class=\"so-panel widget widget_sow-editor panel-last-child\" data-index=\"12\" ><div\n\t\t\t\n\t\t\tclass=\"so-widget-sow-editor so-widget-sow-editor-base\"\n\t\t\t\n\t\t><h3 class=\"widget-title\">Marjorie FABRE<\/h3>\n<div class=\"siteorigin-widget-tinymce textwidget\">\n\t<p><span style=\"color: #000000;\"><img loading=\"lazy\" class=\"size-full wp-image-4409 alignleft\" src=\"http:\/\/annexeromainville.com\/wp-content\/uploads\/2021\/01\/marjorie-fabre.jpg\" alt=\"\" width=\"223\" height=\"226\"\/><\/span><\/p>\n<p style=\"text-align: justify;\"><span style=\"color: #000000;\">N\u00e9e en 1978, Marjorie Fabre est autrice, chor\u00e9graphe et danseuse.<\/span><br \/>\n<span style=\"color: #000000;\">Apr\u00e8s une formation en Lettres Modernes et en \u00c9tudes Th\u00e9\u00e2trales \u00e0 la Sorbonne, ses premiers spectacles au croisement de la danse et du th\u00e9\u00e2tre. \u00c0 partir de 2015, elle se consacre principalement \u00e0 l\u2019\u00e9criture dramatique. Sa pi\u00e8ce jeunesse <em>J\u2019accuses !&nbsp;<\/em> est publi\u00e9e aux \u00e9ditions Retz (in Petites Com\u00e9dies \u00e0 jouer, tome 1).<\/span><\/p>\n<p style=\"text-align: justify;\"><span style=\"color: #000000;\">En 2016, la premi\u00e8re version de <em>Range ton c\u0153ur et mange ta soupe<\/em>, pi\u00e8ce tout public, laur\u00e9ate du concours De l\u2019encre sur le feu pr\u00e9sid\u00e9 par David Lescot, est mise en maquette au Th\u00e9\u00e2tre 13\/Seine par Johanna <\/span><span style=\"color: #000000;\">Boy\u00e9.<\/span><br \/>\n<span style=\"color: #000000;\">En 2017, para\u00eet chez Color Gang la pi\u00e8ce <em>Refroidi<\/em>, une commande pour le recueil <em>Robots, clones et compagnie<\/em>. La version longue de Range ton c\u0153ur et mange ta soupe est laur\u00e9ate de l\u2019Aide \u00e0 la cr\u00e9ation de textes dramatiques \u2013 ARTCENA 2017, et fait partie des \u00ab Coups de c\u0153ur \u00bb 2018 du Th\u00e9\u00e2tre de la T\u00eate Noirel. Ce texte a \u00e9t\u00e9 \u00e9galement accompagn\u00e9 par le collectif \u00c0 Mots D\u00e9couverts, s\u00e9lectionn\u00e9 par le GRATT Ensemble pour son Marathon sc\u00e9nique transdisciplinaire et par l\u2019association ALT \u00ab Auteurs, Lecteurs et Th\u00e9\u00e2tre \u00bb.<\/span><\/p>\n<p style=\"text-align: justify;\">&nbsp;<\/p>\n<\/div>\n<\/div><\/div><\/div><\/div><div id=\"pg-5488-3\"  class=\"panel-grid panel-no-style\" ><div id=\"pgc-5488-3-0\"  class=\"panel-grid-cell\" ><div id=\"panel-5488-3-0-0\" class=\"so-panel widget widget_media_video panel-first-child panel-last-child\" data-index=\"13\" ><\/div><\/div><\/div><\/div>","protected":false},"excerpt":{"rendered":"<p>Le 8 Avril 2022, 20H Ouverture des portes \u00e0 19h40 &nbsp;&nbsp;&nbsp;&nbsp;&nbsp;&nbsp;&nbsp;&nbsp;&nbsp;&nbsp;&nbsp;&nbsp;&nbsp;&nbsp;&nbsp;&nbsp;&nbsp;&nbsp;&nbsp;&nbsp;&nbsp;&nbsp;&nbsp;&nbsp;&nbsp;&nbsp;&nbsp;&nbsp;&nbsp;&nbsp;&nbsp;&nbsp;&nbsp;&nbsp;&nbsp;&nbsp;&nbsp;&nbsp;&nbsp;&nbsp; Production : La Compagnie JETZT Texte de Marjorie fabre Mise en Espace de D\u00e9borah Banoun Avec Thomas Badinot, Theresa<span class=\"read-more-wrap\"><a class=\"moretag\" href=\"https:\/\/annexeromainville.com\/index.php\/revanche-2\/\">Lire la suite<span class=\"screen-reader-text\">REVANCHE<\/span><\/a><\/span><\/p>\n","protected":false},"author":2,"featured_media":0,"parent":0,"menu_order":0,"comment_status":"closed","ping_status":"closed","template":"","meta":{"_bbp_topic_count":0,"_bbp_reply_count":0,"_bbp_total_topic_count":0,"_bbp_total_reply_count":0,"_bbp_voice_count":0,"_bbp_anonymous_reply_count":0,"_bbp_topic_count_hidden":0,"_bbp_reply_count_hidden":0,"_bbp_forum_subforum_count":0,"ngg_post_thumbnail":0},"_links":{"self":[{"href":"https:\/\/annexeromainville.com\/index.php\/wp-json\/wp\/v2\/pages\/5488"}],"collection":[{"href":"https:\/\/annexeromainville.com\/index.php\/wp-json\/wp\/v2\/pages"}],"about":[{"href":"https:\/\/annexeromainville.com\/index.php\/wp-json\/wp\/v2\/types\/page"}],"author":[{"embeddable":true,"href":"https:\/\/annexeromainville.com\/index.php\/wp-json\/wp\/v2\/users\/2"}],"replies":[{"embeddable":true,"href":"https:\/\/annexeromainville.com\/index.php\/wp-json\/wp\/v2\/comments?post=5488"}],"version-history":[{"count":48,"href":"https:\/\/annexeromainville.com\/index.php\/wp-json\/wp\/v2\/pages\/5488\/revisions"}],"predecessor-version":[{"id":6900,"href":"https:\/\/annexeromainville.com\/index.php\/wp-json\/wp\/v2\/pages\/5488\/revisions\/6900"}],"wp:attachment":[{"href":"https:\/\/annexeromainville.com\/index.php\/wp-json\/wp\/v2\/media?parent=5488"}],"curies":[{"name":"wp","href":"https:\/\/api.w.org\/{rel}","templated":true}]}}