{"id":5549,"date":"2021-08-20T15:23:35","date_gmt":"2021-08-20T14:23:35","guid":{"rendered":"http:\/\/annexeromainville.com\/?page_id=5549"},"modified":"2022-01-31T14:32:17","modified_gmt":"2022-01-31T13:32:17","slug":"maman-jai-appris-a-nager","status":"publish","type":"page","link":"https:\/\/annexeromainville.com\/index.php\/maman-jai-appris-a-nager\/","title":{"rendered":"J&#8217;ai appris \u00e0 nager Maman !"},"content":{"rendered":"<div id=\"pl-5549\"  class=\"panel-layout\" ><div id=\"pg-5549-0\"  class=\"panel-grid panel-no-style\" ><div id=\"pgc-5549-0-0\"  class=\"panel-grid-cell\" ><div id=\"panel-5549-0-0-0\" class=\"so-panel widget widget_sow-editor panel-first-child panel-last-child\" data-index=\"0\" ><div\n\t\t\t\n\t\t\tclass=\"so-widget-sow-editor so-widget-sow-editor-base\"\n\t\t\t\n\t\t>\n<div class=\"siteorigin-widget-tinymce textwidget\">\n\t<h3 style=\"text-align: center;\">De Ma\u00efe Degove<\/h3>\n<\/div>\n<\/div><\/div><\/div><\/div><div id=\"pg-5549-1\"  class=\"panel-grid panel-no-style\" ><div id=\"pgc-5549-1-0\"  class=\"panel-grid-cell\" ><div id=\"panel-5549-1-0-0\" class=\"so-panel widget widget_sow-image panel-first-child\" data-index=\"1\" ><div\n\t\t\t\n\t\t\tclass=\"so-widget-sow-image so-widget-sow-image-default-8b5b6f678277-5549\"\n\t\t\t\n\t\t><\/div><\/div><div id=\"panel-5549-1-0-1\" class=\"so-panel widget widget_sow-editor panel-last-child\" data-index=\"2\" ><div\n\t\t\t\n\t\t\tclass=\"so-widget-sow-editor so-widget-sow-editor-base\"\n\t\t\t\n\t\t>\n<div class=\"siteorigin-widget-tinymce textwidget\">\n\t<p style=\"text-align: justify;\"><span style=\"color: #000000;\"><strong>Le 4 F\u00e9vrier 2022<\/strong><strong>, 15H<\/strong><\/span><br \/>\n<span style=\"color: #000000;\">Ouverture des portes \u00e0 14h40<\/span><\/p>\n<p><span style=\"color: black;\">Par <strong>La Compagnie BrutaFlor<\/strong><br \/>\n\u00c9criture et jeu : <strong>Ma\u00efe Degove<\/strong><br \/>\nMise en sc\u00e8ne : <strong>Flavia Lorenzi<\/strong><\/span><br \/>\n<span style=\"color: black;\">Sc\u00e9nographie &amp; Vid\u00e9o : <strong>Marion De Villechabrolle<\/strong><\/span><br \/>\n<span style=\"color: black;\">Musique : <strong>F\u00e9lix Loizillon<\/strong><\/span><br \/>\n<span style=\"color: black;\">Production : <strong>Cie BrutaFlor<\/strong><\/span><\/p>\n<p style=\"text-align: justify;\"><span style=\"color: #000000;\">Avec le soutien du CENTQUATRE-PARIS et du Th\u00e9\u00e2tre Paris Villette\/Grand Parquet dans leur dispositif d\u00e9di\u00e9 aux auteur.e.s \u00abRUE D\u2019AUBERVILLIERS\u00bb en partenariat avec la mairie du 19\u00e8me.<\/span><\/p>\n<p style=\"text-align: justify;\"><span style=\"color: #000000;\">Cette cr\u00e9ation est soutenue par&nbsp; L\u2019Annexe- Fabrique Artistique et Citoyenne, La Ferme Godier\/ Cie Issue de Secours, le Th\u00e9\u00e2tre Paris Villette, le CENTQUATRE-Paris, Mont\u00e9vid\u00e9o Centre d'Art, Le Lokal \/ Cie Jean-Michel Rabeux, Anis Gras le lieu de l'autre, dans le cadre d'accueil en r\u00e9sidences.<\/span><\/p>\n<p><span style=\"color: #000000;\"><span style=\"text-decoration: underline;\">DUR\u00c9E<\/span> : 1H<\/span><br \/>\n<span style=\"color: #000000;\"><span style=\"text-decoration: underline;\">\u00c2GE<\/span> : \u00e0 partir de 12 ans<\/span><\/p>\n<p style=\"text-align: justify;\"><span style=\"color: #000000;\">Un matin du mois d\u2019Ao\u00fbt 1996, j\u2019ai huit ans, je passe des vacances en France chez mon p\u00e8re, sous le soleil de plomb proven\u00e7al il m\u2019annonce : \u00ab J\u2019ai re\u00e7u un coup de fil de Santiago cette nuit, ta m\u00e8re est morte \u00bb. J\u2019explose de rire. Des ann\u00e9es plus tard je d\u00e9cide de faire du th\u00e9\u00e2tre de cette histoire, un r\u00e9cit aux allures de puzzle, entre la France, le Chili, l\u2019enfance et l\u2019\u00e2ge adulte.<\/span><\/p>\n<p style=\"text-align: justify;\"><span style=\"color: #000000;\">Dossier Artistique :&nbsp;<a href=\"http:\/\/annexeromainville.com\/wp-content\/uploads\/2021\/12\/Jaiapprisanagermaman-dossierartistique-.pdf\">http:\/\/annexeromainville.com\/wp-content\/uploads\/2021\/12\/Jaiapprisanagermaman-dossierartistique-.pdf<\/a><\/span><\/p>\n<\/div>\n<\/div><\/div><\/div><\/div><div id=\"pg-5549-2\"  class=\"panel-grid panel-no-style\" ><div id=\"pgc-5549-2-0\"  class=\"panel-grid-cell panel-grid-cell-empty\" ><\/div><div id=\"pgc-5549-2-1\"  class=\"panel-grid-cell\" ><div id=\"panel-5549-2-1-0\" class=\"so-panel widget widget_sow-button panel-first-child\" data-index=\"3\" ><div\n\t\t\t\n\t\t\tclass=\"so-widget-sow-button so-widget-sow-button-wire-e7929c76966e-5549\"\n\t\t\t\n\t\t><div class=\"ow-button-base ow-button-align-center\"\n>\n\t\t\t<a\n\t\t\t\t\thref=\"http:\/\/annexeromainville.com\/index.php\/reservation\/\"\n\t\t\t\t\tclass=\"sowb-button ow-icon-placement-left ow-button-hover\" target=\"_blank\" rel=\"noopener noreferrer\" \t>\n\t\t<span>\n\t\t\t<span class=\"sow-icon-ionicons\" data-sow-icon=\"&#xf373;\"\n\t\tstyle=\"color: #dd9933\" \n\t\taria-hidden=\"true\"><\/span>\n\t\t\tR\u00e9server\t\t<\/span>\n\t\t\t<\/a>\n\t<\/div>\n<\/div><\/div><div id=\"panel-5549-2-1-1\" class=\"so-panel widget widget_sow-image\" data-index=\"4\" ><div\n\t\t\t\n\t\t\tclass=\"so-widget-sow-image so-widget-sow-image-default-c67d20f9f743-5549\"\n\t\t\t\n\t\t>\n<div class=\"sow-image-container\">\n\t\t\t<a href=\"http:\/\/www.ciebrutaflor.com\/cie-brutaflor\/\"\n\t\t\ttarget=\"_blank\" rel=\"noopener noreferrer\" \t\t>\n\t\t\t<img \n\tsrc=\"https:\/\/annexeromainville.com\/wp-content\/uploads\/2020\/08\/Logo-Site-Web-50x56-1.jpg\" width=\"56\" height=\"50\" sizes=\"(max-width: 56px) 100vw, 56px\" title=\"Logo Site Web 50&#215;56\" alt=\"\" loading=\"lazy\" \t\tclass=\"so-widget-image\"\/>\n\t\t\t<\/a><\/div>\n\n<\/div><\/div><div id=\"panel-5549-2-1-2\" class=\"so-panel widget widget_sow-image panel-last-child\" data-index=\"5\" ><div\n\t\t\t\n\t\t\tclass=\"so-widget-sow-image so-widget-sow-image-default-c67d20f9f743-5549\"\n\t\t\t\n\t\t>\n<div class=\"sow-image-container\">\n\t\t\t<a href=\"https:\/\/www.facebook.com\/cie.brutaflor\/community\/\"\n\t\t\ttarget=\"_blank\" rel=\"noopener noreferrer\" \t\t>\n\t\t\t<img \n\tsrc=\"https:\/\/annexeromainville.com\/wp-content\/uploads\/2020\/08\/Logo-Facebook-50x50-1.png\" width=\"50\" height=\"50\" sizes=\"(max-width: 50px) 100vw, 50px\" title=\"Logo Facebook 50&#215;50\" alt=\"\" loading=\"lazy\" \t\tclass=\"so-widget-image\"\/>\n\t\t\t<\/a><\/div>\n\n<\/div><\/div><\/div><div id=\"pgc-5549-2-2\"  class=\"panel-grid-cell panel-grid-cell-empty\" ><\/div><div id=\"pgc-5549-2-3\"  class=\"panel-grid-cell panel-grid-cell-empty\" ><\/div><div id=\"pgc-5549-2-4\"  class=\"panel-grid-cell panel-grid-cell-mobile-last\" ><div id=\"panel-5549-2-4-0\" class=\"so-panel widget widget_sow-image panel-first-child\" data-index=\"6\" ><div\n\t\t\t\n\t\t\tclass=\"so-widget-sow-image so-widget-sow-image-default-c67d20f9f743-5549\"\n\t\t\t\n\t\t>\n<div class=\"sow-image-container\">\n\t\t<img \n\tsrc=\"https:\/\/annexeromainville.com\/wp-content\/uploads\/2021\/06\/cordilleredesandes99-300x210.jpeg\" width=\"300\" height=\"210\" srcset=\"https:\/\/annexeromainville.com\/wp-content\/uploads\/2021\/06\/cordilleredesandes99-300x210.jpeg 300w, https:\/\/annexeromainville.com\/wp-content\/uploads\/2021\/06\/cordilleredesandes99-1024x715.jpeg 1024w, https:\/\/annexeromainville.com\/wp-content\/uploads\/2021\/06\/cordilleredesandes99-768x536.jpeg 768w, https:\/\/annexeromainville.com\/wp-content\/uploads\/2021\/06\/cordilleredesandes99-1536x1073.jpeg 1536w, https:\/\/annexeromainville.com\/wp-content\/uploads\/2021\/06\/cordilleredesandes99.jpeg 1721w\" sizes=\"(max-width: 300px) 100vw, 300px\" alt=\"\" loading=\"lazy\" \t\tclass=\"so-widget-image\"\/>\n\t<\/div>\n\n<\/div><\/div><div id=\"panel-5549-2-4-1\" class=\"so-panel widget widget_sow-editor panel-last-child\" data-index=\"7\" ><div\n\t\t\t\n\t\t\tclass=\"so-widget-sow-editor so-widget-sow-editor-base\"\n\t\t\t\n\t\t>\n<div class=\"siteorigin-widget-tinymce textwidget\">\n\t<p style=\"text-align: center;\"><span style=\"color: #000000;\">Copyright :<\/span><\/p>\n<\/div>\n<\/div><\/div><\/div><div id=\"pgc-5549-2-5\"  class=\"panel-grid-cell panel-grid-cell-empty\" ><\/div><\/div><div id=\"pg-5549-3\"  class=\"panel-grid panel-no-style\" ><div id=\"pgc-5549-3-0\"  class=\"panel-grid-cell\" ><div id=\"panel-5549-3-0-0\" class=\"so-panel widget widget_sow-editor panel-first-child\" data-index=\"8\" ><div\n\t\t\t\n\t\t\tclass=\"so-widget-sow-editor so-widget-sow-editor-base\"\n\t\t\t\n\t\t><h3 class=\"widget-title\">La Compagnie BrutaFlor<\/h3>\n<div class=\"siteorigin-widget-tinymce textwidget\">\n\t<p style=\"text-align: justify;\"><span style=\"color: #000000;\">La compagnie BrutaFlor d\u00e9sire avant tout \u00eatre un lieu de rencontres et de partages autour de l\u2019art th\u00e9\u00e2tral, par le biais de la cr\u00e9ation de spectacles, mais \u00e9galement en s\u2019investissant dans la transmission de l\u2019art th\u00e9\u00e2tral.<\/span><\/p>\n<\/div>\n<\/div><\/div><div id=\"panel-5549-3-0-1\" class=\"so-panel widget widget_sow-editor\" data-index=\"9\" ><div\n\t\t\t\n\t\t\tclass=\"so-widget-sow-editor so-widget-sow-editor-base\"\n\t\t\t\n\t\t><h3 class=\"widget-title\">MA\u00cfE DEGOVE <\/h3>\n<div class=\"siteorigin-widget-tinymce textwidget\">\n\t<p style=\"text-align: justify;\"><span style=\"color: #000000;\"> <img loading=\"lazy\" class=\"size-medium wp-image-6393 alignleft\" src=\"http:\/\/annexeromainville.com\/wp-content\/uploads\/2021\/12\/Maie-D-0685344369-200x300.jpg\" alt=\"\" width=\"200\" height=\"300\" srcset=\"https:\/\/annexeromainville.com\/wp-content\/uploads\/2021\/12\/Maie-D-0685344369-200x300.jpg 200w, https:\/\/annexeromainville.com\/wp-content\/uploads\/2021\/12\/Maie-D-0685344369-683x1024.jpg 683w, https:\/\/annexeromainville.com\/wp-content\/uploads\/2021\/12\/Maie-D-0685344369-768x1151.jpg 768w, https:\/\/annexeromainville.com\/wp-content\/uploads\/2021\/12\/Maie-D-0685344369.jpg 800w\" sizes=\"(max-width: 200px) 100vw, 200px\" \/><\/span><\/p>\n<p style=\"text-align: justify;\"><span style=\"color: #000000;\">Ma\u00efe nourrit depuis l\u2019enfance un go\u00fbt pour l\u2019\u00e9criture, notamment l\u2019\u00e9criture de l\u2019intime, et se pla\u00eet \u00e0 noircir des carnets de pens\u00e9es, de bribes de vie, de voyages, J\u2019ai appris \u00e0 nager maman&nbsp;! est sa premi\u00e8re pi\u00e8ce en tant qu\u2019autrice, un seule en sc\u00e8ne \u00e0 l\u2019\u00e9criture hybride.<\/span><\/p>\n<p style=\"text-align: justify;\"><span style=\"color: #000000;\">Elle a un parcours universitaire en th\u00e9\u00e2tre et cin\u00e9ma, dans le cadre de celui-ci elle a \u00e9tudi\u00e9 un an au Qu\u00e9bec, effectu\u00e9 une recherche sur le th\u00e9\u00e2tre politique chilien et fait de nombreux stages notamment \u00e0 la mise en sc\u00e8ne aupr\u00e8s de Jo\u00ebl Pommerat.<\/span><\/p>\n<p style=\"text-align: justify;\"><span style=\"color: #000000;\">Elle a \u00e9galement une formation de com\u00e9dienne, conservatoire d\u2019art dramatique du 9<sup>\u00e8me<\/sup> \u00e0 Paris, stages de clown, de cin\u00e9ma. Elle participe en tant qu\u2019actrice \u00e0 des projets audiovisuels et travaille au sein de la compagnie BrutaFlor depuis 2012.<\/span><\/p>\n<\/div>\n<\/div><\/div><div id=\"panel-5549-3-0-2\" class=\"so-panel widget widget_sow-editor panel-last-child\" data-index=\"10\" ><div\n\t\t\t\n\t\t\tclass=\"so-widget-sow-editor so-widget-sow-editor-base\"\n\t\t\t\n\t\t><h3 class=\"widget-title\">MARION DE VILLECHABROLLE<\/h3>\n<div class=\"siteorigin-widget-tinymce textwidget\">\n\t<p style=\"text-align: justify;\"><span style=\"color: #000000;\">Dipl\u00f4m\u00e9e de l\u2019\u00c9cole Nationale des Arts D\u00e9coratifs de Paris en 2014, section sc\u00e9nographie, elle s\u2019int\u00e9resse et exp\u00e9rimente l\u2019espace, le temps et les volumes \u00e0 travers diff\u00e9rents m\u00e9diums, comme le papier, le bois, la r\u00e9sine, le textile mais aussi la vid\u00e9o, la performance, ou la voix. Elle travaille aussi en tant qu\u2019assistante d\u00e9coration pour le cin\u00e9ma ou la t\u00e9l\u00e9vision. Son premier film en tant que r\u00e9alisatrice, \u00abVitre\u00bb, raconte l\u2019histoire d\u2019un \u00eatre fictif qui cherche \u00e0 s\u2019approprier aussi bien les choses que les gens qui l\u2019entourent. Ses sculptures lui ressemblent, elles questionnent le vide et le plein, l\u2019attente, l\u2019immobilisme ou le mouvement et le voyage. La porosit\u00e9 et le tiraillement entre l\u2019int\u00e9rieur et l\u2019ext\u00e9rieur d\u2019un \u00eatre, de son corps ou d\u2019une existence ont toujours \u00e9t\u00e9 au centre de son travail, quel qu\u2019en soit le support, la sculpture comme le volume, en m\u00eame temps que la vid\u00e9o ou la mise en sc\u00e8ne. Elle r\u00e9alise ainsi plusieurs sc\u00e9nographies o\u00f9 cloisons et parois ne sont jamais vraiment opaques, peinant \u00e0 imposer une limite r\u00e9elle, elles permettent souvent un jeu ou recto-verso, se font face et finissent par se m\u00ealer.<\/span><\/p>\n<\/div>\n<\/div><\/div><\/div><div id=\"pgc-5549-3-1\"  class=\"panel-grid-cell\" ><div id=\"panel-5549-3-1-0\" class=\"so-panel widget widget_sow-editor panel-first-child\" data-index=\"11\" ><div\n\t\t\t\n\t\t\tclass=\"so-widget-sow-editor so-widget-sow-editor-base\"\n\t\t\t\n\t\t><h3 class=\"widget-title\">FLAVIA LORENZI<\/h3>\n<div class=\"siteorigin-widget-tinymce textwidget\">\n\t<p style=\"text-align: justify;\"><img loading=\"lazy\" class=\"size-medium wp-image-6392 alignleft\" src=\"http:\/\/annexeromainville.com\/wp-content\/uploads\/2021\/12\/Flavia-Lorenzi-portrait-200x300.jpeg\" alt=\"\" width=\"200\" height=\"300\" srcset=\"https:\/\/annexeromainville.com\/wp-content\/uploads\/2021\/12\/Flavia-Lorenzi-portrait-200x300.jpeg 200w, https:\/\/annexeromainville.com\/wp-content\/uploads\/2021\/12\/Flavia-Lorenzi-portrait-683x1024.jpeg 683w, https:\/\/annexeromainville.com\/wp-content\/uploads\/2021\/12\/Flavia-Lorenzi-portrait-768x1152.jpeg 768w, https:\/\/annexeromainville.com\/wp-content\/uploads\/2021\/12\/Flavia-Lorenzi-portrait.jpeg 1000w\" sizes=\"(max-width: 200px) 100vw, 200px\" \/><span style=\"color: #000000;\">D\u2019origine br\u00e9silienne, elle a v\u00e9cu dans la ville de S\u00e3o Paulo jusqu\u2019\u00e0 l\u2019\u00e2ge de 27 ans, o\u00f9 elle a fait ses \u00e9tudes d\u2019art dramatique en tant que com\u00e9dienne, et a suivi plusieurs formations de danse et improvisation. En 2004 elle fonde aux c\u00f4t\u00e9s d\u2019un groupe d\u2019artistes la compagnie Antikatartika Teatral, avec laquelle elle cr\u00e9e plusieurs spectacles en tant que com\u00e9dienne, et tourne dans tout le Br\u00e9sil.<\/span><br \/>\n<span style=\"color: #000000;\">En 2008 elle s\u2019installe \u00e0 Paris o\u00f9 elle obtient une ma\u00eetrise en \u00c9tudes Th\u00e9\u00e2trales, \u00e0 la Sorbonne- Nouvelle (Paris III), portant sur le th\u00e9\u00e2tre et la chor\u00e9graphie.<\/span><br \/>\n<span style=\"color: #000000;\">En 2012 elle fonde la compagnie de th\u00e9\u00e2tre BrutaFlor, dont le premier spectacle est \u00ab Fleur d\u2019Obsession \u00bb, d\u2019apr\u00e8s les \u0153uvres du dramaturge br\u00e9silien Nelson Rodrigues. En 2014 elle cr\u00e9e \u00ab Sujet pour une petite nouvelle, une variation de La Mouette de Tchekhov \u00bb. En juin et juillet 2018 elle participe en tant que metteure-en-sc\u00e8ne \u00e0 \u201cUn festival \u00e0 Viller\u00e9al\u201d et cr\u00e9\u00e9 \u00ab Antigone \u00bb d\u2019apr\u00e8s Berthold Brecht. En janvier 2019, avec la Cie BrutaFlor, elle cr\u00e9e \u00ab Les \u00e9toiles de notre ciel \u00bb au Th\u00e9\u00e2tre du Soleil. En 2020 elle met en sc\u00e8ne le solo \u00ab Nijinsky, ou la derni\u00e8re danse du Dieu Bleu \u00bb, avec le com\u00e9dien Arman Saribekyan.<\/span><br \/>\n<span style=\"color: #000000;\">Actuellement Fl\u00e1via dirig\u00e9 sa nouvelle cr\u00e9ation \u00ab Les H\u00e9ro\u00efdes \u00bb projet parrain\u00e9 par Mains D'\u0153uvres dans le cadre du Festival Fragments. Parall\u00e8lement, aux c\u00f4t\u00e9s de Ma\u00efe Degove, elle collabore en tant que metteure en sc\u00e8ne pour son solo d\u2019auto fiction \u00ab J\u2019ai appris \u00e0 nager maman! \u00bb, les deux projets port\u00e9s par la Cie BrutaFlor.<\/span><\/p>\n<\/div>\n<\/div><\/div><div id=\"panel-5549-3-1-1\" class=\"so-panel widget widget_sow-editor panel-last-child\" data-index=\"12\" ><div\n\t\t\t\n\t\t\tclass=\"so-widget-sow-editor so-widget-sow-editor-base\"\n\t\t\t\n\t\t><h3 class=\"widget-title\">F\u00c9LIX LOIZILLON<\/h3>\n<div class=\"siteorigin-widget-tinymce textwidget\">\n\t<p style=\"text-align: justify;\"><span style=\"color: #000000;\">F\u00e9lix Loizillon est n\u00e9 en 1996.<\/span><br \/>\n<span style=\"color: #000000;\">Apr\u00e8s des \u00e9tudes de philosophie, il compose la musique de plusieurs films (<em>Armstrong, Tifs<\/em> d\u2019In\u00e8s Loizillon, <em>Famille, Petit matin, L\u2019escalier <\/em>de Christophe Loizillon).&nbsp;&nbsp;<\/span><br \/>\n<span style=\"color: #000000;\">Il cr\u00e9\u00e9 en 2020, avec Fanny Paulhan (collaboratrice artistique et administratrice de production) la Cie Le Chameau, association pluridisciplinaire m\u00ealant th\u00e9\u00e2tre, musique et po\u00e9sie.<\/span><br \/>\n<span style=\"color: #000000;\">Il sort un EP <em>Armstrong and co<\/em> en d\u00e9cembre 2020.<\/span><br \/>\n<span style=\"color: #000000;\">Il cr\u00e9\u00e9 la m\u00eame ann\u00e9e son premier spectacle. <em>Nel mezzo<\/em> (soutenu par Le Doc&nbsp;!, Mains d\u2019\u0153uvres, La MJC Louis-Lepage Anis Gras et le Th\u00e9\u00e2tre des D\u00e9chargeurs) part d\u2019une lecture libre de <em>L\u2019Enfer <\/em>de Dante. Il pr\u00e9sente une attention particuli\u00e8re \u00e0 la mat\u00e9rialit\u00e9 du son et de l\u2019image en jouant sur ombres, projections, d\u00e9sint\u00e9grations sonores et visuelles.<\/span><br \/>\n<span style=\"color: #000000;\">Au printemps 2021, F\u00e9lix Loizillon entame une nouvelle cr\u00e9ation <em>Always on my mind<\/em>, \u00e0 partir d\u2019un po\u00e8me qu\u2019il a \u00e9crit. Il est soutenu par Anis Gras, le Th\u00e9\u00e2tre de l\u2019\u00c9changeur, le Cent-Quatre, le Th\u00e9\u00e2tre Paris-Villette et Lilas-en-sc\u00e8ne.<\/span><\/p>\n<\/div>\n<\/div><\/div><\/div><\/div><div id=\"pg-5549-4\"  class=\"panel-grid panel-no-style\" ><div id=\"pgc-5549-4-0\"  class=\"panel-grid-cell\" ><div id=\"panel-5549-4-0-0\" class=\"so-panel widget widget_media_video panel-first-child panel-last-child\" data-index=\"13\" ><\/div><\/div><\/div><\/div>","protected":false},"excerpt":{"rendered":"<p>De Ma\u00efe Degove Le 4 F\u00e9vrier 2022, 15H Ouverture des portes \u00e0 14h40 Par La Compagnie BrutaFlor \u00c9criture et jeu : Ma\u00efe Degove Mise en sc\u00e8ne : Flavia Lorenzi Sc\u00e9nographie<span class=\"read-more-wrap\"><a class=\"moretag\" href=\"https:\/\/annexeromainville.com\/index.php\/maman-jai-appris-a-nager\/\">Lire la suite<span class=\"screen-reader-text\">J&#8217;ai appris \u00e0 nager Maman !<\/span><\/a><\/span><\/p>\n","protected":false},"author":2,"featured_media":0,"parent":0,"menu_order":0,"comment_status":"closed","ping_status":"closed","template":"","meta":{"_bbp_topic_count":0,"_bbp_reply_count":0,"_bbp_total_topic_count":0,"_bbp_total_reply_count":0,"_bbp_voice_count":0,"_bbp_anonymous_reply_count":0,"_bbp_topic_count_hidden":0,"_bbp_reply_count_hidden":0,"_bbp_forum_subforum_count":0,"ngg_post_thumbnail":0},"_links":{"self":[{"href":"https:\/\/annexeromainville.com\/index.php\/wp-json\/wp\/v2\/pages\/5549"}],"collection":[{"href":"https:\/\/annexeromainville.com\/index.php\/wp-json\/wp\/v2\/pages"}],"about":[{"href":"https:\/\/annexeromainville.com\/index.php\/wp-json\/wp\/v2\/types\/page"}],"author":[{"embeddable":true,"href":"https:\/\/annexeromainville.com\/index.php\/wp-json\/wp\/v2\/users\/2"}],"replies":[{"embeddable":true,"href":"https:\/\/annexeromainville.com\/index.php\/wp-json\/wp\/v2\/comments?post=5549"}],"version-history":[{"count":25,"href":"https:\/\/annexeromainville.com\/index.php\/wp-json\/wp\/v2\/pages\/5549\/revisions"}],"predecessor-version":[{"id":6439,"href":"https:\/\/annexeromainville.com\/index.php\/wp-json\/wp\/v2\/pages\/5549\/revisions\/6439"}],"wp:attachment":[{"href":"https:\/\/annexeromainville.com\/index.php\/wp-json\/wp\/v2\/media?parent=5549"}],"curies":[{"name":"wp","href":"https:\/\/api.w.org\/{rel}","templated":true}]}}